{"id":37399,"date":"2026-03-03T11:03:06","date_gmt":"2026-03-03T14:03:06","guid":{"rendered":"https:\/\/ponteseditores.com.br\/loja3\/?post_type=product&#038;p=37399"},"modified":"2026-03-03T11:03:07","modified_gmt":"2026-03-03T14:03:07","slug":"convergencias-e-perspectivas-entre-letras-artes-e-ciencias-20-anos-da-alaccop","status":"publish","type":"product","link":"https:\/\/ponteseditores.com.br\/loja3\/pontes-editores-home-2__trashed\/ebook\/lancamento-e-book\/convergencias-e-perspectivas-entre-letras-artes-e-ciencias-20-anos-da-alaccop\/","title":{"rendered":"Converg\u00eancias e perspectivas entre Letras, Artes e Ci\u00eancias: 20 anos da ALACCOP"},"content":{"rendered":"<p>[&#8230;]<\/p>\n<p>Trata-se de uma busca coletiva \u2013 via imagin\u00e1rio \u2013 para traduzir esse nosso cotidiano pleno de contradi\u00e7\u00f5es: riso e choro, amor e desamor, paz e guerra, j\u00fabilos e vicissitudes&#8230; Enfim, a vida humana em sua plenitude, com suas dificuldades, mas tamb\u00e9m alegrias, encarada coletivamente pelos membros da Academia de Artes, Letras e Ci\u00eancias de Corn\u00e9lio Proc\u00f3pio (ALACCOP).<\/p>\n<p>Portanto, caro(a) leitor(a), s\u00e3o imagens da vida que encontrar\u00e1 nesta obra. N\u00e3o se trata de escritos exclusivamente liter\u00e1rios, d\u00b4avant garde, mas textos elaborados por acad\u00eamicas e acad\u00eamicos, de variados interesses e profiss\u00f5es, que buscaram construir reflex\u00f5es sobre os desafios contempor\u00e2neos, o que \u00e9 viver o ontem e o hoje conforme suas lentes, seus olhares, seus conheci\u00admentos e seus sentimentos.<\/p>\n<p>[&#8230;]<\/p>\n<p>Trata-se, ent\u00e3o, de busca concretizada em uma escritura, que ora se apresenta \u2013 e \u00e9 resultado de um trabalho coletivo \u2013, motivada pelos 20 anos da ALAC\u00adCOP, fruto de uma caminhada questionadora e que expressa as novas rela\u00e7\u00f5es humanas, \u201cas realidades imagin\u00e1rias [que] s\u00e3o extremamente importantes para conhecermos o ser humano\u201d, esse homem \u201csapiens\u201d (racional), \u201cdemens\u201d (fora de si) e \u201cludens\u201d (l\u00fadico\/criador cultural), como assevera Edgar Morin.<\/p>\n<p>&nbsp;<\/p>\n<p>Marilu Martens Oliveira<\/p>\n<p>Presidenta da ALACCOP (Gest\u00e3o 2024-2027)<\/p>\n","protected":false},"excerpt":{"rendered":"<p>[&#8230;] Trata-se de uma busca coletiva \u2013 via imagin\u00e1rio \u2013 para traduzir esse nosso cotidiano pleno de contradi\u00e7\u00f5es: riso e choro, amor e desamor, paz e guerra, j\u00fabilos e vicissitudes&#8230; Enfim, a vida humana em sua plenitude, com suas dificuldades, mas tamb\u00e9m alegrias, encarada coletivamente pelos membros da Academia de Artes, Letras e Ci\u00eancias de [&hellip;]<\/p>\n","protected":false},"featured_media":37401,"comment_status":"open","ping_status":"closed","template":"","meta":{"_joinchat":[]},"product_brand":[],"product_cat":[165,386],"product_tag":[],"class_list":{"0":"post-37399","1":"product","2":"type-product","3":"status-publish","4":"has-post-thumbnail","6":"product_cat-ebook","7":"product_cat-lancamento-e-book","9":"first","10":"instock","11":"downloadable","12":"virtual","13":"purchasable","14":"product-type-simple"},"yoast_head":"<!-- This site is optimized with the Yoast SEO plugin v27.4 - https:\/\/yoast.com\/product\/yoast-seo-wordpress\/ -->\n<title>Converg\u00eancias e perspectivas entre Letras, Artes e Ci\u00eancias: 20 anos da ALACCOP - Pontes Editores<\/title>\n<meta name=\"robots\" content=\"index, follow, max-snippet:-1, max-image-preview:large, max-video-preview:-1\" \/>\n<link rel=\"canonical\" href=\"https:\/\/ponteseditores.com.br\/loja3\/pontes-editores-home-2__trashed\/ebook\/lancamento-e-book\/convergencias-e-perspectivas-entre-letras-artes-e-ciencias-20-anos-da-alaccop\/\" \/>\n<meta property=\"og:locale\" content=\"pt_BR\" \/>\n<meta property=\"og:type\" content=\"article\" \/>\n<meta property=\"og:title\" content=\"Converg\u00eancias e perspectivas entre Letras, Artes e Ci\u00eancias: 20 anos da ALACCOP - Pontes Editores\" \/>\n<meta property=\"og:description\" content=\"[&#8230;] Trata-se de uma busca coletiva \u2013 via imagin\u00e1rio \u2013 para traduzir esse nosso cotidiano pleno de contradi\u00e7\u00f5es: riso e choro, amor e desamor, paz e guerra, j\u00fabilos e vicissitudes&#8230; Enfim, a vida humana em sua plenitude, com suas dificuldades, mas tamb\u00e9m alegrias, encarada coletivamente pelos membros da Academia de Artes, Letras e Ci\u00eancias de [&hellip;]\" \/>\n<meta property=\"og:url\" content=\"https:\/\/ponteseditores.com.br\/loja3\/pontes-editores-home-2__trashed\/ebook\/lancamento-e-book\/convergencias-e-perspectivas-entre-letras-artes-e-ciencias-20-anos-da-alaccop\/\" \/>\n<meta property=\"og:site_name\" content=\"Pontes Editores\" \/>\n<meta property=\"article:modified_time\" content=\"2026-03-03T14:03:07+00:00\" \/>\n<meta property=\"og:image\" content=\"https:\/\/ponteseditores.com.br\/loja3\/wp-content\/uploads\/2026\/03\/Capa_Convergencias-e-perspectivas.jpg\" \/>\n\t<meta property=\"og:image:width\" content=\"800\" \/>\n\t<meta property=\"og:image:height\" content=\"1159\" \/>\n\t<meta property=\"og:image:type\" content=\"image\/jpeg\" \/>\n<meta name=\"twitter:card\" content=\"summary_large_image\" \/>\n<meta name=\"twitter:label1\" content=\"Est. tempo de leitura\" \/>\n\t<meta name=\"twitter:data1\" content=\"2 minutos\" \/>\n<script type=\"application\/ld+json\" class=\"yoast-schema-graph\">{\"@context\":\"https:\\\/\\\/schema.org\",\"@graph\":[{\"@type\":\"WebPage\",\"@id\":\"https:\\\/\\\/ponteseditores.com.br\\\/loja3\\\/pontes-editores-home-2__trashed\\\/ebook\\\/lancamento-e-book\\\/convergencias-e-perspectivas-entre-letras-artes-e-ciencias-20-anos-da-alaccop\\\/\",\"url\":\"https:\\\/\\\/ponteseditores.com.br\\\/loja3\\\/pontes-editores-home-2__trashed\\\/ebook\\\/lancamento-e-book\\\/convergencias-e-perspectivas-entre-letras-artes-e-ciencias-20-anos-da-alaccop\\\/\",\"name\":\"Converg\u00eancias e perspectivas entre Letras, Artes e Ci\u00eancias: 20 anos da ALACCOP - Pontes Editores\",\"isPartOf\":{\"@id\":\"https:\\\/\\\/ponteseditores.com.br\\\/loja3\\\/#website\"},\"primaryImageOfPage\":{\"@id\":\"https:\\\/\\\/ponteseditores.com.br\\\/loja3\\\/pontes-editores-home-2__trashed\\\/ebook\\\/lancamento-e-book\\\/convergencias-e-perspectivas-entre-letras-artes-e-ciencias-20-anos-da-alaccop\\\/#primaryimage\"},\"image\":{\"@id\":\"https:\\\/\\\/ponteseditores.com.br\\\/loja3\\\/pontes-editores-home-2__trashed\\\/ebook\\\/lancamento-e-book\\\/convergencias-e-perspectivas-entre-letras-artes-e-ciencias-20-anos-da-alaccop\\\/#primaryimage\"},\"thumbnailUrl\":\"https:\\\/\\\/ponteseditores.com.br\\\/loja3\\\/wp-content\\\/uploads\\\/2026\\\/03\\\/Capa_Convergencias-e-perspectivas.jpg\",\"datePublished\":\"2026-03-03T14:03:06+00:00\",\"dateModified\":\"2026-03-03T14:03:07+00:00\",\"breadcrumb\":{\"@id\":\"https:\\\/\\\/ponteseditores.com.br\\\/loja3\\\/pontes-editores-home-2__trashed\\\/ebook\\\/lancamento-e-book\\\/convergencias-e-perspectivas-entre-letras-artes-e-ciencias-20-anos-da-alaccop\\\/#breadcrumb\"},\"inLanguage\":\"pt-BR\",\"potentialAction\":[{\"@type\":\"ReadAction\",\"target\":[\"https:\\\/\\\/ponteseditores.com.br\\\/loja3\\\/pontes-editores-home-2__trashed\\\/ebook\\\/lancamento-e-book\\\/convergencias-e-perspectivas-entre-letras-artes-e-ciencias-20-anos-da-alaccop\\\/\"]}]},{\"@type\":\"ImageObject\",\"inLanguage\":\"pt-BR\",\"@id\":\"https:\\\/\\\/ponteseditores.com.br\\\/loja3\\\/pontes-editores-home-2__trashed\\\/ebook\\\/lancamento-e-book\\\/convergencias-e-perspectivas-entre-letras-artes-e-ciencias-20-anos-da-alaccop\\\/#primaryimage\",\"url\":\"https:\\\/\\\/ponteseditores.com.br\\\/loja3\\\/wp-content\\\/uploads\\\/2026\\\/03\\\/Capa_Convergencias-e-perspectivas.jpg\",\"contentUrl\":\"https:\\\/\\\/ponteseditores.com.br\\\/loja3\\\/wp-content\\\/uploads\\\/2026\\\/03\\\/Capa_Convergencias-e-perspectivas.jpg\",\"width\":800,\"height\":1159},{\"@type\":\"BreadcrumbList\",\"@id\":\"https:\\\/\\\/ponteseditores.com.br\\\/loja3\\\/pontes-editores-home-2__trashed\\\/ebook\\\/lancamento-e-book\\\/convergencias-e-perspectivas-entre-letras-artes-e-ciencias-20-anos-da-alaccop\\\/#breadcrumb\",\"itemListElement\":[{\"@type\":\"ListItem\",\"position\":1,\"name\":\"Home\",\"item\":\"https:\\\/\\\/ponteseditores.com.br\\\/loja3\\\/\"},{\"@type\":\"ListItem\",\"position\":2,\"name\":\"loja\",\"item\":\"https:\\\/\\\/ponteseditores.com.br\\\/loja3\\\/loja\\\/\"},{\"@type\":\"ListItem\",\"position\":3,\"name\":\"Converg\u00eancias e perspectivas entre Letras, Artes e Ci\u00eancias: 20 anos da ALACCOP\"}]},{\"@type\":\"WebSite\",\"@id\":\"https:\\\/\\\/ponteseditores.com.br\\\/loja3\\\/#website\",\"url\":\"https:\\\/\\\/ponteseditores.com.br\\\/loja3\\\/\",\"name\":\"Pontes Editores\",\"description\":\"Pontes Editores\",\"publisher\":{\"@id\":\"https:\\\/\\\/ponteseditores.com.br\\\/loja3\\\/#organization\"},\"potentialAction\":[{\"@type\":\"SearchAction\",\"target\":{\"@type\":\"EntryPoint\",\"urlTemplate\":\"https:\\\/\\\/ponteseditores.com.br\\\/loja3\\\/?s={search_term_string}\"},\"query-input\":{\"@type\":\"PropertyValueSpecification\",\"valueRequired\":true,\"valueName\":\"search_term_string\"}}],\"inLanguage\":\"pt-BR\"},{\"@type\":\"Organization\",\"@id\":\"https:\\\/\\\/ponteseditores.com.br\\\/loja3\\\/#organization\",\"name\":\"Pontes Editores\",\"url\":\"https:\\\/\\\/ponteseditores.com.br\\\/loja3\\\/\",\"logo\":{\"@type\":\"ImageObject\",\"inLanguage\":\"pt-BR\",\"@id\":\"https:\\\/\\\/ponteseditores.com.br\\\/loja3\\\/#\\\/schema\\\/logo\\\/image\\\/\",\"url\":\"https:\\\/\\\/ponteseditores.com.br\\\/loja3\\\/wp-content\\\/uploads\\\/2023\\\/12\\\/logo-pontes-editores-v2.png\",\"contentUrl\":\"https:\\\/\\\/ponteseditores.com.br\\\/loja3\\\/wp-content\\\/uploads\\\/2023\\\/12\\\/logo-pontes-editores-v2.png\",\"width\":258,\"height\":100,\"caption\":\"Pontes Editores\"},\"image\":{\"@id\":\"https:\\\/\\\/ponteseditores.com.br\\\/loja3\\\/#\\\/schema\\\/logo\\\/image\\\/\"}}]}<\/script>\n<!-- \/ Yoast SEO plugin. -->","yoast_head_json":{"title":"Converg\u00eancias e perspectivas entre Letras, Artes e Ci\u00eancias: 20 anos da ALACCOP - Pontes Editores","robots":{"index":"index","follow":"follow","max-snippet":"max-snippet:-1","max-image-preview":"max-image-preview:large","max-video-preview":"max-video-preview:-1"},"canonical":"https:\/\/ponteseditores.com.br\/loja3\/pontes-editores-home-2__trashed\/ebook\/lancamento-e-book\/convergencias-e-perspectivas-entre-letras-artes-e-ciencias-20-anos-da-alaccop\/","og_locale":"pt_BR","og_type":"article","og_title":"Converg\u00eancias e perspectivas entre Letras, Artes e Ci\u00eancias: 20 anos da ALACCOP - Pontes Editores","og_description":"[&#8230;] Trata-se de uma busca coletiva \u2013 via imagin\u00e1rio \u2013 para traduzir esse nosso cotidiano pleno de contradi\u00e7\u00f5es: riso e choro, amor e desamor, paz e guerra, j\u00fabilos e vicissitudes&#8230; Enfim, a vida humana em sua plenitude, com suas dificuldades, mas tamb\u00e9m alegrias, encarada coletivamente pelos membros da Academia de Artes, Letras e Ci\u00eancias de [&hellip;]","og_url":"https:\/\/ponteseditores.com.br\/loja3\/pontes-editores-home-2__trashed\/ebook\/lancamento-e-book\/convergencias-e-perspectivas-entre-letras-artes-e-ciencias-20-anos-da-alaccop\/","og_site_name":"Pontes Editores","article_modified_time":"2026-03-03T14:03:07+00:00","og_image":[{"width":800,"height":1159,"url":"https:\/\/ponteseditores.com.br\/loja3\/wp-content\/uploads\/2026\/03\/Capa_Convergencias-e-perspectivas.jpg","type":"image\/jpeg"}],"twitter_card":"summary_large_image","twitter_misc":{"Est. tempo de leitura":"2 minutos"},"schema":{"@context":"https:\/\/schema.org","@graph":[{"@type":"WebPage","@id":"https:\/\/ponteseditores.com.br\/loja3\/pontes-editores-home-2__trashed\/ebook\/lancamento-e-book\/convergencias-e-perspectivas-entre-letras-artes-e-ciencias-20-anos-da-alaccop\/","url":"https:\/\/ponteseditores.com.br\/loja3\/pontes-editores-home-2__trashed\/ebook\/lancamento-e-book\/convergencias-e-perspectivas-entre-letras-artes-e-ciencias-20-anos-da-alaccop\/","name":"Converg\u00eancias e perspectivas entre Letras, Artes e Ci\u00eancias: 20 anos da ALACCOP - Pontes Editores","isPartOf":{"@id":"https:\/\/ponteseditores.com.br\/loja3\/#website"},"primaryImageOfPage":{"@id":"https:\/\/ponteseditores.com.br\/loja3\/pontes-editores-home-2__trashed\/ebook\/lancamento-e-book\/convergencias-e-perspectivas-entre-letras-artes-e-ciencias-20-anos-da-alaccop\/#primaryimage"},"image":{"@id":"https:\/\/ponteseditores.com.br\/loja3\/pontes-editores-home-2__trashed\/ebook\/lancamento-e-book\/convergencias-e-perspectivas-entre-letras-artes-e-ciencias-20-anos-da-alaccop\/#primaryimage"},"thumbnailUrl":"https:\/\/ponteseditores.com.br\/loja3\/wp-content\/uploads\/2026\/03\/Capa_Convergencias-e-perspectivas.jpg","datePublished":"2026-03-03T14:03:06+00:00","dateModified":"2026-03-03T14:03:07+00:00","breadcrumb":{"@id":"https:\/\/ponteseditores.com.br\/loja3\/pontes-editores-home-2__trashed\/ebook\/lancamento-e-book\/convergencias-e-perspectivas-entre-letras-artes-e-ciencias-20-anos-da-alaccop\/#breadcrumb"},"inLanguage":"pt-BR","potentialAction":[{"@type":"ReadAction","target":["https:\/\/ponteseditores.com.br\/loja3\/pontes-editores-home-2__trashed\/ebook\/lancamento-e-book\/convergencias-e-perspectivas-entre-letras-artes-e-ciencias-20-anos-da-alaccop\/"]}]},{"@type":"ImageObject","inLanguage":"pt-BR","@id":"https:\/\/ponteseditores.com.br\/loja3\/pontes-editores-home-2__trashed\/ebook\/lancamento-e-book\/convergencias-e-perspectivas-entre-letras-artes-e-ciencias-20-anos-da-alaccop\/#primaryimage","url":"https:\/\/ponteseditores.com.br\/loja3\/wp-content\/uploads\/2026\/03\/Capa_Convergencias-e-perspectivas.jpg","contentUrl":"https:\/\/ponteseditores.com.br\/loja3\/wp-content\/uploads\/2026\/03\/Capa_Convergencias-e-perspectivas.jpg","width":800,"height":1159},{"@type":"BreadcrumbList","@id":"https:\/\/ponteseditores.com.br\/loja3\/pontes-editores-home-2__trashed\/ebook\/lancamento-e-book\/convergencias-e-perspectivas-entre-letras-artes-e-ciencias-20-anos-da-alaccop\/#breadcrumb","itemListElement":[{"@type":"ListItem","position":1,"name":"Home","item":"https:\/\/ponteseditores.com.br\/loja3\/"},{"@type":"ListItem","position":2,"name":"loja","item":"https:\/\/ponteseditores.com.br\/loja3\/loja\/"},{"@type":"ListItem","position":3,"name":"Converg\u00eancias e perspectivas entre Letras, Artes e Ci\u00eancias: 20 anos da ALACCOP"}]},{"@type":"WebSite","@id":"https:\/\/ponteseditores.com.br\/loja3\/#website","url":"https:\/\/ponteseditores.com.br\/loja3\/","name":"Pontes Editores","description":"Pontes Editores","publisher":{"@id":"https:\/\/ponteseditores.com.br\/loja3\/#organization"},"potentialAction":[{"@type":"SearchAction","target":{"@type":"EntryPoint","urlTemplate":"https:\/\/ponteseditores.com.br\/loja3\/?s={search_term_string}"},"query-input":{"@type":"PropertyValueSpecification","valueRequired":true,"valueName":"search_term_string"}}],"inLanguage":"pt-BR"},{"@type":"Organization","@id":"https:\/\/ponteseditores.com.br\/loja3\/#organization","name":"Pontes Editores","url":"https:\/\/ponteseditores.com.br\/loja3\/","logo":{"@type":"ImageObject","inLanguage":"pt-BR","@id":"https:\/\/ponteseditores.com.br\/loja3\/#\/schema\/logo\/image\/","url":"https:\/\/ponteseditores.com.br\/loja3\/wp-content\/uploads\/2023\/12\/logo-pontes-editores-v2.png","contentUrl":"https:\/\/ponteseditores.com.br\/loja3\/wp-content\/uploads\/2023\/12\/logo-pontes-editores-v2.png","width":258,"height":100,"caption":"Pontes Editores"},"image":{"@id":"https:\/\/ponteseditores.com.br\/loja3\/#\/schema\/logo\/image\/"}}]}},"_links":{"self":[{"href":"https:\/\/ponteseditores.com.br\/loja3\/wp-json\/wp\/v2\/product\/37399","targetHints":{"allow":["GET"]}}],"collection":[{"href":"https:\/\/ponteseditores.com.br\/loja3\/wp-json\/wp\/v2\/product"}],"about":[{"href":"https:\/\/ponteseditores.com.br\/loja3\/wp-json\/wp\/v2\/types\/product"}],"replies":[{"embeddable":true,"href":"https:\/\/ponteseditores.com.br\/loja3\/wp-json\/wp\/v2\/comments?post=37399"}],"version-history":[{"count":2,"href":"https:\/\/ponteseditores.com.br\/loja3\/wp-json\/wp\/v2\/product\/37399\/revisions"}],"predecessor-version":[{"id":37407,"href":"https:\/\/ponteseditores.com.br\/loja3\/wp-json\/wp\/v2\/product\/37399\/revisions\/37407"}],"wp:featuredmedia":[{"embeddable":true,"href":"https:\/\/ponteseditores.com.br\/loja3\/wp-json\/wp\/v2\/media\/37401"}],"wp:attachment":[{"href":"https:\/\/ponteseditores.com.br\/loja3\/wp-json\/wp\/v2\/media?parent=37399"}],"wp:term":[{"taxonomy":"product_brand","embeddable":true,"href":"https:\/\/ponteseditores.com.br\/loja3\/wp-json\/wp\/v2\/product_brand?post=37399"},{"taxonomy":"product_cat","embeddable":true,"href":"https:\/\/ponteseditores.com.br\/loja3\/wp-json\/wp\/v2\/product_cat?post=37399"},{"taxonomy":"product_tag","embeddable":true,"href":"https:\/\/ponteseditores.com.br\/loja3\/wp-json\/wp\/v2\/product_tag?post=37399"}],"curies":[{"name":"wp","href":"https:\/\/api.w.org\/{rel}","templated":true}]}}