{"id":37393,"date":"2026-03-03T09:45:36","date_gmt":"2026-03-03T12:45:36","guid":{"rendered":"https:\/\/ponteseditores.com.br\/loja3\/?post_type=product&#038;p=37393"},"modified":"2026-03-03T09:45:36","modified_gmt":"2026-03-03T12:45:36","slug":"gestos-mnemonicos-e-disputas-de-memorias-monumentos-em-tempos-de-iconoclastia-2","status":"publish","type":"product","link":"https:\/\/ponteseditores.com.br\/loja3\/pontes-editores-home-2__trashed\/ebook\/lancamento-e-book\/gestos-mnemonicos-e-disputas-de-memorias-monumentos-em-tempos-de-iconoclastia-2\/","title":{"rendered":"Gestos mnem\u00f4nicos e disputas de mem\u00f3rias: monumentos em tempos de iconoclastia"},"content":{"rendered":"<p>Conflitos em torno do passado parecem ocupar o centro do debate e do enfrentamento de diferentes grupos sociais em variadas partes do mundo. O presente livro \u00e9 o resultado das reflex\u00f5es das cinco autoras sobre as disputas da mem\u00f3ria social e sobre os usos pol\u00edticos do passado. Interessou-nos identificar diferentes gestos mnem\u00f4nicos envolvidos no movi\u00admento iconoclasta atual, que procuraram exacerbar a dimens\u00e3o perform\u00e1tica e pol\u00edtica da mem\u00f3ria.<\/p>\n<p>Acionamos conceitos que j\u00e1 est\u00e1vamos elaborando em di\u00e1logo permanente com autores decoloniais e can\u00f4nicos sobre mem\u00f3ria e iconoclastia. Foi assim que chegamos \u00e0 concep\u00e7\u00e3o de viol\u00eancia narrativa, isto \u00e9, de um encadeamen\u00adto s\u00edgnico que permite n\u00e3o s\u00f3 narrar traumas do passado, mas constituir-se em elemento comunicacional, pass\u00edvel de an\u00e1lises, pr\u00f3prio dos discursos. Tamb\u00e9m retomamos e refor\u00e7amos a no\u00e7\u00e3o de gestos mnem\u00f4nicos e ico\u00adnoclastas, frequentes na vida cotidiana, especialmente em centros urbanos. Embora geralmente despercebidos pelo senso comum, carregam m\u00faltiplos sentidos. Est\u00e1tuas decapitadas ou manchadas por tintas e demais subst\u00e2ncias materializam os inc\u00f4modos que provocam em determinados grupos sociais, normalmente os subalternos ou os silenciados, ou, no caso do simb\u00f3lico 8 de janeiro brasileiro de 2023, dos que n\u00e3o querem perder a posi\u00e7\u00e3o hegem\u00f4nica que ocupam. Menos que condenar ou aplaudir interven\u00e7\u00f5es sobre figuras ou monumentos nos espa\u00e7os p\u00fablicos, buscamos descortin\u00e1-los.<\/p>\n<p>Nosso gesto mnem\u00f4nico e de resist\u00eancia \u00e9 a escrita acad\u00eamica, ferramenta por meio da qual analisamos os fen\u00f4menos do passado, do tempo presente e suas m\u00faltiplas disputas de sentidos, tarefa imprescind\u00edvel para o exerc\u00edcio pleno da cidadania.<\/p>\n","protected":false},"excerpt":{"rendered":"<p>Conflitos em torno do passado parecem ocupar o centro do debate e do enfrentamento de diferentes grupos sociais em variadas partes do mundo. O presente livro \u00e9 o resultado das reflex\u00f5es das cinco autoras sobre as disputas da mem\u00f3ria social e sobre os usos pol\u00edticos do passado. Interessou-nos identificar diferentes gestos mnem\u00f4nicos envolvidos no movi\u00admento [&hellip;]<\/p>\n","protected":false},"featured_media":36413,"comment_status":"open","ping_status":"closed","template":"","meta":{"_joinchat":[]},"product_brand":[],"product_cat":[165,386],"product_tag":[],"class_list":{"0":"post-37393","1":"product","2":"type-product","3":"status-publish","4":"has-post-thumbnail","6":"product_cat-ebook","7":"product_cat-lancamento-e-book","9":"first","10":"instock","11":"downloadable","12":"virtual","13":"purchasable","14":"product-type-simple"},"yoast_head":"<!-- This site is optimized with the Yoast SEO plugin v27.4 - https:\/\/yoast.com\/product\/yoast-seo-wordpress\/ -->\n<title>Gestos mnem\u00f4nicos e disputas de mem\u00f3rias: monumentos em tempos de iconoclastia - Pontes Editores<\/title>\n<meta name=\"robots\" content=\"index, follow, max-snippet:-1, max-image-preview:large, max-video-preview:-1\" \/>\n<link rel=\"canonical\" href=\"https:\/\/ponteseditores.com.br\/loja3\/pontes-editores-home-2__trashed\/ebook\/lancamento-e-book\/gestos-mnemonicos-e-disputas-de-memorias-monumentos-em-tempos-de-iconoclastia-2\/\" \/>\n<meta property=\"og:locale\" content=\"pt_BR\" \/>\n<meta property=\"og:type\" content=\"article\" \/>\n<meta property=\"og:title\" content=\"Gestos mnem\u00f4nicos e disputas de mem\u00f3rias: monumentos em tempos de iconoclastia - Pontes Editores\" \/>\n<meta property=\"og:description\" content=\"Conflitos em torno do passado parecem ocupar o centro do debate e do enfrentamento de diferentes grupos sociais em variadas partes do mundo. O presente livro \u00e9 o resultado das reflex\u00f5es das cinco autoras sobre as disputas da mem\u00f3ria social e sobre os usos pol\u00edticos do passado. Interessou-nos identificar diferentes gestos mnem\u00f4nicos envolvidos no movi\u00admento [&hellip;]\" \/>\n<meta property=\"og:url\" content=\"https:\/\/ponteseditores.com.br\/loja3\/pontes-editores-home-2__trashed\/ebook\/lancamento-e-book\/gestos-mnemonicos-e-disputas-de-memorias-monumentos-em-tempos-de-iconoclastia-2\/\" \/>\n<meta property=\"og:site_name\" content=\"Pontes Editores\" \/>\n<meta property=\"og:image\" content=\"https:\/\/ponteseditores.com.br\/loja3\/wp-content\/uploads\/2026\/02\/Capa_Gestos-mnemonicos.jpg\" \/>\n\t<meta property=\"og:image:width\" content=\"800\" \/>\n\t<meta property=\"og:image:height\" content=\"1159\" \/>\n\t<meta property=\"og:image:type\" content=\"image\/jpeg\" \/>\n<meta name=\"twitter:card\" content=\"summary_large_image\" \/>\n<meta name=\"twitter:label1\" content=\"Est. tempo de leitura\" \/>\n\t<meta name=\"twitter:data1\" content=\"2 minutos\" \/>\n<script type=\"application\/ld+json\" class=\"yoast-schema-graph\">{\"@context\":\"https:\\\/\\\/schema.org\",\"@graph\":[{\"@type\":\"WebPage\",\"@id\":\"https:\\\/\\\/ponteseditores.com.br\\\/loja3\\\/pontes-editores-home-2__trashed\\\/ebook\\\/lancamento-e-book\\\/gestos-mnemonicos-e-disputas-de-memorias-monumentos-em-tempos-de-iconoclastia-2\\\/\",\"url\":\"https:\\\/\\\/ponteseditores.com.br\\\/loja3\\\/pontes-editores-home-2__trashed\\\/ebook\\\/lancamento-e-book\\\/gestos-mnemonicos-e-disputas-de-memorias-monumentos-em-tempos-de-iconoclastia-2\\\/\",\"name\":\"Gestos mnem\u00f4nicos e disputas de mem\u00f3rias: monumentos em tempos de iconoclastia - Pontes Editores\",\"isPartOf\":{\"@id\":\"https:\\\/\\\/ponteseditores.com.br\\\/loja3\\\/#website\"},\"primaryImageOfPage\":{\"@id\":\"https:\\\/\\\/ponteseditores.com.br\\\/loja3\\\/pontes-editores-home-2__trashed\\\/ebook\\\/lancamento-e-book\\\/gestos-mnemonicos-e-disputas-de-memorias-monumentos-em-tempos-de-iconoclastia-2\\\/#primaryimage\"},\"image\":{\"@id\":\"https:\\\/\\\/ponteseditores.com.br\\\/loja3\\\/pontes-editores-home-2__trashed\\\/ebook\\\/lancamento-e-book\\\/gestos-mnemonicos-e-disputas-de-memorias-monumentos-em-tempos-de-iconoclastia-2\\\/#primaryimage\"},\"thumbnailUrl\":\"https:\\\/\\\/ponteseditores.com.br\\\/loja3\\\/wp-content\\\/uploads\\\/2026\\\/02\\\/Capa_Gestos-mnemonicos.jpg\",\"datePublished\":\"2026-03-03T12:45:36+00:00\",\"breadcrumb\":{\"@id\":\"https:\\\/\\\/ponteseditores.com.br\\\/loja3\\\/pontes-editores-home-2__trashed\\\/ebook\\\/lancamento-e-book\\\/gestos-mnemonicos-e-disputas-de-memorias-monumentos-em-tempos-de-iconoclastia-2\\\/#breadcrumb\"},\"inLanguage\":\"pt-BR\",\"potentialAction\":[{\"@type\":\"ReadAction\",\"target\":[\"https:\\\/\\\/ponteseditores.com.br\\\/loja3\\\/pontes-editores-home-2__trashed\\\/ebook\\\/lancamento-e-book\\\/gestos-mnemonicos-e-disputas-de-memorias-monumentos-em-tempos-de-iconoclastia-2\\\/\"]}]},{\"@type\":\"ImageObject\",\"inLanguage\":\"pt-BR\",\"@id\":\"https:\\\/\\\/ponteseditores.com.br\\\/loja3\\\/pontes-editores-home-2__trashed\\\/ebook\\\/lancamento-e-book\\\/gestos-mnemonicos-e-disputas-de-memorias-monumentos-em-tempos-de-iconoclastia-2\\\/#primaryimage\",\"url\":\"https:\\\/\\\/ponteseditores.com.br\\\/loja3\\\/wp-content\\\/uploads\\\/2026\\\/02\\\/Capa_Gestos-mnemonicos.jpg\",\"contentUrl\":\"https:\\\/\\\/ponteseditores.com.br\\\/loja3\\\/wp-content\\\/uploads\\\/2026\\\/02\\\/Capa_Gestos-mnemonicos.jpg\",\"width\":800,\"height\":1159},{\"@type\":\"BreadcrumbList\",\"@id\":\"https:\\\/\\\/ponteseditores.com.br\\\/loja3\\\/pontes-editores-home-2__trashed\\\/ebook\\\/lancamento-e-book\\\/gestos-mnemonicos-e-disputas-de-memorias-monumentos-em-tempos-de-iconoclastia-2\\\/#breadcrumb\",\"itemListElement\":[{\"@type\":\"ListItem\",\"position\":1,\"name\":\"Home\",\"item\":\"https:\\\/\\\/ponteseditores.com.br\\\/loja3\\\/\"},{\"@type\":\"ListItem\",\"position\":2,\"name\":\"loja\",\"item\":\"https:\\\/\\\/ponteseditores.com.br\\\/loja3\\\/loja\\\/\"},{\"@type\":\"ListItem\",\"position\":3,\"name\":\"Gestos mnem\u00f4nicos e disputas de mem\u00f3rias: monumentos em tempos de iconoclastia\"}]},{\"@type\":\"WebSite\",\"@id\":\"https:\\\/\\\/ponteseditores.com.br\\\/loja3\\\/#website\",\"url\":\"https:\\\/\\\/ponteseditores.com.br\\\/loja3\\\/\",\"name\":\"Pontes Editores\",\"description\":\"Pontes Editores\",\"publisher\":{\"@id\":\"https:\\\/\\\/ponteseditores.com.br\\\/loja3\\\/#organization\"},\"potentialAction\":[{\"@type\":\"SearchAction\",\"target\":{\"@type\":\"EntryPoint\",\"urlTemplate\":\"https:\\\/\\\/ponteseditores.com.br\\\/loja3\\\/?s={search_term_string}\"},\"query-input\":{\"@type\":\"PropertyValueSpecification\",\"valueRequired\":true,\"valueName\":\"search_term_string\"}}],\"inLanguage\":\"pt-BR\"},{\"@type\":\"Organization\",\"@id\":\"https:\\\/\\\/ponteseditores.com.br\\\/loja3\\\/#organization\",\"name\":\"Pontes Editores\",\"url\":\"https:\\\/\\\/ponteseditores.com.br\\\/loja3\\\/\",\"logo\":{\"@type\":\"ImageObject\",\"inLanguage\":\"pt-BR\",\"@id\":\"https:\\\/\\\/ponteseditores.com.br\\\/loja3\\\/#\\\/schema\\\/logo\\\/image\\\/\",\"url\":\"https:\\\/\\\/ponteseditores.com.br\\\/loja3\\\/wp-content\\\/uploads\\\/2023\\\/12\\\/logo-pontes-editores-v2.png\",\"contentUrl\":\"https:\\\/\\\/ponteseditores.com.br\\\/loja3\\\/wp-content\\\/uploads\\\/2023\\\/12\\\/logo-pontes-editores-v2.png\",\"width\":258,\"height\":100,\"caption\":\"Pontes Editores\"},\"image\":{\"@id\":\"https:\\\/\\\/ponteseditores.com.br\\\/loja3\\\/#\\\/schema\\\/logo\\\/image\\\/\"}}]}<\/script>\n<!-- \/ Yoast SEO plugin. -->","yoast_head_json":{"title":"Gestos mnem\u00f4nicos e disputas de mem\u00f3rias: monumentos em tempos de iconoclastia - Pontes Editores","robots":{"index":"index","follow":"follow","max-snippet":"max-snippet:-1","max-image-preview":"max-image-preview:large","max-video-preview":"max-video-preview:-1"},"canonical":"https:\/\/ponteseditores.com.br\/loja3\/pontes-editores-home-2__trashed\/ebook\/lancamento-e-book\/gestos-mnemonicos-e-disputas-de-memorias-monumentos-em-tempos-de-iconoclastia-2\/","og_locale":"pt_BR","og_type":"article","og_title":"Gestos mnem\u00f4nicos e disputas de mem\u00f3rias: monumentos em tempos de iconoclastia - Pontes Editores","og_description":"Conflitos em torno do passado parecem ocupar o centro do debate e do enfrentamento de diferentes grupos sociais em variadas partes do mundo. O presente livro \u00e9 o resultado das reflex\u00f5es das cinco autoras sobre as disputas da mem\u00f3ria social e sobre os usos pol\u00edticos do passado. Interessou-nos identificar diferentes gestos mnem\u00f4nicos envolvidos no movi\u00admento [&hellip;]","og_url":"https:\/\/ponteseditores.com.br\/loja3\/pontes-editores-home-2__trashed\/ebook\/lancamento-e-book\/gestos-mnemonicos-e-disputas-de-memorias-monumentos-em-tempos-de-iconoclastia-2\/","og_site_name":"Pontes Editores","og_image":[{"width":800,"height":1159,"url":"https:\/\/ponteseditores.com.br\/loja3\/wp-content\/uploads\/2026\/02\/Capa_Gestos-mnemonicos.jpg","type":"image\/jpeg"}],"twitter_card":"summary_large_image","twitter_misc":{"Est. tempo de leitura":"2 minutos"},"schema":{"@context":"https:\/\/schema.org","@graph":[{"@type":"WebPage","@id":"https:\/\/ponteseditores.com.br\/loja3\/pontes-editores-home-2__trashed\/ebook\/lancamento-e-book\/gestos-mnemonicos-e-disputas-de-memorias-monumentos-em-tempos-de-iconoclastia-2\/","url":"https:\/\/ponteseditores.com.br\/loja3\/pontes-editores-home-2__trashed\/ebook\/lancamento-e-book\/gestos-mnemonicos-e-disputas-de-memorias-monumentos-em-tempos-de-iconoclastia-2\/","name":"Gestos mnem\u00f4nicos e disputas de mem\u00f3rias: monumentos em tempos de iconoclastia - Pontes Editores","isPartOf":{"@id":"https:\/\/ponteseditores.com.br\/loja3\/#website"},"primaryImageOfPage":{"@id":"https:\/\/ponteseditores.com.br\/loja3\/pontes-editores-home-2__trashed\/ebook\/lancamento-e-book\/gestos-mnemonicos-e-disputas-de-memorias-monumentos-em-tempos-de-iconoclastia-2\/#primaryimage"},"image":{"@id":"https:\/\/ponteseditores.com.br\/loja3\/pontes-editores-home-2__trashed\/ebook\/lancamento-e-book\/gestos-mnemonicos-e-disputas-de-memorias-monumentos-em-tempos-de-iconoclastia-2\/#primaryimage"},"thumbnailUrl":"https:\/\/ponteseditores.com.br\/loja3\/wp-content\/uploads\/2026\/02\/Capa_Gestos-mnemonicos.jpg","datePublished":"2026-03-03T12:45:36+00:00","breadcrumb":{"@id":"https:\/\/ponteseditores.com.br\/loja3\/pontes-editores-home-2__trashed\/ebook\/lancamento-e-book\/gestos-mnemonicos-e-disputas-de-memorias-monumentos-em-tempos-de-iconoclastia-2\/#breadcrumb"},"inLanguage":"pt-BR","potentialAction":[{"@type":"ReadAction","target":["https:\/\/ponteseditores.com.br\/loja3\/pontes-editores-home-2__trashed\/ebook\/lancamento-e-book\/gestos-mnemonicos-e-disputas-de-memorias-monumentos-em-tempos-de-iconoclastia-2\/"]}]},{"@type":"ImageObject","inLanguage":"pt-BR","@id":"https:\/\/ponteseditores.com.br\/loja3\/pontes-editores-home-2__trashed\/ebook\/lancamento-e-book\/gestos-mnemonicos-e-disputas-de-memorias-monumentos-em-tempos-de-iconoclastia-2\/#primaryimage","url":"https:\/\/ponteseditores.com.br\/loja3\/wp-content\/uploads\/2026\/02\/Capa_Gestos-mnemonicos.jpg","contentUrl":"https:\/\/ponteseditores.com.br\/loja3\/wp-content\/uploads\/2026\/02\/Capa_Gestos-mnemonicos.jpg","width":800,"height":1159},{"@type":"BreadcrumbList","@id":"https:\/\/ponteseditores.com.br\/loja3\/pontes-editores-home-2__trashed\/ebook\/lancamento-e-book\/gestos-mnemonicos-e-disputas-de-memorias-monumentos-em-tempos-de-iconoclastia-2\/#breadcrumb","itemListElement":[{"@type":"ListItem","position":1,"name":"Home","item":"https:\/\/ponteseditores.com.br\/loja3\/"},{"@type":"ListItem","position":2,"name":"loja","item":"https:\/\/ponteseditores.com.br\/loja3\/loja\/"},{"@type":"ListItem","position":3,"name":"Gestos mnem\u00f4nicos e disputas de mem\u00f3rias: monumentos em tempos de iconoclastia"}]},{"@type":"WebSite","@id":"https:\/\/ponteseditores.com.br\/loja3\/#website","url":"https:\/\/ponteseditores.com.br\/loja3\/","name":"Pontes Editores","description":"Pontes Editores","publisher":{"@id":"https:\/\/ponteseditores.com.br\/loja3\/#organization"},"potentialAction":[{"@type":"SearchAction","target":{"@type":"EntryPoint","urlTemplate":"https:\/\/ponteseditores.com.br\/loja3\/?s={search_term_string}"},"query-input":{"@type":"PropertyValueSpecification","valueRequired":true,"valueName":"search_term_string"}}],"inLanguage":"pt-BR"},{"@type":"Organization","@id":"https:\/\/ponteseditores.com.br\/loja3\/#organization","name":"Pontes Editores","url":"https:\/\/ponteseditores.com.br\/loja3\/","logo":{"@type":"ImageObject","inLanguage":"pt-BR","@id":"https:\/\/ponteseditores.com.br\/loja3\/#\/schema\/logo\/image\/","url":"https:\/\/ponteseditores.com.br\/loja3\/wp-content\/uploads\/2023\/12\/logo-pontes-editores-v2.png","contentUrl":"https:\/\/ponteseditores.com.br\/loja3\/wp-content\/uploads\/2023\/12\/logo-pontes-editores-v2.png","width":258,"height":100,"caption":"Pontes Editores"},"image":{"@id":"https:\/\/ponteseditores.com.br\/loja3\/#\/schema\/logo\/image\/"}}]}},"_links":{"self":[{"href":"https:\/\/ponteseditores.com.br\/loja3\/wp-json\/wp\/v2\/product\/37393","targetHints":{"allow":["GET"]}}],"collection":[{"href":"https:\/\/ponteseditores.com.br\/loja3\/wp-json\/wp\/v2\/product"}],"about":[{"href":"https:\/\/ponteseditores.com.br\/loja3\/wp-json\/wp\/v2\/types\/product"}],"replies":[{"embeddable":true,"href":"https:\/\/ponteseditores.com.br\/loja3\/wp-json\/wp\/v2\/comments?post=37393"}],"version-history":[{"count":1,"href":"https:\/\/ponteseditores.com.br\/loja3\/wp-json\/wp\/v2\/product\/37393\/revisions"}],"predecessor-version":[{"id":37395,"href":"https:\/\/ponteseditores.com.br\/loja3\/wp-json\/wp\/v2\/product\/37393\/revisions\/37395"}],"wp:featuredmedia":[{"embeddable":true,"href":"https:\/\/ponteseditores.com.br\/loja3\/wp-json\/wp\/v2\/media\/36413"}],"wp:attachment":[{"href":"https:\/\/ponteseditores.com.br\/loja3\/wp-json\/wp\/v2\/media?parent=37393"}],"wp:term":[{"taxonomy":"product_brand","embeddable":true,"href":"https:\/\/ponteseditores.com.br\/loja3\/wp-json\/wp\/v2\/product_brand?post=37393"},{"taxonomy":"product_cat","embeddable":true,"href":"https:\/\/ponteseditores.com.br\/loja3\/wp-json\/wp\/v2\/product_cat?post=37393"},{"taxonomy":"product_tag","embeddable":true,"href":"https:\/\/ponteseditores.com.br\/loja3\/wp-json\/wp\/v2\/product_tag?post=37393"}],"curies":[{"name":"wp","href":"https:\/\/api.w.org\/{rel}","templated":true}]}}