{"id":37357,"date":"2026-03-02T10:42:12","date_gmt":"2026-03-02T13:42:12","guid":{"rendered":"https:\/\/ponteseditores.com.br\/loja3\/?post_type=product&#038;p=37357"},"modified":"2026-03-02T10:42:13","modified_gmt":"2026-03-02T13:42:13","slug":"narrativas-oralidades-e-contacao-de-historias","status":"publish","type":"product","link":"https:\/\/ponteseditores.com.br\/loja3\/pontes-editores-home-2__trashed\/ebook\/lancamento-e-book\/narrativas-oralidades-e-contacao-de-historias\/","title":{"rendered":"Narrativas, oralidades e conta\u00e7\u00e3o de hist\u00f3rias"},"content":{"rendered":"<p><strong>Narrativas, Oralidades e Conta\u00e7\u00e3o de Hist\u00f3rias<\/strong> nasce do encontro entre vozes, tempos e mem\u00f3rias. A obra inscreve-se no campo dos estudos das po\u00e9ticas orais ao reconhecer a conta\u00e7\u00e3o de hist\u00f3rias como territ\u00f3rio de enuncia\u00e7\u00e3o, resist\u00eancia e cria\u00e7\u00e3o de mundos poss\u00edveis. Mais do que registrar pr\u00e1ticas culturais, o livro afirma a oralidade como gesto de partilha, pr\u00e1tica est\u00e9tica e ato pol\u00edtico.<\/p>\n<p>Reunindo pesquisadoras e pesquisadores vinculados a experi\u00eancias de campo no interior da Bahia, a colet\u00e2nea apresenta estudos que dialogam com comunidades narrativas, mestres e mestras da tradi\u00e7\u00e3o oral, manifesta\u00e7\u00f5es afro-brasileiras, pr\u00e1ticas musicais, saberes quilombolas, pedagogias do terreiro, educa\u00e7\u00e3o lingu\u00edstica, forma\u00e7\u00e3o leitora e educa\u00e7\u00e3o musical. A obra evidencia como mem\u00f3ria, ancestralidade e identidade cultural se entrela\u00e7am na tessitura das narrativas que atravessam gera\u00e7\u00f5es.<\/p>\n<p>Entre os cap\u00edtulos, destacam-se reflex\u00f5es decoloniais sobre o Nego Fugido de Acupe; an\u00e1lises das narrativas de Vov\u00f3 Cici de Oxal\u00e1; estudos sobre samba de roda, feminismo negro quilombola, tradi\u00e7\u00e3o oral no candombl\u00e9, pr\u00e1ticas antirracistas de letramento, ensino de ingl\u00eas em di\u00e1logo com saberes locais e a constru\u00e7\u00e3o de um gloss\u00e1rio ilustrado como ferramenta de salvaguarda do l\u00e9xico tradicional. A colet\u00e2nea encerra-se com uma reflex\u00e3o sobre a \u201cbiblioteca interior\u201d, reafirmando a leitura liter\u00e1ria como experi\u00eancia formadora e constitutiva do sujeito.<\/p>\n<p>Ancorado em pesquisas desenvolvidas no \u00e2mbito do Grupo de Estudos e Pesquisas em Po\u00e9ticas Orais (GEPPO\/UEFS) e em di\u00e1logo com comunidades tradicionais, o livro reafirma a pot\u00eancia da palavra narrada como espa\u00e7o de resist\u00eancia, preserva\u00e7\u00e3o e inven\u00e7\u00e3o. Ao valorizar as vozes que historicamente foram silenciadas, a obra contribui para a decoloniza\u00e7\u00e3o dos saberes e para a consolida\u00e7\u00e3o dos estudos sobre oralidade no Brasil.<\/p>\n<p>Destinado a pesquisadoras(es), educadoras(es), estudantes de Letras, Educa\u00e7\u00e3o e \u00e1reas afins, bem como a contadoras(es) de hist\u00f3rias e agentes culturais, Narrativas, Oralidades e Conta\u00e7\u00e3o de Hist\u00f3rias \u00e9 um convite \u00e0 escuta sens\u00edvel e \u00e0 compreens\u00e3o da oralidade como fundamento da experi\u00eancia humana.<\/p>\n<p>&nbsp;<\/p>\n<p>&nbsp;<\/p>\n","protected":false},"excerpt":{"rendered":"<p>Narrativas, Oralidades e Conta\u00e7\u00e3o de Hist\u00f3rias nasce do encontro entre vozes, tempos e mem\u00f3rias. A obra inscreve-se no campo dos estudos das po\u00e9ticas orais ao reconhecer a conta\u00e7\u00e3o de hist\u00f3rias como territ\u00f3rio de enuncia\u00e7\u00e3o, resist\u00eancia e cria\u00e7\u00e3o de mundos poss\u00edveis. Mais do que registrar pr\u00e1ticas culturais, o livro afirma a oralidade como gesto de partilha, [&hellip;]<\/p>\n","protected":false},"featured_media":37359,"comment_status":"open","ping_status":"closed","template":"","meta":{"_joinchat":[]},"product_brand":[],"product_cat":[165,386],"product_tag":[],"class_list":{"0":"post-37357","1":"product","2":"type-product","3":"status-publish","4":"has-post-thumbnail","6":"product_cat-ebook","7":"product_cat-lancamento-e-book","9":"first","10":"instock","11":"downloadable","12":"virtual","13":"purchasable","14":"product-type-simple"},"yoast_head":"<!-- This site is optimized with the Yoast SEO plugin v27.4 - https:\/\/yoast.com\/product\/yoast-seo-wordpress\/ -->\n<title>Narrativas, oralidades e conta\u00e7\u00e3o de hist\u00f3rias - Pontes Editores<\/title>\n<meta name=\"robots\" content=\"index, follow, max-snippet:-1, max-image-preview:large, max-video-preview:-1\" \/>\n<link rel=\"canonical\" href=\"https:\/\/ponteseditores.com.br\/loja3\/pontes-editores-home-2__trashed\/ebook\/lancamento-e-book\/narrativas-oralidades-e-contacao-de-historias\/\" \/>\n<meta property=\"og:locale\" content=\"pt_BR\" \/>\n<meta property=\"og:type\" content=\"article\" \/>\n<meta property=\"og:title\" content=\"Narrativas, oralidades e conta\u00e7\u00e3o de hist\u00f3rias - Pontes Editores\" \/>\n<meta property=\"og:description\" content=\"Narrativas, Oralidades e Conta\u00e7\u00e3o de Hist\u00f3rias nasce do encontro entre vozes, tempos e mem\u00f3rias. A obra inscreve-se no campo dos estudos das po\u00e9ticas orais ao reconhecer a conta\u00e7\u00e3o de hist\u00f3rias como territ\u00f3rio de enuncia\u00e7\u00e3o, resist\u00eancia e cria\u00e7\u00e3o de mundos poss\u00edveis. Mais do que registrar pr\u00e1ticas culturais, o livro afirma a oralidade como gesto de partilha, [&hellip;]\" \/>\n<meta property=\"og:url\" content=\"https:\/\/ponteseditores.com.br\/loja3\/pontes-editores-home-2__trashed\/ebook\/lancamento-e-book\/narrativas-oralidades-e-contacao-de-historias\/\" \/>\n<meta property=\"og:site_name\" content=\"Pontes Editores\" \/>\n<meta property=\"article:modified_time\" content=\"2026-03-02T13:42:13+00:00\" \/>\n<meta property=\"og:image\" content=\"https:\/\/ponteseditores.com.br\/loja3\/wp-content\/uploads\/2026\/03\/Capa_Narrativas-e-Oralidades.jpg\" \/>\n\t<meta property=\"og:image:width\" content=\"800\" \/>\n\t<meta property=\"og:image:height\" content=\"1159\" \/>\n\t<meta property=\"og:image:type\" content=\"image\/jpeg\" \/>\n<meta name=\"twitter:card\" content=\"summary_large_image\" \/>\n<meta name=\"twitter:label1\" content=\"Est. tempo de leitura\" \/>\n\t<meta name=\"twitter:data1\" content=\"2 minutos\" \/>\n<script type=\"application\/ld+json\" class=\"yoast-schema-graph\">{\"@context\":\"https:\\\/\\\/schema.org\",\"@graph\":[{\"@type\":\"WebPage\",\"@id\":\"https:\\\/\\\/ponteseditores.com.br\\\/loja3\\\/pontes-editores-home-2__trashed\\\/ebook\\\/lancamento-e-book\\\/narrativas-oralidades-e-contacao-de-historias\\\/\",\"url\":\"https:\\\/\\\/ponteseditores.com.br\\\/loja3\\\/pontes-editores-home-2__trashed\\\/ebook\\\/lancamento-e-book\\\/narrativas-oralidades-e-contacao-de-historias\\\/\",\"name\":\"Narrativas, oralidades e conta\u00e7\u00e3o de hist\u00f3rias - Pontes Editores\",\"isPartOf\":{\"@id\":\"https:\\\/\\\/ponteseditores.com.br\\\/loja3\\\/#website\"},\"primaryImageOfPage\":{\"@id\":\"https:\\\/\\\/ponteseditores.com.br\\\/loja3\\\/pontes-editores-home-2__trashed\\\/ebook\\\/lancamento-e-book\\\/narrativas-oralidades-e-contacao-de-historias\\\/#primaryimage\"},\"image\":{\"@id\":\"https:\\\/\\\/ponteseditores.com.br\\\/loja3\\\/pontes-editores-home-2__trashed\\\/ebook\\\/lancamento-e-book\\\/narrativas-oralidades-e-contacao-de-historias\\\/#primaryimage\"},\"thumbnailUrl\":\"https:\\\/\\\/ponteseditores.com.br\\\/loja3\\\/wp-content\\\/uploads\\\/2026\\\/03\\\/Capa_Narrativas-e-Oralidades.jpg\",\"datePublished\":\"2026-03-02T13:42:12+00:00\",\"dateModified\":\"2026-03-02T13:42:13+00:00\",\"breadcrumb\":{\"@id\":\"https:\\\/\\\/ponteseditores.com.br\\\/loja3\\\/pontes-editores-home-2__trashed\\\/ebook\\\/lancamento-e-book\\\/narrativas-oralidades-e-contacao-de-historias\\\/#breadcrumb\"},\"inLanguage\":\"pt-BR\",\"potentialAction\":[{\"@type\":\"ReadAction\",\"target\":[\"https:\\\/\\\/ponteseditores.com.br\\\/loja3\\\/pontes-editores-home-2__trashed\\\/ebook\\\/lancamento-e-book\\\/narrativas-oralidades-e-contacao-de-historias\\\/\"]}]},{\"@type\":\"ImageObject\",\"inLanguage\":\"pt-BR\",\"@id\":\"https:\\\/\\\/ponteseditores.com.br\\\/loja3\\\/pontes-editores-home-2__trashed\\\/ebook\\\/lancamento-e-book\\\/narrativas-oralidades-e-contacao-de-historias\\\/#primaryimage\",\"url\":\"https:\\\/\\\/ponteseditores.com.br\\\/loja3\\\/wp-content\\\/uploads\\\/2026\\\/03\\\/Capa_Narrativas-e-Oralidades.jpg\",\"contentUrl\":\"https:\\\/\\\/ponteseditores.com.br\\\/loja3\\\/wp-content\\\/uploads\\\/2026\\\/03\\\/Capa_Narrativas-e-Oralidades.jpg\",\"width\":800,\"height\":1159},{\"@type\":\"BreadcrumbList\",\"@id\":\"https:\\\/\\\/ponteseditores.com.br\\\/loja3\\\/pontes-editores-home-2__trashed\\\/ebook\\\/lancamento-e-book\\\/narrativas-oralidades-e-contacao-de-historias\\\/#breadcrumb\",\"itemListElement\":[{\"@type\":\"ListItem\",\"position\":1,\"name\":\"Home\",\"item\":\"https:\\\/\\\/ponteseditores.com.br\\\/loja3\\\/\"},{\"@type\":\"ListItem\",\"position\":2,\"name\":\"loja\",\"item\":\"https:\\\/\\\/ponteseditores.com.br\\\/loja3\\\/loja\\\/\"},{\"@type\":\"ListItem\",\"position\":3,\"name\":\"Narrativas, oralidades e conta\u00e7\u00e3o de hist\u00f3rias\"}]},{\"@type\":\"WebSite\",\"@id\":\"https:\\\/\\\/ponteseditores.com.br\\\/loja3\\\/#website\",\"url\":\"https:\\\/\\\/ponteseditores.com.br\\\/loja3\\\/\",\"name\":\"Pontes Editores\",\"description\":\"Pontes Editores\",\"publisher\":{\"@id\":\"https:\\\/\\\/ponteseditores.com.br\\\/loja3\\\/#organization\"},\"potentialAction\":[{\"@type\":\"SearchAction\",\"target\":{\"@type\":\"EntryPoint\",\"urlTemplate\":\"https:\\\/\\\/ponteseditores.com.br\\\/loja3\\\/?s={search_term_string}\"},\"query-input\":{\"@type\":\"PropertyValueSpecification\",\"valueRequired\":true,\"valueName\":\"search_term_string\"}}],\"inLanguage\":\"pt-BR\"},{\"@type\":\"Organization\",\"@id\":\"https:\\\/\\\/ponteseditores.com.br\\\/loja3\\\/#organization\",\"name\":\"Pontes Editores\",\"url\":\"https:\\\/\\\/ponteseditores.com.br\\\/loja3\\\/\",\"logo\":{\"@type\":\"ImageObject\",\"inLanguage\":\"pt-BR\",\"@id\":\"https:\\\/\\\/ponteseditores.com.br\\\/loja3\\\/#\\\/schema\\\/logo\\\/image\\\/\",\"url\":\"https:\\\/\\\/ponteseditores.com.br\\\/loja3\\\/wp-content\\\/uploads\\\/2023\\\/12\\\/logo-pontes-editores-v2.png\",\"contentUrl\":\"https:\\\/\\\/ponteseditores.com.br\\\/loja3\\\/wp-content\\\/uploads\\\/2023\\\/12\\\/logo-pontes-editores-v2.png\",\"width\":258,\"height\":100,\"caption\":\"Pontes Editores\"},\"image\":{\"@id\":\"https:\\\/\\\/ponteseditores.com.br\\\/loja3\\\/#\\\/schema\\\/logo\\\/image\\\/\"}}]}<\/script>\n<!-- \/ Yoast SEO plugin. -->","yoast_head_json":{"title":"Narrativas, oralidades e conta\u00e7\u00e3o de hist\u00f3rias - Pontes Editores","robots":{"index":"index","follow":"follow","max-snippet":"max-snippet:-1","max-image-preview":"max-image-preview:large","max-video-preview":"max-video-preview:-1"},"canonical":"https:\/\/ponteseditores.com.br\/loja3\/pontes-editores-home-2__trashed\/ebook\/lancamento-e-book\/narrativas-oralidades-e-contacao-de-historias\/","og_locale":"pt_BR","og_type":"article","og_title":"Narrativas, oralidades e conta\u00e7\u00e3o de hist\u00f3rias - Pontes Editores","og_description":"Narrativas, Oralidades e Conta\u00e7\u00e3o de Hist\u00f3rias nasce do encontro entre vozes, tempos e mem\u00f3rias. A obra inscreve-se no campo dos estudos das po\u00e9ticas orais ao reconhecer a conta\u00e7\u00e3o de hist\u00f3rias como territ\u00f3rio de enuncia\u00e7\u00e3o, resist\u00eancia e cria\u00e7\u00e3o de mundos poss\u00edveis. Mais do que registrar pr\u00e1ticas culturais, o livro afirma a oralidade como gesto de partilha, [&hellip;]","og_url":"https:\/\/ponteseditores.com.br\/loja3\/pontes-editores-home-2__trashed\/ebook\/lancamento-e-book\/narrativas-oralidades-e-contacao-de-historias\/","og_site_name":"Pontes Editores","article_modified_time":"2026-03-02T13:42:13+00:00","og_image":[{"width":800,"height":1159,"url":"https:\/\/ponteseditores.com.br\/loja3\/wp-content\/uploads\/2026\/03\/Capa_Narrativas-e-Oralidades.jpg","type":"image\/jpeg"}],"twitter_card":"summary_large_image","twitter_misc":{"Est. tempo de leitura":"2 minutos"},"schema":{"@context":"https:\/\/schema.org","@graph":[{"@type":"WebPage","@id":"https:\/\/ponteseditores.com.br\/loja3\/pontes-editores-home-2__trashed\/ebook\/lancamento-e-book\/narrativas-oralidades-e-contacao-de-historias\/","url":"https:\/\/ponteseditores.com.br\/loja3\/pontes-editores-home-2__trashed\/ebook\/lancamento-e-book\/narrativas-oralidades-e-contacao-de-historias\/","name":"Narrativas, oralidades e conta\u00e7\u00e3o de hist\u00f3rias - Pontes Editores","isPartOf":{"@id":"https:\/\/ponteseditores.com.br\/loja3\/#website"},"primaryImageOfPage":{"@id":"https:\/\/ponteseditores.com.br\/loja3\/pontes-editores-home-2__trashed\/ebook\/lancamento-e-book\/narrativas-oralidades-e-contacao-de-historias\/#primaryimage"},"image":{"@id":"https:\/\/ponteseditores.com.br\/loja3\/pontes-editores-home-2__trashed\/ebook\/lancamento-e-book\/narrativas-oralidades-e-contacao-de-historias\/#primaryimage"},"thumbnailUrl":"https:\/\/ponteseditores.com.br\/loja3\/wp-content\/uploads\/2026\/03\/Capa_Narrativas-e-Oralidades.jpg","datePublished":"2026-03-02T13:42:12+00:00","dateModified":"2026-03-02T13:42:13+00:00","breadcrumb":{"@id":"https:\/\/ponteseditores.com.br\/loja3\/pontes-editores-home-2__trashed\/ebook\/lancamento-e-book\/narrativas-oralidades-e-contacao-de-historias\/#breadcrumb"},"inLanguage":"pt-BR","potentialAction":[{"@type":"ReadAction","target":["https:\/\/ponteseditores.com.br\/loja3\/pontes-editores-home-2__trashed\/ebook\/lancamento-e-book\/narrativas-oralidades-e-contacao-de-historias\/"]}]},{"@type":"ImageObject","inLanguage":"pt-BR","@id":"https:\/\/ponteseditores.com.br\/loja3\/pontes-editores-home-2__trashed\/ebook\/lancamento-e-book\/narrativas-oralidades-e-contacao-de-historias\/#primaryimage","url":"https:\/\/ponteseditores.com.br\/loja3\/wp-content\/uploads\/2026\/03\/Capa_Narrativas-e-Oralidades.jpg","contentUrl":"https:\/\/ponteseditores.com.br\/loja3\/wp-content\/uploads\/2026\/03\/Capa_Narrativas-e-Oralidades.jpg","width":800,"height":1159},{"@type":"BreadcrumbList","@id":"https:\/\/ponteseditores.com.br\/loja3\/pontes-editores-home-2__trashed\/ebook\/lancamento-e-book\/narrativas-oralidades-e-contacao-de-historias\/#breadcrumb","itemListElement":[{"@type":"ListItem","position":1,"name":"Home","item":"https:\/\/ponteseditores.com.br\/loja3\/"},{"@type":"ListItem","position":2,"name":"loja","item":"https:\/\/ponteseditores.com.br\/loja3\/loja\/"},{"@type":"ListItem","position":3,"name":"Narrativas, oralidades e conta\u00e7\u00e3o de hist\u00f3rias"}]},{"@type":"WebSite","@id":"https:\/\/ponteseditores.com.br\/loja3\/#website","url":"https:\/\/ponteseditores.com.br\/loja3\/","name":"Pontes Editores","description":"Pontes Editores","publisher":{"@id":"https:\/\/ponteseditores.com.br\/loja3\/#organization"},"potentialAction":[{"@type":"SearchAction","target":{"@type":"EntryPoint","urlTemplate":"https:\/\/ponteseditores.com.br\/loja3\/?s={search_term_string}"},"query-input":{"@type":"PropertyValueSpecification","valueRequired":true,"valueName":"search_term_string"}}],"inLanguage":"pt-BR"},{"@type":"Organization","@id":"https:\/\/ponteseditores.com.br\/loja3\/#organization","name":"Pontes Editores","url":"https:\/\/ponteseditores.com.br\/loja3\/","logo":{"@type":"ImageObject","inLanguage":"pt-BR","@id":"https:\/\/ponteseditores.com.br\/loja3\/#\/schema\/logo\/image\/","url":"https:\/\/ponteseditores.com.br\/loja3\/wp-content\/uploads\/2023\/12\/logo-pontes-editores-v2.png","contentUrl":"https:\/\/ponteseditores.com.br\/loja3\/wp-content\/uploads\/2023\/12\/logo-pontes-editores-v2.png","width":258,"height":100,"caption":"Pontes Editores"},"image":{"@id":"https:\/\/ponteseditores.com.br\/loja3\/#\/schema\/logo\/image\/"}}]}},"_links":{"self":[{"href":"https:\/\/ponteseditores.com.br\/loja3\/wp-json\/wp\/v2\/product\/37357","targetHints":{"allow":["GET"]}}],"collection":[{"href":"https:\/\/ponteseditores.com.br\/loja3\/wp-json\/wp\/v2\/product"}],"about":[{"href":"https:\/\/ponteseditores.com.br\/loja3\/wp-json\/wp\/v2\/types\/product"}],"replies":[{"embeddable":true,"href":"https:\/\/ponteseditores.com.br\/loja3\/wp-json\/wp\/v2\/comments?post=37357"}],"version-history":[{"count":1,"href":"https:\/\/ponteseditores.com.br\/loja3\/wp-json\/wp\/v2\/product\/37357\/revisions"}],"predecessor-version":[{"id":37360,"href":"https:\/\/ponteseditores.com.br\/loja3\/wp-json\/wp\/v2\/product\/37357\/revisions\/37360"}],"wp:featuredmedia":[{"embeddable":true,"href":"https:\/\/ponteseditores.com.br\/loja3\/wp-json\/wp\/v2\/media\/37359"}],"wp:attachment":[{"href":"https:\/\/ponteseditores.com.br\/loja3\/wp-json\/wp\/v2\/media?parent=37357"}],"wp:term":[{"taxonomy":"product_brand","embeddable":true,"href":"https:\/\/ponteseditores.com.br\/loja3\/wp-json\/wp\/v2\/product_brand?post=37357"},{"taxonomy":"product_cat","embeddable":true,"href":"https:\/\/ponteseditores.com.br\/loja3\/wp-json\/wp\/v2\/product_cat?post=37357"},{"taxonomy":"product_tag","embeddable":true,"href":"https:\/\/ponteseditores.com.br\/loja3\/wp-json\/wp\/v2\/product_tag?post=37357"}],"curies":[{"name":"wp","href":"https:\/\/api.w.org\/{rel}","templated":true}]}}