{"id":36564,"date":"2026-02-10T10:31:05","date_gmt":"2026-02-10T13:31:05","guid":{"rendered":"https:\/\/ponteseditores.com.br\/loja3\/?post_type=product&#038;p=36564"},"modified":"2026-02-10T10:31:05","modified_gmt":"2026-02-10T13:31:05","slug":"letras-hispanicas-em-foco-estudos-discursivos-literarios-e-aplicados-volume-2-2","status":"publish","type":"product","link":"https:\/\/ponteseditores.com.br\/loja3\/pontes-editores-home-2__trashed\/linguistica\/letras-hispanicas-em-foco-estudos-discursivos-literarios-e-aplicados-volume-2-2\/","title":{"rendered":"Letras hisp\u00e2nicas em foco: estudos discursivos, liter\u00e1rios e aplicados &#8211; Volume 2"},"content":{"rendered":"<p>\u201cLetras Hisp\u00e2nicas em Foco: estudos discursivos, liter\u00e1rios e aplicados, em seu segundo volume, n\u00e3o se prop\u00f5e a erguer monumentos nem a reiterar c\u00e2nones. O que se oferece ao p\u00fablico \u00e9 o registro de um compromisso: fazer ci\u00eancia com responsabilidade social, formar professoras e professores ancorados em educa\u00e7\u00e3o lingu\u00edstica cr\u00edtica, e produzir conhecimento capaz de interpelar as desigualdades que atravessam nossas salas de aula e nossas ruas. Em tempos de retra\u00e7\u00e3o de pol\u00edticas p\u00fablicas para a educa\u00e7\u00e3o e a ci\u00eancia, pu\u00adblicar, desde uma universidade estadual do Nordeste, uma colet\u00e2nea dedicada aos estudos hisp\u00e2nicos \u00e9 um gesto glotopol\u00edtico que afirma o lugar do portugu\u00eas e do espanhol, e de suas vizinhan\u00e7as, no projeto de integra\u00e7\u00e3o latino-americana.\u201d<\/p>\n<p>&nbsp;<\/p>\n<p>Patr\u00edcio Nunes Barreiros<\/p>\n<p>Doutor em Letras e Lingu\u00edstica<\/p>\n<p>Professor Pleno do Departamento de Letras e Artes<\/p>\n<p>da Universidade Estadual de Feira de Santana<\/p>\n<p>Bolsista de Produtividade do CNPq<\/p>\n<p>&nbsp;<\/p>\n<p>\u201cEste segundo volume do livro do Grupo de Pesquisa LEHISP re\u00fane trabalhos de pesquisa realizados no \u00e2mbito da orienta\u00e7\u00e3o cient\u00edfica, desenvolvidos com estudantes do curso de Letras\/Espanhol da Universidade do Estado da Bahia (Uneb), Campus I, e com discentes do Programa de P\u00f3s-Gradua\u00e7\u00e3o em Estudo de Linguagens (PPGEL), em seus n\u00edveis de mestrado e doutorado. Trata-se, portanto, de uma obra marcada pelo entrela\u00e7amento entre ensino, pesquisa e extens\u00e3o, refletindo o compromisso do grupo com a forma\u00e7\u00e3o cr\u00edtica e situada de estudantes e pesquisadores(as) voltados(as) aos estudos da linguagem. Este livro \u00e9 tamb\u00e9m um registro comemorativo, pois nasce em 2025, ano em que celebramos cinco anos de exist\u00eancia do Grupo LEHISP, 20 anos do curso de Letras\/Espanhol e nos aproximamos das comemora\u00e7\u00f5es de vinte anos do PPGEL\/Uneb. Assim, al\u00e9m de reunir produ\u00e7\u00f5es acad\u00eamicas, esta publica\u00e7\u00e3o se configura como um marco, uma comemora\u00e7\u00e3o, uma homenagem e um presente: para o grupo, para a universidade, para nossos estudantes e para a comunidade acad\u00eamica mais ampla com a qual dialogamos.\u201d<\/p>\n<p>&nbsp;<\/p>\n<p>Aline Silva Gomes<\/p>\n<p>Carla Severiano de Carvalho<\/p>\n<p>Organizadoras<\/p>\n<p>L\u00edderes do Grupo LEHISP<\/p>\n","protected":false},"excerpt":{"rendered":"<p>\u201cLetras Hisp\u00e2nicas em Foco: estudos discursivos, liter\u00e1rios e aplicados, em seu segundo volume, n\u00e3o se prop\u00f5e a erguer monumentos nem a reiterar c\u00e2nones. O que se oferece ao p\u00fablico \u00e9 o registro de um compromisso: fazer ci\u00eancia com responsabilidade social, formar professoras e professores ancorados em educa\u00e7\u00e3o lingu\u00edstica cr\u00edtica, e produzir conhecimento capaz de interpelar [&hellip;]<\/p>\n","protected":false},"featured_media":36562,"comment_status":"open","ping_status":"closed","template":"","meta":{"_joinchat":[]},"product_brand":[],"product_cat":[167,31],"product_tag":[],"class_list":{"0":"post-36564","1":"product","2":"type-product","3":"status-publish","4":"has-post-thumbnail","6":"product_cat-lancamento","7":"product_cat-linguistica","9":"first","10":"instock","11":"shipping-taxable","12":"purchasable","13":"product-type-simple"},"yoast_head":"<!-- This site is optimized with the Yoast SEO plugin v27.4 - https:\/\/yoast.com\/product\/yoast-seo-wordpress\/ -->\n<title>Letras hisp\u00e2nicas em foco: estudos discursivos, liter\u00e1rios e aplicados - Volume 2 - Pontes Editores<\/title>\n<meta name=\"robots\" content=\"index, follow, max-snippet:-1, max-image-preview:large, max-video-preview:-1\" \/>\n<link rel=\"canonical\" href=\"https:\/\/ponteseditores.com.br\/loja3\/pontes-editores-home-2__trashed\/linguistica\/letras-hispanicas-em-foco-estudos-discursivos-literarios-e-aplicados-volume-2-2\/\" \/>\n<meta property=\"og:locale\" content=\"pt_BR\" \/>\n<meta property=\"og:type\" content=\"article\" \/>\n<meta property=\"og:title\" content=\"Letras hisp\u00e2nicas em foco: estudos discursivos, liter\u00e1rios e aplicados - Volume 2 - Pontes Editores\" \/>\n<meta property=\"og:description\" content=\"\u201cLetras Hisp\u00e2nicas em Foco: estudos discursivos, liter\u00e1rios e aplicados, em seu segundo volume, n\u00e3o se prop\u00f5e a erguer monumentos nem a reiterar c\u00e2nones. O que se oferece ao p\u00fablico \u00e9 o registro de um compromisso: fazer ci\u00eancia com responsabilidade social, formar professoras e professores ancorados em educa\u00e7\u00e3o lingu\u00edstica cr\u00edtica, e produzir conhecimento capaz de interpelar [&hellip;]\" \/>\n<meta property=\"og:url\" content=\"https:\/\/ponteseditores.com.br\/loja3\/pontes-editores-home-2__trashed\/linguistica\/letras-hispanicas-em-foco-estudos-discursivos-literarios-e-aplicados-volume-2-2\/\" \/>\n<meta property=\"og:site_name\" content=\"Pontes Editores\" \/>\n<meta property=\"og:image\" content=\"https:\/\/ponteseditores.com.br\/loja3\/wp-content\/uploads\/2026\/02\/Capa_Letras-hispanicas.jpg\" \/>\n\t<meta property=\"og:image:width\" content=\"800\" \/>\n\t<meta property=\"og:image:height\" content=\"1159\" \/>\n\t<meta property=\"og:image:type\" content=\"image\/jpeg\" \/>\n<meta name=\"twitter:card\" content=\"summary_large_image\" \/>\n<meta name=\"twitter:label1\" content=\"Est. tempo de leitura\" \/>\n\t<meta name=\"twitter:data1\" content=\"2 minutos\" \/>\n<script type=\"application\/ld+json\" class=\"yoast-schema-graph\">{\"@context\":\"https:\\\/\\\/schema.org\",\"@graph\":[{\"@type\":\"WebPage\",\"@id\":\"https:\\\/\\\/ponteseditores.com.br\\\/loja3\\\/pontes-editores-home-2__trashed\\\/linguistica\\\/letras-hispanicas-em-foco-estudos-discursivos-literarios-e-aplicados-volume-2-2\\\/\",\"url\":\"https:\\\/\\\/ponteseditores.com.br\\\/loja3\\\/pontes-editores-home-2__trashed\\\/linguistica\\\/letras-hispanicas-em-foco-estudos-discursivos-literarios-e-aplicados-volume-2-2\\\/\",\"name\":\"Letras hisp\u00e2nicas em foco: estudos discursivos, liter\u00e1rios e aplicados - Volume 2 - Pontes Editores\",\"isPartOf\":{\"@id\":\"https:\\\/\\\/ponteseditores.com.br\\\/loja3\\\/#website\"},\"primaryImageOfPage\":{\"@id\":\"https:\\\/\\\/ponteseditores.com.br\\\/loja3\\\/pontes-editores-home-2__trashed\\\/linguistica\\\/letras-hispanicas-em-foco-estudos-discursivos-literarios-e-aplicados-volume-2-2\\\/#primaryimage\"},\"image\":{\"@id\":\"https:\\\/\\\/ponteseditores.com.br\\\/loja3\\\/pontes-editores-home-2__trashed\\\/linguistica\\\/letras-hispanicas-em-foco-estudos-discursivos-literarios-e-aplicados-volume-2-2\\\/#primaryimage\"},\"thumbnailUrl\":\"https:\\\/\\\/ponteseditores.com.br\\\/loja3\\\/wp-content\\\/uploads\\\/2026\\\/02\\\/Capa_Letras-hispanicas.jpg\",\"datePublished\":\"2026-02-10T13:31:05+00:00\",\"breadcrumb\":{\"@id\":\"https:\\\/\\\/ponteseditores.com.br\\\/loja3\\\/pontes-editores-home-2__trashed\\\/linguistica\\\/letras-hispanicas-em-foco-estudos-discursivos-literarios-e-aplicados-volume-2-2\\\/#breadcrumb\"},\"inLanguage\":\"pt-BR\",\"potentialAction\":[{\"@type\":\"ReadAction\",\"target\":[\"https:\\\/\\\/ponteseditores.com.br\\\/loja3\\\/pontes-editores-home-2__trashed\\\/linguistica\\\/letras-hispanicas-em-foco-estudos-discursivos-literarios-e-aplicados-volume-2-2\\\/\"]}]},{\"@type\":\"ImageObject\",\"inLanguage\":\"pt-BR\",\"@id\":\"https:\\\/\\\/ponteseditores.com.br\\\/loja3\\\/pontes-editores-home-2__trashed\\\/linguistica\\\/letras-hispanicas-em-foco-estudos-discursivos-literarios-e-aplicados-volume-2-2\\\/#primaryimage\",\"url\":\"https:\\\/\\\/ponteseditores.com.br\\\/loja3\\\/wp-content\\\/uploads\\\/2026\\\/02\\\/Capa_Letras-hispanicas.jpg\",\"contentUrl\":\"https:\\\/\\\/ponteseditores.com.br\\\/loja3\\\/wp-content\\\/uploads\\\/2026\\\/02\\\/Capa_Letras-hispanicas.jpg\",\"width\":800,\"height\":1159},{\"@type\":\"BreadcrumbList\",\"@id\":\"https:\\\/\\\/ponteseditores.com.br\\\/loja3\\\/pontes-editores-home-2__trashed\\\/linguistica\\\/letras-hispanicas-em-foco-estudos-discursivos-literarios-e-aplicados-volume-2-2\\\/#breadcrumb\",\"itemListElement\":[{\"@type\":\"ListItem\",\"position\":1,\"name\":\"Home\",\"item\":\"https:\\\/\\\/ponteseditores.com.br\\\/loja3\\\/\"},{\"@type\":\"ListItem\",\"position\":2,\"name\":\"loja\",\"item\":\"https:\\\/\\\/ponteseditores.com.br\\\/loja3\\\/loja\\\/\"},{\"@type\":\"ListItem\",\"position\":3,\"name\":\"Letras hisp\u00e2nicas em foco: estudos discursivos, liter\u00e1rios e aplicados &#8211; Volume 2\"}]},{\"@type\":\"WebSite\",\"@id\":\"https:\\\/\\\/ponteseditores.com.br\\\/loja3\\\/#website\",\"url\":\"https:\\\/\\\/ponteseditores.com.br\\\/loja3\\\/\",\"name\":\"Pontes Editores\",\"description\":\"Pontes Editores\",\"publisher\":{\"@id\":\"https:\\\/\\\/ponteseditores.com.br\\\/loja3\\\/#organization\"},\"potentialAction\":[{\"@type\":\"SearchAction\",\"target\":{\"@type\":\"EntryPoint\",\"urlTemplate\":\"https:\\\/\\\/ponteseditores.com.br\\\/loja3\\\/?s={search_term_string}\"},\"query-input\":{\"@type\":\"PropertyValueSpecification\",\"valueRequired\":true,\"valueName\":\"search_term_string\"}}],\"inLanguage\":\"pt-BR\"},{\"@type\":\"Organization\",\"@id\":\"https:\\\/\\\/ponteseditores.com.br\\\/loja3\\\/#organization\",\"name\":\"Pontes Editores\",\"url\":\"https:\\\/\\\/ponteseditores.com.br\\\/loja3\\\/\",\"logo\":{\"@type\":\"ImageObject\",\"inLanguage\":\"pt-BR\",\"@id\":\"https:\\\/\\\/ponteseditores.com.br\\\/loja3\\\/#\\\/schema\\\/logo\\\/image\\\/\",\"url\":\"https:\\\/\\\/ponteseditores.com.br\\\/loja3\\\/wp-content\\\/uploads\\\/2023\\\/12\\\/logo-pontes-editores-v2.png\",\"contentUrl\":\"https:\\\/\\\/ponteseditores.com.br\\\/loja3\\\/wp-content\\\/uploads\\\/2023\\\/12\\\/logo-pontes-editores-v2.png\",\"width\":258,\"height\":100,\"caption\":\"Pontes Editores\"},\"image\":{\"@id\":\"https:\\\/\\\/ponteseditores.com.br\\\/loja3\\\/#\\\/schema\\\/logo\\\/image\\\/\"}}]}<\/script>\n<!-- \/ Yoast SEO plugin. -->","yoast_head_json":{"title":"Letras hisp\u00e2nicas em foco: estudos discursivos, liter\u00e1rios e aplicados - Volume 2 - Pontes Editores","robots":{"index":"index","follow":"follow","max-snippet":"max-snippet:-1","max-image-preview":"max-image-preview:large","max-video-preview":"max-video-preview:-1"},"canonical":"https:\/\/ponteseditores.com.br\/loja3\/pontes-editores-home-2__trashed\/linguistica\/letras-hispanicas-em-foco-estudos-discursivos-literarios-e-aplicados-volume-2-2\/","og_locale":"pt_BR","og_type":"article","og_title":"Letras hisp\u00e2nicas em foco: estudos discursivos, liter\u00e1rios e aplicados - Volume 2 - Pontes Editores","og_description":"\u201cLetras Hisp\u00e2nicas em Foco: estudos discursivos, liter\u00e1rios e aplicados, em seu segundo volume, n\u00e3o se prop\u00f5e a erguer monumentos nem a reiterar c\u00e2nones. O que se oferece ao p\u00fablico \u00e9 o registro de um compromisso: fazer ci\u00eancia com responsabilidade social, formar professoras e professores ancorados em educa\u00e7\u00e3o lingu\u00edstica cr\u00edtica, e produzir conhecimento capaz de interpelar [&hellip;]","og_url":"https:\/\/ponteseditores.com.br\/loja3\/pontes-editores-home-2__trashed\/linguistica\/letras-hispanicas-em-foco-estudos-discursivos-literarios-e-aplicados-volume-2-2\/","og_site_name":"Pontes Editores","og_image":[{"width":800,"height":1159,"url":"https:\/\/ponteseditores.com.br\/loja3\/wp-content\/uploads\/2026\/02\/Capa_Letras-hispanicas.jpg","type":"image\/jpeg"}],"twitter_card":"summary_large_image","twitter_misc":{"Est. tempo de leitura":"2 minutos"},"schema":{"@context":"https:\/\/schema.org","@graph":[{"@type":"WebPage","@id":"https:\/\/ponteseditores.com.br\/loja3\/pontes-editores-home-2__trashed\/linguistica\/letras-hispanicas-em-foco-estudos-discursivos-literarios-e-aplicados-volume-2-2\/","url":"https:\/\/ponteseditores.com.br\/loja3\/pontes-editores-home-2__trashed\/linguistica\/letras-hispanicas-em-foco-estudos-discursivos-literarios-e-aplicados-volume-2-2\/","name":"Letras hisp\u00e2nicas em foco: estudos discursivos, liter\u00e1rios e aplicados - Volume 2 - Pontes Editores","isPartOf":{"@id":"https:\/\/ponteseditores.com.br\/loja3\/#website"},"primaryImageOfPage":{"@id":"https:\/\/ponteseditores.com.br\/loja3\/pontes-editores-home-2__trashed\/linguistica\/letras-hispanicas-em-foco-estudos-discursivos-literarios-e-aplicados-volume-2-2\/#primaryimage"},"image":{"@id":"https:\/\/ponteseditores.com.br\/loja3\/pontes-editores-home-2__trashed\/linguistica\/letras-hispanicas-em-foco-estudos-discursivos-literarios-e-aplicados-volume-2-2\/#primaryimage"},"thumbnailUrl":"https:\/\/ponteseditores.com.br\/loja3\/wp-content\/uploads\/2026\/02\/Capa_Letras-hispanicas.jpg","datePublished":"2026-02-10T13:31:05+00:00","breadcrumb":{"@id":"https:\/\/ponteseditores.com.br\/loja3\/pontes-editores-home-2__trashed\/linguistica\/letras-hispanicas-em-foco-estudos-discursivos-literarios-e-aplicados-volume-2-2\/#breadcrumb"},"inLanguage":"pt-BR","potentialAction":[{"@type":"ReadAction","target":["https:\/\/ponteseditores.com.br\/loja3\/pontes-editores-home-2__trashed\/linguistica\/letras-hispanicas-em-foco-estudos-discursivos-literarios-e-aplicados-volume-2-2\/"]}]},{"@type":"ImageObject","inLanguage":"pt-BR","@id":"https:\/\/ponteseditores.com.br\/loja3\/pontes-editores-home-2__trashed\/linguistica\/letras-hispanicas-em-foco-estudos-discursivos-literarios-e-aplicados-volume-2-2\/#primaryimage","url":"https:\/\/ponteseditores.com.br\/loja3\/wp-content\/uploads\/2026\/02\/Capa_Letras-hispanicas.jpg","contentUrl":"https:\/\/ponteseditores.com.br\/loja3\/wp-content\/uploads\/2026\/02\/Capa_Letras-hispanicas.jpg","width":800,"height":1159},{"@type":"BreadcrumbList","@id":"https:\/\/ponteseditores.com.br\/loja3\/pontes-editores-home-2__trashed\/linguistica\/letras-hispanicas-em-foco-estudos-discursivos-literarios-e-aplicados-volume-2-2\/#breadcrumb","itemListElement":[{"@type":"ListItem","position":1,"name":"Home","item":"https:\/\/ponteseditores.com.br\/loja3\/"},{"@type":"ListItem","position":2,"name":"loja","item":"https:\/\/ponteseditores.com.br\/loja3\/loja\/"},{"@type":"ListItem","position":3,"name":"Letras hisp\u00e2nicas em foco: estudos discursivos, liter\u00e1rios e aplicados &#8211; Volume 2"}]},{"@type":"WebSite","@id":"https:\/\/ponteseditores.com.br\/loja3\/#website","url":"https:\/\/ponteseditores.com.br\/loja3\/","name":"Pontes Editores","description":"Pontes Editores","publisher":{"@id":"https:\/\/ponteseditores.com.br\/loja3\/#organization"},"potentialAction":[{"@type":"SearchAction","target":{"@type":"EntryPoint","urlTemplate":"https:\/\/ponteseditores.com.br\/loja3\/?s={search_term_string}"},"query-input":{"@type":"PropertyValueSpecification","valueRequired":true,"valueName":"search_term_string"}}],"inLanguage":"pt-BR"},{"@type":"Organization","@id":"https:\/\/ponteseditores.com.br\/loja3\/#organization","name":"Pontes Editores","url":"https:\/\/ponteseditores.com.br\/loja3\/","logo":{"@type":"ImageObject","inLanguage":"pt-BR","@id":"https:\/\/ponteseditores.com.br\/loja3\/#\/schema\/logo\/image\/","url":"https:\/\/ponteseditores.com.br\/loja3\/wp-content\/uploads\/2023\/12\/logo-pontes-editores-v2.png","contentUrl":"https:\/\/ponteseditores.com.br\/loja3\/wp-content\/uploads\/2023\/12\/logo-pontes-editores-v2.png","width":258,"height":100,"caption":"Pontes Editores"},"image":{"@id":"https:\/\/ponteseditores.com.br\/loja3\/#\/schema\/logo\/image\/"}}]}},"_links":{"self":[{"href":"https:\/\/ponteseditores.com.br\/loja3\/wp-json\/wp\/v2\/product\/36564","targetHints":{"allow":["GET"]}}],"collection":[{"href":"https:\/\/ponteseditores.com.br\/loja3\/wp-json\/wp\/v2\/product"}],"about":[{"href":"https:\/\/ponteseditores.com.br\/loja3\/wp-json\/wp\/v2\/types\/product"}],"replies":[{"embeddable":true,"href":"https:\/\/ponteseditores.com.br\/loja3\/wp-json\/wp\/v2\/comments?post=36564"}],"version-history":[{"count":1,"href":"https:\/\/ponteseditores.com.br\/loja3\/wp-json\/wp\/v2\/product\/36564\/revisions"}],"predecessor-version":[{"id":36565,"href":"https:\/\/ponteseditores.com.br\/loja3\/wp-json\/wp\/v2\/product\/36564\/revisions\/36565"}],"wp:featuredmedia":[{"embeddable":true,"href":"https:\/\/ponteseditores.com.br\/loja3\/wp-json\/wp\/v2\/media\/36562"}],"wp:attachment":[{"href":"https:\/\/ponteseditores.com.br\/loja3\/wp-json\/wp\/v2\/media?parent=36564"}],"wp:term":[{"taxonomy":"product_brand","embeddable":true,"href":"https:\/\/ponteseditores.com.br\/loja3\/wp-json\/wp\/v2\/product_brand?post=36564"},{"taxonomy":"product_cat","embeddable":true,"href":"https:\/\/ponteseditores.com.br\/loja3\/wp-json\/wp\/v2\/product_cat?post=36564"},{"taxonomy":"product_tag","embeddable":true,"href":"https:\/\/ponteseditores.com.br\/loja3\/wp-json\/wp\/v2\/product_tag?post=36564"}],"curies":[{"name":"wp","href":"https:\/\/api.w.org\/{rel}","templated":true}]}}