{"id":36534,"date":"2026-02-09T16:48:06","date_gmt":"2026-02-09T19:48:06","guid":{"rendered":"https:\/\/ponteseditores.com.br\/loja3\/?post_type=product&#038;p=36534"},"modified":"2026-02-09T16:50:55","modified_gmt":"2026-02-09T19:50:55","slug":"caminhos-da-linguistica-funcional-tendencias-uso-interseccoes-uma-homenagem-a-marcia-teixeira-nogueira-3","status":"publish","type":"product","link":"https:\/\/ponteseditores.com.br\/loja3\/pontes-editores-home-2__trashed\/linguistica\/caminhos-da-linguistica-funcional-tendencias-uso-interseccoes-uma-homenagem-a-marcia-teixeira-nogueira-3\/","title":{"rendered":"Caminhos da Lingu\u00edstica Funcional: tend\u00eancias, uso, intersec\u00e7\u00f5es. Uma homenagem \u00e0 M\u00e1rcia Teixeira Nogueira"},"content":{"rendered":"<p><strong>Caminhos da Lingu\u00edstica Funcional: tend\u00eancias, uso, intersec\u00e7\u00f5es\u00a0<\/strong>\u2014\u00a0<em>uma homenagem \u00e0 M\u00e1rcia Teixeira Nogueira<\/em>, organizado pelas professoras Izabel Larissa Lucena Silva e Nadja Paulino Pessoa Prata, \u00e9 uma justa celebra\u00e7\u00e3o ao reconhecimento acad\u00eamico e cient\u00edfico da pesquisadora que n\u00e3o s\u00f3 promoveu um avan\u00e7o significativo da Lingu\u00edstica Funcional no Brasil, mas tamb\u00e9m formou docentes e pesquisadores que atuam no Ensino B\u00e1sico e Superior com excel\u00eancia. Os estudos apresentados exp\u00f5em an\u00e1lises de fen\u00f4menos lingu\u00edsticos fundamentadas nas diversas tend\u00eancias te\u00f3ricas funcionalistas. Os cap\u00edtulos da obra demonstram uma austeridade te\u00f3rica e metodol\u00f3gica que denota o desempenho da Professora M\u00e1rcia Teixeira Nogueira na orienta\u00e7\u00e3o para o ensino e a pesquisa com abordagem funcionalista e a integra\u00e7\u00e3o da diversidade de saberes manifesta em cada estudo desta colet\u00e2nea que se concretiza nas intersec\u00e7\u00f5es do Funcionalismo Lingu\u00edstico com as diferentes \u00e1reas da Ci\u00eancia da Linguagem e comprovam uma vida dedicada por meio dos muitos frutos j\u00e1 reconhecidos: professoras e professores que hoje atuam na doc\u00eancia e na p\u00f3s-gradua\u00e7\u00e3o.<\/p>\n<p>&nbsp;<\/p>\n<p>Cl\u00e1udia Ramos Carioca<\/p>\n<p>Professora Associada do Curso de Letras-L\u00edngua Portuguesa<\/p>\n<p>e do Mestrado em Estudos da Linguagem da Universidade<\/p>\n<p>da Integra\u00e7\u00e3o Internacional da Lusofonia Afro-Brasileira (Unilab)<\/p>\n","protected":false},"excerpt":{"rendered":"<p>Caminhos da Lingu\u00edstica Funcional: tend\u00eancias, uso, intersec\u00e7\u00f5es\u00a0\u2014\u00a0uma homenagem \u00e0 M\u00e1rcia Teixeira Nogueira, organizado pelas professoras Izabel Larissa Lucena Silva e Nadja Paulino Pessoa Prata, \u00e9 uma justa celebra\u00e7\u00e3o ao reconhecimento acad\u00eamico e cient\u00edfico da pesquisadora que n\u00e3o s\u00f3 promoveu um avan\u00e7o significativo da Lingu\u00edstica Funcional no Brasil, mas tamb\u00e9m formou docentes e pesquisadores que atuam [&hellip;]<\/p>\n","protected":false},"featured_media":36532,"comment_status":"open","ping_status":"closed","template":"","meta":{"_joinchat":[]},"product_brand":[],"product_cat":[167,31],"product_tag":[],"class_list":{"0":"post-36534","1":"product","2":"type-product","3":"status-publish","4":"has-post-thumbnail","6":"product_cat-lancamento","7":"product_cat-linguistica","9":"first","10":"instock","11":"shipping-taxable","12":"purchasable","13":"product-type-simple"},"yoast_head":"<!-- This site is optimized with the Yoast SEO plugin v27.4 - https:\/\/yoast.com\/product\/yoast-seo-wordpress\/ -->\n<title>Caminhos da Lingu\u00edstica Funcional: tend\u00eancias, uso, intersec\u00e7\u00f5es. Uma homenagem \u00e0 M\u00e1rcia Teixeira Nogueira - Pontes Editores<\/title>\n<meta name=\"robots\" content=\"index, follow, max-snippet:-1, max-image-preview:large, max-video-preview:-1\" \/>\n<link rel=\"canonical\" href=\"https:\/\/ponteseditores.com.br\/loja3\/pontes-editores-home-2__trashed\/linguistica\/caminhos-da-linguistica-funcional-tendencias-uso-interseccoes-uma-homenagem-a-marcia-teixeira-nogueira-3\/\" \/>\n<meta property=\"og:locale\" content=\"pt_BR\" \/>\n<meta property=\"og:type\" content=\"article\" \/>\n<meta property=\"og:title\" content=\"Caminhos da Lingu\u00edstica Funcional: tend\u00eancias, uso, intersec\u00e7\u00f5es. Uma homenagem \u00e0 M\u00e1rcia Teixeira Nogueira - Pontes Editores\" \/>\n<meta property=\"og:description\" content=\"Caminhos da Lingu\u00edstica Funcional: tend\u00eancias, uso, intersec\u00e7\u00f5es\u00a0\u2014\u00a0uma homenagem \u00e0 M\u00e1rcia Teixeira Nogueira, organizado pelas professoras Izabel Larissa Lucena Silva e Nadja Paulino Pessoa Prata, \u00e9 uma justa celebra\u00e7\u00e3o ao reconhecimento acad\u00eamico e cient\u00edfico da pesquisadora que n\u00e3o s\u00f3 promoveu um avan\u00e7o significativo da Lingu\u00edstica Funcional no Brasil, mas tamb\u00e9m formou docentes e pesquisadores que atuam [&hellip;]\" \/>\n<meta property=\"og:url\" content=\"https:\/\/ponteseditores.com.br\/loja3\/pontes-editores-home-2__trashed\/linguistica\/caminhos-da-linguistica-funcional-tendencias-uso-interseccoes-uma-homenagem-a-marcia-teixeira-nogueira-3\/\" \/>\n<meta property=\"og:site_name\" content=\"Pontes Editores\" \/>\n<meta property=\"article:modified_time\" content=\"2026-02-09T19:50:55+00:00\" \/>\n<meta property=\"og:image\" content=\"https:\/\/ponteseditores.com.br\/loja3\/wp-content\/uploads\/2026\/02\/capacaminhos.jpg\" \/>\n\t<meta property=\"og:image:width\" content=\"951\" \/>\n\t<meta property=\"og:image:height\" content=\"1358\" \/>\n\t<meta property=\"og:image:type\" content=\"image\/jpeg\" \/>\n<meta name=\"twitter:card\" content=\"summary_large_image\" \/>\n<meta name=\"twitter:label1\" content=\"Est. tempo de leitura\" \/>\n\t<meta name=\"twitter:data1\" content=\"2 minutos\" \/>\n<script type=\"application\/ld+json\" class=\"yoast-schema-graph\">{\"@context\":\"https:\\\/\\\/schema.org\",\"@graph\":[{\"@type\":\"WebPage\",\"@id\":\"https:\\\/\\\/ponteseditores.com.br\\\/loja3\\\/pontes-editores-home-2__trashed\\\/linguistica\\\/caminhos-da-linguistica-funcional-tendencias-uso-interseccoes-uma-homenagem-a-marcia-teixeira-nogueira-3\\\/\",\"url\":\"https:\\\/\\\/ponteseditores.com.br\\\/loja3\\\/pontes-editores-home-2__trashed\\\/linguistica\\\/caminhos-da-linguistica-funcional-tendencias-uso-interseccoes-uma-homenagem-a-marcia-teixeira-nogueira-3\\\/\",\"name\":\"Caminhos da Lingu\u00edstica Funcional: tend\u00eancias, uso, intersec\u00e7\u00f5es. Uma homenagem \u00e0 M\u00e1rcia Teixeira Nogueira - Pontes Editores\",\"isPartOf\":{\"@id\":\"https:\\\/\\\/ponteseditores.com.br\\\/loja3\\\/#website\"},\"primaryImageOfPage\":{\"@id\":\"https:\\\/\\\/ponteseditores.com.br\\\/loja3\\\/pontes-editores-home-2__trashed\\\/linguistica\\\/caminhos-da-linguistica-funcional-tendencias-uso-interseccoes-uma-homenagem-a-marcia-teixeira-nogueira-3\\\/#primaryimage\"},\"image\":{\"@id\":\"https:\\\/\\\/ponteseditores.com.br\\\/loja3\\\/pontes-editores-home-2__trashed\\\/linguistica\\\/caminhos-da-linguistica-funcional-tendencias-uso-interseccoes-uma-homenagem-a-marcia-teixeira-nogueira-3\\\/#primaryimage\"},\"thumbnailUrl\":\"https:\\\/\\\/ponteseditores.com.br\\\/loja3\\\/wp-content\\\/uploads\\\/2026\\\/02\\\/capacaminhos.jpg\",\"datePublished\":\"2026-02-09T19:48:06+00:00\",\"dateModified\":\"2026-02-09T19:50:55+00:00\",\"breadcrumb\":{\"@id\":\"https:\\\/\\\/ponteseditores.com.br\\\/loja3\\\/pontes-editores-home-2__trashed\\\/linguistica\\\/caminhos-da-linguistica-funcional-tendencias-uso-interseccoes-uma-homenagem-a-marcia-teixeira-nogueira-3\\\/#breadcrumb\"},\"inLanguage\":\"pt-BR\",\"potentialAction\":[{\"@type\":\"ReadAction\",\"target\":[\"https:\\\/\\\/ponteseditores.com.br\\\/loja3\\\/pontes-editores-home-2__trashed\\\/linguistica\\\/caminhos-da-linguistica-funcional-tendencias-uso-interseccoes-uma-homenagem-a-marcia-teixeira-nogueira-3\\\/\"]}]},{\"@type\":\"ImageObject\",\"inLanguage\":\"pt-BR\",\"@id\":\"https:\\\/\\\/ponteseditores.com.br\\\/loja3\\\/pontes-editores-home-2__trashed\\\/linguistica\\\/caminhos-da-linguistica-funcional-tendencias-uso-interseccoes-uma-homenagem-a-marcia-teixeira-nogueira-3\\\/#primaryimage\",\"url\":\"https:\\\/\\\/ponteseditores.com.br\\\/loja3\\\/wp-content\\\/uploads\\\/2026\\\/02\\\/capacaminhos.jpg\",\"contentUrl\":\"https:\\\/\\\/ponteseditores.com.br\\\/loja3\\\/wp-content\\\/uploads\\\/2026\\\/02\\\/capacaminhos.jpg\",\"width\":951,\"height\":1358},{\"@type\":\"BreadcrumbList\",\"@id\":\"https:\\\/\\\/ponteseditores.com.br\\\/loja3\\\/pontes-editores-home-2__trashed\\\/linguistica\\\/caminhos-da-linguistica-funcional-tendencias-uso-interseccoes-uma-homenagem-a-marcia-teixeira-nogueira-3\\\/#breadcrumb\",\"itemListElement\":[{\"@type\":\"ListItem\",\"position\":1,\"name\":\"Home\",\"item\":\"https:\\\/\\\/ponteseditores.com.br\\\/loja3\\\/\"},{\"@type\":\"ListItem\",\"position\":2,\"name\":\"loja\",\"item\":\"https:\\\/\\\/ponteseditores.com.br\\\/loja3\\\/loja\\\/\"},{\"@type\":\"ListItem\",\"position\":3,\"name\":\"Caminhos da Lingu\u00edstica Funcional: tend\u00eancias, uso, intersec\u00e7\u00f5es. Uma homenagem \u00e0 M\u00e1rcia Teixeira Nogueira\"}]},{\"@type\":\"WebSite\",\"@id\":\"https:\\\/\\\/ponteseditores.com.br\\\/loja3\\\/#website\",\"url\":\"https:\\\/\\\/ponteseditores.com.br\\\/loja3\\\/\",\"name\":\"Pontes Editores\",\"description\":\"Pontes Editores\",\"publisher\":{\"@id\":\"https:\\\/\\\/ponteseditores.com.br\\\/loja3\\\/#organization\"},\"potentialAction\":[{\"@type\":\"SearchAction\",\"target\":{\"@type\":\"EntryPoint\",\"urlTemplate\":\"https:\\\/\\\/ponteseditores.com.br\\\/loja3\\\/?s={search_term_string}\"},\"query-input\":{\"@type\":\"PropertyValueSpecification\",\"valueRequired\":true,\"valueName\":\"search_term_string\"}}],\"inLanguage\":\"pt-BR\"},{\"@type\":\"Organization\",\"@id\":\"https:\\\/\\\/ponteseditores.com.br\\\/loja3\\\/#organization\",\"name\":\"Pontes Editores\",\"url\":\"https:\\\/\\\/ponteseditores.com.br\\\/loja3\\\/\",\"logo\":{\"@type\":\"ImageObject\",\"inLanguage\":\"pt-BR\",\"@id\":\"https:\\\/\\\/ponteseditores.com.br\\\/loja3\\\/#\\\/schema\\\/logo\\\/image\\\/\",\"url\":\"https:\\\/\\\/ponteseditores.com.br\\\/loja3\\\/wp-content\\\/uploads\\\/2023\\\/12\\\/logo-pontes-editores-v2.png\",\"contentUrl\":\"https:\\\/\\\/ponteseditores.com.br\\\/loja3\\\/wp-content\\\/uploads\\\/2023\\\/12\\\/logo-pontes-editores-v2.png\",\"width\":258,\"height\":100,\"caption\":\"Pontes Editores\"},\"image\":{\"@id\":\"https:\\\/\\\/ponteseditores.com.br\\\/loja3\\\/#\\\/schema\\\/logo\\\/image\\\/\"}}]}<\/script>\n<!-- \/ Yoast SEO plugin. -->","yoast_head_json":{"title":"Caminhos da Lingu\u00edstica Funcional: tend\u00eancias, uso, intersec\u00e7\u00f5es. Uma homenagem \u00e0 M\u00e1rcia Teixeira Nogueira - Pontes Editores","robots":{"index":"index","follow":"follow","max-snippet":"max-snippet:-1","max-image-preview":"max-image-preview:large","max-video-preview":"max-video-preview:-1"},"canonical":"https:\/\/ponteseditores.com.br\/loja3\/pontes-editores-home-2__trashed\/linguistica\/caminhos-da-linguistica-funcional-tendencias-uso-interseccoes-uma-homenagem-a-marcia-teixeira-nogueira-3\/","og_locale":"pt_BR","og_type":"article","og_title":"Caminhos da Lingu\u00edstica Funcional: tend\u00eancias, uso, intersec\u00e7\u00f5es. Uma homenagem \u00e0 M\u00e1rcia Teixeira Nogueira - Pontes Editores","og_description":"Caminhos da Lingu\u00edstica Funcional: tend\u00eancias, uso, intersec\u00e7\u00f5es\u00a0\u2014\u00a0uma homenagem \u00e0 M\u00e1rcia Teixeira Nogueira, organizado pelas professoras Izabel Larissa Lucena Silva e Nadja Paulino Pessoa Prata, \u00e9 uma justa celebra\u00e7\u00e3o ao reconhecimento acad\u00eamico e cient\u00edfico da pesquisadora que n\u00e3o s\u00f3 promoveu um avan\u00e7o significativo da Lingu\u00edstica Funcional no Brasil, mas tamb\u00e9m formou docentes e pesquisadores que atuam [&hellip;]","og_url":"https:\/\/ponteseditores.com.br\/loja3\/pontes-editores-home-2__trashed\/linguistica\/caminhos-da-linguistica-funcional-tendencias-uso-interseccoes-uma-homenagem-a-marcia-teixeira-nogueira-3\/","og_site_name":"Pontes Editores","article_modified_time":"2026-02-09T19:50:55+00:00","og_image":[{"width":951,"height":1358,"url":"https:\/\/ponteseditores.com.br\/loja3\/wp-content\/uploads\/2026\/02\/capacaminhos.jpg","type":"image\/jpeg"}],"twitter_card":"summary_large_image","twitter_misc":{"Est. tempo de leitura":"2 minutos"},"schema":{"@context":"https:\/\/schema.org","@graph":[{"@type":"WebPage","@id":"https:\/\/ponteseditores.com.br\/loja3\/pontes-editores-home-2__trashed\/linguistica\/caminhos-da-linguistica-funcional-tendencias-uso-interseccoes-uma-homenagem-a-marcia-teixeira-nogueira-3\/","url":"https:\/\/ponteseditores.com.br\/loja3\/pontes-editores-home-2__trashed\/linguistica\/caminhos-da-linguistica-funcional-tendencias-uso-interseccoes-uma-homenagem-a-marcia-teixeira-nogueira-3\/","name":"Caminhos da Lingu\u00edstica Funcional: tend\u00eancias, uso, intersec\u00e7\u00f5es. Uma homenagem \u00e0 M\u00e1rcia Teixeira Nogueira - Pontes Editores","isPartOf":{"@id":"https:\/\/ponteseditores.com.br\/loja3\/#website"},"primaryImageOfPage":{"@id":"https:\/\/ponteseditores.com.br\/loja3\/pontes-editores-home-2__trashed\/linguistica\/caminhos-da-linguistica-funcional-tendencias-uso-interseccoes-uma-homenagem-a-marcia-teixeira-nogueira-3\/#primaryimage"},"image":{"@id":"https:\/\/ponteseditores.com.br\/loja3\/pontes-editores-home-2__trashed\/linguistica\/caminhos-da-linguistica-funcional-tendencias-uso-interseccoes-uma-homenagem-a-marcia-teixeira-nogueira-3\/#primaryimage"},"thumbnailUrl":"https:\/\/ponteseditores.com.br\/loja3\/wp-content\/uploads\/2026\/02\/capacaminhos.jpg","datePublished":"2026-02-09T19:48:06+00:00","dateModified":"2026-02-09T19:50:55+00:00","breadcrumb":{"@id":"https:\/\/ponteseditores.com.br\/loja3\/pontes-editores-home-2__trashed\/linguistica\/caminhos-da-linguistica-funcional-tendencias-uso-interseccoes-uma-homenagem-a-marcia-teixeira-nogueira-3\/#breadcrumb"},"inLanguage":"pt-BR","potentialAction":[{"@type":"ReadAction","target":["https:\/\/ponteseditores.com.br\/loja3\/pontes-editores-home-2__trashed\/linguistica\/caminhos-da-linguistica-funcional-tendencias-uso-interseccoes-uma-homenagem-a-marcia-teixeira-nogueira-3\/"]}]},{"@type":"ImageObject","inLanguage":"pt-BR","@id":"https:\/\/ponteseditores.com.br\/loja3\/pontes-editores-home-2__trashed\/linguistica\/caminhos-da-linguistica-funcional-tendencias-uso-interseccoes-uma-homenagem-a-marcia-teixeira-nogueira-3\/#primaryimage","url":"https:\/\/ponteseditores.com.br\/loja3\/wp-content\/uploads\/2026\/02\/capacaminhos.jpg","contentUrl":"https:\/\/ponteseditores.com.br\/loja3\/wp-content\/uploads\/2026\/02\/capacaminhos.jpg","width":951,"height":1358},{"@type":"BreadcrumbList","@id":"https:\/\/ponteseditores.com.br\/loja3\/pontes-editores-home-2__trashed\/linguistica\/caminhos-da-linguistica-funcional-tendencias-uso-interseccoes-uma-homenagem-a-marcia-teixeira-nogueira-3\/#breadcrumb","itemListElement":[{"@type":"ListItem","position":1,"name":"Home","item":"https:\/\/ponteseditores.com.br\/loja3\/"},{"@type":"ListItem","position":2,"name":"loja","item":"https:\/\/ponteseditores.com.br\/loja3\/loja\/"},{"@type":"ListItem","position":3,"name":"Caminhos da Lingu\u00edstica Funcional: tend\u00eancias, uso, intersec\u00e7\u00f5es. Uma homenagem \u00e0 M\u00e1rcia Teixeira Nogueira"}]},{"@type":"WebSite","@id":"https:\/\/ponteseditores.com.br\/loja3\/#website","url":"https:\/\/ponteseditores.com.br\/loja3\/","name":"Pontes Editores","description":"Pontes Editores","publisher":{"@id":"https:\/\/ponteseditores.com.br\/loja3\/#organization"},"potentialAction":[{"@type":"SearchAction","target":{"@type":"EntryPoint","urlTemplate":"https:\/\/ponteseditores.com.br\/loja3\/?s={search_term_string}"},"query-input":{"@type":"PropertyValueSpecification","valueRequired":true,"valueName":"search_term_string"}}],"inLanguage":"pt-BR"},{"@type":"Organization","@id":"https:\/\/ponteseditores.com.br\/loja3\/#organization","name":"Pontes Editores","url":"https:\/\/ponteseditores.com.br\/loja3\/","logo":{"@type":"ImageObject","inLanguage":"pt-BR","@id":"https:\/\/ponteseditores.com.br\/loja3\/#\/schema\/logo\/image\/","url":"https:\/\/ponteseditores.com.br\/loja3\/wp-content\/uploads\/2023\/12\/logo-pontes-editores-v2.png","contentUrl":"https:\/\/ponteseditores.com.br\/loja3\/wp-content\/uploads\/2023\/12\/logo-pontes-editores-v2.png","width":258,"height":100,"caption":"Pontes Editores"},"image":{"@id":"https:\/\/ponteseditores.com.br\/loja3\/#\/schema\/logo\/image\/"}}]}},"_links":{"self":[{"href":"https:\/\/ponteseditores.com.br\/loja3\/wp-json\/wp\/v2\/product\/36534","targetHints":{"allow":["GET"]}}],"collection":[{"href":"https:\/\/ponteseditores.com.br\/loja3\/wp-json\/wp\/v2\/product"}],"about":[{"href":"https:\/\/ponteseditores.com.br\/loja3\/wp-json\/wp\/v2\/types\/product"}],"replies":[{"embeddable":true,"href":"https:\/\/ponteseditores.com.br\/loja3\/wp-json\/wp\/v2\/comments?post=36534"}],"version-history":[{"count":1,"href":"https:\/\/ponteseditores.com.br\/loja3\/wp-json\/wp\/v2\/product\/36534\/revisions"}],"predecessor-version":[{"id":36535,"href":"https:\/\/ponteseditores.com.br\/loja3\/wp-json\/wp\/v2\/product\/36534\/revisions\/36535"}],"wp:featuredmedia":[{"embeddable":true,"href":"https:\/\/ponteseditores.com.br\/loja3\/wp-json\/wp\/v2\/media\/36532"}],"wp:attachment":[{"href":"https:\/\/ponteseditores.com.br\/loja3\/wp-json\/wp\/v2\/media?parent=36534"}],"wp:term":[{"taxonomy":"product_brand","embeddable":true,"href":"https:\/\/ponteseditores.com.br\/loja3\/wp-json\/wp\/v2\/product_brand?post=36534"},{"taxonomy":"product_cat","embeddable":true,"href":"https:\/\/ponteseditores.com.br\/loja3\/wp-json\/wp\/v2\/product_cat?post=36534"},{"taxonomy":"product_tag","embeddable":true,"href":"https:\/\/ponteseditores.com.br\/loja3\/wp-json\/wp\/v2\/product_tag?post=36534"}],"curies":[{"name":"wp","href":"https:\/\/api.w.org\/{rel}","templated":true}]}}