{"id":36026,"date":"2026-01-26T11:41:31","date_gmt":"2026-01-26T14:41:31","guid":{"rendered":"https:\/\/ponteseditores.com.br\/loja3\/?post_type=product&#038;p=36026"},"modified":"2026-02-12T14:47:04","modified_gmt":"2026-02-12T17:47:04","slug":"dialogos-em-letras-anglo-germanicas-percursos-contemporaneos-2","status":"publish","type":"product","link":"https:\/\/ponteseditores.com.br\/loja3\/pontes-editores-home-2__trashed\/ebook\/lancamento-e-book\/dialogos-em-letras-anglo-germanicas-percursos-contemporaneos-2\/","title":{"rendered":"Di\u00e1logos em letras anglo-germ\u00e2nicas: percursos contempor\u00e2neos"},"content":{"rendered":"<p>Em um mundo cada vez mais atravessado por fronteiras m\u00f3veis, sejam elas lingu\u00edsticas, culturais, tecnol\u00f3gicas e\/ou identit\u00e1rias,\u00a0<em>Di\u00e1logos em Letras Anglo-germ\u00e2nicas: percursos contempor\u00e2neos\u00a0<\/em>convida o leitor a refletir sobre os m\u00faltiplos modos de se pensar, ensinar e traduzir as l\u00ednguas, literaturas e culturas de tradi\u00e7\u00e3o anglo-germ\u00e2nica. Reunindo pesquisas de docentes e discentes de diversas institui\u00e7\u00f5es brasileiras e estrangeiras, esta colet\u00e2nea constitui um espa\u00e7o de encontro entre teoria e pr\u00e1tica, entre vozes emergentes e consolidadas, entre o rigor acad\u00eamico e o engajamento cr\u00edtico.<\/p>\n<p>Os cap\u00edtulos percorrem temas que v\u00e3o da teoria queer \u00e0 est\u00e9tica contempor\u00e2nea, da lingu\u00edstica cartogr\u00e1fica \u00e0 tradu\u00e7\u00e3o audiovisual, da translinguagem \u00e0 forma\u00e7\u00e3o docente, revelando a vitalidade e a diversidade que caracterizam o campo das Letras hoje. Cada estudo, ao seu modo, prop\u00f5e uma escuta atenta \u00e0s tens\u00f5es do presente: g\u00eanero e sexualidade, ra\u00e7a e identidade, ci\u00eancia e inclus\u00e3o, ensino e tecnologia, literatura e afetos.<\/p>\n<p>Mais do que um registro de pesquisa, o livro afirma a pot\u00eancia pol\u00edtica e social do di\u00e1logo interdisciplinar. Ao articular doc\u00eancia, tradu\u00e7\u00e3o, estudos lingu\u00edsticos e liter\u00e1rios, esta obra reafirma o compromisso das Letras com a constru\u00e7\u00e3o de saberes plurais, cr\u00edticos e transformadores.<\/p>\n<p><em>Di\u00e1logos em Letras Anglo-Germ\u00e2nicas\u00a0<\/em>\u00e9, portanto, um convite \u00e0 reflex\u00e3o sobre o papel da linguagem na constitui\u00e7\u00e3o de mundos; um gesto coletivo de pensar a humanidade atrav\u00e9s da palavra escrita.<\/p>\n","protected":false},"excerpt":{"rendered":"<p>Em um mundo cada vez mais atravessado por fronteiras m\u00f3veis, sejam elas lingu\u00edsticas, culturais, tecnol\u00f3gicas e\/ou identit\u00e1rias,\u00a0Di\u00e1logos em Letras Anglo-germ\u00e2nicas: percursos contempor\u00e2neos\u00a0convida o leitor a refletir sobre os m\u00faltiplos modos de se pensar, ensinar e traduzir as l\u00ednguas, literaturas e culturas de tradi\u00e7\u00e3o anglo-germ\u00e2nica. Reunindo pesquisas de docentes e discentes de diversas institui\u00e7\u00f5es brasileiras e [&hellip;]<\/p>\n","protected":false},"featured_media":36016,"comment_status":"open","ping_status":"closed","template":"","meta":{"_joinchat":[]},"product_brand":[],"product_cat":[165,386],"product_tag":[],"class_list":{"0":"post-36026","1":"product","2":"type-product","3":"status-publish","4":"has-post-thumbnail","6":"product_cat-ebook","7":"product_cat-lancamento-e-book","9":"first","10":"instock","11":"downloadable","12":"virtual","13":"purchasable","14":"product-type-simple"},"yoast_head":"<!-- This site is optimized with the Yoast SEO plugin v27.4 - https:\/\/yoast.com\/product\/yoast-seo-wordpress\/ -->\n<title>Di\u00e1logos em letras anglo-germ\u00e2nicas: percursos contempor\u00e2neos - Pontes Editores<\/title>\n<meta name=\"robots\" content=\"index, follow, max-snippet:-1, max-image-preview:large, max-video-preview:-1\" \/>\n<link rel=\"canonical\" href=\"https:\/\/ponteseditores.com.br\/loja3\/pontes-editores-home-2__trashed\/ebook\/lancamento-e-book\/dialogos-em-letras-anglo-germanicas-percursos-contemporaneos-2\/\" \/>\n<meta property=\"og:locale\" content=\"pt_BR\" \/>\n<meta property=\"og:type\" content=\"article\" \/>\n<meta property=\"og:title\" content=\"Di\u00e1logos em letras anglo-germ\u00e2nicas: percursos contempor\u00e2neos - Pontes Editores\" \/>\n<meta property=\"og:description\" content=\"Em um mundo cada vez mais atravessado por fronteiras m\u00f3veis, sejam elas lingu\u00edsticas, culturais, tecnol\u00f3gicas e\/ou identit\u00e1rias,\u00a0Di\u00e1logos em Letras Anglo-germ\u00e2nicas: percursos contempor\u00e2neos\u00a0convida o leitor a refletir sobre os m\u00faltiplos modos de se pensar, ensinar e traduzir as l\u00ednguas, literaturas e culturas de tradi\u00e7\u00e3o anglo-germ\u00e2nica. Reunindo pesquisas de docentes e discentes de diversas institui\u00e7\u00f5es brasileiras e [&hellip;]\" \/>\n<meta property=\"og:url\" content=\"https:\/\/ponteseditores.com.br\/loja3\/pontes-editores-home-2__trashed\/ebook\/lancamento-e-book\/dialogos-em-letras-anglo-germanicas-percursos-contemporaneos-2\/\" \/>\n<meta property=\"og:site_name\" content=\"Pontes Editores\" \/>\n<meta property=\"article:modified_time\" content=\"2026-02-12T17:47:04+00:00\" \/>\n<meta property=\"og:image\" content=\"https:\/\/ponteseditores.com.br\/loja3\/wp-content\/uploads\/2026\/01\/Capa_Dialogos-em-letras.jpg\" \/>\n\t<meta property=\"og:image:width\" content=\"800\" \/>\n\t<meta property=\"og:image:height\" content=\"1159\" \/>\n\t<meta property=\"og:image:type\" content=\"image\/jpeg\" \/>\n<meta name=\"twitter:card\" content=\"summary_large_image\" \/>\n<meta name=\"twitter:label1\" content=\"Est. tempo de leitura\" \/>\n\t<meta name=\"twitter:data1\" content=\"2 minutos\" \/>\n<script type=\"application\/ld+json\" class=\"yoast-schema-graph\">{\"@context\":\"https:\\\/\\\/schema.org\",\"@graph\":[{\"@type\":\"WebPage\",\"@id\":\"https:\\\/\\\/ponteseditores.com.br\\\/loja3\\\/pontes-editores-home-2__trashed\\\/ebook\\\/lancamento-e-book\\\/dialogos-em-letras-anglo-germanicas-percursos-contemporaneos-2\\\/\",\"url\":\"https:\\\/\\\/ponteseditores.com.br\\\/loja3\\\/pontes-editores-home-2__trashed\\\/ebook\\\/lancamento-e-book\\\/dialogos-em-letras-anglo-germanicas-percursos-contemporaneos-2\\\/\",\"name\":\"Di\u00e1logos em letras anglo-germ\u00e2nicas: percursos contempor\u00e2neos - Pontes Editores\",\"isPartOf\":{\"@id\":\"https:\\\/\\\/ponteseditores.com.br\\\/loja3\\\/#website\"},\"primaryImageOfPage\":{\"@id\":\"https:\\\/\\\/ponteseditores.com.br\\\/loja3\\\/pontes-editores-home-2__trashed\\\/ebook\\\/lancamento-e-book\\\/dialogos-em-letras-anglo-germanicas-percursos-contemporaneos-2\\\/#primaryimage\"},\"image\":{\"@id\":\"https:\\\/\\\/ponteseditores.com.br\\\/loja3\\\/pontes-editores-home-2__trashed\\\/ebook\\\/lancamento-e-book\\\/dialogos-em-letras-anglo-germanicas-percursos-contemporaneos-2\\\/#primaryimage\"},\"thumbnailUrl\":\"https:\\\/\\\/ponteseditores.com.br\\\/loja3\\\/wp-content\\\/uploads\\\/2026\\\/01\\\/Capa_Dialogos-em-letras.jpg\",\"datePublished\":\"2026-01-26T14:41:31+00:00\",\"dateModified\":\"2026-02-12T17:47:04+00:00\",\"breadcrumb\":{\"@id\":\"https:\\\/\\\/ponteseditores.com.br\\\/loja3\\\/pontes-editores-home-2__trashed\\\/ebook\\\/lancamento-e-book\\\/dialogos-em-letras-anglo-germanicas-percursos-contemporaneos-2\\\/#breadcrumb\"},\"inLanguage\":\"pt-BR\",\"potentialAction\":[{\"@type\":\"ReadAction\",\"target\":[\"https:\\\/\\\/ponteseditores.com.br\\\/loja3\\\/pontes-editores-home-2__trashed\\\/ebook\\\/lancamento-e-book\\\/dialogos-em-letras-anglo-germanicas-percursos-contemporaneos-2\\\/\"]}]},{\"@type\":\"ImageObject\",\"inLanguage\":\"pt-BR\",\"@id\":\"https:\\\/\\\/ponteseditores.com.br\\\/loja3\\\/pontes-editores-home-2__trashed\\\/ebook\\\/lancamento-e-book\\\/dialogos-em-letras-anglo-germanicas-percursos-contemporaneos-2\\\/#primaryimage\",\"url\":\"https:\\\/\\\/ponteseditores.com.br\\\/loja3\\\/wp-content\\\/uploads\\\/2026\\\/01\\\/Capa_Dialogos-em-letras.jpg\",\"contentUrl\":\"https:\\\/\\\/ponteseditores.com.br\\\/loja3\\\/wp-content\\\/uploads\\\/2026\\\/01\\\/Capa_Dialogos-em-letras.jpg\",\"width\":800,\"height\":1159},{\"@type\":\"BreadcrumbList\",\"@id\":\"https:\\\/\\\/ponteseditores.com.br\\\/loja3\\\/pontes-editores-home-2__trashed\\\/ebook\\\/lancamento-e-book\\\/dialogos-em-letras-anglo-germanicas-percursos-contemporaneos-2\\\/#breadcrumb\",\"itemListElement\":[{\"@type\":\"ListItem\",\"position\":1,\"name\":\"Home\",\"item\":\"https:\\\/\\\/ponteseditores.com.br\\\/loja3\\\/\"},{\"@type\":\"ListItem\",\"position\":2,\"name\":\"loja\",\"item\":\"https:\\\/\\\/ponteseditores.com.br\\\/loja3\\\/loja\\\/\"},{\"@type\":\"ListItem\",\"position\":3,\"name\":\"Di\u00e1logos em letras anglo-germ\u00e2nicas: percursos contempor\u00e2neos\"}]},{\"@type\":\"WebSite\",\"@id\":\"https:\\\/\\\/ponteseditores.com.br\\\/loja3\\\/#website\",\"url\":\"https:\\\/\\\/ponteseditores.com.br\\\/loja3\\\/\",\"name\":\"Pontes Editores\",\"description\":\"Pontes Editores\",\"publisher\":{\"@id\":\"https:\\\/\\\/ponteseditores.com.br\\\/loja3\\\/#organization\"},\"potentialAction\":[{\"@type\":\"SearchAction\",\"target\":{\"@type\":\"EntryPoint\",\"urlTemplate\":\"https:\\\/\\\/ponteseditores.com.br\\\/loja3\\\/?s={search_term_string}\"},\"query-input\":{\"@type\":\"PropertyValueSpecification\",\"valueRequired\":true,\"valueName\":\"search_term_string\"}}],\"inLanguage\":\"pt-BR\"},{\"@type\":\"Organization\",\"@id\":\"https:\\\/\\\/ponteseditores.com.br\\\/loja3\\\/#organization\",\"name\":\"Pontes Editores\",\"url\":\"https:\\\/\\\/ponteseditores.com.br\\\/loja3\\\/\",\"logo\":{\"@type\":\"ImageObject\",\"inLanguage\":\"pt-BR\",\"@id\":\"https:\\\/\\\/ponteseditores.com.br\\\/loja3\\\/#\\\/schema\\\/logo\\\/image\\\/\",\"url\":\"https:\\\/\\\/ponteseditores.com.br\\\/loja3\\\/wp-content\\\/uploads\\\/2023\\\/12\\\/logo-pontes-editores-v2.png\",\"contentUrl\":\"https:\\\/\\\/ponteseditores.com.br\\\/loja3\\\/wp-content\\\/uploads\\\/2023\\\/12\\\/logo-pontes-editores-v2.png\",\"width\":258,\"height\":100,\"caption\":\"Pontes Editores\"},\"image\":{\"@id\":\"https:\\\/\\\/ponteseditores.com.br\\\/loja3\\\/#\\\/schema\\\/logo\\\/image\\\/\"}}]}<\/script>\n<!-- \/ Yoast SEO plugin. -->","yoast_head_json":{"title":"Di\u00e1logos em letras anglo-germ\u00e2nicas: percursos contempor\u00e2neos - Pontes Editores","robots":{"index":"index","follow":"follow","max-snippet":"max-snippet:-1","max-image-preview":"max-image-preview:large","max-video-preview":"max-video-preview:-1"},"canonical":"https:\/\/ponteseditores.com.br\/loja3\/pontes-editores-home-2__trashed\/ebook\/lancamento-e-book\/dialogos-em-letras-anglo-germanicas-percursos-contemporaneos-2\/","og_locale":"pt_BR","og_type":"article","og_title":"Di\u00e1logos em letras anglo-germ\u00e2nicas: percursos contempor\u00e2neos - Pontes Editores","og_description":"Em um mundo cada vez mais atravessado por fronteiras m\u00f3veis, sejam elas lingu\u00edsticas, culturais, tecnol\u00f3gicas e\/ou identit\u00e1rias,\u00a0Di\u00e1logos em Letras Anglo-germ\u00e2nicas: percursos contempor\u00e2neos\u00a0convida o leitor a refletir sobre os m\u00faltiplos modos de se pensar, ensinar e traduzir as l\u00ednguas, literaturas e culturas de tradi\u00e7\u00e3o anglo-germ\u00e2nica. Reunindo pesquisas de docentes e discentes de diversas institui\u00e7\u00f5es brasileiras e [&hellip;]","og_url":"https:\/\/ponteseditores.com.br\/loja3\/pontes-editores-home-2__trashed\/ebook\/lancamento-e-book\/dialogos-em-letras-anglo-germanicas-percursos-contemporaneos-2\/","og_site_name":"Pontes Editores","article_modified_time":"2026-02-12T17:47:04+00:00","og_image":[{"width":800,"height":1159,"url":"https:\/\/ponteseditores.com.br\/loja3\/wp-content\/uploads\/2026\/01\/Capa_Dialogos-em-letras.jpg","type":"image\/jpeg"}],"twitter_card":"summary_large_image","twitter_misc":{"Est. tempo de leitura":"2 minutos"},"schema":{"@context":"https:\/\/schema.org","@graph":[{"@type":"WebPage","@id":"https:\/\/ponteseditores.com.br\/loja3\/pontes-editores-home-2__trashed\/ebook\/lancamento-e-book\/dialogos-em-letras-anglo-germanicas-percursos-contemporaneos-2\/","url":"https:\/\/ponteseditores.com.br\/loja3\/pontes-editores-home-2__trashed\/ebook\/lancamento-e-book\/dialogos-em-letras-anglo-germanicas-percursos-contemporaneos-2\/","name":"Di\u00e1logos em letras anglo-germ\u00e2nicas: percursos contempor\u00e2neos - Pontes Editores","isPartOf":{"@id":"https:\/\/ponteseditores.com.br\/loja3\/#website"},"primaryImageOfPage":{"@id":"https:\/\/ponteseditores.com.br\/loja3\/pontes-editores-home-2__trashed\/ebook\/lancamento-e-book\/dialogos-em-letras-anglo-germanicas-percursos-contemporaneos-2\/#primaryimage"},"image":{"@id":"https:\/\/ponteseditores.com.br\/loja3\/pontes-editores-home-2__trashed\/ebook\/lancamento-e-book\/dialogos-em-letras-anglo-germanicas-percursos-contemporaneos-2\/#primaryimage"},"thumbnailUrl":"https:\/\/ponteseditores.com.br\/loja3\/wp-content\/uploads\/2026\/01\/Capa_Dialogos-em-letras.jpg","datePublished":"2026-01-26T14:41:31+00:00","dateModified":"2026-02-12T17:47:04+00:00","breadcrumb":{"@id":"https:\/\/ponteseditores.com.br\/loja3\/pontes-editores-home-2__trashed\/ebook\/lancamento-e-book\/dialogos-em-letras-anglo-germanicas-percursos-contemporaneos-2\/#breadcrumb"},"inLanguage":"pt-BR","potentialAction":[{"@type":"ReadAction","target":["https:\/\/ponteseditores.com.br\/loja3\/pontes-editores-home-2__trashed\/ebook\/lancamento-e-book\/dialogos-em-letras-anglo-germanicas-percursos-contemporaneos-2\/"]}]},{"@type":"ImageObject","inLanguage":"pt-BR","@id":"https:\/\/ponteseditores.com.br\/loja3\/pontes-editores-home-2__trashed\/ebook\/lancamento-e-book\/dialogos-em-letras-anglo-germanicas-percursos-contemporaneos-2\/#primaryimage","url":"https:\/\/ponteseditores.com.br\/loja3\/wp-content\/uploads\/2026\/01\/Capa_Dialogos-em-letras.jpg","contentUrl":"https:\/\/ponteseditores.com.br\/loja3\/wp-content\/uploads\/2026\/01\/Capa_Dialogos-em-letras.jpg","width":800,"height":1159},{"@type":"BreadcrumbList","@id":"https:\/\/ponteseditores.com.br\/loja3\/pontes-editores-home-2__trashed\/ebook\/lancamento-e-book\/dialogos-em-letras-anglo-germanicas-percursos-contemporaneos-2\/#breadcrumb","itemListElement":[{"@type":"ListItem","position":1,"name":"Home","item":"https:\/\/ponteseditores.com.br\/loja3\/"},{"@type":"ListItem","position":2,"name":"loja","item":"https:\/\/ponteseditores.com.br\/loja3\/loja\/"},{"@type":"ListItem","position":3,"name":"Di\u00e1logos em letras anglo-germ\u00e2nicas: percursos contempor\u00e2neos"}]},{"@type":"WebSite","@id":"https:\/\/ponteseditores.com.br\/loja3\/#website","url":"https:\/\/ponteseditores.com.br\/loja3\/","name":"Pontes Editores","description":"Pontes Editores","publisher":{"@id":"https:\/\/ponteseditores.com.br\/loja3\/#organization"},"potentialAction":[{"@type":"SearchAction","target":{"@type":"EntryPoint","urlTemplate":"https:\/\/ponteseditores.com.br\/loja3\/?s={search_term_string}"},"query-input":{"@type":"PropertyValueSpecification","valueRequired":true,"valueName":"search_term_string"}}],"inLanguage":"pt-BR"},{"@type":"Organization","@id":"https:\/\/ponteseditores.com.br\/loja3\/#organization","name":"Pontes Editores","url":"https:\/\/ponteseditores.com.br\/loja3\/","logo":{"@type":"ImageObject","inLanguage":"pt-BR","@id":"https:\/\/ponteseditores.com.br\/loja3\/#\/schema\/logo\/image\/","url":"https:\/\/ponteseditores.com.br\/loja3\/wp-content\/uploads\/2023\/12\/logo-pontes-editores-v2.png","contentUrl":"https:\/\/ponteseditores.com.br\/loja3\/wp-content\/uploads\/2023\/12\/logo-pontes-editores-v2.png","width":258,"height":100,"caption":"Pontes Editores"},"image":{"@id":"https:\/\/ponteseditores.com.br\/loja3\/#\/schema\/logo\/image\/"}}]}},"_links":{"self":[{"href":"https:\/\/ponteseditores.com.br\/loja3\/wp-json\/wp\/v2\/product\/36026","targetHints":{"allow":["GET"]}}],"collection":[{"href":"https:\/\/ponteseditores.com.br\/loja3\/wp-json\/wp\/v2\/product"}],"about":[{"href":"https:\/\/ponteseditores.com.br\/loja3\/wp-json\/wp\/v2\/types\/product"}],"replies":[{"embeddable":true,"href":"https:\/\/ponteseditores.com.br\/loja3\/wp-json\/wp\/v2\/comments?post=36026"}],"version-history":[{"count":1,"href":"https:\/\/ponteseditores.com.br\/loja3\/wp-json\/wp\/v2\/product\/36026\/revisions"}],"predecessor-version":[{"id":36028,"href":"https:\/\/ponteseditores.com.br\/loja3\/wp-json\/wp\/v2\/product\/36026\/revisions\/36028"}],"wp:featuredmedia":[{"embeddable":true,"href":"https:\/\/ponteseditores.com.br\/loja3\/wp-json\/wp\/v2\/media\/36016"}],"wp:attachment":[{"href":"https:\/\/ponteseditores.com.br\/loja3\/wp-json\/wp\/v2\/media?parent=36026"}],"wp:term":[{"taxonomy":"product_brand","embeddable":true,"href":"https:\/\/ponteseditores.com.br\/loja3\/wp-json\/wp\/v2\/product_brand?post=36026"},{"taxonomy":"product_cat","embeddable":true,"href":"https:\/\/ponteseditores.com.br\/loja3\/wp-json\/wp\/v2\/product_cat?post=36026"},{"taxonomy":"product_tag","embeddable":true,"href":"https:\/\/ponteseditores.com.br\/loja3\/wp-json\/wp\/v2\/product_tag?post=36026"}],"curies":[{"name":"wp","href":"https:\/\/api.w.org\/{rel}","templated":true}]}}