{"id":36020,"date":"2026-01-26T11:34:04","date_gmt":"2026-01-26T14:34:04","guid":{"rendered":"https:\/\/ponteseditores.com.br\/loja3\/?post_type=product&#038;p=36020"},"modified":"2026-01-26T11:34:04","modified_gmt":"2026-01-26T14:34:04","slug":"autoridade-e-desempenho-na-escola-publica-o-discurso-da-eficiencia-e-a-pratica-gerencial-da-desumanizacao","status":"publish","type":"product","link":"https:\/\/ponteseditores.com.br\/loja3\/pontes-editores-home-2__trashed\/linguistica\/autoridade-e-desempenho-na-escola-publica-o-discurso-da-eficiencia-e-a-pratica-gerencial-da-desumanizacao\/","title":{"rendered":"Autoridade e desempenho na escola p\u00fablica: o discurso da efici\u00eancia e a pr\u00e1tica gerencial da desumaniza\u00e7\u00e3o"},"content":{"rendered":"<p>A presente obra, centrada em quest\u00f5es de autoridade e desempenho na escola p\u00fablica, apresenta contribui\u00e7\u00f5es que permitem pensar, al\u00e9m de todos os elementos tratados, sobre v\u00e1rias outras quest\u00f5es que se produzem no campo educacional contempor\u00e2neo, por meio de discursos elaborados como forma simb\u00f3lica de reprodu\u00e7\u00e3o e manuten\u00e7\u00e3o das rela\u00e7\u00f5es de poder que t\u00eam a escola como elemento central em disputas por projetos que atendem a distintas \u201cpedagogias sociais\u201d.<\/p>\n<p>Os cap\u00edtulos revelam um fio condutor em que o discurso dominante funciona como dispositivo que incide diretamente sobre o desempenho, que redefine as finalidades da escola, atendendo \u00e0 l\u00f3gica empresarial da chamada Nova Gest\u00e3o P\u00fablica (NGP). Nesse sentido, a autoridade torna-se performativa, como um alicerce de determinadas pr\u00e1ticas sociais, dentro e fora da escola, especialmente voltadas ao cumprimento de metas que servem \u00e0 submiss\u00e3o \u00e0 perspectiva competitiva dos rankings e coloca a gest\u00e3o num outro lugar, que difere da diretriz democr\u00e1tica das pol\u00edticas de Estado.<\/p>\n<p>No cotidiano escolar, quase sempre, essas pr\u00e1ticas desvalorizam e interditam a reflex\u00e3o cr\u00edtica sobre a a\u00e7\u00e3o educativa, fortalecendo um vi\u00e9s de autoridade que se apresenta como substancialmente t\u00e9cnica\/ tecnol\u00f3gica\/ plataformizada, visando consolidar formas sofisticadas de adapta\u00e7\u00e3o a m\u00e9tricas para toda e qualquer atividade.<\/p>\n<p>Por isso, compreender os elementos discursivos que configuram a autoridade e o desempenho nas escolas pesquisadas, sob variados pontos de vista, exige entend\u00ea-las numa l\u00f3gica que visa a administra\u00e7\u00e3o total da escola. Identificar os discursos e m\u00e9tricas em seus sentidos e significados tamb\u00e9m permite encontrar brechas para formas de resist\u00eancia, em que alternativas \u00e0 administra\u00e7\u00e3o totalit\u00e1ria revelem a dimens\u00e3o cr\u00edtica necess\u00e1ria a toda educa\u00e7\u00e3o que mere\u00e7a esse nome e que vise \u00e0 emancipa\u00e7\u00e3o humana.<\/p>\n<p>As organizadoras<\/p>\n","protected":false},"excerpt":{"rendered":"<p>A presente obra, centrada em quest\u00f5es de autoridade e desempenho na escola p\u00fablica, apresenta contribui\u00e7\u00f5es que permitem pensar, al\u00e9m de todos os elementos tratados, sobre v\u00e1rias outras quest\u00f5es que se produzem no campo educacional contempor\u00e2neo, por meio de discursos elaborados como forma simb\u00f3lica de reprodu\u00e7\u00e3o e manuten\u00e7\u00e3o das rela\u00e7\u00f5es de poder que t\u00eam a escola [&hellip;]<\/p>\n","protected":false},"featured_media":36021,"comment_status":"open","ping_status":"closed","template":"","meta":{"_joinchat":[]},"product_brand":[],"product_cat":[301,167,31],"product_tag":[],"class_list":{"0":"post-36020","1":"product","2":"type-product","3":"status-publish","4":"has-post-thumbnail","6":"product_cat-analise-de-discurso","7":"product_cat-lancamento","8":"product_cat-linguistica","10":"first","11":"instock","12":"shipping-taxable","13":"purchasable","14":"product-type-simple"},"yoast_head":"<!-- This site is optimized with the Yoast SEO plugin v27.4 - https:\/\/yoast.com\/product\/yoast-seo-wordpress\/ -->\n<title>Autoridade e desempenho na escola p\u00fablica: o discurso da efici\u00eancia e a pr\u00e1tica gerencial da desumaniza\u00e7\u00e3o - Pontes Editores<\/title>\n<meta name=\"robots\" content=\"index, follow, max-snippet:-1, max-image-preview:large, max-video-preview:-1\" \/>\n<link rel=\"canonical\" href=\"https:\/\/ponteseditores.com.br\/loja3\/pontes-editores-home-2__trashed\/linguistica\/autoridade-e-desempenho-na-escola-publica-o-discurso-da-eficiencia-e-a-pratica-gerencial-da-desumanizacao\/\" \/>\n<meta property=\"og:locale\" content=\"pt_BR\" \/>\n<meta property=\"og:type\" content=\"article\" \/>\n<meta property=\"og:title\" content=\"Autoridade e desempenho na escola p\u00fablica: o discurso da efici\u00eancia e a pr\u00e1tica gerencial da desumaniza\u00e7\u00e3o - Pontes Editores\" \/>\n<meta property=\"og:description\" content=\"A presente obra, centrada em quest\u00f5es de autoridade e desempenho na escola p\u00fablica, apresenta contribui\u00e7\u00f5es que permitem pensar, al\u00e9m de todos os elementos tratados, sobre v\u00e1rias outras quest\u00f5es que se produzem no campo educacional contempor\u00e2neo, por meio de discursos elaborados como forma simb\u00f3lica de reprodu\u00e7\u00e3o e manuten\u00e7\u00e3o das rela\u00e7\u00f5es de poder que t\u00eam a escola [&hellip;]\" \/>\n<meta property=\"og:url\" content=\"https:\/\/ponteseditores.com.br\/loja3\/pontes-editores-home-2__trashed\/linguistica\/autoridade-e-desempenho-na-escola-publica-o-discurso-da-eficiencia-e-a-pratica-gerencial-da-desumanizacao\/\" \/>\n<meta property=\"og:site_name\" content=\"Pontes Editores\" \/>\n<meta property=\"og:image\" content=\"https:\/\/ponteseditores.com.br\/loja3\/wp-content\/uploads\/2026\/01\/Capa_Autoridade.jpg\" \/>\n\t<meta property=\"og:image:width\" content=\"800\" \/>\n\t<meta property=\"og:image:height\" content=\"1159\" \/>\n\t<meta property=\"og:image:type\" content=\"image\/jpeg\" \/>\n<meta name=\"twitter:card\" content=\"summary_large_image\" \/>\n<meta name=\"twitter:label1\" content=\"Est. tempo de leitura\" \/>\n\t<meta name=\"twitter:data1\" content=\"2 minutos\" \/>\n<script type=\"application\/ld+json\" class=\"yoast-schema-graph\">{\"@context\":\"https:\\\/\\\/schema.org\",\"@graph\":[{\"@type\":\"WebPage\",\"@id\":\"https:\\\/\\\/ponteseditores.com.br\\\/loja3\\\/pontes-editores-home-2__trashed\\\/linguistica\\\/autoridade-e-desempenho-na-escola-publica-o-discurso-da-eficiencia-e-a-pratica-gerencial-da-desumanizacao\\\/\",\"url\":\"https:\\\/\\\/ponteseditores.com.br\\\/loja3\\\/pontes-editores-home-2__trashed\\\/linguistica\\\/autoridade-e-desempenho-na-escola-publica-o-discurso-da-eficiencia-e-a-pratica-gerencial-da-desumanizacao\\\/\",\"name\":\"Autoridade e desempenho na escola p\u00fablica: o discurso da efici\u00eancia e a pr\u00e1tica gerencial da desumaniza\u00e7\u00e3o - Pontes Editores\",\"isPartOf\":{\"@id\":\"https:\\\/\\\/ponteseditores.com.br\\\/loja3\\\/#website\"},\"primaryImageOfPage\":{\"@id\":\"https:\\\/\\\/ponteseditores.com.br\\\/loja3\\\/pontes-editores-home-2__trashed\\\/linguistica\\\/autoridade-e-desempenho-na-escola-publica-o-discurso-da-eficiencia-e-a-pratica-gerencial-da-desumanizacao\\\/#primaryimage\"},\"image\":{\"@id\":\"https:\\\/\\\/ponteseditores.com.br\\\/loja3\\\/pontes-editores-home-2__trashed\\\/linguistica\\\/autoridade-e-desempenho-na-escola-publica-o-discurso-da-eficiencia-e-a-pratica-gerencial-da-desumanizacao\\\/#primaryimage\"},\"thumbnailUrl\":\"https:\\\/\\\/ponteseditores.com.br\\\/loja3\\\/wp-content\\\/uploads\\\/2026\\\/01\\\/Capa_Autoridade.jpg\",\"datePublished\":\"2026-01-26T14:34:04+00:00\",\"breadcrumb\":{\"@id\":\"https:\\\/\\\/ponteseditores.com.br\\\/loja3\\\/pontes-editores-home-2__trashed\\\/linguistica\\\/autoridade-e-desempenho-na-escola-publica-o-discurso-da-eficiencia-e-a-pratica-gerencial-da-desumanizacao\\\/#breadcrumb\"},\"inLanguage\":\"pt-BR\",\"potentialAction\":[{\"@type\":\"ReadAction\",\"target\":[\"https:\\\/\\\/ponteseditores.com.br\\\/loja3\\\/pontes-editores-home-2__trashed\\\/linguistica\\\/autoridade-e-desempenho-na-escola-publica-o-discurso-da-eficiencia-e-a-pratica-gerencial-da-desumanizacao\\\/\"]}]},{\"@type\":\"ImageObject\",\"inLanguage\":\"pt-BR\",\"@id\":\"https:\\\/\\\/ponteseditores.com.br\\\/loja3\\\/pontes-editores-home-2__trashed\\\/linguistica\\\/autoridade-e-desempenho-na-escola-publica-o-discurso-da-eficiencia-e-a-pratica-gerencial-da-desumanizacao\\\/#primaryimage\",\"url\":\"https:\\\/\\\/ponteseditores.com.br\\\/loja3\\\/wp-content\\\/uploads\\\/2026\\\/01\\\/Capa_Autoridade.jpg\",\"contentUrl\":\"https:\\\/\\\/ponteseditores.com.br\\\/loja3\\\/wp-content\\\/uploads\\\/2026\\\/01\\\/Capa_Autoridade.jpg\",\"width\":800,\"height\":1159},{\"@type\":\"BreadcrumbList\",\"@id\":\"https:\\\/\\\/ponteseditores.com.br\\\/loja3\\\/pontes-editores-home-2__trashed\\\/linguistica\\\/autoridade-e-desempenho-na-escola-publica-o-discurso-da-eficiencia-e-a-pratica-gerencial-da-desumanizacao\\\/#breadcrumb\",\"itemListElement\":[{\"@type\":\"ListItem\",\"position\":1,\"name\":\"Home\",\"item\":\"https:\\\/\\\/ponteseditores.com.br\\\/loja3\\\/\"},{\"@type\":\"ListItem\",\"position\":2,\"name\":\"loja\",\"item\":\"https:\\\/\\\/ponteseditores.com.br\\\/loja3\\\/loja\\\/\"},{\"@type\":\"ListItem\",\"position\":3,\"name\":\"Autoridade e desempenho na escola p\u00fablica: o discurso da efici\u00eancia e a pr\u00e1tica gerencial da desumaniza\u00e7\u00e3o\"}]},{\"@type\":\"WebSite\",\"@id\":\"https:\\\/\\\/ponteseditores.com.br\\\/loja3\\\/#website\",\"url\":\"https:\\\/\\\/ponteseditores.com.br\\\/loja3\\\/\",\"name\":\"Pontes Editores\",\"description\":\"Pontes Editores\",\"publisher\":{\"@id\":\"https:\\\/\\\/ponteseditores.com.br\\\/loja3\\\/#organization\"},\"potentialAction\":[{\"@type\":\"SearchAction\",\"target\":{\"@type\":\"EntryPoint\",\"urlTemplate\":\"https:\\\/\\\/ponteseditores.com.br\\\/loja3\\\/?s={search_term_string}\"},\"query-input\":{\"@type\":\"PropertyValueSpecification\",\"valueRequired\":true,\"valueName\":\"search_term_string\"}}],\"inLanguage\":\"pt-BR\"},{\"@type\":\"Organization\",\"@id\":\"https:\\\/\\\/ponteseditores.com.br\\\/loja3\\\/#organization\",\"name\":\"Pontes Editores\",\"url\":\"https:\\\/\\\/ponteseditores.com.br\\\/loja3\\\/\",\"logo\":{\"@type\":\"ImageObject\",\"inLanguage\":\"pt-BR\",\"@id\":\"https:\\\/\\\/ponteseditores.com.br\\\/loja3\\\/#\\\/schema\\\/logo\\\/image\\\/\",\"url\":\"https:\\\/\\\/ponteseditores.com.br\\\/loja3\\\/wp-content\\\/uploads\\\/2023\\\/12\\\/logo-pontes-editores-v2.png\",\"contentUrl\":\"https:\\\/\\\/ponteseditores.com.br\\\/loja3\\\/wp-content\\\/uploads\\\/2023\\\/12\\\/logo-pontes-editores-v2.png\",\"width\":258,\"height\":100,\"caption\":\"Pontes Editores\"},\"image\":{\"@id\":\"https:\\\/\\\/ponteseditores.com.br\\\/loja3\\\/#\\\/schema\\\/logo\\\/image\\\/\"}}]}<\/script>\n<!-- \/ Yoast SEO plugin. -->","yoast_head_json":{"title":"Autoridade e desempenho na escola p\u00fablica: o discurso da efici\u00eancia e a pr\u00e1tica gerencial da desumaniza\u00e7\u00e3o - Pontes Editores","robots":{"index":"index","follow":"follow","max-snippet":"max-snippet:-1","max-image-preview":"max-image-preview:large","max-video-preview":"max-video-preview:-1"},"canonical":"https:\/\/ponteseditores.com.br\/loja3\/pontes-editores-home-2__trashed\/linguistica\/autoridade-e-desempenho-na-escola-publica-o-discurso-da-eficiencia-e-a-pratica-gerencial-da-desumanizacao\/","og_locale":"pt_BR","og_type":"article","og_title":"Autoridade e desempenho na escola p\u00fablica: o discurso da efici\u00eancia e a pr\u00e1tica gerencial da desumaniza\u00e7\u00e3o - Pontes Editores","og_description":"A presente obra, centrada em quest\u00f5es de autoridade e desempenho na escola p\u00fablica, apresenta contribui\u00e7\u00f5es que permitem pensar, al\u00e9m de todos os elementos tratados, sobre v\u00e1rias outras quest\u00f5es que se produzem no campo educacional contempor\u00e2neo, por meio de discursos elaborados como forma simb\u00f3lica de reprodu\u00e7\u00e3o e manuten\u00e7\u00e3o das rela\u00e7\u00f5es de poder que t\u00eam a escola [&hellip;]","og_url":"https:\/\/ponteseditores.com.br\/loja3\/pontes-editores-home-2__trashed\/linguistica\/autoridade-e-desempenho-na-escola-publica-o-discurso-da-eficiencia-e-a-pratica-gerencial-da-desumanizacao\/","og_site_name":"Pontes Editores","og_image":[{"width":800,"height":1159,"url":"https:\/\/ponteseditores.com.br\/loja3\/wp-content\/uploads\/2026\/01\/Capa_Autoridade.jpg","type":"image\/jpeg"}],"twitter_card":"summary_large_image","twitter_misc":{"Est. tempo de leitura":"2 minutos"},"schema":{"@context":"https:\/\/schema.org","@graph":[{"@type":"WebPage","@id":"https:\/\/ponteseditores.com.br\/loja3\/pontes-editores-home-2__trashed\/linguistica\/autoridade-e-desempenho-na-escola-publica-o-discurso-da-eficiencia-e-a-pratica-gerencial-da-desumanizacao\/","url":"https:\/\/ponteseditores.com.br\/loja3\/pontes-editores-home-2__trashed\/linguistica\/autoridade-e-desempenho-na-escola-publica-o-discurso-da-eficiencia-e-a-pratica-gerencial-da-desumanizacao\/","name":"Autoridade e desempenho na escola p\u00fablica: o discurso da efici\u00eancia e a pr\u00e1tica gerencial da desumaniza\u00e7\u00e3o - Pontes Editores","isPartOf":{"@id":"https:\/\/ponteseditores.com.br\/loja3\/#website"},"primaryImageOfPage":{"@id":"https:\/\/ponteseditores.com.br\/loja3\/pontes-editores-home-2__trashed\/linguistica\/autoridade-e-desempenho-na-escola-publica-o-discurso-da-eficiencia-e-a-pratica-gerencial-da-desumanizacao\/#primaryimage"},"image":{"@id":"https:\/\/ponteseditores.com.br\/loja3\/pontes-editores-home-2__trashed\/linguistica\/autoridade-e-desempenho-na-escola-publica-o-discurso-da-eficiencia-e-a-pratica-gerencial-da-desumanizacao\/#primaryimage"},"thumbnailUrl":"https:\/\/ponteseditores.com.br\/loja3\/wp-content\/uploads\/2026\/01\/Capa_Autoridade.jpg","datePublished":"2026-01-26T14:34:04+00:00","breadcrumb":{"@id":"https:\/\/ponteseditores.com.br\/loja3\/pontes-editores-home-2__trashed\/linguistica\/autoridade-e-desempenho-na-escola-publica-o-discurso-da-eficiencia-e-a-pratica-gerencial-da-desumanizacao\/#breadcrumb"},"inLanguage":"pt-BR","potentialAction":[{"@type":"ReadAction","target":["https:\/\/ponteseditores.com.br\/loja3\/pontes-editores-home-2__trashed\/linguistica\/autoridade-e-desempenho-na-escola-publica-o-discurso-da-eficiencia-e-a-pratica-gerencial-da-desumanizacao\/"]}]},{"@type":"ImageObject","inLanguage":"pt-BR","@id":"https:\/\/ponteseditores.com.br\/loja3\/pontes-editores-home-2__trashed\/linguistica\/autoridade-e-desempenho-na-escola-publica-o-discurso-da-eficiencia-e-a-pratica-gerencial-da-desumanizacao\/#primaryimage","url":"https:\/\/ponteseditores.com.br\/loja3\/wp-content\/uploads\/2026\/01\/Capa_Autoridade.jpg","contentUrl":"https:\/\/ponteseditores.com.br\/loja3\/wp-content\/uploads\/2026\/01\/Capa_Autoridade.jpg","width":800,"height":1159},{"@type":"BreadcrumbList","@id":"https:\/\/ponteseditores.com.br\/loja3\/pontes-editores-home-2__trashed\/linguistica\/autoridade-e-desempenho-na-escola-publica-o-discurso-da-eficiencia-e-a-pratica-gerencial-da-desumanizacao\/#breadcrumb","itemListElement":[{"@type":"ListItem","position":1,"name":"Home","item":"https:\/\/ponteseditores.com.br\/loja3\/"},{"@type":"ListItem","position":2,"name":"loja","item":"https:\/\/ponteseditores.com.br\/loja3\/loja\/"},{"@type":"ListItem","position":3,"name":"Autoridade e desempenho na escola p\u00fablica: o discurso da efici\u00eancia e a pr\u00e1tica gerencial da desumaniza\u00e7\u00e3o"}]},{"@type":"WebSite","@id":"https:\/\/ponteseditores.com.br\/loja3\/#website","url":"https:\/\/ponteseditores.com.br\/loja3\/","name":"Pontes Editores","description":"Pontes Editores","publisher":{"@id":"https:\/\/ponteseditores.com.br\/loja3\/#organization"},"potentialAction":[{"@type":"SearchAction","target":{"@type":"EntryPoint","urlTemplate":"https:\/\/ponteseditores.com.br\/loja3\/?s={search_term_string}"},"query-input":{"@type":"PropertyValueSpecification","valueRequired":true,"valueName":"search_term_string"}}],"inLanguage":"pt-BR"},{"@type":"Organization","@id":"https:\/\/ponteseditores.com.br\/loja3\/#organization","name":"Pontes Editores","url":"https:\/\/ponteseditores.com.br\/loja3\/","logo":{"@type":"ImageObject","inLanguage":"pt-BR","@id":"https:\/\/ponteseditores.com.br\/loja3\/#\/schema\/logo\/image\/","url":"https:\/\/ponteseditores.com.br\/loja3\/wp-content\/uploads\/2023\/12\/logo-pontes-editores-v2.png","contentUrl":"https:\/\/ponteseditores.com.br\/loja3\/wp-content\/uploads\/2023\/12\/logo-pontes-editores-v2.png","width":258,"height":100,"caption":"Pontes Editores"},"image":{"@id":"https:\/\/ponteseditores.com.br\/loja3\/#\/schema\/logo\/image\/"}}]}},"_links":{"self":[{"href":"https:\/\/ponteseditores.com.br\/loja3\/wp-json\/wp\/v2\/product\/36020","targetHints":{"allow":["GET"]}}],"collection":[{"href":"https:\/\/ponteseditores.com.br\/loja3\/wp-json\/wp\/v2\/product"}],"about":[{"href":"https:\/\/ponteseditores.com.br\/loja3\/wp-json\/wp\/v2\/types\/product"}],"replies":[{"embeddable":true,"href":"https:\/\/ponteseditores.com.br\/loja3\/wp-json\/wp\/v2\/comments?post=36020"}],"version-history":[{"count":1,"href":"https:\/\/ponteseditores.com.br\/loja3\/wp-json\/wp\/v2\/product\/36020\/revisions"}],"predecessor-version":[{"id":36022,"href":"https:\/\/ponteseditores.com.br\/loja3\/wp-json\/wp\/v2\/product\/36020\/revisions\/36022"}],"wp:featuredmedia":[{"embeddable":true,"href":"https:\/\/ponteseditores.com.br\/loja3\/wp-json\/wp\/v2\/media\/36021"}],"wp:attachment":[{"href":"https:\/\/ponteseditores.com.br\/loja3\/wp-json\/wp\/v2\/media?parent=36020"}],"wp:term":[{"taxonomy":"product_brand","embeddable":true,"href":"https:\/\/ponteseditores.com.br\/loja3\/wp-json\/wp\/v2\/product_brand?post=36020"},{"taxonomy":"product_cat","embeddable":true,"href":"https:\/\/ponteseditores.com.br\/loja3\/wp-json\/wp\/v2\/product_cat?post=36020"},{"taxonomy":"product_tag","embeddable":true,"href":"https:\/\/ponteseditores.com.br\/loja3\/wp-json\/wp\/v2\/product_tag?post=36020"}],"curies":[{"name":"wp","href":"https:\/\/api.w.org\/{rel}","templated":true}]}}