{"id":35245,"date":"2025-12-19T10:47:44","date_gmt":"2025-12-19T13:47:44","guid":{"rendered":"https:\/\/ponteseditores.com.br\/loja3\/?post_type=product&#038;p=35245"},"modified":"2025-12-19T10:47:44","modified_gmt":"2025-12-19T13:47:44","slug":"multiplos-olhares-ensino-instituicao-historia-e-patrimonio-em-contexto-militar","status":"publish","type":"product","link":"https:\/\/ponteseditores.com.br\/loja3\/pontes-editores-home-2__trashed\/ebook\/lancamento-e-book\/multiplos-olhares-ensino-instituicao-historia-e-patrimonio-em-contexto-militar\/","title":{"rendered":"M\u00faltiplos olhares: ensino, institui\u00e7\u00e3o, hist\u00f3ria e patrim\u00f4nio em contexto militar"},"content":{"rendered":"<p>Em um cen\u00e1rio de educa\u00e7\u00e3o nacional que ainda reserva pouca aten\u00e7\u00e3o ao ensino militar, esta obra re\u00fane vis\u00f5es plurais de autores civis e militares com d\u00e9cadas de experi\u00eancia em diversas escalas de forma\u00e7\u00e3o militar. Dos contornos hist\u00f3ricos do militar profissional brasileiro aos modelos pedag\u00f3\u00adgicos das For\u00e7as Armadas (1938-1945), passando pela forma\u00e7\u00e3o na For\u00e7a A\u00e9rea diante de novos paradigmas, relatos de experi\u00eancias como o CAICB e a preserva\u00e7\u00e3o de patrim\u00f4nios como Campo dos Afonsos e o Monumento G\u00eanese do COMAER, o livro tra\u00e7a um percurso progressivo que interliga hist\u00f3ria, educa\u00e7\u00e3o e mem\u00f3ria institucional.<\/p>\n<p>Impactante por desafiar narrativas tradicionais com an\u00e1lises cr\u00edticas e de\u00adcoloniais, instigante ao revelar li\u00e7\u00f5es do passado para estrat\u00e9gias futuras, e envolvente ao humanizar o universo militar por meio de mem\u00f3rias e s\u00edmbolos vivos, \u201cM\u00faltiplos Olhares\u201d convida leitores a exercerem perspectivas m\u00faltiplas sobre ensino, institui\u00e7\u00e3o e patrim\u00f4nio.<\/p>\n<p>Fruto do Grupo de Pesquisa em Ensino Militar, coordenado pelas profes\u00adsoras e pesquisadoras L\u00edvia Aparecida de Almeida e Sousa e Luciana Marino do Nascimento, com pref\u00e1cio do Maj.-Brig. do Ar Jos\u00e9 Roberto Scheer, esta colet\u00e2nea essencial impulsiona debates sobre a forma\u00e7\u00e3o de l\u00edderes \u00edntegros e a preserva\u00e7\u00e3o da identidade das For\u00e7as Armadas brasileiras.<\/p>\n<p>&nbsp;<\/p>\n","protected":false},"excerpt":{"rendered":"<p>Em um cen\u00e1rio de educa\u00e7\u00e3o nacional que ainda reserva pouca aten\u00e7\u00e3o ao ensino militar, esta obra re\u00fane vis\u00f5es plurais de autores civis e militares com d\u00e9cadas de experi\u00eancia em diversas escalas de forma\u00e7\u00e3o militar. Dos contornos hist\u00f3ricos do militar profissional brasileiro aos modelos pedag\u00f3\u00adgicos das For\u00e7as Armadas (1938-1945), passando pela forma\u00e7\u00e3o na For\u00e7a A\u00e9rea diante [&hellip;]<\/p>\n","protected":false},"featured_media":35247,"comment_status":"open","ping_status":"closed","template":"","meta":{"_joinchat":[]},"product_brand":[],"product_cat":[165,386],"product_tag":[],"class_list":{"0":"post-35245","1":"product","2":"type-product","3":"status-publish","4":"has-post-thumbnail","6":"product_cat-ebook","7":"product_cat-lancamento-e-book","9":"first","10":"instock","11":"downloadable","12":"virtual","13":"purchasable","14":"product-type-simple"},"yoast_head":"<!-- This site is optimized with the Yoast SEO plugin v27.4 - https:\/\/yoast.com\/product\/yoast-seo-wordpress\/ -->\n<title>M\u00faltiplos olhares: ensino, institui\u00e7\u00e3o, hist\u00f3ria e patrim\u00f4nio em contexto militar - Pontes Editores<\/title>\n<meta name=\"robots\" content=\"index, follow, max-snippet:-1, max-image-preview:large, max-video-preview:-1\" \/>\n<link rel=\"canonical\" href=\"https:\/\/ponteseditores.com.br\/loja3\/pontes-editores-home-2__trashed\/ebook\/lancamento-e-book\/multiplos-olhares-ensino-instituicao-historia-e-patrimonio-em-contexto-militar\/\" \/>\n<meta property=\"og:locale\" content=\"pt_BR\" \/>\n<meta property=\"og:type\" content=\"article\" \/>\n<meta property=\"og:title\" content=\"M\u00faltiplos olhares: ensino, institui\u00e7\u00e3o, hist\u00f3ria e patrim\u00f4nio em contexto militar - Pontes Editores\" \/>\n<meta property=\"og:description\" content=\"Em um cen\u00e1rio de educa\u00e7\u00e3o nacional que ainda reserva pouca aten\u00e7\u00e3o ao ensino militar, esta obra re\u00fane vis\u00f5es plurais de autores civis e militares com d\u00e9cadas de experi\u00eancia em diversas escalas de forma\u00e7\u00e3o militar. Dos contornos hist\u00f3ricos do militar profissional brasileiro aos modelos pedag\u00f3\u00adgicos das For\u00e7as Armadas (1938-1945), passando pela forma\u00e7\u00e3o na For\u00e7a A\u00e9rea diante [&hellip;]\" \/>\n<meta property=\"og:url\" content=\"https:\/\/ponteseditores.com.br\/loja3\/pontes-editores-home-2__trashed\/ebook\/lancamento-e-book\/multiplos-olhares-ensino-instituicao-historia-e-patrimonio-em-contexto-militar\/\" \/>\n<meta property=\"og:site_name\" content=\"Pontes Editores\" \/>\n<meta property=\"og:image\" content=\"https:\/\/ponteseditores.com.br\/loja3\/wp-content\/uploads\/2025\/12\/Capa_Multiplos-olhares.jpg\" \/>\n\t<meta property=\"og:image:width\" content=\"800\" \/>\n\t<meta property=\"og:image:height\" content=\"1159\" \/>\n\t<meta property=\"og:image:type\" content=\"image\/jpeg\" \/>\n<meta name=\"twitter:card\" content=\"summary_large_image\" \/>\n<meta name=\"twitter:label1\" content=\"Est. tempo de leitura\" \/>\n\t<meta name=\"twitter:data1\" content=\"2 minutos\" \/>\n<script type=\"application\/ld+json\" class=\"yoast-schema-graph\">{\"@context\":\"https:\\\/\\\/schema.org\",\"@graph\":[{\"@type\":\"WebPage\",\"@id\":\"https:\\\/\\\/ponteseditores.com.br\\\/loja3\\\/pontes-editores-home-2__trashed\\\/ebook\\\/lancamento-e-book\\\/multiplos-olhares-ensino-instituicao-historia-e-patrimonio-em-contexto-militar\\\/\",\"url\":\"https:\\\/\\\/ponteseditores.com.br\\\/loja3\\\/pontes-editores-home-2__trashed\\\/ebook\\\/lancamento-e-book\\\/multiplos-olhares-ensino-instituicao-historia-e-patrimonio-em-contexto-militar\\\/\",\"name\":\"M\u00faltiplos olhares: ensino, institui\u00e7\u00e3o, hist\u00f3ria e patrim\u00f4nio em contexto militar - Pontes Editores\",\"isPartOf\":{\"@id\":\"https:\\\/\\\/ponteseditores.com.br\\\/loja3\\\/#website\"},\"primaryImageOfPage\":{\"@id\":\"https:\\\/\\\/ponteseditores.com.br\\\/loja3\\\/pontes-editores-home-2__trashed\\\/ebook\\\/lancamento-e-book\\\/multiplos-olhares-ensino-instituicao-historia-e-patrimonio-em-contexto-militar\\\/#primaryimage\"},\"image\":{\"@id\":\"https:\\\/\\\/ponteseditores.com.br\\\/loja3\\\/pontes-editores-home-2__trashed\\\/ebook\\\/lancamento-e-book\\\/multiplos-olhares-ensino-instituicao-historia-e-patrimonio-em-contexto-militar\\\/#primaryimage\"},\"thumbnailUrl\":\"https:\\\/\\\/ponteseditores.com.br\\\/loja3\\\/wp-content\\\/uploads\\\/2025\\\/12\\\/Capa_Multiplos-olhares.jpg\",\"datePublished\":\"2025-12-19T13:47:44+00:00\",\"breadcrumb\":{\"@id\":\"https:\\\/\\\/ponteseditores.com.br\\\/loja3\\\/pontes-editores-home-2__trashed\\\/ebook\\\/lancamento-e-book\\\/multiplos-olhares-ensino-instituicao-historia-e-patrimonio-em-contexto-militar\\\/#breadcrumb\"},\"inLanguage\":\"pt-BR\",\"potentialAction\":[{\"@type\":\"ReadAction\",\"target\":[\"https:\\\/\\\/ponteseditores.com.br\\\/loja3\\\/pontes-editores-home-2__trashed\\\/ebook\\\/lancamento-e-book\\\/multiplos-olhares-ensino-instituicao-historia-e-patrimonio-em-contexto-militar\\\/\"]}]},{\"@type\":\"ImageObject\",\"inLanguage\":\"pt-BR\",\"@id\":\"https:\\\/\\\/ponteseditores.com.br\\\/loja3\\\/pontes-editores-home-2__trashed\\\/ebook\\\/lancamento-e-book\\\/multiplos-olhares-ensino-instituicao-historia-e-patrimonio-em-contexto-militar\\\/#primaryimage\",\"url\":\"https:\\\/\\\/ponteseditores.com.br\\\/loja3\\\/wp-content\\\/uploads\\\/2025\\\/12\\\/Capa_Multiplos-olhares.jpg\",\"contentUrl\":\"https:\\\/\\\/ponteseditores.com.br\\\/loja3\\\/wp-content\\\/uploads\\\/2025\\\/12\\\/Capa_Multiplos-olhares.jpg\",\"width\":800,\"height\":1159},{\"@type\":\"BreadcrumbList\",\"@id\":\"https:\\\/\\\/ponteseditores.com.br\\\/loja3\\\/pontes-editores-home-2__trashed\\\/ebook\\\/lancamento-e-book\\\/multiplos-olhares-ensino-instituicao-historia-e-patrimonio-em-contexto-militar\\\/#breadcrumb\",\"itemListElement\":[{\"@type\":\"ListItem\",\"position\":1,\"name\":\"Home\",\"item\":\"https:\\\/\\\/ponteseditores.com.br\\\/loja3\\\/\"},{\"@type\":\"ListItem\",\"position\":2,\"name\":\"loja\",\"item\":\"https:\\\/\\\/ponteseditores.com.br\\\/loja3\\\/loja\\\/\"},{\"@type\":\"ListItem\",\"position\":3,\"name\":\"M\u00faltiplos olhares: ensino, institui\u00e7\u00e3o, hist\u00f3ria e patrim\u00f4nio em contexto militar\"}]},{\"@type\":\"WebSite\",\"@id\":\"https:\\\/\\\/ponteseditores.com.br\\\/loja3\\\/#website\",\"url\":\"https:\\\/\\\/ponteseditores.com.br\\\/loja3\\\/\",\"name\":\"Pontes Editores\",\"description\":\"Pontes Editores\",\"publisher\":{\"@id\":\"https:\\\/\\\/ponteseditores.com.br\\\/loja3\\\/#organization\"},\"potentialAction\":[{\"@type\":\"SearchAction\",\"target\":{\"@type\":\"EntryPoint\",\"urlTemplate\":\"https:\\\/\\\/ponteseditores.com.br\\\/loja3\\\/?s={search_term_string}\"},\"query-input\":{\"@type\":\"PropertyValueSpecification\",\"valueRequired\":true,\"valueName\":\"search_term_string\"}}],\"inLanguage\":\"pt-BR\"},{\"@type\":\"Organization\",\"@id\":\"https:\\\/\\\/ponteseditores.com.br\\\/loja3\\\/#organization\",\"name\":\"Pontes Editores\",\"url\":\"https:\\\/\\\/ponteseditores.com.br\\\/loja3\\\/\",\"logo\":{\"@type\":\"ImageObject\",\"inLanguage\":\"pt-BR\",\"@id\":\"https:\\\/\\\/ponteseditores.com.br\\\/loja3\\\/#\\\/schema\\\/logo\\\/image\\\/\",\"url\":\"https:\\\/\\\/ponteseditores.com.br\\\/loja3\\\/wp-content\\\/uploads\\\/2023\\\/12\\\/logo-pontes-editores-v2.png\",\"contentUrl\":\"https:\\\/\\\/ponteseditores.com.br\\\/loja3\\\/wp-content\\\/uploads\\\/2023\\\/12\\\/logo-pontes-editores-v2.png\",\"width\":258,\"height\":100,\"caption\":\"Pontes Editores\"},\"image\":{\"@id\":\"https:\\\/\\\/ponteseditores.com.br\\\/loja3\\\/#\\\/schema\\\/logo\\\/image\\\/\"}}]}<\/script>\n<!-- \/ Yoast SEO plugin. -->","yoast_head_json":{"title":"M\u00faltiplos olhares: ensino, institui\u00e7\u00e3o, hist\u00f3ria e patrim\u00f4nio em contexto militar - Pontes Editores","robots":{"index":"index","follow":"follow","max-snippet":"max-snippet:-1","max-image-preview":"max-image-preview:large","max-video-preview":"max-video-preview:-1"},"canonical":"https:\/\/ponteseditores.com.br\/loja3\/pontes-editores-home-2__trashed\/ebook\/lancamento-e-book\/multiplos-olhares-ensino-instituicao-historia-e-patrimonio-em-contexto-militar\/","og_locale":"pt_BR","og_type":"article","og_title":"M\u00faltiplos olhares: ensino, institui\u00e7\u00e3o, hist\u00f3ria e patrim\u00f4nio em contexto militar - Pontes Editores","og_description":"Em um cen\u00e1rio de educa\u00e7\u00e3o nacional que ainda reserva pouca aten\u00e7\u00e3o ao ensino militar, esta obra re\u00fane vis\u00f5es plurais de autores civis e militares com d\u00e9cadas de experi\u00eancia em diversas escalas de forma\u00e7\u00e3o militar. Dos contornos hist\u00f3ricos do militar profissional brasileiro aos modelos pedag\u00f3\u00adgicos das For\u00e7as Armadas (1938-1945), passando pela forma\u00e7\u00e3o na For\u00e7a A\u00e9rea diante [&hellip;]","og_url":"https:\/\/ponteseditores.com.br\/loja3\/pontes-editores-home-2__trashed\/ebook\/lancamento-e-book\/multiplos-olhares-ensino-instituicao-historia-e-patrimonio-em-contexto-militar\/","og_site_name":"Pontes Editores","og_image":[{"width":800,"height":1159,"url":"https:\/\/ponteseditores.com.br\/loja3\/wp-content\/uploads\/2025\/12\/Capa_Multiplos-olhares.jpg","type":"image\/jpeg"}],"twitter_card":"summary_large_image","twitter_misc":{"Est. tempo de leitura":"2 minutos"},"schema":{"@context":"https:\/\/schema.org","@graph":[{"@type":"WebPage","@id":"https:\/\/ponteseditores.com.br\/loja3\/pontes-editores-home-2__trashed\/ebook\/lancamento-e-book\/multiplos-olhares-ensino-instituicao-historia-e-patrimonio-em-contexto-militar\/","url":"https:\/\/ponteseditores.com.br\/loja3\/pontes-editores-home-2__trashed\/ebook\/lancamento-e-book\/multiplos-olhares-ensino-instituicao-historia-e-patrimonio-em-contexto-militar\/","name":"M\u00faltiplos olhares: ensino, institui\u00e7\u00e3o, hist\u00f3ria e patrim\u00f4nio em contexto militar - Pontes Editores","isPartOf":{"@id":"https:\/\/ponteseditores.com.br\/loja3\/#website"},"primaryImageOfPage":{"@id":"https:\/\/ponteseditores.com.br\/loja3\/pontes-editores-home-2__trashed\/ebook\/lancamento-e-book\/multiplos-olhares-ensino-instituicao-historia-e-patrimonio-em-contexto-militar\/#primaryimage"},"image":{"@id":"https:\/\/ponteseditores.com.br\/loja3\/pontes-editores-home-2__trashed\/ebook\/lancamento-e-book\/multiplos-olhares-ensino-instituicao-historia-e-patrimonio-em-contexto-militar\/#primaryimage"},"thumbnailUrl":"https:\/\/ponteseditores.com.br\/loja3\/wp-content\/uploads\/2025\/12\/Capa_Multiplos-olhares.jpg","datePublished":"2025-12-19T13:47:44+00:00","breadcrumb":{"@id":"https:\/\/ponteseditores.com.br\/loja3\/pontes-editores-home-2__trashed\/ebook\/lancamento-e-book\/multiplos-olhares-ensino-instituicao-historia-e-patrimonio-em-contexto-militar\/#breadcrumb"},"inLanguage":"pt-BR","potentialAction":[{"@type":"ReadAction","target":["https:\/\/ponteseditores.com.br\/loja3\/pontes-editores-home-2__trashed\/ebook\/lancamento-e-book\/multiplos-olhares-ensino-instituicao-historia-e-patrimonio-em-contexto-militar\/"]}]},{"@type":"ImageObject","inLanguage":"pt-BR","@id":"https:\/\/ponteseditores.com.br\/loja3\/pontes-editores-home-2__trashed\/ebook\/lancamento-e-book\/multiplos-olhares-ensino-instituicao-historia-e-patrimonio-em-contexto-militar\/#primaryimage","url":"https:\/\/ponteseditores.com.br\/loja3\/wp-content\/uploads\/2025\/12\/Capa_Multiplos-olhares.jpg","contentUrl":"https:\/\/ponteseditores.com.br\/loja3\/wp-content\/uploads\/2025\/12\/Capa_Multiplos-olhares.jpg","width":800,"height":1159},{"@type":"BreadcrumbList","@id":"https:\/\/ponteseditores.com.br\/loja3\/pontes-editores-home-2__trashed\/ebook\/lancamento-e-book\/multiplos-olhares-ensino-instituicao-historia-e-patrimonio-em-contexto-militar\/#breadcrumb","itemListElement":[{"@type":"ListItem","position":1,"name":"Home","item":"https:\/\/ponteseditores.com.br\/loja3\/"},{"@type":"ListItem","position":2,"name":"loja","item":"https:\/\/ponteseditores.com.br\/loja3\/loja\/"},{"@type":"ListItem","position":3,"name":"M\u00faltiplos olhares: ensino, institui\u00e7\u00e3o, hist\u00f3ria e patrim\u00f4nio em contexto militar"}]},{"@type":"WebSite","@id":"https:\/\/ponteseditores.com.br\/loja3\/#website","url":"https:\/\/ponteseditores.com.br\/loja3\/","name":"Pontes Editores","description":"Pontes Editores","publisher":{"@id":"https:\/\/ponteseditores.com.br\/loja3\/#organization"},"potentialAction":[{"@type":"SearchAction","target":{"@type":"EntryPoint","urlTemplate":"https:\/\/ponteseditores.com.br\/loja3\/?s={search_term_string}"},"query-input":{"@type":"PropertyValueSpecification","valueRequired":true,"valueName":"search_term_string"}}],"inLanguage":"pt-BR"},{"@type":"Organization","@id":"https:\/\/ponteseditores.com.br\/loja3\/#organization","name":"Pontes Editores","url":"https:\/\/ponteseditores.com.br\/loja3\/","logo":{"@type":"ImageObject","inLanguage":"pt-BR","@id":"https:\/\/ponteseditores.com.br\/loja3\/#\/schema\/logo\/image\/","url":"https:\/\/ponteseditores.com.br\/loja3\/wp-content\/uploads\/2023\/12\/logo-pontes-editores-v2.png","contentUrl":"https:\/\/ponteseditores.com.br\/loja3\/wp-content\/uploads\/2023\/12\/logo-pontes-editores-v2.png","width":258,"height":100,"caption":"Pontes Editores"},"image":{"@id":"https:\/\/ponteseditores.com.br\/loja3\/#\/schema\/logo\/image\/"}}]}},"_links":{"self":[{"href":"https:\/\/ponteseditores.com.br\/loja3\/wp-json\/wp\/v2\/product\/35245","targetHints":{"allow":["GET"]}}],"collection":[{"href":"https:\/\/ponteseditores.com.br\/loja3\/wp-json\/wp\/v2\/product"}],"about":[{"href":"https:\/\/ponteseditores.com.br\/loja3\/wp-json\/wp\/v2\/types\/product"}],"replies":[{"embeddable":true,"href":"https:\/\/ponteseditores.com.br\/loja3\/wp-json\/wp\/v2\/comments?post=35245"}],"version-history":[{"count":1,"href":"https:\/\/ponteseditores.com.br\/loja3\/wp-json\/wp\/v2\/product\/35245\/revisions"}],"predecessor-version":[{"id":35248,"href":"https:\/\/ponteseditores.com.br\/loja3\/wp-json\/wp\/v2\/product\/35245\/revisions\/35248"}],"wp:featuredmedia":[{"embeddable":true,"href":"https:\/\/ponteseditores.com.br\/loja3\/wp-json\/wp\/v2\/media\/35247"}],"wp:attachment":[{"href":"https:\/\/ponteseditores.com.br\/loja3\/wp-json\/wp\/v2\/media?parent=35245"}],"wp:term":[{"taxonomy":"product_brand","embeddable":true,"href":"https:\/\/ponteseditores.com.br\/loja3\/wp-json\/wp\/v2\/product_brand?post=35245"},{"taxonomy":"product_cat","embeddable":true,"href":"https:\/\/ponteseditores.com.br\/loja3\/wp-json\/wp\/v2\/product_cat?post=35245"},{"taxonomy":"product_tag","embeddable":true,"href":"https:\/\/ponteseditores.com.br\/loja3\/wp-json\/wp\/v2\/product_tag?post=35245"}],"curies":[{"name":"wp","href":"https:\/\/api.w.org\/{rel}","templated":true}]}}