{"id":35234,"date":"2025-12-19T10:13:44","date_gmt":"2025-12-19T13:13:44","guid":{"rendered":"https:\/\/ponteseditores.com.br\/loja3\/?post_type=product&#038;p=35234"},"modified":"2025-12-19T10:13:44","modified_gmt":"2025-12-19T13:13:44","slug":"decolonizar-saberes-reexistir-na-pratica-dialogos-insurgentes-para-uma-educacao-antirracista","status":"publish","type":"product","link":"https:\/\/ponteseditores.com.br\/loja3\/pontes-editores-home-2__trashed\/ebook\/lancamento-e-book\/decolonizar-saberes-reexistir-na-pratica-dialogos-insurgentes-para-uma-educacao-antirracista\/","title":{"rendered":"Decolonizar Saberes, (re)existir na pr\u00e1tica: di\u00e1logos insurgentes para uma educa\u00e7\u00e3o antirracista"},"content":{"rendered":"<p>Os trabalhos reunidos nestes Anais expressam pesquisas, experi\u00eancias pedag\u00f3gicas, materiais did\u00e1ticos, reflex\u00f5es te\u00f3ricas e relatos de pr\u00e1ticas educativas comprometidas com a luta antirracista e a constru\u00e7\u00e3o de uma escola mais justa, plural e democr\u00e1tica. Cada texto traduz a pot\u00eancia da educa\u00e7\u00e3o como territ\u00f3rio de reexist\u00eancia e reafirma a urg\u00eancia de uma pedagogia que reconhe\u00e7a as diferen\u00e7as como riquezas, e n\u00e3o como desigualdades.<\/p>\n<p>Grande parte dos textos que comp\u00f5e esses Anais foram produzidos pelos professores que realizaram o curso acima mencionado. Ao longo da forma\u00e7\u00e3o os docentes da educa\u00e7\u00e3o b\u00e1sica foram instigados a repensar suas pr\u00e1ticas pedag\u00f3gicas e a construir coletivamente estrat\u00e9gias antirracistas, enraizadas nos saberes dos povos ind\u00edgenas, quilombolas e comunidades negras.<\/p>\n<p>Esperamos que estes Anais se consolidem como um registro da mem\u00f3ria coletiva da Jornada ERER, mas, sobretudo, como um convite para que docentes, pesquisadores e comunidades continuem a decolonizar saberes e (re)existir na pr\u00e1tica, fortalecendo os di\u00e1logos insurgentes que sustentam a luta por uma educa\u00e7\u00e3o verdadeiramente antirracista.<\/p>\n<p>&nbsp;<\/p>\n<p>Comiss\u00e3o Organizadora da Jornada ERER<\/p>\n<p>&nbsp;<\/p>\n","protected":false},"excerpt":{"rendered":"<p>Os trabalhos reunidos nestes Anais expressam pesquisas, experi\u00eancias pedag\u00f3gicas, materiais did\u00e1ticos, reflex\u00f5es te\u00f3ricas e relatos de pr\u00e1ticas educativas comprometidas com a luta antirracista e a constru\u00e7\u00e3o de uma escola mais justa, plural e democr\u00e1tica. Cada texto traduz a pot\u00eancia da educa\u00e7\u00e3o como territ\u00f3rio de reexist\u00eancia e reafirma a urg\u00eancia de uma pedagogia que reconhe\u00e7a as [&hellip;]<\/p>\n","protected":false},"featured_media":35236,"comment_status":"open","ping_status":"closed","template":"","meta":{"_joinchat":[]},"product_brand":[],"product_cat":[165,386],"product_tag":[],"class_list":{"0":"post-35234","1":"product","2":"type-product","3":"status-publish","4":"has-post-thumbnail","6":"product_cat-ebook","7":"product_cat-lancamento-e-book","9":"first","10":"instock","11":"downloadable","12":"virtual","13":"purchasable","14":"product-type-simple"},"yoast_head":"<!-- This site is optimized with the Yoast SEO plugin v27.4 - https:\/\/yoast.com\/product\/yoast-seo-wordpress\/ -->\n<title>Decolonizar Saberes, (re)existir na pr\u00e1tica: di\u00e1logos insurgentes para uma educa\u00e7\u00e3o antirracista - Pontes Editores<\/title>\n<meta name=\"robots\" content=\"index, follow, max-snippet:-1, max-image-preview:large, max-video-preview:-1\" \/>\n<link rel=\"canonical\" href=\"https:\/\/ponteseditores.com.br\/loja3\/pontes-editores-home-2__trashed\/ebook\/lancamento-e-book\/decolonizar-saberes-reexistir-na-pratica-dialogos-insurgentes-para-uma-educacao-antirracista\/\" \/>\n<meta property=\"og:locale\" content=\"pt_BR\" \/>\n<meta property=\"og:type\" content=\"article\" \/>\n<meta property=\"og:title\" content=\"Decolonizar Saberes, (re)existir na pr\u00e1tica: di\u00e1logos insurgentes para uma educa\u00e7\u00e3o antirracista - Pontes Editores\" \/>\n<meta property=\"og:description\" content=\"Os trabalhos reunidos nestes Anais expressam pesquisas, experi\u00eancias pedag\u00f3gicas, materiais did\u00e1ticos, reflex\u00f5es te\u00f3ricas e relatos de pr\u00e1ticas educativas comprometidas com a luta antirracista e a constru\u00e7\u00e3o de uma escola mais justa, plural e democr\u00e1tica. Cada texto traduz a pot\u00eancia da educa\u00e7\u00e3o como territ\u00f3rio de reexist\u00eancia e reafirma a urg\u00eancia de uma pedagogia que reconhe\u00e7a as [&hellip;]\" \/>\n<meta property=\"og:url\" content=\"https:\/\/ponteseditores.com.br\/loja3\/pontes-editores-home-2__trashed\/ebook\/lancamento-e-book\/decolonizar-saberes-reexistir-na-pratica-dialogos-insurgentes-para-uma-educacao-antirracista\/\" \/>\n<meta property=\"og:site_name\" content=\"Pontes Editores\" \/>\n<meta property=\"og:image\" content=\"https:\/\/ponteseditores.com.br\/loja3\/wp-content\/uploads\/2025\/12\/Capa_Jornada.jpg\" \/>\n\t<meta property=\"og:image:width\" content=\"800\" \/>\n\t<meta property=\"og:image:height\" content=\"1159\" \/>\n\t<meta property=\"og:image:type\" content=\"image\/jpeg\" \/>\n<meta name=\"twitter:card\" content=\"summary_large_image\" \/>\n<meta name=\"twitter:label1\" content=\"Est. tempo de leitura\" \/>\n\t<meta name=\"twitter:data1\" content=\"1 minuto\" \/>\n<script type=\"application\/ld+json\" class=\"yoast-schema-graph\">{\"@context\":\"https:\\\/\\\/schema.org\",\"@graph\":[{\"@type\":\"WebPage\",\"@id\":\"https:\\\/\\\/ponteseditores.com.br\\\/loja3\\\/pontes-editores-home-2__trashed\\\/ebook\\\/lancamento-e-book\\\/decolonizar-saberes-reexistir-na-pratica-dialogos-insurgentes-para-uma-educacao-antirracista\\\/\",\"url\":\"https:\\\/\\\/ponteseditores.com.br\\\/loja3\\\/pontes-editores-home-2__trashed\\\/ebook\\\/lancamento-e-book\\\/decolonizar-saberes-reexistir-na-pratica-dialogos-insurgentes-para-uma-educacao-antirracista\\\/\",\"name\":\"Decolonizar Saberes, (re)existir na pr\u00e1tica: di\u00e1logos insurgentes para uma educa\u00e7\u00e3o antirracista - Pontes Editores\",\"isPartOf\":{\"@id\":\"https:\\\/\\\/ponteseditores.com.br\\\/loja3\\\/#website\"},\"primaryImageOfPage\":{\"@id\":\"https:\\\/\\\/ponteseditores.com.br\\\/loja3\\\/pontes-editores-home-2__trashed\\\/ebook\\\/lancamento-e-book\\\/decolonizar-saberes-reexistir-na-pratica-dialogos-insurgentes-para-uma-educacao-antirracista\\\/#primaryimage\"},\"image\":{\"@id\":\"https:\\\/\\\/ponteseditores.com.br\\\/loja3\\\/pontes-editores-home-2__trashed\\\/ebook\\\/lancamento-e-book\\\/decolonizar-saberes-reexistir-na-pratica-dialogos-insurgentes-para-uma-educacao-antirracista\\\/#primaryimage\"},\"thumbnailUrl\":\"https:\\\/\\\/ponteseditores.com.br\\\/loja3\\\/wp-content\\\/uploads\\\/2025\\\/12\\\/Capa_Jornada.jpg\",\"datePublished\":\"2025-12-19T13:13:44+00:00\",\"breadcrumb\":{\"@id\":\"https:\\\/\\\/ponteseditores.com.br\\\/loja3\\\/pontes-editores-home-2__trashed\\\/ebook\\\/lancamento-e-book\\\/decolonizar-saberes-reexistir-na-pratica-dialogos-insurgentes-para-uma-educacao-antirracista\\\/#breadcrumb\"},\"inLanguage\":\"pt-BR\",\"potentialAction\":[{\"@type\":\"ReadAction\",\"target\":[\"https:\\\/\\\/ponteseditores.com.br\\\/loja3\\\/pontes-editores-home-2__trashed\\\/ebook\\\/lancamento-e-book\\\/decolonizar-saberes-reexistir-na-pratica-dialogos-insurgentes-para-uma-educacao-antirracista\\\/\"]}]},{\"@type\":\"ImageObject\",\"inLanguage\":\"pt-BR\",\"@id\":\"https:\\\/\\\/ponteseditores.com.br\\\/loja3\\\/pontes-editores-home-2__trashed\\\/ebook\\\/lancamento-e-book\\\/decolonizar-saberes-reexistir-na-pratica-dialogos-insurgentes-para-uma-educacao-antirracista\\\/#primaryimage\",\"url\":\"https:\\\/\\\/ponteseditores.com.br\\\/loja3\\\/wp-content\\\/uploads\\\/2025\\\/12\\\/Capa_Jornada.jpg\",\"contentUrl\":\"https:\\\/\\\/ponteseditores.com.br\\\/loja3\\\/wp-content\\\/uploads\\\/2025\\\/12\\\/Capa_Jornada.jpg\",\"width\":800,\"height\":1159},{\"@type\":\"BreadcrumbList\",\"@id\":\"https:\\\/\\\/ponteseditores.com.br\\\/loja3\\\/pontes-editores-home-2__trashed\\\/ebook\\\/lancamento-e-book\\\/decolonizar-saberes-reexistir-na-pratica-dialogos-insurgentes-para-uma-educacao-antirracista\\\/#breadcrumb\",\"itemListElement\":[{\"@type\":\"ListItem\",\"position\":1,\"name\":\"Home\",\"item\":\"https:\\\/\\\/ponteseditores.com.br\\\/loja3\\\/\"},{\"@type\":\"ListItem\",\"position\":2,\"name\":\"loja\",\"item\":\"https:\\\/\\\/ponteseditores.com.br\\\/loja3\\\/loja\\\/\"},{\"@type\":\"ListItem\",\"position\":3,\"name\":\"Decolonizar Saberes, (re)existir na pr\u00e1tica: di\u00e1logos insurgentes para uma educa\u00e7\u00e3o antirracista\"}]},{\"@type\":\"WebSite\",\"@id\":\"https:\\\/\\\/ponteseditores.com.br\\\/loja3\\\/#website\",\"url\":\"https:\\\/\\\/ponteseditores.com.br\\\/loja3\\\/\",\"name\":\"Pontes Editores\",\"description\":\"Pontes Editores\",\"publisher\":{\"@id\":\"https:\\\/\\\/ponteseditores.com.br\\\/loja3\\\/#organization\"},\"potentialAction\":[{\"@type\":\"SearchAction\",\"target\":{\"@type\":\"EntryPoint\",\"urlTemplate\":\"https:\\\/\\\/ponteseditores.com.br\\\/loja3\\\/?s={search_term_string}\"},\"query-input\":{\"@type\":\"PropertyValueSpecification\",\"valueRequired\":true,\"valueName\":\"search_term_string\"}}],\"inLanguage\":\"pt-BR\"},{\"@type\":\"Organization\",\"@id\":\"https:\\\/\\\/ponteseditores.com.br\\\/loja3\\\/#organization\",\"name\":\"Pontes Editores\",\"url\":\"https:\\\/\\\/ponteseditores.com.br\\\/loja3\\\/\",\"logo\":{\"@type\":\"ImageObject\",\"inLanguage\":\"pt-BR\",\"@id\":\"https:\\\/\\\/ponteseditores.com.br\\\/loja3\\\/#\\\/schema\\\/logo\\\/image\\\/\",\"url\":\"https:\\\/\\\/ponteseditores.com.br\\\/loja3\\\/wp-content\\\/uploads\\\/2023\\\/12\\\/logo-pontes-editores-v2.png\",\"contentUrl\":\"https:\\\/\\\/ponteseditores.com.br\\\/loja3\\\/wp-content\\\/uploads\\\/2023\\\/12\\\/logo-pontes-editores-v2.png\",\"width\":258,\"height\":100,\"caption\":\"Pontes Editores\"},\"image\":{\"@id\":\"https:\\\/\\\/ponteseditores.com.br\\\/loja3\\\/#\\\/schema\\\/logo\\\/image\\\/\"}}]}<\/script>\n<!-- \/ Yoast SEO plugin. -->","yoast_head_json":{"title":"Decolonizar Saberes, (re)existir na pr\u00e1tica: di\u00e1logos insurgentes para uma educa\u00e7\u00e3o antirracista - Pontes Editores","robots":{"index":"index","follow":"follow","max-snippet":"max-snippet:-1","max-image-preview":"max-image-preview:large","max-video-preview":"max-video-preview:-1"},"canonical":"https:\/\/ponteseditores.com.br\/loja3\/pontes-editores-home-2__trashed\/ebook\/lancamento-e-book\/decolonizar-saberes-reexistir-na-pratica-dialogos-insurgentes-para-uma-educacao-antirracista\/","og_locale":"pt_BR","og_type":"article","og_title":"Decolonizar Saberes, (re)existir na pr\u00e1tica: di\u00e1logos insurgentes para uma educa\u00e7\u00e3o antirracista - Pontes Editores","og_description":"Os trabalhos reunidos nestes Anais expressam pesquisas, experi\u00eancias pedag\u00f3gicas, materiais did\u00e1ticos, reflex\u00f5es te\u00f3ricas e relatos de pr\u00e1ticas educativas comprometidas com a luta antirracista e a constru\u00e7\u00e3o de uma escola mais justa, plural e democr\u00e1tica. Cada texto traduz a pot\u00eancia da educa\u00e7\u00e3o como territ\u00f3rio de reexist\u00eancia e reafirma a urg\u00eancia de uma pedagogia que reconhe\u00e7a as [&hellip;]","og_url":"https:\/\/ponteseditores.com.br\/loja3\/pontes-editores-home-2__trashed\/ebook\/lancamento-e-book\/decolonizar-saberes-reexistir-na-pratica-dialogos-insurgentes-para-uma-educacao-antirracista\/","og_site_name":"Pontes Editores","og_image":[{"width":800,"height":1159,"url":"https:\/\/ponteseditores.com.br\/loja3\/wp-content\/uploads\/2025\/12\/Capa_Jornada.jpg","type":"image\/jpeg"}],"twitter_card":"summary_large_image","twitter_misc":{"Est. tempo de leitura":"1 minuto"},"schema":{"@context":"https:\/\/schema.org","@graph":[{"@type":"WebPage","@id":"https:\/\/ponteseditores.com.br\/loja3\/pontes-editores-home-2__trashed\/ebook\/lancamento-e-book\/decolonizar-saberes-reexistir-na-pratica-dialogos-insurgentes-para-uma-educacao-antirracista\/","url":"https:\/\/ponteseditores.com.br\/loja3\/pontes-editores-home-2__trashed\/ebook\/lancamento-e-book\/decolonizar-saberes-reexistir-na-pratica-dialogos-insurgentes-para-uma-educacao-antirracista\/","name":"Decolonizar Saberes, (re)existir na pr\u00e1tica: di\u00e1logos insurgentes para uma educa\u00e7\u00e3o antirracista - Pontes Editores","isPartOf":{"@id":"https:\/\/ponteseditores.com.br\/loja3\/#website"},"primaryImageOfPage":{"@id":"https:\/\/ponteseditores.com.br\/loja3\/pontes-editores-home-2__trashed\/ebook\/lancamento-e-book\/decolonizar-saberes-reexistir-na-pratica-dialogos-insurgentes-para-uma-educacao-antirracista\/#primaryimage"},"image":{"@id":"https:\/\/ponteseditores.com.br\/loja3\/pontes-editores-home-2__trashed\/ebook\/lancamento-e-book\/decolonizar-saberes-reexistir-na-pratica-dialogos-insurgentes-para-uma-educacao-antirracista\/#primaryimage"},"thumbnailUrl":"https:\/\/ponteseditores.com.br\/loja3\/wp-content\/uploads\/2025\/12\/Capa_Jornada.jpg","datePublished":"2025-12-19T13:13:44+00:00","breadcrumb":{"@id":"https:\/\/ponteseditores.com.br\/loja3\/pontes-editores-home-2__trashed\/ebook\/lancamento-e-book\/decolonizar-saberes-reexistir-na-pratica-dialogos-insurgentes-para-uma-educacao-antirracista\/#breadcrumb"},"inLanguage":"pt-BR","potentialAction":[{"@type":"ReadAction","target":["https:\/\/ponteseditores.com.br\/loja3\/pontes-editores-home-2__trashed\/ebook\/lancamento-e-book\/decolonizar-saberes-reexistir-na-pratica-dialogos-insurgentes-para-uma-educacao-antirracista\/"]}]},{"@type":"ImageObject","inLanguage":"pt-BR","@id":"https:\/\/ponteseditores.com.br\/loja3\/pontes-editores-home-2__trashed\/ebook\/lancamento-e-book\/decolonizar-saberes-reexistir-na-pratica-dialogos-insurgentes-para-uma-educacao-antirracista\/#primaryimage","url":"https:\/\/ponteseditores.com.br\/loja3\/wp-content\/uploads\/2025\/12\/Capa_Jornada.jpg","contentUrl":"https:\/\/ponteseditores.com.br\/loja3\/wp-content\/uploads\/2025\/12\/Capa_Jornada.jpg","width":800,"height":1159},{"@type":"BreadcrumbList","@id":"https:\/\/ponteseditores.com.br\/loja3\/pontes-editores-home-2__trashed\/ebook\/lancamento-e-book\/decolonizar-saberes-reexistir-na-pratica-dialogos-insurgentes-para-uma-educacao-antirracista\/#breadcrumb","itemListElement":[{"@type":"ListItem","position":1,"name":"Home","item":"https:\/\/ponteseditores.com.br\/loja3\/"},{"@type":"ListItem","position":2,"name":"loja","item":"https:\/\/ponteseditores.com.br\/loja3\/loja\/"},{"@type":"ListItem","position":3,"name":"Decolonizar Saberes, (re)existir na pr\u00e1tica: di\u00e1logos insurgentes para uma educa\u00e7\u00e3o antirracista"}]},{"@type":"WebSite","@id":"https:\/\/ponteseditores.com.br\/loja3\/#website","url":"https:\/\/ponteseditores.com.br\/loja3\/","name":"Pontes Editores","description":"Pontes Editores","publisher":{"@id":"https:\/\/ponteseditores.com.br\/loja3\/#organization"},"potentialAction":[{"@type":"SearchAction","target":{"@type":"EntryPoint","urlTemplate":"https:\/\/ponteseditores.com.br\/loja3\/?s={search_term_string}"},"query-input":{"@type":"PropertyValueSpecification","valueRequired":true,"valueName":"search_term_string"}}],"inLanguage":"pt-BR"},{"@type":"Organization","@id":"https:\/\/ponteseditores.com.br\/loja3\/#organization","name":"Pontes Editores","url":"https:\/\/ponteseditores.com.br\/loja3\/","logo":{"@type":"ImageObject","inLanguage":"pt-BR","@id":"https:\/\/ponteseditores.com.br\/loja3\/#\/schema\/logo\/image\/","url":"https:\/\/ponteseditores.com.br\/loja3\/wp-content\/uploads\/2023\/12\/logo-pontes-editores-v2.png","contentUrl":"https:\/\/ponteseditores.com.br\/loja3\/wp-content\/uploads\/2023\/12\/logo-pontes-editores-v2.png","width":258,"height":100,"caption":"Pontes Editores"},"image":{"@id":"https:\/\/ponteseditores.com.br\/loja3\/#\/schema\/logo\/image\/"}}]}},"_links":{"self":[{"href":"https:\/\/ponteseditores.com.br\/loja3\/wp-json\/wp\/v2\/product\/35234","targetHints":{"allow":["GET"]}}],"collection":[{"href":"https:\/\/ponteseditores.com.br\/loja3\/wp-json\/wp\/v2\/product"}],"about":[{"href":"https:\/\/ponteseditores.com.br\/loja3\/wp-json\/wp\/v2\/types\/product"}],"replies":[{"embeddable":true,"href":"https:\/\/ponteseditores.com.br\/loja3\/wp-json\/wp\/v2\/comments?post=35234"}],"version-history":[{"count":1,"href":"https:\/\/ponteseditores.com.br\/loja3\/wp-json\/wp\/v2\/product\/35234\/revisions"}],"predecessor-version":[{"id":35237,"href":"https:\/\/ponteseditores.com.br\/loja3\/wp-json\/wp\/v2\/product\/35234\/revisions\/35237"}],"wp:featuredmedia":[{"embeddable":true,"href":"https:\/\/ponteseditores.com.br\/loja3\/wp-json\/wp\/v2\/media\/35236"}],"wp:attachment":[{"href":"https:\/\/ponteseditores.com.br\/loja3\/wp-json\/wp\/v2\/media?parent=35234"}],"wp:term":[{"taxonomy":"product_brand","embeddable":true,"href":"https:\/\/ponteseditores.com.br\/loja3\/wp-json\/wp\/v2\/product_brand?post=35234"},{"taxonomy":"product_cat","embeddable":true,"href":"https:\/\/ponteseditores.com.br\/loja3\/wp-json\/wp\/v2\/product_cat?post=35234"},{"taxonomy":"product_tag","embeddable":true,"href":"https:\/\/ponteseditores.com.br\/loja3\/wp-json\/wp\/v2\/product_tag?post=35234"}],"curies":[{"name":"wp","href":"https:\/\/api.w.org\/{rel}","templated":true}]}}