{"id":35064,"date":"2025-12-16T16:47:38","date_gmt":"2025-12-16T19:47:38","guid":{"rendered":"https:\/\/ponteseditores.com.br\/loja3\/?post_type=product&#038;p=35064"},"modified":"2025-12-16T16:47:38","modified_gmt":"2025-12-16T19:47:38","slug":"conexoes-contemporaneas-perspectivas-interdisciplinares-na-pos-graduacao-volume-iii-desenvolvimento-e-impacto-social","status":"publish","type":"product","link":"https:\/\/ponteseditores.com.br\/loja3\/pontes-editores-home-2__trashed\/ebook\/lancamento-e-book\/conexoes-contemporaneas-perspectivas-interdisciplinares-na-pos-graduacao-volume-iii-desenvolvimento-e-impacto-social\/","title":{"rendered":"Conex\u00f5es Contempor\u00e2neas: Perspectivas Interdisciplinares na P\u00f3s-Gradua\u00e7\u00e3o \u2013 Volume III: Desenvolvimento e Impacto Social"},"content":{"rendered":"<p>O e-book <strong>Desenvolvimento e Impacto Social<\/strong> comp\u00f5e o terceiro volume da colet\u00e2nea <strong>Conex\u00f5es Contempor\u00e2neas: perspectivas interdisciplinares na p\u00f3s-gradua\u00e7\u00e3o<\/strong>, reunindo resultados de pesquisa e reflex\u00f5es cr\u00edticas de docentes e discentes vinculados aos Programas de P\u00f3s-Gradua\u00e7\u00e3o <em>Stricto Sensu<\/em> da Universidade Cat\u00f3lica de Pernambuco (Unicap). Os oito textos deste volume abordam desafios ligados \u00e0 justi\u00e7a social, desenvolvimento sustent\u00e1vel, inclus\u00e3o de grupos historicamente marginalizados, inova\u00e7\u00e3o tecnol\u00f3gica em contextos vulner\u00e1veis, sa\u00fade mental, comunica\u00e7\u00e3o p\u00fablica e pr\u00e1ticas culturais, sempre buscando evidenciar o impacto social das a\u00e7\u00f5es analisadas.<\/p>\n<p>Os cap\u00edtulos dialogam com \u00e1reas variadas como direito, ci\u00eancias sociais, comunica\u00e7\u00e3o, psicologia, ci\u00eancias ambientais, economia, sa\u00fade e educa\u00e7\u00e3o, expressando diversidades<\/p>\n<p>tem\u00e1tica e metodol\u00f3gica, em conson\u00e2ncia com a miss\u00e3o institucional da Unicap de produ\u00e7\u00e3o de saberes cr\u00edticos e socialmente engajados. E, ao problematizar diferentes contextos \u2013 como o acesso ao Ensino Superior de mulheres negras, a justi\u00e7a social por meio de neg\u00f3cios de impacto, a inclus\u00e3o digital de pessoas com defici\u00eancia, a promo\u00e7\u00e3o de sa\u00fade mental em popula\u00e7\u00f5es vulner\u00e1veis, ou, ainda, a constru\u00e7\u00e3o de pol\u00edticas inclusivas e o papel da comunica\u00e7\u00e3o no engajamento p\u00fablico \u2013, ilustra caminhos de transforma\u00e7\u00e3o e resist\u00eancia frente aos desafios contempor\u00e2neos.<\/p>\n<p>A colet\u00e2nea visa consolidar um espa\u00e7o de di\u00e1logo entre academia e sociedade, ressaltando pr\u00e1ticas interdisciplinares que contribuem para a supera\u00e7\u00e3o de desigualdades e fortalecem a\u00e7\u00f5es de desenvolvimento e impacto social, na constru\u00e7\u00e3o coletiva de solu\u00e7\u00f5es para os problemas que marcam a esfera p\u00fablica contempor\u00e2nea.<\/p>\n<p>&nbsp;<\/p>\n","protected":false},"excerpt":{"rendered":"<p>O e-book Desenvolvimento e Impacto Social comp\u00f5e o terceiro volume da colet\u00e2nea Conex\u00f5es Contempor\u00e2neas: perspectivas interdisciplinares na p\u00f3s-gradua\u00e7\u00e3o, reunindo resultados de pesquisa e reflex\u00f5es cr\u00edticas de docentes e discentes vinculados aos Programas de P\u00f3s-Gradua\u00e7\u00e3o Stricto Sensu da Universidade Cat\u00f3lica de Pernambuco (Unicap). Os oito textos deste volume abordam desafios ligados \u00e0 justi\u00e7a social, desenvolvimento sustent\u00e1vel, [&hellip;]<\/p>\n","protected":false},"featured_media":35068,"comment_status":"open","ping_status":"closed","template":"","meta":{"_joinchat":[]},"product_brand":[],"product_cat":[165,386],"product_tag":[],"class_list":{"0":"post-35064","1":"product","2":"type-product","3":"status-publish","4":"has-post-thumbnail","6":"product_cat-ebook","7":"product_cat-lancamento-e-book","9":"first","10":"instock","11":"downloadable","12":"virtual","13":"purchasable","14":"product-type-simple"},"yoast_head":"<!-- This site is optimized with the Yoast SEO plugin v27.4 - https:\/\/yoast.com\/product\/yoast-seo-wordpress\/ -->\n<title>Conex\u00f5es Contempor\u00e2neas: Perspectivas Interdisciplinares na P\u00f3s-Gradua\u00e7\u00e3o \u2013 Volume III: Desenvolvimento e Impacto Social - Pontes Editores<\/title>\n<meta name=\"robots\" content=\"index, follow, max-snippet:-1, max-image-preview:large, max-video-preview:-1\" \/>\n<link rel=\"canonical\" href=\"https:\/\/ponteseditores.com.br\/loja3\/pontes-editores-home-2__trashed\/ebook\/lancamento-e-book\/conexoes-contemporaneas-perspectivas-interdisciplinares-na-pos-graduacao-volume-iii-desenvolvimento-e-impacto-social\/\" \/>\n<meta property=\"og:locale\" content=\"pt_BR\" \/>\n<meta property=\"og:type\" content=\"article\" \/>\n<meta property=\"og:title\" content=\"Conex\u00f5es Contempor\u00e2neas: Perspectivas Interdisciplinares na P\u00f3s-Gradua\u00e7\u00e3o \u2013 Volume III: Desenvolvimento e Impacto Social - Pontes Editores\" \/>\n<meta property=\"og:description\" content=\"O e-book Desenvolvimento e Impacto Social comp\u00f5e o terceiro volume da colet\u00e2nea Conex\u00f5es Contempor\u00e2neas: perspectivas interdisciplinares na p\u00f3s-gradua\u00e7\u00e3o, reunindo resultados de pesquisa e reflex\u00f5es cr\u00edticas de docentes e discentes vinculados aos Programas de P\u00f3s-Gradua\u00e7\u00e3o Stricto Sensu da Universidade Cat\u00f3lica de Pernambuco (Unicap). Os oito textos deste volume abordam desafios ligados \u00e0 justi\u00e7a social, desenvolvimento sustent\u00e1vel, [&hellip;]\" \/>\n<meta property=\"og:url\" content=\"https:\/\/ponteseditores.com.br\/loja3\/pontes-editores-home-2__trashed\/ebook\/lancamento-e-book\/conexoes-contemporaneas-perspectivas-interdisciplinares-na-pos-graduacao-volume-iii-desenvolvimento-e-impacto-social\/\" \/>\n<meta property=\"og:site_name\" content=\"Pontes Editores\" \/>\n<meta property=\"og:image\" content=\"https:\/\/ponteseditores.com.br\/loja3\/wp-content\/uploads\/2025\/12\/Capa_Conexoes-Contemporaneas-3.jpg\" \/>\n\t<meta property=\"og:image:width\" content=\"800\" \/>\n\t<meta property=\"og:image:height\" content=\"1159\" \/>\n\t<meta property=\"og:image:type\" content=\"image\/jpeg\" \/>\n<meta name=\"twitter:card\" content=\"summary_large_image\" \/>\n<meta name=\"twitter:label1\" content=\"Est. tempo de leitura\" \/>\n\t<meta name=\"twitter:data1\" content=\"2 minutos\" \/>\n<script type=\"application\/ld+json\" class=\"yoast-schema-graph\">{\"@context\":\"https:\\\/\\\/schema.org\",\"@graph\":[{\"@type\":\"WebPage\",\"@id\":\"https:\\\/\\\/ponteseditores.com.br\\\/loja3\\\/pontes-editores-home-2__trashed\\\/ebook\\\/lancamento-e-book\\\/conexoes-contemporaneas-perspectivas-interdisciplinares-na-pos-graduacao-volume-iii-desenvolvimento-e-impacto-social\\\/\",\"url\":\"https:\\\/\\\/ponteseditores.com.br\\\/loja3\\\/pontes-editores-home-2__trashed\\\/ebook\\\/lancamento-e-book\\\/conexoes-contemporaneas-perspectivas-interdisciplinares-na-pos-graduacao-volume-iii-desenvolvimento-e-impacto-social\\\/\",\"name\":\"Conex\u00f5es Contempor\u00e2neas: Perspectivas Interdisciplinares na P\u00f3s-Gradua\u00e7\u00e3o \u2013 Volume III: Desenvolvimento e Impacto Social - Pontes Editores\",\"isPartOf\":{\"@id\":\"https:\\\/\\\/ponteseditores.com.br\\\/loja3\\\/#website\"},\"primaryImageOfPage\":{\"@id\":\"https:\\\/\\\/ponteseditores.com.br\\\/loja3\\\/pontes-editores-home-2__trashed\\\/ebook\\\/lancamento-e-book\\\/conexoes-contemporaneas-perspectivas-interdisciplinares-na-pos-graduacao-volume-iii-desenvolvimento-e-impacto-social\\\/#primaryimage\"},\"image\":{\"@id\":\"https:\\\/\\\/ponteseditores.com.br\\\/loja3\\\/pontes-editores-home-2__trashed\\\/ebook\\\/lancamento-e-book\\\/conexoes-contemporaneas-perspectivas-interdisciplinares-na-pos-graduacao-volume-iii-desenvolvimento-e-impacto-social\\\/#primaryimage\"},\"thumbnailUrl\":\"https:\\\/\\\/ponteseditores.com.br\\\/loja3\\\/wp-content\\\/uploads\\\/2025\\\/12\\\/Capa_Conexoes-Contemporaneas-3.jpg\",\"datePublished\":\"2025-12-16T19:47:38+00:00\",\"breadcrumb\":{\"@id\":\"https:\\\/\\\/ponteseditores.com.br\\\/loja3\\\/pontes-editores-home-2__trashed\\\/ebook\\\/lancamento-e-book\\\/conexoes-contemporaneas-perspectivas-interdisciplinares-na-pos-graduacao-volume-iii-desenvolvimento-e-impacto-social\\\/#breadcrumb\"},\"inLanguage\":\"pt-BR\",\"potentialAction\":[{\"@type\":\"ReadAction\",\"target\":[\"https:\\\/\\\/ponteseditores.com.br\\\/loja3\\\/pontes-editores-home-2__trashed\\\/ebook\\\/lancamento-e-book\\\/conexoes-contemporaneas-perspectivas-interdisciplinares-na-pos-graduacao-volume-iii-desenvolvimento-e-impacto-social\\\/\"]}]},{\"@type\":\"ImageObject\",\"inLanguage\":\"pt-BR\",\"@id\":\"https:\\\/\\\/ponteseditores.com.br\\\/loja3\\\/pontes-editores-home-2__trashed\\\/ebook\\\/lancamento-e-book\\\/conexoes-contemporaneas-perspectivas-interdisciplinares-na-pos-graduacao-volume-iii-desenvolvimento-e-impacto-social\\\/#primaryimage\",\"url\":\"https:\\\/\\\/ponteseditores.com.br\\\/loja3\\\/wp-content\\\/uploads\\\/2025\\\/12\\\/Capa_Conexoes-Contemporaneas-3.jpg\",\"contentUrl\":\"https:\\\/\\\/ponteseditores.com.br\\\/loja3\\\/wp-content\\\/uploads\\\/2025\\\/12\\\/Capa_Conexoes-Contemporaneas-3.jpg\",\"width\":800,\"height\":1159},{\"@type\":\"BreadcrumbList\",\"@id\":\"https:\\\/\\\/ponteseditores.com.br\\\/loja3\\\/pontes-editores-home-2__trashed\\\/ebook\\\/lancamento-e-book\\\/conexoes-contemporaneas-perspectivas-interdisciplinares-na-pos-graduacao-volume-iii-desenvolvimento-e-impacto-social\\\/#breadcrumb\",\"itemListElement\":[{\"@type\":\"ListItem\",\"position\":1,\"name\":\"Home\",\"item\":\"https:\\\/\\\/ponteseditores.com.br\\\/loja3\\\/\"},{\"@type\":\"ListItem\",\"position\":2,\"name\":\"loja\",\"item\":\"https:\\\/\\\/ponteseditores.com.br\\\/loja3\\\/loja\\\/\"},{\"@type\":\"ListItem\",\"position\":3,\"name\":\"Conex\u00f5es Contempor\u00e2neas: Perspectivas Interdisciplinares na P\u00f3s-Gradua\u00e7\u00e3o \u2013 Volume III: Desenvolvimento e Impacto Social\"}]},{\"@type\":\"WebSite\",\"@id\":\"https:\\\/\\\/ponteseditores.com.br\\\/loja3\\\/#website\",\"url\":\"https:\\\/\\\/ponteseditores.com.br\\\/loja3\\\/\",\"name\":\"Pontes Editores\",\"description\":\"Pontes Editores\",\"publisher\":{\"@id\":\"https:\\\/\\\/ponteseditores.com.br\\\/loja3\\\/#organization\"},\"potentialAction\":[{\"@type\":\"SearchAction\",\"target\":{\"@type\":\"EntryPoint\",\"urlTemplate\":\"https:\\\/\\\/ponteseditores.com.br\\\/loja3\\\/?s={search_term_string}\"},\"query-input\":{\"@type\":\"PropertyValueSpecification\",\"valueRequired\":true,\"valueName\":\"search_term_string\"}}],\"inLanguage\":\"pt-BR\"},{\"@type\":\"Organization\",\"@id\":\"https:\\\/\\\/ponteseditores.com.br\\\/loja3\\\/#organization\",\"name\":\"Pontes Editores\",\"url\":\"https:\\\/\\\/ponteseditores.com.br\\\/loja3\\\/\",\"logo\":{\"@type\":\"ImageObject\",\"inLanguage\":\"pt-BR\",\"@id\":\"https:\\\/\\\/ponteseditores.com.br\\\/loja3\\\/#\\\/schema\\\/logo\\\/image\\\/\",\"url\":\"https:\\\/\\\/ponteseditores.com.br\\\/loja3\\\/wp-content\\\/uploads\\\/2023\\\/12\\\/logo-pontes-editores-v2.png\",\"contentUrl\":\"https:\\\/\\\/ponteseditores.com.br\\\/loja3\\\/wp-content\\\/uploads\\\/2023\\\/12\\\/logo-pontes-editores-v2.png\",\"width\":258,\"height\":100,\"caption\":\"Pontes Editores\"},\"image\":{\"@id\":\"https:\\\/\\\/ponteseditores.com.br\\\/loja3\\\/#\\\/schema\\\/logo\\\/image\\\/\"}}]}<\/script>\n<!-- \/ Yoast SEO plugin. -->","yoast_head_json":{"title":"Conex\u00f5es Contempor\u00e2neas: Perspectivas Interdisciplinares na P\u00f3s-Gradua\u00e7\u00e3o \u2013 Volume III: Desenvolvimento e Impacto Social - Pontes Editores","robots":{"index":"index","follow":"follow","max-snippet":"max-snippet:-1","max-image-preview":"max-image-preview:large","max-video-preview":"max-video-preview:-1"},"canonical":"https:\/\/ponteseditores.com.br\/loja3\/pontes-editores-home-2__trashed\/ebook\/lancamento-e-book\/conexoes-contemporaneas-perspectivas-interdisciplinares-na-pos-graduacao-volume-iii-desenvolvimento-e-impacto-social\/","og_locale":"pt_BR","og_type":"article","og_title":"Conex\u00f5es Contempor\u00e2neas: Perspectivas Interdisciplinares na P\u00f3s-Gradua\u00e7\u00e3o \u2013 Volume III: Desenvolvimento e Impacto Social - Pontes Editores","og_description":"O e-book Desenvolvimento e Impacto Social comp\u00f5e o terceiro volume da colet\u00e2nea Conex\u00f5es Contempor\u00e2neas: perspectivas interdisciplinares na p\u00f3s-gradua\u00e7\u00e3o, reunindo resultados de pesquisa e reflex\u00f5es cr\u00edticas de docentes e discentes vinculados aos Programas de P\u00f3s-Gradua\u00e7\u00e3o Stricto Sensu da Universidade Cat\u00f3lica de Pernambuco (Unicap). Os oito textos deste volume abordam desafios ligados \u00e0 justi\u00e7a social, desenvolvimento sustent\u00e1vel, [&hellip;]","og_url":"https:\/\/ponteseditores.com.br\/loja3\/pontes-editores-home-2__trashed\/ebook\/lancamento-e-book\/conexoes-contemporaneas-perspectivas-interdisciplinares-na-pos-graduacao-volume-iii-desenvolvimento-e-impacto-social\/","og_site_name":"Pontes Editores","og_image":[{"width":800,"height":1159,"url":"https:\/\/ponteseditores.com.br\/loja3\/wp-content\/uploads\/2025\/12\/Capa_Conexoes-Contemporaneas-3.jpg","type":"image\/jpeg"}],"twitter_card":"summary_large_image","twitter_misc":{"Est. tempo de leitura":"2 minutos"},"schema":{"@context":"https:\/\/schema.org","@graph":[{"@type":"WebPage","@id":"https:\/\/ponteseditores.com.br\/loja3\/pontes-editores-home-2__trashed\/ebook\/lancamento-e-book\/conexoes-contemporaneas-perspectivas-interdisciplinares-na-pos-graduacao-volume-iii-desenvolvimento-e-impacto-social\/","url":"https:\/\/ponteseditores.com.br\/loja3\/pontes-editores-home-2__trashed\/ebook\/lancamento-e-book\/conexoes-contemporaneas-perspectivas-interdisciplinares-na-pos-graduacao-volume-iii-desenvolvimento-e-impacto-social\/","name":"Conex\u00f5es Contempor\u00e2neas: Perspectivas Interdisciplinares na P\u00f3s-Gradua\u00e7\u00e3o \u2013 Volume III: Desenvolvimento e Impacto Social - Pontes Editores","isPartOf":{"@id":"https:\/\/ponteseditores.com.br\/loja3\/#website"},"primaryImageOfPage":{"@id":"https:\/\/ponteseditores.com.br\/loja3\/pontes-editores-home-2__trashed\/ebook\/lancamento-e-book\/conexoes-contemporaneas-perspectivas-interdisciplinares-na-pos-graduacao-volume-iii-desenvolvimento-e-impacto-social\/#primaryimage"},"image":{"@id":"https:\/\/ponteseditores.com.br\/loja3\/pontes-editores-home-2__trashed\/ebook\/lancamento-e-book\/conexoes-contemporaneas-perspectivas-interdisciplinares-na-pos-graduacao-volume-iii-desenvolvimento-e-impacto-social\/#primaryimage"},"thumbnailUrl":"https:\/\/ponteseditores.com.br\/loja3\/wp-content\/uploads\/2025\/12\/Capa_Conexoes-Contemporaneas-3.jpg","datePublished":"2025-12-16T19:47:38+00:00","breadcrumb":{"@id":"https:\/\/ponteseditores.com.br\/loja3\/pontes-editores-home-2__trashed\/ebook\/lancamento-e-book\/conexoes-contemporaneas-perspectivas-interdisciplinares-na-pos-graduacao-volume-iii-desenvolvimento-e-impacto-social\/#breadcrumb"},"inLanguage":"pt-BR","potentialAction":[{"@type":"ReadAction","target":["https:\/\/ponteseditores.com.br\/loja3\/pontes-editores-home-2__trashed\/ebook\/lancamento-e-book\/conexoes-contemporaneas-perspectivas-interdisciplinares-na-pos-graduacao-volume-iii-desenvolvimento-e-impacto-social\/"]}]},{"@type":"ImageObject","inLanguage":"pt-BR","@id":"https:\/\/ponteseditores.com.br\/loja3\/pontes-editores-home-2__trashed\/ebook\/lancamento-e-book\/conexoes-contemporaneas-perspectivas-interdisciplinares-na-pos-graduacao-volume-iii-desenvolvimento-e-impacto-social\/#primaryimage","url":"https:\/\/ponteseditores.com.br\/loja3\/wp-content\/uploads\/2025\/12\/Capa_Conexoes-Contemporaneas-3.jpg","contentUrl":"https:\/\/ponteseditores.com.br\/loja3\/wp-content\/uploads\/2025\/12\/Capa_Conexoes-Contemporaneas-3.jpg","width":800,"height":1159},{"@type":"BreadcrumbList","@id":"https:\/\/ponteseditores.com.br\/loja3\/pontes-editores-home-2__trashed\/ebook\/lancamento-e-book\/conexoes-contemporaneas-perspectivas-interdisciplinares-na-pos-graduacao-volume-iii-desenvolvimento-e-impacto-social\/#breadcrumb","itemListElement":[{"@type":"ListItem","position":1,"name":"Home","item":"https:\/\/ponteseditores.com.br\/loja3\/"},{"@type":"ListItem","position":2,"name":"loja","item":"https:\/\/ponteseditores.com.br\/loja3\/loja\/"},{"@type":"ListItem","position":3,"name":"Conex\u00f5es Contempor\u00e2neas: Perspectivas Interdisciplinares na P\u00f3s-Gradua\u00e7\u00e3o \u2013 Volume III: Desenvolvimento e Impacto Social"}]},{"@type":"WebSite","@id":"https:\/\/ponteseditores.com.br\/loja3\/#website","url":"https:\/\/ponteseditores.com.br\/loja3\/","name":"Pontes Editores","description":"Pontes Editores","publisher":{"@id":"https:\/\/ponteseditores.com.br\/loja3\/#organization"},"potentialAction":[{"@type":"SearchAction","target":{"@type":"EntryPoint","urlTemplate":"https:\/\/ponteseditores.com.br\/loja3\/?s={search_term_string}"},"query-input":{"@type":"PropertyValueSpecification","valueRequired":true,"valueName":"search_term_string"}}],"inLanguage":"pt-BR"},{"@type":"Organization","@id":"https:\/\/ponteseditores.com.br\/loja3\/#organization","name":"Pontes Editores","url":"https:\/\/ponteseditores.com.br\/loja3\/","logo":{"@type":"ImageObject","inLanguage":"pt-BR","@id":"https:\/\/ponteseditores.com.br\/loja3\/#\/schema\/logo\/image\/","url":"https:\/\/ponteseditores.com.br\/loja3\/wp-content\/uploads\/2023\/12\/logo-pontes-editores-v2.png","contentUrl":"https:\/\/ponteseditores.com.br\/loja3\/wp-content\/uploads\/2023\/12\/logo-pontes-editores-v2.png","width":258,"height":100,"caption":"Pontes Editores"},"image":{"@id":"https:\/\/ponteseditores.com.br\/loja3\/#\/schema\/logo\/image\/"}}]}},"_links":{"self":[{"href":"https:\/\/ponteseditores.com.br\/loja3\/wp-json\/wp\/v2\/product\/35064","targetHints":{"allow":["GET"]}}],"collection":[{"href":"https:\/\/ponteseditores.com.br\/loja3\/wp-json\/wp\/v2\/product"}],"about":[{"href":"https:\/\/ponteseditores.com.br\/loja3\/wp-json\/wp\/v2\/types\/product"}],"replies":[{"embeddable":true,"href":"https:\/\/ponteseditores.com.br\/loja3\/wp-json\/wp\/v2\/comments?post=35064"}],"version-history":[{"count":2,"href":"https:\/\/ponteseditores.com.br\/loja3\/wp-json\/wp\/v2\/product\/35064\/revisions"}],"predecessor-version":[{"id":35070,"href":"https:\/\/ponteseditores.com.br\/loja3\/wp-json\/wp\/v2\/product\/35064\/revisions\/35070"}],"wp:featuredmedia":[{"embeddable":true,"href":"https:\/\/ponteseditores.com.br\/loja3\/wp-json\/wp\/v2\/media\/35068"}],"wp:attachment":[{"href":"https:\/\/ponteseditores.com.br\/loja3\/wp-json\/wp\/v2\/media?parent=35064"}],"wp:term":[{"taxonomy":"product_brand","embeddable":true,"href":"https:\/\/ponteseditores.com.br\/loja3\/wp-json\/wp\/v2\/product_brand?post=35064"},{"taxonomy":"product_cat","embeddable":true,"href":"https:\/\/ponteseditores.com.br\/loja3\/wp-json\/wp\/v2\/product_cat?post=35064"},{"taxonomy":"product_tag","embeddable":true,"href":"https:\/\/ponteseditores.com.br\/loja3\/wp-json\/wp\/v2\/product_tag?post=35064"}],"curies":[{"name":"wp","href":"https:\/\/api.w.org\/{rel}","templated":true}]}}