{"id":35060,"date":"2025-12-16T16:48:31","date_gmt":"2025-12-16T19:48:31","guid":{"rendered":"https:\/\/ponteseditores.com.br\/loja3\/?post_type=product&#038;p=35060"},"modified":"2025-12-18T16:08:37","modified_gmt":"2025-12-18T19:08:37","slug":"conexoes-contemporaneas-perspectivas-interdisciplinares-na-pos-graduacao-volume-ii-estudos-decoloniais-genero-e-discurso","status":"publish","type":"product","link":"https:\/\/ponteseditores.com.br\/loja3\/pontes-editores-home-2__trashed\/ebook\/lancamento-e-book\/conexoes-contemporaneas-perspectivas-interdisciplinares-na-pos-graduacao-volume-ii-estudos-decoloniais-genero-e-discurso\/","title":{"rendered":"Conex\u00f5es Contempor\u00e2neas: Perspectivas Interdisciplinares na P\u00f3s-Gradua\u00e7\u00e3o \u2013 Volume II: Estudos Decoloniais, G\u00eanero e Discurso"},"content":{"rendered":"<p>Este \u00e9 o segundo livro da colet\u00e2nea <strong>Conex\u00f5es Contempor\u00e2neas: perspectivas interdisciplinares na p\u00f3s-gradua\u00e7\u00e3o<\/strong> que re\u00fane parte da produ\u00e7\u00e3o intelectual dos docentes e discentes vinculados aos Programas de P\u00f3s-Gradua\u00e7\u00e3o <em>Stricto Sensu<\/em> da Universidade Cat\u00f3lica de Pernambuco (Unicap). O volume <strong>Estudos Decoloniais, G\u00eanero e Discurso<\/strong> traz 14 artigos que dialogam com quest\u00f5es fundamentais da contemporaneidade, como identidade, ra\u00e7a, g\u00eanero, viol\u00eancia, religiosidade, direitos humanos e representa\u00e7\u00f5es art\u00edsticas.<\/p>\n<p>A publica\u00e7\u00e3o prop\u00f5e alternativas no pensar e agir frente \u00e0s heran\u00e7as coloniais, que ainda atravessam a sociedade brasileira e global e que influenciam diretamente a constru\u00e7\u00e3o de discursos e o debate atual sobre g\u00eanero. Os artigos debatem sobre a psicologia e o racismo, saberes afrodiasp\u00f3ricos e decoloniais, teologia feminista negra, filosofia, hist\u00f3ria, cinema, entre outros temas.<\/p>\n<p>O e-book reivindica a justi\u00e7a social e a produ\u00e7\u00e3o de saberes cr\u00edticos, plurais e emancipat\u00f3rios. A colet\u00e2nea constitui-se como registro da vitalidade das pesquisas realizadas no \u00e2mbito dos Programas de P\u00f3s-Gradua\u00e7\u00e3o da Unicap e como contribui\u00e7\u00e3o indispens\u00e1vel ao debate sobre decolonialidade, g\u00eanero e discurso em diferentes contextos hist\u00f3ricos e contempor\u00e2neos.<\/p>\n","protected":false},"excerpt":{"rendered":"<p>Este \u00e9 o segundo livro da colet\u00e2nea Conex\u00f5es Contempor\u00e2neas: perspectivas interdisciplinares na p\u00f3s-gradua\u00e7\u00e3o que re\u00fane parte da produ\u00e7\u00e3o intelectual dos docentes e discentes vinculados aos Programas de P\u00f3s-Gradua\u00e7\u00e3o Stricto Sensu da Universidade Cat\u00f3lica de Pernambuco (Unicap). O volume Estudos Decoloniais, G\u00eanero e Discurso traz 14 artigos que dialogam com quest\u00f5es fundamentais da contemporaneidade, como identidade, [&hellip;]<\/p>\n","protected":false},"featured_media":35062,"comment_status":"open","ping_status":"closed","template":"","meta":{"_joinchat":[]},"product_brand":[],"product_cat":[165,386],"product_tag":[],"class_list":{"0":"post-35060","1":"product","2":"type-product","3":"status-publish","4":"has-post-thumbnail","6":"product_cat-ebook","7":"product_cat-lancamento-e-book","9":"first","10":"instock","11":"downloadable","12":"virtual","13":"purchasable","14":"product-type-simple"},"yoast_head":"<!-- This site is optimized with the Yoast SEO plugin v27.4 - https:\/\/yoast.com\/product\/yoast-seo-wordpress\/ -->\n<title>Conex\u00f5es Contempor\u00e2neas: Perspectivas Interdisciplinares na P\u00f3s-Gradua\u00e7\u00e3o \u2013 Volume II: Estudos Decoloniais, G\u00eanero e Discurso - Pontes Editores<\/title>\n<meta name=\"robots\" content=\"index, follow, max-snippet:-1, max-image-preview:large, max-video-preview:-1\" \/>\n<link rel=\"canonical\" href=\"https:\/\/ponteseditores.com.br\/loja3\/pontes-editores-home-2__trashed\/ebook\/lancamento-e-book\/conexoes-contemporaneas-perspectivas-interdisciplinares-na-pos-graduacao-volume-ii-estudos-decoloniais-genero-e-discurso\/\" \/>\n<meta property=\"og:locale\" content=\"pt_BR\" \/>\n<meta property=\"og:type\" content=\"article\" \/>\n<meta property=\"og:title\" content=\"Conex\u00f5es Contempor\u00e2neas: Perspectivas Interdisciplinares na P\u00f3s-Gradua\u00e7\u00e3o \u2013 Volume II: Estudos Decoloniais, G\u00eanero e Discurso - Pontes Editores\" \/>\n<meta property=\"og:description\" content=\"Este \u00e9 o segundo livro da colet\u00e2nea Conex\u00f5es Contempor\u00e2neas: perspectivas interdisciplinares na p\u00f3s-gradua\u00e7\u00e3o que re\u00fane parte da produ\u00e7\u00e3o intelectual dos docentes e discentes vinculados aos Programas de P\u00f3s-Gradua\u00e7\u00e3o Stricto Sensu da Universidade Cat\u00f3lica de Pernambuco (Unicap). O volume Estudos Decoloniais, G\u00eanero e Discurso traz 14 artigos que dialogam com quest\u00f5es fundamentais da contemporaneidade, como identidade, [&hellip;]\" \/>\n<meta property=\"og:url\" content=\"https:\/\/ponteseditores.com.br\/loja3\/pontes-editores-home-2__trashed\/ebook\/lancamento-e-book\/conexoes-contemporaneas-perspectivas-interdisciplinares-na-pos-graduacao-volume-ii-estudos-decoloniais-genero-e-discurso\/\" \/>\n<meta property=\"og:site_name\" content=\"Pontes Editores\" \/>\n<meta property=\"article:modified_time\" content=\"2025-12-18T19:08:37+00:00\" \/>\n<meta property=\"og:image\" content=\"https:\/\/ponteseditores.com.br\/loja3\/wp-content\/uploads\/2025\/12\/Capa_Conexoes-Contemporaneas-2.jpg\" \/>\n\t<meta property=\"og:image:width\" content=\"800\" \/>\n\t<meta property=\"og:image:height\" content=\"1159\" \/>\n\t<meta property=\"og:image:type\" content=\"image\/jpeg\" \/>\n<meta name=\"twitter:card\" content=\"summary_large_image\" \/>\n<meta name=\"twitter:label1\" content=\"Est. tempo de leitura\" \/>\n\t<meta name=\"twitter:data1\" content=\"2 minutos\" \/>\n<script type=\"application\/ld+json\" class=\"yoast-schema-graph\">{\"@context\":\"https:\\\/\\\/schema.org\",\"@graph\":[{\"@type\":\"WebPage\",\"@id\":\"https:\\\/\\\/ponteseditores.com.br\\\/loja3\\\/pontes-editores-home-2__trashed\\\/ebook\\\/lancamento-e-book\\\/conexoes-contemporaneas-perspectivas-interdisciplinares-na-pos-graduacao-volume-ii-estudos-decoloniais-genero-e-discurso\\\/\",\"url\":\"https:\\\/\\\/ponteseditores.com.br\\\/loja3\\\/pontes-editores-home-2__trashed\\\/ebook\\\/lancamento-e-book\\\/conexoes-contemporaneas-perspectivas-interdisciplinares-na-pos-graduacao-volume-ii-estudos-decoloniais-genero-e-discurso\\\/\",\"name\":\"Conex\u00f5es Contempor\u00e2neas: Perspectivas Interdisciplinares na P\u00f3s-Gradua\u00e7\u00e3o \u2013 Volume II: Estudos Decoloniais, G\u00eanero e Discurso - Pontes Editores\",\"isPartOf\":{\"@id\":\"https:\\\/\\\/ponteseditores.com.br\\\/loja3\\\/#website\"},\"primaryImageOfPage\":{\"@id\":\"https:\\\/\\\/ponteseditores.com.br\\\/loja3\\\/pontes-editores-home-2__trashed\\\/ebook\\\/lancamento-e-book\\\/conexoes-contemporaneas-perspectivas-interdisciplinares-na-pos-graduacao-volume-ii-estudos-decoloniais-genero-e-discurso\\\/#primaryimage\"},\"image\":{\"@id\":\"https:\\\/\\\/ponteseditores.com.br\\\/loja3\\\/pontes-editores-home-2__trashed\\\/ebook\\\/lancamento-e-book\\\/conexoes-contemporaneas-perspectivas-interdisciplinares-na-pos-graduacao-volume-ii-estudos-decoloniais-genero-e-discurso\\\/#primaryimage\"},\"thumbnailUrl\":\"https:\\\/\\\/ponteseditores.com.br\\\/loja3\\\/wp-content\\\/uploads\\\/2025\\\/12\\\/Capa_Conexoes-Contemporaneas-2.jpg\",\"datePublished\":\"2025-12-16T19:48:31+00:00\",\"dateModified\":\"2025-12-18T19:08:37+00:00\",\"breadcrumb\":{\"@id\":\"https:\\\/\\\/ponteseditores.com.br\\\/loja3\\\/pontes-editores-home-2__trashed\\\/ebook\\\/lancamento-e-book\\\/conexoes-contemporaneas-perspectivas-interdisciplinares-na-pos-graduacao-volume-ii-estudos-decoloniais-genero-e-discurso\\\/#breadcrumb\"},\"inLanguage\":\"pt-BR\",\"potentialAction\":[{\"@type\":\"ReadAction\",\"target\":[\"https:\\\/\\\/ponteseditores.com.br\\\/loja3\\\/pontes-editores-home-2__trashed\\\/ebook\\\/lancamento-e-book\\\/conexoes-contemporaneas-perspectivas-interdisciplinares-na-pos-graduacao-volume-ii-estudos-decoloniais-genero-e-discurso\\\/\"]}]},{\"@type\":\"ImageObject\",\"inLanguage\":\"pt-BR\",\"@id\":\"https:\\\/\\\/ponteseditores.com.br\\\/loja3\\\/pontes-editores-home-2__trashed\\\/ebook\\\/lancamento-e-book\\\/conexoes-contemporaneas-perspectivas-interdisciplinares-na-pos-graduacao-volume-ii-estudos-decoloniais-genero-e-discurso\\\/#primaryimage\",\"url\":\"https:\\\/\\\/ponteseditores.com.br\\\/loja3\\\/wp-content\\\/uploads\\\/2025\\\/12\\\/Capa_Conexoes-Contemporaneas-2.jpg\",\"contentUrl\":\"https:\\\/\\\/ponteseditores.com.br\\\/loja3\\\/wp-content\\\/uploads\\\/2025\\\/12\\\/Capa_Conexoes-Contemporaneas-2.jpg\",\"width\":800,\"height\":1159},{\"@type\":\"BreadcrumbList\",\"@id\":\"https:\\\/\\\/ponteseditores.com.br\\\/loja3\\\/pontes-editores-home-2__trashed\\\/ebook\\\/lancamento-e-book\\\/conexoes-contemporaneas-perspectivas-interdisciplinares-na-pos-graduacao-volume-ii-estudos-decoloniais-genero-e-discurso\\\/#breadcrumb\",\"itemListElement\":[{\"@type\":\"ListItem\",\"position\":1,\"name\":\"Home\",\"item\":\"https:\\\/\\\/ponteseditores.com.br\\\/loja3\\\/\"},{\"@type\":\"ListItem\",\"position\":2,\"name\":\"loja\",\"item\":\"https:\\\/\\\/ponteseditores.com.br\\\/loja3\\\/loja\\\/\"},{\"@type\":\"ListItem\",\"position\":3,\"name\":\"Conex\u00f5es Contempor\u00e2neas: Perspectivas Interdisciplinares na P\u00f3s-Gradua\u00e7\u00e3o \u2013 Volume II: Estudos Decoloniais, G\u00eanero e Discurso\"}]},{\"@type\":\"WebSite\",\"@id\":\"https:\\\/\\\/ponteseditores.com.br\\\/loja3\\\/#website\",\"url\":\"https:\\\/\\\/ponteseditores.com.br\\\/loja3\\\/\",\"name\":\"Pontes Editores\",\"description\":\"Pontes Editores\",\"publisher\":{\"@id\":\"https:\\\/\\\/ponteseditores.com.br\\\/loja3\\\/#organization\"},\"potentialAction\":[{\"@type\":\"SearchAction\",\"target\":{\"@type\":\"EntryPoint\",\"urlTemplate\":\"https:\\\/\\\/ponteseditores.com.br\\\/loja3\\\/?s={search_term_string}\"},\"query-input\":{\"@type\":\"PropertyValueSpecification\",\"valueRequired\":true,\"valueName\":\"search_term_string\"}}],\"inLanguage\":\"pt-BR\"},{\"@type\":\"Organization\",\"@id\":\"https:\\\/\\\/ponteseditores.com.br\\\/loja3\\\/#organization\",\"name\":\"Pontes Editores\",\"url\":\"https:\\\/\\\/ponteseditores.com.br\\\/loja3\\\/\",\"logo\":{\"@type\":\"ImageObject\",\"inLanguage\":\"pt-BR\",\"@id\":\"https:\\\/\\\/ponteseditores.com.br\\\/loja3\\\/#\\\/schema\\\/logo\\\/image\\\/\",\"url\":\"https:\\\/\\\/ponteseditores.com.br\\\/loja3\\\/wp-content\\\/uploads\\\/2023\\\/12\\\/logo-pontes-editores-v2.png\",\"contentUrl\":\"https:\\\/\\\/ponteseditores.com.br\\\/loja3\\\/wp-content\\\/uploads\\\/2023\\\/12\\\/logo-pontes-editores-v2.png\",\"width\":258,\"height\":100,\"caption\":\"Pontes Editores\"},\"image\":{\"@id\":\"https:\\\/\\\/ponteseditores.com.br\\\/loja3\\\/#\\\/schema\\\/logo\\\/image\\\/\"}}]}<\/script>\n<!-- \/ Yoast SEO plugin. -->","yoast_head_json":{"title":"Conex\u00f5es Contempor\u00e2neas: Perspectivas Interdisciplinares na P\u00f3s-Gradua\u00e7\u00e3o \u2013 Volume II: Estudos Decoloniais, G\u00eanero e Discurso - Pontes Editores","robots":{"index":"index","follow":"follow","max-snippet":"max-snippet:-1","max-image-preview":"max-image-preview:large","max-video-preview":"max-video-preview:-1"},"canonical":"https:\/\/ponteseditores.com.br\/loja3\/pontes-editores-home-2__trashed\/ebook\/lancamento-e-book\/conexoes-contemporaneas-perspectivas-interdisciplinares-na-pos-graduacao-volume-ii-estudos-decoloniais-genero-e-discurso\/","og_locale":"pt_BR","og_type":"article","og_title":"Conex\u00f5es Contempor\u00e2neas: Perspectivas Interdisciplinares na P\u00f3s-Gradua\u00e7\u00e3o \u2013 Volume II: Estudos Decoloniais, G\u00eanero e Discurso - Pontes Editores","og_description":"Este \u00e9 o segundo livro da colet\u00e2nea Conex\u00f5es Contempor\u00e2neas: perspectivas interdisciplinares na p\u00f3s-gradua\u00e7\u00e3o que re\u00fane parte da produ\u00e7\u00e3o intelectual dos docentes e discentes vinculados aos Programas de P\u00f3s-Gradua\u00e7\u00e3o Stricto Sensu da Universidade Cat\u00f3lica de Pernambuco (Unicap). O volume Estudos Decoloniais, G\u00eanero e Discurso traz 14 artigos que dialogam com quest\u00f5es fundamentais da contemporaneidade, como identidade, [&hellip;]","og_url":"https:\/\/ponteseditores.com.br\/loja3\/pontes-editores-home-2__trashed\/ebook\/lancamento-e-book\/conexoes-contemporaneas-perspectivas-interdisciplinares-na-pos-graduacao-volume-ii-estudos-decoloniais-genero-e-discurso\/","og_site_name":"Pontes Editores","article_modified_time":"2025-12-18T19:08:37+00:00","og_image":[{"width":800,"height":1159,"url":"https:\/\/ponteseditores.com.br\/loja3\/wp-content\/uploads\/2025\/12\/Capa_Conexoes-Contemporaneas-2.jpg","type":"image\/jpeg"}],"twitter_card":"summary_large_image","twitter_misc":{"Est. tempo de leitura":"2 minutos"},"schema":{"@context":"https:\/\/schema.org","@graph":[{"@type":"WebPage","@id":"https:\/\/ponteseditores.com.br\/loja3\/pontes-editores-home-2__trashed\/ebook\/lancamento-e-book\/conexoes-contemporaneas-perspectivas-interdisciplinares-na-pos-graduacao-volume-ii-estudos-decoloniais-genero-e-discurso\/","url":"https:\/\/ponteseditores.com.br\/loja3\/pontes-editores-home-2__trashed\/ebook\/lancamento-e-book\/conexoes-contemporaneas-perspectivas-interdisciplinares-na-pos-graduacao-volume-ii-estudos-decoloniais-genero-e-discurso\/","name":"Conex\u00f5es Contempor\u00e2neas: Perspectivas Interdisciplinares na P\u00f3s-Gradua\u00e7\u00e3o \u2013 Volume II: Estudos Decoloniais, G\u00eanero e Discurso - Pontes Editores","isPartOf":{"@id":"https:\/\/ponteseditores.com.br\/loja3\/#website"},"primaryImageOfPage":{"@id":"https:\/\/ponteseditores.com.br\/loja3\/pontes-editores-home-2__trashed\/ebook\/lancamento-e-book\/conexoes-contemporaneas-perspectivas-interdisciplinares-na-pos-graduacao-volume-ii-estudos-decoloniais-genero-e-discurso\/#primaryimage"},"image":{"@id":"https:\/\/ponteseditores.com.br\/loja3\/pontes-editores-home-2__trashed\/ebook\/lancamento-e-book\/conexoes-contemporaneas-perspectivas-interdisciplinares-na-pos-graduacao-volume-ii-estudos-decoloniais-genero-e-discurso\/#primaryimage"},"thumbnailUrl":"https:\/\/ponteseditores.com.br\/loja3\/wp-content\/uploads\/2025\/12\/Capa_Conexoes-Contemporaneas-2.jpg","datePublished":"2025-12-16T19:48:31+00:00","dateModified":"2025-12-18T19:08:37+00:00","breadcrumb":{"@id":"https:\/\/ponteseditores.com.br\/loja3\/pontes-editores-home-2__trashed\/ebook\/lancamento-e-book\/conexoes-contemporaneas-perspectivas-interdisciplinares-na-pos-graduacao-volume-ii-estudos-decoloniais-genero-e-discurso\/#breadcrumb"},"inLanguage":"pt-BR","potentialAction":[{"@type":"ReadAction","target":["https:\/\/ponteseditores.com.br\/loja3\/pontes-editores-home-2__trashed\/ebook\/lancamento-e-book\/conexoes-contemporaneas-perspectivas-interdisciplinares-na-pos-graduacao-volume-ii-estudos-decoloniais-genero-e-discurso\/"]}]},{"@type":"ImageObject","inLanguage":"pt-BR","@id":"https:\/\/ponteseditores.com.br\/loja3\/pontes-editores-home-2__trashed\/ebook\/lancamento-e-book\/conexoes-contemporaneas-perspectivas-interdisciplinares-na-pos-graduacao-volume-ii-estudos-decoloniais-genero-e-discurso\/#primaryimage","url":"https:\/\/ponteseditores.com.br\/loja3\/wp-content\/uploads\/2025\/12\/Capa_Conexoes-Contemporaneas-2.jpg","contentUrl":"https:\/\/ponteseditores.com.br\/loja3\/wp-content\/uploads\/2025\/12\/Capa_Conexoes-Contemporaneas-2.jpg","width":800,"height":1159},{"@type":"BreadcrumbList","@id":"https:\/\/ponteseditores.com.br\/loja3\/pontes-editores-home-2__trashed\/ebook\/lancamento-e-book\/conexoes-contemporaneas-perspectivas-interdisciplinares-na-pos-graduacao-volume-ii-estudos-decoloniais-genero-e-discurso\/#breadcrumb","itemListElement":[{"@type":"ListItem","position":1,"name":"Home","item":"https:\/\/ponteseditores.com.br\/loja3\/"},{"@type":"ListItem","position":2,"name":"loja","item":"https:\/\/ponteseditores.com.br\/loja3\/loja\/"},{"@type":"ListItem","position":3,"name":"Conex\u00f5es Contempor\u00e2neas: Perspectivas Interdisciplinares na P\u00f3s-Gradua\u00e7\u00e3o \u2013 Volume II: Estudos Decoloniais, G\u00eanero e Discurso"}]},{"@type":"WebSite","@id":"https:\/\/ponteseditores.com.br\/loja3\/#website","url":"https:\/\/ponteseditores.com.br\/loja3\/","name":"Pontes Editores","description":"Pontes Editores","publisher":{"@id":"https:\/\/ponteseditores.com.br\/loja3\/#organization"},"potentialAction":[{"@type":"SearchAction","target":{"@type":"EntryPoint","urlTemplate":"https:\/\/ponteseditores.com.br\/loja3\/?s={search_term_string}"},"query-input":{"@type":"PropertyValueSpecification","valueRequired":true,"valueName":"search_term_string"}}],"inLanguage":"pt-BR"},{"@type":"Organization","@id":"https:\/\/ponteseditores.com.br\/loja3\/#organization","name":"Pontes Editores","url":"https:\/\/ponteseditores.com.br\/loja3\/","logo":{"@type":"ImageObject","inLanguage":"pt-BR","@id":"https:\/\/ponteseditores.com.br\/loja3\/#\/schema\/logo\/image\/","url":"https:\/\/ponteseditores.com.br\/loja3\/wp-content\/uploads\/2023\/12\/logo-pontes-editores-v2.png","contentUrl":"https:\/\/ponteseditores.com.br\/loja3\/wp-content\/uploads\/2023\/12\/logo-pontes-editores-v2.png","width":258,"height":100,"caption":"Pontes Editores"},"image":{"@id":"https:\/\/ponteseditores.com.br\/loja3\/#\/schema\/logo\/image\/"}}]}},"_links":{"self":[{"href":"https:\/\/ponteseditores.com.br\/loja3\/wp-json\/wp\/v2\/product\/35060","targetHints":{"allow":["GET"]}}],"collection":[{"href":"https:\/\/ponteseditores.com.br\/loja3\/wp-json\/wp\/v2\/product"}],"about":[{"href":"https:\/\/ponteseditores.com.br\/loja3\/wp-json\/wp\/v2\/types\/product"}],"replies":[{"embeddable":true,"href":"https:\/\/ponteseditores.com.br\/loja3\/wp-json\/wp\/v2\/comments?post=35060"}],"version-history":[{"count":1,"href":"https:\/\/ponteseditores.com.br\/loja3\/wp-json\/wp\/v2\/product\/35060\/revisions"}],"predecessor-version":[{"id":35063,"href":"https:\/\/ponteseditores.com.br\/loja3\/wp-json\/wp\/v2\/product\/35060\/revisions\/35063"}],"wp:featuredmedia":[{"embeddable":true,"href":"https:\/\/ponteseditores.com.br\/loja3\/wp-json\/wp\/v2\/media\/35062"}],"wp:attachment":[{"href":"https:\/\/ponteseditores.com.br\/loja3\/wp-json\/wp\/v2\/media?parent=35060"}],"wp:term":[{"taxonomy":"product_brand","embeddable":true,"href":"https:\/\/ponteseditores.com.br\/loja3\/wp-json\/wp\/v2\/product_brand?post=35060"},{"taxonomy":"product_cat","embeddable":true,"href":"https:\/\/ponteseditores.com.br\/loja3\/wp-json\/wp\/v2\/product_cat?post=35060"},{"taxonomy":"product_tag","embeddable":true,"href":"https:\/\/ponteseditores.com.br\/loja3\/wp-json\/wp\/v2\/product_tag?post=35060"}],"curies":[{"name":"wp","href":"https:\/\/api.w.org\/{rel}","templated":true}]}}