{"id":34553,"date":"2025-12-05T10:56:42","date_gmt":"2025-12-05T13:56:42","guid":{"rendered":"https:\/\/ponteseditores.com.br\/loja3\/?post_type=product&#038;p=34553"},"modified":"2025-12-05T10:56:43","modified_gmt":"2025-12-05T13:56:43","slug":"africa-lusofona-diversidade-e-politicas-linguisticas","status":"publish","type":"product","link":"https:\/\/ponteseditores.com.br\/loja3\/pontes-editores-home-2__trashed\/linguistica\/africa-lusofona-diversidade-e-politicas-linguisticas\/","title":{"rendered":"\u00c1frica Lus\u00f3fona \u2013 diversidade e pol\u00edticas lingu\u00edsticas"},"content":{"rendered":"<p>O interesse pelas variedades da L\u00edngua Portuguesa no continente africano, al\u00e9m de motivar pesquisas em diferentes configura\u00e7\u00f5es te\u00f3ricas, apresenta-se, sob os prismas lingu\u00edstico, social, antropol\u00f3gico e cultural, uma seara cient\u00edfica que procura n\u00e3o apenas descrever especificidades sobre essas variedades, tais como os processos s\u00f3cio-hist\u00f3ricos que as constitu\u00edram, mas tamb\u00e9m dar-lhes visibilidade acad\u00eamico-cient\u00edfica para al\u00e9m do portugu\u00eas europeu e do portugu\u00eas brasileiro.<\/p>\n<p>Esta obra re\u00fane estudos sobre as pol\u00edticas lingu\u00edsticas e educacionais, a forma\u00e7\u00e3o de professores, a descri\u00e7\u00e3o de fen\u00f4menos lingu\u00edsticos espec\u00edficos das variedades africanas de L\u00edngua Portuguesa e revisita vis\u00f5es dicot\u00f4micas constru\u00eddas sobre as l\u00ednguas africanas no Brasil.<\/p>\n<p>A obra est\u00e1 voltada a estudantes, professores e pesquisadores que se interessam pelas quest\u00f5es relacionadas \u00e0 lusofonia africana \u00e0 luz da lingu\u00edstica moderna.<\/p>\n<p>Os organizadores<\/p>\n","protected":false},"excerpt":{"rendered":"<p>O interesse pelas variedades da L\u00edngua Portuguesa no continente africano, al\u00e9m de motivar pesquisas em diferentes configura\u00e7\u00f5es te\u00f3ricas, apresenta-se, sob os prismas lingu\u00edstico, social, antropol\u00f3gico e cultural, uma seara cient\u00edfica que procura n\u00e3o apenas descrever especificidades sobre essas variedades, tais como os processos s\u00f3cio-hist\u00f3ricos que as constitu\u00edram, mas tamb\u00e9m dar-lhes visibilidade acad\u00eamico-cient\u00edfica para al\u00e9m do [&hellip;]<\/p>\n","protected":false},"featured_media":34557,"comment_status":"open","ping_status":"closed","template":"","meta":{"_joinchat":[]},"product_brand":[],"product_cat":[167,31],"product_tag":[],"class_list":{"0":"post-34553","1":"product","2":"type-product","3":"status-publish","4":"has-post-thumbnail","6":"product_cat-lancamento","7":"product_cat-linguistica","9":"first","10":"instock","11":"shipping-taxable","12":"purchasable","13":"product-type-simple"},"yoast_head":"<!-- This site is optimized with the Yoast SEO plugin v27.4 - https:\/\/yoast.com\/product\/yoast-seo-wordpress\/ -->\n<title>\u00c1frica Lus\u00f3fona \u2013 diversidade e pol\u00edticas lingu\u00edsticas - Pontes Editores<\/title>\n<meta name=\"robots\" content=\"index, follow, max-snippet:-1, max-image-preview:large, max-video-preview:-1\" \/>\n<link rel=\"canonical\" href=\"https:\/\/ponteseditores.com.br\/loja3\/pontes-editores-home-2__trashed\/linguistica\/africa-lusofona-diversidade-e-politicas-linguisticas\/\" \/>\n<meta property=\"og:locale\" content=\"pt_BR\" \/>\n<meta property=\"og:type\" content=\"article\" \/>\n<meta property=\"og:title\" content=\"\u00c1frica Lus\u00f3fona \u2013 diversidade e pol\u00edticas lingu\u00edsticas - Pontes Editores\" \/>\n<meta property=\"og:description\" content=\"O interesse pelas variedades da L\u00edngua Portuguesa no continente africano, al\u00e9m de motivar pesquisas em diferentes configura\u00e7\u00f5es te\u00f3ricas, apresenta-se, sob os prismas lingu\u00edstico, social, antropol\u00f3gico e cultural, uma seara cient\u00edfica que procura n\u00e3o apenas descrever especificidades sobre essas variedades, tais como os processos s\u00f3cio-hist\u00f3ricos que as constitu\u00edram, mas tamb\u00e9m dar-lhes visibilidade acad\u00eamico-cient\u00edfica para al\u00e9m do [&hellip;]\" \/>\n<meta property=\"og:url\" content=\"https:\/\/ponteseditores.com.br\/loja3\/pontes-editores-home-2__trashed\/linguistica\/africa-lusofona-diversidade-e-politicas-linguisticas\/\" \/>\n<meta property=\"og:site_name\" content=\"Pontes Editores\" \/>\n<meta property=\"article:modified_time\" content=\"2025-12-05T13:56:43+00:00\" \/>\n<meta property=\"og:image\" content=\"https:\/\/ponteseditores.com.br\/loja3\/wp-content\/uploads\/2025\/12\/Capa_Africa-Lusofona-Diversidade.jpg\" \/>\n\t<meta property=\"og:image:width\" content=\"800\" \/>\n\t<meta property=\"og:image:height\" content=\"1159\" \/>\n\t<meta property=\"og:image:type\" content=\"image\/jpeg\" \/>\n<meta name=\"twitter:card\" content=\"summary_large_image\" \/>\n<meta name=\"twitter:label1\" content=\"Est. tempo de leitura\" \/>\n\t<meta name=\"twitter:data1\" content=\"1 minuto\" \/>\n<script type=\"application\/ld+json\" class=\"yoast-schema-graph\">{\"@context\":\"https:\\\/\\\/schema.org\",\"@graph\":[{\"@type\":\"WebPage\",\"@id\":\"https:\\\/\\\/ponteseditores.com.br\\\/loja3\\\/pontes-editores-home-2__trashed\\\/linguistica\\\/africa-lusofona-diversidade-e-politicas-linguisticas\\\/\",\"url\":\"https:\\\/\\\/ponteseditores.com.br\\\/loja3\\\/pontes-editores-home-2__trashed\\\/linguistica\\\/africa-lusofona-diversidade-e-politicas-linguisticas\\\/\",\"name\":\"\u00c1frica Lus\u00f3fona \u2013 diversidade e pol\u00edticas lingu\u00edsticas - Pontes Editores\",\"isPartOf\":{\"@id\":\"https:\\\/\\\/ponteseditores.com.br\\\/loja3\\\/#website\"},\"primaryImageOfPage\":{\"@id\":\"https:\\\/\\\/ponteseditores.com.br\\\/loja3\\\/pontes-editores-home-2__trashed\\\/linguistica\\\/africa-lusofona-diversidade-e-politicas-linguisticas\\\/#primaryimage\"},\"image\":{\"@id\":\"https:\\\/\\\/ponteseditores.com.br\\\/loja3\\\/pontes-editores-home-2__trashed\\\/linguistica\\\/africa-lusofona-diversidade-e-politicas-linguisticas\\\/#primaryimage\"},\"thumbnailUrl\":\"https:\\\/\\\/ponteseditores.com.br\\\/loja3\\\/wp-content\\\/uploads\\\/2025\\\/12\\\/Capa_Africa-Lusofona-Diversidade.jpg\",\"datePublished\":\"2025-12-05T13:56:42+00:00\",\"dateModified\":\"2025-12-05T13:56:43+00:00\",\"breadcrumb\":{\"@id\":\"https:\\\/\\\/ponteseditores.com.br\\\/loja3\\\/pontes-editores-home-2__trashed\\\/linguistica\\\/africa-lusofona-diversidade-e-politicas-linguisticas\\\/#breadcrumb\"},\"inLanguage\":\"pt-BR\",\"potentialAction\":[{\"@type\":\"ReadAction\",\"target\":[\"https:\\\/\\\/ponteseditores.com.br\\\/loja3\\\/pontes-editores-home-2__trashed\\\/linguistica\\\/africa-lusofona-diversidade-e-politicas-linguisticas\\\/\"]}]},{\"@type\":\"ImageObject\",\"inLanguage\":\"pt-BR\",\"@id\":\"https:\\\/\\\/ponteseditores.com.br\\\/loja3\\\/pontes-editores-home-2__trashed\\\/linguistica\\\/africa-lusofona-diversidade-e-politicas-linguisticas\\\/#primaryimage\",\"url\":\"https:\\\/\\\/ponteseditores.com.br\\\/loja3\\\/wp-content\\\/uploads\\\/2025\\\/12\\\/Capa_Africa-Lusofona-Diversidade.jpg\",\"contentUrl\":\"https:\\\/\\\/ponteseditores.com.br\\\/loja3\\\/wp-content\\\/uploads\\\/2025\\\/12\\\/Capa_Africa-Lusofona-Diversidade.jpg\",\"width\":800,\"height\":1159},{\"@type\":\"BreadcrumbList\",\"@id\":\"https:\\\/\\\/ponteseditores.com.br\\\/loja3\\\/pontes-editores-home-2__trashed\\\/linguistica\\\/africa-lusofona-diversidade-e-politicas-linguisticas\\\/#breadcrumb\",\"itemListElement\":[{\"@type\":\"ListItem\",\"position\":1,\"name\":\"Home\",\"item\":\"https:\\\/\\\/ponteseditores.com.br\\\/loja3\\\/\"},{\"@type\":\"ListItem\",\"position\":2,\"name\":\"loja\",\"item\":\"https:\\\/\\\/ponteseditores.com.br\\\/loja3\\\/loja\\\/\"},{\"@type\":\"ListItem\",\"position\":3,\"name\":\"\u00c1frica Lus\u00f3fona \u2013 diversidade e pol\u00edticas lingu\u00edsticas\"}]},{\"@type\":\"WebSite\",\"@id\":\"https:\\\/\\\/ponteseditores.com.br\\\/loja3\\\/#website\",\"url\":\"https:\\\/\\\/ponteseditores.com.br\\\/loja3\\\/\",\"name\":\"Pontes Editores\",\"description\":\"Pontes Editores\",\"publisher\":{\"@id\":\"https:\\\/\\\/ponteseditores.com.br\\\/loja3\\\/#organization\"},\"potentialAction\":[{\"@type\":\"SearchAction\",\"target\":{\"@type\":\"EntryPoint\",\"urlTemplate\":\"https:\\\/\\\/ponteseditores.com.br\\\/loja3\\\/?s={search_term_string}\"},\"query-input\":{\"@type\":\"PropertyValueSpecification\",\"valueRequired\":true,\"valueName\":\"search_term_string\"}}],\"inLanguage\":\"pt-BR\"},{\"@type\":\"Organization\",\"@id\":\"https:\\\/\\\/ponteseditores.com.br\\\/loja3\\\/#organization\",\"name\":\"Pontes Editores\",\"url\":\"https:\\\/\\\/ponteseditores.com.br\\\/loja3\\\/\",\"logo\":{\"@type\":\"ImageObject\",\"inLanguage\":\"pt-BR\",\"@id\":\"https:\\\/\\\/ponteseditores.com.br\\\/loja3\\\/#\\\/schema\\\/logo\\\/image\\\/\",\"url\":\"https:\\\/\\\/ponteseditores.com.br\\\/loja3\\\/wp-content\\\/uploads\\\/2023\\\/12\\\/logo-pontes-editores-v2.png\",\"contentUrl\":\"https:\\\/\\\/ponteseditores.com.br\\\/loja3\\\/wp-content\\\/uploads\\\/2023\\\/12\\\/logo-pontes-editores-v2.png\",\"width\":258,\"height\":100,\"caption\":\"Pontes Editores\"},\"image\":{\"@id\":\"https:\\\/\\\/ponteseditores.com.br\\\/loja3\\\/#\\\/schema\\\/logo\\\/image\\\/\"}}]}<\/script>\n<!-- \/ Yoast SEO plugin. -->","yoast_head_json":{"title":"\u00c1frica Lus\u00f3fona \u2013 diversidade e pol\u00edticas lingu\u00edsticas - Pontes Editores","robots":{"index":"index","follow":"follow","max-snippet":"max-snippet:-1","max-image-preview":"max-image-preview:large","max-video-preview":"max-video-preview:-1"},"canonical":"https:\/\/ponteseditores.com.br\/loja3\/pontes-editores-home-2__trashed\/linguistica\/africa-lusofona-diversidade-e-politicas-linguisticas\/","og_locale":"pt_BR","og_type":"article","og_title":"\u00c1frica Lus\u00f3fona \u2013 diversidade e pol\u00edticas lingu\u00edsticas - Pontes Editores","og_description":"O interesse pelas variedades da L\u00edngua Portuguesa no continente africano, al\u00e9m de motivar pesquisas em diferentes configura\u00e7\u00f5es te\u00f3ricas, apresenta-se, sob os prismas lingu\u00edstico, social, antropol\u00f3gico e cultural, uma seara cient\u00edfica que procura n\u00e3o apenas descrever especificidades sobre essas variedades, tais como os processos s\u00f3cio-hist\u00f3ricos que as constitu\u00edram, mas tamb\u00e9m dar-lhes visibilidade acad\u00eamico-cient\u00edfica para al\u00e9m do [&hellip;]","og_url":"https:\/\/ponteseditores.com.br\/loja3\/pontes-editores-home-2__trashed\/linguistica\/africa-lusofona-diversidade-e-politicas-linguisticas\/","og_site_name":"Pontes Editores","article_modified_time":"2025-12-05T13:56:43+00:00","og_image":[{"width":800,"height":1159,"url":"https:\/\/ponteseditores.com.br\/loja3\/wp-content\/uploads\/2025\/12\/Capa_Africa-Lusofona-Diversidade.jpg","type":"image\/jpeg"}],"twitter_card":"summary_large_image","twitter_misc":{"Est. tempo de leitura":"1 minuto"},"schema":{"@context":"https:\/\/schema.org","@graph":[{"@type":"WebPage","@id":"https:\/\/ponteseditores.com.br\/loja3\/pontes-editores-home-2__trashed\/linguistica\/africa-lusofona-diversidade-e-politicas-linguisticas\/","url":"https:\/\/ponteseditores.com.br\/loja3\/pontes-editores-home-2__trashed\/linguistica\/africa-lusofona-diversidade-e-politicas-linguisticas\/","name":"\u00c1frica Lus\u00f3fona \u2013 diversidade e pol\u00edticas lingu\u00edsticas - Pontes Editores","isPartOf":{"@id":"https:\/\/ponteseditores.com.br\/loja3\/#website"},"primaryImageOfPage":{"@id":"https:\/\/ponteseditores.com.br\/loja3\/pontes-editores-home-2__trashed\/linguistica\/africa-lusofona-diversidade-e-politicas-linguisticas\/#primaryimage"},"image":{"@id":"https:\/\/ponteseditores.com.br\/loja3\/pontes-editores-home-2__trashed\/linguistica\/africa-lusofona-diversidade-e-politicas-linguisticas\/#primaryimage"},"thumbnailUrl":"https:\/\/ponteseditores.com.br\/loja3\/wp-content\/uploads\/2025\/12\/Capa_Africa-Lusofona-Diversidade.jpg","datePublished":"2025-12-05T13:56:42+00:00","dateModified":"2025-12-05T13:56:43+00:00","breadcrumb":{"@id":"https:\/\/ponteseditores.com.br\/loja3\/pontes-editores-home-2__trashed\/linguistica\/africa-lusofona-diversidade-e-politicas-linguisticas\/#breadcrumb"},"inLanguage":"pt-BR","potentialAction":[{"@type":"ReadAction","target":["https:\/\/ponteseditores.com.br\/loja3\/pontes-editores-home-2__trashed\/linguistica\/africa-lusofona-diversidade-e-politicas-linguisticas\/"]}]},{"@type":"ImageObject","inLanguage":"pt-BR","@id":"https:\/\/ponteseditores.com.br\/loja3\/pontes-editores-home-2__trashed\/linguistica\/africa-lusofona-diversidade-e-politicas-linguisticas\/#primaryimage","url":"https:\/\/ponteseditores.com.br\/loja3\/wp-content\/uploads\/2025\/12\/Capa_Africa-Lusofona-Diversidade.jpg","contentUrl":"https:\/\/ponteseditores.com.br\/loja3\/wp-content\/uploads\/2025\/12\/Capa_Africa-Lusofona-Diversidade.jpg","width":800,"height":1159},{"@type":"BreadcrumbList","@id":"https:\/\/ponteseditores.com.br\/loja3\/pontes-editores-home-2__trashed\/linguistica\/africa-lusofona-diversidade-e-politicas-linguisticas\/#breadcrumb","itemListElement":[{"@type":"ListItem","position":1,"name":"Home","item":"https:\/\/ponteseditores.com.br\/loja3\/"},{"@type":"ListItem","position":2,"name":"loja","item":"https:\/\/ponteseditores.com.br\/loja3\/loja\/"},{"@type":"ListItem","position":3,"name":"\u00c1frica Lus\u00f3fona \u2013 diversidade e pol\u00edticas lingu\u00edsticas"}]},{"@type":"WebSite","@id":"https:\/\/ponteseditores.com.br\/loja3\/#website","url":"https:\/\/ponteseditores.com.br\/loja3\/","name":"Pontes Editores","description":"Pontes Editores","publisher":{"@id":"https:\/\/ponteseditores.com.br\/loja3\/#organization"},"potentialAction":[{"@type":"SearchAction","target":{"@type":"EntryPoint","urlTemplate":"https:\/\/ponteseditores.com.br\/loja3\/?s={search_term_string}"},"query-input":{"@type":"PropertyValueSpecification","valueRequired":true,"valueName":"search_term_string"}}],"inLanguage":"pt-BR"},{"@type":"Organization","@id":"https:\/\/ponteseditores.com.br\/loja3\/#organization","name":"Pontes Editores","url":"https:\/\/ponteseditores.com.br\/loja3\/","logo":{"@type":"ImageObject","inLanguage":"pt-BR","@id":"https:\/\/ponteseditores.com.br\/loja3\/#\/schema\/logo\/image\/","url":"https:\/\/ponteseditores.com.br\/loja3\/wp-content\/uploads\/2023\/12\/logo-pontes-editores-v2.png","contentUrl":"https:\/\/ponteseditores.com.br\/loja3\/wp-content\/uploads\/2023\/12\/logo-pontes-editores-v2.png","width":258,"height":100,"caption":"Pontes Editores"},"image":{"@id":"https:\/\/ponteseditores.com.br\/loja3\/#\/schema\/logo\/image\/"}}]}},"_links":{"self":[{"href":"https:\/\/ponteseditores.com.br\/loja3\/wp-json\/wp\/v2\/product\/34553","targetHints":{"allow":["GET"]}}],"collection":[{"href":"https:\/\/ponteseditores.com.br\/loja3\/wp-json\/wp\/v2\/product"}],"about":[{"href":"https:\/\/ponteseditores.com.br\/loja3\/wp-json\/wp\/v2\/types\/product"}],"replies":[{"embeddable":true,"href":"https:\/\/ponteseditores.com.br\/loja3\/wp-json\/wp\/v2\/comments?post=34553"}],"version-history":[{"count":1,"href":"https:\/\/ponteseditores.com.br\/loja3\/wp-json\/wp\/v2\/product\/34553\/revisions"}],"predecessor-version":[{"id":34558,"href":"https:\/\/ponteseditores.com.br\/loja3\/wp-json\/wp\/v2\/product\/34553\/revisions\/34558"}],"wp:featuredmedia":[{"embeddable":true,"href":"https:\/\/ponteseditores.com.br\/loja3\/wp-json\/wp\/v2\/media\/34557"}],"wp:attachment":[{"href":"https:\/\/ponteseditores.com.br\/loja3\/wp-json\/wp\/v2\/media?parent=34553"}],"wp:term":[{"taxonomy":"product_brand","embeddable":true,"href":"https:\/\/ponteseditores.com.br\/loja3\/wp-json\/wp\/v2\/product_brand?post=34553"},{"taxonomy":"product_cat","embeddable":true,"href":"https:\/\/ponteseditores.com.br\/loja3\/wp-json\/wp\/v2\/product_cat?post=34553"},{"taxonomy":"product_tag","embeddable":true,"href":"https:\/\/ponteseditores.com.br\/loja3\/wp-json\/wp\/v2\/product_tag?post=34553"}],"curies":[{"name":"wp","href":"https:\/\/api.w.org\/{rel}","templated":true}]}}