{"id":34539,"date":"2025-12-05T10:43:19","date_gmt":"2025-12-05T13:43:19","guid":{"rendered":"https:\/\/ponteseditores.com.br\/loja3\/?post_type=product&#038;p=34539"},"modified":"2025-12-05T10:43:19","modified_gmt":"2025-12-05T13:43:19","slug":"estudos-em-linguistica-reflexoes-e-caminhos-de-pesquisa","status":"publish","type":"product","link":"https:\/\/ponteseditores.com.br\/loja3\/pontes-editores-home-2__trashed\/ebook\/lancamento-e-book\/estudos-em-linguistica-reflexoes-e-caminhos-de-pesquisa\/","title":{"rendered":"Estudos em Lingu\u00edstica: reflex\u00f5es e caminhos de pesquisa"},"content":{"rendered":"<p>A colet\u00e2nea Lingu\u00edstica em Debate: Desafios e Perspectivas, resultado da 15\u00aa edi\u00e7\u00e3o do Semin\u00e1rio de Teses e Disserta\u00e7\u00f5es (SETED), re\u00fane cap\u00edtulos que refletem as pesquisas desenvolvidas e em desenvolvimento no Programa de P\u00f3s-Gradua\u00e7\u00e3o em Estudos Lingu\u00edsticos (PosLin) da UFMG. Ao reunir exclusivamente trabalhos de discentes, tanto o evento quanto este e-book reafirmam o compromisso do SETED em promover e fortalecer o protagonismo discente, oferecendo um espa\u00e7o qualificado para que estudantes apresentem, discutam e ampliem suas investiga\u00e7\u00f5es.<br \/>\nOs cap\u00edtulos que comp\u00f5em esta edi\u00e7\u00e3o revelam a diversidade e a vitalidade das pesquisas conduzidas no programa, contemplando estudos em Lingu\u00edstica Te\u00f3rica e Descritiva, Lingu\u00edstica do Texto e Discuso e em Lingu\u00edstica Aplicada. Essa pluralidade evidencia n\u00e3o apenas a amplitude tem\u00e1tica dos trabalhos, mas tamb\u00e9m a pot\u00eancia das reflex\u00f5es produzidas pelos alunos do PosLin.<br \/>\nEntendendo a ci\u00eancia como pr\u00e1tica coletiva voltada \u00e0 produ\u00e7\u00e3o, interpreta\u00e7\u00e3o cr\u00edtica e circula\u00e7\u00e3o social do conhecimento, reafirmamos a import\u00e2ncia desta obra para a comunidade acad\u00eamica. Saudamos o leitor, que encontrar\u00e1 aqui um panorama instigante das pesquisas que movimentam o nosso programa e que expressam, sobretudo, a for\u00e7a e a criatividade do trabalho discente.<\/p>\n<p>Muito obrigada!<\/p>\n","protected":false},"excerpt":{"rendered":"<p>A colet\u00e2nea Lingu\u00edstica em Debate: Desafios e Perspectivas, resultado da 15\u00aa edi\u00e7\u00e3o do Semin\u00e1rio de Teses e Disserta\u00e7\u00f5es (SETED), re\u00fane cap\u00edtulos que refletem as pesquisas desenvolvidas e em desenvolvimento no Programa de P\u00f3s-Gradua\u00e7\u00e3o em Estudos Lingu\u00edsticos (PosLin) da UFMG. Ao reunir exclusivamente trabalhos de discentes, tanto o evento quanto este e-book reafirmam o compromisso do [&hellip;]<\/p>\n","protected":false},"featured_media":34542,"comment_status":"open","ping_status":"closed","template":"","meta":{"_joinchat":[]},"product_brand":[],"product_cat":[165,386],"product_tag":[],"class_list":{"0":"post-34539","1":"product","2":"type-product","3":"status-publish","4":"has-post-thumbnail","6":"product_cat-ebook","7":"product_cat-lancamento-e-book","9":"first","10":"instock","11":"downloadable","12":"virtual","13":"purchasable","14":"product-type-simple"},"yoast_head":"<!-- This site is optimized with the Yoast SEO plugin v27.4 - https:\/\/yoast.com\/product\/yoast-seo-wordpress\/ -->\n<title>Estudos em Lingu\u00edstica: reflex\u00f5es e caminhos de pesquisa - Pontes Editores<\/title>\n<meta name=\"robots\" content=\"index, follow, max-snippet:-1, max-image-preview:large, max-video-preview:-1\" \/>\n<link rel=\"canonical\" href=\"https:\/\/ponteseditores.com.br\/loja3\/pontes-editores-home-2__trashed\/ebook\/lancamento-e-book\/estudos-em-linguistica-reflexoes-e-caminhos-de-pesquisa\/\" \/>\n<meta property=\"og:locale\" content=\"pt_BR\" \/>\n<meta property=\"og:type\" content=\"article\" \/>\n<meta property=\"og:title\" content=\"Estudos em Lingu\u00edstica: reflex\u00f5es e caminhos de pesquisa - Pontes Editores\" \/>\n<meta property=\"og:description\" content=\"A colet\u00e2nea Lingu\u00edstica em Debate: Desafios e Perspectivas, resultado da 15\u00aa edi\u00e7\u00e3o do Semin\u00e1rio de Teses e Disserta\u00e7\u00f5es (SETED), re\u00fane cap\u00edtulos que refletem as pesquisas desenvolvidas e em desenvolvimento no Programa de P\u00f3s-Gradua\u00e7\u00e3o em Estudos Lingu\u00edsticos (PosLin) da UFMG. Ao reunir exclusivamente trabalhos de discentes, tanto o evento quanto este e-book reafirmam o compromisso do [&hellip;]\" \/>\n<meta property=\"og:url\" content=\"https:\/\/ponteseditores.com.br\/loja3\/pontes-editores-home-2__trashed\/ebook\/lancamento-e-book\/estudos-em-linguistica-reflexoes-e-caminhos-de-pesquisa\/\" \/>\n<meta property=\"og:site_name\" content=\"Pontes Editores\" \/>\n<meta property=\"og:image\" content=\"https:\/\/ponteseditores.com.br\/loja3\/wp-content\/uploads\/2025\/12\/Capa_Estudos-em-Linguistica.jpg\" \/>\n\t<meta property=\"og:image:width\" content=\"800\" \/>\n\t<meta property=\"og:image:height\" content=\"1159\" \/>\n\t<meta property=\"og:image:type\" content=\"image\/jpeg\" \/>\n<meta name=\"twitter:card\" content=\"summary_large_image\" \/>\n<meta name=\"twitter:label1\" content=\"Est. tempo de leitura\" \/>\n\t<meta name=\"twitter:data1\" content=\"2 minutos\" \/>\n<script type=\"application\/ld+json\" class=\"yoast-schema-graph\">{\"@context\":\"https:\\\/\\\/schema.org\",\"@graph\":[{\"@type\":\"WebPage\",\"@id\":\"https:\\\/\\\/ponteseditores.com.br\\\/loja3\\\/pontes-editores-home-2__trashed\\\/ebook\\\/lancamento-e-book\\\/estudos-em-linguistica-reflexoes-e-caminhos-de-pesquisa\\\/\",\"url\":\"https:\\\/\\\/ponteseditores.com.br\\\/loja3\\\/pontes-editores-home-2__trashed\\\/ebook\\\/lancamento-e-book\\\/estudos-em-linguistica-reflexoes-e-caminhos-de-pesquisa\\\/\",\"name\":\"Estudos em Lingu\u00edstica: reflex\u00f5es e caminhos de pesquisa - Pontes Editores\",\"isPartOf\":{\"@id\":\"https:\\\/\\\/ponteseditores.com.br\\\/loja3\\\/#website\"},\"primaryImageOfPage\":{\"@id\":\"https:\\\/\\\/ponteseditores.com.br\\\/loja3\\\/pontes-editores-home-2__trashed\\\/ebook\\\/lancamento-e-book\\\/estudos-em-linguistica-reflexoes-e-caminhos-de-pesquisa\\\/#primaryimage\"},\"image\":{\"@id\":\"https:\\\/\\\/ponteseditores.com.br\\\/loja3\\\/pontes-editores-home-2__trashed\\\/ebook\\\/lancamento-e-book\\\/estudos-em-linguistica-reflexoes-e-caminhos-de-pesquisa\\\/#primaryimage\"},\"thumbnailUrl\":\"https:\\\/\\\/ponteseditores.com.br\\\/loja3\\\/wp-content\\\/uploads\\\/2025\\\/12\\\/Capa_Estudos-em-Linguistica.jpg\",\"datePublished\":\"2025-12-05T13:43:19+00:00\",\"breadcrumb\":{\"@id\":\"https:\\\/\\\/ponteseditores.com.br\\\/loja3\\\/pontes-editores-home-2__trashed\\\/ebook\\\/lancamento-e-book\\\/estudos-em-linguistica-reflexoes-e-caminhos-de-pesquisa\\\/#breadcrumb\"},\"inLanguage\":\"pt-BR\",\"potentialAction\":[{\"@type\":\"ReadAction\",\"target\":[\"https:\\\/\\\/ponteseditores.com.br\\\/loja3\\\/pontes-editores-home-2__trashed\\\/ebook\\\/lancamento-e-book\\\/estudos-em-linguistica-reflexoes-e-caminhos-de-pesquisa\\\/\"]}]},{\"@type\":\"ImageObject\",\"inLanguage\":\"pt-BR\",\"@id\":\"https:\\\/\\\/ponteseditores.com.br\\\/loja3\\\/pontes-editores-home-2__trashed\\\/ebook\\\/lancamento-e-book\\\/estudos-em-linguistica-reflexoes-e-caminhos-de-pesquisa\\\/#primaryimage\",\"url\":\"https:\\\/\\\/ponteseditores.com.br\\\/loja3\\\/wp-content\\\/uploads\\\/2025\\\/12\\\/Capa_Estudos-em-Linguistica.jpg\",\"contentUrl\":\"https:\\\/\\\/ponteseditores.com.br\\\/loja3\\\/wp-content\\\/uploads\\\/2025\\\/12\\\/Capa_Estudos-em-Linguistica.jpg\",\"width\":800,\"height\":1159},{\"@type\":\"BreadcrumbList\",\"@id\":\"https:\\\/\\\/ponteseditores.com.br\\\/loja3\\\/pontes-editores-home-2__trashed\\\/ebook\\\/lancamento-e-book\\\/estudos-em-linguistica-reflexoes-e-caminhos-de-pesquisa\\\/#breadcrumb\",\"itemListElement\":[{\"@type\":\"ListItem\",\"position\":1,\"name\":\"Home\",\"item\":\"https:\\\/\\\/ponteseditores.com.br\\\/loja3\\\/\"},{\"@type\":\"ListItem\",\"position\":2,\"name\":\"loja\",\"item\":\"https:\\\/\\\/ponteseditores.com.br\\\/loja3\\\/loja\\\/\"},{\"@type\":\"ListItem\",\"position\":3,\"name\":\"Estudos em Lingu\u00edstica: reflex\u00f5es e caminhos de pesquisa\"}]},{\"@type\":\"WebSite\",\"@id\":\"https:\\\/\\\/ponteseditores.com.br\\\/loja3\\\/#website\",\"url\":\"https:\\\/\\\/ponteseditores.com.br\\\/loja3\\\/\",\"name\":\"Pontes Editores\",\"description\":\"Pontes Editores\",\"publisher\":{\"@id\":\"https:\\\/\\\/ponteseditores.com.br\\\/loja3\\\/#organization\"},\"potentialAction\":[{\"@type\":\"SearchAction\",\"target\":{\"@type\":\"EntryPoint\",\"urlTemplate\":\"https:\\\/\\\/ponteseditores.com.br\\\/loja3\\\/?s={search_term_string}\"},\"query-input\":{\"@type\":\"PropertyValueSpecification\",\"valueRequired\":true,\"valueName\":\"search_term_string\"}}],\"inLanguage\":\"pt-BR\"},{\"@type\":\"Organization\",\"@id\":\"https:\\\/\\\/ponteseditores.com.br\\\/loja3\\\/#organization\",\"name\":\"Pontes Editores\",\"url\":\"https:\\\/\\\/ponteseditores.com.br\\\/loja3\\\/\",\"logo\":{\"@type\":\"ImageObject\",\"inLanguage\":\"pt-BR\",\"@id\":\"https:\\\/\\\/ponteseditores.com.br\\\/loja3\\\/#\\\/schema\\\/logo\\\/image\\\/\",\"url\":\"https:\\\/\\\/ponteseditores.com.br\\\/loja3\\\/wp-content\\\/uploads\\\/2023\\\/12\\\/logo-pontes-editores-v2.png\",\"contentUrl\":\"https:\\\/\\\/ponteseditores.com.br\\\/loja3\\\/wp-content\\\/uploads\\\/2023\\\/12\\\/logo-pontes-editores-v2.png\",\"width\":258,\"height\":100,\"caption\":\"Pontes Editores\"},\"image\":{\"@id\":\"https:\\\/\\\/ponteseditores.com.br\\\/loja3\\\/#\\\/schema\\\/logo\\\/image\\\/\"}}]}<\/script>\n<!-- \/ Yoast SEO plugin. -->","yoast_head_json":{"title":"Estudos em Lingu\u00edstica: reflex\u00f5es e caminhos de pesquisa - Pontes Editores","robots":{"index":"index","follow":"follow","max-snippet":"max-snippet:-1","max-image-preview":"max-image-preview:large","max-video-preview":"max-video-preview:-1"},"canonical":"https:\/\/ponteseditores.com.br\/loja3\/pontes-editores-home-2__trashed\/ebook\/lancamento-e-book\/estudos-em-linguistica-reflexoes-e-caminhos-de-pesquisa\/","og_locale":"pt_BR","og_type":"article","og_title":"Estudos em Lingu\u00edstica: reflex\u00f5es e caminhos de pesquisa - Pontes Editores","og_description":"A colet\u00e2nea Lingu\u00edstica em Debate: Desafios e Perspectivas, resultado da 15\u00aa edi\u00e7\u00e3o do Semin\u00e1rio de Teses e Disserta\u00e7\u00f5es (SETED), re\u00fane cap\u00edtulos que refletem as pesquisas desenvolvidas e em desenvolvimento no Programa de P\u00f3s-Gradua\u00e7\u00e3o em Estudos Lingu\u00edsticos (PosLin) da UFMG. Ao reunir exclusivamente trabalhos de discentes, tanto o evento quanto este e-book reafirmam o compromisso do [&hellip;]","og_url":"https:\/\/ponteseditores.com.br\/loja3\/pontes-editores-home-2__trashed\/ebook\/lancamento-e-book\/estudos-em-linguistica-reflexoes-e-caminhos-de-pesquisa\/","og_site_name":"Pontes Editores","og_image":[{"width":800,"height":1159,"url":"https:\/\/ponteseditores.com.br\/loja3\/wp-content\/uploads\/2025\/12\/Capa_Estudos-em-Linguistica.jpg","type":"image\/jpeg"}],"twitter_card":"summary_large_image","twitter_misc":{"Est. tempo de leitura":"2 minutos"},"schema":{"@context":"https:\/\/schema.org","@graph":[{"@type":"WebPage","@id":"https:\/\/ponteseditores.com.br\/loja3\/pontes-editores-home-2__trashed\/ebook\/lancamento-e-book\/estudos-em-linguistica-reflexoes-e-caminhos-de-pesquisa\/","url":"https:\/\/ponteseditores.com.br\/loja3\/pontes-editores-home-2__trashed\/ebook\/lancamento-e-book\/estudos-em-linguistica-reflexoes-e-caminhos-de-pesquisa\/","name":"Estudos em Lingu\u00edstica: reflex\u00f5es e caminhos de pesquisa - Pontes Editores","isPartOf":{"@id":"https:\/\/ponteseditores.com.br\/loja3\/#website"},"primaryImageOfPage":{"@id":"https:\/\/ponteseditores.com.br\/loja3\/pontes-editores-home-2__trashed\/ebook\/lancamento-e-book\/estudos-em-linguistica-reflexoes-e-caminhos-de-pesquisa\/#primaryimage"},"image":{"@id":"https:\/\/ponteseditores.com.br\/loja3\/pontes-editores-home-2__trashed\/ebook\/lancamento-e-book\/estudos-em-linguistica-reflexoes-e-caminhos-de-pesquisa\/#primaryimage"},"thumbnailUrl":"https:\/\/ponteseditores.com.br\/loja3\/wp-content\/uploads\/2025\/12\/Capa_Estudos-em-Linguistica.jpg","datePublished":"2025-12-05T13:43:19+00:00","breadcrumb":{"@id":"https:\/\/ponteseditores.com.br\/loja3\/pontes-editores-home-2__trashed\/ebook\/lancamento-e-book\/estudos-em-linguistica-reflexoes-e-caminhos-de-pesquisa\/#breadcrumb"},"inLanguage":"pt-BR","potentialAction":[{"@type":"ReadAction","target":["https:\/\/ponteseditores.com.br\/loja3\/pontes-editores-home-2__trashed\/ebook\/lancamento-e-book\/estudos-em-linguistica-reflexoes-e-caminhos-de-pesquisa\/"]}]},{"@type":"ImageObject","inLanguage":"pt-BR","@id":"https:\/\/ponteseditores.com.br\/loja3\/pontes-editores-home-2__trashed\/ebook\/lancamento-e-book\/estudos-em-linguistica-reflexoes-e-caminhos-de-pesquisa\/#primaryimage","url":"https:\/\/ponteseditores.com.br\/loja3\/wp-content\/uploads\/2025\/12\/Capa_Estudos-em-Linguistica.jpg","contentUrl":"https:\/\/ponteseditores.com.br\/loja3\/wp-content\/uploads\/2025\/12\/Capa_Estudos-em-Linguistica.jpg","width":800,"height":1159},{"@type":"BreadcrumbList","@id":"https:\/\/ponteseditores.com.br\/loja3\/pontes-editores-home-2__trashed\/ebook\/lancamento-e-book\/estudos-em-linguistica-reflexoes-e-caminhos-de-pesquisa\/#breadcrumb","itemListElement":[{"@type":"ListItem","position":1,"name":"Home","item":"https:\/\/ponteseditores.com.br\/loja3\/"},{"@type":"ListItem","position":2,"name":"loja","item":"https:\/\/ponteseditores.com.br\/loja3\/loja\/"},{"@type":"ListItem","position":3,"name":"Estudos em Lingu\u00edstica: reflex\u00f5es e caminhos de pesquisa"}]},{"@type":"WebSite","@id":"https:\/\/ponteseditores.com.br\/loja3\/#website","url":"https:\/\/ponteseditores.com.br\/loja3\/","name":"Pontes Editores","description":"Pontes Editores","publisher":{"@id":"https:\/\/ponteseditores.com.br\/loja3\/#organization"},"potentialAction":[{"@type":"SearchAction","target":{"@type":"EntryPoint","urlTemplate":"https:\/\/ponteseditores.com.br\/loja3\/?s={search_term_string}"},"query-input":{"@type":"PropertyValueSpecification","valueRequired":true,"valueName":"search_term_string"}}],"inLanguage":"pt-BR"},{"@type":"Organization","@id":"https:\/\/ponteseditores.com.br\/loja3\/#organization","name":"Pontes Editores","url":"https:\/\/ponteseditores.com.br\/loja3\/","logo":{"@type":"ImageObject","inLanguage":"pt-BR","@id":"https:\/\/ponteseditores.com.br\/loja3\/#\/schema\/logo\/image\/","url":"https:\/\/ponteseditores.com.br\/loja3\/wp-content\/uploads\/2023\/12\/logo-pontes-editores-v2.png","contentUrl":"https:\/\/ponteseditores.com.br\/loja3\/wp-content\/uploads\/2023\/12\/logo-pontes-editores-v2.png","width":258,"height":100,"caption":"Pontes Editores"},"image":{"@id":"https:\/\/ponteseditores.com.br\/loja3\/#\/schema\/logo\/image\/"}}]}},"_links":{"self":[{"href":"https:\/\/ponteseditores.com.br\/loja3\/wp-json\/wp\/v2\/product\/34539","targetHints":{"allow":["GET"]}}],"collection":[{"href":"https:\/\/ponteseditores.com.br\/loja3\/wp-json\/wp\/v2\/product"}],"about":[{"href":"https:\/\/ponteseditores.com.br\/loja3\/wp-json\/wp\/v2\/types\/product"}],"replies":[{"embeddable":true,"href":"https:\/\/ponteseditores.com.br\/loja3\/wp-json\/wp\/v2\/comments?post=34539"}],"version-history":[{"count":1,"href":"https:\/\/ponteseditores.com.br\/loja3\/wp-json\/wp\/v2\/product\/34539\/revisions"}],"predecessor-version":[{"id":34543,"href":"https:\/\/ponteseditores.com.br\/loja3\/wp-json\/wp\/v2\/product\/34539\/revisions\/34543"}],"wp:featuredmedia":[{"embeddable":true,"href":"https:\/\/ponteseditores.com.br\/loja3\/wp-json\/wp\/v2\/media\/34542"}],"wp:attachment":[{"href":"https:\/\/ponteseditores.com.br\/loja3\/wp-json\/wp\/v2\/media?parent=34539"}],"wp:term":[{"taxonomy":"product_brand","embeddable":true,"href":"https:\/\/ponteseditores.com.br\/loja3\/wp-json\/wp\/v2\/product_brand?post=34539"},{"taxonomy":"product_cat","embeddable":true,"href":"https:\/\/ponteseditores.com.br\/loja3\/wp-json\/wp\/v2\/product_cat?post=34539"},{"taxonomy":"product_tag","embeddable":true,"href":"https:\/\/ponteseditores.com.br\/loja3\/wp-json\/wp\/v2\/product_tag?post=34539"}],"curies":[{"name":"wp","href":"https:\/\/api.w.org\/{rel}","templated":true}]}}