{"id":34084,"date":"2025-11-27T15:35:02","date_gmt":"2025-11-27T18:35:02","guid":{"rendered":"https:\/\/ponteseditores.com.br\/loja3\/?post_type=product&#038;p=34084"},"modified":"2025-11-27T15:35:03","modified_gmt":"2025-11-27T18:35:03","slug":"acomtece-na-educacao-corporativa-livro-4-colecao-pocket-books-acomtece-nas-modalidades-de-ensino","status":"publish","type":"product","link":"https:\/\/ponteseditores.com.br\/loja3\/pontes-editores-home-2__trashed\/educacao\/acomtece-na-educacao-corporativa-livro-4-colecao-pocket-books-acomtece-nas-modalidades-de-ensino\/","title":{"rendered":"aCOMTECe na Educa\u00e7\u00e3o Corporativa \u2013 Livro 4 (Cole\u00e7\u00e3o Pocket Books: aCOMTECe nas Modalidades de Ensino)"},"content":{"rendered":"<p>A Cole\u00e7\u00e3o Pocket Books aCOMTECe Modalidades de Ensino \u2013 Educa\u00e7\u00e3o Cient\u00edfica \u00e9 Mosaico tem o objetivo de promover a compreens\u00e3o da educa\u00e7\u00e3o cient\u00edfica como processo que integra ci\u00eancia, tecnologia, linguagens, cultura e trabalho, a partir de pr\u00e1ticas de ensino-aprendizagem nas modalidades de ensino Educa\u00e7\u00e3o Profissional e Tecnol\u00f3gica, Educa\u00e7\u00e3o a Dist\u00e2ncia, Educa\u00e7\u00e3o Especial Inclusiva, Educa\u00e7\u00e3o Corporativa e Educa\u00e7\u00e3o em espa\u00e7os n\u00e3o-formais.<\/p>\n<p>O mosaico, imagem ou padr\u00e3o visual criado pela incrusta\u00e7\u00e3o de pequenas pe\u00e7as coloridas sobre uma superf\u00edcie, aglomeradas e fixadas por uma cola, \u00e9 a met\u00e1fora que comunica a interdisciplinaridade, a pluralidade e a diversidade caracter\u00edsticas da cole\u00e7\u00e3o.<\/p>\n<p>As modalidades de ensino s\u00e3o diversas, a ci\u00eancia \u00e9 a problematiza\u00e7\u00e3o dessas realidades plurais e a educa\u00e7\u00e3o \u00e9 a cola. O conhecimento cient\u00edfico \u00e9 produzido coletivamente a partir da colagem de pe\u00e7as que formam um todo complexo. Cada volume re\u00fane tesselas que, em sua singularidade, se unem para formar uma imagem maior: a da constru\u00e7\u00e3o coletiva e interdisciplinar do conhecimento.<\/p>\n<p>Escrevemos, para educadores e educandos, uma cole\u00e7\u00e3o de 15 artigos did\u00e1ticos, organizados em cinco livros, com ideias e atividades para aplica\u00e7\u00e3o em sala de aula. Cada cap\u00edtulo cont\u00e9m uma introdu\u00e7\u00e3o ao tema, considera\u00e7\u00f5es te\u00f3ricas, orienta\u00e7\u00f5es de como colocar em pr\u00e1tica, com uma lista de ferramentas, relatos, exemplos e sugest\u00f5es de materiais, al\u00e9m de refer\u00eancias consultadas.<\/p>\n<p>&nbsp;<\/p>\n<p>Projeto Gr\u00e1fico: Anny Dionizio de Freitas<\/p>\n<p>Website da cole\u00e7\u00e3o: https:\/\/sites.google.com\/view\/acomtece-modalidades-de-ensino\/<\/p>\n","protected":false},"excerpt":{"rendered":"<p>A Cole\u00e7\u00e3o Pocket Books aCOMTECe Modalidades de Ensino \u2013 Educa\u00e7\u00e3o Cient\u00edfica \u00e9 Mosaico tem o objetivo de promover a compreens\u00e3o da educa\u00e7\u00e3o cient\u00edfica como processo que integra ci\u00eancia, tecnologia, linguagens, cultura e trabalho, a partir de pr\u00e1ticas de ensino-aprendizagem nas modalidades de ensino Educa\u00e7\u00e3o Profissional e Tecnol\u00f3gica, Educa\u00e7\u00e3o a Dist\u00e2ncia, Educa\u00e7\u00e3o Especial Inclusiva, Educa\u00e7\u00e3o Corporativa [&hellip;]<\/p>\n","protected":false},"featured_media":34085,"comment_status":"open","ping_status":"closed","template":"","meta":{"_joinchat":[]},"product_brand":[],"product_cat":[97,167],"product_tag":[],"class_list":{"0":"post-34084","1":"product","2":"type-product","3":"status-publish","4":"has-post-thumbnail","6":"product_cat-educacao","7":"product_cat-lancamento","9":"first","10":"instock","11":"shipping-taxable","12":"purchasable","13":"product-type-simple"},"yoast_head":"<!-- This site is optimized with the Yoast SEO plugin v27.4 - https:\/\/yoast.com\/product\/yoast-seo-wordpress\/ -->\n<title>aCOMTECe na Educa\u00e7\u00e3o Corporativa \u2013 Livro 4 (Cole\u00e7\u00e3o Pocket Books: aCOMTECe nas Modalidades de Ensino) - Pontes Editores<\/title>\n<meta name=\"robots\" content=\"index, follow, max-snippet:-1, max-image-preview:large, max-video-preview:-1\" \/>\n<link rel=\"canonical\" href=\"https:\/\/ponteseditores.com.br\/loja3\/pontes-editores-home-2__trashed\/educacao\/acomtece-na-educacao-corporativa-livro-4-colecao-pocket-books-acomtece-nas-modalidades-de-ensino\/\" \/>\n<meta property=\"og:locale\" content=\"pt_BR\" \/>\n<meta property=\"og:type\" content=\"article\" \/>\n<meta property=\"og:title\" content=\"aCOMTECe na Educa\u00e7\u00e3o Corporativa \u2013 Livro 4 (Cole\u00e7\u00e3o Pocket Books: aCOMTECe nas Modalidades de Ensino) - Pontes Editores\" \/>\n<meta property=\"og:description\" content=\"A Cole\u00e7\u00e3o Pocket Books aCOMTECe Modalidades de Ensino \u2013 Educa\u00e7\u00e3o Cient\u00edfica \u00e9 Mosaico tem o objetivo de promover a compreens\u00e3o da educa\u00e7\u00e3o cient\u00edfica como processo que integra ci\u00eancia, tecnologia, linguagens, cultura e trabalho, a partir de pr\u00e1ticas de ensino-aprendizagem nas modalidades de ensino Educa\u00e7\u00e3o Profissional e Tecnol\u00f3gica, Educa\u00e7\u00e3o a Dist\u00e2ncia, Educa\u00e7\u00e3o Especial Inclusiva, Educa\u00e7\u00e3o Corporativa [&hellip;]\" \/>\n<meta property=\"og:url\" content=\"https:\/\/ponteseditores.com.br\/loja3\/pontes-editores-home-2__trashed\/educacao\/acomtece-na-educacao-corporativa-livro-4-colecao-pocket-books-acomtece-nas-modalidades-de-ensino\/\" \/>\n<meta property=\"og:site_name\" content=\"Pontes Editores\" \/>\n<meta property=\"article:modified_time\" content=\"2025-11-27T18:35:03+00:00\" \/>\n<meta property=\"og:image\" content=\"https:\/\/ponteseditores.com.br\/loja3\/wp-content\/uploads\/2025\/11\/Capa_aCOMTECe-4.jpg\" \/>\n\t<meta property=\"og:image:width\" content=\"800\" \/>\n\t<meta property=\"og:image:height\" content=\"1159\" \/>\n\t<meta property=\"og:image:type\" content=\"image\/jpeg\" \/>\n<meta name=\"twitter:card\" content=\"summary_large_image\" \/>\n<meta name=\"twitter:label1\" content=\"Est. tempo de leitura\" \/>\n\t<meta name=\"twitter:data1\" content=\"2 minutos\" \/>\n<script type=\"application\/ld+json\" class=\"yoast-schema-graph\">{\"@context\":\"https:\\\/\\\/schema.org\",\"@graph\":[{\"@type\":\"WebPage\",\"@id\":\"https:\\\/\\\/ponteseditores.com.br\\\/loja3\\\/pontes-editores-home-2__trashed\\\/educacao\\\/acomtece-na-educacao-corporativa-livro-4-colecao-pocket-books-acomtece-nas-modalidades-de-ensino\\\/\",\"url\":\"https:\\\/\\\/ponteseditores.com.br\\\/loja3\\\/pontes-editores-home-2__trashed\\\/educacao\\\/acomtece-na-educacao-corporativa-livro-4-colecao-pocket-books-acomtece-nas-modalidades-de-ensino\\\/\",\"name\":\"aCOMTECe na Educa\u00e7\u00e3o Corporativa \u2013 Livro 4 (Cole\u00e7\u00e3o Pocket Books: aCOMTECe nas Modalidades de Ensino) - Pontes Editores\",\"isPartOf\":{\"@id\":\"https:\\\/\\\/ponteseditores.com.br\\\/loja3\\\/#website\"},\"primaryImageOfPage\":{\"@id\":\"https:\\\/\\\/ponteseditores.com.br\\\/loja3\\\/pontes-editores-home-2__trashed\\\/educacao\\\/acomtece-na-educacao-corporativa-livro-4-colecao-pocket-books-acomtece-nas-modalidades-de-ensino\\\/#primaryimage\"},\"image\":{\"@id\":\"https:\\\/\\\/ponteseditores.com.br\\\/loja3\\\/pontes-editores-home-2__trashed\\\/educacao\\\/acomtece-na-educacao-corporativa-livro-4-colecao-pocket-books-acomtece-nas-modalidades-de-ensino\\\/#primaryimage\"},\"thumbnailUrl\":\"https:\\\/\\\/ponteseditores.com.br\\\/loja3\\\/wp-content\\\/uploads\\\/2025\\\/11\\\/Capa_aCOMTECe-4.jpg\",\"datePublished\":\"2025-11-27T18:35:02+00:00\",\"dateModified\":\"2025-11-27T18:35:03+00:00\",\"breadcrumb\":{\"@id\":\"https:\\\/\\\/ponteseditores.com.br\\\/loja3\\\/pontes-editores-home-2__trashed\\\/educacao\\\/acomtece-na-educacao-corporativa-livro-4-colecao-pocket-books-acomtece-nas-modalidades-de-ensino\\\/#breadcrumb\"},\"inLanguage\":\"pt-BR\",\"potentialAction\":[{\"@type\":\"ReadAction\",\"target\":[\"https:\\\/\\\/ponteseditores.com.br\\\/loja3\\\/pontes-editores-home-2__trashed\\\/educacao\\\/acomtece-na-educacao-corporativa-livro-4-colecao-pocket-books-acomtece-nas-modalidades-de-ensino\\\/\"]}]},{\"@type\":\"ImageObject\",\"inLanguage\":\"pt-BR\",\"@id\":\"https:\\\/\\\/ponteseditores.com.br\\\/loja3\\\/pontes-editores-home-2__trashed\\\/educacao\\\/acomtece-na-educacao-corporativa-livro-4-colecao-pocket-books-acomtece-nas-modalidades-de-ensino\\\/#primaryimage\",\"url\":\"https:\\\/\\\/ponteseditores.com.br\\\/loja3\\\/wp-content\\\/uploads\\\/2025\\\/11\\\/Capa_aCOMTECe-4.jpg\",\"contentUrl\":\"https:\\\/\\\/ponteseditores.com.br\\\/loja3\\\/wp-content\\\/uploads\\\/2025\\\/11\\\/Capa_aCOMTECe-4.jpg\",\"width\":800,\"height\":1159},{\"@type\":\"BreadcrumbList\",\"@id\":\"https:\\\/\\\/ponteseditores.com.br\\\/loja3\\\/pontes-editores-home-2__trashed\\\/educacao\\\/acomtece-na-educacao-corporativa-livro-4-colecao-pocket-books-acomtece-nas-modalidades-de-ensino\\\/#breadcrumb\",\"itemListElement\":[{\"@type\":\"ListItem\",\"position\":1,\"name\":\"Home\",\"item\":\"https:\\\/\\\/ponteseditores.com.br\\\/loja3\\\/\"},{\"@type\":\"ListItem\",\"position\":2,\"name\":\"loja\",\"item\":\"https:\\\/\\\/ponteseditores.com.br\\\/loja3\\\/loja\\\/\"},{\"@type\":\"ListItem\",\"position\":3,\"name\":\"aCOMTECe na Educa\u00e7\u00e3o Corporativa \u2013 Livro 4 (Cole\u00e7\u00e3o Pocket Books: aCOMTECe nas Modalidades de Ensino)\"}]},{\"@type\":\"WebSite\",\"@id\":\"https:\\\/\\\/ponteseditores.com.br\\\/loja3\\\/#website\",\"url\":\"https:\\\/\\\/ponteseditores.com.br\\\/loja3\\\/\",\"name\":\"Pontes Editores\",\"description\":\"Pontes Editores\",\"publisher\":{\"@id\":\"https:\\\/\\\/ponteseditores.com.br\\\/loja3\\\/#organization\"},\"potentialAction\":[{\"@type\":\"SearchAction\",\"target\":{\"@type\":\"EntryPoint\",\"urlTemplate\":\"https:\\\/\\\/ponteseditores.com.br\\\/loja3\\\/?s={search_term_string}\"},\"query-input\":{\"@type\":\"PropertyValueSpecification\",\"valueRequired\":true,\"valueName\":\"search_term_string\"}}],\"inLanguage\":\"pt-BR\"},{\"@type\":\"Organization\",\"@id\":\"https:\\\/\\\/ponteseditores.com.br\\\/loja3\\\/#organization\",\"name\":\"Pontes Editores\",\"url\":\"https:\\\/\\\/ponteseditores.com.br\\\/loja3\\\/\",\"logo\":{\"@type\":\"ImageObject\",\"inLanguage\":\"pt-BR\",\"@id\":\"https:\\\/\\\/ponteseditores.com.br\\\/loja3\\\/#\\\/schema\\\/logo\\\/image\\\/\",\"url\":\"https:\\\/\\\/ponteseditores.com.br\\\/loja3\\\/wp-content\\\/uploads\\\/2023\\\/12\\\/logo-pontes-editores-v2.png\",\"contentUrl\":\"https:\\\/\\\/ponteseditores.com.br\\\/loja3\\\/wp-content\\\/uploads\\\/2023\\\/12\\\/logo-pontes-editores-v2.png\",\"width\":258,\"height\":100,\"caption\":\"Pontes Editores\"},\"image\":{\"@id\":\"https:\\\/\\\/ponteseditores.com.br\\\/loja3\\\/#\\\/schema\\\/logo\\\/image\\\/\"}}]}<\/script>\n<!-- \/ Yoast SEO plugin. -->","yoast_head_json":{"title":"aCOMTECe na Educa\u00e7\u00e3o Corporativa \u2013 Livro 4 (Cole\u00e7\u00e3o Pocket Books: aCOMTECe nas Modalidades de Ensino) - Pontes Editores","robots":{"index":"index","follow":"follow","max-snippet":"max-snippet:-1","max-image-preview":"max-image-preview:large","max-video-preview":"max-video-preview:-1"},"canonical":"https:\/\/ponteseditores.com.br\/loja3\/pontes-editores-home-2__trashed\/educacao\/acomtece-na-educacao-corporativa-livro-4-colecao-pocket-books-acomtece-nas-modalidades-de-ensino\/","og_locale":"pt_BR","og_type":"article","og_title":"aCOMTECe na Educa\u00e7\u00e3o Corporativa \u2013 Livro 4 (Cole\u00e7\u00e3o Pocket Books: aCOMTECe nas Modalidades de Ensino) - Pontes Editores","og_description":"A Cole\u00e7\u00e3o Pocket Books aCOMTECe Modalidades de Ensino \u2013 Educa\u00e7\u00e3o Cient\u00edfica \u00e9 Mosaico tem o objetivo de promover a compreens\u00e3o da educa\u00e7\u00e3o cient\u00edfica como processo que integra ci\u00eancia, tecnologia, linguagens, cultura e trabalho, a partir de pr\u00e1ticas de ensino-aprendizagem nas modalidades de ensino Educa\u00e7\u00e3o Profissional e Tecnol\u00f3gica, Educa\u00e7\u00e3o a Dist\u00e2ncia, Educa\u00e7\u00e3o Especial Inclusiva, Educa\u00e7\u00e3o Corporativa [&hellip;]","og_url":"https:\/\/ponteseditores.com.br\/loja3\/pontes-editores-home-2__trashed\/educacao\/acomtece-na-educacao-corporativa-livro-4-colecao-pocket-books-acomtece-nas-modalidades-de-ensino\/","og_site_name":"Pontes Editores","article_modified_time":"2025-11-27T18:35:03+00:00","og_image":[{"width":800,"height":1159,"url":"https:\/\/ponteseditores.com.br\/loja3\/wp-content\/uploads\/2025\/11\/Capa_aCOMTECe-4.jpg","type":"image\/jpeg"}],"twitter_card":"summary_large_image","twitter_misc":{"Est. tempo de leitura":"2 minutos"},"schema":{"@context":"https:\/\/schema.org","@graph":[{"@type":"WebPage","@id":"https:\/\/ponteseditores.com.br\/loja3\/pontes-editores-home-2__trashed\/educacao\/acomtece-na-educacao-corporativa-livro-4-colecao-pocket-books-acomtece-nas-modalidades-de-ensino\/","url":"https:\/\/ponteseditores.com.br\/loja3\/pontes-editores-home-2__trashed\/educacao\/acomtece-na-educacao-corporativa-livro-4-colecao-pocket-books-acomtece-nas-modalidades-de-ensino\/","name":"aCOMTECe na Educa\u00e7\u00e3o Corporativa \u2013 Livro 4 (Cole\u00e7\u00e3o Pocket Books: aCOMTECe nas Modalidades de Ensino) - Pontes Editores","isPartOf":{"@id":"https:\/\/ponteseditores.com.br\/loja3\/#website"},"primaryImageOfPage":{"@id":"https:\/\/ponteseditores.com.br\/loja3\/pontes-editores-home-2__trashed\/educacao\/acomtece-na-educacao-corporativa-livro-4-colecao-pocket-books-acomtece-nas-modalidades-de-ensino\/#primaryimage"},"image":{"@id":"https:\/\/ponteseditores.com.br\/loja3\/pontes-editores-home-2__trashed\/educacao\/acomtece-na-educacao-corporativa-livro-4-colecao-pocket-books-acomtece-nas-modalidades-de-ensino\/#primaryimage"},"thumbnailUrl":"https:\/\/ponteseditores.com.br\/loja3\/wp-content\/uploads\/2025\/11\/Capa_aCOMTECe-4.jpg","datePublished":"2025-11-27T18:35:02+00:00","dateModified":"2025-11-27T18:35:03+00:00","breadcrumb":{"@id":"https:\/\/ponteseditores.com.br\/loja3\/pontes-editores-home-2__trashed\/educacao\/acomtece-na-educacao-corporativa-livro-4-colecao-pocket-books-acomtece-nas-modalidades-de-ensino\/#breadcrumb"},"inLanguage":"pt-BR","potentialAction":[{"@type":"ReadAction","target":["https:\/\/ponteseditores.com.br\/loja3\/pontes-editores-home-2__trashed\/educacao\/acomtece-na-educacao-corporativa-livro-4-colecao-pocket-books-acomtece-nas-modalidades-de-ensino\/"]}]},{"@type":"ImageObject","inLanguage":"pt-BR","@id":"https:\/\/ponteseditores.com.br\/loja3\/pontes-editores-home-2__trashed\/educacao\/acomtece-na-educacao-corporativa-livro-4-colecao-pocket-books-acomtece-nas-modalidades-de-ensino\/#primaryimage","url":"https:\/\/ponteseditores.com.br\/loja3\/wp-content\/uploads\/2025\/11\/Capa_aCOMTECe-4.jpg","contentUrl":"https:\/\/ponteseditores.com.br\/loja3\/wp-content\/uploads\/2025\/11\/Capa_aCOMTECe-4.jpg","width":800,"height":1159},{"@type":"BreadcrumbList","@id":"https:\/\/ponteseditores.com.br\/loja3\/pontes-editores-home-2__trashed\/educacao\/acomtece-na-educacao-corporativa-livro-4-colecao-pocket-books-acomtece-nas-modalidades-de-ensino\/#breadcrumb","itemListElement":[{"@type":"ListItem","position":1,"name":"Home","item":"https:\/\/ponteseditores.com.br\/loja3\/"},{"@type":"ListItem","position":2,"name":"loja","item":"https:\/\/ponteseditores.com.br\/loja3\/loja\/"},{"@type":"ListItem","position":3,"name":"aCOMTECe na Educa\u00e7\u00e3o Corporativa \u2013 Livro 4 (Cole\u00e7\u00e3o Pocket Books: aCOMTECe nas Modalidades de Ensino)"}]},{"@type":"WebSite","@id":"https:\/\/ponteseditores.com.br\/loja3\/#website","url":"https:\/\/ponteseditores.com.br\/loja3\/","name":"Pontes Editores","description":"Pontes Editores","publisher":{"@id":"https:\/\/ponteseditores.com.br\/loja3\/#organization"},"potentialAction":[{"@type":"SearchAction","target":{"@type":"EntryPoint","urlTemplate":"https:\/\/ponteseditores.com.br\/loja3\/?s={search_term_string}"},"query-input":{"@type":"PropertyValueSpecification","valueRequired":true,"valueName":"search_term_string"}}],"inLanguage":"pt-BR"},{"@type":"Organization","@id":"https:\/\/ponteseditores.com.br\/loja3\/#organization","name":"Pontes Editores","url":"https:\/\/ponteseditores.com.br\/loja3\/","logo":{"@type":"ImageObject","inLanguage":"pt-BR","@id":"https:\/\/ponteseditores.com.br\/loja3\/#\/schema\/logo\/image\/","url":"https:\/\/ponteseditores.com.br\/loja3\/wp-content\/uploads\/2023\/12\/logo-pontes-editores-v2.png","contentUrl":"https:\/\/ponteseditores.com.br\/loja3\/wp-content\/uploads\/2023\/12\/logo-pontes-editores-v2.png","width":258,"height":100,"caption":"Pontes Editores"},"image":{"@id":"https:\/\/ponteseditores.com.br\/loja3\/#\/schema\/logo\/image\/"}}]}},"_links":{"self":[{"href":"https:\/\/ponteseditores.com.br\/loja3\/wp-json\/wp\/v2\/product\/34084","targetHints":{"allow":["GET"]}}],"collection":[{"href":"https:\/\/ponteseditores.com.br\/loja3\/wp-json\/wp\/v2\/product"}],"about":[{"href":"https:\/\/ponteseditores.com.br\/loja3\/wp-json\/wp\/v2\/types\/product"}],"replies":[{"embeddable":true,"href":"https:\/\/ponteseditores.com.br\/loja3\/wp-json\/wp\/v2\/comments?post=34084"}],"version-history":[{"count":2,"href":"https:\/\/ponteseditores.com.br\/loja3\/wp-json\/wp\/v2\/product\/34084\/revisions"}],"predecessor-version":[{"id":34087,"href":"https:\/\/ponteseditores.com.br\/loja3\/wp-json\/wp\/v2\/product\/34084\/revisions\/34087"}],"wp:featuredmedia":[{"embeddable":true,"href":"https:\/\/ponteseditores.com.br\/loja3\/wp-json\/wp\/v2\/media\/34085"}],"wp:attachment":[{"href":"https:\/\/ponteseditores.com.br\/loja3\/wp-json\/wp\/v2\/media?parent=34084"}],"wp:term":[{"taxonomy":"product_brand","embeddable":true,"href":"https:\/\/ponteseditores.com.br\/loja3\/wp-json\/wp\/v2\/product_brand?post=34084"},{"taxonomy":"product_cat","embeddable":true,"href":"https:\/\/ponteseditores.com.br\/loja3\/wp-json\/wp\/v2\/product_cat?post=34084"},{"taxonomy":"product_tag","embeddable":true,"href":"https:\/\/ponteseditores.com.br\/loja3\/wp-json\/wp\/v2\/product_tag?post=34084"}],"curies":[{"name":"wp","href":"https:\/\/api.w.org\/{rel}","templated":true}]}}