{"id":34051,"date":"2025-11-27T12:11:34","date_gmt":"2025-11-27T15:11:34","guid":{"rendered":"https:\/\/ponteseditores.com.br\/loja3\/?post_type=product&#038;p=34051"},"modified":"2025-11-27T12:11:35","modified_gmt":"2025-11-27T15:11:35","slug":"transicao-energetica-e-tecnologica-2","status":"publish","type":"product","link":"https:\/\/ponteseditores.com.br\/loja3\/pontes-editores-home-2__trashed\/ebook\/lancamento-e-book\/transicao-energetica-e-tecnologica-2\/","title":{"rendered":"Transi\u00e7\u00e3o energ\u00e9tica e tecnol\u00f3gica"},"content":{"rendered":"<p>A vis\u00e3o da informa\u00e7\u00e3o e do conhecimento como vantagem competitiva organizacional e seu desdobramento em neg\u00f3cios que unem as capacidades de construir redes de informa\u00e7\u00e3o e trabalhar intelig\u00eancia de dados, potencializa cada vez mais a inova\u00e7\u00e3o habilitada pela tecnologia diante das incertezas. A inova\u00e7\u00e3o \u00e9 incorporada baseada na sua capacidade de quebrar barreiras e mudar estruturas setoriais. Nesse contexto, tem-se que a transi\u00e7\u00e3o energ\u00e9tica, em um comportamento multifacetado, al\u00e9m de se sustentar fortemente em iniciativas voltadas a novos modelos de neg\u00f3cios, aspectos culturais, pol\u00edticas governamentais, regulamenta\u00e7\u00e3o e demandas tecnol\u00f3gicas para habilitar o setor el\u00e9trico, deve manter tamb\u00e9m a opera\u00e7\u00e3o resiliente e segura da infraestrutura cr\u00edtica de energia.<\/p>\n<p>A transi\u00e7\u00e3o energ\u00e9tica tem requerido esfor\u00e7os em n\u00edvel global e a inova\u00e7\u00e3o tecnol\u00f3gica n\u00e3o \u00e9 a raz\u00e3o para essa transi\u00e7\u00e3o. No entanto, \u00e9 facilitadora desse processo proporcionando o aumento da efici\u00eancia energ\u00e9tica, uma maior participa\u00e7\u00e3o de fontes de energia renov\u00e1veis e, consequentemente, a diminui\u00e7\u00e3o das emiss\u00f5es de CO2. Essa transi\u00e7\u00e3o tecnol\u00f3gica remonta \u00e0s iniciativas de Smart Grid iniciadas h\u00e1 mais de uma d\u00e9cada. Muitas dessas iniciativas trazem consigo solu\u00e7\u00f5es importantes para esse processo, que puderam ser experimentadas e testadas no contexto de projetos pr\u00e1ticos no setor el\u00e9trico e, em um processo evolutivo, puderam ser adaptadas e aperfei\u00e7oadas. S\u00e3o solu\u00e7\u00f5es voltadas a Recursos Energ\u00e9ticos Distribu\u00eddos, Tecnologia da Informa\u00e7\u00e3o e Comunica\u00e7\u00e3o, Medi\u00e7\u00e3o Avan\u00e7ada e Seguran\u00e7a Cibern\u00e9tica, que potencializadas por tecnologias como 5G, Vis\u00e3o Computacional, IA e Conectividade IoT, aplicadas ao setor el\u00e9trico, habilitar\u00e3o a transi\u00e7\u00e3o energ\u00e9tica. Este livro prop\u00f5e uma reflex\u00e3o sobre \u201cTransi\u00e7\u00e3o Energ\u00e9tica e Tecnol\u00f3gica\u201d do setor el\u00e9trico, a partir de uma colet\u00e2nea de artigos t\u00e9cnicos publicados em diferentes momentos e f\u00f3runs do setor de energia, os quais apresentam resultados pr\u00e1ticos de projetos realizados em parceria com diferentes empresas do setor el\u00e9trico brasileiro.<\/p>\n<p>S\u00e3o apresentados artigos cient\u00edficos em portugu\u00eas e ingl\u00eas, mantendo os conte\u00fados na \u00edntegra, conforme originalmente publicados.<\/p>\n","protected":false},"excerpt":{"rendered":"<p>A vis\u00e3o da informa\u00e7\u00e3o e do conhecimento como vantagem competitiva organizacional e seu desdobramento em neg\u00f3cios que unem as capacidades de construir redes de informa\u00e7\u00e3o e trabalhar intelig\u00eancia de dados, potencializa cada vez mais a inova\u00e7\u00e3o habilitada pela tecnologia diante das incertezas. A inova\u00e7\u00e3o \u00e9 incorporada baseada na sua capacidade de quebrar barreiras e mudar [&hellip;]<\/p>\n","protected":false},"featured_media":34053,"comment_status":"open","ping_status":"closed","template":"","meta":{"_joinchat":[]},"product_brand":[],"product_cat":[165,386],"product_tag":[],"class_list":{"0":"post-34051","1":"product","2":"type-product","3":"status-publish","4":"has-post-thumbnail","6":"product_cat-ebook","7":"product_cat-lancamento-e-book","9":"first","10":"instock","11":"downloadable","12":"virtual","13":"purchasable","14":"product-type-simple"},"yoast_head":"<!-- This site is optimized with the Yoast SEO plugin v27.4 - https:\/\/yoast.com\/product\/yoast-seo-wordpress\/ -->\n<title>Transi\u00e7\u00e3o energ\u00e9tica e tecnol\u00f3gica - Pontes Editores<\/title>\n<meta name=\"robots\" content=\"index, follow, max-snippet:-1, max-image-preview:large, max-video-preview:-1\" \/>\n<link rel=\"canonical\" href=\"https:\/\/ponteseditores.com.br\/loja3\/pontes-editores-home-2__trashed\/ebook\/lancamento-e-book\/transicao-energetica-e-tecnologica-2\/\" \/>\n<meta property=\"og:locale\" content=\"pt_BR\" \/>\n<meta property=\"og:type\" content=\"article\" \/>\n<meta property=\"og:title\" content=\"Transi\u00e7\u00e3o energ\u00e9tica e tecnol\u00f3gica - Pontes Editores\" \/>\n<meta property=\"og:description\" content=\"A vis\u00e3o da informa\u00e7\u00e3o e do conhecimento como vantagem competitiva organizacional e seu desdobramento em neg\u00f3cios que unem as capacidades de construir redes de informa\u00e7\u00e3o e trabalhar intelig\u00eancia de dados, potencializa cada vez mais a inova\u00e7\u00e3o habilitada pela tecnologia diante das incertezas. A inova\u00e7\u00e3o \u00e9 incorporada baseada na sua capacidade de quebrar barreiras e mudar [&hellip;]\" \/>\n<meta property=\"og:url\" content=\"https:\/\/ponteseditores.com.br\/loja3\/pontes-editores-home-2__trashed\/ebook\/lancamento-e-book\/transicao-energetica-e-tecnologica-2\/\" \/>\n<meta property=\"og:site_name\" content=\"Pontes Editores\" \/>\n<meta property=\"article:modified_time\" content=\"2025-11-27T15:11:35+00:00\" \/>\n<meta property=\"og:image\" content=\"https:\/\/ponteseditores.com.br\/loja3\/wp-content\/uploads\/2025\/11\/Capa_Transicao_Energetica.jpg\" \/>\n\t<meta property=\"og:image:width\" content=\"1728\" \/>\n\t<meta property=\"og:image:height\" content=\"2443\" \/>\n\t<meta property=\"og:image:type\" content=\"image\/jpeg\" \/>\n<meta name=\"twitter:card\" content=\"summary_large_image\" \/>\n<meta name=\"twitter:label1\" content=\"Est. tempo de leitura\" \/>\n\t<meta name=\"twitter:data1\" content=\"2 minutos\" \/>\n<script type=\"application\/ld+json\" class=\"yoast-schema-graph\">{\"@context\":\"https:\\\/\\\/schema.org\",\"@graph\":[{\"@type\":\"WebPage\",\"@id\":\"https:\\\/\\\/ponteseditores.com.br\\\/loja3\\\/pontes-editores-home-2__trashed\\\/ebook\\\/lancamento-e-book\\\/transicao-energetica-e-tecnologica-2\\\/\",\"url\":\"https:\\\/\\\/ponteseditores.com.br\\\/loja3\\\/pontes-editores-home-2__trashed\\\/ebook\\\/lancamento-e-book\\\/transicao-energetica-e-tecnologica-2\\\/\",\"name\":\"Transi\u00e7\u00e3o energ\u00e9tica e tecnol\u00f3gica - Pontes Editores\",\"isPartOf\":{\"@id\":\"https:\\\/\\\/ponteseditores.com.br\\\/loja3\\\/#website\"},\"primaryImageOfPage\":{\"@id\":\"https:\\\/\\\/ponteseditores.com.br\\\/loja3\\\/pontes-editores-home-2__trashed\\\/ebook\\\/lancamento-e-book\\\/transicao-energetica-e-tecnologica-2\\\/#primaryimage\"},\"image\":{\"@id\":\"https:\\\/\\\/ponteseditores.com.br\\\/loja3\\\/pontes-editores-home-2__trashed\\\/ebook\\\/lancamento-e-book\\\/transicao-energetica-e-tecnologica-2\\\/#primaryimage\"},\"thumbnailUrl\":\"https:\\\/\\\/ponteseditores.com.br\\\/loja3\\\/wp-content\\\/uploads\\\/2025\\\/11\\\/Capa_Transicao_Energetica.jpg\",\"datePublished\":\"2025-11-27T15:11:34+00:00\",\"dateModified\":\"2025-11-27T15:11:35+00:00\",\"breadcrumb\":{\"@id\":\"https:\\\/\\\/ponteseditores.com.br\\\/loja3\\\/pontes-editores-home-2__trashed\\\/ebook\\\/lancamento-e-book\\\/transicao-energetica-e-tecnologica-2\\\/#breadcrumb\"},\"inLanguage\":\"pt-BR\",\"potentialAction\":[{\"@type\":\"ReadAction\",\"target\":[\"https:\\\/\\\/ponteseditores.com.br\\\/loja3\\\/pontes-editores-home-2__trashed\\\/ebook\\\/lancamento-e-book\\\/transicao-energetica-e-tecnologica-2\\\/\"]}]},{\"@type\":\"ImageObject\",\"inLanguage\":\"pt-BR\",\"@id\":\"https:\\\/\\\/ponteseditores.com.br\\\/loja3\\\/pontes-editores-home-2__trashed\\\/ebook\\\/lancamento-e-book\\\/transicao-energetica-e-tecnologica-2\\\/#primaryimage\",\"url\":\"https:\\\/\\\/ponteseditores.com.br\\\/loja3\\\/wp-content\\\/uploads\\\/2025\\\/11\\\/Capa_Transicao_Energetica.jpg\",\"contentUrl\":\"https:\\\/\\\/ponteseditores.com.br\\\/loja3\\\/wp-content\\\/uploads\\\/2025\\\/11\\\/Capa_Transicao_Energetica.jpg\",\"width\":1728,\"height\":2443},{\"@type\":\"BreadcrumbList\",\"@id\":\"https:\\\/\\\/ponteseditores.com.br\\\/loja3\\\/pontes-editores-home-2__trashed\\\/ebook\\\/lancamento-e-book\\\/transicao-energetica-e-tecnologica-2\\\/#breadcrumb\",\"itemListElement\":[{\"@type\":\"ListItem\",\"position\":1,\"name\":\"Home\",\"item\":\"https:\\\/\\\/ponteseditores.com.br\\\/loja3\\\/\"},{\"@type\":\"ListItem\",\"position\":2,\"name\":\"loja\",\"item\":\"https:\\\/\\\/ponteseditores.com.br\\\/loja3\\\/loja\\\/\"},{\"@type\":\"ListItem\",\"position\":3,\"name\":\"Transi\u00e7\u00e3o energ\u00e9tica e tecnol\u00f3gica\"}]},{\"@type\":\"WebSite\",\"@id\":\"https:\\\/\\\/ponteseditores.com.br\\\/loja3\\\/#website\",\"url\":\"https:\\\/\\\/ponteseditores.com.br\\\/loja3\\\/\",\"name\":\"Pontes Editores\",\"description\":\"Pontes Editores\",\"publisher\":{\"@id\":\"https:\\\/\\\/ponteseditores.com.br\\\/loja3\\\/#organization\"},\"potentialAction\":[{\"@type\":\"SearchAction\",\"target\":{\"@type\":\"EntryPoint\",\"urlTemplate\":\"https:\\\/\\\/ponteseditores.com.br\\\/loja3\\\/?s={search_term_string}\"},\"query-input\":{\"@type\":\"PropertyValueSpecification\",\"valueRequired\":true,\"valueName\":\"search_term_string\"}}],\"inLanguage\":\"pt-BR\"},{\"@type\":\"Organization\",\"@id\":\"https:\\\/\\\/ponteseditores.com.br\\\/loja3\\\/#organization\",\"name\":\"Pontes Editores\",\"url\":\"https:\\\/\\\/ponteseditores.com.br\\\/loja3\\\/\",\"logo\":{\"@type\":\"ImageObject\",\"inLanguage\":\"pt-BR\",\"@id\":\"https:\\\/\\\/ponteseditores.com.br\\\/loja3\\\/#\\\/schema\\\/logo\\\/image\\\/\",\"url\":\"https:\\\/\\\/ponteseditores.com.br\\\/loja3\\\/wp-content\\\/uploads\\\/2023\\\/12\\\/logo-pontes-editores-v2.png\",\"contentUrl\":\"https:\\\/\\\/ponteseditores.com.br\\\/loja3\\\/wp-content\\\/uploads\\\/2023\\\/12\\\/logo-pontes-editores-v2.png\",\"width\":258,\"height\":100,\"caption\":\"Pontes Editores\"},\"image\":{\"@id\":\"https:\\\/\\\/ponteseditores.com.br\\\/loja3\\\/#\\\/schema\\\/logo\\\/image\\\/\"}}]}<\/script>\n<!-- \/ Yoast SEO plugin. -->","yoast_head_json":{"title":"Transi\u00e7\u00e3o energ\u00e9tica e tecnol\u00f3gica - Pontes Editores","robots":{"index":"index","follow":"follow","max-snippet":"max-snippet:-1","max-image-preview":"max-image-preview:large","max-video-preview":"max-video-preview:-1"},"canonical":"https:\/\/ponteseditores.com.br\/loja3\/pontes-editores-home-2__trashed\/ebook\/lancamento-e-book\/transicao-energetica-e-tecnologica-2\/","og_locale":"pt_BR","og_type":"article","og_title":"Transi\u00e7\u00e3o energ\u00e9tica e tecnol\u00f3gica - Pontes Editores","og_description":"A vis\u00e3o da informa\u00e7\u00e3o e do conhecimento como vantagem competitiva organizacional e seu desdobramento em neg\u00f3cios que unem as capacidades de construir redes de informa\u00e7\u00e3o e trabalhar intelig\u00eancia de dados, potencializa cada vez mais a inova\u00e7\u00e3o habilitada pela tecnologia diante das incertezas. A inova\u00e7\u00e3o \u00e9 incorporada baseada na sua capacidade de quebrar barreiras e mudar [&hellip;]","og_url":"https:\/\/ponteseditores.com.br\/loja3\/pontes-editores-home-2__trashed\/ebook\/lancamento-e-book\/transicao-energetica-e-tecnologica-2\/","og_site_name":"Pontes Editores","article_modified_time":"2025-11-27T15:11:35+00:00","og_image":[{"width":1728,"height":2443,"url":"https:\/\/ponteseditores.com.br\/loja3\/wp-content\/uploads\/2025\/11\/Capa_Transicao_Energetica.jpg","type":"image\/jpeg"}],"twitter_card":"summary_large_image","twitter_misc":{"Est. tempo de leitura":"2 minutos"},"schema":{"@context":"https:\/\/schema.org","@graph":[{"@type":"WebPage","@id":"https:\/\/ponteseditores.com.br\/loja3\/pontes-editores-home-2__trashed\/ebook\/lancamento-e-book\/transicao-energetica-e-tecnologica-2\/","url":"https:\/\/ponteseditores.com.br\/loja3\/pontes-editores-home-2__trashed\/ebook\/lancamento-e-book\/transicao-energetica-e-tecnologica-2\/","name":"Transi\u00e7\u00e3o energ\u00e9tica e tecnol\u00f3gica - Pontes Editores","isPartOf":{"@id":"https:\/\/ponteseditores.com.br\/loja3\/#website"},"primaryImageOfPage":{"@id":"https:\/\/ponteseditores.com.br\/loja3\/pontes-editores-home-2__trashed\/ebook\/lancamento-e-book\/transicao-energetica-e-tecnologica-2\/#primaryimage"},"image":{"@id":"https:\/\/ponteseditores.com.br\/loja3\/pontes-editores-home-2__trashed\/ebook\/lancamento-e-book\/transicao-energetica-e-tecnologica-2\/#primaryimage"},"thumbnailUrl":"https:\/\/ponteseditores.com.br\/loja3\/wp-content\/uploads\/2025\/11\/Capa_Transicao_Energetica.jpg","datePublished":"2025-11-27T15:11:34+00:00","dateModified":"2025-11-27T15:11:35+00:00","breadcrumb":{"@id":"https:\/\/ponteseditores.com.br\/loja3\/pontes-editores-home-2__trashed\/ebook\/lancamento-e-book\/transicao-energetica-e-tecnologica-2\/#breadcrumb"},"inLanguage":"pt-BR","potentialAction":[{"@type":"ReadAction","target":["https:\/\/ponteseditores.com.br\/loja3\/pontes-editores-home-2__trashed\/ebook\/lancamento-e-book\/transicao-energetica-e-tecnologica-2\/"]}]},{"@type":"ImageObject","inLanguage":"pt-BR","@id":"https:\/\/ponteseditores.com.br\/loja3\/pontes-editores-home-2__trashed\/ebook\/lancamento-e-book\/transicao-energetica-e-tecnologica-2\/#primaryimage","url":"https:\/\/ponteseditores.com.br\/loja3\/wp-content\/uploads\/2025\/11\/Capa_Transicao_Energetica.jpg","contentUrl":"https:\/\/ponteseditores.com.br\/loja3\/wp-content\/uploads\/2025\/11\/Capa_Transicao_Energetica.jpg","width":1728,"height":2443},{"@type":"BreadcrumbList","@id":"https:\/\/ponteseditores.com.br\/loja3\/pontes-editores-home-2__trashed\/ebook\/lancamento-e-book\/transicao-energetica-e-tecnologica-2\/#breadcrumb","itemListElement":[{"@type":"ListItem","position":1,"name":"Home","item":"https:\/\/ponteseditores.com.br\/loja3\/"},{"@type":"ListItem","position":2,"name":"loja","item":"https:\/\/ponteseditores.com.br\/loja3\/loja\/"},{"@type":"ListItem","position":3,"name":"Transi\u00e7\u00e3o energ\u00e9tica e tecnol\u00f3gica"}]},{"@type":"WebSite","@id":"https:\/\/ponteseditores.com.br\/loja3\/#website","url":"https:\/\/ponteseditores.com.br\/loja3\/","name":"Pontes Editores","description":"Pontes Editores","publisher":{"@id":"https:\/\/ponteseditores.com.br\/loja3\/#organization"},"potentialAction":[{"@type":"SearchAction","target":{"@type":"EntryPoint","urlTemplate":"https:\/\/ponteseditores.com.br\/loja3\/?s={search_term_string}"},"query-input":{"@type":"PropertyValueSpecification","valueRequired":true,"valueName":"search_term_string"}}],"inLanguage":"pt-BR"},{"@type":"Organization","@id":"https:\/\/ponteseditores.com.br\/loja3\/#organization","name":"Pontes Editores","url":"https:\/\/ponteseditores.com.br\/loja3\/","logo":{"@type":"ImageObject","inLanguage":"pt-BR","@id":"https:\/\/ponteseditores.com.br\/loja3\/#\/schema\/logo\/image\/","url":"https:\/\/ponteseditores.com.br\/loja3\/wp-content\/uploads\/2023\/12\/logo-pontes-editores-v2.png","contentUrl":"https:\/\/ponteseditores.com.br\/loja3\/wp-content\/uploads\/2023\/12\/logo-pontes-editores-v2.png","width":258,"height":100,"caption":"Pontes Editores"},"image":{"@id":"https:\/\/ponteseditores.com.br\/loja3\/#\/schema\/logo\/image\/"}}]}},"_links":{"self":[{"href":"https:\/\/ponteseditores.com.br\/loja3\/wp-json\/wp\/v2\/product\/34051","targetHints":{"allow":["GET"]}}],"collection":[{"href":"https:\/\/ponteseditores.com.br\/loja3\/wp-json\/wp\/v2\/product"}],"about":[{"href":"https:\/\/ponteseditores.com.br\/loja3\/wp-json\/wp\/v2\/types\/product"}],"replies":[{"embeddable":true,"href":"https:\/\/ponteseditores.com.br\/loja3\/wp-json\/wp\/v2\/comments?post=34051"}],"version-history":[{"count":1,"href":"https:\/\/ponteseditores.com.br\/loja3\/wp-json\/wp\/v2\/product\/34051\/revisions"}],"predecessor-version":[{"id":34054,"href":"https:\/\/ponteseditores.com.br\/loja3\/wp-json\/wp\/v2\/product\/34051\/revisions\/34054"}],"wp:featuredmedia":[{"embeddable":true,"href":"https:\/\/ponteseditores.com.br\/loja3\/wp-json\/wp\/v2\/media\/34053"}],"wp:attachment":[{"href":"https:\/\/ponteseditores.com.br\/loja3\/wp-json\/wp\/v2\/media?parent=34051"}],"wp:term":[{"taxonomy":"product_brand","embeddable":true,"href":"https:\/\/ponteseditores.com.br\/loja3\/wp-json\/wp\/v2\/product_brand?post=34051"},{"taxonomy":"product_cat","embeddable":true,"href":"https:\/\/ponteseditores.com.br\/loja3\/wp-json\/wp\/v2\/product_cat?post=34051"},{"taxonomy":"product_tag","embeddable":true,"href":"https:\/\/ponteseditores.com.br\/loja3\/wp-json\/wp\/v2\/product_tag?post=34051"}],"curies":[{"name":"wp","href":"https:\/\/api.w.org\/{rel}","templated":true}]}}