{"id":33929,"date":"2025-11-25T08:49:53","date_gmt":"2025-11-25T11:49:53","guid":{"rendered":"https:\/\/ponteseditores.com.br\/loja3\/?post_type=product&#038;p=33929"},"modified":"2025-11-25T08:49:53","modified_gmt":"2025-11-25T11:49:53","slug":"argumentacion-discurso-juridico-y-etica","status":"publish","type":"product","link":"https:\/\/ponteseditores.com.br\/loja3\/pontes-editores-home-2__trashed\/ebook\/lancamento-e-book\/argumentacion-discurso-juridico-y-etica\/","title":{"rendered":"Argumentaci\u00f3n, Discurso Jur\u00eddico y \u00c9tica"},"content":{"rendered":"<p>Este libro re\u00fane estudios que abordan problemas centrales de la argumentaci\u00f3n jur\u00eddica, la racionalidad pr\u00e1ctica, la \u00e9tica y el discurso jur\u00eddico contempor\u00e1neo. A lo largo de la obra se articulan las dimensiones racionales, institucionales, discursivas y sociales del razonamiento jur\u00eddico, ofreciendo una mirada plural y rigurosa. En el pr\u00f3logo, Giovanni Battista Ratti analiza la supuesta especificidad del razonamiento jur\u00eddico frente al cient\u00edfico y al moral, destacando inferencias, argumentos y pr\u00e1cticas institucionales que configuran el derecho.<\/p>\n<p>La primera parte, Argumentaci\u00f3n, racionalidad y emociones, examina la relaci\u00f3n entre argumentaci\u00f3n jur\u00eddica, racionalidad y emociones. Se revisan distinciones fundamentales para analizar la analog\u00eda, los precedentes y la ponderaci\u00f3n, as\u00ed como la influencia de las emociones en la toma de decisiones judiciales y las tensiones entre<br \/>\nemotivismo y racionalidad moral.<\/p>\n<p>La segunda parte, Argumentaci\u00f3n y Derecho, se centra en discusiones jur\u00eddicas y meta\u00e9ticas. Los cap\u00edtulos exploran el realismo moral, la argumentaci\u00f3n legislativa y la pragmadial\u00e9ctica, la vaguedad y ambig\u00fcedad en la interpretaci\u00f3n jur\u00eddica, y las lagunas normativas en el derecho penal, as\u00ed como su resoluci\u00f3n mediante analog\u00eda e interpretaci\u00f3n.<\/p>\n<p>La tercera parte, La argumentaci\u00f3n en la pr\u00e1ctica jur\u00eddica, analiza estudios aplicados sobre decisiones judiciales concretas. Se aborda el car\u00e1cter constructivo del precedente judicial, la relaci\u00f3n entre derecho y coacci\u00f3n, la finalidad del castigo y el impacto de los estereotipos de g\u00e9nero en la argumentaci\u00f3n, la prueba y la interpretaci\u00f3n jur\u00eddica.<\/p>\n<p>Finalmente, Argumentaci\u00f3n y Pol\u00edtica examina la vinculaci\u00f3n entre argumentaci\u00f3n jur\u00eddica, desigualdades estructurales y debates pol\u00edticos, incluyendo la legitimidad de las sentencias como resultado tanto de la correcci\u00f3n argumentativa como de la conducta institucional de los jueces. La obra ofrece un panorama actualizado sobre c\u00f3mo razones, emociones y normas configuran el derecho contempor\u00e1neo.<\/p>\n","protected":false},"excerpt":{"rendered":"<p>Este libro re\u00fane estudios que abordan problemas centrales de la argumentaci\u00f3n jur\u00eddica, la racionalidad pr\u00e1ctica, la \u00e9tica y el discurso jur\u00eddico contempor\u00e1neo. A lo largo de la obra se articulan las dimensiones racionales, institucionales, discursivas y sociales del razonamiento jur\u00eddico, ofreciendo una mirada plural y rigurosa. En el pr\u00f3logo, Giovanni Battista Ratti analiza la supuesta [&hellip;]<\/p>\n","protected":false},"featured_media":33931,"comment_status":"open","ping_status":"closed","template":"","meta":{"_joinchat":[]},"product_brand":[],"product_cat":[301,165,386],"product_tag":[],"class_list":{"0":"post-33929","1":"product","2":"type-product","3":"status-publish","4":"has-post-thumbnail","6":"product_cat-analise-de-discurso","7":"product_cat-ebook","8":"product_cat-lancamento-e-book","10":"first","11":"instock","12":"downloadable","13":"virtual","14":"purchasable","15":"product-type-simple"},"yoast_head":"<!-- This site is optimized with the Yoast SEO plugin v27.4 - https:\/\/yoast.com\/product\/yoast-seo-wordpress\/ -->\n<title>Argumentaci\u00f3n, Discurso Jur\u00eddico y \u00c9tica - Pontes Editores<\/title>\n<meta name=\"robots\" content=\"index, follow, max-snippet:-1, max-image-preview:large, max-video-preview:-1\" \/>\n<link rel=\"canonical\" href=\"https:\/\/ponteseditores.com.br\/loja3\/pontes-editores-home-2__trashed\/ebook\/lancamento-e-book\/argumentacion-discurso-juridico-y-etica\/\" \/>\n<meta property=\"og:locale\" content=\"pt_BR\" \/>\n<meta property=\"og:type\" content=\"article\" \/>\n<meta property=\"og:title\" content=\"Argumentaci\u00f3n, Discurso Jur\u00eddico y \u00c9tica - Pontes Editores\" \/>\n<meta property=\"og:description\" content=\"Este libro re\u00fane estudios que abordan problemas centrales de la argumentaci\u00f3n jur\u00eddica, la racionalidad pr\u00e1ctica, la \u00e9tica y el discurso jur\u00eddico contempor\u00e1neo. A lo largo de la obra se articulan las dimensiones racionales, institucionales, discursivas y sociales del razonamiento jur\u00eddico, ofreciendo una mirada plural y rigurosa. En el pr\u00f3logo, Giovanni Battista Ratti analiza la supuesta [&hellip;]\" \/>\n<meta property=\"og:url\" content=\"https:\/\/ponteseditores.com.br\/loja3\/pontes-editores-home-2__trashed\/ebook\/lancamento-e-book\/argumentacion-discurso-juridico-y-etica\/\" \/>\n<meta property=\"og:site_name\" content=\"Pontes Editores\" \/>\n<meta property=\"og:image\" content=\"https:\/\/ponteseditores.com.br\/loja3\/wp-content\/uploads\/2025\/11\/Capa_Argumentacion.jpg\" \/>\n\t<meta property=\"og:image:width\" content=\"800\" \/>\n\t<meta property=\"og:image:height\" content=\"1159\" \/>\n\t<meta property=\"og:image:type\" content=\"image\/jpeg\" \/>\n<meta name=\"twitter:card\" content=\"summary_large_image\" \/>\n<meta name=\"twitter:label1\" content=\"Est. tempo de leitura\" \/>\n\t<meta name=\"twitter:data1\" content=\"2 minutos\" \/>\n<script type=\"application\/ld+json\" class=\"yoast-schema-graph\">{\"@context\":\"https:\\\/\\\/schema.org\",\"@graph\":[{\"@type\":\"WebPage\",\"@id\":\"https:\\\/\\\/ponteseditores.com.br\\\/loja3\\\/pontes-editores-home-2__trashed\\\/ebook\\\/lancamento-e-book\\\/argumentacion-discurso-juridico-y-etica\\\/\",\"url\":\"https:\\\/\\\/ponteseditores.com.br\\\/loja3\\\/pontes-editores-home-2__trashed\\\/ebook\\\/lancamento-e-book\\\/argumentacion-discurso-juridico-y-etica\\\/\",\"name\":\"Argumentaci\u00f3n, Discurso Jur\u00eddico y \u00c9tica - Pontes Editores\",\"isPartOf\":{\"@id\":\"https:\\\/\\\/ponteseditores.com.br\\\/loja3\\\/#website\"},\"primaryImageOfPage\":{\"@id\":\"https:\\\/\\\/ponteseditores.com.br\\\/loja3\\\/pontes-editores-home-2__trashed\\\/ebook\\\/lancamento-e-book\\\/argumentacion-discurso-juridico-y-etica\\\/#primaryimage\"},\"image\":{\"@id\":\"https:\\\/\\\/ponteseditores.com.br\\\/loja3\\\/pontes-editores-home-2__trashed\\\/ebook\\\/lancamento-e-book\\\/argumentacion-discurso-juridico-y-etica\\\/#primaryimage\"},\"thumbnailUrl\":\"https:\\\/\\\/ponteseditores.com.br\\\/loja3\\\/wp-content\\\/uploads\\\/2025\\\/11\\\/Capa_Argumentacion.jpg\",\"datePublished\":\"2025-11-25T11:49:53+00:00\",\"breadcrumb\":{\"@id\":\"https:\\\/\\\/ponteseditores.com.br\\\/loja3\\\/pontes-editores-home-2__trashed\\\/ebook\\\/lancamento-e-book\\\/argumentacion-discurso-juridico-y-etica\\\/#breadcrumb\"},\"inLanguage\":\"pt-BR\",\"potentialAction\":[{\"@type\":\"ReadAction\",\"target\":[\"https:\\\/\\\/ponteseditores.com.br\\\/loja3\\\/pontes-editores-home-2__trashed\\\/ebook\\\/lancamento-e-book\\\/argumentacion-discurso-juridico-y-etica\\\/\"]}]},{\"@type\":\"ImageObject\",\"inLanguage\":\"pt-BR\",\"@id\":\"https:\\\/\\\/ponteseditores.com.br\\\/loja3\\\/pontes-editores-home-2__trashed\\\/ebook\\\/lancamento-e-book\\\/argumentacion-discurso-juridico-y-etica\\\/#primaryimage\",\"url\":\"https:\\\/\\\/ponteseditores.com.br\\\/loja3\\\/wp-content\\\/uploads\\\/2025\\\/11\\\/Capa_Argumentacion.jpg\",\"contentUrl\":\"https:\\\/\\\/ponteseditores.com.br\\\/loja3\\\/wp-content\\\/uploads\\\/2025\\\/11\\\/Capa_Argumentacion.jpg\",\"width\":800,\"height\":1159},{\"@type\":\"BreadcrumbList\",\"@id\":\"https:\\\/\\\/ponteseditores.com.br\\\/loja3\\\/pontes-editores-home-2__trashed\\\/ebook\\\/lancamento-e-book\\\/argumentacion-discurso-juridico-y-etica\\\/#breadcrumb\",\"itemListElement\":[{\"@type\":\"ListItem\",\"position\":1,\"name\":\"Home\",\"item\":\"https:\\\/\\\/ponteseditores.com.br\\\/loja3\\\/\"},{\"@type\":\"ListItem\",\"position\":2,\"name\":\"loja\",\"item\":\"https:\\\/\\\/ponteseditores.com.br\\\/loja3\\\/loja\\\/\"},{\"@type\":\"ListItem\",\"position\":3,\"name\":\"Argumentaci\u00f3n, Discurso Jur\u00eddico y \u00c9tica\"}]},{\"@type\":\"WebSite\",\"@id\":\"https:\\\/\\\/ponteseditores.com.br\\\/loja3\\\/#website\",\"url\":\"https:\\\/\\\/ponteseditores.com.br\\\/loja3\\\/\",\"name\":\"Pontes Editores\",\"description\":\"Pontes Editores\",\"publisher\":{\"@id\":\"https:\\\/\\\/ponteseditores.com.br\\\/loja3\\\/#organization\"},\"potentialAction\":[{\"@type\":\"SearchAction\",\"target\":{\"@type\":\"EntryPoint\",\"urlTemplate\":\"https:\\\/\\\/ponteseditores.com.br\\\/loja3\\\/?s={search_term_string}\"},\"query-input\":{\"@type\":\"PropertyValueSpecification\",\"valueRequired\":true,\"valueName\":\"search_term_string\"}}],\"inLanguage\":\"pt-BR\"},{\"@type\":\"Organization\",\"@id\":\"https:\\\/\\\/ponteseditores.com.br\\\/loja3\\\/#organization\",\"name\":\"Pontes Editores\",\"url\":\"https:\\\/\\\/ponteseditores.com.br\\\/loja3\\\/\",\"logo\":{\"@type\":\"ImageObject\",\"inLanguage\":\"pt-BR\",\"@id\":\"https:\\\/\\\/ponteseditores.com.br\\\/loja3\\\/#\\\/schema\\\/logo\\\/image\\\/\",\"url\":\"https:\\\/\\\/ponteseditores.com.br\\\/loja3\\\/wp-content\\\/uploads\\\/2023\\\/12\\\/logo-pontes-editores-v2.png\",\"contentUrl\":\"https:\\\/\\\/ponteseditores.com.br\\\/loja3\\\/wp-content\\\/uploads\\\/2023\\\/12\\\/logo-pontes-editores-v2.png\",\"width\":258,\"height\":100,\"caption\":\"Pontes Editores\"},\"image\":{\"@id\":\"https:\\\/\\\/ponteseditores.com.br\\\/loja3\\\/#\\\/schema\\\/logo\\\/image\\\/\"}}]}<\/script>\n<!-- \/ Yoast SEO plugin. -->","yoast_head_json":{"title":"Argumentaci\u00f3n, Discurso Jur\u00eddico y \u00c9tica - Pontes Editores","robots":{"index":"index","follow":"follow","max-snippet":"max-snippet:-1","max-image-preview":"max-image-preview:large","max-video-preview":"max-video-preview:-1"},"canonical":"https:\/\/ponteseditores.com.br\/loja3\/pontes-editores-home-2__trashed\/ebook\/lancamento-e-book\/argumentacion-discurso-juridico-y-etica\/","og_locale":"pt_BR","og_type":"article","og_title":"Argumentaci\u00f3n, Discurso Jur\u00eddico y \u00c9tica - Pontes Editores","og_description":"Este libro re\u00fane estudios que abordan problemas centrales de la argumentaci\u00f3n jur\u00eddica, la racionalidad pr\u00e1ctica, la \u00e9tica y el discurso jur\u00eddico contempor\u00e1neo. A lo largo de la obra se articulan las dimensiones racionales, institucionales, discursivas y sociales del razonamiento jur\u00eddico, ofreciendo una mirada plural y rigurosa. En el pr\u00f3logo, Giovanni Battista Ratti analiza la supuesta [&hellip;]","og_url":"https:\/\/ponteseditores.com.br\/loja3\/pontes-editores-home-2__trashed\/ebook\/lancamento-e-book\/argumentacion-discurso-juridico-y-etica\/","og_site_name":"Pontes Editores","og_image":[{"width":800,"height":1159,"url":"https:\/\/ponteseditores.com.br\/loja3\/wp-content\/uploads\/2025\/11\/Capa_Argumentacion.jpg","type":"image\/jpeg"}],"twitter_card":"summary_large_image","twitter_misc":{"Est. tempo de leitura":"2 minutos"},"schema":{"@context":"https:\/\/schema.org","@graph":[{"@type":"WebPage","@id":"https:\/\/ponteseditores.com.br\/loja3\/pontes-editores-home-2__trashed\/ebook\/lancamento-e-book\/argumentacion-discurso-juridico-y-etica\/","url":"https:\/\/ponteseditores.com.br\/loja3\/pontes-editores-home-2__trashed\/ebook\/lancamento-e-book\/argumentacion-discurso-juridico-y-etica\/","name":"Argumentaci\u00f3n, Discurso Jur\u00eddico y \u00c9tica - Pontes Editores","isPartOf":{"@id":"https:\/\/ponteseditores.com.br\/loja3\/#website"},"primaryImageOfPage":{"@id":"https:\/\/ponteseditores.com.br\/loja3\/pontes-editores-home-2__trashed\/ebook\/lancamento-e-book\/argumentacion-discurso-juridico-y-etica\/#primaryimage"},"image":{"@id":"https:\/\/ponteseditores.com.br\/loja3\/pontes-editores-home-2__trashed\/ebook\/lancamento-e-book\/argumentacion-discurso-juridico-y-etica\/#primaryimage"},"thumbnailUrl":"https:\/\/ponteseditores.com.br\/loja3\/wp-content\/uploads\/2025\/11\/Capa_Argumentacion.jpg","datePublished":"2025-11-25T11:49:53+00:00","breadcrumb":{"@id":"https:\/\/ponteseditores.com.br\/loja3\/pontes-editores-home-2__trashed\/ebook\/lancamento-e-book\/argumentacion-discurso-juridico-y-etica\/#breadcrumb"},"inLanguage":"pt-BR","potentialAction":[{"@type":"ReadAction","target":["https:\/\/ponteseditores.com.br\/loja3\/pontes-editores-home-2__trashed\/ebook\/lancamento-e-book\/argumentacion-discurso-juridico-y-etica\/"]}]},{"@type":"ImageObject","inLanguage":"pt-BR","@id":"https:\/\/ponteseditores.com.br\/loja3\/pontes-editores-home-2__trashed\/ebook\/lancamento-e-book\/argumentacion-discurso-juridico-y-etica\/#primaryimage","url":"https:\/\/ponteseditores.com.br\/loja3\/wp-content\/uploads\/2025\/11\/Capa_Argumentacion.jpg","contentUrl":"https:\/\/ponteseditores.com.br\/loja3\/wp-content\/uploads\/2025\/11\/Capa_Argumentacion.jpg","width":800,"height":1159},{"@type":"BreadcrumbList","@id":"https:\/\/ponteseditores.com.br\/loja3\/pontes-editores-home-2__trashed\/ebook\/lancamento-e-book\/argumentacion-discurso-juridico-y-etica\/#breadcrumb","itemListElement":[{"@type":"ListItem","position":1,"name":"Home","item":"https:\/\/ponteseditores.com.br\/loja3\/"},{"@type":"ListItem","position":2,"name":"loja","item":"https:\/\/ponteseditores.com.br\/loja3\/loja\/"},{"@type":"ListItem","position":3,"name":"Argumentaci\u00f3n, Discurso Jur\u00eddico y \u00c9tica"}]},{"@type":"WebSite","@id":"https:\/\/ponteseditores.com.br\/loja3\/#website","url":"https:\/\/ponteseditores.com.br\/loja3\/","name":"Pontes Editores","description":"Pontes Editores","publisher":{"@id":"https:\/\/ponteseditores.com.br\/loja3\/#organization"},"potentialAction":[{"@type":"SearchAction","target":{"@type":"EntryPoint","urlTemplate":"https:\/\/ponteseditores.com.br\/loja3\/?s={search_term_string}"},"query-input":{"@type":"PropertyValueSpecification","valueRequired":true,"valueName":"search_term_string"}}],"inLanguage":"pt-BR"},{"@type":"Organization","@id":"https:\/\/ponteseditores.com.br\/loja3\/#organization","name":"Pontes Editores","url":"https:\/\/ponteseditores.com.br\/loja3\/","logo":{"@type":"ImageObject","inLanguage":"pt-BR","@id":"https:\/\/ponteseditores.com.br\/loja3\/#\/schema\/logo\/image\/","url":"https:\/\/ponteseditores.com.br\/loja3\/wp-content\/uploads\/2023\/12\/logo-pontes-editores-v2.png","contentUrl":"https:\/\/ponteseditores.com.br\/loja3\/wp-content\/uploads\/2023\/12\/logo-pontes-editores-v2.png","width":258,"height":100,"caption":"Pontes Editores"},"image":{"@id":"https:\/\/ponteseditores.com.br\/loja3\/#\/schema\/logo\/image\/"}}]}},"_links":{"self":[{"href":"https:\/\/ponteseditores.com.br\/loja3\/wp-json\/wp\/v2\/product\/33929","targetHints":{"allow":["GET"]}}],"collection":[{"href":"https:\/\/ponteseditores.com.br\/loja3\/wp-json\/wp\/v2\/product"}],"about":[{"href":"https:\/\/ponteseditores.com.br\/loja3\/wp-json\/wp\/v2\/types\/product"}],"replies":[{"embeddable":true,"href":"https:\/\/ponteseditores.com.br\/loja3\/wp-json\/wp\/v2\/comments?post=33929"}],"version-history":[{"count":1,"href":"https:\/\/ponteseditores.com.br\/loja3\/wp-json\/wp\/v2\/product\/33929\/revisions"}],"predecessor-version":[{"id":33932,"href":"https:\/\/ponteseditores.com.br\/loja3\/wp-json\/wp\/v2\/product\/33929\/revisions\/33932"}],"wp:featuredmedia":[{"embeddable":true,"href":"https:\/\/ponteseditores.com.br\/loja3\/wp-json\/wp\/v2\/media\/33931"}],"wp:attachment":[{"href":"https:\/\/ponteseditores.com.br\/loja3\/wp-json\/wp\/v2\/media?parent=33929"}],"wp:term":[{"taxonomy":"product_brand","embeddable":true,"href":"https:\/\/ponteseditores.com.br\/loja3\/wp-json\/wp\/v2\/product_brand?post=33929"},{"taxonomy":"product_cat","embeddable":true,"href":"https:\/\/ponteseditores.com.br\/loja3\/wp-json\/wp\/v2\/product_cat?post=33929"},{"taxonomy":"product_tag","embeddable":true,"href":"https:\/\/ponteseditores.com.br\/loja3\/wp-json\/wp\/v2\/product_tag?post=33929"}],"curies":[{"name":"wp","href":"https:\/\/api.w.org\/{rel}","templated":true}]}}