{"id":33569,"date":"2025-11-13T15:44:20","date_gmt":"2025-11-13T18:44:20","guid":{"rendered":"https:\/\/ponteseditores.com.br\/loja3\/?post_type=product&#038;p=33569"},"modified":"2025-11-13T15:44:20","modified_gmt":"2025-11-13T18:44:20","slug":"ausencia-paterna-ensaiando-dialogos-feministas-e-novas-perspectivas-de-cuidado-em-saude-colecao-ciencia-humanas-saude","status":"publish","type":"product","link":"https:\/\/ponteseditores.com.br\/loja3\/pontes-editores-home-2__trashed\/lancamento\/ausencia-paterna-ensaiando-dialogos-feministas-e-novas-perspectivas-de-cuidado-em-saude-colecao-ciencia-humanas-saude\/","title":{"rendered":"Aus\u00eancia paterna: ensaiando di\u00e1logos feministas e novas perspectivas de cuidado em sa\u00fade &#8211; Cole\u00e7\u00e3o Ci\u00eancia Humanas &#038; Sa\u00fade"},"content":{"rendered":"<p>Entre palavras viscerais, este livro \u00e9 um manifesto, na ci\u00eancia e na vida, que percorre o corpo inscrito, escrito e falado. Neste livro, o corpo-texto-ato \u00e9 pesquisa, gesto de cuidado e den\u00fancia: a aus\u00eancia paterna \u00e9 uma presen\u00e7a. A identidade de filha, em di\u00e1logo com a sa\u00fade, o pensamento feminista brasileiro e as teorias decoloniais e de g\u00eanero, convoca leitoras e leitores a pensarem as formas como o reconhecimento legal, as rela\u00e7\u00f5es familiares e as pol\u00edticas p\u00fablicas de sa\u00fade constroem e perpetuam modos de cuidar e de existir a partir das aus\u00eancias paternas.<\/p>\n<p>Por meio de uma escrita autoetnogr\u00e1fica, ensa\u00edstica e perform\u00e1tica, Helo\u00edsa e Nelson entrela\u00e7am Ci\u00eancia e poesia em busca de uma \u00e9tica do cuidado emancipador e uma pr\u00e1tica de resist\u00eancia e sa\u00fade como espa\u00e7o vivo de cria\u00e7\u00e3o.<\/p>\n<p>Os di\u00e1logos de Aus\u00eancia Paterna anunciam o que permanece: a possibilidade de cuidar, transformar e existir de outros modos.<\/p>\n","protected":false},"excerpt":{"rendered":"<p>Entre palavras viscerais, este livro \u00e9 um manifesto, na ci\u00eancia e na vida, que percorre o corpo inscrito, escrito e falado. Neste livro, o corpo-texto-ato \u00e9 pesquisa, gesto de cuidado e den\u00fancia: a aus\u00eancia paterna \u00e9 uma presen\u00e7a. A identidade de filha, em di\u00e1logo com a sa\u00fade, o pensamento feminista brasileiro e as teorias decoloniais [&hellip;]<\/p>\n","protected":false},"featured_media":33571,"comment_status":"open","ping_status":"closed","template":"","meta":{"_joinchat":[]},"product_brand":[],"product_cat":[324,167,458],"product_tag":[],"class_list":{"0":"post-33569","1":"product","2":"type-product","3":"status-publish","4":"has-post-thumbnail","6":"product_cat-acao-social","7":"product_cat-lancamento","8":"product_cat-saude-publica","10":"first","11":"instock","12":"shipping-taxable","13":"purchasable","14":"product-type-simple"},"yoast_head":"<!-- This site is optimized with the Yoast SEO plugin v27.4 - https:\/\/yoast.com\/product\/yoast-seo-wordpress\/ -->\n<title>Aus\u00eancia paterna: ensaiando di\u00e1logos feministas e novas perspectivas de cuidado em sa\u00fade - Cole\u00e7\u00e3o Ci\u00eancia Humanas &amp; Sa\u00fade - Pontes Editores<\/title>\n<meta name=\"robots\" content=\"index, follow, max-snippet:-1, max-image-preview:large, max-video-preview:-1\" \/>\n<link rel=\"canonical\" href=\"https:\/\/ponteseditores.com.br\/loja3\/pontes-editores-home-2__trashed\/lancamento\/ausencia-paterna-ensaiando-dialogos-feministas-e-novas-perspectivas-de-cuidado-em-saude-colecao-ciencia-humanas-saude\/\" \/>\n<meta property=\"og:locale\" content=\"pt_BR\" \/>\n<meta property=\"og:type\" content=\"article\" \/>\n<meta property=\"og:title\" content=\"Aus\u00eancia paterna: ensaiando di\u00e1logos feministas e novas perspectivas de cuidado em sa\u00fade - Cole\u00e7\u00e3o Ci\u00eancia Humanas &amp; Sa\u00fade - Pontes Editores\" \/>\n<meta property=\"og:description\" content=\"Entre palavras viscerais, este livro \u00e9 um manifesto, na ci\u00eancia e na vida, que percorre o corpo inscrito, escrito e falado. Neste livro, o corpo-texto-ato \u00e9 pesquisa, gesto de cuidado e den\u00fancia: a aus\u00eancia paterna \u00e9 uma presen\u00e7a. A identidade de filha, em di\u00e1logo com a sa\u00fade, o pensamento feminista brasileiro e as teorias decoloniais [&hellip;]\" \/>\n<meta property=\"og:url\" content=\"https:\/\/ponteseditores.com.br\/loja3\/pontes-editores-home-2__trashed\/lancamento\/ausencia-paterna-ensaiando-dialogos-feministas-e-novas-perspectivas-de-cuidado-em-saude-colecao-ciencia-humanas-saude\/\" \/>\n<meta property=\"og:site_name\" content=\"Pontes Editores\" \/>\n<meta property=\"og:image\" content=\"https:\/\/ponteseditores.com.br\/loja3\/wp-content\/uploads\/2025\/11\/Capa_Ausencia-paterna.jpg\" \/>\n\t<meta property=\"og:image:width\" content=\"800\" \/>\n\t<meta property=\"og:image:height\" content=\"1159\" \/>\n\t<meta property=\"og:image:type\" content=\"image\/jpeg\" \/>\n<meta name=\"twitter:card\" content=\"summary_large_image\" \/>\n<meta name=\"twitter:label1\" content=\"Est. tempo de leitura\" \/>\n\t<meta name=\"twitter:data1\" content=\"1 minuto\" \/>\n<script type=\"application\/ld+json\" class=\"yoast-schema-graph\">{\"@context\":\"https:\\\/\\\/schema.org\",\"@graph\":[{\"@type\":\"WebPage\",\"@id\":\"https:\\\/\\\/ponteseditores.com.br\\\/loja3\\\/pontes-editores-home-2__trashed\\\/lancamento\\\/ausencia-paterna-ensaiando-dialogos-feministas-e-novas-perspectivas-de-cuidado-em-saude-colecao-ciencia-humanas-saude\\\/\",\"url\":\"https:\\\/\\\/ponteseditores.com.br\\\/loja3\\\/pontes-editores-home-2__trashed\\\/lancamento\\\/ausencia-paterna-ensaiando-dialogos-feministas-e-novas-perspectivas-de-cuidado-em-saude-colecao-ciencia-humanas-saude\\\/\",\"name\":\"Aus\u00eancia paterna: ensaiando di\u00e1logos feministas e novas perspectivas de cuidado em sa\u00fade - Cole\u00e7\u00e3o Ci\u00eancia Humanas & Sa\u00fade - Pontes Editores\",\"isPartOf\":{\"@id\":\"https:\\\/\\\/ponteseditores.com.br\\\/loja3\\\/#website\"},\"primaryImageOfPage\":{\"@id\":\"https:\\\/\\\/ponteseditores.com.br\\\/loja3\\\/pontes-editores-home-2__trashed\\\/lancamento\\\/ausencia-paterna-ensaiando-dialogos-feministas-e-novas-perspectivas-de-cuidado-em-saude-colecao-ciencia-humanas-saude\\\/#primaryimage\"},\"image\":{\"@id\":\"https:\\\/\\\/ponteseditores.com.br\\\/loja3\\\/pontes-editores-home-2__trashed\\\/lancamento\\\/ausencia-paterna-ensaiando-dialogos-feministas-e-novas-perspectivas-de-cuidado-em-saude-colecao-ciencia-humanas-saude\\\/#primaryimage\"},\"thumbnailUrl\":\"https:\\\/\\\/ponteseditores.com.br\\\/loja3\\\/wp-content\\\/uploads\\\/2025\\\/11\\\/Capa_Ausencia-paterna.jpg\",\"datePublished\":\"2025-11-13T18:44:20+00:00\",\"breadcrumb\":{\"@id\":\"https:\\\/\\\/ponteseditores.com.br\\\/loja3\\\/pontes-editores-home-2__trashed\\\/lancamento\\\/ausencia-paterna-ensaiando-dialogos-feministas-e-novas-perspectivas-de-cuidado-em-saude-colecao-ciencia-humanas-saude\\\/#breadcrumb\"},\"inLanguage\":\"pt-BR\",\"potentialAction\":[{\"@type\":\"ReadAction\",\"target\":[\"https:\\\/\\\/ponteseditores.com.br\\\/loja3\\\/pontes-editores-home-2__trashed\\\/lancamento\\\/ausencia-paterna-ensaiando-dialogos-feministas-e-novas-perspectivas-de-cuidado-em-saude-colecao-ciencia-humanas-saude\\\/\"]}]},{\"@type\":\"ImageObject\",\"inLanguage\":\"pt-BR\",\"@id\":\"https:\\\/\\\/ponteseditores.com.br\\\/loja3\\\/pontes-editores-home-2__trashed\\\/lancamento\\\/ausencia-paterna-ensaiando-dialogos-feministas-e-novas-perspectivas-de-cuidado-em-saude-colecao-ciencia-humanas-saude\\\/#primaryimage\",\"url\":\"https:\\\/\\\/ponteseditores.com.br\\\/loja3\\\/wp-content\\\/uploads\\\/2025\\\/11\\\/Capa_Ausencia-paterna.jpg\",\"contentUrl\":\"https:\\\/\\\/ponteseditores.com.br\\\/loja3\\\/wp-content\\\/uploads\\\/2025\\\/11\\\/Capa_Ausencia-paterna.jpg\",\"width\":800,\"height\":1159},{\"@type\":\"BreadcrumbList\",\"@id\":\"https:\\\/\\\/ponteseditores.com.br\\\/loja3\\\/pontes-editores-home-2__trashed\\\/lancamento\\\/ausencia-paterna-ensaiando-dialogos-feministas-e-novas-perspectivas-de-cuidado-em-saude-colecao-ciencia-humanas-saude\\\/#breadcrumb\",\"itemListElement\":[{\"@type\":\"ListItem\",\"position\":1,\"name\":\"Home\",\"item\":\"https:\\\/\\\/ponteseditores.com.br\\\/loja3\\\/\"},{\"@type\":\"ListItem\",\"position\":2,\"name\":\"loja\",\"item\":\"https:\\\/\\\/ponteseditores.com.br\\\/loja3\\\/loja\\\/\"},{\"@type\":\"ListItem\",\"position\":3,\"name\":\"Aus\u00eancia paterna: ensaiando di\u00e1logos feministas e novas perspectivas de cuidado em sa\u00fade &#8211; Cole\u00e7\u00e3o Ci\u00eancia Humanas &#038; Sa\u00fade\"}]},{\"@type\":\"WebSite\",\"@id\":\"https:\\\/\\\/ponteseditores.com.br\\\/loja3\\\/#website\",\"url\":\"https:\\\/\\\/ponteseditores.com.br\\\/loja3\\\/\",\"name\":\"Pontes Editores\",\"description\":\"Pontes Editores\",\"publisher\":{\"@id\":\"https:\\\/\\\/ponteseditores.com.br\\\/loja3\\\/#organization\"},\"potentialAction\":[{\"@type\":\"SearchAction\",\"target\":{\"@type\":\"EntryPoint\",\"urlTemplate\":\"https:\\\/\\\/ponteseditores.com.br\\\/loja3\\\/?s={search_term_string}\"},\"query-input\":{\"@type\":\"PropertyValueSpecification\",\"valueRequired\":true,\"valueName\":\"search_term_string\"}}],\"inLanguage\":\"pt-BR\"},{\"@type\":\"Organization\",\"@id\":\"https:\\\/\\\/ponteseditores.com.br\\\/loja3\\\/#organization\",\"name\":\"Pontes Editores\",\"url\":\"https:\\\/\\\/ponteseditores.com.br\\\/loja3\\\/\",\"logo\":{\"@type\":\"ImageObject\",\"inLanguage\":\"pt-BR\",\"@id\":\"https:\\\/\\\/ponteseditores.com.br\\\/loja3\\\/#\\\/schema\\\/logo\\\/image\\\/\",\"url\":\"https:\\\/\\\/ponteseditores.com.br\\\/loja3\\\/wp-content\\\/uploads\\\/2023\\\/12\\\/logo-pontes-editores-v2.png\",\"contentUrl\":\"https:\\\/\\\/ponteseditores.com.br\\\/loja3\\\/wp-content\\\/uploads\\\/2023\\\/12\\\/logo-pontes-editores-v2.png\",\"width\":258,\"height\":100,\"caption\":\"Pontes Editores\"},\"image\":{\"@id\":\"https:\\\/\\\/ponteseditores.com.br\\\/loja3\\\/#\\\/schema\\\/logo\\\/image\\\/\"}}]}<\/script>\n<!-- \/ Yoast SEO plugin. -->","yoast_head_json":{"title":"Aus\u00eancia paterna: ensaiando di\u00e1logos feministas e novas perspectivas de cuidado em sa\u00fade - Cole\u00e7\u00e3o Ci\u00eancia Humanas & Sa\u00fade - Pontes Editores","robots":{"index":"index","follow":"follow","max-snippet":"max-snippet:-1","max-image-preview":"max-image-preview:large","max-video-preview":"max-video-preview:-1"},"canonical":"https:\/\/ponteseditores.com.br\/loja3\/pontes-editores-home-2__trashed\/lancamento\/ausencia-paterna-ensaiando-dialogos-feministas-e-novas-perspectivas-de-cuidado-em-saude-colecao-ciencia-humanas-saude\/","og_locale":"pt_BR","og_type":"article","og_title":"Aus\u00eancia paterna: ensaiando di\u00e1logos feministas e novas perspectivas de cuidado em sa\u00fade - Cole\u00e7\u00e3o Ci\u00eancia Humanas & Sa\u00fade - Pontes Editores","og_description":"Entre palavras viscerais, este livro \u00e9 um manifesto, na ci\u00eancia e na vida, que percorre o corpo inscrito, escrito e falado. Neste livro, o corpo-texto-ato \u00e9 pesquisa, gesto de cuidado e den\u00fancia: a aus\u00eancia paterna \u00e9 uma presen\u00e7a. A identidade de filha, em di\u00e1logo com a sa\u00fade, o pensamento feminista brasileiro e as teorias decoloniais [&hellip;]","og_url":"https:\/\/ponteseditores.com.br\/loja3\/pontes-editores-home-2__trashed\/lancamento\/ausencia-paterna-ensaiando-dialogos-feministas-e-novas-perspectivas-de-cuidado-em-saude-colecao-ciencia-humanas-saude\/","og_site_name":"Pontes Editores","og_image":[{"width":800,"height":1159,"url":"https:\/\/ponteseditores.com.br\/loja3\/wp-content\/uploads\/2025\/11\/Capa_Ausencia-paterna.jpg","type":"image\/jpeg"}],"twitter_card":"summary_large_image","twitter_misc":{"Est. tempo de leitura":"1 minuto"},"schema":{"@context":"https:\/\/schema.org","@graph":[{"@type":"WebPage","@id":"https:\/\/ponteseditores.com.br\/loja3\/pontes-editores-home-2__trashed\/lancamento\/ausencia-paterna-ensaiando-dialogos-feministas-e-novas-perspectivas-de-cuidado-em-saude-colecao-ciencia-humanas-saude\/","url":"https:\/\/ponteseditores.com.br\/loja3\/pontes-editores-home-2__trashed\/lancamento\/ausencia-paterna-ensaiando-dialogos-feministas-e-novas-perspectivas-de-cuidado-em-saude-colecao-ciencia-humanas-saude\/","name":"Aus\u00eancia paterna: ensaiando di\u00e1logos feministas e novas perspectivas de cuidado em sa\u00fade - Cole\u00e7\u00e3o Ci\u00eancia Humanas & Sa\u00fade - Pontes Editores","isPartOf":{"@id":"https:\/\/ponteseditores.com.br\/loja3\/#website"},"primaryImageOfPage":{"@id":"https:\/\/ponteseditores.com.br\/loja3\/pontes-editores-home-2__trashed\/lancamento\/ausencia-paterna-ensaiando-dialogos-feministas-e-novas-perspectivas-de-cuidado-em-saude-colecao-ciencia-humanas-saude\/#primaryimage"},"image":{"@id":"https:\/\/ponteseditores.com.br\/loja3\/pontes-editores-home-2__trashed\/lancamento\/ausencia-paterna-ensaiando-dialogos-feministas-e-novas-perspectivas-de-cuidado-em-saude-colecao-ciencia-humanas-saude\/#primaryimage"},"thumbnailUrl":"https:\/\/ponteseditores.com.br\/loja3\/wp-content\/uploads\/2025\/11\/Capa_Ausencia-paterna.jpg","datePublished":"2025-11-13T18:44:20+00:00","breadcrumb":{"@id":"https:\/\/ponteseditores.com.br\/loja3\/pontes-editores-home-2__trashed\/lancamento\/ausencia-paterna-ensaiando-dialogos-feministas-e-novas-perspectivas-de-cuidado-em-saude-colecao-ciencia-humanas-saude\/#breadcrumb"},"inLanguage":"pt-BR","potentialAction":[{"@type":"ReadAction","target":["https:\/\/ponteseditores.com.br\/loja3\/pontes-editores-home-2__trashed\/lancamento\/ausencia-paterna-ensaiando-dialogos-feministas-e-novas-perspectivas-de-cuidado-em-saude-colecao-ciencia-humanas-saude\/"]}]},{"@type":"ImageObject","inLanguage":"pt-BR","@id":"https:\/\/ponteseditores.com.br\/loja3\/pontes-editores-home-2__trashed\/lancamento\/ausencia-paterna-ensaiando-dialogos-feministas-e-novas-perspectivas-de-cuidado-em-saude-colecao-ciencia-humanas-saude\/#primaryimage","url":"https:\/\/ponteseditores.com.br\/loja3\/wp-content\/uploads\/2025\/11\/Capa_Ausencia-paterna.jpg","contentUrl":"https:\/\/ponteseditores.com.br\/loja3\/wp-content\/uploads\/2025\/11\/Capa_Ausencia-paterna.jpg","width":800,"height":1159},{"@type":"BreadcrumbList","@id":"https:\/\/ponteseditores.com.br\/loja3\/pontes-editores-home-2__trashed\/lancamento\/ausencia-paterna-ensaiando-dialogos-feministas-e-novas-perspectivas-de-cuidado-em-saude-colecao-ciencia-humanas-saude\/#breadcrumb","itemListElement":[{"@type":"ListItem","position":1,"name":"Home","item":"https:\/\/ponteseditores.com.br\/loja3\/"},{"@type":"ListItem","position":2,"name":"loja","item":"https:\/\/ponteseditores.com.br\/loja3\/loja\/"},{"@type":"ListItem","position":3,"name":"Aus\u00eancia paterna: ensaiando di\u00e1logos feministas e novas perspectivas de cuidado em sa\u00fade &#8211; Cole\u00e7\u00e3o Ci\u00eancia Humanas &#038; Sa\u00fade"}]},{"@type":"WebSite","@id":"https:\/\/ponteseditores.com.br\/loja3\/#website","url":"https:\/\/ponteseditores.com.br\/loja3\/","name":"Pontes Editores","description":"Pontes Editores","publisher":{"@id":"https:\/\/ponteseditores.com.br\/loja3\/#organization"},"potentialAction":[{"@type":"SearchAction","target":{"@type":"EntryPoint","urlTemplate":"https:\/\/ponteseditores.com.br\/loja3\/?s={search_term_string}"},"query-input":{"@type":"PropertyValueSpecification","valueRequired":true,"valueName":"search_term_string"}}],"inLanguage":"pt-BR"},{"@type":"Organization","@id":"https:\/\/ponteseditores.com.br\/loja3\/#organization","name":"Pontes Editores","url":"https:\/\/ponteseditores.com.br\/loja3\/","logo":{"@type":"ImageObject","inLanguage":"pt-BR","@id":"https:\/\/ponteseditores.com.br\/loja3\/#\/schema\/logo\/image\/","url":"https:\/\/ponteseditores.com.br\/loja3\/wp-content\/uploads\/2023\/12\/logo-pontes-editores-v2.png","contentUrl":"https:\/\/ponteseditores.com.br\/loja3\/wp-content\/uploads\/2023\/12\/logo-pontes-editores-v2.png","width":258,"height":100,"caption":"Pontes Editores"},"image":{"@id":"https:\/\/ponteseditores.com.br\/loja3\/#\/schema\/logo\/image\/"}}]}},"_links":{"self":[{"href":"https:\/\/ponteseditores.com.br\/loja3\/wp-json\/wp\/v2\/product\/33569","targetHints":{"allow":["GET"]}}],"collection":[{"href":"https:\/\/ponteseditores.com.br\/loja3\/wp-json\/wp\/v2\/product"}],"about":[{"href":"https:\/\/ponteseditores.com.br\/loja3\/wp-json\/wp\/v2\/types\/product"}],"replies":[{"embeddable":true,"href":"https:\/\/ponteseditores.com.br\/loja3\/wp-json\/wp\/v2\/comments?post=33569"}],"version-history":[{"count":1,"href":"https:\/\/ponteseditores.com.br\/loja3\/wp-json\/wp\/v2\/product\/33569\/revisions"}],"predecessor-version":[{"id":33572,"href":"https:\/\/ponteseditores.com.br\/loja3\/wp-json\/wp\/v2\/product\/33569\/revisions\/33572"}],"wp:featuredmedia":[{"embeddable":true,"href":"https:\/\/ponteseditores.com.br\/loja3\/wp-json\/wp\/v2\/media\/33571"}],"wp:attachment":[{"href":"https:\/\/ponteseditores.com.br\/loja3\/wp-json\/wp\/v2\/media?parent=33569"}],"wp:term":[{"taxonomy":"product_brand","embeddable":true,"href":"https:\/\/ponteseditores.com.br\/loja3\/wp-json\/wp\/v2\/product_brand?post=33569"},{"taxonomy":"product_cat","embeddable":true,"href":"https:\/\/ponteseditores.com.br\/loja3\/wp-json\/wp\/v2\/product_cat?post=33569"},{"taxonomy":"product_tag","embeddable":true,"href":"https:\/\/ponteseditores.com.br\/loja3\/wp-json\/wp\/v2\/product_tag?post=33569"}],"curies":[{"name":"wp","href":"https:\/\/api.w.org\/{rel}","templated":true}]}}