{"id":33260,"date":"2025-11-06T17:01:27","date_gmt":"2025-11-06T20:01:27","guid":{"rendered":"https:\/\/ponteseditores.com.br\/loja3\/?post_type=product&#038;p=33260"},"modified":"2025-11-06T17:01:28","modified_gmt":"2025-11-06T20:01:28","slug":"parana-empreende-mais-capacitacao-gerencial-e-desenvolvimento-regional","status":"publish","type":"product","link":"https:\/\/ponteseditores.com.br\/loja3\/pontes-editores-home-2__trashed\/ebook\/lancamento-e-book\/parana-empreende-mais-capacitacao-gerencial-e-desenvolvimento-regional\/","title":{"rendered":"Paran\u00e1 Empreende Mais: capacita\u00e7\u00e3o gerencial e desenvolvimento regional"},"content":{"rendered":"<p>Este livro, organizado pela Coordenadora do Projeto Paran\u00e1 Em\u00adpreende Mais (PEM) da UENP, compreende a consolida\u00e7\u00e3o do conte\u00fado dos seis cursos ofertados pela universidade, durante a execu\u00e7\u00e3o do projeto. Os professores do projeto elaboraram o conte\u00fado dos cursos de: Empreendedorismo e Desenvolvimento de Novas Ideias; Marketing e Presen\u00e7a Online; Inova\u00e7\u00e3o e Sustentabilidade; Gest\u00e3o de Pessoas; Gest\u00e3o Financeira; e Gest\u00e3o Estrat\u00e9gica, que foram aprimo\u00adrados ao longo da realiza\u00e7\u00e3o dos cursos, desde a primeira turma em 2024.<\/p>\n<p>A unifica\u00e7\u00e3o do conte\u00fado dos seis cursos em um livro possibilita o estudo aut\u00f4nomo e sequencial, contribuindo para a fixa\u00e7\u00e3o do co\u00adnhecimento e a articula\u00e7\u00e3o entre os cursos ofertados, prolongando a contribui\u00e7\u00e3o do projeto para o fortalecimento do empreendedorismo e, consequentemente, para o desenvolvimento regional.<\/p>\n","protected":false},"excerpt":{"rendered":"<p>Este livro, organizado pela Coordenadora do Projeto Paran\u00e1 Em\u00adpreende Mais (PEM) da UENP, compreende a consolida\u00e7\u00e3o do conte\u00fado dos seis cursos ofertados pela universidade, durante a execu\u00e7\u00e3o do projeto. Os professores do projeto elaboraram o conte\u00fado dos cursos de: Empreendedorismo e Desenvolvimento de Novas Ideias; Marketing e Presen\u00e7a Online; Inova\u00e7\u00e3o e Sustentabilidade; Gest\u00e3o de Pessoas; [&hellip;]<\/p>\n","protected":false},"featured_media":33262,"comment_status":"open","ping_status":"closed","template":"","meta":{"_joinchat":[]},"product_brand":[],"product_cat":[165,386],"product_tag":[],"class_list":{"0":"post-33260","1":"product","2":"type-product","3":"status-publish","4":"has-post-thumbnail","6":"product_cat-ebook","7":"product_cat-lancamento-e-book","9":"first","10":"instock","11":"downloadable","12":"virtual","13":"purchasable","14":"product-type-simple"},"yoast_head":"<!-- This site is optimized with the Yoast SEO plugin v27.4 - https:\/\/yoast.com\/product\/yoast-seo-wordpress\/ -->\n<title>Paran\u00e1 Empreende Mais: capacita\u00e7\u00e3o gerencial e desenvolvimento regional - Pontes Editores<\/title>\n<meta name=\"robots\" content=\"index, follow, max-snippet:-1, max-image-preview:large, max-video-preview:-1\" \/>\n<link rel=\"canonical\" href=\"https:\/\/ponteseditores.com.br\/loja3\/pontes-editores-home-2__trashed\/ebook\/lancamento-e-book\/parana-empreende-mais-capacitacao-gerencial-e-desenvolvimento-regional\/\" \/>\n<meta property=\"og:locale\" content=\"pt_BR\" \/>\n<meta property=\"og:type\" content=\"article\" \/>\n<meta property=\"og:title\" content=\"Paran\u00e1 Empreende Mais: capacita\u00e7\u00e3o gerencial e desenvolvimento regional - Pontes Editores\" \/>\n<meta property=\"og:description\" content=\"Este livro, organizado pela Coordenadora do Projeto Paran\u00e1 Em\u00adpreende Mais (PEM) da UENP, compreende a consolida\u00e7\u00e3o do conte\u00fado dos seis cursos ofertados pela universidade, durante a execu\u00e7\u00e3o do projeto. Os professores do projeto elaboraram o conte\u00fado dos cursos de: Empreendedorismo e Desenvolvimento de Novas Ideias; Marketing e Presen\u00e7a Online; Inova\u00e7\u00e3o e Sustentabilidade; Gest\u00e3o de Pessoas; [&hellip;]\" \/>\n<meta property=\"og:url\" content=\"https:\/\/ponteseditores.com.br\/loja3\/pontes-editores-home-2__trashed\/ebook\/lancamento-e-book\/parana-empreende-mais-capacitacao-gerencial-e-desenvolvimento-regional\/\" \/>\n<meta property=\"og:site_name\" content=\"Pontes Editores\" \/>\n<meta property=\"article:modified_time\" content=\"2025-11-06T20:01:28+00:00\" \/>\n<meta property=\"og:image\" content=\"https:\/\/ponteseditores.com.br\/loja3\/wp-content\/uploads\/2025\/11\/Capa_Parana-empreende-mais.jpg\" \/>\n\t<meta property=\"og:image:width\" content=\"800\" \/>\n\t<meta property=\"og:image:height\" content=\"1159\" \/>\n\t<meta property=\"og:image:type\" content=\"image\/jpeg\" \/>\n<meta name=\"twitter:card\" content=\"summary_large_image\" \/>\n<meta name=\"twitter:label1\" content=\"Est. tempo de leitura\" \/>\n\t<meta name=\"twitter:data1\" content=\"1 minuto\" \/>\n<script type=\"application\/ld+json\" class=\"yoast-schema-graph\">{\"@context\":\"https:\\\/\\\/schema.org\",\"@graph\":[{\"@type\":\"WebPage\",\"@id\":\"https:\\\/\\\/ponteseditores.com.br\\\/loja3\\\/pontes-editores-home-2__trashed\\\/ebook\\\/lancamento-e-book\\\/parana-empreende-mais-capacitacao-gerencial-e-desenvolvimento-regional\\\/\",\"url\":\"https:\\\/\\\/ponteseditores.com.br\\\/loja3\\\/pontes-editores-home-2__trashed\\\/ebook\\\/lancamento-e-book\\\/parana-empreende-mais-capacitacao-gerencial-e-desenvolvimento-regional\\\/\",\"name\":\"Paran\u00e1 Empreende Mais: capacita\u00e7\u00e3o gerencial e desenvolvimento regional - Pontes Editores\",\"isPartOf\":{\"@id\":\"https:\\\/\\\/ponteseditores.com.br\\\/loja3\\\/#website\"},\"primaryImageOfPage\":{\"@id\":\"https:\\\/\\\/ponteseditores.com.br\\\/loja3\\\/pontes-editores-home-2__trashed\\\/ebook\\\/lancamento-e-book\\\/parana-empreende-mais-capacitacao-gerencial-e-desenvolvimento-regional\\\/#primaryimage\"},\"image\":{\"@id\":\"https:\\\/\\\/ponteseditores.com.br\\\/loja3\\\/pontes-editores-home-2__trashed\\\/ebook\\\/lancamento-e-book\\\/parana-empreende-mais-capacitacao-gerencial-e-desenvolvimento-regional\\\/#primaryimage\"},\"thumbnailUrl\":\"https:\\\/\\\/ponteseditores.com.br\\\/loja3\\\/wp-content\\\/uploads\\\/2025\\\/11\\\/Capa_Parana-empreende-mais.jpg\",\"datePublished\":\"2025-11-06T20:01:27+00:00\",\"dateModified\":\"2025-11-06T20:01:28+00:00\",\"breadcrumb\":{\"@id\":\"https:\\\/\\\/ponteseditores.com.br\\\/loja3\\\/pontes-editores-home-2__trashed\\\/ebook\\\/lancamento-e-book\\\/parana-empreende-mais-capacitacao-gerencial-e-desenvolvimento-regional\\\/#breadcrumb\"},\"inLanguage\":\"pt-BR\",\"potentialAction\":[{\"@type\":\"ReadAction\",\"target\":[\"https:\\\/\\\/ponteseditores.com.br\\\/loja3\\\/pontes-editores-home-2__trashed\\\/ebook\\\/lancamento-e-book\\\/parana-empreende-mais-capacitacao-gerencial-e-desenvolvimento-regional\\\/\"]}]},{\"@type\":\"ImageObject\",\"inLanguage\":\"pt-BR\",\"@id\":\"https:\\\/\\\/ponteseditores.com.br\\\/loja3\\\/pontes-editores-home-2__trashed\\\/ebook\\\/lancamento-e-book\\\/parana-empreende-mais-capacitacao-gerencial-e-desenvolvimento-regional\\\/#primaryimage\",\"url\":\"https:\\\/\\\/ponteseditores.com.br\\\/loja3\\\/wp-content\\\/uploads\\\/2025\\\/11\\\/Capa_Parana-empreende-mais.jpg\",\"contentUrl\":\"https:\\\/\\\/ponteseditores.com.br\\\/loja3\\\/wp-content\\\/uploads\\\/2025\\\/11\\\/Capa_Parana-empreende-mais.jpg\",\"width\":800,\"height\":1159},{\"@type\":\"BreadcrumbList\",\"@id\":\"https:\\\/\\\/ponteseditores.com.br\\\/loja3\\\/pontes-editores-home-2__trashed\\\/ebook\\\/lancamento-e-book\\\/parana-empreende-mais-capacitacao-gerencial-e-desenvolvimento-regional\\\/#breadcrumb\",\"itemListElement\":[{\"@type\":\"ListItem\",\"position\":1,\"name\":\"Home\",\"item\":\"https:\\\/\\\/ponteseditores.com.br\\\/loja3\\\/\"},{\"@type\":\"ListItem\",\"position\":2,\"name\":\"loja\",\"item\":\"https:\\\/\\\/ponteseditores.com.br\\\/loja3\\\/loja\\\/\"},{\"@type\":\"ListItem\",\"position\":3,\"name\":\"Paran\u00e1 Empreende Mais: capacita\u00e7\u00e3o gerencial e desenvolvimento regional\"}]},{\"@type\":\"WebSite\",\"@id\":\"https:\\\/\\\/ponteseditores.com.br\\\/loja3\\\/#website\",\"url\":\"https:\\\/\\\/ponteseditores.com.br\\\/loja3\\\/\",\"name\":\"Pontes Editores\",\"description\":\"Pontes Editores\",\"publisher\":{\"@id\":\"https:\\\/\\\/ponteseditores.com.br\\\/loja3\\\/#organization\"},\"potentialAction\":[{\"@type\":\"SearchAction\",\"target\":{\"@type\":\"EntryPoint\",\"urlTemplate\":\"https:\\\/\\\/ponteseditores.com.br\\\/loja3\\\/?s={search_term_string}\"},\"query-input\":{\"@type\":\"PropertyValueSpecification\",\"valueRequired\":true,\"valueName\":\"search_term_string\"}}],\"inLanguage\":\"pt-BR\"},{\"@type\":\"Organization\",\"@id\":\"https:\\\/\\\/ponteseditores.com.br\\\/loja3\\\/#organization\",\"name\":\"Pontes Editores\",\"url\":\"https:\\\/\\\/ponteseditores.com.br\\\/loja3\\\/\",\"logo\":{\"@type\":\"ImageObject\",\"inLanguage\":\"pt-BR\",\"@id\":\"https:\\\/\\\/ponteseditores.com.br\\\/loja3\\\/#\\\/schema\\\/logo\\\/image\\\/\",\"url\":\"https:\\\/\\\/ponteseditores.com.br\\\/loja3\\\/wp-content\\\/uploads\\\/2023\\\/12\\\/logo-pontes-editores-v2.png\",\"contentUrl\":\"https:\\\/\\\/ponteseditores.com.br\\\/loja3\\\/wp-content\\\/uploads\\\/2023\\\/12\\\/logo-pontes-editores-v2.png\",\"width\":258,\"height\":100,\"caption\":\"Pontes Editores\"},\"image\":{\"@id\":\"https:\\\/\\\/ponteseditores.com.br\\\/loja3\\\/#\\\/schema\\\/logo\\\/image\\\/\"}}]}<\/script>\n<!-- \/ Yoast SEO plugin. -->","yoast_head_json":{"title":"Paran\u00e1 Empreende Mais: capacita\u00e7\u00e3o gerencial e desenvolvimento regional - Pontes Editores","robots":{"index":"index","follow":"follow","max-snippet":"max-snippet:-1","max-image-preview":"max-image-preview:large","max-video-preview":"max-video-preview:-1"},"canonical":"https:\/\/ponteseditores.com.br\/loja3\/pontes-editores-home-2__trashed\/ebook\/lancamento-e-book\/parana-empreende-mais-capacitacao-gerencial-e-desenvolvimento-regional\/","og_locale":"pt_BR","og_type":"article","og_title":"Paran\u00e1 Empreende Mais: capacita\u00e7\u00e3o gerencial e desenvolvimento regional - Pontes Editores","og_description":"Este livro, organizado pela Coordenadora do Projeto Paran\u00e1 Em\u00adpreende Mais (PEM) da UENP, compreende a consolida\u00e7\u00e3o do conte\u00fado dos seis cursos ofertados pela universidade, durante a execu\u00e7\u00e3o do projeto. Os professores do projeto elaboraram o conte\u00fado dos cursos de: Empreendedorismo e Desenvolvimento de Novas Ideias; Marketing e Presen\u00e7a Online; Inova\u00e7\u00e3o e Sustentabilidade; Gest\u00e3o de Pessoas; [&hellip;]","og_url":"https:\/\/ponteseditores.com.br\/loja3\/pontes-editores-home-2__trashed\/ebook\/lancamento-e-book\/parana-empreende-mais-capacitacao-gerencial-e-desenvolvimento-regional\/","og_site_name":"Pontes Editores","article_modified_time":"2025-11-06T20:01:28+00:00","og_image":[{"width":800,"height":1159,"url":"https:\/\/ponteseditores.com.br\/loja3\/wp-content\/uploads\/2025\/11\/Capa_Parana-empreende-mais.jpg","type":"image\/jpeg"}],"twitter_card":"summary_large_image","twitter_misc":{"Est. tempo de leitura":"1 minuto"},"schema":{"@context":"https:\/\/schema.org","@graph":[{"@type":"WebPage","@id":"https:\/\/ponteseditores.com.br\/loja3\/pontes-editores-home-2__trashed\/ebook\/lancamento-e-book\/parana-empreende-mais-capacitacao-gerencial-e-desenvolvimento-regional\/","url":"https:\/\/ponteseditores.com.br\/loja3\/pontes-editores-home-2__trashed\/ebook\/lancamento-e-book\/parana-empreende-mais-capacitacao-gerencial-e-desenvolvimento-regional\/","name":"Paran\u00e1 Empreende Mais: capacita\u00e7\u00e3o gerencial e desenvolvimento regional - Pontes Editores","isPartOf":{"@id":"https:\/\/ponteseditores.com.br\/loja3\/#website"},"primaryImageOfPage":{"@id":"https:\/\/ponteseditores.com.br\/loja3\/pontes-editores-home-2__trashed\/ebook\/lancamento-e-book\/parana-empreende-mais-capacitacao-gerencial-e-desenvolvimento-regional\/#primaryimage"},"image":{"@id":"https:\/\/ponteseditores.com.br\/loja3\/pontes-editores-home-2__trashed\/ebook\/lancamento-e-book\/parana-empreende-mais-capacitacao-gerencial-e-desenvolvimento-regional\/#primaryimage"},"thumbnailUrl":"https:\/\/ponteseditores.com.br\/loja3\/wp-content\/uploads\/2025\/11\/Capa_Parana-empreende-mais.jpg","datePublished":"2025-11-06T20:01:27+00:00","dateModified":"2025-11-06T20:01:28+00:00","breadcrumb":{"@id":"https:\/\/ponteseditores.com.br\/loja3\/pontes-editores-home-2__trashed\/ebook\/lancamento-e-book\/parana-empreende-mais-capacitacao-gerencial-e-desenvolvimento-regional\/#breadcrumb"},"inLanguage":"pt-BR","potentialAction":[{"@type":"ReadAction","target":["https:\/\/ponteseditores.com.br\/loja3\/pontes-editores-home-2__trashed\/ebook\/lancamento-e-book\/parana-empreende-mais-capacitacao-gerencial-e-desenvolvimento-regional\/"]}]},{"@type":"ImageObject","inLanguage":"pt-BR","@id":"https:\/\/ponteseditores.com.br\/loja3\/pontes-editores-home-2__trashed\/ebook\/lancamento-e-book\/parana-empreende-mais-capacitacao-gerencial-e-desenvolvimento-regional\/#primaryimage","url":"https:\/\/ponteseditores.com.br\/loja3\/wp-content\/uploads\/2025\/11\/Capa_Parana-empreende-mais.jpg","contentUrl":"https:\/\/ponteseditores.com.br\/loja3\/wp-content\/uploads\/2025\/11\/Capa_Parana-empreende-mais.jpg","width":800,"height":1159},{"@type":"BreadcrumbList","@id":"https:\/\/ponteseditores.com.br\/loja3\/pontes-editores-home-2__trashed\/ebook\/lancamento-e-book\/parana-empreende-mais-capacitacao-gerencial-e-desenvolvimento-regional\/#breadcrumb","itemListElement":[{"@type":"ListItem","position":1,"name":"Home","item":"https:\/\/ponteseditores.com.br\/loja3\/"},{"@type":"ListItem","position":2,"name":"loja","item":"https:\/\/ponteseditores.com.br\/loja3\/loja\/"},{"@type":"ListItem","position":3,"name":"Paran\u00e1 Empreende Mais: capacita\u00e7\u00e3o gerencial e desenvolvimento regional"}]},{"@type":"WebSite","@id":"https:\/\/ponteseditores.com.br\/loja3\/#website","url":"https:\/\/ponteseditores.com.br\/loja3\/","name":"Pontes Editores","description":"Pontes Editores","publisher":{"@id":"https:\/\/ponteseditores.com.br\/loja3\/#organization"},"potentialAction":[{"@type":"SearchAction","target":{"@type":"EntryPoint","urlTemplate":"https:\/\/ponteseditores.com.br\/loja3\/?s={search_term_string}"},"query-input":{"@type":"PropertyValueSpecification","valueRequired":true,"valueName":"search_term_string"}}],"inLanguage":"pt-BR"},{"@type":"Organization","@id":"https:\/\/ponteseditores.com.br\/loja3\/#organization","name":"Pontes Editores","url":"https:\/\/ponteseditores.com.br\/loja3\/","logo":{"@type":"ImageObject","inLanguage":"pt-BR","@id":"https:\/\/ponteseditores.com.br\/loja3\/#\/schema\/logo\/image\/","url":"https:\/\/ponteseditores.com.br\/loja3\/wp-content\/uploads\/2023\/12\/logo-pontes-editores-v2.png","contentUrl":"https:\/\/ponteseditores.com.br\/loja3\/wp-content\/uploads\/2023\/12\/logo-pontes-editores-v2.png","width":258,"height":100,"caption":"Pontes Editores"},"image":{"@id":"https:\/\/ponteseditores.com.br\/loja3\/#\/schema\/logo\/image\/"}}]}},"_links":{"self":[{"href":"https:\/\/ponteseditores.com.br\/loja3\/wp-json\/wp\/v2\/product\/33260","targetHints":{"allow":["GET"]}}],"collection":[{"href":"https:\/\/ponteseditores.com.br\/loja3\/wp-json\/wp\/v2\/product"}],"about":[{"href":"https:\/\/ponteseditores.com.br\/loja3\/wp-json\/wp\/v2\/types\/product"}],"replies":[{"embeddable":true,"href":"https:\/\/ponteseditores.com.br\/loja3\/wp-json\/wp\/v2\/comments?post=33260"}],"version-history":[{"count":1,"href":"https:\/\/ponteseditores.com.br\/loja3\/wp-json\/wp\/v2\/product\/33260\/revisions"}],"predecessor-version":[{"id":33263,"href":"https:\/\/ponteseditores.com.br\/loja3\/wp-json\/wp\/v2\/product\/33260\/revisions\/33263"}],"wp:featuredmedia":[{"embeddable":true,"href":"https:\/\/ponteseditores.com.br\/loja3\/wp-json\/wp\/v2\/media\/33262"}],"wp:attachment":[{"href":"https:\/\/ponteseditores.com.br\/loja3\/wp-json\/wp\/v2\/media?parent=33260"}],"wp:term":[{"taxonomy":"product_brand","embeddable":true,"href":"https:\/\/ponteseditores.com.br\/loja3\/wp-json\/wp\/v2\/product_brand?post=33260"},{"taxonomy":"product_cat","embeddable":true,"href":"https:\/\/ponteseditores.com.br\/loja3\/wp-json\/wp\/v2\/product_cat?post=33260"},{"taxonomy":"product_tag","embeddable":true,"href":"https:\/\/ponteseditores.com.br\/loja3\/wp-json\/wp\/v2\/product_tag?post=33260"}],"curies":[{"name":"wp","href":"https:\/\/api.w.org\/{rel}","templated":true}]}}