{"id":33218,"date":"2025-11-05T14:55:14","date_gmt":"2025-11-05T17:55:14","guid":{"rendered":"https:\/\/ponteseditores.com.br\/loja3\/?post_type=product&#038;p=33218"},"modified":"2025-11-05T14:55:14","modified_gmt":"2025-11-05T17:55:14","slug":"na-saga-das-telecomunicacoes-e-na-amazonia-2","status":"publish","type":"product","link":"https:\/\/ponteseditores.com.br\/loja3\/pontes-editores-home-2__trashed\/ebook\/lancamento-e-book\/na-saga-das-telecomunicacoes-e-na-amazonia-2\/","title":{"rendered":"Na saga das telecomunica\u00e7\u00f5es e na Amaz\u00f4nia"},"content":{"rendered":"<p>De modo desbravador, o engenheiro Juarez Martinho Quadros do Nascimento, na lideran\u00e7a de equipes t\u00e9cnicas, percorreu rodovias, aerovias e rios da Amaz\u00f4nia, para suprir infraestrutura de telecomunica\u00e7\u00f5es nessa regi\u00e3o do Brasil. Inseria-se na rec\u00f4ndita regi\u00e3o amaz\u00f4nica, a procura de atender demandas, mitigar dramas e tornar em realidade sonhos de brasileiros em localidades isoladas. Em seu relato, ele descreve fatos que nos parecem distantes, onde, para se ter um telefone, era necess\u00e1rio entrar em longas filas e pagar autofinanciamento. As liga\u00e7\u00f5es interurbanas precisavam do aux\u00edlio das inestim\u00e1veis telefonistas. Quando aparelhos celulares e internet ainda n\u00e3o existiam.<\/p>\n<p>Gra\u00e7as as mudan\u00e7as e desafios tecnol\u00f3gicos das gera\u00e7\u00f5es de redes \u2013 1G a 5G \u2013, como ele relata, tem sido poss\u00edvel promover inclus\u00e3o digital e social, mais em forma de revolu\u00e7\u00e3o do que uma evolu\u00e7\u00e3o, de modo a alavancar conectividade e sustentabilidade nas regi\u00f5es do Brasil e principalmente na Amaz\u00f4nia.<\/p>\n<p>&nbsp;<\/p>\n<p>Roberto Lamoglia de Carvalho (Do pref\u00e1cio)<\/p>\n<p>&nbsp;<\/p>\n","protected":false},"excerpt":{"rendered":"<p>De modo desbravador, o engenheiro Juarez Martinho Quadros do Nascimento, na lideran\u00e7a de equipes t\u00e9cnicas, percorreu rodovias, aerovias e rios da Amaz\u00f4nia, para suprir infraestrutura de telecomunica\u00e7\u00f5es nessa regi\u00e3o do Brasil. Inseria-se na rec\u00f4ndita regi\u00e3o amaz\u00f4nica, a procura de atender demandas, mitigar dramas e tornar em realidade sonhos de brasileiros em localidades isoladas. Em seu [&hellip;]<\/p>\n","protected":false},"featured_media":30335,"comment_status":"open","ping_status":"closed","template":"","meta":{"_joinchat":[]},"product_brand":[],"product_cat":[165,386],"product_tag":[],"class_list":{"0":"post-33218","1":"product","2":"type-product","3":"status-publish","4":"has-post-thumbnail","6":"product_cat-ebook","7":"product_cat-lancamento-e-book","9":"first","10":"instock","11":"downloadable","12":"virtual","13":"purchasable","14":"product-type-simple"},"yoast_head":"<!-- This site is optimized with the Yoast SEO plugin v27.4 - https:\/\/yoast.com\/product\/yoast-seo-wordpress\/ -->\n<title>Na saga das telecomunica\u00e7\u00f5es e na Amaz\u00f4nia - Pontes Editores<\/title>\n<meta name=\"robots\" content=\"index, follow, max-snippet:-1, max-image-preview:large, max-video-preview:-1\" \/>\n<link rel=\"canonical\" href=\"https:\/\/ponteseditores.com.br\/loja3\/pontes-editores-home-2__trashed\/ebook\/lancamento-e-book\/na-saga-das-telecomunicacoes-e-na-amazonia-2\/\" \/>\n<meta property=\"og:locale\" content=\"pt_BR\" \/>\n<meta property=\"og:type\" content=\"article\" \/>\n<meta property=\"og:title\" content=\"Na saga das telecomunica\u00e7\u00f5es e na Amaz\u00f4nia - Pontes Editores\" \/>\n<meta property=\"og:description\" content=\"De modo desbravador, o engenheiro Juarez Martinho Quadros do Nascimento, na lideran\u00e7a de equipes t\u00e9cnicas, percorreu rodovias, aerovias e rios da Amaz\u00f4nia, para suprir infraestrutura de telecomunica\u00e7\u00f5es nessa regi\u00e3o do Brasil. Inseria-se na rec\u00f4ndita regi\u00e3o amaz\u00f4nica, a procura de atender demandas, mitigar dramas e tornar em realidade sonhos de brasileiros em localidades isoladas. Em seu [&hellip;]\" \/>\n<meta property=\"og:url\" content=\"https:\/\/ponteseditores.com.br\/loja3\/pontes-editores-home-2__trashed\/ebook\/lancamento-e-book\/na-saga-das-telecomunicacoes-e-na-amazonia-2\/\" \/>\n<meta property=\"og:site_name\" content=\"Pontes Editores\" \/>\n<meta property=\"og:image\" content=\"https:\/\/ponteseditores.com.br\/loja3\/wp-content\/uploads\/2025\/09\/Capa_Na-saga-das-telecomunicacoes.jpg\" \/>\n\t<meta property=\"og:image:width\" content=\"800\" \/>\n\t<meta property=\"og:image:height\" content=\"1159\" \/>\n\t<meta property=\"og:image:type\" content=\"image\/jpeg\" \/>\n<meta name=\"twitter:card\" content=\"summary_large_image\" \/>\n<meta name=\"twitter:label1\" content=\"Est. tempo de leitura\" \/>\n\t<meta name=\"twitter:data1\" content=\"1 minuto\" \/>\n<script type=\"application\/ld+json\" class=\"yoast-schema-graph\">{\"@context\":\"https:\\\/\\\/schema.org\",\"@graph\":[{\"@type\":\"WebPage\",\"@id\":\"https:\\\/\\\/ponteseditores.com.br\\\/loja3\\\/pontes-editores-home-2__trashed\\\/ebook\\\/lancamento-e-book\\\/na-saga-das-telecomunicacoes-e-na-amazonia-2\\\/\",\"url\":\"https:\\\/\\\/ponteseditores.com.br\\\/loja3\\\/pontes-editores-home-2__trashed\\\/ebook\\\/lancamento-e-book\\\/na-saga-das-telecomunicacoes-e-na-amazonia-2\\\/\",\"name\":\"Na saga das telecomunica\u00e7\u00f5es e na Amaz\u00f4nia - Pontes Editores\",\"isPartOf\":{\"@id\":\"https:\\\/\\\/ponteseditores.com.br\\\/loja3\\\/#website\"},\"primaryImageOfPage\":{\"@id\":\"https:\\\/\\\/ponteseditores.com.br\\\/loja3\\\/pontes-editores-home-2__trashed\\\/ebook\\\/lancamento-e-book\\\/na-saga-das-telecomunicacoes-e-na-amazonia-2\\\/#primaryimage\"},\"image\":{\"@id\":\"https:\\\/\\\/ponteseditores.com.br\\\/loja3\\\/pontes-editores-home-2__trashed\\\/ebook\\\/lancamento-e-book\\\/na-saga-das-telecomunicacoes-e-na-amazonia-2\\\/#primaryimage\"},\"thumbnailUrl\":\"https:\\\/\\\/ponteseditores.com.br\\\/loja3\\\/wp-content\\\/uploads\\\/2025\\\/09\\\/Capa_Na-saga-das-telecomunicacoes.jpg\",\"datePublished\":\"2025-11-05T17:55:14+00:00\",\"breadcrumb\":{\"@id\":\"https:\\\/\\\/ponteseditores.com.br\\\/loja3\\\/pontes-editores-home-2__trashed\\\/ebook\\\/lancamento-e-book\\\/na-saga-das-telecomunicacoes-e-na-amazonia-2\\\/#breadcrumb\"},\"inLanguage\":\"pt-BR\",\"potentialAction\":[{\"@type\":\"ReadAction\",\"target\":[\"https:\\\/\\\/ponteseditores.com.br\\\/loja3\\\/pontes-editores-home-2__trashed\\\/ebook\\\/lancamento-e-book\\\/na-saga-das-telecomunicacoes-e-na-amazonia-2\\\/\"]}]},{\"@type\":\"ImageObject\",\"inLanguage\":\"pt-BR\",\"@id\":\"https:\\\/\\\/ponteseditores.com.br\\\/loja3\\\/pontes-editores-home-2__trashed\\\/ebook\\\/lancamento-e-book\\\/na-saga-das-telecomunicacoes-e-na-amazonia-2\\\/#primaryimage\",\"url\":\"https:\\\/\\\/ponteseditores.com.br\\\/loja3\\\/wp-content\\\/uploads\\\/2025\\\/09\\\/Capa_Na-saga-das-telecomunicacoes.jpg\",\"contentUrl\":\"https:\\\/\\\/ponteseditores.com.br\\\/loja3\\\/wp-content\\\/uploads\\\/2025\\\/09\\\/Capa_Na-saga-das-telecomunicacoes.jpg\",\"width\":800,\"height\":1159},{\"@type\":\"BreadcrumbList\",\"@id\":\"https:\\\/\\\/ponteseditores.com.br\\\/loja3\\\/pontes-editores-home-2__trashed\\\/ebook\\\/lancamento-e-book\\\/na-saga-das-telecomunicacoes-e-na-amazonia-2\\\/#breadcrumb\",\"itemListElement\":[{\"@type\":\"ListItem\",\"position\":1,\"name\":\"Home\",\"item\":\"https:\\\/\\\/ponteseditores.com.br\\\/loja3\\\/\"},{\"@type\":\"ListItem\",\"position\":2,\"name\":\"loja\",\"item\":\"https:\\\/\\\/ponteseditores.com.br\\\/loja3\\\/loja\\\/\"},{\"@type\":\"ListItem\",\"position\":3,\"name\":\"Na saga das telecomunica\u00e7\u00f5es e na Amaz\u00f4nia\"}]},{\"@type\":\"WebSite\",\"@id\":\"https:\\\/\\\/ponteseditores.com.br\\\/loja3\\\/#website\",\"url\":\"https:\\\/\\\/ponteseditores.com.br\\\/loja3\\\/\",\"name\":\"Pontes Editores\",\"description\":\"Pontes Editores\",\"publisher\":{\"@id\":\"https:\\\/\\\/ponteseditores.com.br\\\/loja3\\\/#organization\"},\"potentialAction\":[{\"@type\":\"SearchAction\",\"target\":{\"@type\":\"EntryPoint\",\"urlTemplate\":\"https:\\\/\\\/ponteseditores.com.br\\\/loja3\\\/?s={search_term_string}\"},\"query-input\":{\"@type\":\"PropertyValueSpecification\",\"valueRequired\":true,\"valueName\":\"search_term_string\"}}],\"inLanguage\":\"pt-BR\"},{\"@type\":\"Organization\",\"@id\":\"https:\\\/\\\/ponteseditores.com.br\\\/loja3\\\/#organization\",\"name\":\"Pontes Editores\",\"url\":\"https:\\\/\\\/ponteseditores.com.br\\\/loja3\\\/\",\"logo\":{\"@type\":\"ImageObject\",\"inLanguage\":\"pt-BR\",\"@id\":\"https:\\\/\\\/ponteseditores.com.br\\\/loja3\\\/#\\\/schema\\\/logo\\\/image\\\/\",\"url\":\"https:\\\/\\\/ponteseditores.com.br\\\/loja3\\\/wp-content\\\/uploads\\\/2023\\\/12\\\/logo-pontes-editores-v2.png\",\"contentUrl\":\"https:\\\/\\\/ponteseditores.com.br\\\/loja3\\\/wp-content\\\/uploads\\\/2023\\\/12\\\/logo-pontes-editores-v2.png\",\"width\":258,\"height\":100,\"caption\":\"Pontes Editores\"},\"image\":{\"@id\":\"https:\\\/\\\/ponteseditores.com.br\\\/loja3\\\/#\\\/schema\\\/logo\\\/image\\\/\"}}]}<\/script>\n<!-- \/ Yoast SEO plugin. -->","yoast_head_json":{"title":"Na saga das telecomunica\u00e7\u00f5es e na Amaz\u00f4nia - Pontes Editores","robots":{"index":"index","follow":"follow","max-snippet":"max-snippet:-1","max-image-preview":"max-image-preview:large","max-video-preview":"max-video-preview:-1"},"canonical":"https:\/\/ponteseditores.com.br\/loja3\/pontes-editores-home-2__trashed\/ebook\/lancamento-e-book\/na-saga-das-telecomunicacoes-e-na-amazonia-2\/","og_locale":"pt_BR","og_type":"article","og_title":"Na saga das telecomunica\u00e7\u00f5es e na Amaz\u00f4nia - Pontes Editores","og_description":"De modo desbravador, o engenheiro Juarez Martinho Quadros do Nascimento, na lideran\u00e7a de equipes t\u00e9cnicas, percorreu rodovias, aerovias e rios da Amaz\u00f4nia, para suprir infraestrutura de telecomunica\u00e7\u00f5es nessa regi\u00e3o do Brasil. Inseria-se na rec\u00f4ndita regi\u00e3o amaz\u00f4nica, a procura de atender demandas, mitigar dramas e tornar em realidade sonhos de brasileiros em localidades isoladas. Em seu [&hellip;]","og_url":"https:\/\/ponteseditores.com.br\/loja3\/pontes-editores-home-2__trashed\/ebook\/lancamento-e-book\/na-saga-das-telecomunicacoes-e-na-amazonia-2\/","og_site_name":"Pontes Editores","og_image":[{"width":800,"height":1159,"url":"https:\/\/ponteseditores.com.br\/loja3\/wp-content\/uploads\/2025\/09\/Capa_Na-saga-das-telecomunicacoes.jpg","type":"image\/jpeg"}],"twitter_card":"summary_large_image","twitter_misc":{"Est. tempo de leitura":"1 minuto"},"schema":{"@context":"https:\/\/schema.org","@graph":[{"@type":"WebPage","@id":"https:\/\/ponteseditores.com.br\/loja3\/pontes-editores-home-2__trashed\/ebook\/lancamento-e-book\/na-saga-das-telecomunicacoes-e-na-amazonia-2\/","url":"https:\/\/ponteseditores.com.br\/loja3\/pontes-editores-home-2__trashed\/ebook\/lancamento-e-book\/na-saga-das-telecomunicacoes-e-na-amazonia-2\/","name":"Na saga das telecomunica\u00e7\u00f5es e na Amaz\u00f4nia - Pontes Editores","isPartOf":{"@id":"https:\/\/ponteseditores.com.br\/loja3\/#website"},"primaryImageOfPage":{"@id":"https:\/\/ponteseditores.com.br\/loja3\/pontes-editores-home-2__trashed\/ebook\/lancamento-e-book\/na-saga-das-telecomunicacoes-e-na-amazonia-2\/#primaryimage"},"image":{"@id":"https:\/\/ponteseditores.com.br\/loja3\/pontes-editores-home-2__trashed\/ebook\/lancamento-e-book\/na-saga-das-telecomunicacoes-e-na-amazonia-2\/#primaryimage"},"thumbnailUrl":"https:\/\/ponteseditores.com.br\/loja3\/wp-content\/uploads\/2025\/09\/Capa_Na-saga-das-telecomunicacoes.jpg","datePublished":"2025-11-05T17:55:14+00:00","breadcrumb":{"@id":"https:\/\/ponteseditores.com.br\/loja3\/pontes-editores-home-2__trashed\/ebook\/lancamento-e-book\/na-saga-das-telecomunicacoes-e-na-amazonia-2\/#breadcrumb"},"inLanguage":"pt-BR","potentialAction":[{"@type":"ReadAction","target":["https:\/\/ponteseditores.com.br\/loja3\/pontes-editores-home-2__trashed\/ebook\/lancamento-e-book\/na-saga-das-telecomunicacoes-e-na-amazonia-2\/"]}]},{"@type":"ImageObject","inLanguage":"pt-BR","@id":"https:\/\/ponteseditores.com.br\/loja3\/pontes-editores-home-2__trashed\/ebook\/lancamento-e-book\/na-saga-das-telecomunicacoes-e-na-amazonia-2\/#primaryimage","url":"https:\/\/ponteseditores.com.br\/loja3\/wp-content\/uploads\/2025\/09\/Capa_Na-saga-das-telecomunicacoes.jpg","contentUrl":"https:\/\/ponteseditores.com.br\/loja3\/wp-content\/uploads\/2025\/09\/Capa_Na-saga-das-telecomunicacoes.jpg","width":800,"height":1159},{"@type":"BreadcrumbList","@id":"https:\/\/ponteseditores.com.br\/loja3\/pontes-editores-home-2__trashed\/ebook\/lancamento-e-book\/na-saga-das-telecomunicacoes-e-na-amazonia-2\/#breadcrumb","itemListElement":[{"@type":"ListItem","position":1,"name":"Home","item":"https:\/\/ponteseditores.com.br\/loja3\/"},{"@type":"ListItem","position":2,"name":"loja","item":"https:\/\/ponteseditores.com.br\/loja3\/loja\/"},{"@type":"ListItem","position":3,"name":"Na saga das telecomunica\u00e7\u00f5es e na Amaz\u00f4nia"}]},{"@type":"WebSite","@id":"https:\/\/ponteseditores.com.br\/loja3\/#website","url":"https:\/\/ponteseditores.com.br\/loja3\/","name":"Pontes Editores","description":"Pontes Editores","publisher":{"@id":"https:\/\/ponteseditores.com.br\/loja3\/#organization"},"potentialAction":[{"@type":"SearchAction","target":{"@type":"EntryPoint","urlTemplate":"https:\/\/ponteseditores.com.br\/loja3\/?s={search_term_string}"},"query-input":{"@type":"PropertyValueSpecification","valueRequired":true,"valueName":"search_term_string"}}],"inLanguage":"pt-BR"},{"@type":"Organization","@id":"https:\/\/ponteseditores.com.br\/loja3\/#organization","name":"Pontes Editores","url":"https:\/\/ponteseditores.com.br\/loja3\/","logo":{"@type":"ImageObject","inLanguage":"pt-BR","@id":"https:\/\/ponteseditores.com.br\/loja3\/#\/schema\/logo\/image\/","url":"https:\/\/ponteseditores.com.br\/loja3\/wp-content\/uploads\/2023\/12\/logo-pontes-editores-v2.png","contentUrl":"https:\/\/ponteseditores.com.br\/loja3\/wp-content\/uploads\/2023\/12\/logo-pontes-editores-v2.png","width":258,"height":100,"caption":"Pontes Editores"},"image":{"@id":"https:\/\/ponteseditores.com.br\/loja3\/#\/schema\/logo\/image\/"}}]}},"_links":{"self":[{"href":"https:\/\/ponteseditores.com.br\/loja3\/wp-json\/wp\/v2\/product\/33218","targetHints":{"allow":["GET"]}}],"collection":[{"href":"https:\/\/ponteseditores.com.br\/loja3\/wp-json\/wp\/v2\/product"}],"about":[{"href":"https:\/\/ponteseditores.com.br\/loja3\/wp-json\/wp\/v2\/types\/product"}],"replies":[{"embeddable":true,"href":"https:\/\/ponteseditores.com.br\/loja3\/wp-json\/wp\/v2\/comments?post=33218"}],"version-history":[{"count":1,"href":"https:\/\/ponteseditores.com.br\/loja3\/wp-json\/wp\/v2\/product\/33218\/revisions"}],"predecessor-version":[{"id":33220,"href":"https:\/\/ponteseditores.com.br\/loja3\/wp-json\/wp\/v2\/product\/33218\/revisions\/33220"}],"wp:featuredmedia":[{"embeddable":true,"href":"https:\/\/ponteseditores.com.br\/loja3\/wp-json\/wp\/v2\/media\/30335"}],"wp:attachment":[{"href":"https:\/\/ponteseditores.com.br\/loja3\/wp-json\/wp\/v2\/media?parent=33218"}],"wp:term":[{"taxonomy":"product_brand","embeddable":true,"href":"https:\/\/ponteseditores.com.br\/loja3\/wp-json\/wp\/v2\/product_brand?post=33218"},{"taxonomy":"product_cat","embeddable":true,"href":"https:\/\/ponteseditores.com.br\/loja3\/wp-json\/wp\/v2\/product_cat?post=33218"},{"taxonomy":"product_tag","embeddable":true,"href":"https:\/\/ponteseditores.com.br\/loja3\/wp-json\/wp\/v2\/product_tag?post=33218"}],"curies":[{"name":"wp","href":"https:\/\/api.w.org\/{rel}","templated":true}]}}