{"id":33111,"date":"2025-11-03T16:44:16","date_gmt":"2025-11-03T19:44:16","guid":{"rendered":"https:\/\/ponteseditores.com.br\/loja3\/?post_type=product&#038;p=33111"},"modified":"2025-11-04T10:20:03","modified_gmt":"2025-11-04T13:20:03","slug":"tecnologias-das-linguagens-em-verbetes-enciclopedia-transdisciplinar-em-linguagem","status":"publish","type":"product","link":"https:\/\/ponteseditores.com.br\/loja3\/pontes-editores-home-2__trashed\/ebook\/lancamento-e-book\/tecnologias-das-linguagens-em-verbetes-enciclopedia-transdisciplinar-em-linguagem\/","title":{"rendered":"Tecnologias das Linguagens em Verbetes: enciclop\u00e9dia transdisciplinar em linguagem,"},"content":{"rendered":"<p>Todo processo de cria\u00e7\u00e3o de conhecimento, toda constru\u00e7\u00e3o de um campo problem\u00e1tico de investiga\u00e7\u00e3o mobiliza um ou mais conceitos operadores. N\u00e3o tem sido diferente no Programa de P\u00f3s-Gradua\u00e7\u00e3o em Tecnologias das Linguagens (PPGTEL), mantido pelo Departamento de Ci\u00eancias Humanas, o <em>Campus <\/em>V da Universidade do Estado da Bahia.<\/p>\n<p>O fil\u00f3sofo Gilles Deleuze destaca que os conceitos n\u00e3o s\u00e3o generaliza\u00e7\u00f5es \u00e0 moda da \u00e9poca. Ao contr\u00e1rio, s\u00e3o contornos, singularidades que regem sobre os fluxos de pensamento ordin\u00e1rios. N\u00e3o s\u00e3o dados prontos, eles n\u00e3o preexistem: \u00e9 preciso inventar, criar os conceitos, \u00e9 dizer, portanto, da (re) cria\u00e7\u00e3o e experimenta\u00e7\u00e3o. Partimos dessa provoca\u00e7\u00e3o e propomos a cria\u00e7\u00e3o de um texto verbete anal\u00edtico-reflexivo.<\/p>\n<p>Nesse exerc\u00edcio de modelar conceitos, os(as) autores(as) mobilizaram e confrontaram te\u00f3ricos(as), pesquisadores(as), ideias e argumentos que pudessem contribuir para a sustenta\u00e7\u00e3o do estatuto te\u00f3rico-metodol\u00f3gico e o potencial de avan\u00e7o do conhecimento em constru\u00e7\u00e3o sobre as Tecnologias das Linguagens. Temos, portanto, um vasto campo do conhecimento a ser explorado e muitas problem\u00e1ticas a nos desafiar, quer seja como uma \u00e1rea de concentra\u00e7\u00e3o do Programa de P\u00f3s-Gradua\u00e7\u00e3o em Tecnologias das Linguagens, quer seja pela sua potencialidade e emerg\u00eancia desafiadora de cria\u00e7\u00e3o de problem\u00e1ticas de pesquisa que possam contribuir para a resolu\u00e7\u00e3o de problemas sociais no tempo presente.<\/p>\n<p>Os textos verbetes que comp\u00f5em nossa Enciclop\u00e9dia Transdisciplinar em Linguagem, Discurso e Sociedade se constituem enquanto for\u00e7a que impulsiona muito mais que campos conceituais, eles s\u00e3o espa\u00e7os de produ\u00e7\u00e3o intelectual e esfor\u00e7o cotidiano de cria\u00e7\u00e3o de conhecimento e mudan\u00e7a social.<\/p>\n","protected":false},"excerpt":{"rendered":"<p>Todo processo de cria\u00e7\u00e3o de conhecimento, toda constru\u00e7\u00e3o de um campo problem\u00e1tico de investiga\u00e7\u00e3o mobiliza um ou mais conceitos operadores. N\u00e3o tem sido diferente no Programa de P\u00f3s-Gradua\u00e7\u00e3o em Tecnologias das Linguagens (PPGTEL), mantido pelo Departamento de Ci\u00eancias Humanas, o Campus V da Universidade do Estado da Bahia. O fil\u00f3sofo Gilles Deleuze destaca que os [&hellip;]<\/p>\n","protected":false},"featured_media":33113,"comment_status":"open","ping_status":"closed","template":"","meta":{"_joinchat":[]},"product_brand":[],"product_cat":[165,386],"product_tag":[],"class_list":{"0":"post-33111","1":"product","2":"type-product","3":"status-publish","4":"has-post-thumbnail","6":"product_cat-ebook","7":"product_cat-lancamento-e-book","9":"first","10":"instock","11":"downloadable","12":"virtual","13":"purchasable","14":"product-type-simple"},"yoast_head":"<!-- This site is optimized with the Yoast SEO plugin v27.4 - https:\/\/yoast.com\/product\/yoast-seo-wordpress\/ -->\n<title>Tecnologias das Linguagens em Verbetes: enciclop\u00e9dia transdisciplinar em linguagem, - Pontes Editores<\/title>\n<meta name=\"robots\" content=\"index, follow, max-snippet:-1, max-image-preview:large, max-video-preview:-1\" \/>\n<link rel=\"canonical\" href=\"https:\/\/ponteseditores.com.br\/loja3\/pontes-editores-home-2__trashed\/ebook\/lancamento-e-book\/tecnologias-das-linguagens-em-verbetes-enciclopedia-transdisciplinar-em-linguagem\/\" \/>\n<meta property=\"og:locale\" content=\"pt_BR\" \/>\n<meta property=\"og:type\" content=\"article\" \/>\n<meta property=\"og:title\" content=\"Tecnologias das Linguagens em Verbetes: enciclop\u00e9dia transdisciplinar em linguagem, - Pontes Editores\" \/>\n<meta property=\"og:description\" content=\"Todo processo de cria\u00e7\u00e3o de conhecimento, toda constru\u00e7\u00e3o de um campo problem\u00e1tico de investiga\u00e7\u00e3o mobiliza um ou mais conceitos operadores. N\u00e3o tem sido diferente no Programa de P\u00f3s-Gradua\u00e7\u00e3o em Tecnologias das Linguagens (PPGTEL), mantido pelo Departamento de Ci\u00eancias Humanas, o Campus V da Universidade do Estado da Bahia. O fil\u00f3sofo Gilles Deleuze destaca que os [&hellip;]\" \/>\n<meta property=\"og:url\" content=\"https:\/\/ponteseditores.com.br\/loja3\/pontes-editores-home-2__trashed\/ebook\/lancamento-e-book\/tecnologias-das-linguagens-em-verbetes-enciclopedia-transdisciplinar-em-linguagem\/\" \/>\n<meta property=\"og:site_name\" content=\"Pontes Editores\" \/>\n<meta property=\"article:modified_time\" content=\"2025-11-04T13:20:03+00:00\" \/>\n<meta property=\"og:image\" content=\"https:\/\/ponteseditores.com.br\/loja3\/wp-content\/uploads\/2025\/11\/Capa_Tecnologias-das-Linguagens.jpg\" \/>\n\t<meta property=\"og:image:width\" content=\"800\" \/>\n\t<meta property=\"og:image:height\" content=\"1159\" \/>\n\t<meta property=\"og:image:type\" content=\"image\/jpeg\" \/>\n<meta name=\"twitter:card\" content=\"summary_large_image\" \/>\n<meta name=\"twitter:label1\" content=\"Est. tempo de leitura\" \/>\n\t<meta name=\"twitter:data1\" content=\"2 minutos\" \/>\n<script type=\"application\/ld+json\" class=\"yoast-schema-graph\">{\"@context\":\"https:\\\/\\\/schema.org\",\"@graph\":[{\"@type\":\"WebPage\",\"@id\":\"https:\\\/\\\/ponteseditores.com.br\\\/loja3\\\/pontes-editores-home-2__trashed\\\/ebook\\\/lancamento-e-book\\\/tecnologias-das-linguagens-em-verbetes-enciclopedia-transdisciplinar-em-linguagem\\\/\",\"url\":\"https:\\\/\\\/ponteseditores.com.br\\\/loja3\\\/pontes-editores-home-2__trashed\\\/ebook\\\/lancamento-e-book\\\/tecnologias-das-linguagens-em-verbetes-enciclopedia-transdisciplinar-em-linguagem\\\/\",\"name\":\"Tecnologias das Linguagens em Verbetes: enciclop\u00e9dia transdisciplinar em linguagem, - Pontes Editores\",\"isPartOf\":{\"@id\":\"https:\\\/\\\/ponteseditores.com.br\\\/loja3\\\/#website\"},\"primaryImageOfPage\":{\"@id\":\"https:\\\/\\\/ponteseditores.com.br\\\/loja3\\\/pontes-editores-home-2__trashed\\\/ebook\\\/lancamento-e-book\\\/tecnologias-das-linguagens-em-verbetes-enciclopedia-transdisciplinar-em-linguagem\\\/#primaryimage\"},\"image\":{\"@id\":\"https:\\\/\\\/ponteseditores.com.br\\\/loja3\\\/pontes-editores-home-2__trashed\\\/ebook\\\/lancamento-e-book\\\/tecnologias-das-linguagens-em-verbetes-enciclopedia-transdisciplinar-em-linguagem\\\/#primaryimage\"},\"thumbnailUrl\":\"https:\\\/\\\/ponteseditores.com.br\\\/loja3\\\/wp-content\\\/uploads\\\/2025\\\/11\\\/Capa_Tecnologias-das-Linguagens.jpg\",\"datePublished\":\"2025-11-03T19:44:16+00:00\",\"dateModified\":\"2025-11-04T13:20:03+00:00\",\"breadcrumb\":{\"@id\":\"https:\\\/\\\/ponteseditores.com.br\\\/loja3\\\/pontes-editores-home-2__trashed\\\/ebook\\\/lancamento-e-book\\\/tecnologias-das-linguagens-em-verbetes-enciclopedia-transdisciplinar-em-linguagem\\\/#breadcrumb\"},\"inLanguage\":\"pt-BR\",\"potentialAction\":[{\"@type\":\"ReadAction\",\"target\":[\"https:\\\/\\\/ponteseditores.com.br\\\/loja3\\\/pontes-editores-home-2__trashed\\\/ebook\\\/lancamento-e-book\\\/tecnologias-das-linguagens-em-verbetes-enciclopedia-transdisciplinar-em-linguagem\\\/\"]}]},{\"@type\":\"ImageObject\",\"inLanguage\":\"pt-BR\",\"@id\":\"https:\\\/\\\/ponteseditores.com.br\\\/loja3\\\/pontes-editores-home-2__trashed\\\/ebook\\\/lancamento-e-book\\\/tecnologias-das-linguagens-em-verbetes-enciclopedia-transdisciplinar-em-linguagem\\\/#primaryimage\",\"url\":\"https:\\\/\\\/ponteseditores.com.br\\\/loja3\\\/wp-content\\\/uploads\\\/2025\\\/11\\\/Capa_Tecnologias-das-Linguagens.jpg\",\"contentUrl\":\"https:\\\/\\\/ponteseditores.com.br\\\/loja3\\\/wp-content\\\/uploads\\\/2025\\\/11\\\/Capa_Tecnologias-das-Linguagens.jpg\",\"width\":800,\"height\":1159},{\"@type\":\"BreadcrumbList\",\"@id\":\"https:\\\/\\\/ponteseditores.com.br\\\/loja3\\\/pontes-editores-home-2__trashed\\\/ebook\\\/lancamento-e-book\\\/tecnologias-das-linguagens-em-verbetes-enciclopedia-transdisciplinar-em-linguagem\\\/#breadcrumb\",\"itemListElement\":[{\"@type\":\"ListItem\",\"position\":1,\"name\":\"Home\",\"item\":\"https:\\\/\\\/ponteseditores.com.br\\\/loja3\\\/\"},{\"@type\":\"ListItem\",\"position\":2,\"name\":\"loja\",\"item\":\"https:\\\/\\\/ponteseditores.com.br\\\/loja3\\\/loja\\\/\"},{\"@type\":\"ListItem\",\"position\":3,\"name\":\"Tecnologias das Linguagens em Verbetes: enciclop\u00e9dia transdisciplinar em linguagem,\"}]},{\"@type\":\"WebSite\",\"@id\":\"https:\\\/\\\/ponteseditores.com.br\\\/loja3\\\/#website\",\"url\":\"https:\\\/\\\/ponteseditores.com.br\\\/loja3\\\/\",\"name\":\"Pontes Editores\",\"description\":\"Pontes Editores\",\"publisher\":{\"@id\":\"https:\\\/\\\/ponteseditores.com.br\\\/loja3\\\/#organization\"},\"potentialAction\":[{\"@type\":\"SearchAction\",\"target\":{\"@type\":\"EntryPoint\",\"urlTemplate\":\"https:\\\/\\\/ponteseditores.com.br\\\/loja3\\\/?s={search_term_string}\"},\"query-input\":{\"@type\":\"PropertyValueSpecification\",\"valueRequired\":true,\"valueName\":\"search_term_string\"}}],\"inLanguage\":\"pt-BR\"},{\"@type\":\"Organization\",\"@id\":\"https:\\\/\\\/ponteseditores.com.br\\\/loja3\\\/#organization\",\"name\":\"Pontes Editores\",\"url\":\"https:\\\/\\\/ponteseditores.com.br\\\/loja3\\\/\",\"logo\":{\"@type\":\"ImageObject\",\"inLanguage\":\"pt-BR\",\"@id\":\"https:\\\/\\\/ponteseditores.com.br\\\/loja3\\\/#\\\/schema\\\/logo\\\/image\\\/\",\"url\":\"https:\\\/\\\/ponteseditores.com.br\\\/loja3\\\/wp-content\\\/uploads\\\/2023\\\/12\\\/logo-pontes-editores-v2.png\",\"contentUrl\":\"https:\\\/\\\/ponteseditores.com.br\\\/loja3\\\/wp-content\\\/uploads\\\/2023\\\/12\\\/logo-pontes-editores-v2.png\",\"width\":258,\"height\":100,\"caption\":\"Pontes Editores\"},\"image\":{\"@id\":\"https:\\\/\\\/ponteseditores.com.br\\\/loja3\\\/#\\\/schema\\\/logo\\\/image\\\/\"}}]}<\/script>\n<!-- \/ Yoast SEO plugin. -->","yoast_head_json":{"title":"Tecnologias das Linguagens em Verbetes: enciclop\u00e9dia transdisciplinar em linguagem, - Pontes Editores","robots":{"index":"index","follow":"follow","max-snippet":"max-snippet:-1","max-image-preview":"max-image-preview:large","max-video-preview":"max-video-preview:-1"},"canonical":"https:\/\/ponteseditores.com.br\/loja3\/pontes-editores-home-2__trashed\/ebook\/lancamento-e-book\/tecnologias-das-linguagens-em-verbetes-enciclopedia-transdisciplinar-em-linguagem\/","og_locale":"pt_BR","og_type":"article","og_title":"Tecnologias das Linguagens em Verbetes: enciclop\u00e9dia transdisciplinar em linguagem, - Pontes Editores","og_description":"Todo processo de cria\u00e7\u00e3o de conhecimento, toda constru\u00e7\u00e3o de um campo problem\u00e1tico de investiga\u00e7\u00e3o mobiliza um ou mais conceitos operadores. N\u00e3o tem sido diferente no Programa de P\u00f3s-Gradua\u00e7\u00e3o em Tecnologias das Linguagens (PPGTEL), mantido pelo Departamento de Ci\u00eancias Humanas, o Campus V da Universidade do Estado da Bahia. O fil\u00f3sofo Gilles Deleuze destaca que os [&hellip;]","og_url":"https:\/\/ponteseditores.com.br\/loja3\/pontes-editores-home-2__trashed\/ebook\/lancamento-e-book\/tecnologias-das-linguagens-em-verbetes-enciclopedia-transdisciplinar-em-linguagem\/","og_site_name":"Pontes Editores","article_modified_time":"2025-11-04T13:20:03+00:00","og_image":[{"width":800,"height":1159,"url":"https:\/\/ponteseditores.com.br\/loja3\/wp-content\/uploads\/2025\/11\/Capa_Tecnologias-das-Linguagens.jpg","type":"image\/jpeg"}],"twitter_card":"summary_large_image","twitter_misc":{"Est. tempo de leitura":"2 minutos"},"schema":{"@context":"https:\/\/schema.org","@graph":[{"@type":"WebPage","@id":"https:\/\/ponteseditores.com.br\/loja3\/pontes-editores-home-2__trashed\/ebook\/lancamento-e-book\/tecnologias-das-linguagens-em-verbetes-enciclopedia-transdisciplinar-em-linguagem\/","url":"https:\/\/ponteseditores.com.br\/loja3\/pontes-editores-home-2__trashed\/ebook\/lancamento-e-book\/tecnologias-das-linguagens-em-verbetes-enciclopedia-transdisciplinar-em-linguagem\/","name":"Tecnologias das Linguagens em Verbetes: enciclop\u00e9dia transdisciplinar em linguagem, - Pontes Editores","isPartOf":{"@id":"https:\/\/ponteseditores.com.br\/loja3\/#website"},"primaryImageOfPage":{"@id":"https:\/\/ponteseditores.com.br\/loja3\/pontes-editores-home-2__trashed\/ebook\/lancamento-e-book\/tecnologias-das-linguagens-em-verbetes-enciclopedia-transdisciplinar-em-linguagem\/#primaryimage"},"image":{"@id":"https:\/\/ponteseditores.com.br\/loja3\/pontes-editores-home-2__trashed\/ebook\/lancamento-e-book\/tecnologias-das-linguagens-em-verbetes-enciclopedia-transdisciplinar-em-linguagem\/#primaryimage"},"thumbnailUrl":"https:\/\/ponteseditores.com.br\/loja3\/wp-content\/uploads\/2025\/11\/Capa_Tecnologias-das-Linguagens.jpg","datePublished":"2025-11-03T19:44:16+00:00","dateModified":"2025-11-04T13:20:03+00:00","breadcrumb":{"@id":"https:\/\/ponteseditores.com.br\/loja3\/pontes-editores-home-2__trashed\/ebook\/lancamento-e-book\/tecnologias-das-linguagens-em-verbetes-enciclopedia-transdisciplinar-em-linguagem\/#breadcrumb"},"inLanguage":"pt-BR","potentialAction":[{"@type":"ReadAction","target":["https:\/\/ponteseditores.com.br\/loja3\/pontes-editores-home-2__trashed\/ebook\/lancamento-e-book\/tecnologias-das-linguagens-em-verbetes-enciclopedia-transdisciplinar-em-linguagem\/"]}]},{"@type":"ImageObject","inLanguage":"pt-BR","@id":"https:\/\/ponteseditores.com.br\/loja3\/pontes-editores-home-2__trashed\/ebook\/lancamento-e-book\/tecnologias-das-linguagens-em-verbetes-enciclopedia-transdisciplinar-em-linguagem\/#primaryimage","url":"https:\/\/ponteseditores.com.br\/loja3\/wp-content\/uploads\/2025\/11\/Capa_Tecnologias-das-Linguagens.jpg","contentUrl":"https:\/\/ponteseditores.com.br\/loja3\/wp-content\/uploads\/2025\/11\/Capa_Tecnologias-das-Linguagens.jpg","width":800,"height":1159},{"@type":"BreadcrumbList","@id":"https:\/\/ponteseditores.com.br\/loja3\/pontes-editores-home-2__trashed\/ebook\/lancamento-e-book\/tecnologias-das-linguagens-em-verbetes-enciclopedia-transdisciplinar-em-linguagem\/#breadcrumb","itemListElement":[{"@type":"ListItem","position":1,"name":"Home","item":"https:\/\/ponteseditores.com.br\/loja3\/"},{"@type":"ListItem","position":2,"name":"loja","item":"https:\/\/ponteseditores.com.br\/loja3\/loja\/"},{"@type":"ListItem","position":3,"name":"Tecnologias das Linguagens em Verbetes: enciclop\u00e9dia transdisciplinar em linguagem,"}]},{"@type":"WebSite","@id":"https:\/\/ponteseditores.com.br\/loja3\/#website","url":"https:\/\/ponteseditores.com.br\/loja3\/","name":"Pontes Editores","description":"Pontes Editores","publisher":{"@id":"https:\/\/ponteseditores.com.br\/loja3\/#organization"},"potentialAction":[{"@type":"SearchAction","target":{"@type":"EntryPoint","urlTemplate":"https:\/\/ponteseditores.com.br\/loja3\/?s={search_term_string}"},"query-input":{"@type":"PropertyValueSpecification","valueRequired":true,"valueName":"search_term_string"}}],"inLanguage":"pt-BR"},{"@type":"Organization","@id":"https:\/\/ponteseditores.com.br\/loja3\/#organization","name":"Pontes Editores","url":"https:\/\/ponteseditores.com.br\/loja3\/","logo":{"@type":"ImageObject","inLanguage":"pt-BR","@id":"https:\/\/ponteseditores.com.br\/loja3\/#\/schema\/logo\/image\/","url":"https:\/\/ponteseditores.com.br\/loja3\/wp-content\/uploads\/2023\/12\/logo-pontes-editores-v2.png","contentUrl":"https:\/\/ponteseditores.com.br\/loja3\/wp-content\/uploads\/2023\/12\/logo-pontes-editores-v2.png","width":258,"height":100,"caption":"Pontes Editores"},"image":{"@id":"https:\/\/ponteseditores.com.br\/loja3\/#\/schema\/logo\/image\/"}}]}},"_links":{"self":[{"href":"https:\/\/ponteseditores.com.br\/loja3\/wp-json\/wp\/v2\/product\/33111","targetHints":{"allow":["GET"]}}],"collection":[{"href":"https:\/\/ponteseditores.com.br\/loja3\/wp-json\/wp\/v2\/product"}],"about":[{"href":"https:\/\/ponteseditores.com.br\/loja3\/wp-json\/wp\/v2\/types\/product"}],"replies":[{"embeddable":true,"href":"https:\/\/ponteseditores.com.br\/loja3\/wp-json\/wp\/v2\/comments?post=33111"}],"version-history":[{"count":2,"href":"https:\/\/ponteseditores.com.br\/loja3\/wp-json\/wp\/v2\/product\/33111\/revisions"}],"predecessor-version":[{"id":33164,"href":"https:\/\/ponteseditores.com.br\/loja3\/wp-json\/wp\/v2\/product\/33111\/revisions\/33164"}],"wp:featuredmedia":[{"embeddable":true,"href":"https:\/\/ponteseditores.com.br\/loja3\/wp-json\/wp\/v2\/media\/33113"}],"wp:attachment":[{"href":"https:\/\/ponteseditores.com.br\/loja3\/wp-json\/wp\/v2\/media?parent=33111"}],"wp:term":[{"taxonomy":"product_brand","embeddable":true,"href":"https:\/\/ponteseditores.com.br\/loja3\/wp-json\/wp\/v2\/product_brand?post=33111"},{"taxonomy":"product_cat","embeddable":true,"href":"https:\/\/ponteseditores.com.br\/loja3\/wp-json\/wp\/v2\/product_cat?post=33111"},{"taxonomy":"product_tag","embeddable":true,"href":"https:\/\/ponteseditores.com.br\/loja3\/wp-json\/wp\/v2\/product_tag?post=33111"}],"curies":[{"name":"wp","href":"https:\/\/api.w.org\/{rel}","templated":true}]}}