{"id":32964,"date":"2025-10-31T13:34:06","date_gmt":"2025-10-31T16:34:06","guid":{"rendered":"https:\/\/ponteseditores.com.br\/loja3\/?post_type=product&#038;p=32964"},"modified":"2025-11-11T10:13:28","modified_gmt":"2025-11-11T13:13:28","slug":"traducao-e-interpretacao-da-libras-em-diferentes-contextos","status":"publish","type":"product","link":"https:\/\/ponteseditores.com.br\/loja3\/pontes-editores-home-2__trashed\/ebook\/lancamento-e-book\/traducao-e-interpretacao-da-libras-em-diferentes-contextos\/","title":{"rendered":"Tradu\u00e7\u00e3o e interpreta\u00e7\u00e3o da libras em diferentes contextos"},"content":{"rendered":"<p>A acessibilidade lingu\u00edstica \u00e9 um direito humano e um compromisso \u00e9tico com a inclus\u00e3o. Em Tradu\u00e7\u00e3o e Interpreta\u00e7\u00e3o da Libras em Diferentes Contextos, pesquisadores e profissionais da \u00e1rea refletem sobre o papel transformador da tradu\u00e7\u00e3o e da interpreta\u00e7\u00e3o da L\u00edngua Brasileira de Sinais (Libras) na constru\u00e7\u00e3o de uma sociedade mais justa e acess\u00edvel.<\/p>\n<p>Organizada por Gl\u00e1ucio Castro J\u00fanior, Gildete da Silva Amorim Mendes Francisco, Daniela Prometi, Neemias Gomes Santana e Patr\u00edcia Tuxi, a obra re\u00fane 14 cap\u00edtulos que abordam temas essenciais \u00e0 pr\u00e1tica e \u00e0 pesquisa em Libras: educa\u00e7\u00e3o inclusiva, tradu\u00e7\u00e3o liter\u00e1ria, forma\u00e7\u00e3o profissional, acessibilidade cultural, atua\u00e7\u00e3o em tempos de pandemia e visibilidade nas m\u00eddias. Mais do que um panorama do campo, este livro \u00e9 um convite \u00e0 reflex\u00e3o sobre as pot\u00eancias da Libras como l\u00edngua de media\u00e7\u00e3o, express\u00e3o e resist\u00eancia cultural, reafirmando o valor social dos tradutores e int\u00e9rpretes como agentes de transforma\u00e7\u00e3o.<\/p>\n","protected":false},"excerpt":{"rendered":"<p>A acessibilidade lingu\u00edstica \u00e9 um direito humano e um compromisso \u00e9tico com a inclus\u00e3o. Em Tradu\u00e7\u00e3o e Interpreta\u00e7\u00e3o da Libras em Diferentes Contextos, pesquisadores e profissionais da \u00e1rea refletem sobre o papel transformador da tradu\u00e7\u00e3o e da interpreta\u00e7\u00e3o da L\u00edngua Brasileira de Sinais (Libras) na constru\u00e7\u00e3o de uma sociedade mais justa e acess\u00edvel. Organizada por [&hellip;]<\/p>\n","protected":false},"featured_media":32966,"comment_status":"open","ping_status":"closed","template":"","meta":{"_joinchat":[]},"product_brand":[],"product_cat":[165,386,31],"product_tag":[],"class_list":{"0":"post-32964","1":"product","2":"type-product","3":"status-publish","4":"has-post-thumbnail","6":"product_cat-ebook","7":"product_cat-lancamento-e-book","8":"product_cat-linguistica","10":"first","11":"instock","12":"downloadable","13":"virtual","14":"purchasable","15":"product-type-simple"},"yoast_head":"<!-- This site is optimized with the Yoast SEO plugin v27.4 - https:\/\/yoast.com\/product\/yoast-seo-wordpress\/ -->\n<title>Tradu\u00e7\u00e3o e interpreta\u00e7\u00e3o da libras em diferentes contextos - Pontes Editores<\/title>\n<meta name=\"robots\" content=\"index, follow, max-snippet:-1, max-image-preview:large, max-video-preview:-1\" \/>\n<link rel=\"canonical\" href=\"https:\/\/ponteseditores.com.br\/loja3\/pontes-editores-home-2__trashed\/ebook\/lancamento-e-book\/traducao-e-interpretacao-da-libras-em-diferentes-contextos\/\" \/>\n<meta property=\"og:locale\" content=\"pt_BR\" \/>\n<meta property=\"og:type\" content=\"article\" \/>\n<meta property=\"og:title\" content=\"Tradu\u00e7\u00e3o e interpreta\u00e7\u00e3o da libras em diferentes contextos - Pontes Editores\" \/>\n<meta property=\"og:description\" content=\"A acessibilidade lingu\u00edstica \u00e9 um direito humano e um compromisso \u00e9tico com a inclus\u00e3o. Em Tradu\u00e7\u00e3o e Interpreta\u00e7\u00e3o da Libras em Diferentes Contextos, pesquisadores e profissionais da \u00e1rea refletem sobre o papel transformador da tradu\u00e7\u00e3o e da interpreta\u00e7\u00e3o da L\u00edngua Brasileira de Sinais (Libras) na constru\u00e7\u00e3o de uma sociedade mais justa e acess\u00edvel. Organizada por [&hellip;]\" \/>\n<meta property=\"og:url\" content=\"https:\/\/ponteseditores.com.br\/loja3\/pontes-editores-home-2__trashed\/ebook\/lancamento-e-book\/traducao-e-interpretacao-da-libras-em-diferentes-contextos\/\" \/>\n<meta property=\"og:site_name\" content=\"Pontes Editores\" \/>\n<meta property=\"article:modified_time\" content=\"2025-11-11T13:13:28+00:00\" \/>\n<meta property=\"og:image\" content=\"https:\/\/ponteseditores.com.br\/loja3\/wp-content\/uploads\/2025\/10\/Capa_Traducao-e-Interpretacao.jpg\" \/>\n\t<meta property=\"og:image:width\" content=\"800\" \/>\n\t<meta property=\"og:image:height\" content=\"1159\" \/>\n\t<meta property=\"og:image:type\" content=\"image\/jpeg\" \/>\n<meta name=\"twitter:card\" content=\"summary_large_image\" \/>\n<meta name=\"twitter:label1\" content=\"Est. tempo de leitura\" \/>\n\t<meta name=\"twitter:data1\" content=\"1 minuto\" \/>\n<script type=\"application\/ld+json\" class=\"yoast-schema-graph\">{\"@context\":\"https:\\\/\\\/schema.org\",\"@graph\":[{\"@type\":\"WebPage\",\"@id\":\"https:\\\/\\\/ponteseditores.com.br\\\/loja3\\\/pontes-editores-home-2__trashed\\\/ebook\\\/lancamento-e-book\\\/traducao-e-interpretacao-da-libras-em-diferentes-contextos\\\/\",\"url\":\"https:\\\/\\\/ponteseditores.com.br\\\/loja3\\\/pontes-editores-home-2__trashed\\\/ebook\\\/lancamento-e-book\\\/traducao-e-interpretacao-da-libras-em-diferentes-contextos\\\/\",\"name\":\"Tradu\u00e7\u00e3o e interpreta\u00e7\u00e3o da libras em diferentes contextos - Pontes Editores\",\"isPartOf\":{\"@id\":\"https:\\\/\\\/ponteseditores.com.br\\\/loja3\\\/#website\"},\"primaryImageOfPage\":{\"@id\":\"https:\\\/\\\/ponteseditores.com.br\\\/loja3\\\/pontes-editores-home-2__trashed\\\/ebook\\\/lancamento-e-book\\\/traducao-e-interpretacao-da-libras-em-diferentes-contextos\\\/#primaryimage\"},\"image\":{\"@id\":\"https:\\\/\\\/ponteseditores.com.br\\\/loja3\\\/pontes-editores-home-2__trashed\\\/ebook\\\/lancamento-e-book\\\/traducao-e-interpretacao-da-libras-em-diferentes-contextos\\\/#primaryimage\"},\"thumbnailUrl\":\"https:\\\/\\\/ponteseditores.com.br\\\/loja3\\\/wp-content\\\/uploads\\\/2025\\\/10\\\/Capa_Traducao-e-Interpretacao.jpg\",\"datePublished\":\"2025-10-31T16:34:06+00:00\",\"dateModified\":\"2025-11-11T13:13:28+00:00\",\"breadcrumb\":{\"@id\":\"https:\\\/\\\/ponteseditores.com.br\\\/loja3\\\/pontes-editores-home-2__trashed\\\/ebook\\\/lancamento-e-book\\\/traducao-e-interpretacao-da-libras-em-diferentes-contextos\\\/#breadcrumb\"},\"inLanguage\":\"pt-BR\",\"potentialAction\":[{\"@type\":\"ReadAction\",\"target\":[\"https:\\\/\\\/ponteseditores.com.br\\\/loja3\\\/pontes-editores-home-2__trashed\\\/ebook\\\/lancamento-e-book\\\/traducao-e-interpretacao-da-libras-em-diferentes-contextos\\\/\"]}]},{\"@type\":\"ImageObject\",\"inLanguage\":\"pt-BR\",\"@id\":\"https:\\\/\\\/ponteseditores.com.br\\\/loja3\\\/pontes-editores-home-2__trashed\\\/ebook\\\/lancamento-e-book\\\/traducao-e-interpretacao-da-libras-em-diferentes-contextos\\\/#primaryimage\",\"url\":\"https:\\\/\\\/ponteseditores.com.br\\\/loja3\\\/wp-content\\\/uploads\\\/2025\\\/10\\\/Capa_Traducao-e-Interpretacao.jpg\",\"contentUrl\":\"https:\\\/\\\/ponteseditores.com.br\\\/loja3\\\/wp-content\\\/uploads\\\/2025\\\/10\\\/Capa_Traducao-e-Interpretacao.jpg\",\"width\":800,\"height\":1159},{\"@type\":\"BreadcrumbList\",\"@id\":\"https:\\\/\\\/ponteseditores.com.br\\\/loja3\\\/pontes-editores-home-2__trashed\\\/ebook\\\/lancamento-e-book\\\/traducao-e-interpretacao-da-libras-em-diferentes-contextos\\\/#breadcrumb\",\"itemListElement\":[{\"@type\":\"ListItem\",\"position\":1,\"name\":\"Home\",\"item\":\"https:\\\/\\\/ponteseditores.com.br\\\/loja3\\\/\"},{\"@type\":\"ListItem\",\"position\":2,\"name\":\"loja\",\"item\":\"https:\\\/\\\/ponteseditores.com.br\\\/loja3\\\/loja\\\/\"},{\"@type\":\"ListItem\",\"position\":3,\"name\":\"Tradu\u00e7\u00e3o e interpreta\u00e7\u00e3o da libras em diferentes contextos\"}]},{\"@type\":\"WebSite\",\"@id\":\"https:\\\/\\\/ponteseditores.com.br\\\/loja3\\\/#website\",\"url\":\"https:\\\/\\\/ponteseditores.com.br\\\/loja3\\\/\",\"name\":\"Pontes Editores\",\"description\":\"Pontes Editores\",\"publisher\":{\"@id\":\"https:\\\/\\\/ponteseditores.com.br\\\/loja3\\\/#organization\"},\"potentialAction\":[{\"@type\":\"SearchAction\",\"target\":{\"@type\":\"EntryPoint\",\"urlTemplate\":\"https:\\\/\\\/ponteseditores.com.br\\\/loja3\\\/?s={search_term_string}\"},\"query-input\":{\"@type\":\"PropertyValueSpecification\",\"valueRequired\":true,\"valueName\":\"search_term_string\"}}],\"inLanguage\":\"pt-BR\"},{\"@type\":\"Organization\",\"@id\":\"https:\\\/\\\/ponteseditores.com.br\\\/loja3\\\/#organization\",\"name\":\"Pontes Editores\",\"url\":\"https:\\\/\\\/ponteseditores.com.br\\\/loja3\\\/\",\"logo\":{\"@type\":\"ImageObject\",\"inLanguage\":\"pt-BR\",\"@id\":\"https:\\\/\\\/ponteseditores.com.br\\\/loja3\\\/#\\\/schema\\\/logo\\\/image\\\/\",\"url\":\"https:\\\/\\\/ponteseditores.com.br\\\/loja3\\\/wp-content\\\/uploads\\\/2023\\\/12\\\/logo-pontes-editores-v2.png\",\"contentUrl\":\"https:\\\/\\\/ponteseditores.com.br\\\/loja3\\\/wp-content\\\/uploads\\\/2023\\\/12\\\/logo-pontes-editores-v2.png\",\"width\":258,\"height\":100,\"caption\":\"Pontes Editores\"},\"image\":{\"@id\":\"https:\\\/\\\/ponteseditores.com.br\\\/loja3\\\/#\\\/schema\\\/logo\\\/image\\\/\"}}]}<\/script>\n<!-- \/ Yoast SEO plugin. -->","yoast_head_json":{"title":"Tradu\u00e7\u00e3o e interpreta\u00e7\u00e3o da libras em diferentes contextos - Pontes Editores","robots":{"index":"index","follow":"follow","max-snippet":"max-snippet:-1","max-image-preview":"max-image-preview:large","max-video-preview":"max-video-preview:-1"},"canonical":"https:\/\/ponteseditores.com.br\/loja3\/pontes-editores-home-2__trashed\/ebook\/lancamento-e-book\/traducao-e-interpretacao-da-libras-em-diferentes-contextos\/","og_locale":"pt_BR","og_type":"article","og_title":"Tradu\u00e7\u00e3o e interpreta\u00e7\u00e3o da libras em diferentes contextos - Pontes Editores","og_description":"A acessibilidade lingu\u00edstica \u00e9 um direito humano e um compromisso \u00e9tico com a inclus\u00e3o. Em Tradu\u00e7\u00e3o e Interpreta\u00e7\u00e3o da Libras em Diferentes Contextos, pesquisadores e profissionais da \u00e1rea refletem sobre o papel transformador da tradu\u00e7\u00e3o e da interpreta\u00e7\u00e3o da L\u00edngua Brasileira de Sinais (Libras) na constru\u00e7\u00e3o de uma sociedade mais justa e acess\u00edvel. Organizada por [&hellip;]","og_url":"https:\/\/ponteseditores.com.br\/loja3\/pontes-editores-home-2__trashed\/ebook\/lancamento-e-book\/traducao-e-interpretacao-da-libras-em-diferentes-contextos\/","og_site_name":"Pontes Editores","article_modified_time":"2025-11-11T13:13:28+00:00","og_image":[{"width":800,"height":1159,"url":"https:\/\/ponteseditores.com.br\/loja3\/wp-content\/uploads\/2025\/10\/Capa_Traducao-e-Interpretacao.jpg","type":"image\/jpeg"}],"twitter_card":"summary_large_image","twitter_misc":{"Est. tempo de leitura":"1 minuto"},"schema":{"@context":"https:\/\/schema.org","@graph":[{"@type":"WebPage","@id":"https:\/\/ponteseditores.com.br\/loja3\/pontes-editores-home-2__trashed\/ebook\/lancamento-e-book\/traducao-e-interpretacao-da-libras-em-diferentes-contextos\/","url":"https:\/\/ponteseditores.com.br\/loja3\/pontes-editores-home-2__trashed\/ebook\/lancamento-e-book\/traducao-e-interpretacao-da-libras-em-diferentes-contextos\/","name":"Tradu\u00e7\u00e3o e interpreta\u00e7\u00e3o da libras em diferentes contextos - Pontes Editores","isPartOf":{"@id":"https:\/\/ponteseditores.com.br\/loja3\/#website"},"primaryImageOfPage":{"@id":"https:\/\/ponteseditores.com.br\/loja3\/pontes-editores-home-2__trashed\/ebook\/lancamento-e-book\/traducao-e-interpretacao-da-libras-em-diferentes-contextos\/#primaryimage"},"image":{"@id":"https:\/\/ponteseditores.com.br\/loja3\/pontes-editores-home-2__trashed\/ebook\/lancamento-e-book\/traducao-e-interpretacao-da-libras-em-diferentes-contextos\/#primaryimage"},"thumbnailUrl":"https:\/\/ponteseditores.com.br\/loja3\/wp-content\/uploads\/2025\/10\/Capa_Traducao-e-Interpretacao.jpg","datePublished":"2025-10-31T16:34:06+00:00","dateModified":"2025-11-11T13:13:28+00:00","breadcrumb":{"@id":"https:\/\/ponteseditores.com.br\/loja3\/pontes-editores-home-2__trashed\/ebook\/lancamento-e-book\/traducao-e-interpretacao-da-libras-em-diferentes-contextos\/#breadcrumb"},"inLanguage":"pt-BR","potentialAction":[{"@type":"ReadAction","target":["https:\/\/ponteseditores.com.br\/loja3\/pontes-editores-home-2__trashed\/ebook\/lancamento-e-book\/traducao-e-interpretacao-da-libras-em-diferentes-contextos\/"]}]},{"@type":"ImageObject","inLanguage":"pt-BR","@id":"https:\/\/ponteseditores.com.br\/loja3\/pontes-editores-home-2__trashed\/ebook\/lancamento-e-book\/traducao-e-interpretacao-da-libras-em-diferentes-contextos\/#primaryimage","url":"https:\/\/ponteseditores.com.br\/loja3\/wp-content\/uploads\/2025\/10\/Capa_Traducao-e-Interpretacao.jpg","contentUrl":"https:\/\/ponteseditores.com.br\/loja3\/wp-content\/uploads\/2025\/10\/Capa_Traducao-e-Interpretacao.jpg","width":800,"height":1159},{"@type":"BreadcrumbList","@id":"https:\/\/ponteseditores.com.br\/loja3\/pontes-editores-home-2__trashed\/ebook\/lancamento-e-book\/traducao-e-interpretacao-da-libras-em-diferentes-contextos\/#breadcrumb","itemListElement":[{"@type":"ListItem","position":1,"name":"Home","item":"https:\/\/ponteseditores.com.br\/loja3\/"},{"@type":"ListItem","position":2,"name":"loja","item":"https:\/\/ponteseditores.com.br\/loja3\/loja\/"},{"@type":"ListItem","position":3,"name":"Tradu\u00e7\u00e3o e interpreta\u00e7\u00e3o da libras em diferentes contextos"}]},{"@type":"WebSite","@id":"https:\/\/ponteseditores.com.br\/loja3\/#website","url":"https:\/\/ponteseditores.com.br\/loja3\/","name":"Pontes Editores","description":"Pontes Editores","publisher":{"@id":"https:\/\/ponteseditores.com.br\/loja3\/#organization"},"potentialAction":[{"@type":"SearchAction","target":{"@type":"EntryPoint","urlTemplate":"https:\/\/ponteseditores.com.br\/loja3\/?s={search_term_string}"},"query-input":{"@type":"PropertyValueSpecification","valueRequired":true,"valueName":"search_term_string"}}],"inLanguage":"pt-BR"},{"@type":"Organization","@id":"https:\/\/ponteseditores.com.br\/loja3\/#organization","name":"Pontes Editores","url":"https:\/\/ponteseditores.com.br\/loja3\/","logo":{"@type":"ImageObject","inLanguage":"pt-BR","@id":"https:\/\/ponteseditores.com.br\/loja3\/#\/schema\/logo\/image\/","url":"https:\/\/ponteseditores.com.br\/loja3\/wp-content\/uploads\/2023\/12\/logo-pontes-editores-v2.png","contentUrl":"https:\/\/ponteseditores.com.br\/loja3\/wp-content\/uploads\/2023\/12\/logo-pontes-editores-v2.png","width":258,"height":100,"caption":"Pontes Editores"},"image":{"@id":"https:\/\/ponteseditores.com.br\/loja3\/#\/schema\/logo\/image\/"}}]}},"_links":{"self":[{"href":"https:\/\/ponteseditores.com.br\/loja3\/wp-json\/wp\/v2\/product\/32964","targetHints":{"allow":["GET"]}}],"collection":[{"href":"https:\/\/ponteseditores.com.br\/loja3\/wp-json\/wp\/v2\/product"}],"about":[{"href":"https:\/\/ponteseditores.com.br\/loja3\/wp-json\/wp\/v2\/types\/product"}],"replies":[{"embeddable":true,"href":"https:\/\/ponteseditores.com.br\/loja3\/wp-json\/wp\/v2\/comments?post=32964"}],"version-history":[{"count":1,"href":"https:\/\/ponteseditores.com.br\/loja3\/wp-json\/wp\/v2\/product\/32964\/revisions"}],"predecessor-version":[{"id":32967,"href":"https:\/\/ponteseditores.com.br\/loja3\/wp-json\/wp\/v2\/product\/32964\/revisions\/32967"}],"wp:featuredmedia":[{"embeddable":true,"href":"https:\/\/ponteseditores.com.br\/loja3\/wp-json\/wp\/v2\/media\/32966"}],"wp:attachment":[{"href":"https:\/\/ponteseditores.com.br\/loja3\/wp-json\/wp\/v2\/media?parent=32964"}],"wp:term":[{"taxonomy":"product_brand","embeddable":true,"href":"https:\/\/ponteseditores.com.br\/loja3\/wp-json\/wp\/v2\/product_brand?post=32964"},{"taxonomy":"product_cat","embeddable":true,"href":"https:\/\/ponteseditores.com.br\/loja3\/wp-json\/wp\/v2\/product_cat?post=32964"},{"taxonomy":"product_tag","embeddable":true,"href":"https:\/\/ponteseditores.com.br\/loja3\/wp-json\/wp\/v2\/product_tag?post=32964"}],"curies":[{"name":"wp","href":"https:\/\/api.w.org\/{rel}","templated":true}]}}