{"id":32896,"date":"2025-10-30T09:29:07","date_gmt":"2025-10-30T12:29:07","guid":{"rendered":"https:\/\/ponteseditores.com.br\/loja3\/?post_type=product&#038;p=32896"},"modified":"2025-10-30T09:29:07","modified_gmt":"2025-10-30T12:29:07","slug":"fitec-4a-revolucao-industrial","status":"publish","type":"product","link":"https:\/\/ponteseditores.com.br\/loja3\/pontes-editores-home-2__trashed\/ebook\/lancamento-e-book\/fitec-4a-revolucao-industrial\/","title":{"rendered":"FITec &#8211; 4\u00aa Revolu\u00e7\u00e3o Industrial"},"content":{"rendered":"<p>A 4\u00aa Revolu\u00e7\u00e3o Industrial, tamb\u00e9m conhecida como Ind\u00fastria 4.0, \u00e9 um movimento global que est\u00e1 transformando profundamente a maneira como produzimos e interagimos com as tecnologias. Caracterizada pela fus\u00e3o de tecnologias f\u00edsicas, digitais e biol\u00f3gicas, essa revolu\u00e7\u00e3o envolve inova\u00e7\u00f5es como a intelig\u00eancia artificial (IA), a internet das coisas (IoT), a automa\u00e7\u00e3o avan\u00e7ada, a impress\u00e3o 3D, a rob\u00f3tica, a realidade aumentada e a an\u00e1lise de grandes volumes de dados (big data). Diferente das revolu\u00e7\u00f5es industriais anteriores, que se concentraram principalmente em mudan\u00e7as na produ\u00e7\u00e3o f\u00edsica e nas formas de trabalho, a Ind\u00fastria 4.0 promove uma integra\u00e7\u00e3o entre o mundo f\u00edsico e o digital, criando f\u00e1bricas inteligentes e sistemas de<br \/>\nprodu\u00e7\u00e3o mais \u00e1geis e eficientes.<\/p>\n<p>Apesar de suas promessas de transforma\u00e7\u00e3o, a 4\u00aa Revolu\u00e7\u00e3o Industrial traz consigo uma s\u00e9rie de desafios. Um dos maiores \u00e9 a adaptabilidade das empresas e a capacita\u00e7\u00e3o da for\u00e7a de trabalho. O uso de tecnologias avan\u00e7adas exige uma atualiza\u00e7\u00e3o constante de habilidades e compet\u00eancias dos trabalhadores, al\u00e9m de um significativo investimento em infraestrutura tecnol\u00f3gica. Isso pode gerar uma desigualdade no acesso \u00e0s tecnologias, com algumas empresas e pa\u00edses mais avan\u00e7ados se beneficiando mais rapidamente, enquanto outros podem enfrentar dificuldades para se adaptar. Al\u00e9m disso, h\u00e1 o risco de substitui\u00e7\u00e3o de empregos por m\u00e1quinas e algoritmos, o que pode gerar inseguran\u00e7a no mercado de trabalho, principalmente em setores mais tradicionais e operacionais. Por outro lado, a Ind\u00fastria 4.0 oferece in\u00fameras oportunidades.<\/p>\n<p>A automa\u00e7\u00e3o e a digitaliza\u00e7\u00e3o podem aumentar a efici\u00eancia e a produtividade, reduzir custos e melhorar a qualidade dos produtos e servi\u00e7os. A personaliza\u00e7\u00e3o em massa, por exemplo, permite a produ\u00e7\u00e3o de itens sob medida para as necessidades espec\u00edficas dos consumidores, sem perder a efici\u00eancia. Al\u00e9m disso, a sustentabilidade tamb\u00e9m \u00e9 uma \u00e1rea beneficiada, pois tecnologias como a energia renov\u00e1vel e a produ\u00e7\u00e3o inteligente podem reduzir o desperd\u00edcio e o impacto ambiental. A conectividade e a coleta de dados em tempo real tamb\u00e9m possibilitam uma tomada de decis\u00e3o mais informada e r\u00e1pida, o que pode otimizar processos e permitir a cria\u00e7\u00e3o de novos modelos de neg\u00f3cios.<\/p>\n","protected":false},"excerpt":{"rendered":"<p>A 4\u00aa Revolu\u00e7\u00e3o Industrial, tamb\u00e9m conhecida como Ind\u00fastria 4.0, \u00e9 um movimento global que est\u00e1 transformando profundamente a maneira como produzimos e interagimos com as tecnologias. Caracterizada pela fus\u00e3o de tecnologias f\u00edsicas, digitais e biol\u00f3gicas, essa revolu\u00e7\u00e3o envolve inova\u00e7\u00f5es como a intelig\u00eancia artificial (IA), a internet das coisas (IoT), a automa\u00e7\u00e3o avan\u00e7ada, a impress\u00e3o 3D, [&hellip;]<\/p>\n","protected":false},"featured_media":32898,"comment_status":"open","ping_status":"closed","template":"","meta":{"_joinchat":[]},"product_brand":[],"product_cat":[165,386],"product_tag":[],"class_list":{"0":"post-32896","1":"product","2":"type-product","3":"status-publish","4":"has-post-thumbnail","6":"product_cat-ebook","7":"product_cat-lancamento-e-book","9":"first","10":"instock","11":"downloadable","12":"virtual","13":"purchasable","14":"product-type-simple"},"yoast_head":"<!-- This site is optimized with the Yoast SEO plugin v27.4 - https:\/\/yoast.com\/product\/yoast-seo-wordpress\/ -->\n<title>FITec - 4\u00aa Revolu\u00e7\u00e3o Industrial - Pontes Editores<\/title>\n<meta name=\"robots\" content=\"index, follow, max-snippet:-1, max-image-preview:large, max-video-preview:-1\" \/>\n<link rel=\"canonical\" href=\"https:\/\/ponteseditores.com.br\/loja3\/pontes-editores-home-2__trashed\/ebook\/lancamento-e-book\/fitec-4a-revolucao-industrial\/\" \/>\n<meta property=\"og:locale\" content=\"pt_BR\" \/>\n<meta property=\"og:type\" content=\"article\" \/>\n<meta property=\"og:title\" content=\"FITec - 4\u00aa Revolu\u00e7\u00e3o Industrial - Pontes Editores\" \/>\n<meta property=\"og:description\" content=\"A 4\u00aa Revolu\u00e7\u00e3o Industrial, tamb\u00e9m conhecida como Ind\u00fastria 4.0, \u00e9 um movimento global que est\u00e1 transformando profundamente a maneira como produzimos e interagimos com as tecnologias. Caracterizada pela fus\u00e3o de tecnologias f\u00edsicas, digitais e biol\u00f3gicas, essa revolu\u00e7\u00e3o envolve inova\u00e7\u00f5es como a intelig\u00eancia artificial (IA), a internet das coisas (IoT), a automa\u00e7\u00e3o avan\u00e7ada, a impress\u00e3o 3D, [&hellip;]\" \/>\n<meta property=\"og:url\" content=\"https:\/\/ponteseditores.com.br\/loja3\/pontes-editores-home-2__trashed\/ebook\/lancamento-e-book\/fitec-4a-revolucao-industrial\/\" \/>\n<meta property=\"og:site_name\" content=\"Pontes Editores\" \/>\n<meta property=\"og:image\" content=\"https:\/\/ponteseditores.com.br\/loja3\/wp-content\/uploads\/2025\/10\/Capa_Fitec-4-Revolucao.webp\" \/>\n\t<meta property=\"og:image:width\" content=\"800\" \/>\n\t<meta property=\"og:image:height\" content=\"681\" \/>\n\t<meta property=\"og:image:type\" content=\"image\/webp\" \/>\n<meta name=\"twitter:card\" content=\"summary_large_image\" \/>\n<meta name=\"twitter:label1\" content=\"Est. tempo de leitura\" \/>\n\t<meta name=\"twitter:data1\" content=\"3 minutos\" \/>\n<script type=\"application\/ld+json\" class=\"yoast-schema-graph\">{\"@context\":\"https:\\\/\\\/schema.org\",\"@graph\":[{\"@type\":\"WebPage\",\"@id\":\"https:\\\/\\\/ponteseditores.com.br\\\/loja3\\\/pontes-editores-home-2__trashed\\\/ebook\\\/lancamento-e-book\\\/fitec-4a-revolucao-industrial\\\/\",\"url\":\"https:\\\/\\\/ponteseditores.com.br\\\/loja3\\\/pontes-editores-home-2__trashed\\\/ebook\\\/lancamento-e-book\\\/fitec-4a-revolucao-industrial\\\/\",\"name\":\"FITec - 4\u00aa Revolu\u00e7\u00e3o Industrial - Pontes Editores\",\"isPartOf\":{\"@id\":\"https:\\\/\\\/ponteseditores.com.br\\\/loja3\\\/#website\"},\"primaryImageOfPage\":{\"@id\":\"https:\\\/\\\/ponteseditores.com.br\\\/loja3\\\/pontes-editores-home-2__trashed\\\/ebook\\\/lancamento-e-book\\\/fitec-4a-revolucao-industrial\\\/#primaryimage\"},\"image\":{\"@id\":\"https:\\\/\\\/ponteseditores.com.br\\\/loja3\\\/pontes-editores-home-2__trashed\\\/ebook\\\/lancamento-e-book\\\/fitec-4a-revolucao-industrial\\\/#primaryimage\"},\"thumbnailUrl\":\"https:\\\/\\\/ponteseditores.com.br\\\/loja3\\\/wp-content\\\/uploads\\\/2025\\\/10\\\/Capa_Fitec-4-Revolucao.webp\",\"datePublished\":\"2025-10-30T12:29:07+00:00\",\"breadcrumb\":{\"@id\":\"https:\\\/\\\/ponteseditores.com.br\\\/loja3\\\/pontes-editores-home-2__trashed\\\/ebook\\\/lancamento-e-book\\\/fitec-4a-revolucao-industrial\\\/#breadcrumb\"},\"inLanguage\":\"pt-BR\",\"potentialAction\":[{\"@type\":\"ReadAction\",\"target\":[\"https:\\\/\\\/ponteseditores.com.br\\\/loja3\\\/pontes-editores-home-2__trashed\\\/ebook\\\/lancamento-e-book\\\/fitec-4a-revolucao-industrial\\\/\"]}]},{\"@type\":\"ImageObject\",\"inLanguage\":\"pt-BR\",\"@id\":\"https:\\\/\\\/ponteseditores.com.br\\\/loja3\\\/pontes-editores-home-2__trashed\\\/ebook\\\/lancamento-e-book\\\/fitec-4a-revolucao-industrial\\\/#primaryimage\",\"url\":\"https:\\\/\\\/ponteseditores.com.br\\\/loja3\\\/wp-content\\\/uploads\\\/2025\\\/10\\\/Capa_Fitec-4-Revolucao.webp\",\"contentUrl\":\"https:\\\/\\\/ponteseditores.com.br\\\/loja3\\\/wp-content\\\/uploads\\\/2025\\\/10\\\/Capa_Fitec-4-Revolucao.webp\",\"width\":800,\"height\":681},{\"@type\":\"BreadcrumbList\",\"@id\":\"https:\\\/\\\/ponteseditores.com.br\\\/loja3\\\/pontes-editores-home-2__trashed\\\/ebook\\\/lancamento-e-book\\\/fitec-4a-revolucao-industrial\\\/#breadcrumb\",\"itemListElement\":[{\"@type\":\"ListItem\",\"position\":1,\"name\":\"Home\",\"item\":\"https:\\\/\\\/ponteseditores.com.br\\\/loja3\\\/\"},{\"@type\":\"ListItem\",\"position\":2,\"name\":\"loja\",\"item\":\"https:\\\/\\\/ponteseditores.com.br\\\/loja3\\\/loja\\\/\"},{\"@type\":\"ListItem\",\"position\":3,\"name\":\"FITec &#8211; 4\u00aa Revolu\u00e7\u00e3o Industrial\"}]},{\"@type\":\"WebSite\",\"@id\":\"https:\\\/\\\/ponteseditores.com.br\\\/loja3\\\/#website\",\"url\":\"https:\\\/\\\/ponteseditores.com.br\\\/loja3\\\/\",\"name\":\"Pontes Editores\",\"description\":\"Pontes Editores\",\"publisher\":{\"@id\":\"https:\\\/\\\/ponteseditores.com.br\\\/loja3\\\/#organization\"},\"potentialAction\":[{\"@type\":\"SearchAction\",\"target\":{\"@type\":\"EntryPoint\",\"urlTemplate\":\"https:\\\/\\\/ponteseditores.com.br\\\/loja3\\\/?s={search_term_string}\"},\"query-input\":{\"@type\":\"PropertyValueSpecification\",\"valueRequired\":true,\"valueName\":\"search_term_string\"}}],\"inLanguage\":\"pt-BR\"},{\"@type\":\"Organization\",\"@id\":\"https:\\\/\\\/ponteseditores.com.br\\\/loja3\\\/#organization\",\"name\":\"Pontes Editores\",\"url\":\"https:\\\/\\\/ponteseditores.com.br\\\/loja3\\\/\",\"logo\":{\"@type\":\"ImageObject\",\"inLanguage\":\"pt-BR\",\"@id\":\"https:\\\/\\\/ponteseditores.com.br\\\/loja3\\\/#\\\/schema\\\/logo\\\/image\\\/\",\"url\":\"https:\\\/\\\/ponteseditores.com.br\\\/loja3\\\/wp-content\\\/uploads\\\/2023\\\/12\\\/logo-pontes-editores-v2.png\",\"contentUrl\":\"https:\\\/\\\/ponteseditores.com.br\\\/loja3\\\/wp-content\\\/uploads\\\/2023\\\/12\\\/logo-pontes-editores-v2.png\",\"width\":258,\"height\":100,\"caption\":\"Pontes Editores\"},\"image\":{\"@id\":\"https:\\\/\\\/ponteseditores.com.br\\\/loja3\\\/#\\\/schema\\\/logo\\\/image\\\/\"}}]}<\/script>\n<!-- \/ Yoast SEO plugin. -->","yoast_head_json":{"title":"FITec - 4\u00aa Revolu\u00e7\u00e3o Industrial - Pontes Editores","robots":{"index":"index","follow":"follow","max-snippet":"max-snippet:-1","max-image-preview":"max-image-preview:large","max-video-preview":"max-video-preview:-1"},"canonical":"https:\/\/ponteseditores.com.br\/loja3\/pontes-editores-home-2__trashed\/ebook\/lancamento-e-book\/fitec-4a-revolucao-industrial\/","og_locale":"pt_BR","og_type":"article","og_title":"FITec - 4\u00aa Revolu\u00e7\u00e3o Industrial - Pontes Editores","og_description":"A 4\u00aa Revolu\u00e7\u00e3o Industrial, tamb\u00e9m conhecida como Ind\u00fastria 4.0, \u00e9 um movimento global que est\u00e1 transformando profundamente a maneira como produzimos e interagimos com as tecnologias. Caracterizada pela fus\u00e3o de tecnologias f\u00edsicas, digitais e biol\u00f3gicas, essa revolu\u00e7\u00e3o envolve inova\u00e7\u00f5es como a intelig\u00eancia artificial (IA), a internet das coisas (IoT), a automa\u00e7\u00e3o avan\u00e7ada, a impress\u00e3o 3D, [&hellip;]","og_url":"https:\/\/ponteseditores.com.br\/loja3\/pontes-editores-home-2__trashed\/ebook\/lancamento-e-book\/fitec-4a-revolucao-industrial\/","og_site_name":"Pontes Editores","og_image":[{"width":800,"height":681,"url":"https:\/\/ponteseditores.com.br\/loja3\/wp-content\/uploads\/2025\/10\/Capa_Fitec-4-Revolucao.webp","type":"image\/webp"}],"twitter_card":"summary_large_image","twitter_misc":{"Est. tempo de leitura":"3 minutos"},"schema":{"@context":"https:\/\/schema.org","@graph":[{"@type":"WebPage","@id":"https:\/\/ponteseditores.com.br\/loja3\/pontes-editores-home-2__trashed\/ebook\/lancamento-e-book\/fitec-4a-revolucao-industrial\/","url":"https:\/\/ponteseditores.com.br\/loja3\/pontes-editores-home-2__trashed\/ebook\/lancamento-e-book\/fitec-4a-revolucao-industrial\/","name":"FITec - 4\u00aa Revolu\u00e7\u00e3o Industrial - Pontes Editores","isPartOf":{"@id":"https:\/\/ponteseditores.com.br\/loja3\/#website"},"primaryImageOfPage":{"@id":"https:\/\/ponteseditores.com.br\/loja3\/pontes-editores-home-2__trashed\/ebook\/lancamento-e-book\/fitec-4a-revolucao-industrial\/#primaryimage"},"image":{"@id":"https:\/\/ponteseditores.com.br\/loja3\/pontes-editores-home-2__trashed\/ebook\/lancamento-e-book\/fitec-4a-revolucao-industrial\/#primaryimage"},"thumbnailUrl":"https:\/\/ponteseditores.com.br\/loja3\/wp-content\/uploads\/2025\/10\/Capa_Fitec-4-Revolucao.webp","datePublished":"2025-10-30T12:29:07+00:00","breadcrumb":{"@id":"https:\/\/ponteseditores.com.br\/loja3\/pontes-editores-home-2__trashed\/ebook\/lancamento-e-book\/fitec-4a-revolucao-industrial\/#breadcrumb"},"inLanguage":"pt-BR","potentialAction":[{"@type":"ReadAction","target":["https:\/\/ponteseditores.com.br\/loja3\/pontes-editores-home-2__trashed\/ebook\/lancamento-e-book\/fitec-4a-revolucao-industrial\/"]}]},{"@type":"ImageObject","inLanguage":"pt-BR","@id":"https:\/\/ponteseditores.com.br\/loja3\/pontes-editores-home-2__trashed\/ebook\/lancamento-e-book\/fitec-4a-revolucao-industrial\/#primaryimage","url":"https:\/\/ponteseditores.com.br\/loja3\/wp-content\/uploads\/2025\/10\/Capa_Fitec-4-Revolucao.webp","contentUrl":"https:\/\/ponteseditores.com.br\/loja3\/wp-content\/uploads\/2025\/10\/Capa_Fitec-4-Revolucao.webp","width":800,"height":681},{"@type":"BreadcrumbList","@id":"https:\/\/ponteseditores.com.br\/loja3\/pontes-editores-home-2__trashed\/ebook\/lancamento-e-book\/fitec-4a-revolucao-industrial\/#breadcrumb","itemListElement":[{"@type":"ListItem","position":1,"name":"Home","item":"https:\/\/ponteseditores.com.br\/loja3\/"},{"@type":"ListItem","position":2,"name":"loja","item":"https:\/\/ponteseditores.com.br\/loja3\/loja\/"},{"@type":"ListItem","position":3,"name":"FITec &#8211; 4\u00aa Revolu\u00e7\u00e3o Industrial"}]},{"@type":"WebSite","@id":"https:\/\/ponteseditores.com.br\/loja3\/#website","url":"https:\/\/ponteseditores.com.br\/loja3\/","name":"Pontes Editores","description":"Pontes Editores","publisher":{"@id":"https:\/\/ponteseditores.com.br\/loja3\/#organization"},"potentialAction":[{"@type":"SearchAction","target":{"@type":"EntryPoint","urlTemplate":"https:\/\/ponteseditores.com.br\/loja3\/?s={search_term_string}"},"query-input":{"@type":"PropertyValueSpecification","valueRequired":true,"valueName":"search_term_string"}}],"inLanguage":"pt-BR"},{"@type":"Organization","@id":"https:\/\/ponteseditores.com.br\/loja3\/#organization","name":"Pontes Editores","url":"https:\/\/ponteseditores.com.br\/loja3\/","logo":{"@type":"ImageObject","inLanguage":"pt-BR","@id":"https:\/\/ponteseditores.com.br\/loja3\/#\/schema\/logo\/image\/","url":"https:\/\/ponteseditores.com.br\/loja3\/wp-content\/uploads\/2023\/12\/logo-pontes-editores-v2.png","contentUrl":"https:\/\/ponteseditores.com.br\/loja3\/wp-content\/uploads\/2023\/12\/logo-pontes-editores-v2.png","width":258,"height":100,"caption":"Pontes Editores"},"image":{"@id":"https:\/\/ponteseditores.com.br\/loja3\/#\/schema\/logo\/image\/"}}]}},"_links":{"self":[{"href":"https:\/\/ponteseditores.com.br\/loja3\/wp-json\/wp\/v2\/product\/32896","targetHints":{"allow":["GET"]}}],"collection":[{"href":"https:\/\/ponteseditores.com.br\/loja3\/wp-json\/wp\/v2\/product"}],"about":[{"href":"https:\/\/ponteseditores.com.br\/loja3\/wp-json\/wp\/v2\/types\/product"}],"replies":[{"embeddable":true,"href":"https:\/\/ponteseditores.com.br\/loja3\/wp-json\/wp\/v2\/comments?post=32896"}],"version-history":[{"count":1,"href":"https:\/\/ponteseditores.com.br\/loja3\/wp-json\/wp\/v2\/product\/32896\/revisions"}],"predecessor-version":[{"id":32899,"href":"https:\/\/ponteseditores.com.br\/loja3\/wp-json\/wp\/v2\/product\/32896\/revisions\/32899"}],"wp:featuredmedia":[{"embeddable":true,"href":"https:\/\/ponteseditores.com.br\/loja3\/wp-json\/wp\/v2\/media\/32898"}],"wp:attachment":[{"href":"https:\/\/ponteseditores.com.br\/loja3\/wp-json\/wp\/v2\/media?parent=32896"}],"wp:term":[{"taxonomy":"product_brand","embeddable":true,"href":"https:\/\/ponteseditores.com.br\/loja3\/wp-json\/wp\/v2\/product_brand?post=32896"},{"taxonomy":"product_cat","embeddable":true,"href":"https:\/\/ponteseditores.com.br\/loja3\/wp-json\/wp\/v2\/product_cat?post=32896"},{"taxonomy":"product_tag","embeddable":true,"href":"https:\/\/ponteseditores.com.br\/loja3\/wp-json\/wp\/v2\/product_tag?post=32896"}],"curies":[{"name":"wp","href":"https:\/\/api.w.org\/{rel}","templated":true}]}}