{"id":32452,"date":"2025-10-23T10:14:03","date_gmt":"2025-10-23T13:14:03","guid":{"rendered":"https:\/\/ponteseditores.com.br\/loja3\/?post_type=product&#038;p=32452"},"modified":"2025-10-29T10:14:19","modified_gmt":"2025-10-29T13:14:19","slug":"conexoes-contemporaneas-perspectivas-interdisciplinares-na-pos-graduacao-volume-i-tecnologia-inovacao-e-pesquisa","status":"publish","type":"product","link":"https:\/\/ponteseditores.com.br\/loja3\/pontes-editores-home-2__trashed\/ebook\/lancamento-e-book\/conexoes-contemporaneas-perspectivas-interdisciplinares-na-pos-graduacao-volume-i-tecnologia-inovacao-e-pesquisa\/","title":{"rendered":"Conex\u00f5es contempor\u00e2neas: perspectivas interdisciplinares na P\u00f3s-Gradua\u00e7\u00e3o \u2013 Volume I \u2013 tecnologia, inova\u00e7\u00e3o e pesquisa"},"content":{"rendered":"<p>A colet\u00e2nea <strong>Conex\u00f5es Contempor\u00e2neas: perspectivas interdisciplinares na p\u00f3s-gradua\u00e7\u00e3o<\/strong> \u00e9 composta por tr\u00eas volumes. <strong>Tecnologia<\/strong>, <strong>Inova\u00e7\u00e3o<\/strong> e <strong>Pesquisa<\/strong> s\u00e3o as tem\u00e1ticas deste primeiro, uma obra coletiva que re\u00fane, em 11 cap\u00edtulos, parte da produ\u00e7\u00e3o intelectual dos docentes e discentes vinculados aos Programas de P\u00f3s-Gradua\u00e7\u00e3o <em>Stricto Sensu<\/em> da Universidade Cat\u00f3lica de Pernambuco (Unicap). Os textos refletem a diversidade das \u00e1reas de concentra\u00e7\u00e3o e linhas de pesquisa dos 10 programas da institui\u00e7\u00e3o, debatendo temas como educa\u00e7\u00e3o, sa\u00fade, comunica\u00e7\u00e3o, hist\u00f3ria, direitos humanos, cultura e sociedade, sob a \u00f3tica da tecnologia, da inova\u00e7\u00e3o e da pesquisa cient\u00edfica.<\/p>\n<p>A colet\u00e2nea tem como principal objetivo divulgar produ\u00e7\u00f5es cient\u00edficas que dialogam com desafios contempor\u00e2neos, propondo caminhos de inova\u00e7\u00e3o te\u00f3rica e pr\u00e1tica. As pesquisas pretendem contribuir para o avan\u00e7o do conhecimento e a transforma\u00e7\u00e3o social em contextos locais e globais, seguindo o rigor metodol\u00f3gico e os princ\u00edpios \u00e9ticos que orientam a p\u00f3s-gradua\u00e7\u00e3o no pa\u00eds.<\/p>\n<p>&nbsp;<\/p>\n","protected":false},"excerpt":{"rendered":"<p>A colet\u00e2nea Conex\u00f5es Contempor\u00e2neas: perspectivas interdisciplinares na p\u00f3s-gradua\u00e7\u00e3o \u00e9 composta por tr\u00eas volumes. Tecnologia, Inova\u00e7\u00e3o e Pesquisa s\u00e3o as tem\u00e1ticas deste primeiro, uma obra coletiva que re\u00fane, em 11 cap\u00edtulos, parte da produ\u00e7\u00e3o intelectual dos docentes e discentes vinculados aos Programas de P\u00f3s-Gradua\u00e7\u00e3o Stricto Sensu da Universidade Cat\u00f3lica de Pernambuco (Unicap). Os textos refletem a [&hellip;]<\/p>\n","protected":false},"featured_media":32455,"comment_status":"open","ping_status":"closed","template":"","meta":{"_joinchat":[]},"product_brand":[],"product_cat":[165,386],"product_tag":[],"class_list":{"0":"post-32452","1":"product","2":"type-product","3":"status-publish","4":"has-post-thumbnail","6":"product_cat-ebook","7":"product_cat-lancamento-e-book","9":"first","10":"instock","11":"downloadable","12":"virtual","13":"purchasable","14":"product-type-simple"},"yoast_head":"<!-- This site is optimized with the Yoast SEO plugin v27.4 - https:\/\/yoast.com\/product\/yoast-seo-wordpress\/ -->\n<title>Conex\u00f5es contempor\u00e2neas: perspectivas interdisciplinares na P\u00f3s-Gradua\u00e7\u00e3o \u2013 Volume I \u2013 tecnologia, inova\u00e7\u00e3o e pesquisa - Pontes Editores<\/title>\n<meta name=\"robots\" content=\"index, follow, max-snippet:-1, max-image-preview:large, max-video-preview:-1\" \/>\n<link rel=\"canonical\" href=\"https:\/\/ponteseditores.com.br\/loja3\/pontes-editores-home-2__trashed\/ebook\/lancamento-e-book\/conexoes-contemporaneas-perspectivas-interdisciplinares-na-pos-graduacao-volume-i-tecnologia-inovacao-e-pesquisa\/\" \/>\n<meta property=\"og:locale\" content=\"pt_BR\" \/>\n<meta property=\"og:type\" content=\"article\" \/>\n<meta property=\"og:title\" content=\"Conex\u00f5es contempor\u00e2neas: perspectivas interdisciplinares na P\u00f3s-Gradua\u00e7\u00e3o \u2013 Volume I \u2013 tecnologia, inova\u00e7\u00e3o e pesquisa - Pontes Editores\" \/>\n<meta property=\"og:description\" content=\"A colet\u00e2nea Conex\u00f5es Contempor\u00e2neas: perspectivas interdisciplinares na p\u00f3s-gradua\u00e7\u00e3o \u00e9 composta por tr\u00eas volumes. Tecnologia, Inova\u00e7\u00e3o e Pesquisa s\u00e3o as tem\u00e1ticas deste primeiro, uma obra coletiva que re\u00fane, em 11 cap\u00edtulos, parte da produ\u00e7\u00e3o intelectual dos docentes e discentes vinculados aos Programas de P\u00f3s-Gradua\u00e7\u00e3o Stricto Sensu da Universidade Cat\u00f3lica de Pernambuco (Unicap). Os textos refletem a [&hellip;]\" \/>\n<meta property=\"og:url\" content=\"https:\/\/ponteseditores.com.br\/loja3\/pontes-editores-home-2__trashed\/ebook\/lancamento-e-book\/conexoes-contemporaneas-perspectivas-interdisciplinares-na-pos-graduacao-volume-i-tecnologia-inovacao-e-pesquisa\/\" \/>\n<meta property=\"og:site_name\" content=\"Pontes Editores\" \/>\n<meta property=\"article:modified_time\" content=\"2025-10-29T13:14:19+00:00\" \/>\n<meta property=\"og:image\" content=\"https:\/\/ponteseditores.com.br\/loja3\/wp-content\/uploads\/2025\/10\/Capa_Conexoes-Contemporaneas-VOL-I.webp\" \/>\n\t<meta property=\"og:image:width\" content=\"800\" \/>\n\t<meta property=\"og:image:height\" content=\"1159\" \/>\n\t<meta property=\"og:image:type\" content=\"image\/webp\" \/>\n<meta name=\"twitter:card\" content=\"summary_large_image\" \/>\n<meta name=\"twitter:label1\" content=\"Est. tempo de leitura\" \/>\n\t<meta name=\"twitter:data1\" content=\"2 minutos\" \/>\n<script type=\"application\/ld+json\" class=\"yoast-schema-graph\">{\"@context\":\"https:\\\/\\\/schema.org\",\"@graph\":[{\"@type\":\"WebPage\",\"@id\":\"https:\\\/\\\/ponteseditores.com.br\\\/loja3\\\/pontes-editores-home-2__trashed\\\/ebook\\\/lancamento-e-book\\\/conexoes-contemporaneas-perspectivas-interdisciplinares-na-pos-graduacao-volume-i-tecnologia-inovacao-e-pesquisa\\\/\",\"url\":\"https:\\\/\\\/ponteseditores.com.br\\\/loja3\\\/pontes-editores-home-2__trashed\\\/ebook\\\/lancamento-e-book\\\/conexoes-contemporaneas-perspectivas-interdisciplinares-na-pos-graduacao-volume-i-tecnologia-inovacao-e-pesquisa\\\/\",\"name\":\"Conex\u00f5es contempor\u00e2neas: perspectivas interdisciplinares na P\u00f3s-Gradua\u00e7\u00e3o \u2013 Volume I \u2013 tecnologia, inova\u00e7\u00e3o e pesquisa - Pontes Editores\",\"isPartOf\":{\"@id\":\"https:\\\/\\\/ponteseditores.com.br\\\/loja3\\\/#website\"},\"primaryImageOfPage\":{\"@id\":\"https:\\\/\\\/ponteseditores.com.br\\\/loja3\\\/pontes-editores-home-2__trashed\\\/ebook\\\/lancamento-e-book\\\/conexoes-contemporaneas-perspectivas-interdisciplinares-na-pos-graduacao-volume-i-tecnologia-inovacao-e-pesquisa\\\/#primaryimage\"},\"image\":{\"@id\":\"https:\\\/\\\/ponteseditores.com.br\\\/loja3\\\/pontes-editores-home-2__trashed\\\/ebook\\\/lancamento-e-book\\\/conexoes-contemporaneas-perspectivas-interdisciplinares-na-pos-graduacao-volume-i-tecnologia-inovacao-e-pesquisa\\\/#primaryimage\"},\"thumbnailUrl\":\"https:\\\/\\\/ponteseditores.com.br\\\/loja3\\\/wp-content\\\/uploads\\\/2025\\\/10\\\/Capa_Conexoes-Contemporaneas-VOL-I.webp\",\"datePublished\":\"2025-10-23T13:14:03+00:00\",\"dateModified\":\"2025-10-29T13:14:19+00:00\",\"breadcrumb\":{\"@id\":\"https:\\\/\\\/ponteseditores.com.br\\\/loja3\\\/pontes-editores-home-2__trashed\\\/ebook\\\/lancamento-e-book\\\/conexoes-contemporaneas-perspectivas-interdisciplinares-na-pos-graduacao-volume-i-tecnologia-inovacao-e-pesquisa\\\/#breadcrumb\"},\"inLanguage\":\"pt-BR\",\"potentialAction\":[{\"@type\":\"ReadAction\",\"target\":[\"https:\\\/\\\/ponteseditores.com.br\\\/loja3\\\/pontes-editores-home-2__trashed\\\/ebook\\\/lancamento-e-book\\\/conexoes-contemporaneas-perspectivas-interdisciplinares-na-pos-graduacao-volume-i-tecnologia-inovacao-e-pesquisa\\\/\"]}]},{\"@type\":\"ImageObject\",\"inLanguage\":\"pt-BR\",\"@id\":\"https:\\\/\\\/ponteseditores.com.br\\\/loja3\\\/pontes-editores-home-2__trashed\\\/ebook\\\/lancamento-e-book\\\/conexoes-contemporaneas-perspectivas-interdisciplinares-na-pos-graduacao-volume-i-tecnologia-inovacao-e-pesquisa\\\/#primaryimage\",\"url\":\"https:\\\/\\\/ponteseditores.com.br\\\/loja3\\\/wp-content\\\/uploads\\\/2025\\\/10\\\/Capa_Conexoes-Contemporaneas-VOL-I.webp\",\"contentUrl\":\"https:\\\/\\\/ponteseditores.com.br\\\/loja3\\\/wp-content\\\/uploads\\\/2025\\\/10\\\/Capa_Conexoes-Contemporaneas-VOL-I.webp\",\"width\":800,\"height\":1159},{\"@type\":\"BreadcrumbList\",\"@id\":\"https:\\\/\\\/ponteseditores.com.br\\\/loja3\\\/pontes-editores-home-2__trashed\\\/ebook\\\/lancamento-e-book\\\/conexoes-contemporaneas-perspectivas-interdisciplinares-na-pos-graduacao-volume-i-tecnologia-inovacao-e-pesquisa\\\/#breadcrumb\",\"itemListElement\":[{\"@type\":\"ListItem\",\"position\":1,\"name\":\"Home\",\"item\":\"https:\\\/\\\/ponteseditores.com.br\\\/loja3\\\/\"},{\"@type\":\"ListItem\",\"position\":2,\"name\":\"loja\",\"item\":\"https:\\\/\\\/ponteseditores.com.br\\\/loja3\\\/loja\\\/\"},{\"@type\":\"ListItem\",\"position\":3,\"name\":\"Conex\u00f5es contempor\u00e2neas: perspectivas interdisciplinares na P\u00f3s-Gradua\u00e7\u00e3o \u2013 Volume I \u2013 tecnologia, inova\u00e7\u00e3o e pesquisa\"}]},{\"@type\":\"WebSite\",\"@id\":\"https:\\\/\\\/ponteseditores.com.br\\\/loja3\\\/#website\",\"url\":\"https:\\\/\\\/ponteseditores.com.br\\\/loja3\\\/\",\"name\":\"Pontes Editores\",\"description\":\"Pontes Editores\",\"publisher\":{\"@id\":\"https:\\\/\\\/ponteseditores.com.br\\\/loja3\\\/#organization\"},\"potentialAction\":[{\"@type\":\"SearchAction\",\"target\":{\"@type\":\"EntryPoint\",\"urlTemplate\":\"https:\\\/\\\/ponteseditores.com.br\\\/loja3\\\/?s={search_term_string}\"},\"query-input\":{\"@type\":\"PropertyValueSpecification\",\"valueRequired\":true,\"valueName\":\"search_term_string\"}}],\"inLanguage\":\"pt-BR\"},{\"@type\":\"Organization\",\"@id\":\"https:\\\/\\\/ponteseditores.com.br\\\/loja3\\\/#organization\",\"name\":\"Pontes Editores\",\"url\":\"https:\\\/\\\/ponteseditores.com.br\\\/loja3\\\/\",\"logo\":{\"@type\":\"ImageObject\",\"inLanguage\":\"pt-BR\",\"@id\":\"https:\\\/\\\/ponteseditores.com.br\\\/loja3\\\/#\\\/schema\\\/logo\\\/image\\\/\",\"url\":\"https:\\\/\\\/ponteseditores.com.br\\\/loja3\\\/wp-content\\\/uploads\\\/2023\\\/12\\\/logo-pontes-editores-v2.png\",\"contentUrl\":\"https:\\\/\\\/ponteseditores.com.br\\\/loja3\\\/wp-content\\\/uploads\\\/2023\\\/12\\\/logo-pontes-editores-v2.png\",\"width\":258,\"height\":100,\"caption\":\"Pontes Editores\"},\"image\":{\"@id\":\"https:\\\/\\\/ponteseditores.com.br\\\/loja3\\\/#\\\/schema\\\/logo\\\/image\\\/\"}}]}<\/script>\n<!-- \/ Yoast SEO plugin. -->","yoast_head_json":{"title":"Conex\u00f5es contempor\u00e2neas: perspectivas interdisciplinares na P\u00f3s-Gradua\u00e7\u00e3o \u2013 Volume I \u2013 tecnologia, inova\u00e7\u00e3o e pesquisa - Pontes Editores","robots":{"index":"index","follow":"follow","max-snippet":"max-snippet:-1","max-image-preview":"max-image-preview:large","max-video-preview":"max-video-preview:-1"},"canonical":"https:\/\/ponteseditores.com.br\/loja3\/pontes-editores-home-2__trashed\/ebook\/lancamento-e-book\/conexoes-contemporaneas-perspectivas-interdisciplinares-na-pos-graduacao-volume-i-tecnologia-inovacao-e-pesquisa\/","og_locale":"pt_BR","og_type":"article","og_title":"Conex\u00f5es contempor\u00e2neas: perspectivas interdisciplinares na P\u00f3s-Gradua\u00e7\u00e3o \u2013 Volume I \u2013 tecnologia, inova\u00e7\u00e3o e pesquisa - Pontes Editores","og_description":"A colet\u00e2nea Conex\u00f5es Contempor\u00e2neas: perspectivas interdisciplinares na p\u00f3s-gradua\u00e7\u00e3o \u00e9 composta por tr\u00eas volumes. Tecnologia, Inova\u00e7\u00e3o e Pesquisa s\u00e3o as tem\u00e1ticas deste primeiro, uma obra coletiva que re\u00fane, em 11 cap\u00edtulos, parte da produ\u00e7\u00e3o intelectual dos docentes e discentes vinculados aos Programas de P\u00f3s-Gradua\u00e7\u00e3o Stricto Sensu da Universidade Cat\u00f3lica de Pernambuco (Unicap). Os textos refletem a [&hellip;]","og_url":"https:\/\/ponteseditores.com.br\/loja3\/pontes-editores-home-2__trashed\/ebook\/lancamento-e-book\/conexoes-contemporaneas-perspectivas-interdisciplinares-na-pos-graduacao-volume-i-tecnologia-inovacao-e-pesquisa\/","og_site_name":"Pontes Editores","article_modified_time":"2025-10-29T13:14:19+00:00","og_image":[{"width":800,"height":1159,"url":"https:\/\/ponteseditores.com.br\/loja3\/wp-content\/uploads\/2025\/10\/Capa_Conexoes-Contemporaneas-VOL-I.webp","type":"image\/webp"}],"twitter_card":"summary_large_image","twitter_misc":{"Est. tempo de leitura":"2 minutos"},"schema":{"@context":"https:\/\/schema.org","@graph":[{"@type":"WebPage","@id":"https:\/\/ponteseditores.com.br\/loja3\/pontes-editores-home-2__trashed\/ebook\/lancamento-e-book\/conexoes-contemporaneas-perspectivas-interdisciplinares-na-pos-graduacao-volume-i-tecnologia-inovacao-e-pesquisa\/","url":"https:\/\/ponteseditores.com.br\/loja3\/pontes-editores-home-2__trashed\/ebook\/lancamento-e-book\/conexoes-contemporaneas-perspectivas-interdisciplinares-na-pos-graduacao-volume-i-tecnologia-inovacao-e-pesquisa\/","name":"Conex\u00f5es contempor\u00e2neas: perspectivas interdisciplinares na P\u00f3s-Gradua\u00e7\u00e3o \u2013 Volume I \u2013 tecnologia, inova\u00e7\u00e3o e pesquisa - Pontes Editores","isPartOf":{"@id":"https:\/\/ponteseditores.com.br\/loja3\/#website"},"primaryImageOfPage":{"@id":"https:\/\/ponteseditores.com.br\/loja3\/pontes-editores-home-2__trashed\/ebook\/lancamento-e-book\/conexoes-contemporaneas-perspectivas-interdisciplinares-na-pos-graduacao-volume-i-tecnologia-inovacao-e-pesquisa\/#primaryimage"},"image":{"@id":"https:\/\/ponteseditores.com.br\/loja3\/pontes-editores-home-2__trashed\/ebook\/lancamento-e-book\/conexoes-contemporaneas-perspectivas-interdisciplinares-na-pos-graduacao-volume-i-tecnologia-inovacao-e-pesquisa\/#primaryimage"},"thumbnailUrl":"https:\/\/ponteseditores.com.br\/loja3\/wp-content\/uploads\/2025\/10\/Capa_Conexoes-Contemporaneas-VOL-I.webp","datePublished":"2025-10-23T13:14:03+00:00","dateModified":"2025-10-29T13:14:19+00:00","breadcrumb":{"@id":"https:\/\/ponteseditores.com.br\/loja3\/pontes-editores-home-2__trashed\/ebook\/lancamento-e-book\/conexoes-contemporaneas-perspectivas-interdisciplinares-na-pos-graduacao-volume-i-tecnologia-inovacao-e-pesquisa\/#breadcrumb"},"inLanguage":"pt-BR","potentialAction":[{"@type":"ReadAction","target":["https:\/\/ponteseditores.com.br\/loja3\/pontes-editores-home-2__trashed\/ebook\/lancamento-e-book\/conexoes-contemporaneas-perspectivas-interdisciplinares-na-pos-graduacao-volume-i-tecnologia-inovacao-e-pesquisa\/"]}]},{"@type":"ImageObject","inLanguage":"pt-BR","@id":"https:\/\/ponteseditores.com.br\/loja3\/pontes-editores-home-2__trashed\/ebook\/lancamento-e-book\/conexoes-contemporaneas-perspectivas-interdisciplinares-na-pos-graduacao-volume-i-tecnologia-inovacao-e-pesquisa\/#primaryimage","url":"https:\/\/ponteseditores.com.br\/loja3\/wp-content\/uploads\/2025\/10\/Capa_Conexoes-Contemporaneas-VOL-I.webp","contentUrl":"https:\/\/ponteseditores.com.br\/loja3\/wp-content\/uploads\/2025\/10\/Capa_Conexoes-Contemporaneas-VOL-I.webp","width":800,"height":1159},{"@type":"BreadcrumbList","@id":"https:\/\/ponteseditores.com.br\/loja3\/pontes-editores-home-2__trashed\/ebook\/lancamento-e-book\/conexoes-contemporaneas-perspectivas-interdisciplinares-na-pos-graduacao-volume-i-tecnologia-inovacao-e-pesquisa\/#breadcrumb","itemListElement":[{"@type":"ListItem","position":1,"name":"Home","item":"https:\/\/ponteseditores.com.br\/loja3\/"},{"@type":"ListItem","position":2,"name":"loja","item":"https:\/\/ponteseditores.com.br\/loja3\/loja\/"},{"@type":"ListItem","position":3,"name":"Conex\u00f5es contempor\u00e2neas: perspectivas interdisciplinares na P\u00f3s-Gradua\u00e7\u00e3o \u2013 Volume I \u2013 tecnologia, inova\u00e7\u00e3o e pesquisa"}]},{"@type":"WebSite","@id":"https:\/\/ponteseditores.com.br\/loja3\/#website","url":"https:\/\/ponteseditores.com.br\/loja3\/","name":"Pontes Editores","description":"Pontes Editores","publisher":{"@id":"https:\/\/ponteseditores.com.br\/loja3\/#organization"},"potentialAction":[{"@type":"SearchAction","target":{"@type":"EntryPoint","urlTemplate":"https:\/\/ponteseditores.com.br\/loja3\/?s={search_term_string}"},"query-input":{"@type":"PropertyValueSpecification","valueRequired":true,"valueName":"search_term_string"}}],"inLanguage":"pt-BR"},{"@type":"Organization","@id":"https:\/\/ponteseditores.com.br\/loja3\/#organization","name":"Pontes Editores","url":"https:\/\/ponteseditores.com.br\/loja3\/","logo":{"@type":"ImageObject","inLanguage":"pt-BR","@id":"https:\/\/ponteseditores.com.br\/loja3\/#\/schema\/logo\/image\/","url":"https:\/\/ponteseditores.com.br\/loja3\/wp-content\/uploads\/2023\/12\/logo-pontes-editores-v2.png","contentUrl":"https:\/\/ponteseditores.com.br\/loja3\/wp-content\/uploads\/2023\/12\/logo-pontes-editores-v2.png","width":258,"height":100,"caption":"Pontes Editores"},"image":{"@id":"https:\/\/ponteseditores.com.br\/loja3\/#\/schema\/logo\/image\/"}}]}},"_links":{"self":[{"href":"https:\/\/ponteseditores.com.br\/loja3\/wp-json\/wp\/v2\/product\/32452","targetHints":{"allow":["GET"]}}],"collection":[{"href":"https:\/\/ponteseditores.com.br\/loja3\/wp-json\/wp\/v2\/product"}],"about":[{"href":"https:\/\/ponteseditores.com.br\/loja3\/wp-json\/wp\/v2\/types\/product"}],"replies":[{"embeddable":true,"href":"https:\/\/ponteseditores.com.br\/loja3\/wp-json\/wp\/v2\/comments?post=32452"}],"version-history":[{"count":2,"href":"https:\/\/ponteseditores.com.br\/loja3\/wp-json\/wp\/v2\/product\/32452\/revisions"}],"predecessor-version":[{"id":32577,"href":"https:\/\/ponteseditores.com.br\/loja3\/wp-json\/wp\/v2\/product\/32452\/revisions\/32577"}],"wp:featuredmedia":[{"embeddable":true,"href":"https:\/\/ponteseditores.com.br\/loja3\/wp-json\/wp\/v2\/media\/32455"}],"wp:attachment":[{"href":"https:\/\/ponteseditores.com.br\/loja3\/wp-json\/wp\/v2\/media?parent=32452"}],"wp:term":[{"taxonomy":"product_brand","embeddable":true,"href":"https:\/\/ponteseditores.com.br\/loja3\/wp-json\/wp\/v2\/product_brand?post=32452"},{"taxonomy":"product_cat","embeddable":true,"href":"https:\/\/ponteseditores.com.br\/loja3\/wp-json\/wp\/v2\/product_cat?post=32452"},{"taxonomy":"product_tag","embeddable":true,"href":"https:\/\/ponteseditores.com.br\/loja3\/wp-json\/wp\/v2\/product_tag?post=32452"}],"curies":[{"name":"wp","href":"https:\/\/api.w.org\/{rel}","templated":true}]}}