{"id":32194,"date":"2025-10-20T12:57:48","date_gmt":"2025-10-20T15:57:48","guid":{"rendered":"https:\/\/ponteseditores.com.br\/loja3\/?post_type=product&#038;p=32194"},"modified":"2025-10-20T12:57:48","modified_gmt":"2025-10-20T15:57:48","slug":"reconstrucao-de-sentidos-de-discursos-de-imagens-de-sons-e-de-protagonismo-de-linguas-indigenas-brasileiras-homenagem-a-tania-conceicao-clemente-de-souza","status":"publish","type":"product","link":"https:\/\/ponteseditores.com.br\/loja3\/pontes-editores-home-2__trashed\/lancamento\/reconstrucao-de-sentidos-de-discursos-de-imagens-de-sons-e-de-protagonismo-de-linguas-indigenas-brasileiras-homenagem-a-tania-conceicao-clemente-de-souza\/","title":{"rendered":"(Re)constru\u00e7\u00e3o de sentidos de discursos, de imagens, de sons e de protagonismo de l\u00ednguas ind\u00edgenas brasileiras: homenagem \u00e0 Tania Concei\u00e7\u00e3o Clemente de Souza"},"content":{"rendered":"<p>&nbsp;<\/p>\n<p>Celebrar <strong>Tania Concei\u00e7\u00e3o Clemente de Souza <\/strong>\u00e9 reconhecer uma vida inteira dedicada ao pensamento, \u00e0 escuta e \u00e0 inven\u00e7\u00e3o te\u00f3rica. Sua trajet\u00f3ria \u00e9 um testemunho de compromisso com a linguagem, entendida como instrumento e como espa\u00e7o de produ\u00e7\u00e3o de sentidos, de encontros e de resist\u00eancias.<\/p>\n<p>Graduada em Letras: Portugu\u00eas-Russo pela Universidade Federal do Rio de Janeiro (1971), com Mestrado em Lingu\u00edstica pela UFRJ (1979), com Doutorado em Lingu\u00edstica pela Universidade Estadual de Campinas (1994) e com P\u00f3s-Doutorado pela Universidade Paris 7 (1996), Tania consolidou uma carreira exemplar no ensino, na pesquisa e na forma\u00e7\u00e3o de gera\u00e7\u00f5es de linguistas e de analistas do discurso.<\/p>\n<p>Desde 1981, atua como pesquisadora no Departamento de Antropologia do Museu Nacional, onde desenvolve pesquisas pioneiras sobre l\u00ednguas ind\u00edgenas, sobre an\u00e1lise do discurso, sobre hist\u00f3ria das ideias lingu\u00edsticas e sobre an\u00e1lise do n\u00e3o verbal. Pesquisadora do CNPq, foi professora adjunta da Universidade Federal Fluminense e da Universidade Federal de Juiz de Fora, deixando em cada institui\u00e7\u00e3o o rastro de uma doc\u00eancia generosa e desafiadora intelectualmente.<\/p>\n<p>L\u00edder de in\u00fameros projetos de pesquisa apoiados pelo CNPq e pela Faperj, Tania coordena o Laborat\u00f3rio de Estudos do Discurso, Imagem e Som (Labedis), vinculado ao F\u00f3rum de Ci\u00eancia e Cultura da UFRJ. \u00c9 fundadora e editora da Revista Policromias \u2013Estudos do Discurso, Imagem e Som, peri\u00f3dico que se tornou refer\u00eancia nacionale internacional ao reunir textos de pesquisadores consagrados e de jovens estudiososem torno da rela\u00e7\u00e3o entre discurso, mem\u00f3ria e sensibilidade.<\/p>\n<p>Sua produ\u00e7\u00e3o e sua atua\u00e7\u00e3o ultrapassam fronteiras, integrando projetos de coopera\u00e7\u00e3o com institui\u00e7\u00f5es estrangeiras, como o LACITO\/CNRS (Fran\u00e7a), por meio do projeto \u201cLangue chant\u00e9e, discours et m\u00e9moire\u201d, e o \u201cFundo Documental Curt Nimuendaj\u00fa\u201d, com apoio da Faperj.<\/p>\n<p>Com a Bolsa Cientista do Nosso Estado, desenvolve o projeto \u201cSustentabilidade e salvaguarda de patrim\u00f4nio imaterial: por uma pol\u00edtica de preserva\u00e7\u00e3o das l\u00ednguas dos povos origin\u00e1rios do Brasil\u201d, reafirmando sua profunda responsabilidade \u00e9tica com as vozes e com mem\u00f3rias dos povos ind\u00edgenas.<\/p>\n","protected":false},"excerpt":{"rendered":"<p>&nbsp; Celebrar Tania Concei\u00e7\u00e3o Clemente de Souza \u00e9 reconhecer uma vida inteira dedicada ao pensamento, \u00e0 escuta e \u00e0 inven\u00e7\u00e3o te\u00f3rica. Sua trajet\u00f3ria \u00e9 um testemunho de compromisso com a linguagem, entendida como instrumento e como espa\u00e7o de produ\u00e7\u00e3o de sentidos, de encontros e de resist\u00eancias. Graduada em Letras: Portugu\u00eas-Russo pela Universidade Federal do Rio [&hellip;]<\/p>\n","protected":false},"featured_media":32195,"comment_status":"open","ping_status":"closed","template":"","meta":{"_joinchat":[]},"product_brand":[],"product_cat":[167,290],"product_tag":[],"class_list":{"0":"post-32194","1":"product","2":"type-product","3":"status-publish","4":"has-post-thumbnail","6":"product_cat-lancamento","7":"product_cat-linguagem-e-linguas","9":"first","10":"instock","11":"shipping-taxable","12":"purchasable","13":"product-type-simple"},"yoast_head":"<!-- This site is optimized with the Yoast SEO plugin v27.4 - https:\/\/yoast.com\/product\/yoast-seo-wordpress\/ -->\n<title>(Re)constru\u00e7\u00e3o de sentidos de discursos, de imagens, de sons e de protagonismo de l\u00ednguas ind\u00edgenas brasileiras: homenagem \u00e0 Tania Concei\u00e7\u00e3o Clemente de Souza - Pontes Editores<\/title>\n<meta name=\"robots\" content=\"index, follow, max-snippet:-1, max-image-preview:large, max-video-preview:-1\" \/>\n<link rel=\"canonical\" href=\"https:\/\/ponteseditores.com.br\/loja3\/pontes-editores-home-2__trashed\/lancamento\/reconstrucao-de-sentidos-de-discursos-de-imagens-de-sons-e-de-protagonismo-de-linguas-indigenas-brasileiras-homenagem-a-tania-conceicao-clemente-de-souza\/\" \/>\n<meta property=\"og:locale\" content=\"pt_BR\" \/>\n<meta property=\"og:type\" content=\"article\" \/>\n<meta property=\"og:title\" content=\"(Re)constru\u00e7\u00e3o de sentidos de discursos, de imagens, de sons e de protagonismo de l\u00ednguas ind\u00edgenas brasileiras: homenagem \u00e0 Tania Concei\u00e7\u00e3o Clemente de Souza - Pontes Editores\" \/>\n<meta property=\"og:description\" content=\"&nbsp; Celebrar Tania Concei\u00e7\u00e3o Clemente de Souza \u00e9 reconhecer uma vida inteira dedicada ao pensamento, \u00e0 escuta e \u00e0 inven\u00e7\u00e3o te\u00f3rica. Sua trajet\u00f3ria \u00e9 um testemunho de compromisso com a linguagem, entendida como instrumento e como espa\u00e7o de produ\u00e7\u00e3o de sentidos, de encontros e de resist\u00eancias. Graduada em Letras: Portugu\u00eas-Russo pela Universidade Federal do Rio [&hellip;]\" \/>\n<meta property=\"og:url\" content=\"https:\/\/ponteseditores.com.br\/loja3\/pontes-editores-home-2__trashed\/lancamento\/reconstrucao-de-sentidos-de-discursos-de-imagens-de-sons-e-de-protagonismo-de-linguas-indigenas-brasileiras-homenagem-a-tania-conceicao-clemente-de-souza\/\" \/>\n<meta property=\"og:site_name\" content=\"Pontes Editores\" \/>\n<meta property=\"og:image\" content=\"https:\/\/ponteseditores.com.br\/loja3\/wp-content\/uploads\/2025\/10\/Capa_Re-construcao-dos-sentidos.jpg\" \/>\n\t<meta property=\"og:image:width\" content=\"800\" \/>\n\t<meta property=\"og:image:height\" content=\"1159\" \/>\n\t<meta property=\"og:image:type\" content=\"image\/jpeg\" \/>\n<meta name=\"twitter:card\" content=\"summary_large_image\" \/>\n<meta name=\"twitter:label1\" content=\"Est. tempo de leitura\" \/>\n\t<meta name=\"twitter:data1\" content=\"2 minutos\" \/>\n<script type=\"application\/ld+json\" class=\"yoast-schema-graph\">{\"@context\":\"https:\\\/\\\/schema.org\",\"@graph\":[{\"@type\":\"WebPage\",\"@id\":\"https:\\\/\\\/ponteseditores.com.br\\\/loja3\\\/pontes-editores-home-2__trashed\\\/lancamento\\\/reconstrucao-de-sentidos-de-discursos-de-imagens-de-sons-e-de-protagonismo-de-linguas-indigenas-brasileiras-homenagem-a-tania-conceicao-clemente-de-souza\\\/\",\"url\":\"https:\\\/\\\/ponteseditores.com.br\\\/loja3\\\/pontes-editores-home-2__trashed\\\/lancamento\\\/reconstrucao-de-sentidos-de-discursos-de-imagens-de-sons-e-de-protagonismo-de-linguas-indigenas-brasileiras-homenagem-a-tania-conceicao-clemente-de-souza\\\/\",\"name\":\"(Re)constru\u00e7\u00e3o de sentidos de discursos, de imagens, de sons e de protagonismo de l\u00ednguas ind\u00edgenas brasileiras: homenagem \u00e0 Tania Concei\u00e7\u00e3o Clemente de Souza - Pontes Editores\",\"isPartOf\":{\"@id\":\"https:\\\/\\\/ponteseditores.com.br\\\/loja3\\\/#website\"},\"primaryImageOfPage\":{\"@id\":\"https:\\\/\\\/ponteseditores.com.br\\\/loja3\\\/pontes-editores-home-2__trashed\\\/lancamento\\\/reconstrucao-de-sentidos-de-discursos-de-imagens-de-sons-e-de-protagonismo-de-linguas-indigenas-brasileiras-homenagem-a-tania-conceicao-clemente-de-souza\\\/#primaryimage\"},\"image\":{\"@id\":\"https:\\\/\\\/ponteseditores.com.br\\\/loja3\\\/pontes-editores-home-2__trashed\\\/lancamento\\\/reconstrucao-de-sentidos-de-discursos-de-imagens-de-sons-e-de-protagonismo-de-linguas-indigenas-brasileiras-homenagem-a-tania-conceicao-clemente-de-souza\\\/#primaryimage\"},\"thumbnailUrl\":\"https:\\\/\\\/ponteseditores.com.br\\\/loja3\\\/wp-content\\\/uploads\\\/2025\\\/10\\\/Capa_Re-construcao-dos-sentidos.jpg\",\"datePublished\":\"2025-10-20T15:57:48+00:00\",\"breadcrumb\":{\"@id\":\"https:\\\/\\\/ponteseditores.com.br\\\/loja3\\\/pontes-editores-home-2__trashed\\\/lancamento\\\/reconstrucao-de-sentidos-de-discursos-de-imagens-de-sons-e-de-protagonismo-de-linguas-indigenas-brasileiras-homenagem-a-tania-conceicao-clemente-de-souza\\\/#breadcrumb\"},\"inLanguage\":\"pt-BR\",\"potentialAction\":[{\"@type\":\"ReadAction\",\"target\":[\"https:\\\/\\\/ponteseditores.com.br\\\/loja3\\\/pontes-editores-home-2__trashed\\\/lancamento\\\/reconstrucao-de-sentidos-de-discursos-de-imagens-de-sons-e-de-protagonismo-de-linguas-indigenas-brasileiras-homenagem-a-tania-conceicao-clemente-de-souza\\\/\"]}]},{\"@type\":\"ImageObject\",\"inLanguage\":\"pt-BR\",\"@id\":\"https:\\\/\\\/ponteseditores.com.br\\\/loja3\\\/pontes-editores-home-2__trashed\\\/lancamento\\\/reconstrucao-de-sentidos-de-discursos-de-imagens-de-sons-e-de-protagonismo-de-linguas-indigenas-brasileiras-homenagem-a-tania-conceicao-clemente-de-souza\\\/#primaryimage\",\"url\":\"https:\\\/\\\/ponteseditores.com.br\\\/loja3\\\/wp-content\\\/uploads\\\/2025\\\/10\\\/Capa_Re-construcao-dos-sentidos.jpg\",\"contentUrl\":\"https:\\\/\\\/ponteseditores.com.br\\\/loja3\\\/wp-content\\\/uploads\\\/2025\\\/10\\\/Capa_Re-construcao-dos-sentidos.jpg\",\"width\":800,\"height\":1159},{\"@type\":\"BreadcrumbList\",\"@id\":\"https:\\\/\\\/ponteseditores.com.br\\\/loja3\\\/pontes-editores-home-2__trashed\\\/lancamento\\\/reconstrucao-de-sentidos-de-discursos-de-imagens-de-sons-e-de-protagonismo-de-linguas-indigenas-brasileiras-homenagem-a-tania-conceicao-clemente-de-souza\\\/#breadcrumb\",\"itemListElement\":[{\"@type\":\"ListItem\",\"position\":1,\"name\":\"Home\",\"item\":\"https:\\\/\\\/ponteseditores.com.br\\\/loja3\\\/\"},{\"@type\":\"ListItem\",\"position\":2,\"name\":\"loja\",\"item\":\"https:\\\/\\\/ponteseditores.com.br\\\/loja3\\\/loja\\\/\"},{\"@type\":\"ListItem\",\"position\":3,\"name\":\"(Re)constru\u00e7\u00e3o de sentidos de discursos, de imagens, de sons e de protagonismo de l\u00ednguas ind\u00edgenas brasileiras: homenagem \u00e0 Tania Concei\u00e7\u00e3o Clemente de Souza\"}]},{\"@type\":\"WebSite\",\"@id\":\"https:\\\/\\\/ponteseditores.com.br\\\/loja3\\\/#website\",\"url\":\"https:\\\/\\\/ponteseditores.com.br\\\/loja3\\\/\",\"name\":\"Pontes Editores\",\"description\":\"Pontes Editores\",\"publisher\":{\"@id\":\"https:\\\/\\\/ponteseditores.com.br\\\/loja3\\\/#organization\"},\"potentialAction\":[{\"@type\":\"SearchAction\",\"target\":{\"@type\":\"EntryPoint\",\"urlTemplate\":\"https:\\\/\\\/ponteseditores.com.br\\\/loja3\\\/?s={search_term_string}\"},\"query-input\":{\"@type\":\"PropertyValueSpecification\",\"valueRequired\":true,\"valueName\":\"search_term_string\"}}],\"inLanguage\":\"pt-BR\"},{\"@type\":\"Organization\",\"@id\":\"https:\\\/\\\/ponteseditores.com.br\\\/loja3\\\/#organization\",\"name\":\"Pontes Editores\",\"url\":\"https:\\\/\\\/ponteseditores.com.br\\\/loja3\\\/\",\"logo\":{\"@type\":\"ImageObject\",\"inLanguage\":\"pt-BR\",\"@id\":\"https:\\\/\\\/ponteseditores.com.br\\\/loja3\\\/#\\\/schema\\\/logo\\\/image\\\/\",\"url\":\"https:\\\/\\\/ponteseditores.com.br\\\/loja3\\\/wp-content\\\/uploads\\\/2023\\\/12\\\/logo-pontes-editores-v2.png\",\"contentUrl\":\"https:\\\/\\\/ponteseditores.com.br\\\/loja3\\\/wp-content\\\/uploads\\\/2023\\\/12\\\/logo-pontes-editores-v2.png\",\"width\":258,\"height\":100,\"caption\":\"Pontes Editores\"},\"image\":{\"@id\":\"https:\\\/\\\/ponteseditores.com.br\\\/loja3\\\/#\\\/schema\\\/logo\\\/image\\\/\"}}]}<\/script>\n<!-- \/ Yoast SEO plugin. -->","yoast_head_json":{"title":"(Re)constru\u00e7\u00e3o de sentidos de discursos, de imagens, de sons e de protagonismo de l\u00ednguas ind\u00edgenas brasileiras: homenagem \u00e0 Tania Concei\u00e7\u00e3o Clemente de Souza - Pontes Editores","robots":{"index":"index","follow":"follow","max-snippet":"max-snippet:-1","max-image-preview":"max-image-preview:large","max-video-preview":"max-video-preview:-1"},"canonical":"https:\/\/ponteseditores.com.br\/loja3\/pontes-editores-home-2__trashed\/lancamento\/reconstrucao-de-sentidos-de-discursos-de-imagens-de-sons-e-de-protagonismo-de-linguas-indigenas-brasileiras-homenagem-a-tania-conceicao-clemente-de-souza\/","og_locale":"pt_BR","og_type":"article","og_title":"(Re)constru\u00e7\u00e3o de sentidos de discursos, de imagens, de sons e de protagonismo de l\u00ednguas ind\u00edgenas brasileiras: homenagem \u00e0 Tania Concei\u00e7\u00e3o Clemente de Souza - Pontes Editores","og_description":"&nbsp; Celebrar Tania Concei\u00e7\u00e3o Clemente de Souza \u00e9 reconhecer uma vida inteira dedicada ao pensamento, \u00e0 escuta e \u00e0 inven\u00e7\u00e3o te\u00f3rica. Sua trajet\u00f3ria \u00e9 um testemunho de compromisso com a linguagem, entendida como instrumento e como espa\u00e7o de produ\u00e7\u00e3o de sentidos, de encontros e de resist\u00eancias. Graduada em Letras: Portugu\u00eas-Russo pela Universidade Federal do Rio [&hellip;]","og_url":"https:\/\/ponteseditores.com.br\/loja3\/pontes-editores-home-2__trashed\/lancamento\/reconstrucao-de-sentidos-de-discursos-de-imagens-de-sons-e-de-protagonismo-de-linguas-indigenas-brasileiras-homenagem-a-tania-conceicao-clemente-de-souza\/","og_site_name":"Pontes Editores","og_image":[{"width":800,"height":1159,"url":"https:\/\/ponteseditores.com.br\/loja3\/wp-content\/uploads\/2025\/10\/Capa_Re-construcao-dos-sentidos.jpg","type":"image\/jpeg"}],"twitter_card":"summary_large_image","twitter_misc":{"Est. tempo de leitura":"2 minutos"},"schema":{"@context":"https:\/\/schema.org","@graph":[{"@type":"WebPage","@id":"https:\/\/ponteseditores.com.br\/loja3\/pontes-editores-home-2__trashed\/lancamento\/reconstrucao-de-sentidos-de-discursos-de-imagens-de-sons-e-de-protagonismo-de-linguas-indigenas-brasileiras-homenagem-a-tania-conceicao-clemente-de-souza\/","url":"https:\/\/ponteseditores.com.br\/loja3\/pontes-editores-home-2__trashed\/lancamento\/reconstrucao-de-sentidos-de-discursos-de-imagens-de-sons-e-de-protagonismo-de-linguas-indigenas-brasileiras-homenagem-a-tania-conceicao-clemente-de-souza\/","name":"(Re)constru\u00e7\u00e3o de sentidos de discursos, de imagens, de sons e de protagonismo de l\u00ednguas ind\u00edgenas brasileiras: homenagem \u00e0 Tania Concei\u00e7\u00e3o Clemente de Souza - Pontes Editores","isPartOf":{"@id":"https:\/\/ponteseditores.com.br\/loja3\/#website"},"primaryImageOfPage":{"@id":"https:\/\/ponteseditores.com.br\/loja3\/pontes-editores-home-2__trashed\/lancamento\/reconstrucao-de-sentidos-de-discursos-de-imagens-de-sons-e-de-protagonismo-de-linguas-indigenas-brasileiras-homenagem-a-tania-conceicao-clemente-de-souza\/#primaryimage"},"image":{"@id":"https:\/\/ponteseditores.com.br\/loja3\/pontes-editores-home-2__trashed\/lancamento\/reconstrucao-de-sentidos-de-discursos-de-imagens-de-sons-e-de-protagonismo-de-linguas-indigenas-brasileiras-homenagem-a-tania-conceicao-clemente-de-souza\/#primaryimage"},"thumbnailUrl":"https:\/\/ponteseditores.com.br\/loja3\/wp-content\/uploads\/2025\/10\/Capa_Re-construcao-dos-sentidos.jpg","datePublished":"2025-10-20T15:57:48+00:00","breadcrumb":{"@id":"https:\/\/ponteseditores.com.br\/loja3\/pontes-editores-home-2__trashed\/lancamento\/reconstrucao-de-sentidos-de-discursos-de-imagens-de-sons-e-de-protagonismo-de-linguas-indigenas-brasileiras-homenagem-a-tania-conceicao-clemente-de-souza\/#breadcrumb"},"inLanguage":"pt-BR","potentialAction":[{"@type":"ReadAction","target":["https:\/\/ponteseditores.com.br\/loja3\/pontes-editores-home-2__trashed\/lancamento\/reconstrucao-de-sentidos-de-discursos-de-imagens-de-sons-e-de-protagonismo-de-linguas-indigenas-brasileiras-homenagem-a-tania-conceicao-clemente-de-souza\/"]}]},{"@type":"ImageObject","inLanguage":"pt-BR","@id":"https:\/\/ponteseditores.com.br\/loja3\/pontes-editores-home-2__trashed\/lancamento\/reconstrucao-de-sentidos-de-discursos-de-imagens-de-sons-e-de-protagonismo-de-linguas-indigenas-brasileiras-homenagem-a-tania-conceicao-clemente-de-souza\/#primaryimage","url":"https:\/\/ponteseditores.com.br\/loja3\/wp-content\/uploads\/2025\/10\/Capa_Re-construcao-dos-sentidos.jpg","contentUrl":"https:\/\/ponteseditores.com.br\/loja3\/wp-content\/uploads\/2025\/10\/Capa_Re-construcao-dos-sentidos.jpg","width":800,"height":1159},{"@type":"BreadcrumbList","@id":"https:\/\/ponteseditores.com.br\/loja3\/pontes-editores-home-2__trashed\/lancamento\/reconstrucao-de-sentidos-de-discursos-de-imagens-de-sons-e-de-protagonismo-de-linguas-indigenas-brasileiras-homenagem-a-tania-conceicao-clemente-de-souza\/#breadcrumb","itemListElement":[{"@type":"ListItem","position":1,"name":"Home","item":"https:\/\/ponteseditores.com.br\/loja3\/"},{"@type":"ListItem","position":2,"name":"loja","item":"https:\/\/ponteseditores.com.br\/loja3\/loja\/"},{"@type":"ListItem","position":3,"name":"(Re)constru\u00e7\u00e3o de sentidos de discursos, de imagens, de sons e de protagonismo de l\u00ednguas ind\u00edgenas brasileiras: homenagem \u00e0 Tania Concei\u00e7\u00e3o Clemente de Souza"}]},{"@type":"WebSite","@id":"https:\/\/ponteseditores.com.br\/loja3\/#website","url":"https:\/\/ponteseditores.com.br\/loja3\/","name":"Pontes Editores","description":"Pontes Editores","publisher":{"@id":"https:\/\/ponteseditores.com.br\/loja3\/#organization"},"potentialAction":[{"@type":"SearchAction","target":{"@type":"EntryPoint","urlTemplate":"https:\/\/ponteseditores.com.br\/loja3\/?s={search_term_string}"},"query-input":{"@type":"PropertyValueSpecification","valueRequired":true,"valueName":"search_term_string"}}],"inLanguage":"pt-BR"},{"@type":"Organization","@id":"https:\/\/ponteseditores.com.br\/loja3\/#organization","name":"Pontes Editores","url":"https:\/\/ponteseditores.com.br\/loja3\/","logo":{"@type":"ImageObject","inLanguage":"pt-BR","@id":"https:\/\/ponteseditores.com.br\/loja3\/#\/schema\/logo\/image\/","url":"https:\/\/ponteseditores.com.br\/loja3\/wp-content\/uploads\/2023\/12\/logo-pontes-editores-v2.png","contentUrl":"https:\/\/ponteseditores.com.br\/loja3\/wp-content\/uploads\/2023\/12\/logo-pontes-editores-v2.png","width":258,"height":100,"caption":"Pontes Editores"},"image":{"@id":"https:\/\/ponteseditores.com.br\/loja3\/#\/schema\/logo\/image\/"}}]}},"_links":{"self":[{"href":"https:\/\/ponteseditores.com.br\/loja3\/wp-json\/wp\/v2\/product\/32194","targetHints":{"allow":["GET"]}}],"collection":[{"href":"https:\/\/ponteseditores.com.br\/loja3\/wp-json\/wp\/v2\/product"}],"about":[{"href":"https:\/\/ponteseditores.com.br\/loja3\/wp-json\/wp\/v2\/types\/product"}],"replies":[{"embeddable":true,"href":"https:\/\/ponteseditores.com.br\/loja3\/wp-json\/wp\/v2\/comments?post=32194"}],"version-history":[{"count":1,"href":"https:\/\/ponteseditores.com.br\/loja3\/wp-json\/wp\/v2\/product\/32194\/revisions"}],"predecessor-version":[{"id":32196,"href":"https:\/\/ponteseditores.com.br\/loja3\/wp-json\/wp\/v2\/product\/32194\/revisions\/32196"}],"wp:featuredmedia":[{"embeddable":true,"href":"https:\/\/ponteseditores.com.br\/loja3\/wp-json\/wp\/v2\/media\/32195"}],"wp:attachment":[{"href":"https:\/\/ponteseditores.com.br\/loja3\/wp-json\/wp\/v2\/media?parent=32194"}],"wp:term":[{"taxonomy":"product_brand","embeddable":true,"href":"https:\/\/ponteseditores.com.br\/loja3\/wp-json\/wp\/v2\/product_brand?post=32194"},{"taxonomy":"product_cat","embeddable":true,"href":"https:\/\/ponteseditores.com.br\/loja3\/wp-json\/wp\/v2\/product_cat?post=32194"},{"taxonomy":"product_tag","embeddable":true,"href":"https:\/\/ponteseditores.com.br\/loja3\/wp-json\/wp\/v2\/product_tag?post=32194"}],"curies":[{"name":"wp","href":"https:\/\/api.w.org\/{rel}","templated":true}]}}