{"id":32069,"date":"2025-10-17T12:08:08","date_gmt":"2025-10-17T15:08:08","guid":{"rendered":"https:\/\/ponteseditores.com.br\/loja3\/?post_type=product&#038;p=32069"},"modified":"2025-10-17T12:08:09","modified_gmt":"2025-10-17T15:08:09","slug":"retratos-das-margens-do-terceiro-cinema-ao-cinema-periferico","status":"publish","type":"product","link":"https:\/\/ponteseditores.com.br\/loja3\/pontes-editores-home-2__trashed\/analise-do-discurso\/retratos-das-margens-do-terceiro-cinema-ao-cinema-periferico\/","title":{"rendered":"RETRATOS DAS MARGENS DO TERCEIRO CINEMA AO CINEMA PERIF\u00c9RICO"},"content":{"rendered":"<table style=\"height: 342px;\" width=\"981\">\n<tbody>\n<tr>\n<td style=\"width: 971px;\">Os ensaios deste livro foram reunidos ao longo de muitos anos de pesquisas sobre cinema e audiovisual, a partir de uma moldura te\u00f3rica que privilegia os contextos, que delineia uma esp\u00e9cie de hist\u00f3ria cultural, que real\u00e7a a no\u00e7\u00e3o de cinema como uma pr\u00e1tica cultural e social. O foco de tais pesquisas foi o que poder\u00edamos chamar de cinema perif\u00e9rico, com um olhar particularmente mais atento para o cinema latino-americano e mais especificamente ainda para o cinema brasileiro.<\/p>\n<p>O livro se chama Retratos das Margens qui\u00e7\u00e1 para frisar a natureza de \u201cinstant\u00e2neo\u201d de uma \u00e9poca, para marcar o car\u00e1ter de cr\u00f4nica de um tempo e para pontuar certa incompletude.<\/p>\n<p>Evidentemente, os artigos aqui reunidos n\u00e3o podem dar conta totalmente dessa passagem sugerida no subt\u00edtulo (do terceiro cinema ao cinema perif\u00e9rico), mas se tornam no m\u00ednimo ponto de partida de um debate crucial para a hist\u00f3ria recente do cinema mundial.<\/td>\n<\/tr>\n<\/tbody>\n<\/table>\n","protected":false},"excerpt":{"rendered":"<p>Os ensaios deste livro foram reunidos ao longo de muitos anos de pesquisas sobre cinema e audiovisual, a partir de uma moldura te\u00f3rica que privilegia os contextos, que delineia uma esp\u00e9cie de hist\u00f3ria cultural, que real\u00e7a a no\u00e7\u00e3o de cinema como uma pr\u00e1tica cultural e social. O foco de tais pesquisas foi o que poder\u00edamos [&hellip;]<\/p>\n","protected":false},"featured_media":32071,"comment_status":"open","ping_status":"closed","template":"","meta":{"_joinchat":[]},"product_brand":[],"product_cat":[301,36],"product_tag":[],"class_list":{"0":"post-32069","1":"product","2":"type-product","3":"status-publish","4":"has-post-thumbnail","6":"product_cat-analise-de-discurso","7":"product_cat-analise-do-discurso","9":"first","10":"instock","11":"shipping-taxable","12":"purchasable","13":"product-type-simple"},"yoast_head":"<!-- This site is optimized with the Yoast SEO plugin v27.4 - https:\/\/yoast.com\/product\/yoast-seo-wordpress\/ -->\n<title>RETRATOS DAS MARGENS DO TERCEIRO CINEMA AO CINEMA PERIF\u00c9RICO - Pontes Editores<\/title>\n<meta name=\"robots\" content=\"index, follow, max-snippet:-1, max-image-preview:large, max-video-preview:-1\" \/>\n<link rel=\"canonical\" href=\"https:\/\/ponteseditores.com.br\/loja3\/pontes-editores-home-2__trashed\/analise-do-discurso\/retratos-das-margens-do-terceiro-cinema-ao-cinema-periferico\/\" \/>\n<meta property=\"og:locale\" content=\"pt_BR\" \/>\n<meta property=\"og:type\" content=\"article\" \/>\n<meta property=\"og:title\" content=\"RETRATOS DAS MARGENS DO TERCEIRO CINEMA AO CINEMA PERIF\u00c9RICO - Pontes Editores\" \/>\n<meta property=\"og:description\" content=\"Os ensaios deste livro foram reunidos ao longo de muitos anos de pesquisas sobre cinema e audiovisual, a partir de uma moldura te\u00f3rica que privilegia os contextos, que delineia uma esp\u00e9cie de hist\u00f3ria cultural, que real\u00e7a a no\u00e7\u00e3o de cinema como uma pr\u00e1tica cultural e social. O foco de tais pesquisas foi o que poder\u00edamos [&hellip;]\" \/>\n<meta property=\"og:url\" content=\"https:\/\/ponteseditores.com.br\/loja3\/pontes-editores-home-2__trashed\/analise-do-discurso\/retratos-das-margens-do-terceiro-cinema-ao-cinema-periferico\/\" \/>\n<meta property=\"og:site_name\" content=\"Pontes Editores\" \/>\n<meta property=\"article:modified_time\" content=\"2025-10-17T15:08:09+00:00\" \/>\n<meta property=\"og:image\" content=\"https:\/\/ponteseditores.com.br\/loja3\/wp-content\/uploads\/2025\/10\/retratos-das-margens-do-terceiro-cinema-ao-cinema-periferico-capa.jpg\" \/>\n\t<meta property=\"og:image:width\" content=\"1728\" \/>\n\t<meta property=\"og:image:height\" content=\"2443\" \/>\n\t<meta property=\"og:image:type\" content=\"image\/jpeg\" \/>\n<meta name=\"twitter:card\" content=\"summary_large_image\" \/>\n<meta name=\"twitter:label1\" content=\"Est. tempo de leitura\" \/>\n\t<meta name=\"twitter:data1\" content=\"1 minuto\" \/>\n<script type=\"application\/ld+json\" class=\"yoast-schema-graph\">{\"@context\":\"https:\\\/\\\/schema.org\",\"@graph\":[{\"@type\":\"WebPage\",\"@id\":\"https:\\\/\\\/ponteseditores.com.br\\\/loja3\\\/pontes-editores-home-2__trashed\\\/analise-do-discurso\\\/retratos-das-margens-do-terceiro-cinema-ao-cinema-periferico\\\/\",\"url\":\"https:\\\/\\\/ponteseditores.com.br\\\/loja3\\\/pontes-editores-home-2__trashed\\\/analise-do-discurso\\\/retratos-das-margens-do-terceiro-cinema-ao-cinema-periferico\\\/\",\"name\":\"RETRATOS DAS MARGENS DO TERCEIRO CINEMA AO CINEMA PERIF\u00c9RICO - Pontes Editores\",\"isPartOf\":{\"@id\":\"https:\\\/\\\/ponteseditores.com.br\\\/loja3\\\/#website\"},\"primaryImageOfPage\":{\"@id\":\"https:\\\/\\\/ponteseditores.com.br\\\/loja3\\\/pontes-editores-home-2__trashed\\\/analise-do-discurso\\\/retratos-das-margens-do-terceiro-cinema-ao-cinema-periferico\\\/#primaryimage\"},\"image\":{\"@id\":\"https:\\\/\\\/ponteseditores.com.br\\\/loja3\\\/pontes-editores-home-2__trashed\\\/analise-do-discurso\\\/retratos-das-margens-do-terceiro-cinema-ao-cinema-periferico\\\/#primaryimage\"},\"thumbnailUrl\":\"https:\\\/\\\/ponteseditores.com.br\\\/loja3\\\/wp-content\\\/uploads\\\/2025\\\/10\\\/retratos-das-margens-do-terceiro-cinema-ao-cinema-periferico-capa.jpg\",\"datePublished\":\"2025-10-17T15:08:08+00:00\",\"dateModified\":\"2025-10-17T15:08:09+00:00\",\"breadcrumb\":{\"@id\":\"https:\\\/\\\/ponteseditores.com.br\\\/loja3\\\/pontes-editores-home-2__trashed\\\/analise-do-discurso\\\/retratos-das-margens-do-terceiro-cinema-ao-cinema-periferico\\\/#breadcrumb\"},\"inLanguage\":\"pt-BR\",\"potentialAction\":[{\"@type\":\"ReadAction\",\"target\":[\"https:\\\/\\\/ponteseditores.com.br\\\/loja3\\\/pontes-editores-home-2__trashed\\\/analise-do-discurso\\\/retratos-das-margens-do-terceiro-cinema-ao-cinema-periferico\\\/\"]}]},{\"@type\":\"ImageObject\",\"inLanguage\":\"pt-BR\",\"@id\":\"https:\\\/\\\/ponteseditores.com.br\\\/loja3\\\/pontes-editores-home-2__trashed\\\/analise-do-discurso\\\/retratos-das-margens-do-terceiro-cinema-ao-cinema-periferico\\\/#primaryimage\",\"url\":\"https:\\\/\\\/ponteseditores.com.br\\\/loja3\\\/wp-content\\\/uploads\\\/2025\\\/10\\\/retratos-das-margens-do-terceiro-cinema-ao-cinema-periferico-capa.jpg\",\"contentUrl\":\"https:\\\/\\\/ponteseditores.com.br\\\/loja3\\\/wp-content\\\/uploads\\\/2025\\\/10\\\/retratos-das-margens-do-terceiro-cinema-ao-cinema-periferico-capa.jpg\",\"width\":1728,\"height\":2443},{\"@type\":\"BreadcrumbList\",\"@id\":\"https:\\\/\\\/ponteseditores.com.br\\\/loja3\\\/pontes-editores-home-2__trashed\\\/analise-do-discurso\\\/retratos-das-margens-do-terceiro-cinema-ao-cinema-periferico\\\/#breadcrumb\",\"itemListElement\":[{\"@type\":\"ListItem\",\"position\":1,\"name\":\"Home\",\"item\":\"https:\\\/\\\/ponteseditores.com.br\\\/loja3\\\/\"},{\"@type\":\"ListItem\",\"position\":2,\"name\":\"loja\",\"item\":\"https:\\\/\\\/ponteseditores.com.br\\\/loja3\\\/loja\\\/\"},{\"@type\":\"ListItem\",\"position\":3,\"name\":\"RETRATOS DAS MARGENS DO TERCEIRO CINEMA AO CINEMA PERIF\u00c9RICO\"}]},{\"@type\":\"WebSite\",\"@id\":\"https:\\\/\\\/ponteseditores.com.br\\\/loja3\\\/#website\",\"url\":\"https:\\\/\\\/ponteseditores.com.br\\\/loja3\\\/\",\"name\":\"Pontes Editores\",\"description\":\"Pontes Editores\",\"publisher\":{\"@id\":\"https:\\\/\\\/ponteseditores.com.br\\\/loja3\\\/#organization\"},\"potentialAction\":[{\"@type\":\"SearchAction\",\"target\":{\"@type\":\"EntryPoint\",\"urlTemplate\":\"https:\\\/\\\/ponteseditores.com.br\\\/loja3\\\/?s={search_term_string}\"},\"query-input\":{\"@type\":\"PropertyValueSpecification\",\"valueRequired\":true,\"valueName\":\"search_term_string\"}}],\"inLanguage\":\"pt-BR\"},{\"@type\":\"Organization\",\"@id\":\"https:\\\/\\\/ponteseditores.com.br\\\/loja3\\\/#organization\",\"name\":\"Pontes Editores\",\"url\":\"https:\\\/\\\/ponteseditores.com.br\\\/loja3\\\/\",\"logo\":{\"@type\":\"ImageObject\",\"inLanguage\":\"pt-BR\",\"@id\":\"https:\\\/\\\/ponteseditores.com.br\\\/loja3\\\/#\\\/schema\\\/logo\\\/image\\\/\",\"url\":\"https:\\\/\\\/ponteseditores.com.br\\\/loja3\\\/wp-content\\\/uploads\\\/2023\\\/12\\\/logo-pontes-editores-v2.png\",\"contentUrl\":\"https:\\\/\\\/ponteseditores.com.br\\\/loja3\\\/wp-content\\\/uploads\\\/2023\\\/12\\\/logo-pontes-editores-v2.png\",\"width\":258,\"height\":100,\"caption\":\"Pontes Editores\"},\"image\":{\"@id\":\"https:\\\/\\\/ponteseditores.com.br\\\/loja3\\\/#\\\/schema\\\/logo\\\/image\\\/\"}}]}<\/script>\n<!-- \/ Yoast SEO plugin. -->","yoast_head_json":{"title":"RETRATOS DAS MARGENS DO TERCEIRO CINEMA AO CINEMA PERIF\u00c9RICO - Pontes Editores","robots":{"index":"index","follow":"follow","max-snippet":"max-snippet:-1","max-image-preview":"max-image-preview:large","max-video-preview":"max-video-preview:-1"},"canonical":"https:\/\/ponteseditores.com.br\/loja3\/pontes-editores-home-2__trashed\/analise-do-discurso\/retratos-das-margens-do-terceiro-cinema-ao-cinema-periferico\/","og_locale":"pt_BR","og_type":"article","og_title":"RETRATOS DAS MARGENS DO TERCEIRO CINEMA AO CINEMA PERIF\u00c9RICO - Pontes Editores","og_description":"Os ensaios deste livro foram reunidos ao longo de muitos anos de pesquisas sobre cinema e audiovisual, a partir de uma moldura te\u00f3rica que privilegia os contextos, que delineia uma esp\u00e9cie de hist\u00f3ria cultural, que real\u00e7a a no\u00e7\u00e3o de cinema como uma pr\u00e1tica cultural e social. O foco de tais pesquisas foi o que poder\u00edamos [&hellip;]","og_url":"https:\/\/ponteseditores.com.br\/loja3\/pontes-editores-home-2__trashed\/analise-do-discurso\/retratos-das-margens-do-terceiro-cinema-ao-cinema-periferico\/","og_site_name":"Pontes Editores","article_modified_time":"2025-10-17T15:08:09+00:00","og_image":[{"width":1728,"height":2443,"url":"https:\/\/ponteseditores.com.br\/loja3\/wp-content\/uploads\/2025\/10\/retratos-das-margens-do-terceiro-cinema-ao-cinema-periferico-capa.jpg","type":"image\/jpeg"}],"twitter_card":"summary_large_image","twitter_misc":{"Est. tempo de leitura":"1 minuto"},"schema":{"@context":"https:\/\/schema.org","@graph":[{"@type":"WebPage","@id":"https:\/\/ponteseditores.com.br\/loja3\/pontes-editores-home-2__trashed\/analise-do-discurso\/retratos-das-margens-do-terceiro-cinema-ao-cinema-periferico\/","url":"https:\/\/ponteseditores.com.br\/loja3\/pontes-editores-home-2__trashed\/analise-do-discurso\/retratos-das-margens-do-terceiro-cinema-ao-cinema-periferico\/","name":"RETRATOS DAS MARGENS DO TERCEIRO CINEMA AO CINEMA PERIF\u00c9RICO - Pontes Editores","isPartOf":{"@id":"https:\/\/ponteseditores.com.br\/loja3\/#website"},"primaryImageOfPage":{"@id":"https:\/\/ponteseditores.com.br\/loja3\/pontes-editores-home-2__trashed\/analise-do-discurso\/retratos-das-margens-do-terceiro-cinema-ao-cinema-periferico\/#primaryimage"},"image":{"@id":"https:\/\/ponteseditores.com.br\/loja3\/pontes-editores-home-2__trashed\/analise-do-discurso\/retratos-das-margens-do-terceiro-cinema-ao-cinema-periferico\/#primaryimage"},"thumbnailUrl":"https:\/\/ponteseditores.com.br\/loja3\/wp-content\/uploads\/2025\/10\/retratos-das-margens-do-terceiro-cinema-ao-cinema-periferico-capa.jpg","datePublished":"2025-10-17T15:08:08+00:00","dateModified":"2025-10-17T15:08:09+00:00","breadcrumb":{"@id":"https:\/\/ponteseditores.com.br\/loja3\/pontes-editores-home-2__trashed\/analise-do-discurso\/retratos-das-margens-do-terceiro-cinema-ao-cinema-periferico\/#breadcrumb"},"inLanguage":"pt-BR","potentialAction":[{"@type":"ReadAction","target":["https:\/\/ponteseditores.com.br\/loja3\/pontes-editores-home-2__trashed\/analise-do-discurso\/retratos-das-margens-do-terceiro-cinema-ao-cinema-periferico\/"]}]},{"@type":"ImageObject","inLanguage":"pt-BR","@id":"https:\/\/ponteseditores.com.br\/loja3\/pontes-editores-home-2__trashed\/analise-do-discurso\/retratos-das-margens-do-terceiro-cinema-ao-cinema-periferico\/#primaryimage","url":"https:\/\/ponteseditores.com.br\/loja3\/wp-content\/uploads\/2025\/10\/retratos-das-margens-do-terceiro-cinema-ao-cinema-periferico-capa.jpg","contentUrl":"https:\/\/ponteseditores.com.br\/loja3\/wp-content\/uploads\/2025\/10\/retratos-das-margens-do-terceiro-cinema-ao-cinema-periferico-capa.jpg","width":1728,"height":2443},{"@type":"BreadcrumbList","@id":"https:\/\/ponteseditores.com.br\/loja3\/pontes-editores-home-2__trashed\/analise-do-discurso\/retratos-das-margens-do-terceiro-cinema-ao-cinema-periferico\/#breadcrumb","itemListElement":[{"@type":"ListItem","position":1,"name":"Home","item":"https:\/\/ponteseditores.com.br\/loja3\/"},{"@type":"ListItem","position":2,"name":"loja","item":"https:\/\/ponteseditores.com.br\/loja3\/loja\/"},{"@type":"ListItem","position":3,"name":"RETRATOS DAS MARGENS DO TERCEIRO CINEMA AO CINEMA PERIF\u00c9RICO"}]},{"@type":"WebSite","@id":"https:\/\/ponteseditores.com.br\/loja3\/#website","url":"https:\/\/ponteseditores.com.br\/loja3\/","name":"Pontes Editores","description":"Pontes Editores","publisher":{"@id":"https:\/\/ponteseditores.com.br\/loja3\/#organization"},"potentialAction":[{"@type":"SearchAction","target":{"@type":"EntryPoint","urlTemplate":"https:\/\/ponteseditores.com.br\/loja3\/?s={search_term_string}"},"query-input":{"@type":"PropertyValueSpecification","valueRequired":true,"valueName":"search_term_string"}}],"inLanguage":"pt-BR"},{"@type":"Organization","@id":"https:\/\/ponteseditores.com.br\/loja3\/#organization","name":"Pontes Editores","url":"https:\/\/ponteseditores.com.br\/loja3\/","logo":{"@type":"ImageObject","inLanguage":"pt-BR","@id":"https:\/\/ponteseditores.com.br\/loja3\/#\/schema\/logo\/image\/","url":"https:\/\/ponteseditores.com.br\/loja3\/wp-content\/uploads\/2023\/12\/logo-pontes-editores-v2.png","contentUrl":"https:\/\/ponteseditores.com.br\/loja3\/wp-content\/uploads\/2023\/12\/logo-pontes-editores-v2.png","width":258,"height":100,"caption":"Pontes Editores"},"image":{"@id":"https:\/\/ponteseditores.com.br\/loja3\/#\/schema\/logo\/image\/"}}]}},"_links":{"self":[{"href":"https:\/\/ponteseditores.com.br\/loja3\/wp-json\/wp\/v2\/product\/32069","targetHints":{"allow":["GET"]}}],"collection":[{"href":"https:\/\/ponteseditores.com.br\/loja3\/wp-json\/wp\/v2\/product"}],"about":[{"href":"https:\/\/ponteseditores.com.br\/loja3\/wp-json\/wp\/v2\/types\/product"}],"replies":[{"embeddable":true,"href":"https:\/\/ponteseditores.com.br\/loja3\/wp-json\/wp\/v2\/comments?post=32069"}],"version-history":[{"count":1,"href":"https:\/\/ponteseditores.com.br\/loja3\/wp-json\/wp\/v2\/product\/32069\/revisions"}],"predecessor-version":[{"id":32072,"href":"https:\/\/ponteseditores.com.br\/loja3\/wp-json\/wp\/v2\/product\/32069\/revisions\/32072"}],"wp:featuredmedia":[{"embeddable":true,"href":"https:\/\/ponteseditores.com.br\/loja3\/wp-json\/wp\/v2\/media\/32071"}],"wp:attachment":[{"href":"https:\/\/ponteseditores.com.br\/loja3\/wp-json\/wp\/v2\/media?parent=32069"}],"wp:term":[{"taxonomy":"product_brand","embeddable":true,"href":"https:\/\/ponteseditores.com.br\/loja3\/wp-json\/wp\/v2\/product_brand?post=32069"},{"taxonomy":"product_cat","embeddable":true,"href":"https:\/\/ponteseditores.com.br\/loja3\/wp-json\/wp\/v2\/product_cat?post=32069"},{"taxonomy":"product_tag","embeddable":true,"href":"https:\/\/ponteseditores.com.br\/loja3\/wp-json\/wp\/v2\/product_tag?post=32069"}],"curies":[{"name":"wp","href":"https:\/\/api.w.org\/{rel}","templated":true}]}}