{"id":31996,"date":"2025-10-16T09:33:55","date_gmt":"2025-10-16T12:33:55","guid":{"rendered":"https:\/\/ponteseditores.com.br\/loja3\/?post_type=product&#038;p=31996"},"modified":"2025-10-21T10:07:21","modified_gmt":"2025-10-21T13:07:21","slug":"ensaios-interdisciplinares-em-humanidades-volume-viii","status":"publish","type":"product","link":"https:\/\/ponteseditores.com.br\/loja3\/pontes-editores-home-2__trashed\/ebook\/lancamento-e-book\/ensaios-interdisciplinares-em-humanidades-volume-viii\/","title":{"rendered":"Ensaios interdisciplinares em humanidades \u2013 Volume VIII"},"content":{"rendered":"<p>E-book escrito por discentes egressos da turma 2023, estagi\u00e1rios de p\u00f3s-doutoramento e docentes do Programa de P\u00f3s-Gradua\u00e7\u00e3o Interdisciplinar em Humanidades (POSIH) da Universidade da Integra\u00e7\u00e3o Internacional da Lusofonia Afro-brasileira (UNILAB), e por pesquisadores convidados externos (UFPA, UNIFESSPA, UFBA, UFC e SEDUC-CE), re\u00fane investiga\u00e7\u00f5es que operam nas encruzilhadas entre diferentes campos do saber \u2013 como hist\u00f3ria, filosofia, literatura, antropologia, educa\u00e7\u00e3o e artes \u2013 refor\u00e7ando a pot\u00eancia da abordagem interdisciplinar das humanidades como campo de constru\u00e7\u00e3o de conhecimento engajado, plural e situado.<\/p>\n<p>Trata-se de uma colet\u00e2nea que afirma a import\u00e2ncia das epistemologias do Sul, dos saberes insurgentes e das experi\u00eancias de resist\u00eancia. \u00c9 uma obra densa, abrangente e pluriversa, que possui vinte e quatro cap\u00edtulos, escritos por muitas m\u00e3os, cerca de 50 escritores e escritoras brasileiras e internacionais (Cabo Verde e Guin\u00e9-Bissau), expressando as m\u00faltiplas identidades e tr\u00e2nsitos da produ\u00e7\u00e3o de conhecimento contra-hegem\u00f4nico a partir da atua\u00e7\u00e3o e di\u00e1logos constru\u00eddos pelo Mestrado Interdisciplinar em Humanidades (MIH) da UNILAB, sediado na cidade de Reden\u00e7\u00e3o, estado do Cear\u00e1.<\/p>\n<p>&nbsp;<\/p>\n","protected":false},"excerpt":{"rendered":"<p>E-book escrito por discentes egressos da turma 2023, estagi\u00e1rios de p\u00f3s-doutoramento e docentes do Programa de P\u00f3s-Gradua\u00e7\u00e3o Interdisciplinar em Humanidades (POSIH) da Universidade da Integra\u00e7\u00e3o Internacional da Lusofonia Afro-brasileira (UNILAB), e por pesquisadores convidados externos (UFPA, UNIFESSPA, UFBA, UFC e SEDUC-CE), re\u00fane investiga\u00e7\u00f5es que operam nas encruzilhadas entre diferentes campos do saber \u2013 como hist\u00f3ria, [&hellip;]<\/p>\n","protected":false},"featured_media":31998,"comment_status":"open","ping_status":"closed","template":"","meta":{"_joinchat":[]},"product_brand":[],"product_cat":[165,386],"product_tag":[],"class_list":{"0":"post-31996","1":"product","2":"type-product","3":"status-publish","4":"has-post-thumbnail","6":"product_cat-ebook","7":"product_cat-lancamento-e-book","9":"first","10":"instock","11":"downloadable","12":"virtual","13":"purchasable","14":"product-type-simple"},"yoast_head":"<!-- This site is optimized with the Yoast SEO plugin v27.4 - https:\/\/yoast.com\/product\/yoast-seo-wordpress\/ -->\n<title>Ensaios interdisciplinares em humanidades \u2013 Volume VIII - Pontes Editores<\/title>\n<meta name=\"robots\" content=\"index, follow, max-snippet:-1, max-image-preview:large, max-video-preview:-1\" \/>\n<link rel=\"canonical\" href=\"https:\/\/ponteseditores.com.br\/loja3\/pontes-editores-home-2__trashed\/ebook\/lancamento-e-book\/ensaios-interdisciplinares-em-humanidades-volume-viii\/\" \/>\n<meta property=\"og:locale\" content=\"pt_BR\" \/>\n<meta property=\"og:type\" content=\"article\" \/>\n<meta property=\"og:title\" content=\"Ensaios interdisciplinares em humanidades \u2013 Volume VIII - Pontes Editores\" \/>\n<meta property=\"og:description\" content=\"E-book escrito por discentes egressos da turma 2023, estagi\u00e1rios de p\u00f3s-doutoramento e docentes do Programa de P\u00f3s-Gradua\u00e7\u00e3o Interdisciplinar em Humanidades (POSIH) da Universidade da Integra\u00e7\u00e3o Internacional da Lusofonia Afro-brasileira (UNILAB), e por pesquisadores convidados externos (UFPA, UNIFESSPA, UFBA, UFC e SEDUC-CE), re\u00fane investiga\u00e7\u00f5es que operam nas encruzilhadas entre diferentes campos do saber \u2013 como hist\u00f3ria, [&hellip;]\" \/>\n<meta property=\"og:url\" content=\"https:\/\/ponteseditores.com.br\/loja3\/pontes-editores-home-2__trashed\/ebook\/lancamento-e-book\/ensaios-interdisciplinares-em-humanidades-volume-viii\/\" \/>\n<meta property=\"og:site_name\" content=\"Pontes Editores\" \/>\n<meta property=\"article:modified_time\" content=\"2025-10-21T13:07:21+00:00\" \/>\n<meta property=\"og:image\" content=\"https:\/\/ponteseditores.com.br\/loja3\/wp-content\/uploads\/2025\/10\/Capa_Ensaios-Interdisciplinares.webp\" \/>\n\t<meta property=\"og:image:width\" content=\"800\" \/>\n\t<meta property=\"og:image:height\" content=\"1159\" \/>\n\t<meta property=\"og:image:type\" content=\"image\/webp\" \/>\n<meta name=\"twitter:card\" content=\"summary_large_image\" \/>\n<meta name=\"twitter:label1\" content=\"Est. tempo de leitura\" \/>\n\t<meta name=\"twitter:data1\" content=\"2 minutos\" \/>\n<script type=\"application\/ld+json\" class=\"yoast-schema-graph\">{\"@context\":\"https:\\\/\\\/schema.org\",\"@graph\":[{\"@type\":\"WebPage\",\"@id\":\"https:\\\/\\\/ponteseditores.com.br\\\/loja3\\\/pontes-editores-home-2__trashed\\\/ebook\\\/lancamento-e-book\\\/ensaios-interdisciplinares-em-humanidades-volume-viii\\\/\",\"url\":\"https:\\\/\\\/ponteseditores.com.br\\\/loja3\\\/pontes-editores-home-2__trashed\\\/ebook\\\/lancamento-e-book\\\/ensaios-interdisciplinares-em-humanidades-volume-viii\\\/\",\"name\":\"Ensaios interdisciplinares em humanidades \u2013 Volume VIII - Pontes Editores\",\"isPartOf\":{\"@id\":\"https:\\\/\\\/ponteseditores.com.br\\\/loja3\\\/#website\"},\"primaryImageOfPage\":{\"@id\":\"https:\\\/\\\/ponteseditores.com.br\\\/loja3\\\/pontes-editores-home-2__trashed\\\/ebook\\\/lancamento-e-book\\\/ensaios-interdisciplinares-em-humanidades-volume-viii\\\/#primaryimage\"},\"image\":{\"@id\":\"https:\\\/\\\/ponteseditores.com.br\\\/loja3\\\/pontes-editores-home-2__trashed\\\/ebook\\\/lancamento-e-book\\\/ensaios-interdisciplinares-em-humanidades-volume-viii\\\/#primaryimage\"},\"thumbnailUrl\":\"https:\\\/\\\/ponteseditores.com.br\\\/loja3\\\/wp-content\\\/uploads\\\/2025\\\/10\\\/Capa_Ensaios-Interdisciplinares.webp\",\"datePublished\":\"2025-10-16T12:33:55+00:00\",\"dateModified\":\"2025-10-21T13:07:21+00:00\",\"breadcrumb\":{\"@id\":\"https:\\\/\\\/ponteseditores.com.br\\\/loja3\\\/pontes-editores-home-2__trashed\\\/ebook\\\/lancamento-e-book\\\/ensaios-interdisciplinares-em-humanidades-volume-viii\\\/#breadcrumb\"},\"inLanguage\":\"pt-BR\",\"potentialAction\":[{\"@type\":\"ReadAction\",\"target\":[\"https:\\\/\\\/ponteseditores.com.br\\\/loja3\\\/pontes-editores-home-2__trashed\\\/ebook\\\/lancamento-e-book\\\/ensaios-interdisciplinares-em-humanidades-volume-viii\\\/\"]}]},{\"@type\":\"ImageObject\",\"inLanguage\":\"pt-BR\",\"@id\":\"https:\\\/\\\/ponteseditores.com.br\\\/loja3\\\/pontes-editores-home-2__trashed\\\/ebook\\\/lancamento-e-book\\\/ensaios-interdisciplinares-em-humanidades-volume-viii\\\/#primaryimage\",\"url\":\"https:\\\/\\\/ponteseditores.com.br\\\/loja3\\\/wp-content\\\/uploads\\\/2025\\\/10\\\/Capa_Ensaios-Interdisciplinares.webp\",\"contentUrl\":\"https:\\\/\\\/ponteseditores.com.br\\\/loja3\\\/wp-content\\\/uploads\\\/2025\\\/10\\\/Capa_Ensaios-Interdisciplinares.webp\",\"width\":800,\"height\":1159},{\"@type\":\"BreadcrumbList\",\"@id\":\"https:\\\/\\\/ponteseditores.com.br\\\/loja3\\\/pontes-editores-home-2__trashed\\\/ebook\\\/lancamento-e-book\\\/ensaios-interdisciplinares-em-humanidades-volume-viii\\\/#breadcrumb\",\"itemListElement\":[{\"@type\":\"ListItem\",\"position\":1,\"name\":\"Home\",\"item\":\"https:\\\/\\\/ponteseditores.com.br\\\/loja3\\\/\"},{\"@type\":\"ListItem\",\"position\":2,\"name\":\"loja\",\"item\":\"https:\\\/\\\/ponteseditores.com.br\\\/loja3\\\/loja\\\/\"},{\"@type\":\"ListItem\",\"position\":3,\"name\":\"Ensaios interdisciplinares em humanidades \u2013 Volume VIII\"}]},{\"@type\":\"WebSite\",\"@id\":\"https:\\\/\\\/ponteseditores.com.br\\\/loja3\\\/#website\",\"url\":\"https:\\\/\\\/ponteseditores.com.br\\\/loja3\\\/\",\"name\":\"Pontes Editores\",\"description\":\"Pontes Editores\",\"publisher\":{\"@id\":\"https:\\\/\\\/ponteseditores.com.br\\\/loja3\\\/#organization\"},\"potentialAction\":[{\"@type\":\"SearchAction\",\"target\":{\"@type\":\"EntryPoint\",\"urlTemplate\":\"https:\\\/\\\/ponteseditores.com.br\\\/loja3\\\/?s={search_term_string}\"},\"query-input\":{\"@type\":\"PropertyValueSpecification\",\"valueRequired\":true,\"valueName\":\"search_term_string\"}}],\"inLanguage\":\"pt-BR\"},{\"@type\":\"Organization\",\"@id\":\"https:\\\/\\\/ponteseditores.com.br\\\/loja3\\\/#organization\",\"name\":\"Pontes Editores\",\"url\":\"https:\\\/\\\/ponteseditores.com.br\\\/loja3\\\/\",\"logo\":{\"@type\":\"ImageObject\",\"inLanguage\":\"pt-BR\",\"@id\":\"https:\\\/\\\/ponteseditores.com.br\\\/loja3\\\/#\\\/schema\\\/logo\\\/image\\\/\",\"url\":\"https:\\\/\\\/ponteseditores.com.br\\\/loja3\\\/wp-content\\\/uploads\\\/2023\\\/12\\\/logo-pontes-editores-v2.png\",\"contentUrl\":\"https:\\\/\\\/ponteseditores.com.br\\\/loja3\\\/wp-content\\\/uploads\\\/2023\\\/12\\\/logo-pontes-editores-v2.png\",\"width\":258,\"height\":100,\"caption\":\"Pontes Editores\"},\"image\":{\"@id\":\"https:\\\/\\\/ponteseditores.com.br\\\/loja3\\\/#\\\/schema\\\/logo\\\/image\\\/\"}}]}<\/script>\n<!-- \/ Yoast SEO plugin. -->","yoast_head_json":{"title":"Ensaios interdisciplinares em humanidades \u2013 Volume VIII - Pontes Editores","robots":{"index":"index","follow":"follow","max-snippet":"max-snippet:-1","max-image-preview":"max-image-preview:large","max-video-preview":"max-video-preview:-1"},"canonical":"https:\/\/ponteseditores.com.br\/loja3\/pontes-editores-home-2__trashed\/ebook\/lancamento-e-book\/ensaios-interdisciplinares-em-humanidades-volume-viii\/","og_locale":"pt_BR","og_type":"article","og_title":"Ensaios interdisciplinares em humanidades \u2013 Volume VIII - Pontes Editores","og_description":"E-book escrito por discentes egressos da turma 2023, estagi\u00e1rios de p\u00f3s-doutoramento e docentes do Programa de P\u00f3s-Gradua\u00e7\u00e3o Interdisciplinar em Humanidades (POSIH) da Universidade da Integra\u00e7\u00e3o Internacional da Lusofonia Afro-brasileira (UNILAB), e por pesquisadores convidados externos (UFPA, UNIFESSPA, UFBA, UFC e SEDUC-CE), re\u00fane investiga\u00e7\u00f5es que operam nas encruzilhadas entre diferentes campos do saber \u2013 como hist\u00f3ria, [&hellip;]","og_url":"https:\/\/ponteseditores.com.br\/loja3\/pontes-editores-home-2__trashed\/ebook\/lancamento-e-book\/ensaios-interdisciplinares-em-humanidades-volume-viii\/","og_site_name":"Pontes Editores","article_modified_time":"2025-10-21T13:07:21+00:00","og_image":[{"width":800,"height":1159,"url":"https:\/\/ponteseditores.com.br\/loja3\/wp-content\/uploads\/2025\/10\/Capa_Ensaios-Interdisciplinares.webp","type":"image\/webp"}],"twitter_card":"summary_large_image","twitter_misc":{"Est. tempo de leitura":"2 minutos"},"schema":{"@context":"https:\/\/schema.org","@graph":[{"@type":"WebPage","@id":"https:\/\/ponteseditores.com.br\/loja3\/pontes-editores-home-2__trashed\/ebook\/lancamento-e-book\/ensaios-interdisciplinares-em-humanidades-volume-viii\/","url":"https:\/\/ponteseditores.com.br\/loja3\/pontes-editores-home-2__trashed\/ebook\/lancamento-e-book\/ensaios-interdisciplinares-em-humanidades-volume-viii\/","name":"Ensaios interdisciplinares em humanidades \u2013 Volume VIII - Pontes Editores","isPartOf":{"@id":"https:\/\/ponteseditores.com.br\/loja3\/#website"},"primaryImageOfPage":{"@id":"https:\/\/ponteseditores.com.br\/loja3\/pontes-editores-home-2__trashed\/ebook\/lancamento-e-book\/ensaios-interdisciplinares-em-humanidades-volume-viii\/#primaryimage"},"image":{"@id":"https:\/\/ponteseditores.com.br\/loja3\/pontes-editores-home-2__trashed\/ebook\/lancamento-e-book\/ensaios-interdisciplinares-em-humanidades-volume-viii\/#primaryimage"},"thumbnailUrl":"https:\/\/ponteseditores.com.br\/loja3\/wp-content\/uploads\/2025\/10\/Capa_Ensaios-Interdisciplinares.webp","datePublished":"2025-10-16T12:33:55+00:00","dateModified":"2025-10-21T13:07:21+00:00","breadcrumb":{"@id":"https:\/\/ponteseditores.com.br\/loja3\/pontes-editores-home-2__trashed\/ebook\/lancamento-e-book\/ensaios-interdisciplinares-em-humanidades-volume-viii\/#breadcrumb"},"inLanguage":"pt-BR","potentialAction":[{"@type":"ReadAction","target":["https:\/\/ponteseditores.com.br\/loja3\/pontes-editores-home-2__trashed\/ebook\/lancamento-e-book\/ensaios-interdisciplinares-em-humanidades-volume-viii\/"]}]},{"@type":"ImageObject","inLanguage":"pt-BR","@id":"https:\/\/ponteseditores.com.br\/loja3\/pontes-editores-home-2__trashed\/ebook\/lancamento-e-book\/ensaios-interdisciplinares-em-humanidades-volume-viii\/#primaryimage","url":"https:\/\/ponteseditores.com.br\/loja3\/wp-content\/uploads\/2025\/10\/Capa_Ensaios-Interdisciplinares.webp","contentUrl":"https:\/\/ponteseditores.com.br\/loja3\/wp-content\/uploads\/2025\/10\/Capa_Ensaios-Interdisciplinares.webp","width":800,"height":1159},{"@type":"BreadcrumbList","@id":"https:\/\/ponteseditores.com.br\/loja3\/pontes-editores-home-2__trashed\/ebook\/lancamento-e-book\/ensaios-interdisciplinares-em-humanidades-volume-viii\/#breadcrumb","itemListElement":[{"@type":"ListItem","position":1,"name":"Home","item":"https:\/\/ponteseditores.com.br\/loja3\/"},{"@type":"ListItem","position":2,"name":"loja","item":"https:\/\/ponteseditores.com.br\/loja3\/loja\/"},{"@type":"ListItem","position":3,"name":"Ensaios interdisciplinares em humanidades \u2013 Volume VIII"}]},{"@type":"WebSite","@id":"https:\/\/ponteseditores.com.br\/loja3\/#website","url":"https:\/\/ponteseditores.com.br\/loja3\/","name":"Pontes Editores","description":"Pontes Editores","publisher":{"@id":"https:\/\/ponteseditores.com.br\/loja3\/#organization"},"potentialAction":[{"@type":"SearchAction","target":{"@type":"EntryPoint","urlTemplate":"https:\/\/ponteseditores.com.br\/loja3\/?s={search_term_string}"},"query-input":{"@type":"PropertyValueSpecification","valueRequired":true,"valueName":"search_term_string"}}],"inLanguage":"pt-BR"},{"@type":"Organization","@id":"https:\/\/ponteseditores.com.br\/loja3\/#organization","name":"Pontes Editores","url":"https:\/\/ponteseditores.com.br\/loja3\/","logo":{"@type":"ImageObject","inLanguage":"pt-BR","@id":"https:\/\/ponteseditores.com.br\/loja3\/#\/schema\/logo\/image\/","url":"https:\/\/ponteseditores.com.br\/loja3\/wp-content\/uploads\/2023\/12\/logo-pontes-editores-v2.png","contentUrl":"https:\/\/ponteseditores.com.br\/loja3\/wp-content\/uploads\/2023\/12\/logo-pontes-editores-v2.png","width":258,"height":100,"caption":"Pontes Editores"},"image":{"@id":"https:\/\/ponteseditores.com.br\/loja3\/#\/schema\/logo\/image\/"}}]}},"_links":{"self":[{"href":"https:\/\/ponteseditores.com.br\/loja3\/wp-json\/wp\/v2\/product\/31996","targetHints":{"allow":["GET"]}}],"collection":[{"href":"https:\/\/ponteseditores.com.br\/loja3\/wp-json\/wp\/v2\/product"}],"about":[{"href":"https:\/\/ponteseditores.com.br\/loja3\/wp-json\/wp\/v2\/types\/product"}],"replies":[{"embeddable":true,"href":"https:\/\/ponteseditores.com.br\/loja3\/wp-json\/wp\/v2\/comments?post=31996"}],"version-history":[{"count":1,"href":"https:\/\/ponteseditores.com.br\/loja3\/wp-json\/wp\/v2\/product\/31996\/revisions"}],"predecessor-version":[{"id":31999,"href":"https:\/\/ponteseditores.com.br\/loja3\/wp-json\/wp\/v2\/product\/31996\/revisions\/31999"}],"wp:featuredmedia":[{"embeddable":true,"href":"https:\/\/ponteseditores.com.br\/loja3\/wp-json\/wp\/v2\/media\/31998"}],"wp:attachment":[{"href":"https:\/\/ponteseditores.com.br\/loja3\/wp-json\/wp\/v2\/media?parent=31996"}],"wp:term":[{"taxonomy":"product_brand","embeddable":true,"href":"https:\/\/ponteseditores.com.br\/loja3\/wp-json\/wp\/v2\/product_brand?post=31996"},{"taxonomy":"product_cat","embeddable":true,"href":"https:\/\/ponteseditores.com.br\/loja3\/wp-json\/wp\/v2\/product_cat?post=31996"},{"taxonomy":"product_tag","embeddable":true,"href":"https:\/\/ponteseditores.com.br\/loja3\/wp-json\/wp\/v2\/product_tag?post=31996"}],"curies":[{"name":"wp","href":"https:\/\/api.w.org\/{rel}","templated":true}]}}