{"id":31857,"date":"2025-10-14T10:22:37","date_gmt":"2025-10-14T13:22:37","guid":{"rendered":"https:\/\/ponteseditores.com.br\/loja3\/?post_type=product&#038;p=31857"},"modified":"2025-10-14T10:22:37","modified_gmt":"2025-10-14T13:22:37","slug":"tracos-tropicais-na-poesia-brasileira","status":"publish","type":"product","link":"https:\/\/ponteseditores.com.br\/loja3\/pontes-editores-home-2__trashed\/lancamento\/tracos-tropicais-na-poesia-brasileira\/","title":{"rendered":"Tra\u00e7os tropicais na poesia brasileira"},"content":{"rendered":"<p>O conjunto de textos do livro\u00a0<em>Tra\u00e7os tropicais na poesia brasileira<\/em>\u00a0tensiona conceitos como literatura ex-c\u00eantrica, ex\u00f3tica e antropof\u00e1gica, refletindo sobre pr\u00e1ticas po\u00e9ticas que t\u00eam a inven\u00e7\u00e3o, a intro-vers\u00e3o, a tropicalidade e a tradu\u00e7\u00e3o criativa como procedimentos \u00e9ticos e est\u00e9ticos; concluindo que um dos tra\u00e7os tropicais de maior destaque na poesia feita no Brasil \u00e9 a exig\u00eancia por um leitor plurifocal, aberto a uma poesia polit\u00f3pica e polif\u00f4nica.<\/p>\n<p>A partir da pondera\u00e7\u00e3o de Haroldo de Campos, para quem, \u201cdesde sempre n\u00e3o nos podemos pensar como identidade fechada e conclusa, mas sim, como diferen\u00e7a, como abertura, como movimento dial\u00f3gico da diferen\u00e7a, contra o pano de fundo do universal\u201d, o livro re\u00fane leituras comparadas e compartilhadas de momentos, po\u00e9ticas e poemas tidos como fundamentais para a constitui\u00e7\u00e3o do c\u00e2none liter\u00e1rio nacional, ou seja, da assinatura do tra\u00e7o tropical.<\/p>\n<p>Um livro para quem deseja pensar o que distingue (e aproxima) a poesia brasileira das demais poesias.<\/p>\n","protected":false},"excerpt":{"rendered":"<p>O conjunto de textos do livro\u00a0Tra\u00e7os tropicais na poesia brasileira\u00a0tensiona conceitos como literatura ex-c\u00eantrica, ex\u00f3tica e antropof\u00e1gica, refletindo sobre pr\u00e1ticas po\u00e9ticas que t\u00eam a inven\u00e7\u00e3o, a intro-vers\u00e3o, a tropicalidade e a tradu\u00e7\u00e3o criativa como procedimentos \u00e9ticos e est\u00e9ticos; concluindo que um dos tra\u00e7os tropicais de maior destaque na poesia feita no Brasil \u00e9 a exig\u00eancia [&hellip;]<\/p>\n","protected":false},"featured_media":31858,"comment_status":"open","ping_status":"closed","template":"","meta":{"_joinchat":[]},"product_brand":[],"product_cat":[167,287,831],"product_tag":[],"class_list":{"0":"post-31857","1":"product","2":"type-product","3":"status-publish","4":"has-post-thumbnail","6":"product_cat-lancamento","7":"product_cat-literatura","8":"product_cat-poesia","10":"first","11":"instock","12":"shipping-taxable","13":"purchasable","14":"product-type-simple"},"yoast_head":"<!-- This site is optimized with the Yoast SEO plugin v27.4 - https:\/\/yoast.com\/product\/yoast-seo-wordpress\/ -->\n<title>Tra\u00e7os tropicais na poesia brasileira - Pontes Editores<\/title>\n<meta name=\"robots\" content=\"index, follow, max-snippet:-1, max-image-preview:large, max-video-preview:-1\" \/>\n<link rel=\"canonical\" href=\"https:\/\/ponteseditores.com.br\/loja3\/pontes-editores-home-2__trashed\/lancamento\/tracos-tropicais-na-poesia-brasileira\/\" \/>\n<meta property=\"og:locale\" content=\"pt_BR\" \/>\n<meta property=\"og:type\" content=\"article\" \/>\n<meta property=\"og:title\" content=\"Tra\u00e7os tropicais na poesia brasileira - Pontes Editores\" \/>\n<meta property=\"og:description\" content=\"O conjunto de textos do livro\u00a0Tra\u00e7os tropicais na poesia brasileira\u00a0tensiona conceitos como literatura ex-c\u00eantrica, ex\u00f3tica e antropof\u00e1gica, refletindo sobre pr\u00e1ticas po\u00e9ticas que t\u00eam a inven\u00e7\u00e3o, a intro-vers\u00e3o, a tropicalidade e a tradu\u00e7\u00e3o criativa como procedimentos \u00e9ticos e est\u00e9ticos; concluindo que um dos tra\u00e7os tropicais de maior destaque na poesia feita no Brasil \u00e9 a exig\u00eancia [&hellip;]\" \/>\n<meta property=\"og:url\" content=\"https:\/\/ponteseditores.com.br\/loja3\/pontes-editores-home-2__trashed\/lancamento\/tracos-tropicais-na-poesia-brasileira\/\" \/>\n<meta property=\"og:site_name\" content=\"Pontes Editores\" \/>\n<meta property=\"og:image\" content=\"https:\/\/ponteseditores.com.br\/loja3\/wp-content\/uploads\/2025\/10\/Capa_Tracos-Tropicais.jpg\" \/>\n\t<meta property=\"og:image:width\" content=\"800\" \/>\n\t<meta property=\"og:image:height\" content=\"1159\" \/>\n\t<meta property=\"og:image:type\" content=\"image\/jpeg\" \/>\n<meta name=\"twitter:card\" content=\"summary_large_image\" \/>\n<meta name=\"twitter:label1\" content=\"Est. tempo de leitura\" \/>\n\t<meta name=\"twitter:data1\" content=\"1 minuto\" \/>\n<script type=\"application\/ld+json\" class=\"yoast-schema-graph\">{\"@context\":\"https:\\\/\\\/schema.org\",\"@graph\":[{\"@type\":\"WebPage\",\"@id\":\"https:\\\/\\\/ponteseditores.com.br\\\/loja3\\\/pontes-editores-home-2__trashed\\\/lancamento\\\/tracos-tropicais-na-poesia-brasileira\\\/\",\"url\":\"https:\\\/\\\/ponteseditores.com.br\\\/loja3\\\/pontes-editores-home-2__trashed\\\/lancamento\\\/tracos-tropicais-na-poesia-brasileira\\\/\",\"name\":\"Tra\u00e7os tropicais na poesia brasileira - Pontes Editores\",\"isPartOf\":{\"@id\":\"https:\\\/\\\/ponteseditores.com.br\\\/loja3\\\/#website\"},\"primaryImageOfPage\":{\"@id\":\"https:\\\/\\\/ponteseditores.com.br\\\/loja3\\\/pontes-editores-home-2__trashed\\\/lancamento\\\/tracos-tropicais-na-poesia-brasileira\\\/#primaryimage\"},\"image\":{\"@id\":\"https:\\\/\\\/ponteseditores.com.br\\\/loja3\\\/pontes-editores-home-2__trashed\\\/lancamento\\\/tracos-tropicais-na-poesia-brasileira\\\/#primaryimage\"},\"thumbnailUrl\":\"https:\\\/\\\/ponteseditores.com.br\\\/loja3\\\/wp-content\\\/uploads\\\/2025\\\/10\\\/Capa_Tracos-Tropicais.jpg\",\"datePublished\":\"2025-10-14T13:22:37+00:00\",\"breadcrumb\":{\"@id\":\"https:\\\/\\\/ponteseditores.com.br\\\/loja3\\\/pontes-editores-home-2__trashed\\\/lancamento\\\/tracos-tropicais-na-poesia-brasileira\\\/#breadcrumb\"},\"inLanguage\":\"pt-BR\",\"potentialAction\":[{\"@type\":\"ReadAction\",\"target\":[\"https:\\\/\\\/ponteseditores.com.br\\\/loja3\\\/pontes-editores-home-2__trashed\\\/lancamento\\\/tracos-tropicais-na-poesia-brasileira\\\/\"]}]},{\"@type\":\"ImageObject\",\"inLanguage\":\"pt-BR\",\"@id\":\"https:\\\/\\\/ponteseditores.com.br\\\/loja3\\\/pontes-editores-home-2__trashed\\\/lancamento\\\/tracos-tropicais-na-poesia-brasileira\\\/#primaryimage\",\"url\":\"https:\\\/\\\/ponteseditores.com.br\\\/loja3\\\/wp-content\\\/uploads\\\/2025\\\/10\\\/Capa_Tracos-Tropicais.jpg\",\"contentUrl\":\"https:\\\/\\\/ponteseditores.com.br\\\/loja3\\\/wp-content\\\/uploads\\\/2025\\\/10\\\/Capa_Tracos-Tropicais.jpg\",\"width\":800,\"height\":1159},{\"@type\":\"BreadcrumbList\",\"@id\":\"https:\\\/\\\/ponteseditores.com.br\\\/loja3\\\/pontes-editores-home-2__trashed\\\/lancamento\\\/tracos-tropicais-na-poesia-brasileira\\\/#breadcrumb\",\"itemListElement\":[{\"@type\":\"ListItem\",\"position\":1,\"name\":\"Home\",\"item\":\"https:\\\/\\\/ponteseditores.com.br\\\/loja3\\\/\"},{\"@type\":\"ListItem\",\"position\":2,\"name\":\"loja\",\"item\":\"https:\\\/\\\/ponteseditores.com.br\\\/loja3\\\/loja\\\/\"},{\"@type\":\"ListItem\",\"position\":3,\"name\":\"Tra\u00e7os tropicais na poesia brasileira\"}]},{\"@type\":\"WebSite\",\"@id\":\"https:\\\/\\\/ponteseditores.com.br\\\/loja3\\\/#website\",\"url\":\"https:\\\/\\\/ponteseditores.com.br\\\/loja3\\\/\",\"name\":\"Pontes Editores\",\"description\":\"Pontes Editores\",\"publisher\":{\"@id\":\"https:\\\/\\\/ponteseditores.com.br\\\/loja3\\\/#organization\"},\"potentialAction\":[{\"@type\":\"SearchAction\",\"target\":{\"@type\":\"EntryPoint\",\"urlTemplate\":\"https:\\\/\\\/ponteseditores.com.br\\\/loja3\\\/?s={search_term_string}\"},\"query-input\":{\"@type\":\"PropertyValueSpecification\",\"valueRequired\":true,\"valueName\":\"search_term_string\"}}],\"inLanguage\":\"pt-BR\"},{\"@type\":\"Organization\",\"@id\":\"https:\\\/\\\/ponteseditores.com.br\\\/loja3\\\/#organization\",\"name\":\"Pontes Editores\",\"url\":\"https:\\\/\\\/ponteseditores.com.br\\\/loja3\\\/\",\"logo\":{\"@type\":\"ImageObject\",\"inLanguage\":\"pt-BR\",\"@id\":\"https:\\\/\\\/ponteseditores.com.br\\\/loja3\\\/#\\\/schema\\\/logo\\\/image\\\/\",\"url\":\"https:\\\/\\\/ponteseditores.com.br\\\/loja3\\\/wp-content\\\/uploads\\\/2023\\\/12\\\/logo-pontes-editores-v2.png\",\"contentUrl\":\"https:\\\/\\\/ponteseditores.com.br\\\/loja3\\\/wp-content\\\/uploads\\\/2023\\\/12\\\/logo-pontes-editores-v2.png\",\"width\":258,\"height\":100,\"caption\":\"Pontes Editores\"},\"image\":{\"@id\":\"https:\\\/\\\/ponteseditores.com.br\\\/loja3\\\/#\\\/schema\\\/logo\\\/image\\\/\"}}]}<\/script>\n<!-- \/ Yoast SEO plugin. -->","yoast_head_json":{"title":"Tra\u00e7os tropicais na poesia brasileira - Pontes Editores","robots":{"index":"index","follow":"follow","max-snippet":"max-snippet:-1","max-image-preview":"max-image-preview:large","max-video-preview":"max-video-preview:-1"},"canonical":"https:\/\/ponteseditores.com.br\/loja3\/pontes-editores-home-2__trashed\/lancamento\/tracos-tropicais-na-poesia-brasileira\/","og_locale":"pt_BR","og_type":"article","og_title":"Tra\u00e7os tropicais na poesia brasileira - Pontes Editores","og_description":"O conjunto de textos do livro\u00a0Tra\u00e7os tropicais na poesia brasileira\u00a0tensiona conceitos como literatura ex-c\u00eantrica, ex\u00f3tica e antropof\u00e1gica, refletindo sobre pr\u00e1ticas po\u00e9ticas que t\u00eam a inven\u00e7\u00e3o, a intro-vers\u00e3o, a tropicalidade e a tradu\u00e7\u00e3o criativa como procedimentos \u00e9ticos e est\u00e9ticos; concluindo que um dos tra\u00e7os tropicais de maior destaque na poesia feita no Brasil \u00e9 a exig\u00eancia [&hellip;]","og_url":"https:\/\/ponteseditores.com.br\/loja3\/pontes-editores-home-2__trashed\/lancamento\/tracos-tropicais-na-poesia-brasileira\/","og_site_name":"Pontes Editores","og_image":[{"width":800,"height":1159,"url":"https:\/\/ponteseditores.com.br\/loja3\/wp-content\/uploads\/2025\/10\/Capa_Tracos-Tropicais.jpg","type":"image\/jpeg"}],"twitter_card":"summary_large_image","twitter_misc":{"Est. tempo de leitura":"1 minuto"},"schema":{"@context":"https:\/\/schema.org","@graph":[{"@type":"WebPage","@id":"https:\/\/ponteseditores.com.br\/loja3\/pontes-editores-home-2__trashed\/lancamento\/tracos-tropicais-na-poesia-brasileira\/","url":"https:\/\/ponteseditores.com.br\/loja3\/pontes-editores-home-2__trashed\/lancamento\/tracos-tropicais-na-poesia-brasileira\/","name":"Tra\u00e7os tropicais na poesia brasileira - Pontes Editores","isPartOf":{"@id":"https:\/\/ponteseditores.com.br\/loja3\/#website"},"primaryImageOfPage":{"@id":"https:\/\/ponteseditores.com.br\/loja3\/pontes-editores-home-2__trashed\/lancamento\/tracos-tropicais-na-poesia-brasileira\/#primaryimage"},"image":{"@id":"https:\/\/ponteseditores.com.br\/loja3\/pontes-editores-home-2__trashed\/lancamento\/tracos-tropicais-na-poesia-brasileira\/#primaryimage"},"thumbnailUrl":"https:\/\/ponteseditores.com.br\/loja3\/wp-content\/uploads\/2025\/10\/Capa_Tracos-Tropicais.jpg","datePublished":"2025-10-14T13:22:37+00:00","breadcrumb":{"@id":"https:\/\/ponteseditores.com.br\/loja3\/pontes-editores-home-2__trashed\/lancamento\/tracos-tropicais-na-poesia-brasileira\/#breadcrumb"},"inLanguage":"pt-BR","potentialAction":[{"@type":"ReadAction","target":["https:\/\/ponteseditores.com.br\/loja3\/pontes-editores-home-2__trashed\/lancamento\/tracos-tropicais-na-poesia-brasileira\/"]}]},{"@type":"ImageObject","inLanguage":"pt-BR","@id":"https:\/\/ponteseditores.com.br\/loja3\/pontes-editores-home-2__trashed\/lancamento\/tracos-tropicais-na-poesia-brasileira\/#primaryimage","url":"https:\/\/ponteseditores.com.br\/loja3\/wp-content\/uploads\/2025\/10\/Capa_Tracos-Tropicais.jpg","contentUrl":"https:\/\/ponteseditores.com.br\/loja3\/wp-content\/uploads\/2025\/10\/Capa_Tracos-Tropicais.jpg","width":800,"height":1159},{"@type":"BreadcrumbList","@id":"https:\/\/ponteseditores.com.br\/loja3\/pontes-editores-home-2__trashed\/lancamento\/tracos-tropicais-na-poesia-brasileira\/#breadcrumb","itemListElement":[{"@type":"ListItem","position":1,"name":"Home","item":"https:\/\/ponteseditores.com.br\/loja3\/"},{"@type":"ListItem","position":2,"name":"loja","item":"https:\/\/ponteseditores.com.br\/loja3\/loja\/"},{"@type":"ListItem","position":3,"name":"Tra\u00e7os tropicais na poesia brasileira"}]},{"@type":"WebSite","@id":"https:\/\/ponteseditores.com.br\/loja3\/#website","url":"https:\/\/ponteseditores.com.br\/loja3\/","name":"Pontes Editores","description":"Pontes Editores","publisher":{"@id":"https:\/\/ponteseditores.com.br\/loja3\/#organization"},"potentialAction":[{"@type":"SearchAction","target":{"@type":"EntryPoint","urlTemplate":"https:\/\/ponteseditores.com.br\/loja3\/?s={search_term_string}"},"query-input":{"@type":"PropertyValueSpecification","valueRequired":true,"valueName":"search_term_string"}}],"inLanguage":"pt-BR"},{"@type":"Organization","@id":"https:\/\/ponteseditores.com.br\/loja3\/#organization","name":"Pontes Editores","url":"https:\/\/ponteseditores.com.br\/loja3\/","logo":{"@type":"ImageObject","inLanguage":"pt-BR","@id":"https:\/\/ponteseditores.com.br\/loja3\/#\/schema\/logo\/image\/","url":"https:\/\/ponteseditores.com.br\/loja3\/wp-content\/uploads\/2023\/12\/logo-pontes-editores-v2.png","contentUrl":"https:\/\/ponteseditores.com.br\/loja3\/wp-content\/uploads\/2023\/12\/logo-pontes-editores-v2.png","width":258,"height":100,"caption":"Pontes Editores"},"image":{"@id":"https:\/\/ponteseditores.com.br\/loja3\/#\/schema\/logo\/image\/"}}]}},"_links":{"self":[{"href":"https:\/\/ponteseditores.com.br\/loja3\/wp-json\/wp\/v2\/product\/31857","targetHints":{"allow":["GET"]}}],"collection":[{"href":"https:\/\/ponteseditores.com.br\/loja3\/wp-json\/wp\/v2\/product"}],"about":[{"href":"https:\/\/ponteseditores.com.br\/loja3\/wp-json\/wp\/v2\/types\/product"}],"replies":[{"embeddable":true,"href":"https:\/\/ponteseditores.com.br\/loja3\/wp-json\/wp\/v2\/comments?post=31857"}],"version-history":[{"count":1,"href":"https:\/\/ponteseditores.com.br\/loja3\/wp-json\/wp\/v2\/product\/31857\/revisions"}],"predecessor-version":[{"id":31859,"href":"https:\/\/ponteseditores.com.br\/loja3\/wp-json\/wp\/v2\/product\/31857\/revisions\/31859"}],"wp:featuredmedia":[{"embeddable":true,"href":"https:\/\/ponteseditores.com.br\/loja3\/wp-json\/wp\/v2\/media\/31858"}],"wp:attachment":[{"href":"https:\/\/ponteseditores.com.br\/loja3\/wp-json\/wp\/v2\/media?parent=31857"}],"wp:term":[{"taxonomy":"product_brand","embeddable":true,"href":"https:\/\/ponteseditores.com.br\/loja3\/wp-json\/wp\/v2\/product_brand?post=31857"},{"taxonomy":"product_cat","embeddable":true,"href":"https:\/\/ponteseditores.com.br\/loja3\/wp-json\/wp\/v2\/product_cat?post=31857"},{"taxonomy":"product_tag","embeddable":true,"href":"https:\/\/ponteseditores.com.br\/loja3\/wp-json\/wp\/v2\/product_tag?post=31857"}],"curies":[{"name":"wp","href":"https:\/\/api.w.org\/{rel}","templated":true}]}}