{"id":31816,"date":"2025-10-13T16:32:10","date_gmt":"2025-10-13T19:32:10","guid":{"rendered":"https:\/\/ponteseditores.com.br\/loja3\/?post_type=product&#038;p=31816"},"modified":"2025-10-13T16:32:10","modified_gmt":"2025-10-13T19:32:10","slug":"i-rise-estudos-afro-americanos-contemporaneos","status":"publish","type":"product","link":"https:\/\/ponteseditores.com.br\/loja3\/pontes-editores-home-2__trashed\/lancamento\/i-rise-estudos-afro-americanos-contemporaneos\/","title":{"rendered":"I Rise: estudos afro-americanos contempor\u00e2neos"},"content":{"rendered":"<p>Na tradi\u00e7\u00e3o afro-americana do <em>call-and-response<\/em>, a presente colet\u00e2nea de ensaios, da lavra de estudiosos brasileiros de literatura, oferece uma an\u00e1lise perspicaz e cr\u00edtica de escritores negros da Di\u00e1spora. O volume provoca o engajamento do leitor ao desafiar a no\u00e7\u00e3o e defini\u00e7\u00e3o de \u201cLiteratura Negra\u201d. Evocando a presen\u00e7a da poeta laureada e autobi\u00f3grafa consagrada Maya Angelou, os autores desta publica\u00e7\u00e3o tamb\u00e9m contextualizam a no\u00e7\u00e3o de escreviv\u00eancia, de Concei\u00e7\u00e3o Evaristo, em di\u00e1logo com o conceito de dupla consci\u00eancia, de W.E.B. Du Bois. Os diversos ensaios articulam as experi\u00eancias vividas, mem\u00f3rias e produ\u00e7\u00f5es de artistas negros de distintas origens, de Ice Cube (Estados Unidos) a Chigozie Obioma (Nig\u00e9ria).<\/p>\n<p>Com um olhar voltado n\u00e3o apenas ao passado e ao presente negros, o volume lan\u00e7a luz sobre o futuro negro, explorando o afrofuturismo e a afroespiritualidade como ferramentas de an\u00e1lise liter\u00e1ria. O termo \u201cAmerican\u201d \u00e9 multifacetado e os trabalhos aqui reunidos revelam que h\u00e1 m\u00faltiplas geografias enraizadas n\u00e3o apenas na negritude, mas tamb\u00e9m na americanidade.<\/p>\n<p>&nbsp;<\/p>\n<p>Dra. Rhonda Michelle Collier<\/p>\n<p>Tuskegee University<\/p>\n<p>Professora e Chefe do Departamento de L\u00ednguas Modernas, Comunica\u00e7\u00e3o e Filosofia<\/p>\n<p>Diretora do Escrit\u00f3rio Global da Tuskegee University<\/p>\n","protected":false},"excerpt":{"rendered":"<p>Na tradi\u00e7\u00e3o afro-americana do call-and-response, a presente colet\u00e2nea de ensaios, da lavra de estudiosos brasileiros de literatura, oferece uma an\u00e1lise perspicaz e cr\u00edtica de escritores negros da Di\u00e1spora. O volume provoca o engajamento do leitor ao desafiar a no\u00e7\u00e3o e defini\u00e7\u00e3o de \u201cLiteratura Negra\u201d. Evocando a presen\u00e7a da poeta laureada e autobi\u00f3grafa consagrada Maya Angelou, [&hellip;]<\/p>\n","protected":false},"featured_media":31817,"comment_status":"open","ping_status":"closed","template":"","meta":{"_joinchat":[]},"product_brand":[],"product_cat":[167,290],"product_tag":[],"class_list":{"0":"post-31816","1":"product","2":"type-product","3":"status-publish","4":"has-post-thumbnail","6":"product_cat-lancamento","7":"product_cat-linguagem-e-linguas","9":"first","10":"instock","11":"shipping-taxable","12":"purchasable","13":"product-type-simple"},"yoast_head":"<!-- This site is optimized with the Yoast SEO plugin v27.4 - https:\/\/yoast.com\/product\/yoast-seo-wordpress\/ -->\n<title>I Rise: estudos afro-americanos contempor\u00e2neos - Pontes Editores<\/title>\n<meta name=\"robots\" content=\"index, follow, max-snippet:-1, max-image-preview:large, max-video-preview:-1\" \/>\n<link rel=\"canonical\" href=\"https:\/\/ponteseditores.com.br\/loja3\/pontes-editores-home-2__trashed\/lancamento\/i-rise-estudos-afro-americanos-contemporaneos\/\" \/>\n<meta property=\"og:locale\" content=\"pt_BR\" \/>\n<meta property=\"og:type\" content=\"article\" \/>\n<meta property=\"og:title\" content=\"I Rise: estudos afro-americanos contempor\u00e2neos - Pontes Editores\" \/>\n<meta property=\"og:description\" content=\"Na tradi\u00e7\u00e3o afro-americana do call-and-response, a presente colet\u00e2nea de ensaios, da lavra de estudiosos brasileiros de literatura, oferece uma an\u00e1lise perspicaz e cr\u00edtica de escritores negros da Di\u00e1spora. O volume provoca o engajamento do leitor ao desafiar a no\u00e7\u00e3o e defini\u00e7\u00e3o de \u201cLiteratura Negra\u201d. Evocando a presen\u00e7a da poeta laureada e autobi\u00f3grafa consagrada Maya Angelou, [&hellip;]\" \/>\n<meta property=\"og:url\" content=\"https:\/\/ponteseditores.com.br\/loja3\/pontes-editores-home-2__trashed\/lancamento\/i-rise-estudos-afro-americanos-contemporaneos\/\" \/>\n<meta property=\"og:site_name\" content=\"Pontes Editores\" \/>\n<meta property=\"og:image\" content=\"https:\/\/ponteseditores.com.br\/loja3\/wp-content\/uploads\/2025\/10\/Capa_I-Rise.jpg\" \/>\n\t<meta property=\"og:image:width\" content=\"800\" \/>\n\t<meta property=\"og:image:height\" content=\"1159\" \/>\n\t<meta property=\"og:image:type\" content=\"image\/jpeg\" \/>\n<meta name=\"twitter:card\" content=\"summary_large_image\" \/>\n<meta name=\"twitter:label1\" content=\"Est. tempo de leitura\" \/>\n\t<meta name=\"twitter:data1\" content=\"2 minutos\" \/>\n<script type=\"application\/ld+json\" class=\"yoast-schema-graph\">{\"@context\":\"https:\\\/\\\/schema.org\",\"@graph\":[{\"@type\":\"WebPage\",\"@id\":\"https:\\\/\\\/ponteseditores.com.br\\\/loja3\\\/pontes-editores-home-2__trashed\\\/lancamento\\\/i-rise-estudos-afro-americanos-contemporaneos\\\/\",\"url\":\"https:\\\/\\\/ponteseditores.com.br\\\/loja3\\\/pontes-editores-home-2__trashed\\\/lancamento\\\/i-rise-estudos-afro-americanos-contemporaneos\\\/\",\"name\":\"I Rise: estudos afro-americanos contempor\u00e2neos - Pontes Editores\",\"isPartOf\":{\"@id\":\"https:\\\/\\\/ponteseditores.com.br\\\/loja3\\\/#website\"},\"primaryImageOfPage\":{\"@id\":\"https:\\\/\\\/ponteseditores.com.br\\\/loja3\\\/pontes-editores-home-2__trashed\\\/lancamento\\\/i-rise-estudos-afro-americanos-contemporaneos\\\/#primaryimage\"},\"image\":{\"@id\":\"https:\\\/\\\/ponteseditores.com.br\\\/loja3\\\/pontes-editores-home-2__trashed\\\/lancamento\\\/i-rise-estudos-afro-americanos-contemporaneos\\\/#primaryimage\"},\"thumbnailUrl\":\"https:\\\/\\\/ponteseditores.com.br\\\/loja3\\\/wp-content\\\/uploads\\\/2025\\\/10\\\/Capa_I-Rise.jpg\",\"datePublished\":\"2025-10-13T19:32:10+00:00\",\"breadcrumb\":{\"@id\":\"https:\\\/\\\/ponteseditores.com.br\\\/loja3\\\/pontes-editores-home-2__trashed\\\/lancamento\\\/i-rise-estudos-afro-americanos-contemporaneos\\\/#breadcrumb\"},\"inLanguage\":\"pt-BR\",\"potentialAction\":[{\"@type\":\"ReadAction\",\"target\":[\"https:\\\/\\\/ponteseditores.com.br\\\/loja3\\\/pontes-editores-home-2__trashed\\\/lancamento\\\/i-rise-estudos-afro-americanos-contemporaneos\\\/\"]}]},{\"@type\":\"ImageObject\",\"inLanguage\":\"pt-BR\",\"@id\":\"https:\\\/\\\/ponteseditores.com.br\\\/loja3\\\/pontes-editores-home-2__trashed\\\/lancamento\\\/i-rise-estudos-afro-americanos-contemporaneos\\\/#primaryimage\",\"url\":\"https:\\\/\\\/ponteseditores.com.br\\\/loja3\\\/wp-content\\\/uploads\\\/2025\\\/10\\\/Capa_I-Rise.jpg\",\"contentUrl\":\"https:\\\/\\\/ponteseditores.com.br\\\/loja3\\\/wp-content\\\/uploads\\\/2025\\\/10\\\/Capa_I-Rise.jpg\",\"width\":800,\"height\":1159},{\"@type\":\"BreadcrumbList\",\"@id\":\"https:\\\/\\\/ponteseditores.com.br\\\/loja3\\\/pontes-editores-home-2__trashed\\\/lancamento\\\/i-rise-estudos-afro-americanos-contemporaneos\\\/#breadcrumb\",\"itemListElement\":[{\"@type\":\"ListItem\",\"position\":1,\"name\":\"Home\",\"item\":\"https:\\\/\\\/ponteseditores.com.br\\\/loja3\\\/\"},{\"@type\":\"ListItem\",\"position\":2,\"name\":\"loja\",\"item\":\"https:\\\/\\\/ponteseditores.com.br\\\/loja3\\\/loja\\\/\"},{\"@type\":\"ListItem\",\"position\":3,\"name\":\"I Rise: estudos afro-americanos contempor\u00e2neos\"}]},{\"@type\":\"WebSite\",\"@id\":\"https:\\\/\\\/ponteseditores.com.br\\\/loja3\\\/#website\",\"url\":\"https:\\\/\\\/ponteseditores.com.br\\\/loja3\\\/\",\"name\":\"Pontes Editores\",\"description\":\"Pontes Editores\",\"publisher\":{\"@id\":\"https:\\\/\\\/ponteseditores.com.br\\\/loja3\\\/#organization\"},\"potentialAction\":[{\"@type\":\"SearchAction\",\"target\":{\"@type\":\"EntryPoint\",\"urlTemplate\":\"https:\\\/\\\/ponteseditores.com.br\\\/loja3\\\/?s={search_term_string}\"},\"query-input\":{\"@type\":\"PropertyValueSpecification\",\"valueRequired\":true,\"valueName\":\"search_term_string\"}}],\"inLanguage\":\"pt-BR\"},{\"@type\":\"Organization\",\"@id\":\"https:\\\/\\\/ponteseditores.com.br\\\/loja3\\\/#organization\",\"name\":\"Pontes Editores\",\"url\":\"https:\\\/\\\/ponteseditores.com.br\\\/loja3\\\/\",\"logo\":{\"@type\":\"ImageObject\",\"inLanguage\":\"pt-BR\",\"@id\":\"https:\\\/\\\/ponteseditores.com.br\\\/loja3\\\/#\\\/schema\\\/logo\\\/image\\\/\",\"url\":\"https:\\\/\\\/ponteseditores.com.br\\\/loja3\\\/wp-content\\\/uploads\\\/2023\\\/12\\\/logo-pontes-editores-v2.png\",\"contentUrl\":\"https:\\\/\\\/ponteseditores.com.br\\\/loja3\\\/wp-content\\\/uploads\\\/2023\\\/12\\\/logo-pontes-editores-v2.png\",\"width\":258,\"height\":100,\"caption\":\"Pontes Editores\"},\"image\":{\"@id\":\"https:\\\/\\\/ponteseditores.com.br\\\/loja3\\\/#\\\/schema\\\/logo\\\/image\\\/\"}}]}<\/script>\n<!-- \/ Yoast SEO plugin. -->","yoast_head_json":{"title":"I Rise: estudos afro-americanos contempor\u00e2neos - Pontes Editores","robots":{"index":"index","follow":"follow","max-snippet":"max-snippet:-1","max-image-preview":"max-image-preview:large","max-video-preview":"max-video-preview:-1"},"canonical":"https:\/\/ponteseditores.com.br\/loja3\/pontes-editores-home-2__trashed\/lancamento\/i-rise-estudos-afro-americanos-contemporaneos\/","og_locale":"pt_BR","og_type":"article","og_title":"I Rise: estudos afro-americanos contempor\u00e2neos - Pontes Editores","og_description":"Na tradi\u00e7\u00e3o afro-americana do call-and-response, a presente colet\u00e2nea de ensaios, da lavra de estudiosos brasileiros de literatura, oferece uma an\u00e1lise perspicaz e cr\u00edtica de escritores negros da Di\u00e1spora. O volume provoca o engajamento do leitor ao desafiar a no\u00e7\u00e3o e defini\u00e7\u00e3o de \u201cLiteratura Negra\u201d. Evocando a presen\u00e7a da poeta laureada e autobi\u00f3grafa consagrada Maya Angelou, [&hellip;]","og_url":"https:\/\/ponteseditores.com.br\/loja3\/pontes-editores-home-2__trashed\/lancamento\/i-rise-estudos-afro-americanos-contemporaneos\/","og_site_name":"Pontes Editores","og_image":[{"width":800,"height":1159,"url":"https:\/\/ponteseditores.com.br\/loja3\/wp-content\/uploads\/2025\/10\/Capa_I-Rise.jpg","type":"image\/jpeg"}],"twitter_card":"summary_large_image","twitter_misc":{"Est. tempo de leitura":"2 minutos"},"schema":{"@context":"https:\/\/schema.org","@graph":[{"@type":"WebPage","@id":"https:\/\/ponteseditores.com.br\/loja3\/pontes-editores-home-2__trashed\/lancamento\/i-rise-estudos-afro-americanos-contemporaneos\/","url":"https:\/\/ponteseditores.com.br\/loja3\/pontes-editores-home-2__trashed\/lancamento\/i-rise-estudos-afro-americanos-contemporaneos\/","name":"I Rise: estudos afro-americanos contempor\u00e2neos - Pontes Editores","isPartOf":{"@id":"https:\/\/ponteseditores.com.br\/loja3\/#website"},"primaryImageOfPage":{"@id":"https:\/\/ponteseditores.com.br\/loja3\/pontes-editores-home-2__trashed\/lancamento\/i-rise-estudos-afro-americanos-contemporaneos\/#primaryimage"},"image":{"@id":"https:\/\/ponteseditores.com.br\/loja3\/pontes-editores-home-2__trashed\/lancamento\/i-rise-estudos-afro-americanos-contemporaneos\/#primaryimage"},"thumbnailUrl":"https:\/\/ponteseditores.com.br\/loja3\/wp-content\/uploads\/2025\/10\/Capa_I-Rise.jpg","datePublished":"2025-10-13T19:32:10+00:00","breadcrumb":{"@id":"https:\/\/ponteseditores.com.br\/loja3\/pontes-editores-home-2__trashed\/lancamento\/i-rise-estudos-afro-americanos-contemporaneos\/#breadcrumb"},"inLanguage":"pt-BR","potentialAction":[{"@type":"ReadAction","target":["https:\/\/ponteseditores.com.br\/loja3\/pontes-editores-home-2__trashed\/lancamento\/i-rise-estudos-afro-americanos-contemporaneos\/"]}]},{"@type":"ImageObject","inLanguage":"pt-BR","@id":"https:\/\/ponteseditores.com.br\/loja3\/pontes-editores-home-2__trashed\/lancamento\/i-rise-estudos-afro-americanos-contemporaneos\/#primaryimage","url":"https:\/\/ponteseditores.com.br\/loja3\/wp-content\/uploads\/2025\/10\/Capa_I-Rise.jpg","contentUrl":"https:\/\/ponteseditores.com.br\/loja3\/wp-content\/uploads\/2025\/10\/Capa_I-Rise.jpg","width":800,"height":1159},{"@type":"BreadcrumbList","@id":"https:\/\/ponteseditores.com.br\/loja3\/pontes-editores-home-2__trashed\/lancamento\/i-rise-estudos-afro-americanos-contemporaneos\/#breadcrumb","itemListElement":[{"@type":"ListItem","position":1,"name":"Home","item":"https:\/\/ponteseditores.com.br\/loja3\/"},{"@type":"ListItem","position":2,"name":"loja","item":"https:\/\/ponteseditores.com.br\/loja3\/loja\/"},{"@type":"ListItem","position":3,"name":"I Rise: estudos afro-americanos contempor\u00e2neos"}]},{"@type":"WebSite","@id":"https:\/\/ponteseditores.com.br\/loja3\/#website","url":"https:\/\/ponteseditores.com.br\/loja3\/","name":"Pontes Editores","description":"Pontes Editores","publisher":{"@id":"https:\/\/ponteseditores.com.br\/loja3\/#organization"},"potentialAction":[{"@type":"SearchAction","target":{"@type":"EntryPoint","urlTemplate":"https:\/\/ponteseditores.com.br\/loja3\/?s={search_term_string}"},"query-input":{"@type":"PropertyValueSpecification","valueRequired":true,"valueName":"search_term_string"}}],"inLanguage":"pt-BR"},{"@type":"Organization","@id":"https:\/\/ponteseditores.com.br\/loja3\/#organization","name":"Pontes Editores","url":"https:\/\/ponteseditores.com.br\/loja3\/","logo":{"@type":"ImageObject","inLanguage":"pt-BR","@id":"https:\/\/ponteseditores.com.br\/loja3\/#\/schema\/logo\/image\/","url":"https:\/\/ponteseditores.com.br\/loja3\/wp-content\/uploads\/2023\/12\/logo-pontes-editores-v2.png","contentUrl":"https:\/\/ponteseditores.com.br\/loja3\/wp-content\/uploads\/2023\/12\/logo-pontes-editores-v2.png","width":258,"height":100,"caption":"Pontes Editores"},"image":{"@id":"https:\/\/ponteseditores.com.br\/loja3\/#\/schema\/logo\/image\/"}}]}},"_links":{"self":[{"href":"https:\/\/ponteseditores.com.br\/loja3\/wp-json\/wp\/v2\/product\/31816","targetHints":{"allow":["GET"]}}],"collection":[{"href":"https:\/\/ponteseditores.com.br\/loja3\/wp-json\/wp\/v2\/product"}],"about":[{"href":"https:\/\/ponteseditores.com.br\/loja3\/wp-json\/wp\/v2\/types\/product"}],"replies":[{"embeddable":true,"href":"https:\/\/ponteseditores.com.br\/loja3\/wp-json\/wp\/v2\/comments?post=31816"}],"version-history":[{"count":1,"href":"https:\/\/ponteseditores.com.br\/loja3\/wp-json\/wp\/v2\/product\/31816\/revisions"}],"predecessor-version":[{"id":31818,"href":"https:\/\/ponteseditores.com.br\/loja3\/wp-json\/wp\/v2\/product\/31816\/revisions\/31818"}],"wp:featuredmedia":[{"embeddable":true,"href":"https:\/\/ponteseditores.com.br\/loja3\/wp-json\/wp\/v2\/media\/31817"}],"wp:attachment":[{"href":"https:\/\/ponteseditores.com.br\/loja3\/wp-json\/wp\/v2\/media?parent=31816"}],"wp:term":[{"taxonomy":"product_brand","embeddable":true,"href":"https:\/\/ponteseditores.com.br\/loja3\/wp-json\/wp\/v2\/product_brand?post=31816"},{"taxonomy":"product_cat","embeddable":true,"href":"https:\/\/ponteseditores.com.br\/loja3\/wp-json\/wp\/v2\/product_cat?post=31816"},{"taxonomy":"product_tag","embeddable":true,"href":"https:\/\/ponteseditores.com.br\/loja3\/wp-json\/wp\/v2\/product_tag?post=31816"}],"curies":[{"name":"wp","href":"https:\/\/api.w.org\/{rel}","templated":true}]}}