{"id":31365,"date":"2025-10-03T15:34:45","date_gmt":"2025-10-03T18:34:45","guid":{"rendered":"https:\/\/ponteseditores.com.br\/loja3\/?post_type=product&#038;p=31365"},"modified":"2025-10-03T15:34:46","modified_gmt":"2025-10-03T18:34:46","slug":"a-sintaxe-do-portugues-brasileiro-emperspectiva-cartografica","status":"publish","type":"product","link":"https:\/\/ponteseditores.com.br\/loja3\/pontes-editores-home-2__trashed\/linguistica\/a-sintaxe-do-portugues-brasileiro-emperspectiva-cartografica\/","title":{"rendered":"A SINTAXE DO PORTUGU\u00caS BRASILEIRO EMPERSPECTIVA CARTOGR\u00c1FICA"},"content":{"rendered":"<table style=\"height: 355px;\" width=\"1146\">\n<tbody>\n<tr>\n<td style=\"width: 1136px;\">O volume aqui apresentado conta com nove textos que tratam de aspectos gerais da sintaxe do PB, estudados \u00e0 luz da vertente cartogr\u00e1fica da Teoria de Princ\u00edpios e Par\u00e2metros, organizados em cinco eixos: um artigo geral, de cunho epistemol\u00f3gico \u2013 e, portanto, tamb\u00e9m introdut\u00f3rio ao programa \u2013, que visa a apresentar a epistemologia do Programa Cartogr\u00e1fico; dois artigos com investiga\u00e7\u00f5es sobre o vP no \u00e2mbito das pesquisas sobre a cartografia das estruturas sint\u00e1ticas; um artigo cujo objetivo principal \u00e9 explorar desdobramentos que a arquitetura de um IP enriquecido teria \u00e0 sintaxe do PB; tr\u00eas artigos voltados ao estudo do sistema CP; e, por fim, um artigo sobre o programa nanossint\u00e1tico, um projeto de investiga\u00e7\u00e3o recente em Gram\u00e1tica Gerativa e que segue as diretrizes-guias da cartografia sint\u00e1tica. (&#8230;)<\/p>\n<p>Al\u00e9m dos oito artigos, escritos por pesquisadores de renomadas institui\u00e7\u00f5es de ensino e pesquisa brasileiras, o livro apresenta, ao final, uma entrevista, feita por n\u00f3s, os organizadores deste volume, a Guglielmo Cinque, um dos fundadores do Programa Cartogr\u00e1fico.<\/td>\n<\/tr>\n<\/tbody>\n<\/table>\n","protected":false},"excerpt":{"rendered":"<p>O volume aqui apresentado conta com nove textos que tratam de aspectos gerais da sintaxe do PB, estudados \u00e0 luz da vertente cartogr\u00e1fica da Teoria de Princ\u00edpios e Par\u00e2metros, organizados em cinco eixos: um artigo geral, de cunho epistemol\u00f3gico \u2013 e, portanto, tamb\u00e9m introdut\u00f3rio ao programa \u2013, que visa a apresentar a epistemologia do Programa [&hellip;]<\/p>\n","protected":false},"featured_media":31366,"comment_status":"open","ping_status":"closed","template":"","meta":{"_joinchat":[]},"product_brand":[],"product_cat":[31],"product_tag":[],"class_list":{"0":"post-31365","1":"product","2":"type-product","3":"status-publish","4":"has-post-thumbnail","6":"product_cat-linguistica","8":"first","9":"instock","10":"shipping-taxable","11":"purchasable","12":"product-type-simple"},"yoast_head":"<!-- This site is optimized with the Yoast SEO plugin v27.4 - https:\/\/yoast.com\/product\/yoast-seo-wordpress\/ -->\n<title>A SINTAXE DO PORTUGU\u00caS BRASILEIRO EMPERSPECTIVA CARTOGR\u00c1FICA - Pontes Editores<\/title>\n<meta name=\"robots\" content=\"index, follow, max-snippet:-1, max-image-preview:large, max-video-preview:-1\" \/>\n<link rel=\"canonical\" href=\"https:\/\/ponteseditores.com.br\/loja3\/pontes-editores-home-2__trashed\/linguistica\/a-sintaxe-do-portugues-brasileiro-emperspectiva-cartografica\/\" \/>\n<meta property=\"og:locale\" content=\"pt_BR\" \/>\n<meta property=\"og:type\" content=\"article\" \/>\n<meta property=\"og:title\" content=\"A SINTAXE DO PORTUGU\u00caS BRASILEIRO EMPERSPECTIVA CARTOGR\u00c1FICA - Pontes Editores\" \/>\n<meta property=\"og:description\" content=\"O volume aqui apresentado conta com nove textos que tratam de aspectos gerais da sintaxe do PB, estudados \u00e0 luz da vertente cartogr\u00e1fica da Teoria de Princ\u00edpios e Par\u00e2metros, organizados em cinco eixos: um artigo geral, de cunho epistemol\u00f3gico \u2013 e, portanto, tamb\u00e9m introdut\u00f3rio ao programa \u2013, que visa a apresentar a epistemologia do Programa [&hellip;]\" \/>\n<meta property=\"og:url\" content=\"https:\/\/ponteseditores.com.br\/loja3\/pontes-editores-home-2__trashed\/linguistica\/a-sintaxe-do-portugues-brasileiro-emperspectiva-cartografica\/\" \/>\n<meta property=\"og:site_name\" content=\"Pontes Editores\" \/>\n<meta property=\"article:modified_time\" content=\"2025-10-03T18:34:46+00:00\" \/>\n<meta property=\"og:image\" content=\"https:\/\/ponteseditores.com.br\/loja3\/wp-content\/uploads\/2025\/10\/a-sintaxe-do-portugues-brasileiro.-capa.jpg\" \/>\n\t<meta property=\"og:image:width\" content=\"1000\" \/>\n\t<meta property=\"og:image:height\" content=\"1480\" \/>\n\t<meta property=\"og:image:type\" content=\"image\/jpeg\" \/>\n<meta name=\"twitter:card\" content=\"summary_large_image\" \/>\n<meta name=\"twitter:label1\" content=\"Est. tempo de leitura\" \/>\n\t<meta name=\"twitter:data1\" content=\"1 minuto\" \/>\n<script type=\"application\/ld+json\" class=\"yoast-schema-graph\">{\"@context\":\"https:\\\/\\\/schema.org\",\"@graph\":[{\"@type\":\"WebPage\",\"@id\":\"https:\\\/\\\/ponteseditores.com.br\\\/loja3\\\/pontes-editores-home-2__trashed\\\/linguistica\\\/a-sintaxe-do-portugues-brasileiro-emperspectiva-cartografica\\\/\",\"url\":\"https:\\\/\\\/ponteseditores.com.br\\\/loja3\\\/pontes-editores-home-2__trashed\\\/linguistica\\\/a-sintaxe-do-portugues-brasileiro-emperspectiva-cartografica\\\/\",\"name\":\"A SINTAXE DO PORTUGU\u00caS BRASILEIRO EMPERSPECTIVA CARTOGR\u00c1FICA - Pontes Editores\",\"isPartOf\":{\"@id\":\"https:\\\/\\\/ponteseditores.com.br\\\/loja3\\\/#website\"},\"primaryImageOfPage\":{\"@id\":\"https:\\\/\\\/ponteseditores.com.br\\\/loja3\\\/pontes-editores-home-2__trashed\\\/linguistica\\\/a-sintaxe-do-portugues-brasileiro-emperspectiva-cartografica\\\/#primaryimage\"},\"image\":{\"@id\":\"https:\\\/\\\/ponteseditores.com.br\\\/loja3\\\/pontes-editores-home-2__trashed\\\/linguistica\\\/a-sintaxe-do-portugues-brasileiro-emperspectiva-cartografica\\\/#primaryimage\"},\"thumbnailUrl\":\"https:\\\/\\\/ponteseditores.com.br\\\/loja3\\\/wp-content\\\/uploads\\\/2025\\\/10\\\/a-sintaxe-do-portugues-brasileiro.-capa.jpg\",\"datePublished\":\"2025-10-03T18:34:45+00:00\",\"dateModified\":\"2025-10-03T18:34:46+00:00\",\"breadcrumb\":{\"@id\":\"https:\\\/\\\/ponteseditores.com.br\\\/loja3\\\/pontes-editores-home-2__trashed\\\/linguistica\\\/a-sintaxe-do-portugues-brasileiro-emperspectiva-cartografica\\\/#breadcrumb\"},\"inLanguage\":\"pt-BR\",\"potentialAction\":[{\"@type\":\"ReadAction\",\"target\":[\"https:\\\/\\\/ponteseditores.com.br\\\/loja3\\\/pontes-editores-home-2__trashed\\\/linguistica\\\/a-sintaxe-do-portugues-brasileiro-emperspectiva-cartografica\\\/\"]}]},{\"@type\":\"ImageObject\",\"inLanguage\":\"pt-BR\",\"@id\":\"https:\\\/\\\/ponteseditores.com.br\\\/loja3\\\/pontes-editores-home-2__trashed\\\/linguistica\\\/a-sintaxe-do-portugues-brasileiro-emperspectiva-cartografica\\\/#primaryimage\",\"url\":\"https:\\\/\\\/ponteseditores.com.br\\\/loja3\\\/wp-content\\\/uploads\\\/2025\\\/10\\\/a-sintaxe-do-portugues-brasileiro.-capa.jpg\",\"contentUrl\":\"https:\\\/\\\/ponteseditores.com.br\\\/loja3\\\/wp-content\\\/uploads\\\/2025\\\/10\\\/a-sintaxe-do-portugues-brasileiro.-capa.jpg\",\"width\":1000,\"height\":1480},{\"@type\":\"BreadcrumbList\",\"@id\":\"https:\\\/\\\/ponteseditores.com.br\\\/loja3\\\/pontes-editores-home-2__trashed\\\/linguistica\\\/a-sintaxe-do-portugues-brasileiro-emperspectiva-cartografica\\\/#breadcrumb\",\"itemListElement\":[{\"@type\":\"ListItem\",\"position\":1,\"name\":\"Home\",\"item\":\"https:\\\/\\\/ponteseditores.com.br\\\/loja3\\\/\"},{\"@type\":\"ListItem\",\"position\":2,\"name\":\"loja\",\"item\":\"https:\\\/\\\/ponteseditores.com.br\\\/loja3\\\/loja\\\/\"},{\"@type\":\"ListItem\",\"position\":3,\"name\":\"A SINTAXE DO PORTUGU\u00caS BRASILEIRO EMPERSPECTIVA CARTOGR\u00c1FICA\"}]},{\"@type\":\"WebSite\",\"@id\":\"https:\\\/\\\/ponteseditores.com.br\\\/loja3\\\/#website\",\"url\":\"https:\\\/\\\/ponteseditores.com.br\\\/loja3\\\/\",\"name\":\"Pontes Editores\",\"description\":\"Pontes Editores\",\"publisher\":{\"@id\":\"https:\\\/\\\/ponteseditores.com.br\\\/loja3\\\/#organization\"},\"potentialAction\":[{\"@type\":\"SearchAction\",\"target\":{\"@type\":\"EntryPoint\",\"urlTemplate\":\"https:\\\/\\\/ponteseditores.com.br\\\/loja3\\\/?s={search_term_string}\"},\"query-input\":{\"@type\":\"PropertyValueSpecification\",\"valueRequired\":true,\"valueName\":\"search_term_string\"}}],\"inLanguage\":\"pt-BR\"},{\"@type\":\"Organization\",\"@id\":\"https:\\\/\\\/ponteseditores.com.br\\\/loja3\\\/#organization\",\"name\":\"Pontes Editores\",\"url\":\"https:\\\/\\\/ponteseditores.com.br\\\/loja3\\\/\",\"logo\":{\"@type\":\"ImageObject\",\"inLanguage\":\"pt-BR\",\"@id\":\"https:\\\/\\\/ponteseditores.com.br\\\/loja3\\\/#\\\/schema\\\/logo\\\/image\\\/\",\"url\":\"https:\\\/\\\/ponteseditores.com.br\\\/loja3\\\/wp-content\\\/uploads\\\/2023\\\/12\\\/logo-pontes-editores-v2.png\",\"contentUrl\":\"https:\\\/\\\/ponteseditores.com.br\\\/loja3\\\/wp-content\\\/uploads\\\/2023\\\/12\\\/logo-pontes-editores-v2.png\",\"width\":258,\"height\":100,\"caption\":\"Pontes Editores\"},\"image\":{\"@id\":\"https:\\\/\\\/ponteseditores.com.br\\\/loja3\\\/#\\\/schema\\\/logo\\\/image\\\/\"}}]}<\/script>\n<!-- \/ Yoast SEO plugin. -->","yoast_head_json":{"title":"A SINTAXE DO PORTUGU\u00caS BRASILEIRO EMPERSPECTIVA CARTOGR\u00c1FICA - Pontes Editores","robots":{"index":"index","follow":"follow","max-snippet":"max-snippet:-1","max-image-preview":"max-image-preview:large","max-video-preview":"max-video-preview:-1"},"canonical":"https:\/\/ponteseditores.com.br\/loja3\/pontes-editores-home-2__trashed\/linguistica\/a-sintaxe-do-portugues-brasileiro-emperspectiva-cartografica\/","og_locale":"pt_BR","og_type":"article","og_title":"A SINTAXE DO PORTUGU\u00caS BRASILEIRO EMPERSPECTIVA CARTOGR\u00c1FICA - Pontes Editores","og_description":"O volume aqui apresentado conta com nove textos que tratam de aspectos gerais da sintaxe do PB, estudados \u00e0 luz da vertente cartogr\u00e1fica da Teoria de Princ\u00edpios e Par\u00e2metros, organizados em cinco eixos: um artigo geral, de cunho epistemol\u00f3gico \u2013 e, portanto, tamb\u00e9m introdut\u00f3rio ao programa \u2013, que visa a apresentar a epistemologia do Programa [&hellip;]","og_url":"https:\/\/ponteseditores.com.br\/loja3\/pontes-editores-home-2__trashed\/linguistica\/a-sintaxe-do-portugues-brasileiro-emperspectiva-cartografica\/","og_site_name":"Pontes Editores","article_modified_time":"2025-10-03T18:34:46+00:00","og_image":[{"width":1000,"height":1480,"url":"https:\/\/ponteseditores.com.br\/loja3\/wp-content\/uploads\/2025\/10\/a-sintaxe-do-portugues-brasileiro.-capa.jpg","type":"image\/jpeg"}],"twitter_card":"summary_large_image","twitter_misc":{"Est. tempo de leitura":"1 minuto"},"schema":{"@context":"https:\/\/schema.org","@graph":[{"@type":"WebPage","@id":"https:\/\/ponteseditores.com.br\/loja3\/pontes-editores-home-2__trashed\/linguistica\/a-sintaxe-do-portugues-brasileiro-emperspectiva-cartografica\/","url":"https:\/\/ponteseditores.com.br\/loja3\/pontes-editores-home-2__trashed\/linguistica\/a-sintaxe-do-portugues-brasileiro-emperspectiva-cartografica\/","name":"A SINTAXE DO PORTUGU\u00caS BRASILEIRO EMPERSPECTIVA CARTOGR\u00c1FICA - Pontes Editores","isPartOf":{"@id":"https:\/\/ponteseditores.com.br\/loja3\/#website"},"primaryImageOfPage":{"@id":"https:\/\/ponteseditores.com.br\/loja3\/pontes-editores-home-2__trashed\/linguistica\/a-sintaxe-do-portugues-brasileiro-emperspectiva-cartografica\/#primaryimage"},"image":{"@id":"https:\/\/ponteseditores.com.br\/loja3\/pontes-editores-home-2__trashed\/linguistica\/a-sintaxe-do-portugues-brasileiro-emperspectiva-cartografica\/#primaryimage"},"thumbnailUrl":"https:\/\/ponteseditores.com.br\/loja3\/wp-content\/uploads\/2025\/10\/a-sintaxe-do-portugues-brasileiro.-capa.jpg","datePublished":"2025-10-03T18:34:45+00:00","dateModified":"2025-10-03T18:34:46+00:00","breadcrumb":{"@id":"https:\/\/ponteseditores.com.br\/loja3\/pontes-editores-home-2__trashed\/linguistica\/a-sintaxe-do-portugues-brasileiro-emperspectiva-cartografica\/#breadcrumb"},"inLanguage":"pt-BR","potentialAction":[{"@type":"ReadAction","target":["https:\/\/ponteseditores.com.br\/loja3\/pontes-editores-home-2__trashed\/linguistica\/a-sintaxe-do-portugues-brasileiro-emperspectiva-cartografica\/"]}]},{"@type":"ImageObject","inLanguage":"pt-BR","@id":"https:\/\/ponteseditores.com.br\/loja3\/pontes-editores-home-2__trashed\/linguistica\/a-sintaxe-do-portugues-brasileiro-emperspectiva-cartografica\/#primaryimage","url":"https:\/\/ponteseditores.com.br\/loja3\/wp-content\/uploads\/2025\/10\/a-sintaxe-do-portugues-brasileiro.-capa.jpg","contentUrl":"https:\/\/ponteseditores.com.br\/loja3\/wp-content\/uploads\/2025\/10\/a-sintaxe-do-portugues-brasileiro.-capa.jpg","width":1000,"height":1480},{"@type":"BreadcrumbList","@id":"https:\/\/ponteseditores.com.br\/loja3\/pontes-editores-home-2__trashed\/linguistica\/a-sintaxe-do-portugues-brasileiro-emperspectiva-cartografica\/#breadcrumb","itemListElement":[{"@type":"ListItem","position":1,"name":"Home","item":"https:\/\/ponteseditores.com.br\/loja3\/"},{"@type":"ListItem","position":2,"name":"loja","item":"https:\/\/ponteseditores.com.br\/loja3\/loja\/"},{"@type":"ListItem","position":3,"name":"A SINTAXE DO PORTUGU\u00caS BRASILEIRO EMPERSPECTIVA CARTOGR\u00c1FICA"}]},{"@type":"WebSite","@id":"https:\/\/ponteseditores.com.br\/loja3\/#website","url":"https:\/\/ponteseditores.com.br\/loja3\/","name":"Pontes Editores","description":"Pontes Editores","publisher":{"@id":"https:\/\/ponteseditores.com.br\/loja3\/#organization"},"potentialAction":[{"@type":"SearchAction","target":{"@type":"EntryPoint","urlTemplate":"https:\/\/ponteseditores.com.br\/loja3\/?s={search_term_string}"},"query-input":{"@type":"PropertyValueSpecification","valueRequired":true,"valueName":"search_term_string"}}],"inLanguage":"pt-BR"},{"@type":"Organization","@id":"https:\/\/ponteseditores.com.br\/loja3\/#organization","name":"Pontes Editores","url":"https:\/\/ponteseditores.com.br\/loja3\/","logo":{"@type":"ImageObject","inLanguage":"pt-BR","@id":"https:\/\/ponteseditores.com.br\/loja3\/#\/schema\/logo\/image\/","url":"https:\/\/ponteseditores.com.br\/loja3\/wp-content\/uploads\/2023\/12\/logo-pontes-editores-v2.png","contentUrl":"https:\/\/ponteseditores.com.br\/loja3\/wp-content\/uploads\/2023\/12\/logo-pontes-editores-v2.png","width":258,"height":100,"caption":"Pontes Editores"},"image":{"@id":"https:\/\/ponteseditores.com.br\/loja3\/#\/schema\/logo\/image\/"}}]}},"_links":{"self":[{"href":"https:\/\/ponteseditores.com.br\/loja3\/wp-json\/wp\/v2\/product\/31365","targetHints":{"allow":["GET"]}}],"collection":[{"href":"https:\/\/ponteseditores.com.br\/loja3\/wp-json\/wp\/v2\/product"}],"about":[{"href":"https:\/\/ponteseditores.com.br\/loja3\/wp-json\/wp\/v2\/types\/product"}],"replies":[{"embeddable":true,"href":"https:\/\/ponteseditores.com.br\/loja3\/wp-json\/wp\/v2\/comments?post=31365"}],"version-history":[{"count":1,"href":"https:\/\/ponteseditores.com.br\/loja3\/wp-json\/wp\/v2\/product\/31365\/revisions"}],"predecessor-version":[{"id":31367,"href":"https:\/\/ponteseditores.com.br\/loja3\/wp-json\/wp\/v2\/product\/31365\/revisions\/31367"}],"wp:featuredmedia":[{"embeddable":true,"href":"https:\/\/ponteseditores.com.br\/loja3\/wp-json\/wp\/v2\/media\/31366"}],"wp:attachment":[{"href":"https:\/\/ponteseditores.com.br\/loja3\/wp-json\/wp\/v2\/media?parent=31365"}],"wp:term":[{"taxonomy":"product_brand","embeddable":true,"href":"https:\/\/ponteseditores.com.br\/loja3\/wp-json\/wp\/v2\/product_brand?post=31365"},{"taxonomy":"product_cat","embeddable":true,"href":"https:\/\/ponteseditores.com.br\/loja3\/wp-json\/wp\/v2\/product_cat?post=31365"},{"taxonomy":"product_tag","embeddable":true,"href":"https:\/\/ponteseditores.com.br\/loja3\/wp-json\/wp\/v2\/product_tag?post=31365"}],"curies":[{"name":"wp","href":"https:\/\/api.w.org\/{rel}","templated":true}]}}