{"id":31303,"date":"2025-10-02T13:18:24","date_gmt":"2025-10-02T16:18:24","guid":{"rendered":"https:\/\/ponteseditores.com.br\/loja3\/?post_type=product&#038;p=31303"},"modified":"2025-10-02T13:18:24","modified_gmt":"2025-10-02T16:18:24","slug":"argumentacao-na-redacao-do-enem-ponto-de-vista-e-autoria-em-foco","status":"publish","type":"product","link":"https:\/\/ponteseditores.com.br\/loja3\/pontes-editores-home-2__trashed\/linguistica\/argumentacao-na-redacao-do-enem-ponto-de-vista-e-autoria-em-foco\/","title":{"rendered":"Argumenta\u00e7\u00e3o na reda\u00e7\u00e3o do Enem: ponto de vista e autoria em foco"},"content":{"rendered":"<p>Como os participantes inscrevem no texto uma voz autoral para defender sua tese ao mobilizar pontos de vista? Como se posicionam enunciativamente em rela\u00e7\u00e3o aos pontos de vista alheios convocados nas reda\u00e7\u00f5es nota mil do Enem? Como esses pontos de vista funcionam argumentativamente no texto do Enem? Essas s\u00e3o as quest\u00f5es que orientam o livro \u201c<em>Argumenta\u00e7\u00e3o na reda\u00e7\u00e3o do Enem: ponto de vista e autoria em foco<\/em>\u201d, de Francisco Mailson de Lima Cavalcante e Ananias Agostinho da Silva. A obra \u00e9 resultado da disserta\u00e7\u00e3o de mestrado de Cavalcante, defendida em 2024 no Programa de P\u00f3s-Gradua\u00e7\u00e3o em Ensino (POSENSINO\/ UFERSA, UERN, IFRN), sob orienta\u00e7\u00e3o de Silva.<\/p>\n<p>Com base na an\u00e1lise de reda\u00e7\u00f5es que obtiveram a nota m\u00e1xima na edi\u00e7\u00e3o de 2021, os autores discutem como o locutor enunciador primeiro gerencia diferentes pontos de vista, dialoga com vozes diversas e constr\u00f3i sua for\u00e7a argumentativa ao adotar posturas enunciativas. Al\u00e9m disso, os autores se preocupam em observar as marcas de autoria na escrita desses textos. Nessa perspectiva, o resultado \u00e9 uma reflex\u00e3o que ultrapassa o espa\u00e7o da avalia\u00e7\u00e3o e reflete sobre aspectos atinentes \u00e0 Lingu\u00edstica Textual e \u00e0 Lingu\u00edsti\u00adca da Enuncia\u00e7\u00e3o, se conectando ao ensino da escrita para, consequentemente, formar escritores capazes de argumentar com consist\u00eancia e consci\u00eancia de sua pr\u00f3pria voz.<\/p>\n<p>Clara, rigorosa e atual, esta obra \u00e9 refer\u00eancia indispens\u00e1vel para professores de l\u00edngua portuguesa, estudantes, pesquisadores e todos que buscam compreender mais sobre os aspectos textuais, enunciativos, argumentativos e discursivos da l\u00edngua.<\/p>\n","protected":false},"excerpt":{"rendered":"<p>Como os participantes inscrevem no texto uma voz autoral para defender sua tese ao mobilizar pontos de vista? Como se posicionam enunciativamente em rela\u00e7\u00e3o aos pontos de vista alheios convocados nas reda\u00e7\u00f5es nota mil do Enem? Como esses pontos de vista funcionam argumentativamente no texto do Enem? Essas s\u00e3o as quest\u00f5es que orientam o livro [&hellip;]<\/p>\n","protected":false},"featured_media":31304,"comment_status":"open","ping_status":"closed","template":"","meta":{"_joinchat":[]},"product_brand":[],"product_cat":[167,31],"product_tag":[],"class_list":{"0":"post-31303","1":"product","2":"type-product","3":"status-publish","4":"has-post-thumbnail","6":"product_cat-lancamento","7":"product_cat-linguistica","9":"first","10":"instock","11":"shipping-taxable","12":"purchasable","13":"product-type-simple"},"yoast_head":"<!-- This site is optimized with the Yoast SEO plugin v27.4 - https:\/\/yoast.com\/product\/yoast-seo-wordpress\/ -->\n<title>Argumenta\u00e7\u00e3o na reda\u00e7\u00e3o do Enem: ponto de vista e autoria em foco - Pontes Editores<\/title>\n<meta name=\"robots\" content=\"index, follow, max-snippet:-1, max-image-preview:large, max-video-preview:-1\" \/>\n<link rel=\"canonical\" href=\"https:\/\/ponteseditores.com.br\/loja3\/pontes-editores-home-2__trashed\/linguistica\/argumentacao-na-redacao-do-enem-ponto-de-vista-e-autoria-em-foco\/\" \/>\n<meta property=\"og:locale\" content=\"pt_BR\" \/>\n<meta property=\"og:type\" content=\"article\" \/>\n<meta property=\"og:title\" content=\"Argumenta\u00e7\u00e3o na reda\u00e7\u00e3o do Enem: ponto de vista e autoria em foco - Pontes Editores\" \/>\n<meta property=\"og:description\" content=\"Como os participantes inscrevem no texto uma voz autoral para defender sua tese ao mobilizar pontos de vista? Como se posicionam enunciativamente em rela\u00e7\u00e3o aos pontos de vista alheios convocados nas reda\u00e7\u00f5es nota mil do Enem? Como esses pontos de vista funcionam argumentativamente no texto do Enem? Essas s\u00e3o as quest\u00f5es que orientam o livro [&hellip;]\" \/>\n<meta property=\"og:url\" content=\"https:\/\/ponteseditores.com.br\/loja3\/pontes-editores-home-2__trashed\/linguistica\/argumentacao-na-redacao-do-enem-ponto-de-vista-e-autoria-em-foco\/\" \/>\n<meta property=\"og:site_name\" content=\"Pontes Editores\" \/>\n<meta property=\"og:image\" content=\"https:\/\/ponteseditores.com.br\/loja3\/wp-content\/uploads\/2025\/10\/Capa_Argumentacao.webp\" \/>\n\t<meta property=\"og:image:width\" content=\"800\" \/>\n\t<meta property=\"og:image:height\" content=\"1159\" \/>\n\t<meta property=\"og:image:type\" content=\"image\/webp\" \/>\n<meta name=\"twitter:card\" content=\"summary_large_image\" \/>\n<meta name=\"twitter:label1\" content=\"Est. tempo de leitura\" \/>\n\t<meta name=\"twitter:data1\" content=\"2 minutos\" \/>\n<script type=\"application\/ld+json\" class=\"yoast-schema-graph\">{\"@context\":\"https:\\\/\\\/schema.org\",\"@graph\":[{\"@type\":\"WebPage\",\"@id\":\"https:\\\/\\\/ponteseditores.com.br\\\/loja3\\\/pontes-editores-home-2__trashed\\\/linguistica\\\/argumentacao-na-redacao-do-enem-ponto-de-vista-e-autoria-em-foco\\\/\",\"url\":\"https:\\\/\\\/ponteseditores.com.br\\\/loja3\\\/pontes-editores-home-2__trashed\\\/linguistica\\\/argumentacao-na-redacao-do-enem-ponto-de-vista-e-autoria-em-foco\\\/\",\"name\":\"Argumenta\u00e7\u00e3o na reda\u00e7\u00e3o do Enem: ponto de vista e autoria em foco - Pontes Editores\",\"isPartOf\":{\"@id\":\"https:\\\/\\\/ponteseditores.com.br\\\/loja3\\\/#website\"},\"primaryImageOfPage\":{\"@id\":\"https:\\\/\\\/ponteseditores.com.br\\\/loja3\\\/pontes-editores-home-2__trashed\\\/linguistica\\\/argumentacao-na-redacao-do-enem-ponto-de-vista-e-autoria-em-foco\\\/#primaryimage\"},\"image\":{\"@id\":\"https:\\\/\\\/ponteseditores.com.br\\\/loja3\\\/pontes-editores-home-2__trashed\\\/linguistica\\\/argumentacao-na-redacao-do-enem-ponto-de-vista-e-autoria-em-foco\\\/#primaryimage\"},\"thumbnailUrl\":\"https:\\\/\\\/ponteseditores.com.br\\\/loja3\\\/wp-content\\\/uploads\\\/2025\\\/10\\\/Capa_Argumentacao.webp\",\"datePublished\":\"2025-10-02T16:18:24+00:00\",\"breadcrumb\":{\"@id\":\"https:\\\/\\\/ponteseditores.com.br\\\/loja3\\\/pontes-editores-home-2__trashed\\\/linguistica\\\/argumentacao-na-redacao-do-enem-ponto-de-vista-e-autoria-em-foco\\\/#breadcrumb\"},\"inLanguage\":\"pt-BR\",\"potentialAction\":[{\"@type\":\"ReadAction\",\"target\":[\"https:\\\/\\\/ponteseditores.com.br\\\/loja3\\\/pontes-editores-home-2__trashed\\\/linguistica\\\/argumentacao-na-redacao-do-enem-ponto-de-vista-e-autoria-em-foco\\\/\"]}]},{\"@type\":\"ImageObject\",\"inLanguage\":\"pt-BR\",\"@id\":\"https:\\\/\\\/ponteseditores.com.br\\\/loja3\\\/pontes-editores-home-2__trashed\\\/linguistica\\\/argumentacao-na-redacao-do-enem-ponto-de-vista-e-autoria-em-foco\\\/#primaryimage\",\"url\":\"https:\\\/\\\/ponteseditores.com.br\\\/loja3\\\/wp-content\\\/uploads\\\/2025\\\/10\\\/Capa_Argumentacao.webp\",\"contentUrl\":\"https:\\\/\\\/ponteseditores.com.br\\\/loja3\\\/wp-content\\\/uploads\\\/2025\\\/10\\\/Capa_Argumentacao.webp\",\"width\":800,\"height\":1159},{\"@type\":\"BreadcrumbList\",\"@id\":\"https:\\\/\\\/ponteseditores.com.br\\\/loja3\\\/pontes-editores-home-2__trashed\\\/linguistica\\\/argumentacao-na-redacao-do-enem-ponto-de-vista-e-autoria-em-foco\\\/#breadcrumb\",\"itemListElement\":[{\"@type\":\"ListItem\",\"position\":1,\"name\":\"Home\",\"item\":\"https:\\\/\\\/ponteseditores.com.br\\\/loja3\\\/\"},{\"@type\":\"ListItem\",\"position\":2,\"name\":\"loja\",\"item\":\"https:\\\/\\\/ponteseditores.com.br\\\/loja3\\\/loja\\\/\"},{\"@type\":\"ListItem\",\"position\":3,\"name\":\"Argumenta\u00e7\u00e3o na reda\u00e7\u00e3o do Enem: ponto de vista e autoria em foco\"}]},{\"@type\":\"WebSite\",\"@id\":\"https:\\\/\\\/ponteseditores.com.br\\\/loja3\\\/#website\",\"url\":\"https:\\\/\\\/ponteseditores.com.br\\\/loja3\\\/\",\"name\":\"Pontes Editores\",\"description\":\"Pontes Editores\",\"publisher\":{\"@id\":\"https:\\\/\\\/ponteseditores.com.br\\\/loja3\\\/#organization\"},\"potentialAction\":[{\"@type\":\"SearchAction\",\"target\":{\"@type\":\"EntryPoint\",\"urlTemplate\":\"https:\\\/\\\/ponteseditores.com.br\\\/loja3\\\/?s={search_term_string}\"},\"query-input\":{\"@type\":\"PropertyValueSpecification\",\"valueRequired\":true,\"valueName\":\"search_term_string\"}}],\"inLanguage\":\"pt-BR\"},{\"@type\":\"Organization\",\"@id\":\"https:\\\/\\\/ponteseditores.com.br\\\/loja3\\\/#organization\",\"name\":\"Pontes Editores\",\"url\":\"https:\\\/\\\/ponteseditores.com.br\\\/loja3\\\/\",\"logo\":{\"@type\":\"ImageObject\",\"inLanguage\":\"pt-BR\",\"@id\":\"https:\\\/\\\/ponteseditores.com.br\\\/loja3\\\/#\\\/schema\\\/logo\\\/image\\\/\",\"url\":\"https:\\\/\\\/ponteseditores.com.br\\\/loja3\\\/wp-content\\\/uploads\\\/2023\\\/12\\\/logo-pontes-editores-v2.png\",\"contentUrl\":\"https:\\\/\\\/ponteseditores.com.br\\\/loja3\\\/wp-content\\\/uploads\\\/2023\\\/12\\\/logo-pontes-editores-v2.png\",\"width\":258,\"height\":100,\"caption\":\"Pontes Editores\"},\"image\":{\"@id\":\"https:\\\/\\\/ponteseditores.com.br\\\/loja3\\\/#\\\/schema\\\/logo\\\/image\\\/\"}}]}<\/script>\n<!-- \/ Yoast SEO plugin. -->","yoast_head_json":{"title":"Argumenta\u00e7\u00e3o na reda\u00e7\u00e3o do Enem: ponto de vista e autoria em foco - Pontes Editores","robots":{"index":"index","follow":"follow","max-snippet":"max-snippet:-1","max-image-preview":"max-image-preview:large","max-video-preview":"max-video-preview:-1"},"canonical":"https:\/\/ponteseditores.com.br\/loja3\/pontes-editores-home-2__trashed\/linguistica\/argumentacao-na-redacao-do-enem-ponto-de-vista-e-autoria-em-foco\/","og_locale":"pt_BR","og_type":"article","og_title":"Argumenta\u00e7\u00e3o na reda\u00e7\u00e3o do Enem: ponto de vista e autoria em foco - Pontes Editores","og_description":"Como os participantes inscrevem no texto uma voz autoral para defender sua tese ao mobilizar pontos de vista? Como se posicionam enunciativamente em rela\u00e7\u00e3o aos pontos de vista alheios convocados nas reda\u00e7\u00f5es nota mil do Enem? Como esses pontos de vista funcionam argumentativamente no texto do Enem? Essas s\u00e3o as quest\u00f5es que orientam o livro [&hellip;]","og_url":"https:\/\/ponteseditores.com.br\/loja3\/pontes-editores-home-2__trashed\/linguistica\/argumentacao-na-redacao-do-enem-ponto-de-vista-e-autoria-em-foco\/","og_site_name":"Pontes Editores","og_image":[{"width":800,"height":1159,"url":"https:\/\/ponteseditores.com.br\/loja3\/wp-content\/uploads\/2025\/10\/Capa_Argumentacao.webp","type":"image\/webp"}],"twitter_card":"summary_large_image","twitter_misc":{"Est. tempo de leitura":"2 minutos"},"schema":{"@context":"https:\/\/schema.org","@graph":[{"@type":"WebPage","@id":"https:\/\/ponteseditores.com.br\/loja3\/pontes-editores-home-2__trashed\/linguistica\/argumentacao-na-redacao-do-enem-ponto-de-vista-e-autoria-em-foco\/","url":"https:\/\/ponteseditores.com.br\/loja3\/pontes-editores-home-2__trashed\/linguistica\/argumentacao-na-redacao-do-enem-ponto-de-vista-e-autoria-em-foco\/","name":"Argumenta\u00e7\u00e3o na reda\u00e7\u00e3o do Enem: ponto de vista e autoria em foco - Pontes Editores","isPartOf":{"@id":"https:\/\/ponteseditores.com.br\/loja3\/#website"},"primaryImageOfPage":{"@id":"https:\/\/ponteseditores.com.br\/loja3\/pontes-editores-home-2__trashed\/linguistica\/argumentacao-na-redacao-do-enem-ponto-de-vista-e-autoria-em-foco\/#primaryimage"},"image":{"@id":"https:\/\/ponteseditores.com.br\/loja3\/pontes-editores-home-2__trashed\/linguistica\/argumentacao-na-redacao-do-enem-ponto-de-vista-e-autoria-em-foco\/#primaryimage"},"thumbnailUrl":"https:\/\/ponteseditores.com.br\/loja3\/wp-content\/uploads\/2025\/10\/Capa_Argumentacao.webp","datePublished":"2025-10-02T16:18:24+00:00","breadcrumb":{"@id":"https:\/\/ponteseditores.com.br\/loja3\/pontes-editores-home-2__trashed\/linguistica\/argumentacao-na-redacao-do-enem-ponto-de-vista-e-autoria-em-foco\/#breadcrumb"},"inLanguage":"pt-BR","potentialAction":[{"@type":"ReadAction","target":["https:\/\/ponteseditores.com.br\/loja3\/pontes-editores-home-2__trashed\/linguistica\/argumentacao-na-redacao-do-enem-ponto-de-vista-e-autoria-em-foco\/"]}]},{"@type":"ImageObject","inLanguage":"pt-BR","@id":"https:\/\/ponteseditores.com.br\/loja3\/pontes-editores-home-2__trashed\/linguistica\/argumentacao-na-redacao-do-enem-ponto-de-vista-e-autoria-em-foco\/#primaryimage","url":"https:\/\/ponteseditores.com.br\/loja3\/wp-content\/uploads\/2025\/10\/Capa_Argumentacao.webp","contentUrl":"https:\/\/ponteseditores.com.br\/loja3\/wp-content\/uploads\/2025\/10\/Capa_Argumentacao.webp","width":800,"height":1159},{"@type":"BreadcrumbList","@id":"https:\/\/ponteseditores.com.br\/loja3\/pontes-editores-home-2__trashed\/linguistica\/argumentacao-na-redacao-do-enem-ponto-de-vista-e-autoria-em-foco\/#breadcrumb","itemListElement":[{"@type":"ListItem","position":1,"name":"Home","item":"https:\/\/ponteseditores.com.br\/loja3\/"},{"@type":"ListItem","position":2,"name":"loja","item":"https:\/\/ponteseditores.com.br\/loja3\/loja\/"},{"@type":"ListItem","position":3,"name":"Argumenta\u00e7\u00e3o na reda\u00e7\u00e3o do Enem: ponto de vista e autoria em foco"}]},{"@type":"WebSite","@id":"https:\/\/ponteseditores.com.br\/loja3\/#website","url":"https:\/\/ponteseditores.com.br\/loja3\/","name":"Pontes Editores","description":"Pontes Editores","publisher":{"@id":"https:\/\/ponteseditores.com.br\/loja3\/#organization"},"potentialAction":[{"@type":"SearchAction","target":{"@type":"EntryPoint","urlTemplate":"https:\/\/ponteseditores.com.br\/loja3\/?s={search_term_string}"},"query-input":{"@type":"PropertyValueSpecification","valueRequired":true,"valueName":"search_term_string"}}],"inLanguage":"pt-BR"},{"@type":"Organization","@id":"https:\/\/ponteseditores.com.br\/loja3\/#organization","name":"Pontes Editores","url":"https:\/\/ponteseditores.com.br\/loja3\/","logo":{"@type":"ImageObject","inLanguage":"pt-BR","@id":"https:\/\/ponteseditores.com.br\/loja3\/#\/schema\/logo\/image\/","url":"https:\/\/ponteseditores.com.br\/loja3\/wp-content\/uploads\/2023\/12\/logo-pontes-editores-v2.png","contentUrl":"https:\/\/ponteseditores.com.br\/loja3\/wp-content\/uploads\/2023\/12\/logo-pontes-editores-v2.png","width":258,"height":100,"caption":"Pontes Editores"},"image":{"@id":"https:\/\/ponteseditores.com.br\/loja3\/#\/schema\/logo\/image\/"}}]}},"_links":{"self":[{"href":"https:\/\/ponteseditores.com.br\/loja3\/wp-json\/wp\/v2\/product\/31303","targetHints":{"allow":["GET"]}}],"collection":[{"href":"https:\/\/ponteseditores.com.br\/loja3\/wp-json\/wp\/v2\/product"}],"about":[{"href":"https:\/\/ponteseditores.com.br\/loja3\/wp-json\/wp\/v2\/types\/product"}],"replies":[{"embeddable":true,"href":"https:\/\/ponteseditores.com.br\/loja3\/wp-json\/wp\/v2\/comments?post=31303"}],"version-history":[{"count":1,"href":"https:\/\/ponteseditores.com.br\/loja3\/wp-json\/wp\/v2\/product\/31303\/revisions"}],"predecessor-version":[{"id":31305,"href":"https:\/\/ponteseditores.com.br\/loja3\/wp-json\/wp\/v2\/product\/31303\/revisions\/31305"}],"wp:featuredmedia":[{"embeddable":true,"href":"https:\/\/ponteseditores.com.br\/loja3\/wp-json\/wp\/v2\/media\/31304"}],"wp:attachment":[{"href":"https:\/\/ponteseditores.com.br\/loja3\/wp-json\/wp\/v2\/media?parent=31303"}],"wp:term":[{"taxonomy":"product_brand","embeddable":true,"href":"https:\/\/ponteseditores.com.br\/loja3\/wp-json\/wp\/v2\/product_brand?post=31303"},{"taxonomy":"product_cat","embeddable":true,"href":"https:\/\/ponteseditores.com.br\/loja3\/wp-json\/wp\/v2\/product_cat?post=31303"},{"taxonomy":"product_tag","embeddable":true,"href":"https:\/\/ponteseditores.com.br\/loja3\/wp-json\/wp\/v2\/product_tag?post=31303"}],"curies":[{"name":"wp","href":"https:\/\/api.w.org\/{rel}","templated":true}]}}