{"id":31042,"date":"2025-09-24T17:57:44","date_gmt":"2025-09-24T20:57:44","guid":{"rendered":"https:\/\/ponteseditores.com.br\/loja3\/?post_type=product&#038;p=31042"},"modified":"2025-09-24T17:57:44","modified_gmt":"2025-09-24T20:57:44","slug":"textos-que-matam-as-fake-news-como-armas-nas-disputas-pela-construcao-do-conhecimento","status":"publish","type":"product","link":"https:\/\/ponteseditores.com.br\/loja3\/pontes-editores-home-2__trashed\/linguistica\/textos-que-matam-as-fake-news-como-armas-nas-disputas-pela-construcao-do-conhecimento\/","title":{"rendered":"Textos que matam: as fake news como armas nas disputas pela constru\u00e7\u00e3o do conhecimento"},"content":{"rendered":"<p>\u201cUma qualidade singular do texto produzido \u00e9 a de conciliar precis\u00e3o cient\u00edfica, desenvolvimento dos conceitos e an\u00e1lises com uma linguagem acess\u00edvel e objetiva. [&#8230;] Dialogando com outras disciplinas, como a sociologia, a antropologia e a comunica\u00e7\u00e3o social, o trabalho de Jos\u00e9 Elderson trata de um tema que tem inquietado, e continua a inquietar, a sociedade brasileira nos \u00faltimos 10 anos \u2013 as <em>fake news <\/em>\u2013, posicionando a lingu\u00edstica e, mais especificamente, a lingu\u00edstica textual, na linha de frente de sua compreens\u00e3o em um contexto \u2013 o da pandemia de covid-19 \u2013 que abalou profundamente n\u00e3o somente o Brasil, mas todo o mundo.<\/p>\n<p>[&#8230;]<\/p>\n<p>O estudo, portanto, al\u00e9m de se mostrar particularmente original, contribui relevantemente para o desenvolvimento cient\u00edfico, pol\u00edtico e social do Brasil, ao buscar desvendar a maquinaria textual que contribui para que as <em>fake news <\/em>sejam consideradas, por grupos e atores sociais espec\u00edficos, conhecimentos v\u00e1lidos nos quais as pessoas podem se apoiar para agir no mundo social, o que causou muito sofrimento e, n\u00e3o raras vezes, a morte f\u00edsica e simb\u00f3lica daqueles que nelas acreditaram. Nesse sentido, o trabalho de pesquisa de Jos\u00e9 Elderson cumpre uma das principais fun\u00e7\u00f5es da ci\u00eancia, que \u00e9 a de contribuir para o esclarecimento da sociedade em tempos de muitas sombras. Um trabalho de pesquisa como esse faz com que todos n\u00f3s, estudiosos da linguagem, tenhamos orgulho de nosso papel na sociedade brasileira: o de chamar a aten\u00e7\u00e3o para os perigos e as belezas da linguagem e dos textos.\u201d<\/p>\n<p><strong>Anna Christina Bentes <\/strong><\/p>\n<p><em>Professora Titular do Depto. de Lingu\u00edstica <\/em><\/p>\n<p><em>Instituto de Estudos da Linguagem <\/em><\/p>\n<p><em>Universidade Estadual de Campinas<\/em><\/p>\n","protected":false},"excerpt":{"rendered":"<p>\u201cUma qualidade singular do texto produzido \u00e9 a de conciliar precis\u00e3o cient\u00edfica, desenvolvimento dos conceitos e an\u00e1lises com uma linguagem acess\u00edvel e objetiva. [&#8230;] Dialogando com outras disciplinas, como a sociologia, a antropologia e a comunica\u00e7\u00e3o social, o trabalho de Jos\u00e9 Elderson trata de um tema que tem inquietado, e continua a inquietar, a sociedade [&hellip;]<\/p>\n","protected":false},"featured_media":31044,"comment_status":"open","ping_status":"closed","template":"","meta":{"_joinchat":[]},"product_brand":[],"product_cat":[167,31],"product_tag":[],"class_list":{"0":"post-31042","1":"product","2":"type-product","3":"status-publish","4":"has-post-thumbnail","6":"product_cat-lancamento","7":"product_cat-linguistica","9":"first","10":"instock","11":"shipping-taxable","12":"purchasable","13":"product-type-simple"},"yoast_head":"<!-- This site is optimized with the Yoast SEO plugin v27.4 - https:\/\/yoast.com\/product\/yoast-seo-wordpress\/ -->\n<title>Textos que matam: as fake news como armas nas disputas pela constru\u00e7\u00e3o do conhecimento - Pontes Editores<\/title>\n<meta name=\"robots\" content=\"index, follow, max-snippet:-1, max-image-preview:large, max-video-preview:-1\" \/>\n<link rel=\"canonical\" href=\"https:\/\/ponteseditores.com.br\/loja3\/pontes-editores-home-2__trashed\/linguistica\/textos-que-matam-as-fake-news-como-armas-nas-disputas-pela-construcao-do-conhecimento\/\" \/>\n<meta property=\"og:locale\" content=\"pt_BR\" \/>\n<meta property=\"og:type\" content=\"article\" \/>\n<meta property=\"og:title\" content=\"Textos que matam: as fake news como armas nas disputas pela constru\u00e7\u00e3o do conhecimento - Pontes Editores\" \/>\n<meta property=\"og:description\" content=\"\u201cUma qualidade singular do texto produzido \u00e9 a de conciliar precis\u00e3o cient\u00edfica, desenvolvimento dos conceitos e an\u00e1lises com uma linguagem acess\u00edvel e objetiva. [&#8230;] Dialogando com outras disciplinas, como a sociologia, a antropologia e a comunica\u00e7\u00e3o social, o trabalho de Jos\u00e9 Elderson trata de um tema que tem inquietado, e continua a inquietar, a sociedade [&hellip;]\" \/>\n<meta property=\"og:url\" content=\"https:\/\/ponteseditores.com.br\/loja3\/pontes-editores-home-2__trashed\/linguistica\/textos-que-matam-as-fake-news-como-armas-nas-disputas-pela-construcao-do-conhecimento\/\" \/>\n<meta property=\"og:site_name\" content=\"Pontes Editores\" \/>\n<meta property=\"og:image\" content=\"https:\/\/ponteseditores.com.br\/loja3\/wp-content\/uploads\/2025\/09\/Capa_textos-que-matam.webp\" \/>\n\t<meta property=\"og:image:width\" content=\"800\" \/>\n\t<meta property=\"og:image:height\" content=\"1159\" \/>\n\t<meta property=\"og:image:type\" content=\"image\/webp\" \/>\n<meta name=\"twitter:card\" content=\"summary_large_image\" \/>\n<meta name=\"twitter:label1\" content=\"Est. tempo de leitura\" \/>\n\t<meta name=\"twitter:data1\" content=\"2 minutos\" \/>\n<script type=\"application\/ld+json\" class=\"yoast-schema-graph\">{\"@context\":\"https:\\\/\\\/schema.org\",\"@graph\":[{\"@type\":\"WebPage\",\"@id\":\"https:\\\/\\\/ponteseditores.com.br\\\/loja3\\\/pontes-editores-home-2__trashed\\\/linguistica\\\/textos-que-matam-as-fake-news-como-armas-nas-disputas-pela-construcao-do-conhecimento\\\/\",\"url\":\"https:\\\/\\\/ponteseditores.com.br\\\/loja3\\\/pontes-editores-home-2__trashed\\\/linguistica\\\/textos-que-matam-as-fake-news-como-armas-nas-disputas-pela-construcao-do-conhecimento\\\/\",\"name\":\"Textos que matam: as fake news como armas nas disputas pela constru\u00e7\u00e3o do conhecimento - Pontes Editores\",\"isPartOf\":{\"@id\":\"https:\\\/\\\/ponteseditores.com.br\\\/loja3\\\/#website\"},\"primaryImageOfPage\":{\"@id\":\"https:\\\/\\\/ponteseditores.com.br\\\/loja3\\\/pontes-editores-home-2__trashed\\\/linguistica\\\/textos-que-matam-as-fake-news-como-armas-nas-disputas-pela-construcao-do-conhecimento\\\/#primaryimage\"},\"image\":{\"@id\":\"https:\\\/\\\/ponteseditores.com.br\\\/loja3\\\/pontes-editores-home-2__trashed\\\/linguistica\\\/textos-que-matam-as-fake-news-como-armas-nas-disputas-pela-construcao-do-conhecimento\\\/#primaryimage\"},\"thumbnailUrl\":\"https:\\\/\\\/ponteseditores.com.br\\\/loja3\\\/wp-content\\\/uploads\\\/2025\\\/09\\\/Capa_textos-que-matam.webp\",\"datePublished\":\"2025-09-24T20:57:44+00:00\",\"breadcrumb\":{\"@id\":\"https:\\\/\\\/ponteseditores.com.br\\\/loja3\\\/pontes-editores-home-2__trashed\\\/linguistica\\\/textos-que-matam-as-fake-news-como-armas-nas-disputas-pela-construcao-do-conhecimento\\\/#breadcrumb\"},\"inLanguage\":\"pt-BR\",\"potentialAction\":[{\"@type\":\"ReadAction\",\"target\":[\"https:\\\/\\\/ponteseditores.com.br\\\/loja3\\\/pontes-editores-home-2__trashed\\\/linguistica\\\/textos-que-matam-as-fake-news-como-armas-nas-disputas-pela-construcao-do-conhecimento\\\/\"]}]},{\"@type\":\"ImageObject\",\"inLanguage\":\"pt-BR\",\"@id\":\"https:\\\/\\\/ponteseditores.com.br\\\/loja3\\\/pontes-editores-home-2__trashed\\\/linguistica\\\/textos-que-matam-as-fake-news-como-armas-nas-disputas-pela-construcao-do-conhecimento\\\/#primaryimage\",\"url\":\"https:\\\/\\\/ponteseditores.com.br\\\/loja3\\\/wp-content\\\/uploads\\\/2025\\\/09\\\/Capa_textos-que-matam.webp\",\"contentUrl\":\"https:\\\/\\\/ponteseditores.com.br\\\/loja3\\\/wp-content\\\/uploads\\\/2025\\\/09\\\/Capa_textos-que-matam.webp\",\"width\":800,\"height\":1159},{\"@type\":\"BreadcrumbList\",\"@id\":\"https:\\\/\\\/ponteseditores.com.br\\\/loja3\\\/pontes-editores-home-2__trashed\\\/linguistica\\\/textos-que-matam-as-fake-news-como-armas-nas-disputas-pela-construcao-do-conhecimento\\\/#breadcrumb\",\"itemListElement\":[{\"@type\":\"ListItem\",\"position\":1,\"name\":\"Home\",\"item\":\"https:\\\/\\\/ponteseditores.com.br\\\/loja3\\\/\"},{\"@type\":\"ListItem\",\"position\":2,\"name\":\"loja\",\"item\":\"https:\\\/\\\/ponteseditores.com.br\\\/loja3\\\/loja\\\/\"},{\"@type\":\"ListItem\",\"position\":3,\"name\":\"Textos que matam: as fake news como armas nas disputas pela constru\u00e7\u00e3o do conhecimento\"}]},{\"@type\":\"WebSite\",\"@id\":\"https:\\\/\\\/ponteseditores.com.br\\\/loja3\\\/#website\",\"url\":\"https:\\\/\\\/ponteseditores.com.br\\\/loja3\\\/\",\"name\":\"Pontes Editores\",\"description\":\"Pontes Editores\",\"publisher\":{\"@id\":\"https:\\\/\\\/ponteseditores.com.br\\\/loja3\\\/#organization\"},\"potentialAction\":[{\"@type\":\"SearchAction\",\"target\":{\"@type\":\"EntryPoint\",\"urlTemplate\":\"https:\\\/\\\/ponteseditores.com.br\\\/loja3\\\/?s={search_term_string}\"},\"query-input\":{\"@type\":\"PropertyValueSpecification\",\"valueRequired\":true,\"valueName\":\"search_term_string\"}}],\"inLanguage\":\"pt-BR\"},{\"@type\":\"Organization\",\"@id\":\"https:\\\/\\\/ponteseditores.com.br\\\/loja3\\\/#organization\",\"name\":\"Pontes Editores\",\"url\":\"https:\\\/\\\/ponteseditores.com.br\\\/loja3\\\/\",\"logo\":{\"@type\":\"ImageObject\",\"inLanguage\":\"pt-BR\",\"@id\":\"https:\\\/\\\/ponteseditores.com.br\\\/loja3\\\/#\\\/schema\\\/logo\\\/image\\\/\",\"url\":\"https:\\\/\\\/ponteseditores.com.br\\\/loja3\\\/wp-content\\\/uploads\\\/2023\\\/12\\\/logo-pontes-editores-v2.png\",\"contentUrl\":\"https:\\\/\\\/ponteseditores.com.br\\\/loja3\\\/wp-content\\\/uploads\\\/2023\\\/12\\\/logo-pontes-editores-v2.png\",\"width\":258,\"height\":100,\"caption\":\"Pontes Editores\"},\"image\":{\"@id\":\"https:\\\/\\\/ponteseditores.com.br\\\/loja3\\\/#\\\/schema\\\/logo\\\/image\\\/\"}}]}<\/script>\n<!-- \/ Yoast SEO plugin. -->","yoast_head_json":{"title":"Textos que matam: as fake news como armas nas disputas pela constru\u00e7\u00e3o do conhecimento - Pontes Editores","robots":{"index":"index","follow":"follow","max-snippet":"max-snippet:-1","max-image-preview":"max-image-preview:large","max-video-preview":"max-video-preview:-1"},"canonical":"https:\/\/ponteseditores.com.br\/loja3\/pontes-editores-home-2__trashed\/linguistica\/textos-que-matam-as-fake-news-como-armas-nas-disputas-pela-construcao-do-conhecimento\/","og_locale":"pt_BR","og_type":"article","og_title":"Textos que matam: as fake news como armas nas disputas pela constru\u00e7\u00e3o do conhecimento - Pontes Editores","og_description":"\u201cUma qualidade singular do texto produzido \u00e9 a de conciliar precis\u00e3o cient\u00edfica, desenvolvimento dos conceitos e an\u00e1lises com uma linguagem acess\u00edvel e objetiva. [&#8230;] Dialogando com outras disciplinas, como a sociologia, a antropologia e a comunica\u00e7\u00e3o social, o trabalho de Jos\u00e9 Elderson trata de um tema que tem inquietado, e continua a inquietar, a sociedade [&hellip;]","og_url":"https:\/\/ponteseditores.com.br\/loja3\/pontes-editores-home-2__trashed\/linguistica\/textos-que-matam-as-fake-news-como-armas-nas-disputas-pela-construcao-do-conhecimento\/","og_site_name":"Pontes Editores","og_image":[{"width":800,"height":1159,"url":"https:\/\/ponteseditores.com.br\/loja3\/wp-content\/uploads\/2025\/09\/Capa_textos-que-matam.webp","type":"image\/webp"}],"twitter_card":"summary_large_image","twitter_misc":{"Est. tempo de leitura":"2 minutos"},"schema":{"@context":"https:\/\/schema.org","@graph":[{"@type":"WebPage","@id":"https:\/\/ponteseditores.com.br\/loja3\/pontes-editores-home-2__trashed\/linguistica\/textos-que-matam-as-fake-news-como-armas-nas-disputas-pela-construcao-do-conhecimento\/","url":"https:\/\/ponteseditores.com.br\/loja3\/pontes-editores-home-2__trashed\/linguistica\/textos-que-matam-as-fake-news-como-armas-nas-disputas-pela-construcao-do-conhecimento\/","name":"Textos que matam: as fake news como armas nas disputas pela constru\u00e7\u00e3o do conhecimento - Pontes Editores","isPartOf":{"@id":"https:\/\/ponteseditores.com.br\/loja3\/#website"},"primaryImageOfPage":{"@id":"https:\/\/ponteseditores.com.br\/loja3\/pontes-editores-home-2__trashed\/linguistica\/textos-que-matam-as-fake-news-como-armas-nas-disputas-pela-construcao-do-conhecimento\/#primaryimage"},"image":{"@id":"https:\/\/ponteseditores.com.br\/loja3\/pontes-editores-home-2__trashed\/linguistica\/textos-que-matam-as-fake-news-como-armas-nas-disputas-pela-construcao-do-conhecimento\/#primaryimage"},"thumbnailUrl":"https:\/\/ponteseditores.com.br\/loja3\/wp-content\/uploads\/2025\/09\/Capa_textos-que-matam.webp","datePublished":"2025-09-24T20:57:44+00:00","breadcrumb":{"@id":"https:\/\/ponteseditores.com.br\/loja3\/pontes-editores-home-2__trashed\/linguistica\/textos-que-matam-as-fake-news-como-armas-nas-disputas-pela-construcao-do-conhecimento\/#breadcrumb"},"inLanguage":"pt-BR","potentialAction":[{"@type":"ReadAction","target":["https:\/\/ponteseditores.com.br\/loja3\/pontes-editores-home-2__trashed\/linguistica\/textos-que-matam-as-fake-news-como-armas-nas-disputas-pela-construcao-do-conhecimento\/"]}]},{"@type":"ImageObject","inLanguage":"pt-BR","@id":"https:\/\/ponteseditores.com.br\/loja3\/pontes-editores-home-2__trashed\/linguistica\/textos-que-matam-as-fake-news-como-armas-nas-disputas-pela-construcao-do-conhecimento\/#primaryimage","url":"https:\/\/ponteseditores.com.br\/loja3\/wp-content\/uploads\/2025\/09\/Capa_textos-que-matam.webp","contentUrl":"https:\/\/ponteseditores.com.br\/loja3\/wp-content\/uploads\/2025\/09\/Capa_textos-que-matam.webp","width":800,"height":1159},{"@type":"BreadcrumbList","@id":"https:\/\/ponteseditores.com.br\/loja3\/pontes-editores-home-2__trashed\/linguistica\/textos-que-matam-as-fake-news-como-armas-nas-disputas-pela-construcao-do-conhecimento\/#breadcrumb","itemListElement":[{"@type":"ListItem","position":1,"name":"Home","item":"https:\/\/ponteseditores.com.br\/loja3\/"},{"@type":"ListItem","position":2,"name":"loja","item":"https:\/\/ponteseditores.com.br\/loja3\/loja\/"},{"@type":"ListItem","position":3,"name":"Textos que matam: as fake news como armas nas disputas pela constru\u00e7\u00e3o do conhecimento"}]},{"@type":"WebSite","@id":"https:\/\/ponteseditores.com.br\/loja3\/#website","url":"https:\/\/ponteseditores.com.br\/loja3\/","name":"Pontes Editores","description":"Pontes Editores","publisher":{"@id":"https:\/\/ponteseditores.com.br\/loja3\/#organization"},"potentialAction":[{"@type":"SearchAction","target":{"@type":"EntryPoint","urlTemplate":"https:\/\/ponteseditores.com.br\/loja3\/?s={search_term_string}"},"query-input":{"@type":"PropertyValueSpecification","valueRequired":true,"valueName":"search_term_string"}}],"inLanguage":"pt-BR"},{"@type":"Organization","@id":"https:\/\/ponteseditores.com.br\/loja3\/#organization","name":"Pontes Editores","url":"https:\/\/ponteseditores.com.br\/loja3\/","logo":{"@type":"ImageObject","inLanguage":"pt-BR","@id":"https:\/\/ponteseditores.com.br\/loja3\/#\/schema\/logo\/image\/","url":"https:\/\/ponteseditores.com.br\/loja3\/wp-content\/uploads\/2023\/12\/logo-pontes-editores-v2.png","contentUrl":"https:\/\/ponteseditores.com.br\/loja3\/wp-content\/uploads\/2023\/12\/logo-pontes-editores-v2.png","width":258,"height":100,"caption":"Pontes Editores"},"image":{"@id":"https:\/\/ponteseditores.com.br\/loja3\/#\/schema\/logo\/image\/"}}]}},"_links":{"self":[{"href":"https:\/\/ponteseditores.com.br\/loja3\/wp-json\/wp\/v2\/product\/31042","targetHints":{"allow":["GET"]}}],"collection":[{"href":"https:\/\/ponteseditores.com.br\/loja3\/wp-json\/wp\/v2\/product"}],"about":[{"href":"https:\/\/ponteseditores.com.br\/loja3\/wp-json\/wp\/v2\/types\/product"}],"replies":[{"embeddable":true,"href":"https:\/\/ponteseditores.com.br\/loja3\/wp-json\/wp\/v2\/comments?post=31042"}],"version-history":[{"count":1,"href":"https:\/\/ponteseditores.com.br\/loja3\/wp-json\/wp\/v2\/product\/31042\/revisions"}],"predecessor-version":[{"id":31045,"href":"https:\/\/ponteseditores.com.br\/loja3\/wp-json\/wp\/v2\/product\/31042\/revisions\/31045"}],"wp:featuredmedia":[{"embeddable":true,"href":"https:\/\/ponteseditores.com.br\/loja3\/wp-json\/wp\/v2\/media\/31044"}],"wp:attachment":[{"href":"https:\/\/ponteseditores.com.br\/loja3\/wp-json\/wp\/v2\/media?parent=31042"}],"wp:term":[{"taxonomy":"product_brand","embeddable":true,"href":"https:\/\/ponteseditores.com.br\/loja3\/wp-json\/wp\/v2\/product_brand?post=31042"},{"taxonomy":"product_cat","embeddable":true,"href":"https:\/\/ponteseditores.com.br\/loja3\/wp-json\/wp\/v2\/product_cat?post=31042"},{"taxonomy":"product_tag","embeddable":true,"href":"https:\/\/ponteseditores.com.br\/loja3\/wp-json\/wp\/v2\/product_tag?post=31042"}],"curies":[{"name":"wp","href":"https:\/\/api.w.org\/{rel}","templated":true}]}}