{"id":31025,"date":"2025-09-24T17:06:01","date_gmt":"2025-09-24T20:06:01","guid":{"rendered":"https:\/\/ponteseditores.com.br\/loja3\/?post_type=product&#038;p=31025"},"modified":"2025-09-24T17:06:02","modified_gmt":"2025-09-24T20:06:02","slug":"estudos-criticos-do-discurso-multimodal-sobre-questoes-de-genero-e-suas-interseccionalidades-homenagem-a-viviane-heberle","status":"publish","type":"product","link":"https:\/\/ponteseditores.com.br\/loja3\/pontes-editores-home-2__trashed\/linguistica\/estudos-criticos-do-discurso-multimodal-sobre-questoes-de-genero-e-suas-interseccionalidades-homenagem-a-viviane-heberle\/","title":{"rendered":"Estudos cr\u00edticos do discurso multimodal sobre quest\u00f5es de g\u00eanero e suas interseccionalidades: homenagem a Viviane Heberle"},"content":{"rendered":"<p>Este livro exemplifica algumas das facetas da contribui\u00e7\u00e3o acad\u00eamica de minha amiga Viviane Heberle: um farol brilhante na \u00e1rea de Lingu\u00edstica Aplicada, desde o final dos anos 70 &#8212; primeiramente como professora na Gradua\u00e7\u00e3o em Letras na PUC do Rio Grande do Sul, mais tarde, no in\u00edcio da d\u00e9cada de 90, cursando o Doutorado em Ingl\u00eas da UFSC, e depois como professora nessa mesma institui\u00e7\u00e3o. Os cap\u00edtulos neste livro demonstram a din\u00e2mica dos interesses de investiga\u00e7\u00e3o de Viviane, abrangendo quest\u00f5es contempor\u00e2neas importantes, que nos definem como sujeitos, tais como linguagem e discurso, textualidade e multimodalidade, discrimina\u00e7\u00e3o e ativismo, ra\u00e7a e g\u00eanero, convencionalidade e diverg\u00eancia. Em todo o volume, ecoa a voz de Viviane, dando ideia de sua pujante atua\u00e7\u00e3o tanto na qualifica\u00e7\u00e3o de novos profissionais quanto como pesquisadora da Lingu\u00edstica Aplicada, sempre atualizada nas discuss\u00f5es mais recentes dentro dos Estudos Cr\u00edticos da Linguagem e sempre \u00e0 frente no trilhar de novos caminhos.<\/p>\n<p>Parceira generosa em v\u00e1rias coautorias acad\u00eamicas, em publica\u00e7\u00f5es e apresenta\u00e7\u00f5es em eventos, Viviane sempre ofereceu graciosamente, a colegas e alunos, sua capacidade anal\u00edtica cr\u00edtica sobre pr\u00e1ticas discursivas constitutivas da vida em sociedade. Como sua ex-aluna de gradua\u00e7\u00e3o e, mais tarde, colega no Doutorado e companheira na carreira de pesquisadoras PQ\/CNPq, sempre encontrei em Viviane, mais do que uma investigadora dos discursos que nos constituem, uma professora reflexiva que se doa para estimular o crescimento do coletivo social. Quem ler esta colet\u00e2nea ter\u00e1 a oportunidade de conhecer pr\u00e1ticas de pesquisa que partem de uma reflex\u00e3o cr\u00edtica sobre quest\u00f5es que nos definem, subjugam e\/ou libertam na contemporaneidade.<\/p>\n<p>Mais do que apresentar propostas de pesquisas e conceitos te\u00f3ricos, os cap\u00edtulos neste volume nos educam e alertam sobre o modo como nossas intera\u00e7\u00f5es e textualiza\u00e7\u00f5es constituem e dialeticamente s\u00e3o constitu\u00eddas pelo poder dos discursos vigentes.<\/p>\n<p><strong>\u00a0<\/strong><\/p>\n<p><strong>D\u00e9sir\u00e9e Motta Roth<\/strong><\/p>\n<p>Professora Titular (UFSM)<\/p>\n<p>Pesquisadora CNPq 1998-2022<\/p>\n","protected":false},"excerpt":{"rendered":"<p>Este livro exemplifica algumas das facetas da contribui\u00e7\u00e3o acad\u00eamica de minha amiga Viviane Heberle: um farol brilhante na \u00e1rea de Lingu\u00edstica Aplicada, desde o final dos anos 70 &#8212; primeiramente como professora na Gradua\u00e7\u00e3o em Letras na PUC do Rio Grande do Sul, mais tarde, no in\u00edcio da d\u00e9cada de 90, cursando o Doutorado em [&hellip;]<\/p>\n","protected":false},"featured_media":31026,"comment_status":"open","ping_status":"closed","template":"","meta":{"_joinchat":[]},"product_brand":[],"product_cat":[167,31],"product_tag":[],"class_list":{"0":"post-31025","1":"product","2":"type-product","3":"status-publish","4":"has-post-thumbnail","6":"product_cat-lancamento","7":"product_cat-linguistica","9":"first","10":"instock","11":"shipping-taxable","12":"purchasable","13":"product-type-simple"},"yoast_head":"<!-- This site is optimized with the Yoast SEO plugin v27.4 - https:\/\/yoast.com\/product\/yoast-seo-wordpress\/ -->\n<title>Estudos cr\u00edticos do discurso multimodal sobre quest\u00f5es de g\u00eanero e suas interseccionalidades: homenagem a Viviane Heberle - Pontes Editores<\/title>\n<meta name=\"robots\" content=\"index, follow, max-snippet:-1, max-image-preview:large, max-video-preview:-1\" \/>\n<link rel=\"canonical\" href=\"https:\/\/ponteseditores.com.br\/loja3\/pontes-editores-home-2__trashed\/linguistica\/estudos-criticos-do-discurso-multimodal-sobre-questoes-de-genero-e-suas-interseccionalidades-homenagem-a-viviane-heberle\/\" \/>\n<meta property=\"og:locale\" content=\"pt_BR\" \/>\n<meta property=\"og:type\" content=\"article\" \/>\n<meta property=\"og:title\" content=\"Estudos cr\u00edticos do discurso multimodal sobre quest\u00f5es de g\u00eanero e suas interseccionalidades: homenagem a Viviane Heberle - Pontes Editores\" \/>\n<meta property=\"og:description\" content=\"Este livro exemplifica algumas das facetas da contribui\u00e7\u00e3o acad\u00eamica de minha amiga Viviane Heberle: um farol brilhante na \u00e1rea de Lingu\u00edstica Aplicada, desde o final dos anos 70 &#8212; primeiramente como professora na Gradua\u00e7\u00e3o em Letras na PUC do Rio Grande do Sul, mais tarde, no in\u00edcio da d\u00e9cada de 90, cursando o Doutorado em [&hellip;]\" \/>\n<meta property=\"og:url\" content=\"https:\/\/ponteseditores.com.br\/loja3\/pontes-editores-home-2__trashed\/linguistica\/estudos-criticos-do-discurso-multimodal-sobre-questoes-de-genero-e-suas-interseccionalidades-homenagem-a-viviane-heberle\/\" \/>\n<meta property=\"og:site_name\" content=\"Pontes Editores\" \/>\n<meta property=\"article:modified_time\" content=\"2025-09-24T20:06:02+00:00\" \/>\n<meta property=\"og:image\" content=\"https:\/\/ponteseditores.com.br\/loja3\/wp-content\/uploads\/2025\/09\/Capa_Estudos-Criticos.webp\" \/>\n\t<meta property=\"og:image:width\" content=\"800\" \/>\n\t<meta property=\"og:image:height\" content=\"1159\" \/>\n\t<meta property=\"og:image:type\" content=\"image\/webp\" \/>\n<meta name=\"twitter:card\" content=\"summary_large_image\" \/>\n<meta name=\"twitter:label1\" content=\"Est. tempo de leitura\" \/>\n\t<meta name=\"twitter:data1\" content=\"2 minutos\" \/>\n<script type=\"application\/ld+json\" class=\"yoast-schema-graph\">{\"@context\":\"https:\\\/\\\/schema.org\",\"@graph\":[{\"@type\":\"WebPage\",\"@id\":\"https:\\\/\\\/ponteseditores.com.br\\\/loja3\\\/pontes-editores-home-2__trashed\\\/linguistica\\\/estudos-criticos-do-discurso-multimodal-sobre-questoes-de-genero-e-suas-interseccionalidades-homenagem-a-viviane-heberle\\\/\",\"url\":\"https:\\\/\\\/ponteseditores.com.br\\\/loja3\\\/pontes-editores-home-2__trashed\\\/linguistica\\\/estudos-criticos-do-discurso-multimodal-sobre-questoes-de-genero-e-suas-interseccionalidades-homenagem-a-viviane-heberle\\\/\",\"name\":\"Estudos cr\u00edticos do discurso multimodal sobre quest\u00f5es de g\u00eanero e suas interseccionalidades: homenagem a Viviane Heberle - Pontes Editores\",\"isPartOf\":{\"@id\":\"https:\\\/\\\/ponteseditores.com.br\\\/loja3\\\/#website\"},\"primaryImageOfPage\":{\"@id\":\"https:\\\/\\\/ponteseditores.com.br\\\/loja3\\\/pontes-editores-home-2__trashed\\\/linguistica\\\/estudos-criticos-do-discurso-multimodal-sobre-questoes-de-genero-e-suas-interseccionalidades-homenagem-a-viviane-heberle\\\/#primaryimage\"},\"image\":{\"@id\":\"https:\\\/\\\/ponteseditores.com.br\\\/loja3\\\/pontes-editores-home-2__trashed\\\/linguistica\\\/estudos-criticos-do-discurso-multimodal-sobre-questoes-de-genero-e-suas-interseccionalidades-homenagem-a-viviane-heberle\\\/#primaryimage\"},\"thumbnailUrl\":\"https:\\\/\\\/ponteseditores.com.br\\\/loja3\\\/wp-content\\\/uploads\\\/2025\\\/09\\\/Capa_Estudos-Criticos.webp\",\"datePublished\":\"2025-09-24T20:06:01+00:00\",\"dateModified\":\"2025-09-24T20:06:02+00:00\",\"breadcrumb\":{\"@id\":\"https:\\\/\\\/ponteseditores.com.br\\\/loja3\\\/pontes-editores-home-2__trashed\\\/linguistica\\\/estudos-criticos-do-discurso-multimodal-sobre-questoes-de-genero-e-suas-interseccionalidades-homenagem-a-viviane-heberle\\\/#breadcrumb\"},\"inLanguage\":\"pt-BR\",\"potentialAction\":[{\"@type\":\"ReadAction\",\"target\":[\"https:\\\/\\\/ponteseditores.com.br\\\/loja3\\\/pontes-editores-home-2__trashed\\\/linguistica\\\/estudos-criticos-do-discurso-multimodal-sobre-questoes-de-genero-e-suas-interseccionalidades-homenagem-a-viviane-heberle\\\/\"]}]},{\"@type\":\"ImageObject\",\"inLanguage\":\"pt-BR\",\"@id\":\"https:\\\/\\\/ponteseditores.com.br\\\/loja3\\\/pontes-editores-home-2__trashed\\\/linguistica\\\/estudos-criticos-do-discurso-multimodal-sobre-questoes-de-genero-e-suas-interseccionalidades-homenagem-a-viviane-heberle\\\/#primaryimage\",\"url\":\"https:\\\/\\\/ponteseditores.com.br\\\/loja3\\\/wp-content\\\/uploads\\\/2025\\\/09\\\/Capa_Estudos-Criticos.webp\",\"contentUrl\":\"https:\\\/\\\/ponteseditores.com.br\\\/loja3\\\/wp-content\\\/uploads\\\/2025\\\/09\\\/Capa_Estudos-Criticos.webp\",\"width\":800,\"height\":1159},{\"@type\":\"BreadcrumbList\",\"@id\":\"https:\\\/\\\/ponteseditores.com.br\\\/loja3\\\/pontes-editores-home-2__trashed\\\/linguistica\\\/estudos-criticos-do-discurso-multimodal-sobre-questoes-de-genero-e-suas-interseccionalidades-homenagem-a-viviane-heberle\\\/#breadcrumb\",\"itemListElement\":[{\"@type\":\"ListItem\",\"position\":1,\"name\":\"Home\",\"item\":\"https:\\\/\\\/ponteseditores.com.br\\\/loja3\\\/\"},{\"@type\":\"ListItem\",\"position\":2,\"name\":\"loja\",\"item\":\"https:\\\/\\\/ponteseditores.com.br\\\/loja3\\\/loja\\\/\"},{\"@type\":\"ListItem\",\"position\":3,\"name\":\"Estudos cr\u00edticos do discurso multimodal sobre quest\u00f5es de g\u00eanero e suas interseccionalidades: homenagem a Viviane Heberle\"}]},{\"@type\":\"WebSite\",\"@id\":\"https:\\\/\\\/ponteseditores.com.br\\\/loja3\\\/#website\",\"url\":\"https:\\\/\\\/ponteseditores.com.br\\\/loja3\\\/\",\"name\":\"Pontes Editores\",\"description\":\"Pontes Editores\",\"publisher\":{\"@id\":\"https:\\\/\\\/ponteseditores.com.br\\\/loja3\\\/#organization\"},\"potentialAction\":[{\"@type\":\"SearchAction\",\"target\":{\"@type\":\"EntryPoint\",\"urlTemplate\":\"https:\\\/\\\/ponteseditores.com.br\\\/loja3\\\/?s={search_term_string}\"},\"query-input\":{\"@type\":\"PropertyValueSpecification\",\"valueRequired\":true,\"valueName\":\"search_term_string\"}}],\"inLanguage\":\"pt-BR\"},{\"@type\":\"Organization\",\"@id\":\"https:\\\/\\\/ponteseditores.com.br\\\/loja3\\\/#organization\",\"name\":\"Pontes Editores\",\"url\":\"https:\\\/\\\/ponteseditores.com.br\\\/loja3\\\/\",\"logo\":{\"@type\":\"ImageObject\",\"inLanguage\":\"pt-BR\",\"@id\":\"https:\\\/\\\/ponteseditores.com.br\\\/loja3\\\/#\\\/schema\\\/logo\\\/image\\\/\",\"url\":\"https:\\\/\\\/ponteseditores.com.br\\\/loja3\\\/wp-content\\\/uploads\\\/2023\\\/12\\\/logo-pontes-editores-v2.png\",\"contentUrl\":\"https:\\\/\\\/ponteseditores.com.br\\\/loja3\\\/wp-content\\\/uploads\\\/2023\\\/12\\\/logo-pontes-editores-v2.png\",\"width\":258,\"height\":100,\"caption\":\"Pontes Editores\"},\"image\":{\"@id\":\"https:\\\/\\\/ponteseditores.com.br\\\/loja3\\\/#\\\/schema\\\/logo\\\/image\\\/\"}}]}<\/script>\n<!-- \/ Yoast SEO plugin. -->","yoast_head_json":{"title":"Estudos cr\u00edticos do discurso multimodal sobre quest\u00f5es de g\u00eanero e suas interseccionalidades: homenagem a Viviane Heberle - Pontes Editores","robots":{"index":"index","follow":"follow","max-snippet":"max-snippet:-1","max-image-preview":"max-image-preview:large","max-video-preview":"max-video-preview:-1"},"canonical":"https:\/\/ponteseditores.com.br\/loja3\/pontes-editores-home-2__trashed\/linguistica\/estudos-criticos-do-discurso-multimodal-sobre-questoes-de-genero-e-suas-interseccionalidades-homenagem-a-viviane-heberle\/","og_locale":"pt_BR","og_type":"article","og_title":"Estudos cr\u00edticos do discurso multimodal sobre quest\u00f5es de g\u00eanero e suas interseccionalidades: homenagem a Viviane Heberle - Pontes Editores","og_description":"Este livro exemplifica algumas das facetas da contribui\u00e7\u00e3o acad\u00eamica de minha amiga Viviane Heberle: um farol brilhante na \u00e1rea de Lingu\u00edstica Aplicada, desde o final dos anos 70 &#8212; primeiramente como professora na Gradua\u00e7\u00e3o em Letras na PUC do Rio Grande do Sul, mais tarde, no in\u00edcio da d\u00e9cada de 90, cursando o Doutorado em [&hellip;]","og_url":"https:\/\/ponteseditores.com.br\/loja3\/pontes-editores-home-2__trashed\/linguistica\/estudos-criticos-do-discurso-multimodal-sobre-questoes-de-genero-e-suas-interseccionalidades-homenagem-a-viviane-heberle\/","og_site_name":"Pontes Editores","article_modified_time":"2025-09-24T20:06:02+00:00","og_image":[{"width":800,"height":1159,"url":"https:\/\/ponteseditores.com.br\/loja3\/wp-content\/uploads\/2025\/09\/Capa_Estudos-Criticos.webp","type":"image\/webp"}],"twitter_card":"summary_large_image","twitter_misc":{"Est. tempo de leitura":"2 minutos"},"schema":{"@context":"https:\/\/schema.org","@graph":[{"@type":"WebPage","@id":"https:\/\/ponteseditores.com.br\/loja3\/pontes-editores-home-2__trashed\/linguistica\/estudos-criticos-do-discurso-multimodal-sobre-questoes-de-genero-e-suas-interseccionalidades-homenagem-a-viviane-heberle\/","url":"https:\/\/ponteseditores.com.br\/loja3\/pontes-editores-home-2__trashed\/linguistica\/estudos-criticos-do-discurso-multimodal-sobre-questoes-de-genero-e-suas-interseccionalidades-homenagem-a-viviane-heberle\/","name":"Estudos cr\u00edticos do discurso multimodal sobre quest\u00f5es de g\u00eanero e suas interseccionalidades: homenagem a Viviane Heberle - Pontes Editores","isPartOf":{"@id":"https:\/\/ponteseditores.com.br\/loja3\/#website"},"primaryImageOfPage":{"@id":"https:\/\/ponteseditores.com.br\/loja3\/pontes-editores-home-2__trashed\/linguistica\/estudos-criticos-do-discurso-multimodal-sobre-questoes-de-genero-e-suas-interseccionalidades-homenagem-a-viviane-heberle\/#primaryimage"},"image":{"@id":"https:\/\/ponteseditores.com.br\/loja3\/pontes-editores-home-2__trashed\/linguistica\/estudos-criticos-do-discurso-multimodal-sobre-questoes-de-genero-e-suas-interseccionalidades-homenagem-a-viviane-heberle\/#primaryimage"},"thumbnailUrl":"https:\/\/ponteseditores.com.br\/loja3\/wp-content\/uploads\/2025\/09\/Capa_Estudos-Criticos.webp","datePublished":"2025-09-24T20:06:01+00:00","dateModified":"2025-09-24T20:06:02+00:00","breadcrumb":{"@id":"https:\/\/ponteseditores.com.br\/loja3\/pontes-editores-home-2__trashed\/linguistica\/estudos-criticos-do-discurso-multimodal-sobre-questoes-de-genero-e-suas-interseccionalidades-homenagem-a-viviane-heberle\/#breadcrumb"},"inLanguage":"pt-BR","potentialAction":[{"@type":"ReadAction","target":["https:\/\/ponteseditores.com.br\/loja3\/pontes-editores-home-2__trashed\/linguistica\/estudos-criticos-do-discurso-multimodal-sobre-questoes-de-genero-e-suas-interseccionalidades-homenagem-a-viviane-heberle\/"]}]},{"@type":"ImageObject","inLanguage":"pt-BR","@id":"https:\/\/ponteseditores.com.br\/loja3\/pontes-editores-home-2__trashed\/linguistica\/estudos-criticos-do-discurso-multimodal-sobre-questoes-de-genero-e-suas-interseccionalidades-homenagem-a-viviane-heberle\/#primaryimage","url":"https:\/\/ponteseditores.com.br\/loja3\/wp-content\/uploads\/2025\/09\/Capa_Estudos-Criticos.webp","contentUrl":"https:\/\/ponteseditores.com.br\/loja3\/wp-content\/uploads\/2025\/09\/Capa_Estudos-Criticos.webp","width":800,"height":1159},{"@type":"BreadcrumbList","@id":"https:\/\/ponteseditores.com.br\/loja3\/pontes-editores-home-2__trashed\/linguistica\/estudos-criticos-do-discurso-multimodal-sobre-questoes-de-genero-e-suas-interseccionalidades-homenagem-a-viviane-heberle\/#breadcrumb","itemListElement":[{"@type":"ListItem","position":1,"name":"Home","item":"https:\/\/ponteseditores.com.br\/loja3\/"},{"@type":"ListItem","position":2,"name":"loja","item":"https:\/\/ponteseditores.com.br\/loja3\/loja\/"},{"@type":"ListItem","position":3,"name":"Estudos cr\u00edticos do discurso multimodal sobre quest\u00f5es de g\u00eanero e suas interseccionalidades: homenagem a Viviane Heberle"}]},{"@type":"WebSite","@id":"https:\/\/ponteseditores.com.br\/loja3\/#website","url":"https:\/\/ponteseditores.com.br\/loja3\/","name":"Pontes Editores","description":"Pontes Editores","publisher":{"@id":"https:\/\/ponteseditores.com.br\/loja3\/#organization"},"potentialAction":[{"@type":"SearchAction","target":{"@type":"EntryPoint","urlTemplate":"https:\/\/ponteseditores.com.br\/loja3\/?s={search_term_string}"},"query-input":{"@type":"PropertyValueSpecification","valueRequired":true,"valueName":"search_term_string"}}],"inLanguage":"pt-BR"},{"@type":"Organization","@id":"https:\/\/ponteseditores.com.br\/loja3\/#organization","name":"Pontes Editores","url":"https:\/\/ponteseditores.com.br\/loja3\/","logo":{"@type":"ImageObject","inLanguage":"pt-BR","@id":"https:\/\/ponteseditores.com.br\/loja3\/#\/schema\/logo\/image\/","url":"https:\/\/ponteseditores.com.br\/loja3\/wp-content\/uploads\/2023\/12\/logo-pontes-editores-v2.png","contentUrl":"https:\/\/ponteseditores.com.br\/loja3\/wp-content\/uploads\/2023\/12\/logo-pontes-editores-v2.png","width":258,"height":100,"caption":"Pontes Editores"},"image":{"@id":"https:\/\/ponteseditores.com.br\/loja3\/#\/schema\/logo\/image\/"}}]}},"_links":{"self":[{"href":"https:\/\/ponteseditores.com.br\/loja3\/wp-json\/wp\/v2\/product\/31025","targetHints":{"allow":["GET"]}}],"collection":[{"href":"https:\/\/ponteseditores.com.br\/loja3\/wp-json\/wp\/v2\/product"}],"about":[{"href":"https:\/\/ponteseditores.com.br\/loja3\/wp-json\/wp\/v2\/types\/product"}],"replies":[{"embeddable":true,"href":"https:\/\/ponteseditores.com.br\/loja3\/wp-json\/wp\/v2\/comments?post=31025"}],"version-history":[{"count":1,"href":"https:\/\/ponteseditores.com.br\/loja3\/wp-json\/wp\/v2\/product\/31025\/revisions"}],"predecessor-version":[{"id":31027,"href":"https:\/\/ponteseditores.com.br\/loja3\/wp-json\/wp\/v2\/product\/31025\/revisions\/31027"}],"wp:featuredmedia":[{"embeddable":true,"href":"https:\/\/ponteseditores.com.br\/loja3\/wp-json\/wp\/v2\/media\/31026"}],"wp:attachment":[{"href":"https:\/\/ponteseditores.com.br\/loja3\/wp-json\/wp\/v2\/media?parent=31025"}],"wp:term":[{"taxonomy":"product_brand","embeddable":true,"href":"https:\/\/ponteseditores.com.br\/loja3\/wp-json\/wp\/v2\/product_brand?post=31025"},{"taxonomy":"product_cat","embeddable":true,"href":"https:\/\/ponteseditores.com.br\/loja3\/wp-json\/wp\/v2\/product_cat?post=31025"},{"taxonomy":"product_tag","embeddable":true,"href":"https:\/\/ponteseditores.com.br\/loja3\/wp-json\/wp\/v2\/product_tag?post=31025"}],"curies":[{"name":"wp","href":"https:\/\/api.w.org\/{rel}","templated":true}]}}