{"id":31021,"date":"2025-09-24T16:53:38","date_gmt":"2025-09-24T19:53:38","guid":{"rendered":"https:\/\/ponteseditores.com.br\/loja3\/?post_type=product&#038;p=31021"},"modified":"2025-09-24T16:54:39","modified_gmt":"2025-09-24T19:54:39","slug":"construcao-existencial-cognicao-gramatica-e-discurso","status":"publish","type":"product","link":"https:\/\/ponteseditores.com.br\/loja3\/pontes-editores-home-2__trashed\/linguistica\/construcao-existencial-cognicao-gramatica-e-discurso\/","title":{"rendered":"Constru\u00e7\u00e3o existencial: cogni\u00e7\u00e3o, gram\u00e1tica e discurso"},"content":{"rendered":"<p>A obra \u201cConstru\u00e7\u00e3o Existencial: cogni\u00e7\u00e3o, gram\u00e1tica e discurso\u201d apresenta uma an uma contribui\u00e7\u00e3o valiosa para linguistas, professores e estudantes interessados em compreender a interface entre cogni\u00e7\u00e3o, gram\u00e1tica e discA obra \u201cConstru\u00e7\u00e3o Existencial: cogni\u00e7\u00e3o, gram\u00e1tica e discurso\u201d apresenta uma an\u00e1lise aprofundada da constru\u00e7\u00e3o existencial na l\u00edngua portuguesa por meio da articula\u00e7\u00e3o de princ\u00edpios cognitivos e propriedades gramaticais e discursivas. Sob a perspectiva Construcional Cognitiva da Gram\u00e1tica, o autor investiga como essa constru\u00e7\u00e3o emerge da cogni\u00e7\u00e3o, gram\u00e1tica e discurso, pois ela n\u00e3o \u00e9 apenas uma estrutura gramatical, mas um fen\u00f4meno que reflete capacidades cognitivas para atende prop\u00f3sitos discursivos.<\/p>\n<p>O livro \u00e9 estruturado em tr\u00eas cap\u00edtulos: Princ\u00edpios Cognitivos: explora capacidades como perspectiviza\u00e7\u00e3o, mem\u00f3ria enriquecida e frames, que fundamentam a produ\u00e7\u00e3o e compreens\u00e3o da constru\u00e7\u00e3o existencial. Pressupostos Gramaticais: discute conceitos como esquematicidade, produtividade e composicionalidade, mostrando como a constru\u00e7\u00e3o existencial se organiza na gram\u00e1tica do portugu\u00eas. An\u00e1lise da constru\u00e7\u00e3o existencial: analisa o esquema (Exis) (SN) (loc-temp.) e seus subesquemas, como de inser\u00e7\u00e3o de entidade e de ancoragem de tempo, em dados emp\u00edricos variados da l\u00edngua portuguesa. Com uma abordagem inovadora, o livro \u00e9 uma contribui\u00e7\u00e3o valiosa para linguistas, professores e estudantes interessados em compreender a interface entre cogni\u00e7\u00e3o, gram\u00e1tica e discurso.<\/p>\n<p>Al\u00e9m disso, oferece insights as pesquisas e ao ensino de l\u00edngua portuguesa alinhados a uma vis\u00e3o hol\u00edstica da gram\u00e1tica.urso. Al\u00e9m disso, oferece insights as pesquisas e ao ensino de l\u00edngua portuguesa alinhados a uma vis\u00e3o hol\u00edstica da gram\u00e1tica.<\/p>\n","protected":false},"excerpt":{"rendered":"<p>A obra \u201cConstru\u00e7\u00e3o Existencial: cogni\u00e7\u00e3o, gram\u00e1tica e discurso\u201d apresenta uma an uma contribui\u00e7\u00e3o valiosa para linguistas, professores e estudantes interessados em compreender a interface entre cogni\u00e7\u00e3o, gram\u00e1tica e discA obra \u201cConstru\u00e7\u00e3o Existencial: cogni\u00e7\u00e3o, gram\u00e1tica e discurso\u201d apresenta uma an\u00e1lise aprofundada da constru\u00e7\u00e3o existencial na l\u00edngua portuguesa por meio da articula\u00e7\u00e3o de princ\u00edpios cognitivos e propriedades [&hellip;]<\/p>\n","protected":false},"featured_media":31022,"comment_status":"open","ping_status":"closed","template":"","meta":{"_joinchat":[]},"product_brand":[],"product_cat":[301,167,31],"product_tag":[],"class_list":{"0":"post-31021","1":"product","2":"type-product","3":"status-publish","4":"has-post-thumbnail","6":"product_cat-analise-de-discurso","7":"product_cat-lancamento","8":"product_cat-linguistica","10":"first","11":"instock","12":"shipping-taxable","13":"purchasable","14":"product-type-simple"},"yoast_head":"<!-- This site is optimized with the Yoast SEO plugin v27.4 - https:\/\/yoast.com\/product\/yoast-seo-wordpress\/ -->\n<title>Constru\u00e7\u00e3o existencial: cogni\u00e7\u00e3o, gram\u00e1tica e discurso - Pontes Editores<\/title>\n<meta name=\"robots\" content=\"index, follow, max-snippet:-1, max-image-preview:large, max-video-preview:-1\" \/>\n<link rel=\"canonical\" href=\"https:\/\/ponteseditores.com.br\/loja3\/pontes-editores-home-2__trashed\/linguistica\/construcao-existencial-cognicao-gramatica-e-discurso\/\" \/>\n<meta property=\"og:locale\" content=\"pt_BR\" \/>\n<meta property=\"og:type\" content=\"article\" \/>\n<meta property=\"og:title\" content=\"Constru\u00e7\u00e3o existencial: cogni\u00e7\u00e3o, gram\u00e1tica e discurso - Pontes Editores\" \/>\n<meta property=\"og:description\" content=\"A obra \u201cConstru\u00e7\u00e3o Existencial: cogni\u00e7\u00e3o, gram\u00e1tica e discurso\u201d apresenta uma an uma contribui\u00e7\u00e3o valiosa para linguistas, professores e estudantes interessados em compreender a interface entre cogni\u00e7\u00e3o, gram\u00e1tica e discA obra \u201cConstru\u00e7\u00e3o Existencial: cogni\u00e7\u00e3o, gram\u00e1tica e discurso\u201d apresenta uma an\u00e1lise aprofundada da constru\u00e7\u00e3o existencial na l\u00edngua portuguesa por meio da articula\u00e7\u00e3o de princ\u00edpios cognitivos e propriedades [&hellip;]\" \/>\n<meta property=\"og:url\" content=\"https:\/\/ponteseditores.com.br\/loja3\/pontes-editores-home-2__trashed\/linguistica\/construcao-existencial-cognicao-gramatica-e-discurso\/\" \/>\n<meta property=\"og:site_name\" content=\"Pontes Editores\" \/>\n<meta property=\"article:modified_time\" content=\"2025-09-24T19:54:39+00:00\" \/>\n<meta property=\"og:image\" content=\"https:\/\/ponteseditores.com.br\/loja3\/wp-content\/uploads\/2025\/09\/Capa_Construcao-existencial.jpg\" \/>\n\t<meta property=\"og:image:width\" content=\"800\" \/>\n\t<meta property=\"og:image:height\" content=\"1159\" \/>\n\t<meta property=\"og:image:type\" content=\"image\/jpeg\" \/>\n<meta name=\"twitter:card\" content=\"summary_large_image\" \/>\n<meta name=\"twitter:label1\" content=\"Est. tempo de leitura\" \/>\n\t<meta name=\"twitter:data1\" content=\"2 minutos\" \/>\n<script type=\"application\/ld+json\" class=\"yoast-schema-graph\">{\"@context\":\"https:\\\/\\\/schema.org\",\"@graph\":[{\"@type\":\"WebPage\",\"@id\":\"https:\\\/\\\/ponteseditores.com.br\\\/loja3\\\/pontes-editores-home-2__trashed\\\/linguistica\\\/construcao-existencial-cognicao-gramatica-e-discurso\\\/\",\"url\":\"https:\\\/\\\/ponteseditores.com.br\\\/loja3\\\/pontes-editores-home-2__trashed\\\/linguistica\\\/construcao-existencial-cognicao-gramatica-e-discurso\\\/\",\"name\":\"Constru\u00e7\u00e3o existencial: cogni\u00e7\u00e3o, gram\u00e1tica e discurso - Pontes Editores\",\"isPartOf\":{\"@id\":\"https:\\\/\\\/ponteseditores.com.br\\\/loja3\\\/#website\"},\"primaryImageOfPage\":{\"@id\":\"https:\\\/\\\/ponteseditores.com.br\\\/loja3\\\/pontes-editores-home-2__trashed\\\/linguistica\\\/construcao-existencial-cognicao-gramatica-e-discurso\\\/#primaryimage\"},\"image\":{\"@id\":\"https:\\\/\\\/ponteseditores.com.br\\\/loja3\\\/pontes-editores-home-2__trashed\\\/linguistica\\\/construcao-existencial-cognicao-gramatica-e-discurso\\\/#primaryimage\"},\"thumbnailUrl\":\"https:\\\/\\\/ponteseditores.com.br\\\/loja3\\\/wp-content\\\/uploads\\\/2025\\\/09\\\/Capa_Construcao-existencial.jpg\",\"datePublished\":\"2025-09-24T19:53:38+00:00\",\"dateModified\":\"2025-09-24T19:54:39+00:00\",\"breadcrumb\":{\"@id\":\"https:\\\/\\\/ponteseditores.com.br\\\/loja3\\\/pontes-editores-home-2__trashed\\\/linguistica\\\/construcao-existencial-cognicao-gramatica-e-discurso\\\/#breadcrumb\"},\"inLanguage\":\"pt-BR\",\"potentialAction\":[{\"@type\":\"ReadAction\",\"target\":[\"https:\\\/\\\/ponteseditores.com.br\\\/loja3\\\/pontes-editores-home-2__trashed\\\/linguistica\\\/construcao-existencial-cognicao-gramatica-e-discurso\\\/\"]}]},{\"@type\":\"ImageObject\",\"inLanguage\":\"pt-BR\",\"@id\":\"https:\\\/\\\/ponteseditores.com.br\\\/loja3\\\/pontes-editores-home-2__trashed\\\/linguistica\\\/construcao-existencial-cognicao-gramatica-e-discurso\\\/#primaryimage\",\"url\":\"https:\\\/\\\/ponteseditores.com.br\\\/loja3\\\/wp-content\\\/uploads\\\/2025\\\/09\\\/Capa_Construcao-existencial.jpg\",\"contentUrl\":\"https:\\\/\\\/ponteseditores.com.br\\\/loja3\\\/wp-content\\\/uploads\\\/2025\\\/09\\\/Capa_Construcao-existencial.jpg\",\"width\":800,\"height\":1159},{\"@type\":\"BreadcrumbList\",\"@id\":\"https:\\\/\\\/ponteseditores.com.br\\\/loja3\\\/pontes-editores-home-2__trashed\\\/linguistica\\\/construcao-existencial-cognicao-gramatica-e-discurso\\\/#breadcrumb\",\"itemListElement\":[{\"@type\":\"ListItem\",\"position\":1,\"name\":\"Home\",\"item\":\"https:\\\/\\\/ponteseditores.com.br\\\/loja3\\\/\"},{\"@type\":\"ListItem\",\"position\":2,\"name\":\"loja\",\"item\":\"https:\\\/\\\/ponteseditores.com.br\\\/loja3\\\/loja\\\/\"},{\"@type\":\"ListItem\",\"position\":3,\"name\":\"Constru\u00e7\u00e3o existencial: cogni\u00e7\u00e3o, gram\u00e1tica e discurso\"}]},{\"@type\":\"WebSite\",\"@id\":\"https:\\\/\\\/ponteseditores.com.br\\\/loja3\\\/#website\",\"url\":\"https:\\\/\\\/ponteseditores.com.br\\\/loja3\\\/\",\"name\":\"Pontes Editores\",\"description\":\"Pontes Editores\",\"publisher\":{\"@id\":\"https:\\\/\\\/ponteseditores.com.br\\\/loja3\\\/#organization\"},\"potentialAction\":[{\"@type\":\"SearchAction\",\"target\":{\"@type\":\"EntryPoint\",\"urlTemplate\":\"https:\\\/\\\/ponteseditores.com.br\\\/loja3\\\/?s={search_term_string}\"},\"query-input\":{\"@type\":\"PropertyValueSpecification\",\"valueRequired\":true,\"valueName\":\"search_term_string\"}}],\"inLanguage\":\"pt-BR\"},{\"@type\":\"Organization\",\"@id\":\"https:\\\/\\\/ponteseditores.com.br\\\/loja3\\\/#organization\",\"name\":\"Pontes Editores\",\"url\":\"https:\\\/\\\/ponteseditores.com.br\\\/loja3\\\/\",\"logo\":{\"@type\":\"ImageObject\",\"inLanguage\":\"pt-BR\",\"@id\":\"https:\\\/\\\/ponteseditores.com.br\\\/loja3\\\/#\\\/schema\\\/logo\\\/image\\\/\",\"url\":\"https:\\\/\\\/ponteseditores.com.br\\\/loja3\\\/wp-content\\\/uploads\\\/2023\\\/12\\\/logo-pontes-editores-v2.png\",\"contentUrl\":\"https:\\\/\\\/ponteseditores.com.br\\\/loja3\\\/wp-content\\\/uploads\\\/2023\\\/12\\\/logo-pontes-editores-v2.png\",\"width\":258,\"height\":100,\"caption\":\"Pontes Editores\"},\"image\":{\"@id\":\"https:\\\/\\\/ponteseditores.com.br\\\/loja3\\\/#\\\/schema\\\/logo\\\/image\\\/\"}}]}<\/script>\n<!-- \/ Yoast SEO plugin. -->","yoast_head_json":{"title":"Constru\u00e7\u00e3o existencial: cogni\u00e7\u00e3o, gram\u00e1tica e discurso - Pontes Editores","robots":{"index":"index","follow":"follow","max-snippet":"max-snippet:-1","max-image-preview":"max-image-preview:large","max-video-preview":"max-video-preview:-1"},"canonical":"https:\/\/ponteseditores.com.br\/loja3\/pontes-editores-home-2__trashed\/linguistica\/construcao-existencial-cognicao-gramatica-e-discurso\/","og_locale":"pt_BR","og_type":"article","og_title":"Constru\u00e7\u00e3o existencial: cogni\u00e7\u00e3o, gram\u00e1tica e discurso - Pontes Editores","og_description":"A obra \u201cConstru\u00e7\u00e3o Existencial: cogni\u00e7\u00e3o, gram\u00e1tica e discurso\u201d apresenta uma an uma contribui\u00e7\u00e3o valiosa para linguistas, professores e estudantes interessados em compreender a interface entre cogni\u00e7\u00e3o, gram\u00e1tica e discA obra \u201cConstru\u00e7\u00e3o Existencial: cogni\u00e7\u00e3o, gram\u00e1tica e discurso\u201d apresenta uma an\u00e1lise aprofundada da constru\u00e7\u00e3o existencial na l\u00edngua portuguesa por meio da articula\u00e7\u00e3o de princ\u00edpios cognitivos e propriedades [&hellip;]","og_url":"https:\/\/ponteseditores.com.br\/loja3\/pontes-editores-home-2__trashed\/linguistica\/construcao-existencial-cognicao-gramatica-e-discurso\/","og_site_name":"Pontes Editores","article_modified_time":"2025-09-24T19:54:39+00:00","og_image":[{"width":800,"height":1159,"url":"https:\/\/ponteseditores.com.br\/loja3\/wp-content\/uploads\/2025\/09\/Capa_Construcao-existencial.jpg","type":"image\/jpeg"}],"twitter_card":"summary_large_image","twitter_misc":{"Est. tempo de leitura":"2 minutos"},"schema":{"@context":"https:\/\/schema.org","@graph":[{"@type":"WebPage","@id":"https:\/\/ponteseditores.com.br\/loja3\/pontes-editores-home-2__trashed\/linguistica\/construcao-existencial-cognicao-gramatica-e-discurso\/","url":"https:\/\/ponteseditores.com.br\/loja3\/pontes-editores-home-2__trashed\/linguistica\/construcao-existencial-cognicao-gramatica-e-discurso\/","name":"Constru\u00e7\u00e3o existencial: cogni\u00e7\u00e3o, gram\u00e1tica e discurso - Pontes Editores","isPartOf":{"@id":"https:\/\/ponteseditores.com.br\/loja3\/#website"},"primaryImageOfPage":{"@id":"https:\/\/ponteseditores.com.br\/loja3\/pontes-editores-home-2__trashed\/linguistica\/construcao-existencial-cognicao-gramatica-e-discurso\/#primaryimage"},"image":{"@id":"https:\/\/ponteseditores.com.br\/loja3\/pontes-editores-home-2__trashed\/linguistica\/construcao-existencial-cognicao-gramatica-e-discurso\/#primaryimage"},"thumbnailUrl":"https:\/\/ponteseditores.com.br\/loja3\/wp-content\/uploads\/2025\/09\/Capa_Construcao-existencial.jpg","datePublished":"2025-09-24T19:53:38+00:00","dateModified":"2025-09-24T19:54:39+00:00","breadcrumb":{"@id":"https:\/\/ponteseditores.com.br\/loja3\/pontes-editores-home-2__trashed\/linguistica\/construcao-existencial-cognicao-gramatica-e-discurso\/#breadcrumb"},"inLanguage":"pt-BR","potentialAction":[{"@type":"ReadAction","target":["https:\/\/ponteseditores.com.br\/loja3\/pontes-editores-home-2__trashed\/linguistica\/construcao-existencial-cognicao-gramatica-e-discurso\/"]}]},{"@type":"ImageObject","inLanguage":"pt-BR","@id":"https:\/\/ponteseditores.com.br\/loja3\/pontes-editores-home-2__trashed\/linguistica\/construcao-existencial-cognicao-gramatica-e-discurso\/#primaryimage","url":"https:\/\/ponteseditores.com.br\/loja3\/wp-content\/uploads\/2025\/09\/Capa_Construcao-existencial.jpg","contentUrl":"https:\/\/ponteseditores.com.br\/loja3\/wp-content\/uploads\/2025\/09\/Capa_Construcao-existencial.jpg","width":800,"height":1159},{"@type":"BreadcrumbList","@id":"https:\/\/ponteseditores.com.br\/loja3\/pontes-editores-home-2__trashed\/linguistica\/construcao-existencial-cognicao-gramatica-e-discurso\/#breadcrumb","itemListElement":[{"@type":"ListItem","position":1,"name":"Home","item":"https:\/\/ponteseditores.com.br\/loja3\/"},{"@type":"ListItem","position":2,"name":"loja","item":"https:\/\/ponteseditores.com.br\/loja3\/loja\/"},{"@type":"ListItem","position":3,"name":"Constru\u00e7\u00e3o existencial: cogni\u00e7\u00e3o, gram\u00e1tica e discurso"}]},{"@type":"WebSite","@id":"https:\/\/ponteseditores.com.br\/loja3\/#website","url":"https:\/\/ponteseditores.com.br\/loja3\/","name":"Pontes Editores","description":"Pontes Editores","publisher":{"@id":"https:\/\/ponteseditores.com.br\/loja3\/#organization"},"potentialAction":[{"@type":"SearchAction","target":{"@type":"EntryPoint","urlTemplate":"https:\/\/ponteseditores.com.br\/loja3\/?s={search_term_string}"},"query-input":{"@type":"PropertyValueSpecification","valueRequired":true,"valueName":"search_term_string"}}],"inLanguage":"pt-BR"},{"@type":"Organization","@id":"https:\/\/ponteseditores.com.br\/loja3\/#organization","name":"Pontes Editores","url":"https:\/\/ponteseditores.com.br\/loja3\/","logo":{"@type":"ImageObject","inLanguage":"pt-BR","@id":"https:\/\/ponteseditores.com.br\/loja3\/#\/schema\/logo\/image\/","url":"https:\/\/ponteseditores.com.br\/loja3\/wp-content\/uploads\/2023\/12\/logo-pontes-editores-v2.png","contentUrl":"https:\/\/ponteseditores.com.br\/loja3\/wp-content\/uploads\/2023\/12\/logo-pontes-editores-v2.png","width":258,"height":100,"caption":"Pontes Editores"},"image":{"@id":"https:\/\/ponteseditores.com.br\/loja3\/#\/schema\/logo\/image\/"}}]}},"_links":{"self":[{"href":"https:\/\/ponteseditores.com.br\/loja3\/wp-json\/wp\/v2\/product\/31021","targetHints":{"allow":["GET"]}}],"collection":[{"href":"https:\/\/ponteseditores.com.br\/loja3\/wp-json\/wp\/v2\/product"}],"about":[{"href":"https:\/\/ponteseditores.com.br\/loja3\/wp-json\/wp\/v2\/types\/product"}],"replies":[{"embeddable":true,"href":"https:\/\/ponteseditores.com.br\/loja3\/wp-json\/wp\/v2\/comments?post=31021"}],"version-history":[{"count":2,"href":"https:\/\/ponteseditores.com.br\/loja3\/wp-json\/wp\/v2\/product\/31021\/revisions"}],"predecessor-version":[{"id":31024,"href":"https:\/\/ponteseditores.com.br\/loja3\/wp-json\/wp\/v2\/product\/31021\/revisions\/31024"}],"wp:featuredmedia":[{"embeddable":true,"href":"https:\/\/ponteseditores.com.br\/loja3\/wp-json\/wp\/v2\/media\/31022"}],"wp:attachment":[{"href":"https:\/\/ponteseditores.com.br\/loja3\/wp-json\/wp\/v2\/media?parent=31021"}],"wp:term":[{"taxonomy":"product_brand","embeddable":true,"href":"https:\/\/ponteseditores.com.br\/loja3\/wp-json\/wp\/v2\/product_brand?post=31021"},{"taxonomy":"product_cat","embeddable":true,"href":"https:\/\/ponteseditores.com.br\/loja3\/wp-json\/wp\/v2\/product_cat?post=31021"},{"taxonomy":"product_tag","embeddable":true,"href":"https:\/\/ponteseditores.com.br\/loja3\/wp-json\/wp\/v2\/product_tag?post=31021"}],"curies":[{"name":"wp","href":"https:\/\/api.w.org\/{rel}","templated":true}]}}