{"id":30779,"date":"2025-09-22T12:21:22","date_gmt":"2025-09-22T15:21:22","guid":{"rendered":"https:\/\/ponteseditores.com.br\/loja3\/?post_type=product&#038;p=30779"},"modified":"2025-09-22T12:21:23","modified_gmt":"2025-09-22T15:21:23","slug":"o-texto-e-sua-relacionalidade-dedicado-a-monica-magalhaes-cavalcante","status":"publish","type":"product","link":"https:\/\/ponteseditores.com.br\/loja3\/pontes-editores-home-2__trashed\/linguistica\/o-texto-e-sua-relacionalidade-dedicado-a-monica-magalhaes-cavalcante\/","title":{"rendered":"O texto e sua relacionalidade: dedicado a M\u00f4nica Magalh\u00e3es Cavalcante"},"content":{"rendered":"<p>Este livro nos ensina \u2014 n\u00e3o importa o \u00e2ngulo pelo qual o lemos. Ele \u00e9, inicialmente, uma reuni\u00e3o de reflex\u00f5es em torno do texto, em suas diferentes dimens\u00f5es. Trata-se, desse prisma, de uma colet\u00e2nea de alto n\u00edvel, constru\u00edda com dedica\u00e7\u00e3o e excel\u00eancia.<\/p>\n<p>O leitor ver\u00e1 que cada cap\u00edtulo contribui para um conjunto cuja complexidade aparece j\u00e1 no sum\u00e1rio e se desdobra, com beleza e rigor, em cada um dos trabalhos aqui reunidos. E como poderia ser diferente? Os autores e autoras de <em>O texto e sua relacionalidade <\/em>s\u00e3o pesquisadoras e pesquisadores experientes da Lingu\u00edstica Textual, e o fato de estarem juntos neste projeto j\u00e1 \u00e9, por si s\u00f3, motivo de celebra\u00e7\u00e3o.<\/p>\n<p>Mas este livro \u00e9 mais do que um comp\u00eandio acad\u00eamico. Ele \u00e9 tamb\u00e9m uma janela generosa para a lingu\u00edstica brasileira contempor\u00e2nea. Os estudos aqui apresentados expandem, com sensibilidade e profundidade, os horizontes da Lingu\u00edstica do Texto \u2014 uma atitude urgente, indispens\u00e1vel \u00e0 renova\u00e7\u00e3o dos estudos lingu\u00edsticos diante das transforma\u00e7\u00f5es do nosso tempo.<\/p>\n<p>H\u00e1 ainda algo que torna esta obra especialmente tocante: ela \u00e9 atravessada por uma corrente de afeto, de respeito e de mem\u00f3ria. <em>O texto e sua relacionalidade <\/em>presta uma homenagem delicada e emocionante \u00e0 linguista M\u00f4nica Magalh\u00e3es Cavalcante, que recentemente nos deixou. A cada p\u00e1gina, \u00e9 poss\u00edvel sentir o carinho, a admira\u00e7\u00e3o e a for\u00e7a dos ensinamentos que essa colega t\u00e3o querida deixou em todos n\u00f3s. Por tudo isso, este livro fala tanto \u00e0 raz\u00e3o quanto ao cora\u00e7\u00e3o. Que ele encontre em voc\u00ea, leitor ou leitora, a mesma resson\u00e2ncia que provocou em mim. Boa leitura \u2014 e boa companhia!<\/p>\n<p>Valdir do Nascimento Flores<\/p>\n<p>PPG-Letras (UFRGS)\/ CNPq<\/p>\n","protected":false},"excerpt":{"rendered":"<p>Este livro nos ensina \u2014 n\u00e3o importa o \u00e2ngulo pelo qual o lemos. Ele \u00e9, inicialmente, uma reuni\u00e3o de reflex\u00f5es em torno do texto, em suas diferentes dimens\u00f5es. Trata-se, desse prisma, de uma colet\u00e2nea de alto n\u00edvel, constru\u00edda com dedica\u00e7\u00e3o e excel\u00eancia. O leitor ver\u00e1 que cada cap\u00edtulo contribui para um conjunto cuja complexidade aparece [&hellip;]<\/p>\n","protected":false},"featured_media":30781,"comment_status":"open","ping_status":"closed","template":"","meta":{"_joinchat":[]},"product_brand":[],"product_cat":[167,31],"product_tag":[],"class_list":{"0":"post-30779","1":"product","2":"type-product","3":"status-publish","4":"has-post-thumbnail","6":"product_cat-lancamento","7":"product_cat-linguistica","9":"first","10":"instock","11":"shipping-taxable","12":"purchasable","13":"product-type-simple"},"yoast_head":"<!-- This site is optimized with the Yoast SEO plugin v27.3 - https:\/\/yoast.com\/product\/yoast-seo-wordpress\/ -->\n<title>O texto e sua relacionalidade: dedicado a M\u00f4nica Magalh\u00e3es Cavalcante - Pontes Editores<\/title>\n<meta name=\"robots\" content=\"index, follow, max-snippet:-1, max-image-preview:large, max-video-preview:-1\" \/>\n<link rel=\"canonical\" href=\"https:\/\/ponteseditores.com.br\/loja3\/pontes-editores-home-2__trashed\/linguistica\/o-texto-e-sua-relacionalidade-dedicado-a-monica-magalhaes-cavalcante\/\" \/>\n<meta property=\"og:locale\" content=\"pt_BR\" \/>\n<meta property=\"og:type\" content=\"article\" \/>\n<meta property=\"og:title\" content=\"O texto e sua relacionalidade: dedicado a M\u00f4nica Magalh\u00e3es Cavalcante - Pontes Editores\" \/>\n<meta property=\"og:description\" content=\"Este livro nos ensina \u2014 n\u00e3o importa o \u00e2ngulo pelo qual o lemos. Ele \u00e9, inicialmente, uma reuni\u00e3o de reflex\u00f5es em torno do texto, em suas diferentes dimens\u00f5es. Trata-se, desse prisma, de uma colet\u00e2nea de alto n\u00edvel, constru\u00edda com dedica\u00e7\u00e3o e excel\u00eancia. O leitor ver\u00e1 que cada cap\u00edtulo contribui para um conjunto cuja complexidade aparece [&hellip;]\" \/>\n<meta property=\"og:url\" content=\"https:\/\/ponteseditores.com.br\/loja3\/pontes-editores-home-2__trashed\/linguistica\/o-texto-e-sua-relacionalidade-dedicado-a-monica-magalhaes-cavalcante\/\" \/>\n<meta property=\"og:site_name\" content=\"Pontes Editores\" \/>\n<meta property=\"article:modified_time\" content=\"2025-09-22T15:21:23+00:00\" \/>\n<meta property=\"og:image\" content=\"https:\/\/ponteseditores.com.br\/loja3\/wp-content\/uploads\/2025\/09\/Capa_Texto-e-sua-relacionalidade.webp\" \/>\n\t<meta property=\"og:image:width\" content=\"800\" \/>\n\t<meta property=\"og:image:height\" content=\"1159\" \/>\n\t<meta property=\"og:image:type\" content=\"image\/webp\" \/>\n<meta name=\"twitter:card\" content=\"summary_large_image\" \/>\n<meta name=\"twitter:label1\" content=\"Est. tempo de leitura\" \/>\n\t<meta name=\"twitter:data1\" content=\"2 minutos\" \/>\n<script type=\"application\/ld+json\" class=\"yoast-schema-graph\">{\"@context\":\"https:\\\/\\\/schema.org\",\"@graph\":[{\"@type\":\"WebPage\",\"@id\":\"https:\\\/\\\/ponteseditores.com.br\\\/loja3\\\/pontes-editores-home-2__trashed\\\/linguistica\\\/o-texto-e-sua-relacionalidade-dedicado-a-monica-magalhaes-cavalcante\\\/\",\"url\":\"https:\\\/\\\/ponteseditores.com.br\\\/loja3\\\/pontes-editores-home-2__trashed\\\/linguistica\\\/o-texto-e-sua-relacionalidade-dedicado-a-monica-magalhaes-cavalcante\\\/\",\"name\":\"O texto e sua relacionalidade: dedicado a M\u00f4nica Magalh\u00e3es Cavalcante - Pontes Editores\",\"isPartOf\":{\"@id\":\"https:\\\/\\\/ponteseditores.com.br\\\/loja3\\\/#website\"},\"primaryImageOfPage\":{\"@id\":\"https:\\\/\\\/ponteseditores.com.br\\\/loja3\\\/pontes-editores-home-2__trashed\\\/linguistica\\\/o-texto-e-sua-relacionalidade-dedicado-a-monica-magalhaes-cavalcante\\\/#primaryimage\"},\"image\":{\"@id\":\"https:\\\/\\\/ponteseditores.com.br\\\/loja3\\\/pontes-editores-home-2__trashed\\\/linguistica\\\/o-texto-e-sua-relacionalidade-dedicado-a-monica-magalhaes-cavalcante\\\/#primaryimage\"},\"thumbnailUrl\":\"https:\\\/\\\/ponteseditores.com.br\\\/loja3\\\/wp-content\\\/uploads\\\/2025\\\/09\\\/Capa_Texto-e-sua-relacionalidade.webp\",\"datePublished\":\"2025-09-22T15:21:22+00:00\",\"dateModified\":\"2025-09-22T15:21:23+00:00\",\"breadcrumb\":{\"@id\":\"https:\\\/\\\/ponteseditores.com.br\\\/loja3\\\/pontes-editores-home-2__trashed\\\/linguistica\\\/o-texto-e-sua-relacionalidade-dedicado-a-monica-magalhaes-cavalcante\\\/#breadcrumb\"},\"inLanguage\":\"pt-BR\",\"potentialAction\":[{\"@type\":\"ReadAction\",\"target\":[\"https:\\\/\\\/ponteseditores.com.br\\\/loja3\\\/pontes-editores-home-2__trashed\\\/linguistica\\\/o-texto-e-sua-relacionalidade-dedicado-a-monica-magalhaes-cavalcante\\\/\"]}]},{\"@type\":\"ImageObject\",\"inLanguage\":\"pt-BR\",\"@id\":\"https:\\\/\\\/ponteseditores.com.br\\\/loja3\\\/pontes-editores-home-2__trashed\\\/linguistica\\\/o-texto-e-sua-relacionalidade-dedicado-a-monica-magalhaes-cavalcante\\\/#primaryimage\",\"url\":\"https:\\\/\\\/ponteseditores.com.br\\\/loja3\\\/wp-content\\\/uploads\\\/2025\\\/09\\\/Capa_Texto-e-sua-relacionalidade.webp\",\"contentUrl\":\"https:\\\/\\\/ponteseditores.com.br\\\/loja3\\\/wp-content\\\/uploads\\\/2025\\\/09\\\/Capa_Texto-e-sua-relacionalidade.webp\",\"width\":800,\"height\":1159},{\"@type\":\"BreadcrumbList\",\"@id\":\"https:\\\/\\\/ponteseditores.com.br\\\/loja3\\\/pontes-editores-home-2__trashed\\\/linguistica\\\/o-texto-e-sua-relacionalidade-dedicado-a-monica-magalhaes-cavalcante\\\/#breadcrumb\",\"itemListElement\":[{\"@type\":\"ListItem\",\"position\":1,\"name\":\"Home\",\"item\":\"https:\\\/\\\/ponteseditores.com.br\\\/loja3\\\/\"},{\"@type\":\"ListItem\",\"position\":2,\"name\":\"loja\",\"item\":\"https:\\\/\\\/ponteseditores.com.br\\\/loja3\\\/loja\\\/\"},{\"@type\":\"ListItem\",\"position\":3,\"name\":\"O texto e sua relacionalidade: dedicado a M\u00f4nica Magalh\u00e3es Cavalcante\"}]},{\"@type\":\"WebSite\",\"@id\":\"https:\\\/\\\/ponteseditores.com.br\\\/loja3\\\/#website\",\"url\":\"https:\\\/\\\/ponteseditores.com.br\\\/loja3\\\/\",\"name\":\"Pontes Editores\",\"description\":\"Pontes Editores\",\"publisher\":{\"@id\":\"https:\\\/\\\/ponteseditores.com.br\\\/loja3\\\/#organization\"},\"potentialAction\":[{\"@type\":\"SearchAction\",\"target\":{\"@type\":\"EntryPoint\",\"urlTemplate\":\"https:\\\/\\\/ponteseditores.com.br\\\/loja3\\\/?s={search_term_string}\"},\"query-input\":{\"@type\":\"PropertyValueSpecification\",\"valueRequired\":true,\"valueName\":\"search_term_string\"}}],\"inLanguage\":\"pt-BR\"},{\"@type\":\"Organization\",\"@id\":\"https:\\\/\\\/ponteseditores.com.br\\\/loja3\\\/#organization\",\"name\":\"Pontes Editores\",\"url\":\"https:\\\/\\\/ponteseditores.com.br\\\/loja3\\\/\",\"logo\":{\"@type\":\"ImageObject\",\"inLanguage\":\"pt-BR\",\"@id\":\"https:\\\/\\\/ponteseditores.com.br\\\/loja3\\\/#\\\/schema\\\/logo\\\/image\\\/\",\"url\":\"https:\\\/\\\/ponteseditores.com.br\\\/loja3\\\/wp-content\\\/uploads\\\/2023\\\/12\\\/logo-pontes-editores-v2.png\",\"contentUrl\":\"https:\\\/\\\/ponteseditores.com.br\\\/loja3\\\/wp-content\\\/uploads\\\/2023\\\/12\\\/logo-pontes-editores-v2.png\",\"width\":258,\"height\":100,\"caption\":\"Pontes Editores\"},\"image\":{\"@id\":\"https:\\\/\\\/ponteseditores.com.br\\\/loja3\\\/#\\\/schema\\\/logo\\\/image\\\/\"}}]}<\/script>\n<!-- \/ Yoast SEO plugin. -->","yoast_head_json":{"title":"O texto e sua relacionalidade: dedicado a M\u00f4nica Magalh\u00e3es Cavalcante - Pontes Editores","robots":{"index":"index","follow":"follow","max-snippet":"max-snippet:-1","max-image-preview":"max-image-preview:large","max-video-preview":"max-video-preview:-1"},"canonical":"https:\/\/ponteseditores.com.br\/loja3\/pontes-editores-home-2__trashed\/linguistica\/o-texto-e-sua-relacionalidade-dedicado-a-monica-magalhaes-cavalcante\/","og_locale":"pt_BR","og_type":"article","og_title":"O texto e sua relacionalidade: dedicado a M\u00f4nica Magalh\u00e3es Cavalcante - Pontes Editores","og_description":"Este livro nos ensina \u2014 n\u00e3o importa o \u00e2ngulo pelo qual o lemos. Ele \u00e9, inicialmente, uma reuni\u00e3o de reflex\u00f5es em torno do texto, em suas diferentes dimens\u00f5es. Trata-se, desse prisma, de uma colet\u00e2nea de alto n\u00edvel, constru\u00edda com dedica\u00e7\u00e3o e excel\u00eancia. O leitor ver\u00e1 que cada cap\u00edtulo contribui para um conjunto cuja complexidade aparece [&hellip;]","og_url":"https:\/\/ponteseditores.com.br\/loja3\/pontes-editores-home-2__trashed\/linguistica\/o-texto-e-sua-relacionalidade-dedicado-a-monica-magalhaes-cavalcante\/","og_site_name":"Pontes Editores","article_modified_time":"2025-09-22T15:21:23+00:00","og_image":[{"width":800,"height":1159,"url":"https:\/\/ponteseditores.com.br\/loja3\/wp-content\/uploads\/2025\/09\/Capa_Texto-e-sua-relacionalidade.webp","type":"image\/webp"}],"twitter_card":"summary_large_image","twitter_misc":{"Est. tempo de leitura":"2 minutos"},"schema":{"@context":"https:\/\/schema.org","@graph":[{"@type":"WebPage","@id":"https:\/\/ponteseditores.com.br\/loja3\/pontes-editores-home-2__trashed\/linguistica\/o-texto-e-sua-relacionalidade-dedicado-a-monica-magalhaes-cavalcante\/","url":"https:\/\/ponteseditores.com.br\/loja3\/pontes-editores-home-2__trashed\/linguistica\/o-texto-e-sua-relacionalidade-dedicado-a-monica-magalhaes-cavalcante\/","name":"O texto e sua relacionalidade: dedicado a M\u00f4nica Magalh\u00e3es Cavalcante - Pontes Editores","isPartOf":{"@id":"https:\/\/ponteseditores.com.br\/loja3\/#website"},"primaryImageOfPage":{"@id":"https:\/\/ponteseditores.com.br\/loja3\/pontes-editores-home-2__trashed\/linguistica\/o-texto-e-sua-relacionalidade-dedicado-a-monica-magalhaes-cavalcante\/#primaryimage"},"image":{"@id":"https:\/\/ponteseditores.com.br\/loja3\/pontes-editores-home-2__trashed\/linguistica\/o-texto-e-sua-relacionalidade-dedicado-a-monica-magalhaes-cavalcante\/#primaryimage"},"thumbnailUrl":"https:\/\/ponteseditores.com.br\/loja3\/wp-content\/uploads\/2025\/09\/Capa_Texto-e-sua-relacionalidade.webp","datePublished":"2025-09-22T15:21:22+00:00","dateModified":"2025-09-22T15:21:23+00:00","breadcrumb":{"@id":"https:\/\/ponteseditores.com.br\/loja3\/pontes-editores-home-2__trashed\/linguistica\/o-texto-e-sua-relacionalidade-dedicado-a-monica-magalhaes-cavalcante\/#breadcrumb"},"inLanguage":"pt-BR","potentialAction":[{"@type":"ReadAction","target":["https:\/\/ponteseditores.com.br\/loja3\/pontes-editores-home-2__trashed\/linguistica\/o-texto-e-sua-relacionalidade-dedicado-a-monica-magalhaes-cavalcante\/"]}]},{"@type":"ImageObject","inLanguage":"pt-BR","@id":"https:\/\/ponteseditores.com.br\/loja3\/pontes-editores-home-2__trashed\/linguistica\/o-texto-e-sua-relacionalidade-dedicado-a-monica-magalhaes-cavalcante\/#primaryimage","url":"https:\/\/ponteseditores.com.br\/loja3\/wp-content\/uploads\/2025\/09\/Capa_Texto-e-sua-relacionalidade.webp","contentUrl":"https:\/\/ponteseditores.com.br\/loja3\/wp-content\/uploads\/2025\/09\/Capa_Texto-e-sua-relacionalidade.webp","width":800,"height":1159},{"@type":"BreadcrumbList","@id":"https:\/\/ponteseditores.com.br\/loja3\/pontes-editores-home-2__trashed\/linguistica\/o-texto-e-sua-relacionalidade-dedicado-a-monica-magalhaes-cavalcante\/#breadcrumb","itemListElement":[{"@type":"ListItem","position":1,"name":"Home","item":"https:\/\/ponteseditores.com.br\/loja3\/"},{"@type":"ListItem","position":2,"name":"loja","item":"https:\/\/ponteseditores.com.br\/loja3\/loja\/"},{"@type":"ListItem","position":3,"name":"O texto e sua relacionalidade: dedicado a M\u00f4nica Magalh\u00e3es Cavalcante"}]},{"@type":"WebSite","@id":"https:\/\/ponteseditores.com.br\/loja3\/#website","url":"https:\/\/ponteseditores.com.br\/loja3\/","name":"Pontes Editores","description":"Pontes Editores","publisher":{"@id":"https:\/\/ponteseditores.com.br\/loja3\/#organization"},"potentialAction":[{"@type":"SearchAction","target":{"@type":"EntryPoint","urlTemplate":"https:\/\/ponteseditores.com.br\/loja3\/?s={search_term_string}"},"query-input":{"@type":"PropertyValueSpecification","valueRequired":true,"valueName":"search_term_string"}}],"inLanguage":"pt-BR"},{"@type":"Organization","@id":"https:\/\/ponteseditores.com.br\/loja3\/#organization","name":"Pontes Editores","url":"https:\/\/ponteseditores.com.br\/loja3\/","logo":{"@type":"ImageObject","inLanguage":"pt-BR","@id":"https:\/\/ponteseditores.com.br\/loja3\/#\/schema\/logo\/image\/","url":"https:\/\/ponteseditores.com.br\/loja3\/wp-content\/uploads\/2023\/12\/logo-pontes-editores-v2.png","contentUrl":"https:\/\/ponteseditores.com.br\/loja3\/wp-content\/uploads\/2023\/12\/logo-pontes-editores-v2.png","width":258,"height":100,"caption":"Pontes Editores"},"image":{"@id":"https:\/\/ponteseditores.com.br\/loja3\/#\/schema\/logo\/image\/"}}]}},"_links":{"self":[{"href":"https:\/\/ponteseditores.com.br\/loja3\/wp-json\/wp\/v2\/product\/30779","targetHints":{"allow":["GET"]}}],"collection":[{"href":"https:\/\/ponteseditores.com.br\/loja3\/wp-json\/wp\/v2\/product"}],"about":[{"href":"https:\/\/ponteseditores.com.br\/loja3\/wp-json\/wp\/v2\/types\/product"}],"replies":[{"embeddable":true,"href":"https:\/\/ponteseditores.com.br\/loja3\/wp-json\/wp\/v2\/comments?post=30779"}],"version-history":[{"count":1,"href":"https:\/\/ponteseditores.com.br\/loja3\/wp-json\/wp\/v2\/product\/30779\/revisions"}],"predecessor-version":[{"id":30782,"href":"https:\/\/ponteseditores.com.br\/loja3\/wp-json\/wp\/v2\/product\/30779\/revisions\/30782"}],"wp:featuredmedia":[{"embeddable":true,"href":"https:\/\/ponteseditores.com.br\/loja3\/wp-json\/wp\/v2\/media\/30781"}],"wp:attachment":[{"href":"https:\/\/ponteseditores.com.br\/loja3\/wp-json\/wp\/v2\/media?parent=30779"}],"wp:term":[{"taxonomy":"product_brand","embeddable":true,"href":"https:\/\/ponteseditores.com.br\/loja3\/wp-json\/wp\/v2\/product_brand?post=30779"},{"taxonomy":"product_cat","embeddable":true,"href":"https:\/\/ponteseditores.com.br\/loja3\/wp-json\/wp\/v2\/product_cat?post=30779"},{"taxonomy":"product_tag","embeddable":true,"href":"https:\/\/ponteseditores.com.br\/loja3\/wp-json\/wp\/v2\/product_tag?post=30779"}],"curies":[{"name":"wp","href":"https:\/\/api.w.org\/{rel}","templated":true}]}}