{"id":30226,"date":"2025-09-10T12:46:17","date_gmt":"2025-09-10T15:46:17","guid":{"rendered":"https:\/\/ponteseditores.com.br\/loja3\/?post_type=product&#038;p=30226"},"modified":"2025-09-10T12:46:18","modified_gmt":"2025-09-10T15:46:18","slug":"popularizar-a-ciencia-contribuicoes-de-estudos-sobre-educacao-ambiente-e-sociedade-2","status":"publish","type":"product","link":"https:\/\/ponteseditores.com.br\/loja3\/pontes-editores-home-2__trashed\/linguistica\/popularizar-a-ciencia-contribuicoes-de-estudos-sobre-educacao-ambiente-e-sociedade-2\/","title":{"rendered":"Popularizar a Ci\u00eancia: contribui\u00e7\u00f5es de estudos sobre educa\u00e7\u00e3o, ambiente e sociedade"},"content":{"rendered":"<p>Popularizar a Ci\u00eancia: contribui\u00e7\u00f5es de estudos sobre Educa\u00e7\u00e3o, Ambiente e Sociedade dirige-se a estudantes de gradua\u00e7\u00e3o e p\u00f3s-gradua\u00e7\u00e3o, professores\/as e pesquisadores\/as comprometidos\/as com a \u00e1rea da populariza\u00e7\u00e3o da ci\u00eancia a partir da Educa\u00e7\u00e3o, Ambiente e Sociedade.<\/p>\n<p>O livro re\u00fane doze ensaios te\u00f3ricos e emp\u00edricos com estudos em torno de reflex\u00f5es cr\u00edticas sobre divulga\u00e7\u00e3o cient\u00edfica e a perspectiva CTS, Educa\u00e7\u00e3o, ci\u00eancia e tecnologia e Ambiente e Sociedade. Esta obra integra o desenvolvimento do projeto \u201cPopulariza\u00e7\u00e3o da Ci\u00eancia com a perspectiva CTS\u201d financiado pela Capes\/MEC Edital 16\/2022 por meio do Programa de Desenvolvimento da P\u00f3s-Gradua\u00e7\u00e3o P\u00f3s-Doutorado Estrat\u00e9gico.<\/p>\n<p>O livro \u00e9 um convite para reflex\u00e3o, a fim de que ela se transforme em um campo f\u00e9rtil para sua trajet\u00f3ria de pesquisador\/a e professor\/a, ansiando as diversas possibilidades decorrentes da populariza\u00e7\u00e3o da ci\u00eancia, especialmente na perspectiva CTS.<\/p>\n","protected":false},"excerpt":{"rendered":"<p>Popularizar a Ci\u00eancia: contribui\u00e7\u00f5es de estudos sobre Educa\u00e7\u00e3o, Ambiente e Sociedade dirige-se a estudantes de gradua\u00e7\u00e3o e p\u00f3s-gradua\u00e7\u00e3o, professores\/as e pesquisadores\/as comprometidos\/as com a \u00e1rea da populariza\u00e7\u00e3o da ci\u00eancia a partir da Educa\u00e7\u00e3o, Ambiente e Sociedade. O livro re\u00fane doze ensaios te\u00f3ricos e emp\u00edricos com estudos em torno de reflex\u00f5es cr\u00edticas sobre divulga\u00e7\u00e3o cient\u00edfica e [&hellip;]<\/p>\n","protected":false},"featured_media":30229,"comment_status":"open","ping_status":"closed","template":"","meta":{"_joinchat":[]},"product_brand":[],"product_cat":[167,31],"product_tag":[],"class_list":{"0":"post-30226","1":"product","2":"type-product","3":"status-publish","4":"has-post-thumbnail","6":"product_cat-lancamento","7":"product_cat-linguistica","9":"first","10":"instock","11":"shipping-taxable","12":"purchasable","13":"product-type-simple"},"yoast_head":"<!-- This site is optimized with the Yoast SEO plugin v27.4 - https:\/\/yoast.com\/product\/yoast-seo-wordpress\/ -->\n<title>Popularizar a Ci\u00eancia: contribui\u00e7\u00f5es de estudos sobre educa\u00e7\u00e3o, ambiente e sociedade - Pontes Editores<\/title>\n<meta name=\"robots\" content=\"index, follow, max-snippet:-1, max-image-preview:large, max-video-preview:-1\" \/>\n<link rel=\"canonical\" href=\"https:\/\/ponteseditores.com.br\/loja3\/pontes-editores-home-2__trashed\/linguistica\/popularizar-a-ciencia-contribuicoes-de-estudos-sobre-educacao-ambiente-e-sociedade-2\/\" \/>\n<meta property=\"og:locale\" content=\"pt_BR\" \/>\n<meta property=\"og:type\" content=\"article\" \/>\n<meta property=\"og:title\" content=\"Popularizar a Ci\u00eancia: contribui\u00e7\u00f5es de estudos sobre educa\u00e7\u00e3o, ambiente e sociedade - Pontes Editores\" \/>\n<meta property=\"og:description\" content=\"Popularizar a Ci\u00eancia: contribui\u00e7\u00f5es de estudos sobre Educa\u00e7\u00e3o, Ambiente e Sociedade dirige-se a estudantes de gradua\u00e7\u00e3o e p\u00f3s-gradua\u00e7\u00e3o, professores\/as e pesquisadores\/as comprometidos\/as com a \u00e1rea da populariza\u00e7\u00e3o da ci\u00eancia a partir da Educa\u00e7\u00e3o, Ambiente e Sociedade. O livro re\u00fane doze ensaios te\u00f3ricos e emp\u00edricos com estudos em torno de reflex\u00f5es cr\u00edticas sobre divulga\u00e7\u00e3o cient\u00edfica e [&hellip;]\" \/>\n<meta property=\"og:url\" content=\"https:\/\/ponteseditores.com.br\/loja3\/pontes-editores-home-2__trashed\/linguistica\/popularizar-a-ciencia-contribuicoes-de-estudos-sobre-educacao-ambiente-e-sociedade-2\/\" \/>\n<meta property=\"og:site_name\" content=\"Pontes Editores\" \/>\n<meta property=\"article:modified_time\" content=\"2025-09-10T15:46:18+00:00\" \/>\n<meta property=\"og:image\" content=\"https:\/\/ponteseditores.com.br\/loja3\/wp-content\/uploads\/2025\/09\/Capa_Popularizar-a-Ciencia.webp\" \/>\n\t<meta property=\"og:image:width\" content=\"800\" \/>\n\t<meta property=\"og:image:height\" content=\"1159\" \/>\n\t<meta property=\"og:image:type\" content=\"image\/webp\" \/>\n<meta name=\"twitter:card\" content=\"summary_large_image\" \/>\n<meta name=\"twitter:label1\" content=\"Est. tempo de leitura\" \/>\n\t<meta name=\"twitter:data1\" content=\"1 minuto\" \/>\n<script type=\"application\/ld+json\" class=\"yoast-schema-graph\">{\"@context\":\"https:\\\/\\\/schema.org\",\"@graph\":[{\"@type\":\"WebPage\",\"@id\":\"https:\\\/\\\/ponteseditores.com.br\\\/loja3\\\/pontes-editores-home-2__trashed\\\/linguistica\\\/popularizar-a-ciencia-contribuicoes-de-estudos-sobre-educacao-ambiente-e-sociedade-2\\\/\",\"url\":\"https:\\\/\\\/ponteseditores.com.br\\\/loja3\\\/pontes-editores-home-2__trashed\\\/linguistica\\\/popularizar-a-ciencia-contribuicoes-de-estudos-sobre-educacao-ambiente-e-sociedade-2\\\/\",\"name\":\"Popularizar a Ci\u00eancia: contribui\u00e7\u00f5es de estudos sobre educa\u00e7\u00e3o, ambiente e sociedade - Pontes Editores\",\"isPartOf\":{\"@id\":\"https:\\\/\\\/ponteseditores.com.br\\\/loja3\\\/#website\"},\"primaryImageOfPage\":{\"@id\":\"https:\\\/\\\/ponteseditores.com.br\\\/loja3\\\/pontes-editores-home-2__trashed\\\/linguistica\\\/popularizar-a-ciencia-contribuicoes-de-estudos-sobre-educacao-ambiente-e-sociedade-2\\\/#primaryimage\"},\"image\":{\"@id\":\"https:\\\/\\\/ponteseditores.com.br\\\/loja3\\\/pontes-editores-home-2__trashed\\\/linguistica\\\/popularizar-a-ciencia-contribuicoes-de-estudos-sobre-educacao-ambiente-e-sociedade-2\\\/#primaryimage\"},\"thumbnailUrl\":\"https:\\\/\\\/ponteseditores.com.br\\\/loja3\\\/wp-content\\\/uploads\\\/2025\\\/09\\\/Capa_Popularizar-a-Ciencia.webp\",\"datePublished\":\"2025-09-10T15:46:17+00:00\",\"dateModified\":\"2025-09-10T15:46:18+00:00\",\"breadcrumb\":{\"@id\":\"https:\\\/\\\/ponteseditores.com.br\\\/loja3\\\/pontes-editores-home-2__trashed\\\/linguistica\\\/popularizar-a-ciencia-contribuicoes-de-estudos-sobre-educacao-ambiente-e-sociedade-2\\\/#breadcrumb\"},\"inLanguage\":\"pt-BR\",\"potentialAction\":[{\"@type\":\"ReadAction\",\"target\":[\"https:\\\/\\\/ponteseditores.com.br\\\/loja3\\\/pontes-editores-home-2__trashed\\\/linguistica\\\/popularizar-a-ciencia-contribuicoes-de-estudos-sobre-educacao-ambiente-e-sociedade-2\\\/\"]}]},{\"@type\":\"ImageObject\",\"inLanguage\":\"pt-BR\",\"@id\":\"https:\\\/\\\/ponteseditores.com.br\\\/loja3\\\/pontes-editores-home-2__trashed\\\/linguistica\\\/popularizar-a-ciencia-contribuicoes-de-estudos-sobre-educacao-ambiente-e-sociedade-2\\\/#primaryimage\",\"url\":\"https:\\\/\\\/ponteseditores.com.br\\\/loja3\\\/wp-content\\\/uploads\\\/2025\\\/09\\\/Capa_Popularizar-a-Ciencia.webp\",\"contentUrl\":\"https:\\\/\\\/ponteseditores.com.br\\\/loja3\\\/wp-content\\\/uploads\\\/2025\\\/09\\\/Capa_Popularizar-a-Ciencia.webp\",\"width\":800,\"height\":1159},{\"@type\":\"BreadcrumbList\",\"@id\":\"https:\\\/\\\/ponteseditores.com.br\\\/loja3\\\/pontes-editores-home-2__trashed\\\/linguistica\\\/popularizar-a-ciencia-contribuicoes-de-estudos-sobre-educacao-ambiente-e-sociedade-2\\\/#breadcrumb\",\"itemListElement\":[{\"@type\":\"ListItem\",\"position\":1,\"name\":\"Home\",\"item\":\"https:\\\/\\\/ponteseditores.com.br\\\/loja3\\\/\"},{\"@type\":\"ListItem\",\"position\":2,\"name\":\"loja\",\"item\":\"https:\\\/\\\/ponteseditores.com.br\\\/loja3\\\/loja\\\/\"},{\"@type\":\"ListItem\",\"position\":3,\"name\":\"Popularizar a Ci\u00eancia: contribui\u00e7\u00f5es de estudos sobre educa\u00e7\u00e3o, ambiente e sociedade\"}]},{\"@type\":\"WebSite\",\"@id\":\"https:\\\/\\\/ponteseditores.com.br\\\/loja3\\\/#website\",\"url\":\"https:\\\/\\\/ponteseditores.com.br\\\/loja3\\\/\",\"name\":\"Pontes Editores\",\"description\":\"Pontes Editores\",\"publisher\":{\"@id\":\"https:\\\/\\\/ponteseditores.com.br\\\/loja3\\\/#organization\"},\"potentialAction\":[{\"@type\":\"SearchAction\",\"target\":{\"@type\":\"EntryPoint\",\"urlTemplate\":\"https:\\\/\\\/ponteseditores.com.br\\\/loja3\\\/?s={search_term_string}\"},\"query-input\":{\"@type\":\"PropertyValueSpecification\",\"valueRequired\":true,\"valueName\":\"search_term_string\"}}],\"inLanguage\":\"pt-BR\"},{\"@type\":\"Organization\",\"@id\":\"https:\\\/\\\/ponteseditores.com.br\\\/loja3\\\/#organization\",\"name\":\"Pontes Editores\",\"url\":\"https:\\\/\\\/ponteseditores.com.br\\\/loja3\\\/\",\"logo\":{\"@type\":\"ImageObject\",\"inLanguage\":\"pt-BR\",\"@id\":\"https:\\\/\\\/ponteseditores.com.br\\\/loja3\\\/#\\\/schema\\\/logo\\\/image\\\/\",\"url\":\"https:\\\/\\\/ponteseditores.com.br\\\/loja3\\\/wp-content\\\/uploads\\\/2023\\\/12\\\/logo-pontes-editores-v2.png\",\"contentUrl\":\"https:\\\/\\\/ponteseditores.com.br\\\/loja3\\\/wp-content\\\/uploads\\\/2023\\\/12\\\/logo-pontes-editores-v2.png\",\"width\":258,\"height\":100,\"caption\":\"Pontes Editores\"},\"image\":{\"@id\":\"https:\\\/\\\/ponteseditores.com.br\\\/loja3\\\/#\\\/schema\\\/logo\\\/image\\\/\"}}]}<\/script>\n<!-- \/ Yoast SEO plugin. -->","yoast_head_json":{"title":"Popularizar a Ci\u00eancia: contribui\u00e7\u00f5es de estudos sobre educa\u00e7\u00e3o, ambiente e sociedade - Pontes Editores","robots":{"index":"index","follow":"follow","max-snippet":"max-snippet:-1","max-image-preview":"max-image-preview:large","max-video-preview":"max-video-preview:-1"},"canonical":"https:\/\/ponteseditores.com.br\/loja3\/pontes-editores-home-2__trashed\/linguistica\/popularizar-a-ciencia-contribuicoes-de-estudos-sobre-educacao-ambiente-e-sociedade-2\/","og_locale":"pt_BR","og_type":"article","og_title":"Popularizar a Ci\u00eancia: contribui\u00e7\u00f5es de estudos sobre educa\u00e7\u00e3o, ambiente e sociedade - Pontes Editores","og_description":"Popularizar a Ci\u00eancia: contribui\u00e7\u00f5es de estudos sobre Educa\u00e7\u00e3o, Ambiente e Sociedade dirige-se a estudantes de gradua\u00e7\u00e3o e p\u00f3s-gradua\u00e7\u00e3o, professores\/as e pesquisadores\/as comprometidos\/as com a \u00e1rea da populariza\u00e7\u00e3o da ci\u00eancia a partir da Educa\u00e7\u00e3o, Ambiente e Sociedade. O livro re\u00fane doze ensaios te\u00f3ricos e emp\u00edricos com estudos em torno de reflex\u00f5es cr\u00edticas sobre divulga\u00e7\u00e3o cient\u00edfica e [&hellip;]","og_url":"https:\/\/ponteseditores.com.br\/loja3\/pontes-editores-home-2__trashed\/linguistica\/popularizar-a-ciencia-contribuicoes-de-estudos-sobre-educacao-ambiente-e-sociedade-2\/","og_site_name":"Pontes Editores","article_modified_time":"2025-09-10T15:46:18+00:00","og_image":[{"width":800,"height":1159,"url":"https:\/\/ponteseditores.com.br\/loja3\/wp-content\/uploads\/2025\/09\/Capa_Popularizar-a-Ciencia.webp","type":"image\/webp"}],"twitter_card":"summary_large_image","twitter_misc":{"Est. tempo de leitura":"1 minuto"},"schema":{"@context":"https:\/\/schema.org","@graph":[{"@type":"WebPage","@id":"https:\/\/ponteseditores.com.br\/loja3\/pontes-editores-home-2__trashed\/linguistica\/popularizar-a-ciencia-contribuicoes-de-estudos-sobre-educacao-ambiente-e-sociedade-2\/","url":"https:\/\/ponteseditores.com.br\/loja3\/pontes-editores-home-2__trashed\/linguistica\/popularizar-a-ciencia-contribuicoes-de-estudos-sobre-educacao-ambiente-e-sociedade-2\/","name":"Popularizar a Ci\u00eancia: contribui\u00e7\u00f5es de estudos sobre educa\u00e7\u00e3o, ambiente e sociedade - Pontes Editores","isPartOf":{"@id":"https:\/\/ponteseditores.com.br\/loja3\/#website"},"primaryImageOfPage":{"@id":"https:\/\/ponteseditores.com.br\/loja3\/pontes-editores-home-2__trashed\/linguistica\/popularizar-a-ciencia-contribuicoes-de-estudos-sobre-educacao-ambiente-e-sociedade-2\/#primaryimage"},"image":{"@id":"https:\/\/ponteseditores.com.br\/loja3\/pontes-editores-home-2__trashed\/linguistica\/popularizar-a-ciencia-contribuicoes-de-estudos-sobre-educacao-ambiente-e-sociedade-2\/#primaryimage"},"thumbnailUrl":"https:\/\/ponteseditores.com.br\/loja3\/wp-content\/uploads\/2025\/09\/Capa_Popularizar-a-Ciencia.webp","datePublished":"2025-09-10T15:46:17+00:00","dateModified":"2025-09-10T15:46:18+00:00","breadcrumb":{"@id":"https:\/\/ponteseditores.com.br\/loja3\/pontes-editores-home-2__trashed\/linguistica\/popularizar-a-ciencia-contribuicoes-de-estudos-sobre-educacao-ambiente-e-sociedade-2\/#breadcrumb"},"inLanguage":"pt-BR","potentialAction":[{"@type":"ReadAction","target":["https:\/\/ponteseditores.com.br\/loja3\/pontes-editores-home-2__trashed\/linguistica\/popularizar-a-ciencia-contribuicoes-de-estudos-sobre-educacao-ambiente-e-sociedade-2\/"]}]},{"@type":"ImageObject","inLanguage":"pt-BR","@id":"https:\/\/ponteseditores.com.br\/loja3\/pontes-editores-home-2__trashed\/linguistica\/popularizar-a-ciencia-contribuicoes-de-estudos-sobre-educacao-ambiente-e-sociedade-2\/#primaryimage","url":"https:\/\/ponteseditores.com.br\/loja3\/wp-content\/uploads\/2025\/09\/Capa_Popularizar-a-Ciencia.webp","contentUrl":"https:\/\/ponteseditores.com.br\/loja3\/wp-content\/uploads\/2025\/09\/Capa_Popularizar-a-Ciencia.webp","width":800,"height":1159},{"@type":"BreadcrumbList","@id":"https:\/\/ponteseditores.com.br\/loja3\/pontes-editores-home-2__trashed\/linguistica\/popularizar-a-ciencia-contribuicoes-de-estudos-sobre-educacao-ambiente-e-sociedade-2\/#breadcrumb","itemListElement":[{"@type":"ListItem","position":1,"name":"Home","item":"https:\/\/ponteseditores.com.br\/loja3\/"},{"@type":"ListItem","position":2,"name":"loja","item":"https:\/\/ponteseditores.com.br\/loja3\/loja\/"},{"@type":"ListItem","position":3,"name":"Popularizar a Ci\u00eancia: contribui\u00e7\u00f5es de estudos sobre educa\u00e7\u00e3o, ambiente e sociedade"}]},{"@type":"WebSite","@id":"https:\/\/ponteseditores.com.br\/loja3\/#website","url":"https:\/\/ponteseditores.com.br\/loja3\/","name":"Pontes Editores","description":"Pontes Editores","publisher":{"@id":"https:\/\/ponteseditores.com.br\/loja3\/#organization"},"potentialAction":[{"@type":"SearchAction","target":{"@type":"EntryPoint","urlTemplate":"https:\/\/ponteseditores.com.br\/loja3\/?s={search_term_string}"},"query-input":{"@type":"PropertyValueSpecification","valueRequired":true,"valueName":"search_term_string"}}],"inLanguage":"pt-BR"},{"@type":"Organization","@id":"https:\/\/ponteseditores.com.br\/loja3\/#organization","name":"Pontes Editores","url":"https:\/\/ponteseditores.com.br\/loja3\/","logo":{"@type":"ImageObject","inLanguage":"pt-BR","@id":"https:\/\/ponteseditores.com.br\/loja3\/#\/schema\/logo\/image\/","url":"https:\/\/ponteseditores.com.br\/loja3\/wp-content\/uploads\/2023\/12\/logo-pontes-editores-v2.png","contentUrl":"https:\/\/ponteseditores.com.br\/loja3\/wp-content\/uploads\/2023\/12\/logo-pontes-editores-v2.png","width":258,"height":100,"caption":"Pontes Editores"},"image":{"@id":"https:\/\/ponteseditores.com.br\/loja3\/#\/schema\/logo\/image\/"}}]}},"_links":{"self":[{"href":"https:\/\/ponteseditores.com.br\/loja3\/wp-json\/wp\/v2\/product\/30226","targetHints":{"allow":["GET"]}}],"collection":[{"href":"https:\/\/ponteseditores.com.br\/loja3\/wp-json\/wp\/v2\/product"}],"about":[{"href":"https:\/\/ponteseditores.com.br\/loja3\/wp-json\/wp\/v2\/types\/product"}],"replies":[{"embeddable":true,"href":"https:\/\/ponteseditores.com.br\/loja3\/wp-json\/wp\/v2\/comments?post=30226"}],"version-history":[{"count":1,"href":"https:\/\/ponteseditores.com.br\/loja3\/wp-json\/wp\/v2\/product\/30226\/revisions"}],"predecessor-version":[{"id":30230,"href":"https:\/\/ponteseditores.com.br\/loja3\/wp-json\/wp\/v2\/product\/30226\/revisions\/30230"}],"wp:featuredmedia":[{"embeddable":true,"href":"https:\/\/ponteseditores.com.br\/loja3\/wp-json\/wp\/v2\/media\/30229"}],"wp:attachment":[{"href":"https:\/\/ponteseditores.com.br\/loja3\/wp-json\/wp\/v2\/media?parent=30226"}],"wp:term":[{"taxonomy":"product_brand","embeddable":true,"href":"https:\/\/ponteseditores.com.br\/loja3\/wp-json\/wp\/v2\/product_brand?post=30226"},{"taxonomy":"product_cat","embeddable":true,"href":"https:\/\/ponteseditores.com.br\/loja3\/wp-json\/wp\/v2\/product_cat?post=30226"},{"taxonomy":"product_tag","embeddable":true,"href":"https:\/\/ponteseditores.com.br\/loja3\/wp-json\/wp\/v2\/product_tag?post=30226"}],"curies":[{"name":"wp","href":"https:\/\/api.w.org\/{rel}","templated":true}]}}