{"id":29655,"date":"2025-08-27T15:47:49","date_gmt":"2025-08-27T18:47:49","guid":{"rendered":"https:\/\/ponteseditores.com.br\/loja3\/?post_type=product&#038;p=29655"},"modified":"2025-08-27T15:47:50","modified_gmt":"2025-08-27T18:47:50","slug":"comunicacao-para-eventos-internacionais-portugues-espanhol-frances-e-ingles","status":"publish","type":"product","link":"https:\/\/ponteseditores.com.br\/loja3\/pontes-editores-home-2__trashed\/lancamento\/comunicacao-para-eventos-internacionais-portugues-espanhol-frances-e-ingles\/","title":{"rendered":"Comunica\u00e7\u00e3o para eventos internacionais: portugu\u00eas, espanhol, franc\u00eas e ingl\u00eas"},"content":{"rendered":"<p><strong>Comunica\u00e7\u00e3o para eventos internacionais: portugu\u00eas, espanhol, franc\u00eas e ingl\u00ea<\/strong>s \u00e9 um guia pr\u00e1tico e multil\u00edngue destinado a quem atua na organiza\u00e7\u00e3o de eventos com participa\u00e7\u00e3o internacional. Fruto de experi\u00eancias pedag\u00f3gicas aplicadas ao contexto real do planejamento e da organiza\u00e7\u00e3o de eventos multil\u00edngues, a obra oferece aos leitores um repert\u00f3rio de frases, vocabul\u00e1rio tem\u00e1tico e situa\u00e7\u00f5es comunicativas em quatro idiomas, com foco na comunica\u00e7\u00e3o oral em portugu\u00eas, espanhol, franc\u00eas e ingl\u00eas.<\/p>\n<p>Este livro \u00e9 voltado tanto a estudantes, professores, quanto a profissionais que lidam com o acolhimento e o suporte lingu\u00edstico a participantes estrangeiros em eventos de pequeno, m\u00e9dio e grande porte. Com uma abordagem acess\u00edvel e ilustrada por tarefas pr\u00e1ticas que transitam pela lexicografia, pela gram\u00e1tica comparada, com o amparo de ferramentas tecnol\u00f3gicas, o material pode ser utilizado em sala de aula, em treinamentos institucionais ou como ferramenta de capacita\u00e7\u00e3o individual.<\/p>\n<p>Al\u00e9m de contemplar aspectos lingu\u00edsticos e culturais, o livro incorpora recursos tecnol\u00f3gicos e audiovisuais acess\u00edveis por QR Code, promovendo uma aprendizagem ativa, colaborativa e contextualizada. Um recurso essencial para quem busca desenvolver compet\u00eancias comunicativas em eventos multil\u00edngues, promovendo o di\u00e1logo e a inclus\u00e3o em ambientes internacionais.<\/p>\n","protected":false},"excerpt":{"rendered":"<p>Comunica\u00e7\u00e3o para eventos internacionais: portugu\u00eas, espanhol, franc\u00eas e ingl\u00eas \u00e9 um guia pr\u00e1tico e multil\u00edngue destinado a quem atua na organiza\u00e7\u00e3o de eventos com participa\u00e7\u00e3o internacional. Fruto de experi\u00eancias pedag\u00f3gicas aplicadas ao contexto real do planejamento e da organiza\u00e7\u00e3o de eventos multil\u00edngues, a obra oferece aos leitores um repert\u00f3rio de frases, vocabul\u00e1rio tem\u00e1tico e situa\u00e7\u00f5es [&hellip;]<\/p>\n","protected":false},"featured_media":29656,"comment_status":"open","ping_status":"closed","template":"","meta":{"_joinchat":[]},"product_brand":[],"product_cat":[832,167],"product_tag":[],"class_list":{"0":"post-29655","1":"product","2":"type-product","3":"status-publish","4":"has-post-thumbnail","6":"product_cat-administracao","7":"product_cat-lancamento","9":"first","10":"instock","11":"shipping-taxable","12":"purchasable","13":"product-type-simple"},"yoast_head":"<!-- This site is optimized with the Yoast SEO plugin v27.4 - https:\/\/yoast.com\/product\/yoast-seo-wordpress\/ -->\n<title>Comunica\u00e7\u00e3o para eventos internacionais: portugu\u00eas, espanhol, franc\u00eas e ingl\u00eas - Pontes Editores<\/title>\n<meta name=\"robots\" content=\"index, follow, max-snippet:-1, max-image-preview:large, max-video-preview:-1\" \/>\n<link rel=\"canonical\" href=\"https:\/\/ponteseditores.com.br\/loja3\/pontes-editores-home-2__trashed\/lancamento\/comunicacao-para-eventos-internacionais-portugues-espanhol-frances-e-ingles\/\" \/>\n<meta property=\"og:locale\" content=\"pt_BR\" \/>\n<meta property=\"og:type\" content=\"article\" \/>\n<meta property=\"og:title\" content=\"Comunica\u00e7\u00e3o para eventos internacionais: portugu\u00eas, espanhol, franc\u00eas e ingl\u00eas - Pontes Editores\" \/>\n<meta property=\"og:description\" content=\"Comunica\u00e7\u00e3o para eventos internacionais: portugu\u00eas, espanhol, franc\u00eas e ingl\u00eas \u00e9 um guia pr\u00e1tico e multil\u00edngue destinado a quem atua na organiza\u00e7\u00e3o de eventos com participa\u00e7\u00e3o internacional. Fruto de experi\u00eancias pedag\u00f3gicas aplicadas ao contexto real do planejamento e da organiza\u00e7\u00e3o de eventos multil\u00edngues, a obra oferece aos leitores um repert\u00f3rio de frases, vocabul\u00e1rio tem\u00e1tico e situa\u00e7\u00f5es [&hellip;]\" \/>\n<meta property=\"og:url\" content=\"https:\/\/ponteseditores.com.br\/loja3\/pontes-editores-home-2__trashed\/lancamento\/comunicacao-para-eventos-internacionais-portugues-espanhol-frances-e-ingles\/\" \/>\n<meta property=\"og:site_name\" content=\"Pontes Editores\" \/>\n<meta property=\"article:modified_time\" content=\"2025-08-27T18:47:50+00:00\" \/>\n<meta property=\"og:image\" content=\"https:\/\/ponteseditores.com.br\/loja3\/wp-content\/uploads\/2025\/08\/Capa_Comunicacao-para-eventos.webp\" \/>\n\t<meta property=\"og:image:width\" content=\"800\" \/>\n\t<meta property=\"og:image:height\" content=\"1159\" \/>\n\t<meta property=\"og:image:type\" content=\"image\/webp\" \/>\n<meta name=\"twitter:card\" content=\"summary_large_image\" \/>\n<meta name=\"twitter:label1\" content=\"Est. tempo de leitura\" \/>\n\t<meta name=\"twitter:data1\" content=\"2 minutos\" \/>\n<script type=\"application\/ld+json\" class=\"yoast-schema-graph\">{\"@context\":\"https:\\\/\\\/schema.org\",\"@graph\":[{\"@type\":\"WebPage\",\"@id\":\"https:\\\/\\\/ponteseditores.com.br\\\/loja3\\\/pontes-editores-home-2__trashed\\\/lancamento\\\/comunicacao-para-eventos-internacionais-portugues-espanhol-frances-e-ingles\\\/\",\"url\":\"https:\\\/\\\/ponteseditores.com.br\\\/loja3\\\/pontes-editores-home-2__trashed\\\/lancamento\\\/comunicacao-para-eventos-internacionais-portugues-espanhol-frances-e-ingles\\\/\",\"name\":\"Comunica\u00e7\u00e3o para eventos internacionais: portugu\u00eas, espanhol, franc\u00eas e ingl\u00eas - Pontes Editores\",\"isPartOf\":{\"@id\":\"https:\\\/\\\/ponteseditores.com.br\\\/loja3\\\/#website\"},\"primaryImageOfPage\":{\"@id\":\"https:\\\/\\\/ponteseditores.com.br\\\/loja3\\\/pontes-editores-home-2__trashed\\\/lancamento\\\/comunicacao-para-eventos-internacionais-portugues-espanhol-frances-e-ingles\\\/#primaryimage\"},\"image\":{\"@id\":\"https:\\\/\\\/ponteseditores.com.br\\\/loja3\\\/pontes-editores-home-2__trashed\\\/lancamento\\\/comunicacao-para-eventos-internacionais-portugues-espanhol-frances-e-ingles\\\/#primaryimage\"},\"thumbnailUrl\":\"https:\\\/\\\/ponteseditores.com.br\\\/loja3\\\/wp-content\\\/uploads\\\/2025\\\/08\\\/Capa_Comunicacao-para-eventos.webp\",\"datePublished\":\"2025-08-27T18:47:49+00:00\",\"dateModified\":\"2025-08-27T18:47:50+00:00\",\"breadcrumb\":{\"@id\":\"https:\\\/\\\/ponteseditores.com.br\\\/loja3\\\/pontes-editores-home-2__trashed\\\/lancamento\\\/comunicacao-para-eventos-internacionais-portugues-espanhol-frances-e-ingles\\\/#breadcrumb\"},\"inLanguage\":\"pt-BR\",\"potentialAction\":[{\"@type\":\"ReadAction\",\"target\":[\"https:\\\/\\\/ponteseditores.com.br\\\/loja3\\\/pontes-editores-home-2__trashed\\\/lancamento\\\/comunicacao-para-eventos-internacionais-portugues-espanhol-frances-e-ingles\\\/\"]}]},{\"@type\":\"ImageObject\",\"inLanguage\":\"pt-BR\",\"@id\":\"https:\\\/\\\/ponteseditores.com.br\\\/loja3\\\/pontes-editores-home-2__trashed\\\/lancamento\\\/comunicacao-para-eventos-internacionais-portugues-espanhol-frances-e-ingles\\\/#primaryimage\",\"url\":\"https:\\\/\\\/ponteseditores.com.br\\\/loja3\\\/wp-content\\\/uploads\\\/2025\\\/08\\\/Capa_Comunicacao-para-eventos.webp\",\"contentUrl\":\"https:\\\/\\\/ponteseditores.com.br\\\/loja3\\\/wp-content\\\/uploads\\\/2025\\\/08\\\/Capa_Comunicacao-para-eventos.webp\",\"width\":800,\"height\":1159},{\"@type\":\"BreadcrumbList\",\"@id\":\"https:\\\/\\\/ponteseditores.com.br\\\/loja3\\\/pontes-editores-home-2__trashed\\\/lancamento\\\/comunicacao-para-eventos-internacionais-portugues-espanhol-frances-e-ingles\\\/#breadcrumb\",\"itemListElement\":[{\"@type\":\"ListItem\",\"position\":1,\"name\":\"Home\",\"item\":\"https:\\\/\\\/ponteseditores.com.br\\\/loja3\\\/\"},{\"@type\":\"ListItem\",\"position\":2,\"name\":\"loja\",\"item\":\"https:\\\/\\\/ponteseditores.com.br\\\/loja3\\\/loja\\\/\"},{\"@type\":\"ListItem\",\"position\":3,\"name\":\"Comunica\u00e7\u00e3o para eventos internacionais: portugu\u00eas, espanhol, franc\u00eas e ingl\u00eas\"}]},{\"@type\":\"WebSite\",\"@id\":\"https:\\\/\\\/ponteseditores.com.br\\\/loja3\\\/#website\",\"url\":\"https:\\\/\\\/ponteseditores.com.br\\\/loja3\\\/\",\"name\":\"Pontes Editores\",\"description\":\"Pontes Editores\",\"publisher\":{\"@id\":\"https:\\\/\\\/ponteseditores.com.br\\\/loja3\\\/#organization\"},\"potentialAction\":[{\"@type\":\"SearchAction\",\"target\":{\"@type\":\"EntryPoint\",\"urlTemplate\":\"https:\\\/\\\/ponteseditores.com.br\\\/loja3\\\/?s={search_term_string}\"},\"query-input\":{\"@type\":\"PropertyValueSpecification\",\"valueRequired\":true,\"valueName\":\"search_term_string\"}}],\"inLanguage\":\"pt-BR\"},{\"@type\":\"Organization\",\"@id\":\"https:\\\/\\\/ponteseditores.com.br\\\/loja3\\\/#organization\",\"name\":\"Pontes Editores\",\"url\":\"https:\\\/\\\/ponteseditores.com.br\\\/loja3\\\/\",\"logo\":{\"@type\":\"ImageObject\",\"inLanguage\":\"pt-BR\",\"@id\":\"https:\\\/\\\/ponteseditores.com.br\\\/loja3\\\/#\\\/schema\\\/logo\\\/image\\\/\",\"url\":\"https:\\\/\\\/ponteseditores.com.br\\\/loja3\\\/wp-content\\\/uploads\\\/2023\\\/12\\\/logo-pontes-editores-v2.png\",\"contentUrl\":\"https:\\\/\\\/ponteseditores.com.br\\\/loja3\\\/wp-content\\\/uploads\\\/2023\\\/12\\\/logo-pontes-editores-v2.png\",\"width\":258,\"height\":100,\"caption\":\"Pontes Editores\"},\"image\":{\"@id\":\"https:\\\/\\\/ponteseditores.com.br\\\/loja3\\\/#\\\/schema\\\/logo\\\/image\\\/\"}}]}<\/script>\n<!-- \/ Yoast SEO plugin. -->","yoast_head_json":{"title":"Comunica\u00e7\u00e3o para eventos internacionais: portugu\u00eas, espanhol, franc\u00eas e ingl\u00eas - Pontes Editores","robots":{"index":"index","follow":"follow","max-snippet":"max-snippet:-1","max-image-preview":"max-image-preview:large","max-video-preview":"max-video-preview:-1"},"canonical":"https:\/\/ponteseditores.com.br\/loja3\/pontes-editores-home-2__trashed\/lancamento\/comunicacao-para-eventos-internacionais-portugues-espanhol-frances-e-ingles\/","og_locale":"pt_BR","og_type":"article","og_title":"Comunica\u00e7\u00e3o para eventos internacionais: portugu\u00eas, espanhol, franc\u00eas e ingl\u00eas - Pontes Editores","og_description":"Comunica\u00e7\u00e3o para eventos internacionais: portugu\u00eas, espanhol, franc\u00eas e ingl\u00eas \u00e9 um guia pr\u00e1tico e multil\u00edngue destinado a quem atua na organiza\u00e7\u00e3o de eventos com participa\u00e7\u00e3o internacional. Fruto de experi\u00eancias pedag\u00f3gicas aplicadas ao contexto real do planejamento e da organiza\u00e7\u00e3o de eventos multil\u00edngues, a obra oferece aos leitores um repert\u00f3rio de frases, vocabul\u00e1rio tem\u00e1tico e situa\u00e7\u00f5es [&hellip;]","og_url":"https:\/\/ponteseditores.com.br\/loja3\/pontes-editores-home-2__trashed\/lancamento\/comunicacao-para-eventos-internacionais-portugues-espanhol-frances-e-ingles\/","og_site_name":"Pontes Editores","article_modified_time":"2025-08-27T18:47:50+00:00","og_image":[{"width":800,"height":1159,"url":"https:\/\/ponteseditores.com.br\/loja3\/wp-content\/uploads\/2025\/08\/Capa_Comunicacao-para-eventos.webp","type":"image\/webp"}],"twitter_card":"summary_large_image","twitter_misc":{"Est. tempo de leitura":"2 minutos"},"schema":{"@context":"https:\/\/schema.org","@graph":[{"@type":"WebPage","@id":"https:\/\/ponteseditores.com.br\/loja3\/pontes-editores-home-2__trashed\/lancamento\/comunicacao-para-eventos-internacionais-portugues-espanhol-frances-e-ingles\/","url":"https:\/\/ponteseditores.com.br\/loja3\/pontes-editores-home-2__trashed\/lancamento\/comunicacao-para-eventos-internacionais-portugues-espanhol-frances-e-ingles\/","name":"Comunica\u00e7\u00e3o para eventos internacionais: portugu\u00eas, espanhol, franc\u00eas e ingl\u00eas - Pontes Editores","isPartOf":{"@id":"https:\/\/ponteseditores.com.br\/loja3\/#website"},"primaryImageOfPage":{"@id":"https:\/\/ponteseditores.com.br\/loja3\/pontes-editores-home-2__trashed\/lancamento\/comunicacao-para-eventos-internacionais-portugues-espanhol-frances-e-ingles\/#primaryimage"},"image":{"@id":"https:\/\/ponteseditores.com.br\/loja3\/pontes-editores-home-2__trashed\/lancamento\/comunicacao-para-eventos-internacionais-portugues-espanhol-frances-e-ingles\/#primaryimage"},"thumbnailUrl":"https:\/\/ponteseditores.com.br\/loja3\/wp-content\/uploads\/2025\/08\/Capa_Comunicacao-para-eventos.webp","datePublished":"2025-08-27T18:47:49+00:00","dateModified":"2025-08-27T18:47:50+00:00","breadcrumb":{"@id":"https:\/\/ponteseditores.com.br\/loja3\/pontes-editores-home-2__trashed\/lancamento\/comunicacao-para-eventos-internacionais-portugues-espanhol-frances-e-ingles\/#breadcrumb"},"inLanguage":"pt-BR","potentialAction":[{"@type":"ReadAction","target":["https:\/\/ponteseditores.com.br\/loja3\/pontes-editores-home-2__trashed\/lancamento\/comunicacao-para-eventos-internacionais-portugues-espanhol-frances-e-ingles\/"]}]},{"@type":"ImageObject","inLanguage":"pt-BR","@id":"https:\/\/ponteseditores.com.br\/loja3\/pontes-editores-home-2__trashed\/lancamento\/comunicacao-para-eventos-internacionais-portugues-espanhol-frances-e-ingles\/#primaryimage","url":"https:\/\/ponteseditores.com.br\/loja3\/wp-content\/uploads\/2025\/08\/Capa_Comunicacao-para-eventos.webp","contentUrl":"https:\/\/ponteseditores.com.br\/loja3\/wp-content\/uploads\/2025\/08\/Capa_Comunicacao-para-eventos.webp","width":800,"height":1159},{"@type":"BreadcrumbList","@id":"https:\/\/ponteseditores.com.br\/loja3\/pontes-editores-home-2__trashed\/lancamento\/comunicacao-para-eventos-internacionais-portugues-espanhol-frances-e-ingles\/#breadcrumb","itemListElement":[{"@type":"ListItem","position":1,"name":"Home","item":"https:\/\/ponteseditores.com.br\/loja3\/"},{"@type":"ListItem","position":2,"name":"loja","item":"https:\/\/ponteseditores.com.br\/loja3\/loja\/"},{"@type":"ListItem","position":3,"name":"Comunica\u00e7\u00e3o para eventos internacionais: portugu\u00eas, espanhol, franc\u00eas e ingl\u00eas"}]},{"@type":"WebSite","@id":"https:\/\/ponteseditores.com.br\/loja3\/#website","url":"https:\/\/ponteseditores.com.br\/loja3\/","name":"Pontes Editores","description":"Pontes Editores","publisher":{"@id":"https:\/\/ponteseditores.com.br\/loja3\/#organization"},"potentialAction":[{"@type":"SearchAction","target":{"@type":"EntryPoint","urlTemplate":"https:\/\/ponteseditores.com.br\/loja3\/?s={search_term_string}"},"query-input":{"@type":"PropertyValueSpecification","valueRequired":true,"valueName":"search_term_string"}}],"inLanguage":"pt-BR"},{"@type":"Organization","@id":"https:\/\/ponteseditores.com.br\/loja3\/#organization","name":"Pontes Editores","url":"https:\/\/ponteseditores.com.br\/loja3\/","logo":{"@type":"ImageObject","inLanguage":"pt-BR","@id":"https:\/\/ponteseditores.com.br\/loja3\/#\/schema\/logo\/image\/","url":"https:\/\/ponteseditores.com.br\/loja3\/wp-content\/uploads\/2023\/12\/logo-pontes-editores-v2.png","contentUrl":"https:\/\/ponteseditores.com.br\/loja3\/wp-content\/uploads\/2023\/12\/logo-pontes-editores-v2.png","width":258,"height":100,"caption":"Pontes Editores"},"image":{"@id":"https:\/\/ponteseditores.com.br\/loja3\/#\/schema\/logo\/image\/"}}]}},"_links":{"self":[{"href":"https:\/\/ponteseditores.com.br\/loja3\/wp-json\/wp\/v2\/product\/29655","targetHints":{"allow":["GET"]}}],"collection":[{"href":"https:\/\/ponteseditores.com.br\/loja3\/wp-json\/wp\/v2\/product"}],"about":[{"href":"https:\/\/ponteseditores.com.br\/loja3\/wp-json\/wp\/v2\/types\/product"}],"replies":[{"embeddable":true,"href":"https:\/\/ponteseditores.com.br\/loja3\/wp-json\/wp\/v2\/comments?post=29655"}],"version-history":[{"count":1,"href":"https:\/\/ponteseditores.com.br\/loja3\/wp-json\/wp\/v2\/product\/29655\/revisions"}],"predecessor-version":[{"id":29657,"href":"https:\/\/ponteseditores.com.br\/loja3\/wp-json\/wp\/v2\/product\/29655\/revisions\/29657"}],"wp:featuredmedia":[{"embeddable":true,"href":"https:\/\/ponteseditores.com.br\/loja3\/wp-json\/wp\/v2\/media\/29656"}],"wp:attachment":[{"href":"https:\/\/ponteseditores.com.br\/loja3\/wp-json\/wp\/v2\/media?parent=29655"}],"wp:term":[{"taxonomy":"product_brand","embeddable":true,"href":"https:\/\/ponteseditores.com.br\/loja3\/wp-json\/wp\/v2\/product_brand?post=29655"},{"taxonomy":"product_cat","embeddable":true,"href":"https:\/\/ponteseditores.com.br\/loja3\/wp-json\/wp\/v2\/product_cat?post=29655"},{"taxonomy":"product_tag","embeddable":true,"href":"https:\/\/ponteseditores.com.br\/loja3\/wp-json\/wp\/v2\/product_tag?post=29655"}],"curies":[{"name":"wp","href":"https:\/\/api.w.org\/{rel}","templated":true}]}}