{"id":29579,"date":"2025-08-26T12:47:46","date_gmt":"2025-08-26T15:47:46","guid":{"rendered":"https:\/\/ponteseditores.com.br\/loja3\/?post_type=product&#038;p=29579"},"modified":"2025-08-26T12:47:46","modified_gmt":"2025-08-26T15:47:46","slug":"ensino-de-argumentacao-pratica-social-formacao-e-agencia-2","status":"publish","type":"product","link":"https:\/\/ponteseditores.com.br\/loja3\/pontes-editores-home-2__trashed\/ebook\/lancamento-e-book\/ensino-de-argumentacao-pratica-social-formacao-e-agencia-2\/","title":{"rendered":"Ensino de Argumenta\u00e7\u00e3o: pr\u00e1tica social, forma\u00e7\u00e3o e ag\u00eancia"},"content":{"rendered":"<p>\u201cLa lectura de esta obra nos deja una certeza: ense\u00f1ar a argumentar es ense\u00f1ar a escuchar, a pensar con otros, a tomar posici\u00f3n. Es apostar por una formaci\u00f3n que no separa teor\u00eda de pr\u00e1ctica, ni palabra de acci\u00f3n. Las propuestas pedag\u00f3gicas aqu\u00ed reunidas nos muestran que la argumentaci\u00f3n puede ser vivida como experiencia formativa, como ejercicio de libertad, como pr\u00e1ctica de esperanza.\u201d<\/p>\n<p><em>Constanza Padilla<\/em><\/p>\n<p>&nbsp;<\/p>\n<p>\u201cA leitura desta obra nos deixa uma certeza: ensinar a argumentar \u00e9 ensinar a ouvir, a pensar com os outros, a tomar posi\u00e7\u00e3o. \u00c9 um compromisso com uma educa\u00e7\u00e3o que n\u00e3o separa a teoria da pr\u00e1tica, nem as palavras da a\u00e7\u00e3o. As propostas pedag\u00f3gicas aqui reunidas no mostram que a argumenta\u00e7\u00e3o pode ser vivida como uma experi\u00eancia formativa, como um exerc\u00edcio de liberdade, como uma pr\u00e1tica de esperan\u00e7a.\u201d<\/p>\n<p><em>Constanza Padilla<\/em><\/p>\n","protected":false},"excerpt":{"rendered":"<p>\u201cLa lectura de esta obra nos deja una certeza: ense\u00f1ar a argumentar es ense\u00f1ar a escuchar, a pensar con otros, a tomar posici\u00f3n. Es apostar por una formaci\u00f3n que no separa teor\u00eda de pr\u00e1ctica, ni palabra de acci\u00f3n. Las propuestas pedag\u00f3gicas aqu\u00ed reunidas nos muestran que la argumentaci\u00f3n puede ser vivida como experiencia formativa, como [&hellip;]<\/p>\n","protected":false},"featured_media":25799,"comment_status":"open","ping_status":"closed","template":"","meta":{"_joinchat":[]},"product_brand":[],"product_cat":[165,386],"product_tag":[],"class_list":{"0":"post-29579","1":"product","2":"type-product","3":"status-publish","4":"has-post-thumbnail","6":"product_cat-ebook","7":"product_cat-lancamento-e-book","9":"first","10":"instock","11":"downloadable","12":"virtual","13":"purchasable","14":"product-type-simple"},"yoast_head":"<!-- This site is optimized with the Yoast SEO plugin v27.4 - https:\/\/yoast.com\/product\/yoast-seo-wordpress\/ -->\n<title>Ensino de Argumenta\u00e7\u00e3o: pr\u00e1tica social, forma\u00e7\u00e3o e ag\u00eancia - Pontes Editores<\/title>\n<meta name=\"robots\" content=\"index, follow, max-snippet:-1, max-image-preview:large, max-video-preview:-1\" \/>\n<link rel=\"canonical\" href=\"https:\/\/ponteseditores.com.br\/loja3\/pontes-editores-home-2__trashed\/ebook\/lancamento-e-book\/ensino-de-argumentacao-pratica-social-formacao-e-agencia-2\/\" \/>\n<meta property=\"og:locale\" content=\"pt_BR\" \/>\n<meta property=\"og:type\" content=\"article\" \/>\n<meta property=\"og:title\" content=\"Ensino de Argumenta\u00e7\u00e3o: pr\u00e1tica social, forma\u00e7\u00e3o e ag\u00eancia - Pontes Editores\" \/>\n<meta property=\"og:description\" content=\"\u201cLa lectura de esta obra nos deja una certeza: ense\u00f1ar a argumentar es ense\u00f1ar a escuchar, a pensar con otros, a tomar posici\u00f3n. Es apostar por una formaci\u00f3n que no separa teor\u00eda de pr\u00e1ctica, ni palabra de acci\u00f3n. Las propuestas pedag\u00f3gicas aqu\u00ed reunidas nos muestran que la argumentaci\u00f3n puede ser vivida como experiencia formativa, como [&hellip;]\" \/>\n<meta property=\"og:url\" content=\"https:\/\/ponteseditores.com.br\/loja3\/pontes-editores-home-2__trashed\/ebook\/lancamento-e-book\/ensino-de-argumentacao-pratica-social-formacao-e-agencia-2\/\" \/>\n<meta property=\"og:site_name\" content=\"Pontes Editores\" \/>\n<meta property=\"og:image\" content=\"https:\/\/ponteseditores.com.br\/loja3\/wp-content\/uploads\/2025\/05\/Capa_Argumentacao-scaled.jpg\" \/>\n\t<meta property=\"og:image:width\" content=\"1767\" \/>\n\t<meta property=\"og:image:height\" content=\"2560\" \/>\n\t<meta property=\"og:image:type\" content=\"image\/jpeg\" \/>\n<meta name=\"twitter:card\" content=\"summary_large_image\" \/>\n<meta name=\"twitter:label1\" content=\"Est. tempo de leitura\" \/>\n\t<meta name=\"twitter:data1\" content=\"1 minuto\" \/>\n<script type=\"application\/ld+json\" class=\"yoast-schema-graph\">{\"@context\":\"https:\\\/\\\/schema.org\",\"@graph\":[{\"@type\":\"WebPage\",\"@id\":\"https:\\\/\\\/ponteseditores.com.br\\\/loja3\\\/pontes-editores-home-2__trashed\\\/ebook\\\/lancamento-e-book\\\/ensino-de-argumentacao-pratica-social-formacao-e-agencia-2\\\/\",\"url\":\"https:\\\/\\\/ponteseditores.com.br\\\/loja3\\\/pontes-editores-home-2__trashed\\\/ebook\\\/lancamento-e-book\\\/ensino-de-argumentacao-pratica-social-formacao-e-agencia-2\\\/\",\"name\":\"Ensino de Argumenta\u00e7\u00e3o: pr\u00e1tica social, forma\u00e7\u00e3o e ag\u00eancia - Pontes Editores\",\"isPartOf\":{\"@id\":\"https:\\\/\\\/ponteseditores.com.br\\\/loja3\\\/#website\"},\"primaryImageOfPage\":{\"@id\":\"https:\\\/\\\/ponteseditores.com.br\\\/loja3\\\/pontes-editores-home-2__trashed\\\/ebook\\\/lancamento-e-book\\\/ensino-de-argumentacao-pratica-social-formacao-e-agencia-2\\\/#primaryimage\"},\"image\":{\"@id\":\"https:\\\/\\\/ponteseditores.com.br\\\/loja3\\\/pontes-editores-home-2__trashed\\\/ebook\\\/lancamento-e-book\\\/ensino-de-argumentacao-pratica-social-formacao-e-agencia-2\\\/#primaryimage\"},\"thumbnailUrl\":\"https:\\\/\\\/ponteseditores.com.br\\\/loja3\\\/wp-content\\\/uploads\\\/2025\\\/05\\\/Capa_Argumentacao-scaled.jpg\",\"datePublished\":\"2025-08-26T15:47:46+00:00\",\"breadcrumb\":{\"@id\":\"https:\\\/\\\/ponteseditores.com.br\\\/loja3\\\/pontes-editores-home-2__trashed\\\/ebook\\\/lancamento-e-book\\\/ensino-de-argumentacao-pratica-social-formacao-e-agencia-2\\\/#breadcrumb\"},\"inLanguage\":\"pt-BR\",\"potentialAction\":[{\"@type\":\"ReadAction\",\"target\":[\"https:\\\/\\\/ponteseditores.com.br\\\/loja3\\\/pontes-editores-home-2__trashed\\\/ebook\\\/lancamento-e-book\\\/ensino-de-argumentacao-pratica-social-formacao-e-agencia-2\\\/\"]}]},{\"@type\":\"ImageObject\",\"inLanguage\":\"pt-BR\",\"@id\":\"https:\\\/\\\/ponteseditores.com.br\\\/loja3\\\/pontes-editores-home-2__trashed\\\/ebook\\\/lancamento-e-book\\\/ensino-de-argumentacao-pratica-social-formacao-e-agencia-2\\\/#primaryimage\",\"url\":\"https:\\\/\\\/ponteseditores.com.br\\\/loja3\\\/wp-content\\\/uploads\\\/2025\\\/05\\\/Capa_Argumentacao-scaled.jpg\",\"contentUrl\":\"https:\\\/\\\/ponteseditores.com.br\\\/loja3\\\/wp-content\\\/uploads\\\/2025\\\/05\\\/Capa_Argumentacao-scaled.jpg\",\"width\":1767,\"height\":2560},{\"@type\":\"BreadcrumbList\",\"@id\":\"https:\\\/\\\/ponteseditores.com.br\\\/loja3\\\/pontes-editores-home-2__trashed\\\/ebook\\\/lancamento-e-book\\\/ensino-de-argumentacao-pratica-social-formacao-e-agencia-2\\\/#breadcrumb\",\"itemListElement\":[{\"@type\":\"ListItem\",\"position\":1,\"name\":\"Home\",\"item\":\"https:\\\/\\\/ponteseditores.com.br\\\/loja3\\\/\"},{\"@type\":\"ListItem\",\"position\":2,\"name\":\"loja\",\"item\":\"https:\\\/\\\/ponteseditores.com.br\\\/loja3\\\/loja\\\/\"},{\"@type\":\"ListItem\",\"position\":3,\"name\":\"Ensino de Argumenta\u00e7\u00e3o: pr\u00e1tica social, forma\u00e7\u00e3o e ag\u00eancia\"}]},{\"@type\":\"WebSite\",\"@id\":\"https:\\\/\\\/ponteseditores.com.br\\\/loja3\\\/#website\",\"url\":\"https:\\\/\\\/ponteseditores.com.br\\\/loja3\\\/\",\"name\":\"Pontes Editores\",\"description\":\"Pontes Editores\",\"publisher\":{\"@id\":\"https:\\\/\\\/ponteseditores.com.br\\\/loja3\\\/#organization\"},\"potentialAction\":[{\"@type\":\"SearchAction\",\"target\":{\"@type\":\"EntryPoint\",\"urlTemplate\":\"https:\\\/\\\/ponteseditores.com.br\\\/loja3\\\/?s={search_term_string}\"},\"query-input\":{\"@type\":\"PropertyValueSpecification\",\"valueRequired\":true,\"valueName\":\"search_term_string\"}}],\"inLanguage\":\"pt-BR\"},{\"@type\":\"Organization\",\"@id\":\"https:\\\/\\\/ponteseditores.com.br\\\/loja3\\\/#organization\",\"name\":\"Pontes Editores\",\"url\":\"https:\\\/\\\/ponteseditores.com.br\\\/loja3\\\/\",\"logo\":{\"@type\":\"ImageObject\",\"inLanguage\":\"pt-BR\",\"@id\":\"https:\\\/\\\/ponteseditores.com.br\\\/loja3\\\/#\\\/schema\\\/logo\\\/image\\\/\",\"url\":\"https:\\\/\\\/ponteseditores.com.br\\\/loja3\\\/wp-content\\\/uploads\\\/2023\\\/12\\\/logo-pontes-editores-v2.png\",\"contentUrl\":\"https:\\\/\\\/ponteseditores.com.br\\\/loja3\\\/wp-content\\\/uploads\\\/2023\\\/12\\\/logo-pontes-editores-v2.png\",\"width\":258,\"height\":100,\"caption\":\"Pontes Editores\"},\"image\":{\"@id\":\"https:\\\/\\\/ponteseditores.com.br\\\/loja3\\\/#\\\/schema\\\/logo\\\/image\\\/\"}}]}<\/script>\n<!-- \/ Yoast SEO plugin. -->","yoast_head_json":{"title":"Ensino de Argumenta\u00e7\u00e3o: pr\u00e1tica social, forma\u00e7\u00e3o e ag\u00eancia - Pontes Editores","robots":{"index":"index","follow":"follow","max-snippet":"max-snippet:-1","max-image-preview":"max-image-preview:large","max-video-preview":"max-video-preview:-1"},"canonical":"https:\/\/ponteseditores.com.br\/loja3\/pontes-editores-home-2__trashed\/ebook\/lancamento-e-book\/ensino-de-argumentacao-pratica-social-formacao-e-agencia-2\/","og_locale":"pt_BR","og_type":"article","og_title":"Ensino de Argumenta\u00e7\u00e3o: pr\u00e1tica social, forma\u00e7\u00e3o e ag\u00eancia - Pontes Editores","og_description":"\u201cLa lectura de esta obra nos deja una certeza: ense\u00f1ar a argumentar es ense\u00f1ar a escuchar, a pensar con otros, a tomar posici\u00f3n. Es apostar por una formaci\u00f3n que no separa teor\u00eda de pr\u00e1ctica, ni palabra de acci\u00f3n. Las propuestas pedag\u00f3gicas aqu\u00ed reunidas nos muestran que la argumentaci\u00f3n puede ser vivida como experiencia formativa, como [&hellip;]","og_url":"https:\/\/ponteseditores.com.br\/loja3\/pontes-editores-home-2__trashed\/ebook\/lancamento-e-book\/ensino-de-argumentacao-pratica-social-formacao-e-agencia-2\/","og_site_name":"Pontes Editores","og_image":[{"width":1767,"height":2560,"url":"https:\/\/ponteseditores.com.br\/loja3\/wp-content\/uploads\/2025\/05\/Capa_Argumentacao-scaled.jpg","type":"image\/jpeg"}],"twitter_card":"summary_large_image","twitter_misc":{"Est. tempo de leitura":"1 minuto"},"schema":{"@context":"https:\/\/schema.org","@graph":[{"@type":"WebPage","@id":"https:\/\/ponteseditores.com.br\/loja3\/pontes-editores-home-2__trashed\/ebook\/lancamento-e-book\/ensino-de-argumentacao-pratica-social-formacao-e-agencia-2\/","url":"https:\/\/ponteseditores.com.br\/loja3\/pontes-editores-home-2__trashed\/ebook\/lancamento-e-book\/ensino-de-argumentacao-pratica-social-formacao-e-agencia-2\/","name":"Ensino de Argumenta\u00e7\u00e3o: pr\u00e1tica social, forma\u00e7\u00e3o e ag\u00eancia - Pontes Editores","isPartOf":{"@id":"https:\/\/ponteseditores.com.br\/loja3\/#website"},"primaryImageOfPage":{"@id":"https:\/\/ponteseditores.com.br\/loja3\/pontes-editores-home-2__trashed\/ebook\/lancamento-e-book\/ensino-de-argumentacao-pratica-social-formacao-e-agencia-2\/#primaryimage"},"image":{"@id":"https:\/\/ponteseditores.com.br\/loja3\/pontes-editores-home-2__trashed\/ebook\/lancamento-e-book\/ensino-de-argumentacao-pratica-social-formacao-e-agencia-2\/#primaryimage"},"thumbnailUrl":"https:\/\/ponteseditores.com.br\/loja3\/wp-content\/uploads\/2025\/05\/Capa_Argumentacao-scaled.jpg","datePublished":"2025-08-26T15:47:46+00:00","breadcrumb":{"@id":"https:\/\/ponteseditores.com.br\/loja3\/pontes-editores-home-2__trashed\/ebook\/lancamento-e-book\/ensino-de-argumentacao-pratica-social-formacao-e-agencia-2\/#breadcrumb"},"inLanguage":"pt-BR","potentialAction":[{"@type":"ReadAction","target":["https:\/\/ponteseditores.com.br\/loja3\/pontes-editores-home-2__trashed\/ebook\/lancamento-e-book\/ensino-de-argumentacao-pratica-social-formacao-e-agencia-2\/"]}]},{"@type":"ImageObject","inLanguage":"pt-BR","@id":"https:\/\/ponteseditores.com.br\/loja3\/pontes-editores-home-2__trashed\/ebook\/lancamento-e-book\/ensino-de-argumentacao-pratica-social-formacao-e-agencia-2\/#primaryimage","url":"https:\/\/ponteseditores.com.br\/loja3\/wp-content\/uploads\/2025\/05\/Capa_Argumentacao-scaled.jpg","contentUrl":"https:\/\/ponteseditores.com.br\/loja3\/wp-content\/uploads\/2025\/05\/Capa_Argumentacao-scaled.jpg","width":1767,"height":2560},{"@type":"BreadcrumbList","@id":"https:\/\/ponteseditores.com.br\/loja3\/pontes-editores-home-2__trashed\/ebook\/lancamento-e-book\/ensino-de-argumentacao-pratica-social-formacao-e-agencia-2\/#breadcrumb","itemListElement":[{"@type":"ListItem","position":1,"name":"Home","item":"https:\/\/ponteseditores.com.br\/loja3\/"},{"@type":"ListItem","position":2,"name":"loja","item":"https:\/\/ponteseditores.com.br\/loja3\/loja\/"},{"@type":"ListItem","position":3,"name":"Ensino de Argumenta\u00e7\u00e3o: pr\u00e1tica social, forma\u00e7\u00e3o e ag\u00eancia"}]},{"@type":"WebSite","@id":"https:\/\/ponteseditores.com.br\/loja3\/#website","url":"https:\/\/ponteseditores.com.br\/loja3\/","name":"Pontes Editores","description":"Pontes Editores","publisher":{"@id":"https:\/\/ponteseditores.com.br\/loja3\/#organization"},"potentialAction":[{"@type":"SearchAction","target":{"@type":"EntryPoint","urlTemplate":"https:\/\/ponteseditores.com.br\/loja3\/?s={search_term_string}"},"query-input":{"@type":"PropertyValueSpecification","valueRequired":true,"valueName":"search_term_string"}}],"inLanguage":"pt-BR"},{"@type":"Organization","@id":"https:\/\/ponteseditores.com.br\/loja3\/#organization","name":"Pontes Editores","url":"https:\/\/ponteseditores.com.br\/loja3\/","logo":{"@type":"ImageObject","inLanguage":"pt-BR","@id":"https:\/\/ponteseditores.com.br\/loja3\/#\/schema\/logo\/image\/","url":"https:\/\/ponteseditores.com.br\/loja3\/wp-content\/uploads\/2023\/12\/logo-pontes-editores-v2.png","contentUrl":"https:\/\/ponteseditores.com.br\/loja3\/wp-content\/uploads\/2023\/12\/logo-pontes-editores-v2.png","width":258,"height":100,"caption":"Pontes Editores"},"image":{"@id":"https:\/\/ponteseditores.com.br\/loja3\/#\/schema\/logo\/image\/"}}]}},"_links":{"self":[{"href":"https:\/\/ponteseditores.com.br\/loja3\/wp-json\/wp\/v2\/product\/29579","targetHints":{"allow":["GET"]}}],"collection":[{"href":"https:\/\/ponteseditores.com.br\/loja3\/wp-json\/wp\/v2\/product"}],"about":[{"href":"https:\/\/ponteseditores.com.br\/loja3\/wp-json\/wp\/v2\/types\/product"}],"replies":[{"embeddable":true,"href":"https:\/\/ponteseditores.com.br\/loja3\/wp-json\/wp\/v2\/comments?post=29579"}],"version-history":[{"count":1,"href":"https:\/\/ponteseditores.com.br\/loja3\/wp-json\/wp\/v2\/product\/29579\/revisions"}],"predecessor-version":[{"id":29583,"href":"https:\/\/ponteseditores.com.br\/loja3\/wp-json\/wp\/v2\/product\/29579\/revisions\/29583"}],"wp:featuredmedia":[{"embeddable":true,"href":"https:\/\/ponteseditores.com.br\/loja3\/wp-json\/wp\/v2\/media\/25799"}],"wp:attachment":[{"href":"https:\/\/ponteseditores.com.br\/loja3\/wp-json\/wp\/v2\/media?parent=29579"}],"wp:term":[{"taxonomy":"product_brand","embeddable":true,"href":"https:\/\/ponteseditores.com.br\/loja3\/wp-json\/wp\/v2\/product_brand?post=29579"},{"taxonomy":"product_cat","embeddable":true,"href":"https:\/\/ponteseditores.com.br\/loja3\/wp-json\/wp\/v2\/product_cat?post=29579"},{"taxonomy":"product_tag","embeddable":true,"href":"https:\/\/ponteseditores.com.br\/loja3\/wp-json\/wp\/v2\/product_tag?post=29579"}],"curies":[{"name":"wp","href":"https:\/\/api.w.org\/{rel}","templated":true}]}}