{"id":29243,"date":"2025-08-19T11:58:40","date_gmt":"2025-08-19T14:58:40","guid":{"rendered":"https:\/\/ponteseditores.com.br\/loja3\/?post_type=product&#038;p=29243"},"modified":"2025-08-19T11:58:40","modified_gmt":"2025-08-19T14:58:40","slug":"linguistica-aplicada-estudos-dialogicos-e-praticas-de-linguagem-horizontes","status":"publish","type":"product","link":"https:\/\/ponteseditores.com.br\/loja3\/pontes-editores-home-2__trashed\/ebook\/lancamento-e-book\/linguistica-aplicada-estudos-dialogicos-e-praticas-de-linguagem-horizontes\/","title":{"rendered":"Lingu\u00edstica aplicada, estudos dial\u00f3gicos e pr\u00e1ticas de linguagem: horizontes"},"content":{"rendered":"<p>Esta obra re\u00fane o campo de visibilidade \u2013 os horizontes \u2013 de pesquisadores, em forma\u00e7\u00e3o e consolidados, de diferentes institui\u00e7\u00f5es do Brasil e do exterior, que se debru\u00e7am sobre tem\u00e1ticas que envolvem a educa\u00e7\u00e3o, a forma\u00e7\u00e3o docente, as institui\u00e7\u00f5es sociais, as rela\u00e7\u00f5es interpessoais, tomando-as como fen\u00f4menos em constante movimento de constru\u00e7\u00e3o, de ressignifica\u00e7\u00e3o e de transforma\u00e7\u00e3o a partir das pr\u00e1ticas de linguagem. Trata-se de estudos e pesquisas que t\u00eam em comum a preocupa\u00e7\u00e3o com a linguagem em uso, com a intera\u00e7\u00e3o verbal situada s\u00f3cio e historicamente, e que compactuam com o compromisso pol\u00edtico e social da LA de (re) descrever a realidade constitu\u00edda.<\/p>\n<p>Assim, s\u00e3o provoca\u00e7\u00f5es discursivas que contribuem para a consolida\u00e7\u00e3o da LA como uma arena dial\u00f3gica, implicada, respons\u00e1vel, n\u00e3o-conformada, emancipadora.<\/p>\n","protected":false},"excerpt":{"rendered":"<p>Esta obra re\u00fane o campo de visibilidade \u2013 os horizontes \u2013 de pesquisadores, em forma\u00e7\u00e3o e consolidados, de diferentes institui\u00e7\u00f5es do Brasil e do exterior, que se debru\u00e7am sobre tem\u00e1ticas que envolvem a educa\u00e7\u00e3o, a forma\u00e7\u00e3o docente, as institui\u00e7\u00f5es sociais, as rela\u00e7\u00f5es interpessoais, tomando-as como fen\u00f4menos em constante movimento de constru\u00e7\u00e3o, de ressignifica\u00e7\u00e3o e de [&hellip;]<\/p>\n","protected":false},"featured_media":29245,"comment_status":"open","ping_status":"closed","template":"","meta":{"_joinchat":[]},"product_brand":[],"product_cat":[165,386],"product_tag":[],"class_list":{"0":"post-29243","1":"product","2":"type-product","3":"status-publish","4":"has-post-thumbnail","6":"product_cat-ebook","7":"product_cat-lancamento-e-book","9":"first","10":"instock","11":"downloadable","12":"virtual","13":"purchasable","14":"product-type-simple"},"yoast_head":"<!-- This site is optimized with the Yoast SEO plugin v27.4 - https:\/\/yoast.com\/product\/yoast-seo-wordpress\/ -->\n<title>Lingu\u00edstica aplicada, estudos dial\u00f3gicos e pr\u00e1ticas de linguagem: horizontes - Pontes Editores<\/title>\n<meta name=\"robots\" content=\"index, follow, max-snippet:-1, max-image-preview:large, max-video-preview:-1\" \/>\n<link rel=\"canonical\" href=\"https:\/\/ponteseditores.com.br\/loja3\/pontes-editores-home-2__trashed\/ebook\/lancamento-e-book\/linguistica-aplicada-estudos-dialogicos-e-praticas-de-linguagem-horizontes\/\" \/>\n<meta property=\"og:locale\" content=\"pt_BR\" \/>\n<meta property=\"og:type\" content=\"article\" \/>\n<meta property=\"og:title\" content=\"Lingu\u00edstica aplicada, estudos dial\u00f3gicos e pr\u00e1ticas de linguagem: horizontes - Pontes Editores\" \/>\n<meta property=\"og:description\" content=\"Esta obra re\u00fane o campo de visibilidade \u2013 os horizontes \u2013 de pesquisadores, em forma\u00e7\u00e3o e consolidados, de diferentes institui\u00e7\u00f5es do Brasil e do exterior, que se debru\u00e7am sobre tem\u00e1ticas que envolvem a educa\u00e7\u00e3o, a forma\u00e7\u00e3o docente, as institui\u00e7\u00f5es sociais, as rela\u00e7\u00f5es interpessoais, tomando-as como fen\u00f4menos em constante movimento de constru\u00e7\u00e3o, de ressignifica\u00e7\u00e3o e de [&hellip;]\" \/>\n<meta property=\"og:url\" content=\"https:\/\/ponteseditores.com.br\/loja3\/pontes-editores-home-2__trashed\/ebook\/lancamento-e-book\/linguistica-aplicada-estudos-dialogicos-e-praticas-de-linguagem-horizontes\/\" \/>\n<meta property=\"og:site_name\" content=\"Pontes Editores\" \/>\n<meta property=\"og:image\" content=\"https:\/\/ponteseditores.com.br\/loja3\/wp-content\/uploads\/2025\/08\/Capa_Linguistica-aplicada.jpg\" \/>\n\t<meta property=\"og:image:width\" content=\"800\" \/>\n\t<meta property=\"og:image:height\" content=\"1159\" \/>\n\t<meta property=\"og:image:type\" content=\"image\/jpeg\" \/>\n<meta name=\"twitter:card\" content=\"summary_large_image\" \/>\n<meta name=\"twitter:label1\" content=\"Est. tempo de leitura\" \/>\n\t<meta name=\"twitter:data1\" content=\"1 minuto\" \/>\n<script type=\"application\/ld+json\" class=\"yoast-schema-graph\">{\"@context\":\"https:\\\/\\\/schema.org\",\"@graph\":[{\"@type\":\"WebPage\",\"@id\":\"https:\\\/\\\/ponteseditores.com.br\\\/loja3\\\/pontes-editores-home-2__trashed\\\/ebook\\\/lancamento-e-book\\\/linguistica-aplicada-estudos-dialogicos-e-praticas-de-linguagem-horizontes\\\/\",\"url\":\"https:\\\/\\\/ponteseditores.com.br\\\/loja3\\\/pontes-editores-home-2__trashed\\\/ebook\\\/lancamento-e-book\\\/linguistica-aplicada-estudos-dialogicos-e-praticas-de-linguagem-horizontes\\\/\",\"name\":\"Lingu\u00edstica aplicada, estudos dial\u00f3gicos e pr\u00e1ticas de linguagem: horizontes - Pontes Editores\",\"isPartOf\":{\"@id\":\"https:\\\/\\\/ponteseditores.com.br\\\/loja3\\\/#website\"},\"primaryImageOfPage\":{\"@id\":\"https:\\\/\\\/ponteseditores.com.br\\\/loja3\\\/pontes-editores-home-2__trashed\\\/ebook\\\/lancamento-e-book\\\/linguistica-aplicada-estudos-dialogicos-e-praticas-de-linguagem-horizontes\\\/#primaryimage\"},\"image\":{\"@id\":\"https:\\\/\\\/ponteseditores.com.br\\\/loja3\\\/pontes-editores-home-2__trashed\\\/ebook\\\/lancamento-e-book\\\/linguistica-aplicada-estudos-dialogicos-e-praticas-de-linguagem-horizontes\\\/#primaryimage\"},\"thumbnailUrl\":\"https:\\\/\\\/ponteseditores.com.br\\\/loja3\\\/wp-content\\\/uploads\\\/2025\\\/08\\\/Capa_Linguistica-aplicada.jpg\",\"datePublished\":\"2025-08-19T14:58:40+00:00\",\"breadcrumb\":{\"@id\":\"https:\\\/\\\/ponteseditores.com.br\\\/loja3\\\/pontes-editores-home-2__trashed\\\/ebook\\\/lancamento-e-book\\\/linguistica-aplicada-estudos-dialogicos-e-praticas-de-linguagem-horizontes\\\/#breadcrumb\"},\"inLanguage\":\"pt-BR\",\"potentialAction\":[{\"@type\":\"ReadAction\",\"target\":[\"https:\\\/\\\/ponteseditores.com.br\\\/loja3\\\/pontes-editores-home-2__trashed\\\/ebook\\\/lancamento-e-book\\\/linguistica-aplicada-estudos-dialogicos-e-praticas-de-linguagem-horizontes\\\/\"]}]},{\"@type\":\"ImageObject\",\"inLanguage\":\"pt-BR\",\"@id\":\"https:\\\/\\\/ponteseditores.com.br\\\/loja3\\\/pontes-editores-home-2__trashed\\\/ebook\\\/lancamento-e-book\\\/linguistica-aplicada-estudos-dialogicos-e-praticas-de-linguagem-horizontes\\\/#primaryimage\",\"url\":\"https:\\\/\\\/ponteseditores.com.br\\\/loja3\\\/wp-content\\\/uploads\\\/2025\\\/08\\\/Capa_Linguistica-aplicada.jpg\",\"contentUrl\":\"https:\\\/\\\/ponteseditores.com.br\\\/loja3\\\/wp-content\\\/uploads\\\/2025\\\/08\\\/Capa_Linguistica-aplicada.jpg\",\"width\":800,\"height\":1159},{\"@type\":\"BreadcrumbList\",\"@id\":\"https:\\\/\\\/ponteseditores.com.br\\\/loja3\\\/pontes-editores-home-2__trashed\\\/ebook\\\/lancamento-e-book\\\/linguistica-aplicada-estudos-dialogicos-e-praticas-de-linguagem-horizontes\\\/#breadcrumb\",\"itemListElement\":[{\"@type\":\"ListItem\",\"position\":1,\"name\":\"Home\",\"item\":\"https:\\\/\\\/ponteseditores.com.br\\\/loja3\\\/\"},{\"@type\":\"ListItem\",\"position\":2,\"name\":\"loja\",\"item\":\"https:\\\/\\\/ponteseditores.com.br\\\/loja3\\\/loja\\\/\"},{\"@type\":\"ListItem\",\"position\":3,\"name\":\"Lingu\u00edstica aplicada, estudos dial\u00f3gicos e pr\u00e1ticas de linguagem: horizontes\"}]},{\"@type\":\"WebSite\",\"@id\":\"https:\\\/\\\/ponteseditores.com.br\\\/loja3\\\/#website\",\"url\":\"https:\\\/\\\/ponteseditores.com.br\\\/loja3\\\/\",\"name\":\"Pontes Editores\",\"description\":\"Pontes Editores\",\"publisher\":{\"@id\":\"https:\\\/\\\/ponteseditores.com.br\\\/loja3\\\/#organization\"},\"potentialAction\":[{\"@type\":\"SearchAction\",\"target\":{\"@type\":\"EntryPoint\",\"urlTemplate\":\"https:\\\/\\\/ponteseditores.com.br\\\/loja3\\\/?s={search_term_string}\"},\"query-input\":{\"@type\":\"PropertyValueSpecification\",\"valueRequired\":true,\"valueName\":\"search_term_string\"}}],\"inLanguage\":\"pt-BR\"},{\"@type\":\"Organization\",\"@id\":\"https:\\\/\\\/ponteseditores.com.br\\\/loja3\\\/#organization\",\"name\":\"Pontes Editores\",\"url\":\"https:\\\/\\\/ponteseditores.com.br\\\/loja3\\\/\",\"logo\":{\"@type\":\"ImageObject\",\"inLanguage\":\"pt-BR\",\"@id\":\"https:\\\/\\\/ponteseditores.com.br\\\/loja3\\\/#\\\/schema\\\/logo\\\/image\\\/\",\"url\":\"https:\\\/\\\/ponteseditores.com.br\\\/loja3\\\/wp-content\\\/uploads\\\/2023\\\/12\\\/logo-pontes-editores-v2.png\",\"contentUrl\":\"https:\\\/\\\/ponteseditores.com.br\\\/loja3\\\/wp-content\\\/uploads\\\/2023\\\/12\\\/logo-pontes-editores-v2.png\",\"width\":258,\"height\":100,\"caption\":\"Pontes Editores\"},\"image\":{\"@id\":\"https:\\\/\\\/ponteseditores.com.br\\\/loja3\\\/#\\\/schema\\\/logo\\\/image\\\/\"}}]}<\/script>\n<!-- \/ Yoast SEO plugin. -->","yoast_head_json":{"title":"Lingu\u00edstica aplicada, estudos dial\u00f3gicos e pr\u00e1ticas de linguagem: horizontes - Pontes Editores","robots":{"index":"index","follow":"follow","max-snippet":"max-snippet:-1","max-image-preview":"max-image-preview:large","max-video-preview":"max-video-preview:-1"},"canonical":"https:\/\/ponteseditores.com.br\/loja3\/pontes-editores-home-2__trashed\/ebook\/lancamento-e-book\/linguistica-aplicada-estudos-dialogicos-e-praticas-de-linguagem-horizontes\/","og_locale":"pt_BR","og_type":"article","og_title":"Lingu\u00edstica aplicada, estudos dial\u00f3gicos e pr\u00e1ticas de linguagem: horizontes - Pontes Editores","og_description":"Esta obra re\u00fane o campo de visibilidade \u2013 os horizontes \u2013 de pesquisadores, em forma\u00e7\u00e3o e consolidados, de diferentes institui\u00e7\u00f5es do Brasil e do exterior, que se debru\u00e7am sobre tem\u00e1ticas que envolvem a educa\u00e7\u00e3o, a forma\u00e7\u00e3o docente, as institui\u00e7\u00f5es sociais, as rela\u00e7\u00f5es interpessoais, tomando-as como fen\u00f4menos em constante movimento de constru\u00e7\u00e3o, de ressignifica\u00e7\u00e3o e de [&hellip;]","og_url":"https:\/\/ponteseditores.com.br\/loja3\/pontes-editores-home-2__trashed\/ebook\/lancamento-e-book\/linguistica-aplicada-estudos-dialogicos-e-praticas-de-linguagem-horizontes\/","og_site_name":"Pontes Editores","og_image":[{"width":800,"height":1159,"url":"https:\/\/ponteseditores.com.br\/loja3\/wp-content\/uploads\/2025\/08\/Capa_Linguistica-aplicada.jpg","type":"image\/jpeg"}],"twitter_card":"summary_large_image","twitter_misc":{"Est. tempo de leitura":"1 minuto"},"schema":{"@context":"https:\/\/schema.org","@graph":[{"@type":"WebPage","@id":"https:\/\/ponteseditores.com.br\/loja3\/pontes-editores-home-2__trashed\/ebook\/lancamento-e-book\/linguistica-aplicada-estudos-dialogicos-e-praticas-de-linguagem-horizontes\/","url":"https:\/\/ponteseditores.com.br\/loja3\/pontes-editores-home-2__trashed\/ebook\/lancamento-e-book\/linguistica-aplicada-estudos-dialogicos-e-praticas-de-linguagem-horizontes\/","name":"Lingu\u00edstica aplicada, estudos dial\u00f3gicos e pr\u00e1ticas de linguagem: horizontes - Pontes Editores","isPartOf":{"@id":"https:\/\/ponteseditores.com.br\/loja3\/#website"},"primaryImageOfPage":{"@id":"https:\/\/ponteseditores.com.br\/loja3\/pontes-editores-home-2__trashed\/ebook\/lancamento-e-book\/linguistica-aplicada-estudos-dialogicos-e-praticas-de-linguagem-horizontes\/#primaryimage"},"image":{"@id":"https:\/\/ponteseditores.com.br\/loja3\/pontes-editores-home-2__trashed\/ebook\/lancamento-e-book\/linguistica-aplicada-estudos-dialogicos-e-praticas-de-linguagem-horizontes\/#primaryimage"},"thumbnailUrl":"https:\/\/ponteseditores.com.br\/loja3\/wp-content\/uploads\/2025\/08\/Capa_Linguistica-aplicada.jpg","datePublished":"2025-08-19T14:58:40+00:00","breadcrumb":{"@id":"https:\/\/ponteseditores.com.br\/loja3\/pontes-editores-home-2__trashed\/ebook\/lancamento-e-book\/linguistica-aplicada-estudos-dialogicos-e-praticas-de-linguagem-horizontes\/#breadcrumb"},"inLanguage":"pt-BR","potentialAction":[{"@type":"ReadAction","target":["https:\/\/ponteseditores.com.br\/loja3\/pontes-editores-home-2__trashed\/ebook\/lancamento-e-book\/linguistica-aplicada-estudos-dialogicos-e-praticas-de-linguagem-horizontes\/"]}]},{"@type":"ImageObject","inLanguage":"pt-BR","@id":"https:\/\/ponteseditores.com.br\/loja3\/pontes-editores-home-2__trashed\/ebook\/lancamento-e-book\/linguistica-aplicada-estudos-dialogicos-e-praticas-de-linguagem-horizontes\/#primaryimage","url":"https:\/\/ponteseditores.com.br\/loja3\/wp-content\/uploads\/2025\/08\/Capa_Linguistica-aplicada.jpg","contentUrl":"https:\/\/ponteseditores.com.br\/loja3\/wp-content\/uploads\/2025\/08\/Capa_Linguistica-aplicada.jpg","width":800,"height":1159},{"@type":"BreadcrumbList","@id":"https:\/\/ponteseditores.com.br\/loja3\/pontes-editores-home-2__trashed\/ebook\/lancamento-e-book\/linguistica-aplicada-estudos-dialogicos-e-praticas-de-linguagem-horizontes\/#breadcrumb","itemListElement":[{"@type":"ListItem","position":1,"name":"Home","item":"https:\/\/ponteseditores.com.br\/loja3\/"},{"@type":"ListItem","position":2,"name":"loja","item":"https:\/\/ponteseditores.com.br\/loja3\/loja\/"},{"@type":"ListItem","position":3,"name":"Lingu\u00edstica aplicada, estudos dial\u00f3gicos e pr\u00e1ticas de linguagem: horizontes"}]},{"@type":"WebSite","@id":"https:\/\/ponteseditores.com.br\/loja3\/#website","url":"https:\/\/ponteseditores.com.br\/loja3\/","name":"Pontes Editores","description":"Pontes Editores","publisher":{"@id":"https:\/\/ponteseditores.com.br\/loja3\/#organization"},"potentialAction":[{"@type":"SearchAction","target":{"@type":"EntryPoint","urlTemplate":"https:\/\/ponteseditores.com.br\/loja3\/?s={search_term_string}"},"query-input":{"@type":"PropertyValueSpecification","valueRequired":true,"valueName":"search_term_string"}}],"inLanguage":"pt-BR"},{"@type":"Organization","@id":"https:\/\/ponteseditores.com.br\/loja3\/#organization","name":"Pontes Editores","url":"https:\/\/ponteseditores.com.br\/loja3\/","logo":{"@type":"ImageObject","inLanguage":"pt-BR","@id":"https:\/\/ponteseditores.com.br\/loja3\/#\/schema\/logo\/image\/","url":"https:\/\/ponteseditores.com.br\/loja3\/wp-content\/uploads\/2023\/12\/logo-pontes-editores-v2.png","contentUrl":"https:\/\/ponteseditores.com.br\/loja3\/wp-content\/uploads\/2023\/12\/logo-pontes-editores-v2.png","width":258,"height":100,"caption":"Pontes Editores"},"image":{"@id":"https:\/\/ponteseditores.com.br\/loja3\/#\/schema\/logo\/image\/"}}]}},"_links":{"self":[{"href":"https:\/\/ponteseditores.com.br\/loja3\/wp-json\/wp\/v2\/product\/29243","targetHints":{"allow":["GET"]}}],"collection":[{"href":"https:\/\/ponteseditores.com.br\/loja3\/wp-json\/wp\/v2\/product"}],"about":[{"href":"https:\/\/ponteseditores.com.br\/loja3\/wp-json\/wp\/v2\/types\/product"}],"replies":[{"embeddable":true,"href":"https:\/\/ponteseditores.com.br\/loja3\/wp-json\/wp\/v2\/comments?post=29243"}],"version-history":[{"count":1,"href":"https:\/\/ponteseditores.com.br\/loja3\/wp-json\/wp\/v2\/product\/29243\/revisions"}],"predecessor-version":[{"id":29246,"href":"https:\/\/ponteseditores.com.br\/loja3\/wp-json\/wp\/v2\/product\/29243\/revisions\/29246"}],"wp:featuredmedia":[{"embeddable":true,"href":"https:\/\/ponteseditores.com.br\/loja3\/wp-json\/wp\/v2\/media\/29245"}],"wp:attachment":[{"href":"https:\/\/ponteseditores.com.br\/loja3\/wp-json\/wp\/v2\/media?parent=29243"}],"wp:term":[{"taxonomy":"product_brand","embeddable":true,"href":"https:\/\/ponteseditores.com.br\/loja3\/wp-json\/wp\/v2\/product_brand?post=29243"},{"taxonomy":"product_cat","embeddable":true,"href":"https:\/\/ponteseditores.com.br\/loja3\/wp-json\/wp\/v2\/product_cat?post=29243"},{"taxonomy":"product_tag","embeddable":true,"href":"https:\/\/ponteseditores.com.br\/loja3\/wp-json\/wp\/v2\/product_tag?post=29243"}],"curies":[{"name":"wp","href":"https:\/\/api.w.org\/{rel}","templated":true}]}}