{"id":29035,"date":"2025-08-15T11:12:56","date_gmt":"2025-08-15T14:12:56","guid":{"rendered":"https:\/\/ponteseditores.com.br\/loja3\/?post_type=product&#038;p=29035"},"modified":"2025-08-15T11:12:57","modified_gmt":"2025-08-15T14:12:57","slug":"estudos-da-linguagem-ensino-e-pesquisa-na-formacao-docente-2","status":"publish","type":"product","link":"https:\/\/ponteseditores.com.br\/loja3\/pontes-editores-home-2__trashed\/ebook\/lancamento-e-book\/estudos-da-linguagem-ensino-e-pesquisa-na-formacao-docente-2\/","title":{"rendered":"Estudos da linguagem: ensino e pesquisa na forma\u00e7\u00e3o docente"},"content":{"rendered":"<p>Pensar a tr\u00edade ensino, pesquisa e forma\u00e7\u00e3o \u00e9 tarefa \u00e1rdua e, ao mesmo tempo, complexa. \u00c9 ineg\u00e1vel a relev\u00e2ncia desses eixos no processo de constitui\u00e7\u00e3o do sujeito social e acad\u00eamico, uma vez que, sem a pesquisa, o ensino e a forma\u00e7\u00e3o encerram-se em fragilidades te\u00f3ricas. Muito da responsabilidade pela renova\u00e7\u00e3o te\u00f3rica pertence ao pesquisador, e cabe ao docente a tarefa de propagar conhecimentos, formando, pois, novos e perspicazes pesquisadores. Essa gera\u00e7\u00e3o de professores-pesquisadores, ou pesquisadores-professores, tem como demonstra\u00e7\u00e3o a presente colet\u00e2nea, cujos cap\u00edtulos interconectam ensino, forma\u00e7\u00e3o e pesquisa de maneira s\u00f3lida e profunda. Este livro oferece uma reflex\u00e3o abrangente sobre ensino, linguagem e discurso, abordando diferentes perspectivas te\u00f3ricas e metodol\u00f3gicas que dialogam entre si. Os estudos aqui presentes contribuem para o aprofundamento de quest\u00f5es centrais no campo da educa\u00e7\u00e3o lingu\u00edstica, da an\u00e1lise do discurso e dos estudos liter\u00e1rios, ampliando o entendimento sobre os desafios e as possibilidades de atua\u00e7\u00e3o na \u00e1rea. A diversidade de abordagens e tem\u00e1ticas presentes na colet\u00e2nea permite um olhar multifacetado sobre o campo da educa\u00e7\u00e3o e da linguagem, contribuindo para um debate acad\u00eamico necess\u00e1rio e atual.<\/p>\n<p>A articula\u00e7\u00e3o entre teoria e pr\u00e1tica, presente nos estudos aqui apresentados, refor\u00e7a a import\u00e2ncia de uma educa\u00e7\u00e3o que dialogue com a realidade dos alunos e com as transforma\u00e7\u00f5es sociais em curso, promovendo um ensino mais cr\u00edtico, reflexivo e inclusivo.<\/p>\n<p>&nbsp;<\/p>\n<p><em>Ivan Marcos Ribeiro<\/em><\/p>\n<p>Universidade Federal de Uberl\u00e2ndia<\/p>\n","protected":false},"excerpt":{"rendered":"<p>Pensar a tr\u00edade ensino, pesquisa e forma\u00e7\u00e3o \u00e9 tarefa \u00e1rdua e, ao mesmo tempo, complexa. \u00c9 ineg\u00e1vel a relev\u00e2ncia desses eixos no processo de constitui\u00e7\u00e3o do sujeito social e acad\u00eamico, uma vez que, sem a pesquisa, o ensino e a forma\u00e7\u00e3o encerram-se em fragilidades te\u00f3ricas. Muito da responsabilidade pela renova\u00e7\u00e3o te\u00f3rica pertence ao pesquisador, e [&hellip;]<\/p>\n","protected":false},"featured_media":29033,"comment_status":"open","ping_status":"closed","template":"","meta":{"_joinchat":[]},"product_brand":[],"product_cat":[165,386],"product_tag":[],"class_list":{"0":"post-29035","1":"product","2":"type-product","3":"status-publish","4":"has-post-thumbnail","6":"product_cat-ebook","7":"product_cat-lancamento-e-book","9":"first","10":"instock","11":"downloadable","12":"virtual","13":"purchasable","14":"product-type-simple"},"yoast_head":"<!-- This site is optimized with the Yoast SEO plugin v27.3 - https:\/\/yoast.com\/product\/yoast-seo-wordpress\/ -->\n<title>Estudos da linguagem: ensino e pesquisa na forma\u00e7\u00e3o docente - Pontes Editores<\/title>\n<meta name=\"robots\" content=\"index, follow, max-snippet:-1, max-image-preview:large, max-video-preview:-1\" \/>\n<link rel=\"canonical\" href=\"https:\/\/ponteseditores.com.br\/loja3\/pontes-editores-home-2__trashed\/ebook\/lancamento-e-book\/estudos-da-linguagem-ensino-e-pesquisa-na-formacao-docente-2\/\" \/>\n<meta property=\"og:locale\" content=\"pt_BR\" \/>\n<meta property=\"og:type\" content=\"article\" \/>\n<meta property=\"og:title\" content=\"Estudos da linguagem: ensino e pesquisa na forma\u00e7\u00e3o docente - Pontes Editores\" \/>\n<meta property=\"og:description\" content=\"Pensar a tr\u00edade ensino, pesquisa e forma\u00e7\u00e3o \u00e9 tarefa \u00e1rdua e, ao mesmo tempo, complexa. \u00c9 ineg\u00e1vel a relev\u00e2ncia desses eixos no processo de constitui\u00e7\u00e3o do sujeito social e acad\u00eamico, uma vez que, sem a pesquisa, o ensino e a forma\u00e7\u00e3o encerram-se em fragilidades te\u00f3ricas. Muito da responsabilidade pela renova\u00e7\u00e3o te\u00f3rica pertence ao pesquisador, e [&hellip;]\" \/>\n<meta property=\"og:url\" content=\"https:\/\/ponteseditores.com.br\/loja3\/pontes-editores-home-2__trashed\/ebook\/lancamento-e-book\/estudos-da-linguagem-ensino-e-pesquisa-na-formacao-docente-2\/\" \/>\n<meta property=\"og:site_name\" content=\"Pontes Editores\" \/>\n<meta property=\"article:modified_time\" content=\"2025-08-15T14:12:57+00:00\" \/>\n<meta property=\"og:image\" content=\"https:\/\/ponteseditores.com.br\/loja3\/wp-content\/uploads\/2025\/08\/Capa_Estudos-de-Linguagem.jpg\" \/>\n\t<meta property=\"og:image:width\" content=\"800\" \/>\n\t<meta property=\"og:image:height\" content=\"1159\" \/>\n\t<meta property=\"og:image:type\" content=\"image\/jpeg\" \/>\n<meta name=\"twitter:card\" content=\"summary_large_image\" \/>\n<meta name=\"twitter:label1\" content=\"Est. tempo de leitura\" \/>\n\t<meta name=\"twitter:data1\" content=\"2 minutos\" \/>\n<script type=\"application\/ld+json\" class=\"yoast-schema-graph\">{\"@context\":\"https:\\\/\\\/schema.org\",\"@graph\":[{\"@type\":\"WebPage\",\"@id\":\"https:\\\/\\\/ponteseditores.com.br\\\/loja3\\\/pontes-editores-home-2__trashed\\\/ebook\\\/lancamento-e-book\\\/estudos-da-linguagem-ensino-e-pesquisa-na-formacao-docente-2\\\/\",\"url\":\"https:\\\/\\\/ponteseditores.com.br\\\/loja3\\\/pontes-editores-home-2__trashed\\\/ebook\\\/lancamento-e-book\\\/estudos-da-linguagem-ensino-e-pesquisa-na-formacao-docente-2\\\/\",\"name\":\"Estudos da linguagem: ensino e pesquisa na forma\u00e7\u00e3o docente - Pontes Editores\",\"isPartOf\":{\"@id\":\"https:\\\/\\\/ponteseditores.com.br\\\/loja3\\\/#website\"},\"primaryImageOfPage\":{\"@id\":\"https:\\\/\\\/ponteseditores.com.br\\\/loja3\\\/pontes-editores-home-2__trashed\\\/ebook\\\/lancamento-e-book\\\/estudos-da-linguagem-ensino-e-pesquisa-na-formacao-docente-2\\\/#primaryimage\"},\"image\":{\"@id\":\"https:\\\/\\\/ponteseditores.com.br\\\/loja3\\\/pontes-editores-home-2__trashed\\\/ebook\\\/lancamento-e-book\\\/estudos-da-linguagem-ensino-e-pesquisa-na-formacao-docente-2\\\/#primaryimage\"},\"thumbnailUrl\":\"https:\\\/\\\/ponteseditores.com.br\\\/loja3\\\/wp-content\\\/uploads\\\/2025\\\/08\\\/Capa_Estudos-de-Linguagem.jpg\",\"datePublished\":\"2025-08-15T14:12:56+00:00\",\"dateModified\":\"2025-08-15T14:12:57+00:00\",\"breadcrumb\":{\"@id\":\"https:\\\/\\\/ponteseditores.com.br\\\/loja3\\\/pontes-editores-home-2__trashed\\\/ebook\\\/lancamento-e-book\\\/estudos-da-linguagem-ensino-e-pesquisa-na-formacao-docente-2\\\/#breadcrumb\"},\"inLanguage\":\"pt-BR\",\"potentialAction\":[{\"@type\":\"ReadAction\",\"target\":[\"https:\\\/\\\/ponteseditores.com.br\\\/loja3\\\/pontes-editores-home-2__trashed\\\/ebook\\\/lancamento-e-book\\\/estudos-da-linguagem-ensino-e-pesquisa-na-formacao-docente-2\\\/\"]}]},{\"@type\":\"ImageObject\",\"inLanguage\":\"pt-BR\",\"@id\":\"https:\\\/\\\/ponteseditores.com.br\\\/loja3\\\/pontes-editores-home-2__trashed\\\/ebook\\\/lancamento-e-book\\\/estudos-da-linguagem-ensino-e-pesquisa-na-formacao-docente-2\\\/#primaryimage\",\"url\":\"https:\\\/\\\/ponteseditores.com.br\\\/loja3\\\/wp-content\\\/uploads\\\/2025\\\/08\\\/Capa_Estudos-de-Linguagem.jpg\",\"contentUrl\":\"https:\\\/\\\/ponteseditores.com.br\\\/loja3\\\/wp-content\\\/uploads\\\/2025\\\/08\\\/Capa_Estudos-de-Linguagem.jpg\",\"width\":800,\"height\":1159},{\"@type\":\"BreadcrumbList\",\"@id\":\"https:\\\/\\\/ponteseditores.com.br\\\/loja3\\\/pontes-editores-home-2__trashed\\\/ebook\\\/lancamento-e-book\\\/estudos-da-linguagem-ensino-e-pesquisa-na-formacao-docente-2\\\/#breadcrumb\",\"itemListElement\":[{\"@type\":\"ListItem\",\"position\":1,\"name\":\"Home\",\"item\":\"https:\\\/\\\/ponteseditores.com.br\\\/loja3\\\/\"},{\"@type\":\"ListItem\",\"position\":2,\"name\":\"loja\",\"item\":\"https:\\\/\\\/ponteseditores.com.br\\\/loja3\\\/loja\\\/\"},{\"@type\":\"ListItem\",\"position\":3,\"name\":\"Estudos da linguagem: ensino e pesquisa na forma\u00e7\u00e3o docente\"}]},{\"@type\":\"WebSite\",\"@id\":\"https:\\\/\\\/ponteseditores.com.br\\\/loja3\\\/#website\",\"url\":\"https:\\\/\\\/ponteseditores.com.br\\\/loja3\\\/\",\"name\":\"Pontes Editores\",\"description\":\"Pontes Editores\",\"publisher\":{\"@id\":\"https:\\\/\\\/ponteseditores.com.br\\\/loja3\\\/#organization\"},\"potentialAction\":[{\"@type\":\"SearchAction\",\"target\":{\"@type\":\"EntryPoint\",\"urlTemplate\":\"https:\\\/\\\/ponteseditores.com.br\\\/loja3\\\/?s={search_term_string}\"},\"query-input\":{\"@type\":\"PropertyValueSpecification\",\"valueRequired\":true,\"valueName\":\"search_term_string\"}}],\"inLanguage\":\"pt-BR\"},{\"@type\":\"Organization\",\"@id\":\"https:\\\/\\\/ponteseditores.com.br\\\/loja3\\\/#organization\",\"name\":\"Pontes Editores\",\"url\":\"https:\\\/\\\/ponteseditores.com.br\\\/loja3\\\/\",\"logo\":{\"@type\":\"ImageObject\",\"inLanguage\":\"pt-BR\",\"@id\":\"https:\\\/\\\/ponteseditores.com.br\\\/loja3\\\/#\\\/schema\\\/logo\\\/image\\\/\",\"url\":\"https:\\\/\\\/ponteseditores.com.br\\\/loja3\\\/wp-content\\\/uploads\\\/2023\\\/12\\\/logo-pontes-editores-v2.png\",\"contentUrl\":\"https:\\\/\\\/ponteseditores.com.br\\\/loja3\\\/wp-content\\\/uploads\\\/2023\\\/12\\\/logo-pontes-editores-v2.png\",\"width\":258,\"height\":100,\"caption\":\"Pontes Editores\"},\"image\":{\"@id\":\"https:\\\/\\\/ponteseditores.com.br\\\/loja3\\\/#\\\/schema\\\/logo\\\/image\\\/\"}}]}<\/script>\n<!-- \/ Yoast SEO plugin. -->","yoast_head_json":{"title":"Estudos da linguagem: ensino e pesquisa na forma\u00e7\u00e3o docente - Pontes Editores","robots":{"index":"index","follow":"follow","max-snippet":"max-snippet:-1","max-image-preview":"max-image-preview:large","max-video-preview":"max-video-preview:-1"},"canonical":"https:\/\/ponteseditores.com.br\/loja3\/pontes-editores-home-2__trashed\/ebook\/lancamento-e-book\/estudos-da-linguagem-ensino-e-pesquisa-na-formacao-docente-2\/","og_locale":"pt_BR","og_type":"article","og_title":"Estudos da linguagem: ensino e pesquisa na forma\u00e7\u00e3o docente - Pontes Editores","og_description":"Pensar a tr\u00edade ensino, pesquisa e forma\u00e7\u00e3o \u00e9 tarefa \u00e1rdua e, ao mesmo tempo, complexa. \u00c9 ineg\u00e1vel a relev\u00e2ncia desses eixos no processo de constitui\u00e7\u00e3o do sujeito social e acad\u00eamico, uma vez que, sem a pesquisa, o ensino e a forma\u00e7\u00e3o encerram-se em fragilidades te\u00f3ricas. Muito da responsabilidade pela renova\u00e7\u00e3o te\u00f3rica pertence ao pesquisador, e [&hellip;]","og_url":"https:\/\/ponteseditores.com.br\/loja3\/pontes-editores-home-2__trashed\/ebook\/lancamento-e-book\/estudos-da-linguagem-ensino-e-pesquisa-na-formacao-docente-2\/","og_site_name":"Pontes Editores","article_modified_time":"2025-08-15T14:12:57+00:00","og_image":[{"width":800,"height":1159,"url":"https:\/\/ponteseditores.com.br\/loja3\/wp-content\/uploads\/2025\/08\/Capa_Estudos-de-Linguagem.jpg","type":"image\/jpeg"}],"twitter_card":"summary_large_image","twitter_misc":{"Est. tempo de leitura":"2 minutos"},"schema":{"@context":"https:\/\/schema.org","@graph":[{"@type":"WebPage","@id":"https:\/\/ponteseditores.com.br\/loja3\/pontes-editores-home-2__trashed\/ebook\/lancamento-e-book\/estudos-da-linguagem-ensino-e-pesquisa-na-formacao-docente-2\/","url":"https:\/\/ponteseditores.com.br\/loja3\/pontes-editores-home-2__trashed\/ebook\/lancamento-e-book\/estudos-da-linguagem-ensino-e-pesquisa-na-formacao-docente-2\/","name":"Estudos da linguagem: ensino e pesquisa na forma\u00e7\u00e3o docente - Pontes Editores","isPartOf":{"@id":"https:\/\/ponteseditores.com.br\/loja3\/#website"},"primaryImageOfPage":{"@id":"https:\/\/ponteseditores.com.br\/loja3\/pontes-editores-home-2__trashed\/ebook\/lancamento-e-book\/estudos-da-linguagem-ensino-e-pesquisa-na-formacao-docente-2\/#primaryimage"},"image":{"@id":"https:\/\/ponteseditores.com.br\/loja3\/pontes-editores-home-2__trashed\/ebook\/lancamento-e-book\/estudos-da-linguagem-ensino-e-pesquisa-na-formacao-docente-2\/#primaryimage"},"thumbnailUrl":"https:\/\/ponteseditores.com.br\/loja3\/wp-content\/uploads\/2025\/08\/Capa_Estudos-de-Linguagem.jpg","datePublished":"2025-08-15T14:12:56+00:00","dateModified":"2025-08-15T14:12:57+00:00","breadcrumb":{"@id":"https:\/\/ponteseditores.com.br\/loja3\/pontes-editores-home-2__trashed\/ebook\/lancamento-e-book\/estudos-da-linguagem-ensino-e-pesquisa-na-formacao-docente-2\/#breadcrumb"},"inLanguage":"pt-BR","potentialAction":[{"@type":"ReadAction","target":["https:\/\/ponteseditores.com.br\/loja3\/pontes-editores-home-2__trashed\/ebook\/lancamento-e-book\/estudos-da-linguagem-ensino-e-pesquisa-na-formacao-docente-2\/"]}]},{"@type":"ImageObject","inLanguage":"pt-BR","@id":"https:\/\/ponteseditores.com.br\/loja3\/pontes-editores-home-2__trashed\/ebook\/lancamento-e-book\/estudos-da-linguagem-ensino-e-pesquisa-na-formacao-docente-2\/#primaryimage","url":"https:\/\/ponteseditores.com.br\/loja3\/wp-content\/uploads\/2025\/08\/Capa_Estudos-de-Linguagem.jpg","contentUrl":"https:\/\/ponteseditores.com.br\/loja3\/wp-content\/uploads\/2025\/08\/Capa_Estudos-de-Linguagem.jpg","width":800,"height":1159},{"@type":"BreadcrumbList","@id":"https:\/\/ponteseditores.com.br\/loja3\/pontes-editores-home-2__trashed\/ebook\/lancamento-e-book\/estudos-da-linguagem-ensino-e-pesquisa-na-formacao-docente-2\/#breadcrumb","itemListElement":[{"@type":"ListItem","position":1,"name":"Home","item":"https:\/\/ponteseditores.com.br\/loja3\/"},{"@type":"ListItem","position":2,"name":"loja","item":"https:\/\/ponteseditores.com.br\/loja3\/loja\/"},{"@type":"ListItem","position":3,"name":"Estudos da linguagem: ensino e pesquisa na forma\u00e7\u00e3o docente"}]},{"@type":"WebSite","@id":"https:\/\/ponteseditores.com.br\/loja3\/#website","url":"https:\/\/ponteseditores.com.br\/loja3\/","name":"Pontes Editores","description":"Pontes Editores","publisher":{"@id":"https:\/\/ponteseditores.com.br\/loja3\/#organization"},"potentialAction":[{"@type":"SearchAction","target":{"@type":"EntryPoint","urlTemplate":"https:\/\/ponteseditores.com.br\/loja3\/?s={search_term_string}"},"query-input":{"@type":"PropertyValueSpecification","valueRequired":true,"valueName":"search_term_string"}}],"inLanguage":"pt-BR"},{"@type":"Organization","@id":"https:\/\/ponteseditores.com.br\/loja3\/#organization","name":"Pontes Editores","url":"https:\/\/ponteseditores.com.br\/loja3\/","logo":{"@type":"ImageObject","inLanguage":"pt-BR","@id":"https:\/\/ponteseditores.com.br\/loja3\/#\/schema\/logo\/image\/","url":"https:\/\/ponteseditores.com.br\/loja3\/wp-content\/uploads\/2023\/12\/logo-pontes-editores-v2.png","contentUrl":"https:\/\/ponteseditores.com.br\/loja3\/wp-content\/uploads\/2023\/12\/logo-pontes-editores-v2.png","width":258,"height":100,"caption":"Pontes Editores"},"image":{"@id":"https:\/\/ponteseditores.com.br\/loja3\/#\/schema\/logo\/image\/"}}]}},"_links":{"self":[{"href":"https:\/\/ponteseditores.com.br\/loja3\/wp-json\/wp\/v2\/product\/29035","targetHints":{"allow":["GET"]}}],"collection":[{"href":"https:\/\/ponteseditores.com.br\/loja3\/wp-json\/wp\/v2\/product"}],"about":[{"href":"https:\/\/ponteseditores.com.br\/loja3\/wp-json\/wp\/v2\/types\/product"}],"replies":[{"embeddable":true,"href":"https:\/\/ponteseditores.com.br\/loja3\/wp-json\/wp\/v2\/comments?post=29035"}],"version-history":[{"count":1,"href":"https:\/\/ponteseditores.com.br\/loja3\/wp-json\/wp\/v2\/product\/29035\/revisions"}],"predecessor-version":[{"id":29037,"href":"https:\/\/ponteseditores.com.br\/loja3\/wp-json\/wp\/v2\/product\/29035\/revisions\/29037"}],"wp:featuredmedia":[{"embeddable":true,"href":"https:\/\/ponteseditores.com.br\/loja3\/wp-json\/wp\/v2\/media\/29033"}],"wp:attachment":[{"href":"https:\/\/ponteseditores.com.br\/loja3\/wp-json\/wp\/v2\/media?parent=29035"}],"wp:term":[{"taxonomy":"product_brand","embeddable":true,"href":"https:\/\/ponteseditores.com.br\/loja3\/wp-json\/wp\/v2\/product_brand?post=29035"},{"taxonomy":"product_cat","embeddable":true,"href":"https:\/\/ponteseditores.com.br\/loja3\/wp-json\/wp\/v2\/product_cat?post=29035"},{"taxonomy":"product_tag","embeddable":true,"href":"https:\/\/ponteseditores.com.br\/loja3\/wp-json\/wp\/v2\/product_tag?post=29035"}],"curies":[{"name":"wp","href":"https:\/\/api.w.org\/{rel}","templated":true}]}}