{"id":28990,"date":"2025-08-14T10:42:22","date_gmt":"2025-08-14T13:42:22","guid":{"rendered":"https:\/\/ponteseditores.com.br\/loja3\/?post_type=product&#038;p=28990"},"modified":"2025-08-14T10:43:35","modified_gmt":"2025-08-14T13:43:35","slug":"linguagens-culturas-docencia-implicacoes-2","status":"publish","type":"product","link":"https:\/\/ponteseditores.com.br\/loja3\/pontes-editores-home-2__trashed\/ebook\/lancamento-e-book\/linguagens-culturas-docencia-implicacoes-2\/","title":{"rendered":"Linguagens, Culturas, Doc\u00eancia: implica\u00e7\u00f5es"},"content":{"rendered":"<p>Os tr\u00eas conceitos que d\u00e3o nome \u00e0 obra t\u00eam sido amplamente referenciados e vozeados por especialistas, professores formadores e professores da educa\u00e7\u00e3o b\u00e1sica, a partir de diversos enquadres te\u00f3rico-metodol\u00f3gicos. E \u00e9 exatamente com essa mobiliza\u00e7\u00e3o recorrente que justificamos a for\u00e7a de nossa escolha: sempre teremos aspectos silentes para serem angulados em recortes de problemas sociais e quest\u00f5es concretas de linguagem.<\/p>\n<p>Aqui, damos vaz\u00e3o a enquadres em Lingu\u00edstica Aplicada. Essa \u00e1rea transdisciplinar tem nos ensinado como recortes locais da realidade singularizam o fazer pesquisa no campo, sempre \u201c[\u2026] traduzindo-a para a nossa realidade [que] \u00e9 espec\u00edfica para cada um de n\u00f3s\u201d (Rajagopalan,2010, p. 6).<\/p>\n<p>Fazer LA implica estarmos sempre engajados cronotopicamente e responsivamente com pautas que nos (co)movem como sujeitos sociais. Assim, reagimos de modo situado a quest\u00f5es que, embora sejam locais, adquirem for\u00e7a translocal dado o exerc\u00edcio pol\u00edtico acionado por cada discuss\u00e3o social (Pennycook, 2010).<\/p>\n","protected":false},"excerpt":{"rendered":"<p>Os tr\u00eas conceitos que d\u00e3o nome \u00e0 obra t\u00eam sido amplamente referenciados e vozeados por especialistas, professores formadores e professores da educa\u00e7\u00e3o b\u00e1sica, a partir de diversos enquadres te\u00f3rico-metodol\u00f3gicos. E \u00e9 exatamente com essa mobiliza\u00e7\u00e3o recorrente que justificamos a for\u00e7a de nossa escolha: sempre teremos aspectos silentes para serem angulados em recortes de problemas sociais [&hellip;]<\/p>\n","protected":false},"featured_media":27357,"comment_status":"open","ping_status":"closed","template":"","meta":{"_joinchat":[]},"product_brand":[],"product_cat":[165,386],"product_tag":[],"class_list":{"0":"post-28990","1":"product","2":"type-product","3":"status-publish","4":"has-post-thumbnail","6":"product_cat-ebook","7":"product_cat-lancamento-e-book","9":"first","10":"instock","11":"downloadable","12":"virtual","13":"purchasable","14":"product-type-simple"},"yoast_head":"<!-- This site is optimized with the Yoast SEO plugin v27.4 - https:\/\/yoast.com\/product\/yoast-seo-wordpress\/ -->\n<title>Linguagens, Culturas, Doc\u00eancia: implica\u00e7\u00f5es - Pontes Editores<\/title>\n<meta name=\"robots\" content=\"index, follow, max-snippet:-1, max-image-preview:large, max-video-preview:-1\" \/>\n<link rel=\"canonical\" href=\"https:\/\/ponteseditores.com.br\/loja3\/pontes-editores-home-2__trashed\/ebook\/lancamento-e-book\/linguagens-culturas-docencia-implicacoes-2\/\" \/>\n<meta property=\"og:locale\" content=\"pt_BR\" \/>\n<meta property=\"og:type\" content=\"article\" \/>\n<meta property=\"og:title\" content=\"Linguagens, Culturas, Doc\u00eancia: implica\u00e7\u00f5es - Pontes Editores\" \/>\n<meta property=\"og:description\" content=\"Os tr\u00eas conceitos que d\u00e3o nome \u00e0 obra t\u00eam sido amplamente referenciados e vozeados por especialistas, professores formadores e professores da educa\u00e7\u00e3o b\u00e1sica, a partir de diversos enquadres te\u00f3rico-metodol\u00f3gicos. E \u00e9 exatamente com essa mobiliza\u00e7\u00e3o recorrente que justificamos a for\u00e7a de nossa escolha: sempre teremos aspectos silentes para serem angulados em recortes de problemas sociais [&hellip;]\" \/>\n<meta property=\"og:url\" content=\"https:\/\/ponteseditores.com.br\/loja3\/pontes-editores-home-2__trashed\/ebook\/lancamento-e-book\/linguagens-culturas-docencia-implicacoes-2\/\" \/>\n<meta property=\"og:site_name\" content=\"Pontes Editores\" \/>\n<meta property=\"article:modified_time\" content=\"2025-08-14T13:43:35+00:00\" \/>\n<meta property=\"og:image\" content=\"https:\/\/ponteseditores.com.br\/loja3\/wp-content\/uploads\/2025\/07\/Capa_Linguagens.jpg\" \/>\n\t<meta property=\"og:image:width\" content=\"800\" \/>\n\t<meta property=\"og:image:height\" content=\"1159\" \/>\n\t<meta property=\"og:image:type\" content=\"image\/jpeg\" \/>\n<meta name=\"twitter:card\" content=\"summary_large_image\" \/>\n<meta name=\"twitter:label1\" content=\"Est. tempo de leitura\" \/>\n\t<meta name=\"twitter:data1\" content=\"1 minuto\" \/>\n<script type=\"application\/ld+json\" class=\"yoast-schema-graph\">{\"@context\":\"https:\\\/\\\/schema.org\",\"@graph\":[{\"@type\":\"WebPage\",\"@id\":\"https:\\\/\\\/ponteseditores.com.br\\\/loja3\\\/pontes-editores-home-2__trashed\\\/ebook\\\/lancamento-e-book\\\/linguagens-culturas-docencia-implicacoes-2\\\/\",\"url\":\"https:\\\/\\\/ponteseditores.com.br\\\/loja3\\\/pontes-editores-home-2__trashed\\\/ebook\\\/lancamento-e-book\\\/linguagens-culturas-docencia-implicacoes-2\\\/\",\"name\":\"Linguagens, Culturas, Doc\u00eancia: implica\u00e7\u00f5es - Pontes Editores\",\"isPartOf\":{\"@id\":\"https:\\\/\\\/ponteseditores.com.br\\\/loja3\\\/#website\"},\"primaryImageOfPage\":{\"@id\":\"https:\\\/\\\/ponteseditores.com.br\\\/loja3\\\/pontes-editores-home-2__trashed\\\/ebook\\\/lancamento-e-book\\\/linguagens-culturas-docencia-implicacoes-2\\\/#primaryimage\"},\"image\":{\"@id\":\"https:\\\/\\\/ponteseditores.com.br\\\/loja3\\\/pontes-editores-home-2__trashed\\\/ebook\\\/lancamento-e-book\\\/linguagens-culturas-docencia-implicacoes-2\\\/#primaryimage\"},\"thumbnailUrl\":\"https:\\\/\\\/ponteseditores.com.br\\\/loja3\\\/wp-content\\\/uploads\\\/2025\\\/07\\\/Capa_Linguagens.jpg\",\"datePublished\":\"2025-08-14T13:42:22+00:00\",\"dateModified\":\"2025-08-14T13:43:35+00:00\",\"breadcrumb\":{\"@id\":\"https:\\\/\\\/ponteseditores.com.br\\\/loja3\\\/pontes-editores-home-2__trashed\\\/ebook\\\/lancamento-e-book\\\/linguagens-culturas-docencia-implicacoes-2\\\/#breadcrumb\"},\"inLanguage\":\"pt-BR\",\"potentialAction\":[{\"@type\":\"ReadAction\",\"target\":[\"https:\\\/\\\/ponteseditores.com.br\\\/loja3\\\/pontes-editores-home-2__trashed\\\/ebook\\\/lancamento-e-book\\\/linguagens-culturas-docencia-implicacoes-2\\\/\"]}]},{\"@type\":\"ImageObject\",\"inLanguage\":\"pt-BR\",\"@id\":\"https:\\\/\\\/ponteseditores.com.br\\\/loja3\\\/pontes-editores-home-2__trashed\\\/ebook\\\/lancamento-e-book\\\/linguagens-culturas-docencia-implicacoes-2\\\/#primaryimage\",\"url\":\"https:\\\/\\\/ponteseditores.com.br\\\/loja3\\\/wp-content\\\/uploads\\\/2025\\\/07\\\/Capa_Linguagens.jpg\",\"contentUrl\":\"https:\\\/\\\/ponteseditores.com.br\\\/loja3\\\/wp-content\\\/uploads\\\/2025\\\/07\\\/Capa_Linguagens.jpg\",\"width\":800,\"height\":1159},{\"@type\":\"BreadcrumbList\",\"@id\":\"https:\\\/\\\/ponteseditores.com.br\\\/loja3\\\/pontes-editores-home-2__trashed\\\/ebook\\\/lancamento-e-book\\\/linguagens-culturas-docencia-implicacoes-2\\\/#breadcrumb\",\"itemListElement\":[{\"@type\":\"ListItem\",\"position\":1,\"name\":\"Home\",\"item\":\"https:\\\/\\\/ponteseditores.com.br\\\/loja3\\\/\"},{\"@type\":\"ListItem\",\"position\":2,\"name\":\"loja\",\"item\":\"https:\\\/\\\/ponteseditores.com.br\\\/loja3\\\/loja\\\/\"},{\"@type\":\"ListItem\",\"position\":3,\"name\":\"Linguagens, Culturas, Doc\u00eancia: implica\u00e7\u00f5es\"}]},{\"@type\":\"WebSite\",\"@id\":\"https:\\\/\\\/ponteseditores.com.br\\\/loja3\\\/#website\",\"url\":\"https:\\\/\\\/ponteseditores.com.br\\\/loja3\\\/\",\"name\":\"Pontes Editores\",\"description\":\"Pontes Editores\",\"publisher\":{\"@id\":\"https:\\\/\\\/ponteseditores.com.br\\\/loja3\\\/#organization\"},\"potentialAction\":[{\"@type\":\"SearchAction\",\"target\":{\"@type\":\"EntryPoint\",\"urlTemplate\":\"https:\\\/\\\/ponteseditores.com.br\\\/loja3\\\/?s={search_term_string}\"},\"query-input\":{\"@type\":\"PropertyValueSpecification\",\"valueRequired\":true,\"valueName\":\"search_term_string\"}}],\"inLanguage\":\"pt-BR\"},{\"@type\":\"Organization\",\"@id\":\"https:\\\/\\\/ponteseditores.com.br\\\/loja3\\\/#organization\",\"name\":\"Pontes Editores\",\"url\":\"https:\\\/\\\/ponteseditores.com.br\\\/loja3\\\/\",\"logo\":{\"@type\":\"ImageObject\",\"inLanguage\":\"pt-BR\",\"@id\":\"https:\\\/\\\/ponteseditores.com.br\\\/loja3\\\/#\\\/schema\\\/logo\\\/image\\\/\",\"url\":\"https:\\\/\\\/ponteseditores.com.br\\\/loja3\\\/wp-content\\\/uploads\\\/2023\\\/12\\\/logo-pontes-editores-v2.png\",\"contentUrl\":\"https:\\\/\\\/ponteseditores.com.br\\\/loja3\\\/wp-content\\\/uploads\\\/2023\\\/12\\\/logo-pontes-editores-v2.png\",\"width\":258,\"height\":100,\"caption\":\"Pontes Editores\"},\"image\":{\"@id\":\"https:\\\/\\\/ponteseditores.com.br\\\/loja3\\\/#\\\/schema\\\/logo\\\/image\\\/\"}}]}<\/script>\n<!-- \/ Yoast SEO plugin. -->","yoast_head_json":{"title":"Linguagens, Culturas, Doc\u00eancia: implica\u00e7\u00f5es - Pontes Editores","robots":{"index":"index","follow":"follow","max-snippet":"max-snippet:-1","max-image-preview":"max-image-preview:large","max-video-preview":"max-video-preview:-1"},"canonical":"https:\/\/ponteseditores.com.br\/loja3\/pontes-editores-home-2__trashed\/ebook\/lancamento-e-book\/linguagens-culturas-docencia-implicacoes-2\/","og_locale":"pt_BR","og_type":"article","og_title":"Linguagens, Culturas, Doc\u00eancia: implica\u00e7\u00f5es - Pontes Editores","og_description":"Os tr\u00eas conceitos que d\u00e3o nome \u00e0 obra t\u00eam sido amplamente referenciados e vozeados por especialistas, professores formadores e professores da educa\u00e7\u00e3o b\u00e1sica, a partir de diversos enquadres te\u00f3rico-metodol\u00f3gicos. E \u00e9 exatamente com essa mobiliza\u00e7\u00e3o recorrente que justificamos a for\u00e7a de nossa escolha: sempre teremos aspectos silentes para serem angulados em recortes de problemas sociais [&hellip;]","og_url":"https:\/\/ponteseditores.com.br\/loja3\/pontes-editores-home-2__trashed\/ebook\/lancamento-e-book\/linguagens-culturas-docencia-implicacoes-2\/","og_site_name":"Pontes Editores","article_modified_time":"2025-08-14T13:43:35+00:00","og_image":[{"width":800,"height":1159,"url":"https:\/\/ponteseditores.com.br\/loja3\/wp-content\/uploads\/2025\/07\/Capa_Linguagens.jpg","type":"image\/jpeg"}],"twitter_card":"summary_large_image","twitter_misc":{"Est. tempo de leitura":"1 minuto"},"schema":{"@context":"https:\/\/schema.org","@graph":[{"@type":"WebPage","@id":"https:\/\/ponteseditores.com.br\/loja3\/pontes-editores-home-2__trashed\/ebook\/lancamento-e-book\/linguagens-culturas-docencia-implicacoes-2\/","url":"https:\/\/ponteseditores.com.br\/loja3\/pontes-editores-home-2__trashed\/ebook\/lancamento-e-book\/linguagens-culturas-docencia-implicacoes-2\/","name":"Linguagens, Culturas, Doc\u00eancia: implica\u00e7\u00f5es - Pontes Editores","isPartOf":{"@id":"https:\/\/ponteseditores.com.br\/loja3\/#website"},"primaryImageOfPage":{"@id":"https:\/\/ponteseditores.com.br\/loja3\/pontes-editores-home-2__trashed\/ebook\/lancamento-e-book\/linguagens-culturas-docencia-implicacoes-2\/#primaryimage"},"image":{"@id":"https:\/\/ponteseditores.com.br\/loja3\/pontes-editores-home-2__trashed\/ebook\/lancamento-e-book\/linguagens-culturas-docencia-implicacoes-2\/#primaryimage"},"thumbnailUrl":"https:\/\/ponteseditores.com.br\/loja3\/wp-content\/uploads\/2025\/07\/Capa_Linguagens.jpg","datePublished":"2025-08-14T13:42:22+00:00","dateModified":"2025-08-14T13:43:35+00:00","breadcrumb":{"@id":"https:\/\/ponteseditores.com.br\/loja3\/pontes-editores-home-2__trashed\/ebook\/lancamento-e-book\/linguagens-culturas-docencia-implicacoes-2\/#breadcrumb"},"inLanguage":"pt-BR","potentialAction":[{"@type":"ReadAction","target":["https:\/\/ponteseditores.com.br\/loja3\/pontes-editores-home-2__trashed\/ebook\/lancamento-e-book\/linguagens-culturas-docencia-implicacoes-2\/"]}]},{"@type":"ImageObject","inLanguage":"pt-BR","@id":"https:\/\/ponteseditores.com.br\/loja3\/pontes-editores-home-2__trashed\/ebook\/lancamento-e-book\/linguagens-culturas-docencia-implicacoes-2\/#primaryimage","url":"https:\/\/ponteseditores.com.br\/loja3\/wp-content\/uploads\/2025\/07\/Capa_Linguagens.jpg","contentUrl":"https:\/\/ponteseditores.com.br\/loja3\/wp-content\/uploads\/2025\/07\/Capa_Linguagens.jpg","width":800,"height":1159},{"@type":"BreadcrumbList","@id":"https:\/\/ponteseditores.com.br\/loja3\/pontes-editores-home-2__trashed\/ebook\/lancamento-e-book\/linguagens-culturas-docencia-implicacoes-2\/#breadcrumb","itemListElement":[{"@type":"ListItem","position":1,"name":"Home","item":"https:\/\/ponteseditores.com.br\/loja3\/"},{"@type":"ListItem","position":2,"name":"loja","item":"https:\/\/ponteseditores.com.br\/loja3\/loja\/"},{"@type":"ListItem","position":3,"name":"Linguagens, Culturas, Doc\u00eancia: implica\u00e7\u00f5es"}]},{"@type":"WebSite","@id":"https:\/\/ponteseditores.com.br\/loja3\/#website","url":"https:\/\/ponteseditores.com.br\/loja3\/","name":"Pontes Editores","description":"Pontes Editores","publisher":{"@id":"https:\/\/ponteseditores.com.br\/loja3\/#organization"},"potentialAction":[{"@type":"SearchAction","target":{"@type":"EntryPoint","urlTemplate":"https:\/\/ponteseditores.com.br\/loja3\/?s={search_term_string}"},"query-input":{"@type":"PropertyValueSpecification","valueRequired":true,"valueName":"search_term_string"}}],"inLanguage":"pt-BR"},{"@type":"Organization","@id":"https:\/\/ponteseditores.com.br\/loja3\/#organization","name":"Pontes Editores","url":"https:\/\/ponteseditores.com.br\/loja3\/","logo":{"@type":"ImageObject","inLanguage":"pt-BR","@id":"https:\/\/ponteseditores.com.br\/loja3\/#\/schema\/logo\/image\/","url":"https:\/\/ponteseditores.com.br\/loja3\/wp-content\/uploads\/2023\/12\/logo-pontes-editores-v2.png","contentUrl":"https:\/\/ponteseditores.com.br\/loja3\/wp-content\/uploads\/2023\/12\/logo-pontes-editores-v2.png","width":258,"height":100,"caption":"Pontes Editores"},"image":{"@id":"https:\/\/ponteseditores.com.br\/loja3\/#\/schema\/logo\/image\/"}}]}},"_links":{"self":[{"href":"https:\/\/ponteseditores.com.br\/loja3\/wp-json\/wp\/v2\/product\/28990","targetHints":{"allow":["GET"]}}],"collection":[{"href":"https:\/\/ponteseditores.com.br\/loja3\/wp-json\/wp\/v2\/product"}],"about":[{"href":"https:\/\/ponteseditores.com.br\/loja3\/wp-json\/wp\/v2\/types\/product"}],"replies":[{"embeddable":true,"href":"https:\/\/ponteseditores.com.br\/loja3\/wp-json\/wp\/v2\/comments?post=28990"}],"version-history":[{"count":1,"href":"https:\/\/ponteseditores.com.br\/loja3\/wp-json\/wp\/v2\/product\/28990\/revisions"}],"predecessor-version":[{"id":28992,"href":"https:\/\/ponteseditores.com.br\/loja3\/wp-json\/wp\/v2\/product\/28990\/revisions\/28992"}],"wp:featuredmedia":[{"embeddable":true,"href":"https:\/\/ponteseditores.com.br\/loja3\/wp-json\/wp\/v2\/media\/27357"}],"wp:attachment":[{"href":"https:\/\/ponteseditores.com.br\/loja3\/wp-json\/wp\/v2\/media?parent=28990"}],"wp:term":[{"taxonomy":"product_brand","embeddable":true,"href":"https:\/\/ponteseditores.com.br\/loja3\/wp-json\/wp\/v2\/product_brand?post=28990"},{"taxonomy":"product_cat","embeddable":true,"href":"https:\/\/ponteseditores.com.br\/loja3\/wp-json\/wp\/v2\/product_cat?post=28990"},{"taxonomy":"product_tag","embeddable":true,"href":"https:\/\/ponteseditores.com.br\/loja3\/wp-json\/wp\/v2\/product_tag?post=28990"}],"curies":[{"name":"wp","href":"https:\/\/api.w.org\/{rel}","templated":true}]}}