{"id":28678,"date":"2025-08-08T11:02:25","date_gmt":"2025-08-08T14:02:25","guid":{"rendered":"https:\/\/ponteseditores.com.br\/loja3\/?post_type=product&#038;p=28678"},"modified":"2025-08-08T11:02:26","modified_gmt":"2025-08-08T14:02:26","slug":"poeticas-da-resistencia-itinerarios-das-literaturas-africanas-2","status":"publish","type":"product","link":"https:\/\/ponteseditores.com.br\/loja3\/pontes-editores-home-2__trashed\/ebook\/lancamento-e-book\/poeticas-da-resistencia-itinerarios-das-literaturas-africanas-2\/","title":{"rendered":"Po\u00e9ticas da Resist\u00eancia: itiner\u00e1rios das literaturas africanas"},"content":{"rendered":"<p>Esta publica\u00e7\u00e3o re\u00fane artigos acad\u00eamicos originados de pesquisas e reflex\u00f5es que abarcam os itiner\u00e1rios das literaturas africanas e seu car\u00e1ter de resist\u00eancia no mundo contempor\u00e2neo. Tendo em conta que muito das teorias africanas foram e t\u00eam sido produzidas por africanos e afrodescendentes fora de \u00c1frica, a exemplo das teses de Fanon que foram pensadas e discutidas entre o Caribe e a Europa antes de serem incorporadas aos movimentos de liberta\u00e7\u00e3o em \u00c1frica, e das literaturas africanas contempor\u00e2neas escritas por imigrantes em contextos americanos e europeus, al\u00e9m daquelas produzidas por afrodescendentes, como \u00e9 o caso do Brasil, a escolha da abordagem da publica\u00e7\u00e3o proposta se concentra na cultura da itiner\u00e2ncia como na ideia mesma de exist\u00eancias, subjetividades deslocadas dentro e fora de \u00c1frica, destacando-se as po\u00e9ticas em contextos de criouliza\u00e7\u00e3o e insularidade, como as de Cabo Verde, Guin\u00e9 Equatorial e Guin\u00e9 Bissau, que acabam por constitu\u00edrem itiner\u00e1rios po\u00e9ticos de resist\u00eancia nos seus v\u00e1rios contextos e condi\u00e7\u00f5es de cria\u00e7\u00e3o.<\/p>\n<p>Essa proposta vincula v\u00e1rias pesquisadoras da UFSC e de outras IES, nacionais e internacionais, que desenvolvem trabalhos acad\u00eamicos na \u00e1rea das literaturas africanas demonstrando que este \u00e9 um campo de interesse crescente e provavelmente um dos mais importantes na atualidade a partir n\u00e3o s\u00f3 do enfrentamento do legado colonial do racismo estrutural com o apagamento das hist\u00f3rias e autorias afrodescendentes e africanas, mas tamb\u00e9m pela necess\u00e1ria descoloniza\u00e7\u00e3o epistemol\u00f3gica e acad\u00eamica que tem como princ\u00edpio a inclus\u00e3o de literaturas minorit\u00e1rias e suas transversalidades, como as citadas no item anterior.<\/p>\n<p>Pretende-se que essa publica\u00e7\u00e3o seja significativa deste compromisso do PPGLIT\/UFSC tanto para a comunidade acad\u00eamica interna como externa.<\/p>\n","protected":false},"excerpt":{"rendered":"<p>Esta publica\u00e7\u00e3o re\u00fane artigos acad\u00eamicos originados de pesquisas e reflex\u00f5es que abarcam os itiner\u00e1rios das literaturas africanas e seu car\u00e1ter de resist\u00eancia no mundo contempor\u00e2neo. Tendo em conta que muito das teorias africanas foram e t\u00eam sido produzidas por africanos e afrodescendentes fora de \u00c1frica, a exemplo das teses de Fanon que foram pensadas e [&hellip;]<\/p>\n","protected":false},"featured_media":28640,"comment_status":"open","ping_status":"closed","template":"","meta":{"_joinchat":[]},"product_brand":[],"product_cat":[165,386],"product_tag":[],"class_list":{"0":"post-28678","1":"product","2":"type-product","3":"status-publish","4":"has-post-thumbnail","6":"product_cat-ebook","7":"product_cat-lancamento-e-book","9":"first","10":"instock","11":"downloadable","12":"virtual","13":"purchasable","14":"product-type-simple"},"yoast_head":"<!-- This site is optimized with the Yoast SEO plugin v27.4 - https:\/\/yoast.com\/product\/yoast-seo-wordpress\/ -->\n<title>Po\u00e9ticas da Resist\u00eancia: itiner\u00e1rios das literaturas africanas - Pontes Editores<\/title>\n<meta name=\"robots\" content=\"index, follow, max-snippet:-1, max-image-preview:large, max-video-preview:-1\" \/>\n<link rel=\"canonical\" href=\"https:\/\/ponteseditores.com.br\/loja3\/pontes-editores-home-2__trashed\/ebook\/lancamento-e-book\/poeticas-da-resistencia-itinerarios-das-literaturas-africanas-2\/\" \/>\n<meta property=\"og:locale\" content=\"pt_BR\" \/>\n<meta property=\"og:type\" content=\"article\" \/>\n<meta property=\"og:title\" content=\"Po\u00e9ticas da Resist\u00eancia: itiner\u00e1rios das literaturas africanas - Pontes Editores\" \/>\n<meta property=\"og:description\" content=\"Esta publica\u00e7\u00e3o re\u00fane artigos acad\u00eamicos originados de pesquisas e reflex\u00f5es que abarcam os itiner\u00e1rios das literaturas africanas e seu car\u00e1ter de resist\u00eancia no mundo contempor\u00e2neo. Tendo em conta que muito das teorias africanas foram e t\u00eam sido produzidas por africanos e afrodescendentes fora de \u00c1frica, a exemplo das teses de Fanon que foram pensadas e [&hellip;]\" \/>\n<meta property=\"og:url\" content=\"https:\/\/ponteseditores.com.br\/loja3\/pontes-editores-home-2__trashed\/ebook\/lancamento-e-book\/poeticas-da-resistencia-itinerarios-das-literaturas-africanas-2\/\" \/>\n<meta property=\"og:site_name\" content=\"Pontes Editores\" \/>\n<meta property=\"article:modified_time\" content=\"2025-08-08T14:02:26+00:00\" \/>\n<meta property=\"og:image\" content=\"https:\/\/ponteseditores.com.br\/loja3\/wp-content\/uploads\/2025\/08\/Capa_Poeticas-de-resistencia.jpg\" \/>\n\t<meta property=\"og:image:width\" content=\"800\" \/>\n\t<meta property=\"og:image:height\" content=\"1159\" \/>\n\t<meta property=\"og:image:type\" content=\"image\/jpeg\" \/>\n<meta name=\"twitter:card\" content=\"summary_large_image\" \/>\n<meta name=\"twitter:label1\" content=\"Est. tempo de leitura\" \/>\n\t<meta name=\"twitter:data1\" content=\"2 minutos\" \/>\n<script type=\"application\/ld+json\" class=\"yoast-schema-graph\">{\"@context\":\"https:\\\/\\\/schema.org\",\"@graph\":[{\"@type\":\"WebPage\",\"@id\":\"https:\\\/\\\/ponteseditores.com.br\\\/loja3\\\/pontes-editores-home-2__trashed\\\/ebook\\\/lancamento-e-book\\\/poeticas-da-resistencia-itinerarios-das-literaturas-africanas-2\\\/\",\"url\":\"https:\\\/\\\/ponteseditores.com.br\\\/loja3\\\/pontes-editores-home-2__trashed\\\/ebook\\\/lancamento-e-book\\\/poeticas-da-resistencia-itinerarios-das-literaturas-africanas-2\\\/\",\"name\":\"Po\u00e9ticas da Resist\u00eancia: itiner\u00e1rios das literaturas africanas - Pontes Editores\",\"isPartOf\":{\"@id\":\"https:\\\/\\\/ponteseditores.com.br\\\/loja3\\\/#website\"},\"primaryImageOfPage\":{\"@id\":\"https:\\\/\\\/ponteseditores.com.br\\\/loja3\\\/pontes-editores-home-2__trashed\\\/ebook\\\/lancamento-e-book\\\/poeticas-da-resistencia-itinerarios-das-literaturas-africanas-2\\\/#primaryimage\"},\"image\":{\"@id\":\"https:\\\/\\\/ponteseditores.com.br\\\/loja3\\\/pontes-editores-home-2__trashed\\\/ebook\\\/lancamento-e-book\\\/poeticas-da-resistencia-itinerarios-das-literaturas-africanas-2\\\/#primaryimage\"},\"thumbnailUrl\":\"https:\\\/\\\/ponteseditores.com.br\\\/loja3\\\/wp-content\\\/uploads\\\/2025\\\/08\\\/Capa_Poeticas-de-resistencia.jpg\",\"datePublished\":\"2025-08-08T14:02:25+00:00\",\"dateModified\":\"2025-08-08T14:02:26+00:00\",\"breadcrumb\":{\"@id\":\"https:\\\/\\\/ponteseditores.com.br\\\/loja3\\\/pontes-editores-home-2__trashed\\\/ebook\\\/lancamento-e-book\\\/poeticas-da-resistencia-itinerarios-das-literaturas-africanas-2\\\/#breadcrumb\"},\"inLanguage\":\"pt-BR\",\"potentialAction\":[{\"@type\":\"ReadAction\",\"target\":[\"https:\\\/\\\/ponteseditores.com.br\\\/loja3\\\/pontes-editores-home-2__trashed\\\/ebook\\\/lancamento-e-book\\\/poeticas-da-resistencia-itinerarios-das-literaturas-africanas-2\\\/\"]}]},{\"@type\":\"ImageObject\",\"inLanguage\":\"pt-BR\",\"@id\":\"https:\\\/\\\/ponteseditores.com.br\\\/loja3\\\/pontes-editores-home-2__trashed\\\/ebook\\\/lancamento-e-book\\\/poeticas-da-resistencia-itinerarios-das-literaturas-africanas-2\\\/#primaryimage\",\"url\":\"https:\\\/\\\/ponteseditores.com.br\\\/loja3\\\/wp-content\\\/uploads\\\/2025\\\/08\\\/Capa_Poeticas-de-resistencia.jpg\",\"contentUrl\":\"https:\\\/\\\/ponteseditores.com.br\\\/loja3\\\/wp-content\\\/uploads\\\/2025\\\/08\\\/Capa_Poeticas-de-resistencia.jpg\",\"width\":800,\"height\":1159},{\"@type\":\"BreadcrumbList\",\"@id\":\"https:\\\/\\\/ponteseditores.com.br\\\/loja3\\\/pontes-editores-home-2__trashed\\\/ebook\\\/lancamento-e-book\\\/poeticas-da-resistencia-itinerarios-das-literaturas-africanas-2\\\/#breadcrumb\",\"itemListElement\":[{\"@type\":\"ListItem\",\"position\":1,\"name\":\"Home\",\"item\":\"https:\\\/\\\/ponteseditores.com.br\\\/loja3\\\/\"},{\"@type\":\"ListItem\",\"position\":2,\"name\":\"loja\",\"item\":\"https:\\\/\\\/ponteseditores.com.br\\\/loja3\\\/loja\\\/\"},{\"@type\":\"ListItem\",\"position\":3,\"name\":\"Po\u00e9ticas da Resist\u00eancia: itiner\u00e1rios das literaturas africanas\"}]},{\"@type\":\"WebSite\",\"@id\":\"https:\\\/\\\/ponteseditores.com.br\\\/loja3\\\/#website\",\"url\":\"https:\\\/\\\/ponteseditores.com.br\\\/loja3\\\/\",\"name\":\"Pontes Editores\",\"description\":\"Pontes Editores\",\"publisher\":{\"@id\":\"https:\\\/\\\/ponteseditores.com.br\\\/loja3\\\/#organization\"},\"potentialAction\":[{\"@type\":\"SearchAction\",\"target\":{\"@type\":\"EntryPoint\",\"urlTemplate\":\"https:\\\/\\\/ponteseditores.com.br\\\/loja3\\\/?s={search_term_string}\"},\"query-input\":{\"@type\":\"PropertyValueSpecification\",\"valueRequired\":true,\"valueName\":\"search_term_string\"}}],\"inLanguage\":\"pt-BR\"},{\"@type\":\"Organization\",\"@id\":\"https:\\\/\\\/ponteseditores.com.br\\\/loja3\\\/#organization\",\"name\":\"Pontes Editores\",\"url\":\"https:\\\/\\\/ponteseditores.com.br\\\/loja3\\\/\",\"logo\":{\"@type\":\"ImageObject\",\"inLanguage\":\"pt-BR\",\"@id\":\"https:\\\/\\\/ponteseditores.com.br\\\/loja3\\\/#\\\/schema\\\/logo\\\/image\\\/\",\"url\":\"https:\\\/\\\/ponteseditores.com.br\\\/loja3\\\/wp-content\\\/uploads\\\/2023\\\/12\\\/logo-pontes-editores-v2.png\",\"contentUrl\":\"https:\\\/\\\/ponteseditores.com.br\\\/loja3\\\/wp-content\\\/uploads\\\/2023\\\/12\\\/logo-pontes-editores-v2.png\",\"width\":258,\"height\":100,\"caption\":\"Pontes Editores\"},\"image\":{\"@id\":\"https:\\\/\\\/ponteseditores.com.br\\\/loja3\\\/#\\\/schema\\\/logo\\\/image\\\/\"}}]}<\/script>\n<!-- \/ Yoast SEO plugin. -->","yoast_head_json":{"title":"Po\u00e9ticas da Resist\u00eancia: itiner\u00e1rios das literaturas africanas - Pontes Editores","robots":{"index":"index","follow":"follow","max-snippet":"max-snippet:-1","max-image-preview":"max-image-preview:large","max-video-preview":"max-video-preview:-1"},"canonical":"https:\/\/ponteseditores.com.br\/loja3\/pontes-editores-home-2__trashed\/ebook\/lancamento-e-book\/poeticas-da-resistencia-itinerarios-das-literaturas-africanas-2\/","og_locale":"pt_BR","og_type":"article","og_title":"Po\u00e9ticas da Resist\u00eancia: itiner\u00e1rios das literaturas africanas - Pontes Editores","og_description":"Esta publica\u00e7\u00e3o re\u00fane artigos acad\u00eamicos originados de pesquisas e reflex\u00f5es que abarcam os itiner\u00e1rios das literaturas africanas e seu car\u00e1ter de resist\u00eancia no mundo contempor\u00e2neo. Tendo em conta que muito das teorias africanas foram e t\u00eam sido produzidas por africanos e afrodescendentes fora de \u00c1frica, a exemplo das teses de Fanon que foram pensadas e [&hellip;]","og_url":"https:\/\/ponteseditores.com.br\/loja3\/pontes-editores-home-2__trashed\/ebook\/lancamento-e-book\/poeticas-da-resistencia-itinerarios-das-literaturas-africanas-2\/","og_site_name":"Pontes Editores","article_modified_time":"2025-08-08T14:02:26+00:00","og_image":[{"width":800,"height":1159,"url":"https:\/\/ponteseditores.com.br\/loja3\/wp-content\/uploads\/2025\/08\/Capa_Poeticas-de-resistencia.jpg","type":"image\/jpeg"}],"twitter_card":"summary_large_image","twitter_misc":{"Est. tempo de leitura":"2 minutos"},"schema":{"@context":"https:\/\/schema.org","@graph":[{"@type":"WebPage","@id":"https:\/\/ponteseditores.com.br\/loja3\/pontes-editores-home-2__trashed\/ebook\/lancamento-e-book\/poeticas-da-resistencia-itinerarios-das-literaturas-africanas-2\/","url":"https:\/\/ponteseditores.com.br\/loja3\/pontes-editores-home-2__trashed\/ebook\/lancamento-e-book\/poeticas-da-resistencia-itinerarios-das-literaturas-africanas-2\/","name":"Po\u00e9ticas da Resist\u00eancia: itiner\u00e1rios das literaturas africanas - Pontes Editores","isPartOf":{"@id":"https:\/\/ponteseditores.com.br\/loja3\/#website"},"primaryImageOfPage":{"@id":"https:\/\/ponteseditores.com.br\/loja3\/pontes-editores-home-2__trashed\/ebook\/lancamento-e-book\/poeticas-da-resistencia-itinerarios-das-literaturas-africanas-2\/#primaryimage"},"image":{"@id":"https:\/\/ponteseditores.com.br\/loja3\/pontes-editores-home-2__trashed\/ebook\/lancamento-e-book\/poeticas-da-resistencia-itinerarios-das-literaturas-africanas-2\/#primaryimage"},"thumbnailUrl":"https:\/\/ponteseditores.com.br\/loja3\/wp-content\/uploads\/2025\/08\/Capa_Poeticas-de-resistencia.jpg","datePublished":"2025-08-08T14:02:25+00:00","dateModified":"2025-08-08T14:02:26+00:00","breadcrumb":{"@id":"https:\/\/ponteseditores.com.br\/loja3\/pontes-editores-home-2__trashed\/ebook\/lancamento-e-book\/poeticas-da-resistencia-itinerarios-das-literaturas-africanas-2\/#breadcrumb"},"inLanguage":"pt-BR","potentialAction":[{"@type":"ReadAction","target":["https:\/\/ponteseditores.com.br\/loja3\/pontes-editores-home-2__trashed\/ebook\/lancamento-e-book\/poeticas-da-resistencia-itinerarios-das-literaturas-africanas-2\/"]}]},{"@type":"ImageObject","inLanguage":"pt-BR","@id":"https:\/\/ponteseditores.com.br\/loja3\/pontes-editores-home-2__trashed\/ebook\/lancamento-e-book\/poeticas-da-resistencia-itinerarios-das-literaturas-africanas-2\/#primaryimage","url":"https:\/\/ponteseditores.com.br\/loja3\/wp-content\/uploads\/2025\/08\/Capa_Poeticas-de-resistencia.jpg","contentUrl":"https:\/\/ponteseditores.com.br\/loja3\/wp-content\/uploads\/2025\/08\/Capa_Poeticas-de-resistencia.jpg","width":800,"height":1159},{"@type":"BreadcrumbList","@id":"https:\/\/ponteseditores.com.br\/loja3\/pontes-editores-home-2__trashed\/ebook\/lancamento-e-book\/poeticas-da-resistencia-itinerarios-das-literaturas-africanas-2\/#breadcrumb","itemListElement":[{"@type":"ListItem","position":1,"name":"Home","item":"https:\/\/ponteseditores.com.br\/loja3\/"},{"@type":"ListItem","position":2,"name":"loja","item":"https:\/\/ponteseditores.com.br\/loja3\/loja\/"},{"@type":"ListItem","position":3,"name":"Po\u00e9ticas da Resist\u00eancia: itiner\u00e1rios das literaturas africanas"}]},{"@type":"WebSite","@id":"https:\/\/ponteseditores.com.br\/loja3\/#website","url":"https:\/\/ponteseditores.com.br\/loja3\/","name":"Pontes Editores","description":"Pontes Editores","publisher":{"@id":"https:\/\/ponteseditores.com.br\/loja3\/#organization"},"potentialAction":[{"@type":"SearchAction","target":{"@type":"EntryPoint","urlTemplate":"https:\/\/ponteseditores.com.br\/loja3\/?s={search_term_string}"},"query-input":{"@type":"PropertyValueSpecification","valueRequired":true,"valueName":"search_term_string"}}],"inLanguage":"pt-BR"},{"@type":"Organization","@id":"https:\/\/ponteseditores.com.br\/loja3\/#organization","name":"Pontes Editores","url":"https:\/\/ponteseditores.com.br\/loja3\/","logo":{"@type":"ImageObject","inLanguage":"pt-BR","@id":"https:\/\/ponteseditores.com.br\/loja3\/#\/schema\/logo\/image\/","url":"https:\/\/ponteseditores.com.br\/loja3\/wp-content\/uploads\/2023\/12\/logo-pontes-editores-v2.png","contentUrl":"https:\/\/ponteseditores.com.br\/loja3\/wp-content\/uploads\/2023\/12\/logo-pontes-editores-v2.png","width":258,"height":100,"caption":"Pontes Editores"},"image":{"@id":"https:\/\/ponteseditores.com.br\/loja3\/#\/schema\/logo\/image\/"}}]}},"_links":{"self":[{"href":"https:\/\/ponteseditores.com.br\/loja3\/wp-json\/wp\/v2\/product\/28678","targetHints":{"allow":["GET"]}}],"collection":[{"href":"https:\/\/ponteseditores.com.br\/loja3\/wp-json\/wp\/v2\/product"}],"about":[{"href":"https:\/\/ponteseditores.com.br\/loja3\/wp-json\/wp\/v2\/types\/product"}],"replies":[{"embeddable":true,"href":"https:\/\/ponteseditores.com.br\/loja3\/wp-json\/wp\/v2\/comments?post=28678"}],"version-history":[{"count":1,"href":"https:\/\/ponteseditores.com.br\/loja3\/wp-json\/wp\/v2\/product\/28678\/revisions"}],"predecessor-version":[{"id":28680,"href":"https:\/\/ponteseditores.com.br\/loja3\/wp-json\/wp\/v2\/product\/28678\/revisions\/28680"}],"wp:featuredmedia":[{"embeddable":true,"href":"https:\/\/ponteseditores.com.br\/loja3\/wp-json\/wp\/v2\/media\/28640"}],"wp:attachment":[{"href":"https:\/\/ponteseditores.com.br\/loja3\/wp-json\/wp\/v2\/media?parent=28678"}],"wp:term":[{"taxonomy":"product_brand","embeddable":true,"href":"https:\/\/ponteseditores.com.br\/loja3\/wp-json\/wp\/v2\/product_brand?post=28678"},{"taxonomy":"product_cat","embeddable":true,"href":"https:\/\/ponteseditores.com.br\/loja3\/wp-json\/wp\/v2\/product_cat?post=28678"},{"taxonomy":"product_tag","embeddable":true,"href":"https:\/\/ponteseditores.com.br\/loja3\/wp-json\/wp\/v2\/product_tag?post=28678"}],"curies":[{"name":"wp","href":"https:\/\/api.w.org\/{rel}","templated":true}]}}