{"id":28394,"date":"2025-08-01T09:00:30","date_gmt":"2025-08-01T12:00:30","guid":{"rendered":"https:\/\/ponteseditores.com.br\/loja3\/?post_type=product&#038;p=28394"},"modified":"2025-08-01T09:00:31","modified_gmt":"2025-08-01T12:00:31","slug":"migracao-transitos-e-linguagens-no-sul-global-experiencias-fronteiras-e-contatos-linguisticos","status":"publish","type":"product","link":"https:\/\/ponteseditores.com.br\/loja3\/pontes-editores-home-2__trashed\/ebook\/lancamento-e-book\/migracao-transitos-e-linguagens-no-sul-global-experiencias-fronteiras-e-contatos-linguisticos\/","title":{"rendered":"Migra\u00e7\u00e3o, tr\u00e2nsitos e linguagens no sul global: experi\u00eancias, fronteiras e contatos lingu\u00edsticos"},"content":{"rendered":"<p>A publica\u00e7\u00e3o Migra\u00e7\u00e3o, tr\u00e2nsitos e linguagens no Sul Global: experi\u00eancias, fronteiras e contatos lingu\u00edsticos re\u00fane um conjunto de textos relacionados com as m\u00faltiplas intera\u00e7\u00f5es proporcionadas pelos contatos lingu\u00edsticos e interculturais, com foco no tr\u00e2nsito, nas pr\u00e1ticas de linguagem, na constitui\u00e7\u00e3o identit\u00e1ria e na educa\u00e7\u00e3o lingu\u00edstica.<\/p>\n<p>Os nove cap\u00edtulos que constituem a mencionada obra se entrela\u00e7am, gerando um fluxo<br \/>\nininterrupto de experi\u00eancias que reafirmam o Sul Global como um l\u00f3cus complexo de produ\u00e7\u00e3o de saberes, linguagens, sensibilidades, sociabilidades e identidades, que impulsiona e fomenta converg\u00eancias epist\u00eamicas, metodol\u00f3gicas e praxiol\u00f3gicas diversas.<\/p>\n","protected":false},"excerpt":{"rendered":"<p>A publica\u00e7\u00e3o Migra\u00e7\u00e3o, tr\u00e2nsitos e linguagens no Sul Global: experi\u00eancias, fronteiras e contatos lingu\u00edsticos re\u00fane um conjunto de textos relacionados com as m\u00faltiplas intera\u00e7\u00f5es proporcionadas pelos contatos lingu\u00edsticos e interculturais, com foco no tr\u00e2nsito, nas pr\u00e1ticas de linguagem, na constitui\u00e7\u00e3o identit\u00e1ria e na educa\u00e7\u00e3o lingu\u00edstica. Os nove cap\u00edtulos que constituem a mencionada obra se entrela\u00e7am, [&hellip;]<\/p>\n","protected":false},"featured_media":28396,"comment_status":"open","ping_status":"closed","template":"","meta":{"_joinchat":[]},"product_brand":[],"product_cat":[165,97,386,31],"product_tag":[],"class_list":{"0":"post-28394","1":"product","2":"type-product","3":"status-publish","4":"has-post-thumbnail","6":"product_cat-ebook","7":"product_cat-educacao","8":"product_cat-lancamento-e-book","9":"product_cat-linguistica","11":"first","12":"instock","13":"downloadable","14":"virtual","15":"purchasable","16":"product-type-simple"},"yoast_head":"<!-- This site is optimized with the Yoast SEO plugin v27.4 - https:\/\/yoast.com\/product\/yoast-seo-wordpress\/ -->\n<title>Migra\u00e7\u00e3o, tr\u00e2nsitos e linguagens no sul global: experi\u00eancias, fronteiras e contatos lingu\u00edsticos - Pontes Editores<\/title>\n<meta name=\"robots\" content=\"index, follow, max-snippet:-1, max-image-preview:large, max-video-preview:-1\" \/>\n<link rel=\"canonical\" href=\"https:\/\/ponteseditores.com.br\/loja3\/pontes-editores-home-2__trashed\/ebook\/lancamento-e-book\/migracao-transitos-e-linguagens-no-sul-global-experiencias-fronteiras-e-contatos-linguisticos\/\" \/>\n<meta property=\"og:locale\" content=\"pt_BR\" \/>\n<meta property=\"og:type\" content=\"article\" \/>\n<meta property=\"og:title\" content=\"Migra\u00e7\u00e3o, tr\u00e2nsitos e linguagens no sul global: experi\u00eancias, fronteiras e contatos lingu\u00edsticos - Pontes Editores\" \/>\n<meta property=\"og:description\" content=\"A publica\u00e7\u00e3o Migra\u00e7\u00e3o, tr\u00e2nsitos e linguagens no Sul Global: experi\u00eancias, fronteiras e contatos lingu\u00edsticos re\u00fane um conjunto de textos relacionados com as m\u00faltiplas intera\u00e7\u00f5es proporcionadas pelos contatos lingu\u00edsticos e interculturais, com foco no tr\u00e2nsito, nas pr\u00e1ticas de linguagem, na constitui\u00e7\u00e3o identit\u00e1ria e na educa\u00e7\u00e3o lingu\u00edstica. Os nove cap\u00edtulos que constituem a mencionada obra se entrela\u00e7am, [&hellip;]\" \/>\n<meta property=\"og:url\" content=\"https:\/\/ponteseditores.com.br\/loja3\/pontes-editores-home-2__trashed\/ebook\/lancamento-e-book\/migracao-transitos-e-linguagens-no-sul-global-experiencias-fronteiras-e-contatos-linguisticos\/\" \/>\n<meta property=\"og:site_name\" content=\"Pontes Editores\" \/>\n<meta property=\"article:modified_time\" content=\"2025-08-01T12:00:31+00:00\" \/>\n<meta property=\"og:image\" content=\"https:\/\/ponteseditores.com.br\/loja3\/wp-content\/uploads\/2025\/08\/Capa_Migracao.jpg\" \/>\n\t<meta property=\"og:image:width\" content=\"800\" \/>\n\t<meta property=\"og:image:height\" content=\"1159\" \/>\n\t<meta property=\"og:image:type\" content=\"image\/jpeg\" \/>\n<meta name=\"twitter:card\" content=\"summary_large_image\" \/>\n<meta name=\"twitter:label1\" content=\"Est. tempo de leitura\" \/>\n\t<meta name=\"twitter:data1\" content=\"1 minuto\" \/>\n<script type=\"application\/ld+json\" class=\"yoast-schema-graph\">{\"@context\":\"https:\\\/\\\/schema.org\",\"@graph\":[{\"@type\":\"WebPage\",\"@id\":\"https:\\\/\\\/ponteseditores.com.br\\\/loja3\\\/pontes-editores-home-2__trashed\\\/ebook\\\/lancamento-e-book\\\/migracao-transitos-e-linguagens-no-sul-global-experiencias-fronteiras-e-contatos-linguisticos\\\/\",\"url\":\"https:\\\/\\\/ponteseditores.com.br\\\/loja3\\\/pontes-editores-home-2__trashed\\\/ebook\\\/lancamento-e-book\\\/migracao-transitos-e-linguagens-no-sul-global-experiencias-fronteiras-e-contatos-linguisticos\\\/\",\"name\":\"Migra\u00e7\u00e3o, tr\u00e2nsitos e linguagens no sul global: experi\u00eancias, fronteiras e contatos lingu\u00edsticos - Pontes Editores\",\"isPartOf\":{\"@id\":\"https:\\\/\\\/ponteseditores.com.br\\\/loja3\\\/#website\"},\"primaryImageOfPage\":{\"@id\":\"https:\\\/\\\/ponteseditores.com.br\\\/loja3\\\/pontes-editores-home-2__trashed\\\/ebook\\\/lancamento-e-book\\\/migracao-transitos-e-linguagens-no-sul-global-experiencias-fronteiras-e-contatos-linguisticos\\\/#primaryimage\"},\"image\":{\"@id\":\"https:\\\/\\\/ponteseditores.com.br\\\/loja3\\\/pontes-editores-home-2__trashed\\\/ebook\\\/lancamento-e-book\\\/migracao-transitos-e-linguagens-no-sul-global-experiencias-fronteiras-e-contatos-linguisticos\\\/#primaryimage\"},\"thumbnailUrl\":\"https:\\\/\\\/ponteseditores.com.br\\\/loja3\\\/wp-content\\\/uploads\\\/2025\\\/08\\\/Capa_Migracao.jpg\",\"datePublished\":\"2025-08-01T12:00:30+00:00\",\"dateModified\":\"2025-08-01T12:00:31+00:00\",\"breadcrumb\":{\"@id\":\"https:\\\/\\\/ponteseditores.com.br\\\/loja3\\\/pontes-editores-home-2__trashed\\\/ebook\\\/lancamento-e-book\\\/migracao-transitos-e-linguagens-no-sul-global-experiencias-fronteiras-e-contatos-linguisticos\\\/#breadcrumb\"},\"inLanguage\":\"pt-BR\",\"potentialAction\":[{\"@type\":\"ReadAction\",\"target\":[\"https:\\\/\\\/ponteseditores.com.br\\\/loja3\\\/pontes-editores-home-2__trashed\\\/ebook\\\/lancamento-e-book\\\/migracao-transitos-e-linguagens-no-sul-global-experiencias-fronteiras-e-contatos-linguisticos\\\/\"]}]},{\"@type\":\"ImageObject\",\"inLanguage\":\"pt-BR\",\"@id\":\"https:\\\/\\\/ponteseditores.com.br\\\/loja3\\\/pontes-editores-home-2__trashed\\\/ebook\\\/lancamento-e-book\\\/migracao-transitos-e-linguagens-no-sul-global-experiencias-fronteiras-e-contatos-linguisticos\\\/#primaryimage\",\"url\":\"https:\\\/\\\/ponteseditores.com.br\\\/loja3\\\/wp-content\\\/uploads\\\/2025\\\/08\\\/Capa_Migracao.jpg\",\"contentUrl\":\"https:\\\/\\\/ponteseditores.com.br\\\/loja3\\\/wp-content\\\/uploads\\\/2025\\\/08\\\/Capa_Migracao.jpg\",\"width\":800,\"height\":1159},{\"@type\":\"BreadcrumbList\",\"@id\":\"https:\\\/\\\/ponteseditores.com.br\\\/loja3\\\/pontes-editores-home-2__trashed\\\/ebook\\\/lancamento-e-book\\\/migracao-transitos-e-linguagens-no-sul-global-experiencias-fronteiras-e-contatos-linguisticos\\\/#breadcrumb\",\"itemListElement\":[{\"@type\":\"ListItem\",\"position\":1,\"name\":\"Home\",\"item\":\"https:\\\/\\\/ponteseditores.com.br\\\/loja3\\\/\"},{\"@type\":\"ListItem\",\"position\":2,\"name\":\"loja\",\"item\":\"https:\\\/\\\/ponteseditores.com.br\\\/loja3\\\/loja\\\/\"},{\"@type\":\"ListItem\",\"position\":3,\"name\":\"Migra\u00e7\u00e3o, tr\u00e2nsitos e linguagens no sul global: experi\u00eancias, fronteiras e contatos lingu\u00edsticos\"}]},{\"@type\":\"WebSite\",\"@id\":\"https:\\\/\\\/ponteseditores.com.br\\\/loja3\\\/#website\",\"url\":\"https:\\\/\\\/ponteseditores.com.br\\\/loja3\\\/\",\"name\":\"Pontes Editores\",\"description\":\"Pontes Editores\",\"publisher\":{\"@id\":\"https:\\\/\\\/ponteseditores.com.br\\\/loja3\\\/#organization\"},\"potentialAction\":[{\"@type\":\"SearchAction\",\"target\":{\"@type\":\"EntryPoint\",\"urlTemplate\":\"https:\\\/\\\/ponteseditores.com.br\\\/loja3\\\/?s={search_term_string}\"},\"query-input\":{\"@type\":\"PropertyValueSpecification\",\"valueRequired\":true,\"valueName\":\"search_term_string\"}}],\"inLanguage\":\"pt-BR\"},{\"@type\":\"Organization\",\"@id\":\"https:\\\/\\\/ponteseditores.com.br\\\/loja3\\\/#organization\",\"name\":\"Pontes Editores\",\"url\":\"https:\\\/\\\/ponteseditores.com.br\\\/loja3\\\/\",\"logo\":{\"@type\":\"ImageObject\",\"inLanguage\":\"pt-BR\",\"@id\":\"https:\\\/\\\/ponteseditores.com.br\\\/loja3\\\/#\\\/schema\\\/logo\\\/image\\\/\",\"url\":\"https:\\\/\\\/ponteseditores.com.br\\\/loja3\\\/wp-content\\\/uploads\\\/2023\\\/12\\\/logo-pontes-editores-v2.png\",\"contentUrl\":\"https:\\\/\\\/ponteseditores.com.br\\\/loja3\\\/wp-content\\\/uploads\\\/2023\\\/12\\\/logo-pontes-editores-v2.png\",\"width\":258,\"height\":100,\"caption\":\"Pontes Editores\"},\"image\":{\"@id\":\"https:\\\/\\\/ponteseditores.com.br\\\/loja3\\\/#\\\/schema\\\/logo\\\/image\\\/\"}}]}<\/script>\n<!-- \/ Yoast SEO plugin. -->","yoast_head_json":{"title":"Migra\u00e7\u00e3o, tr\u00e2nsitos e linguagens no sul global: experi\u00eancias, fronteiras e contatos lingu\u00edsticos - Pontes Editores","robots":{"index":"index","follow":"follow","max-snippet":"max-snippet:-1","max-image-preview":"max-image-preview:large","max-video-preview":"max-video-preview:-1"},"canonical":"https:\/\/ponteseditores.com.br\/loja3\/pontes-editores-home-2__trashed\/ebook\/lancamento-e-book\/migracao-transitos-e-linguagens-no-sul-global-experiencias-fronteiras-e-contatos-linguisticos\/","og_locale":"pt_BR","og_type":"article","og_title":"Migra\u00e7\u00e3o, tr\u00e2nsitos e linguagens no sul global: experi\u00eancias, fronteiras e contatos lingu\u00edsticos - Pontes Editores","og_description":"A publica\u00e7\u00e3o Migra\u00e7\u00e3o, tr\u00e2nsitos e linguagens no Sul Global: experi\u00eancias, fronteiras e contatos lingu\u00edsticos re\u00fane um conjunto de textos relacionados com as m\u00faltiplas intera\u00e7\u00f5es proporcionadas pelos contatos lingu\u00edsticos e interculturais, com foco no tr\u00e2nsito, nas pr\u00e1ticas de linguagem, na constitui\u00e7\u00e3o identit\u00e1ria e na educa\u00e7\u00e3o lingu\u00edstica. Os nove cap\u00edtulos que constituem a mencionada obra se entrela\u00e7am, [&hellip;]","og_url":"https:\/\/ponteseditores.com.br\/loja3\/pontes-editores-home-2__trashed\/ebook\/lancamento-e-book\/migracao-transitos-e-linguagens-no-sul-global-experiencias-fronteiras-e-contatos-linguisticos\/","og_site_name":"Pontes Editores","article_modified_time":"2025-08-01T12:00:31+00:00","og_image":[{"width":800,"height":1159,"url":"https:\/\/ponteseditores.com.br\/loja3\/wp-content\/uploads\/2025\/08\/Capa_Migracao.jpg","type":"image\/jpeg"}],"twitter_card":"summary_large_image","twitter_misc":{"Est. tempo de leitura":"1 minuto"},"schema":{"@context":"https:\/\/schema.org","@graph":[{"@type":"WebPage","@id":"https:\/\/ponteseditores.com.br\/loja3\/pontes-editores-home-2__trashed\/ebook\/lancamento-e-book\/migracao-transitos-e-linguagens-no-sul-global-experiencias-fronteiras-e-contatos-linguisticos\/","url":"https:\/\/ponteseditores.com.br\/loja3\/pontes-editores-home-2__trashed\/ebook\/lancamento-e-book\/migracao-transitos-e-linguagens-no-sul-global-experiencias-fronteiras-e-contatos-linguisticos\/","name":"Migra\u00e7\u00e3o, tr\u00e2nsitos e linguagens no sul global: experi\u00eancias, fronteiras e contatos lingu\u00edsticos - Pontes Editores","isPartOf":{"@id":"https:\/\/ponteseditores.com.br\/loja3\/#website"},"primaryImageOfPage":{"@id":"https:\/\/ponteseditores.com.br\/loja3\/pontes-editores-home-2__trashed\/ebook\/lancamento-e-book\/migracao-transitos-e-linguagens-no-sul-global-experiencias-fronteiras-e-contatos-linguisticos\/#primaryimage"},"image":{"@id":"https:\/\/ponteseditores.com.br\/loja3\/pontes-editores-home-2__trashed\/ebook\/lancamento-e-book\/migracao-transitos-e-linguagens-no-sul-global-experiencias-fronteiras-e-contatos-linguisticos\/#primaryimage"},"thumbnailUrl":"https:\/\/ponteseditores.com.br\/loja3\/wp-content\/uploads\/2025\/08\/Capa_Migracao.jpg","datePublished":"2025-08-01T12:00:30+00:00","dateModified":"2025-08-01T12:00:31+00:00","breadcrumb":{"@id":"https:\/\/ponteseditores.com.br\/loja3\/pontes-editores-home-2__trashed\/ebook\/lancamento-e-book\/migracao-transitos-e-linguagens-no-sul-global-experiencias-fronteiras-e-contatos-linguisticos\/#breadcrumb"},"inLanguage":"pt-BR","potentialAction":[{"@type":"ReadAction","target":["https:\/\/ponteseditores.com.br\/loja3\/pontes-editores-home-2__trashed\/ebook\/lancamento-e-book\/migracao-transitos-e-linguagens-no-sul-global-experiencias-fronteiras-e-contatos-linguisticos\/"]}]},{"@type":"ImageObject","inLanguage":"pt-BR","@id":"https:\/\/ponteseditores.com.br\/loja3\/pontes-editores-home-2__trashed\/ebook\/lancamento-e-book\/migracao-transitos-e-linguagens-no-sul-global-experiencias-fronteiras-e-contatos-linguisticos\/#primaryimage","url":"https:\/\/ponteseditores.com.br\/loja3\/wp-content\/uploads\/2025\/08\/Capa_Migracao.jpg","contentUrl":"https:\/\/ponteseditores.com.br\/loja3\/wp-content\/uploads\/2025\/08\/Capa_Migracao.jpg","width":800,"height":1159},{"@type":"BreadcrumbList","@id":"https:\/\/ponteseditores.com.br\/loja3\/pontes-editores-home-2__trashed\/ebook\/lancamento-e-book\/migracao-transitos-e-linguagens-no-sul-global-experiencias-fronteiras-e-contatos-linguisticos\/#breadcrumb","itemListElement":[{"@type":"ListItem","position":1,"name":"Home","item":"https:\/\/ponteseditores.com.br\/loja3\/"},{"@type":"ListItem","position":2,"name":"loja","item":"https:\/\/ponteseditores.com.br\/loja3\/loja\/"},{"@type":"ListItem","position":3,"name":"Migra\u00e7\u00e3o, tr\u00e2nsitos e linguagens no sul global: experi\u00eancias, fronteiras e contatos lingu\u00edsticos"}]},{"@type":"WebSite","@id":"https:\/\/ponteseditores.com.br\/loja3\/#website","url":"https:\/\/ponteseditores.com.br\/loja3\/","name":"Pontes Editores","description":"Pontes Editores","publisher":{"@id":"https:\/\/ponteseditores.com.br\/loja3\/#organization"},"potentialAction":[{"@type":"SearchAction","target":{"@type":"EntryPoint","urlTemplate":"https:\/\/ponteseditores.com.br\/loja3\/?s={search_term_string}"},"query-input":{"@type":"PropertyValueSpecification","valueRequired":true,"valueName":"search_term_string"}}],"inLanguage":"pt-BR"},{"@type":"Organization","@id":"https:\/\/ponteseditores.com.br\/loja3\/#organization","name":"Pontes Editores","url":"https:\/\/ponteseditores.com.br\/loja3\/","logo":{"@type":"ImageObject","inLanguage":"pt-BR","@id":"https:\/\/ponteseditores.com.br\/loja3\/#\/schema\/logo\/image\/","url":"https:\/\/ponteseditores.com.br\/loja3\/wp-content\/uploads\/2023\/12\/logo-pontes-editores-v2.png","contentUrl":"https:\/\/ponteseditores.com.br\/loja3\/wp-content\/uploads\/2023\/12\/logo-pontes-editores-v2.png","width":258,"height":100,"caption":"Pontes Editores"},"image":{"@id":"https:\/\/ponteseditores.com.br\/loja3\/#\/schema\/logo\/image\/"}}]}},"_links":{"self":[{"href":"https:\/\/ponteseditores.com.br\/loja3\/wp-json\/wp\/v2\/product\/28394","targetHints":{"allow":["GET"]}}],"collection":[{"href":"https:\/\/ponteseditores.com.br\/loja3\/wp-json\/wp\/v2\/product"}],"about":[{"href":"https:\/\/ponteseditores.com.br\/loja3\/wp-json\/wp\/v2\/types\/product"}],"replies":[{"embeddable":true,"href":"https:\/\/ponteseditores.com.br\/loja3\/wp-json\/wp\/v2\/comments?post=28394"}],"version-history":[{"count":1,"href":"https:\/\/ponteseditores.com.br\/loja3\/wp-json\/wp\/v2\/product\/28394\/revisions"}],"predecessor-version":[{"id":28397,"href":"https:\/\/ponteseditores.com.br\/loja3\/wp-json\/wp\/v2\/product\/28394\/revisions\/28397"}],"wp:featuredmedia":[{"embeddable":true,"href":"https:\/\/ponteseditores.com.br\/loja3\/wp-json\/wp\/v2\/media\/28396"}],"wp:attachment":[{"href":"https:\/\/ponteseditores.com.br\/loja3\/wp-json\/wp\/v2\/media?parent=28394"}],"wp:term":[{"taxonomy":"product_brand","embeddable":true,"href":"https:\/\/ponteseditores.com.br\/loja3\/wp-json\/wp\/v2\/product_brand?post=28394"},{"taxonomy":"product_cat","embeddable":true,"href":"https:\/\/ponteseditores.com.br\/loja3\/wp-json\/wp\/v2\/product_cat?post=28394"},{"taxonomy":"product_tag","embeddable":true,"href":"https:\/\/ponteseditores.com.br\/loja3\/wp-json\/wp\/v2\/product_tag?post=28394"}],"curies":[{"name":"wp","href":"https:\/\/api.w.org\/{rel}","templated":true}]}}