{"id":27953,"date":"2025-07-24T16:24:27","date_gmt":"2025-07-24T19:24:27","guid":{"rendered":"https:\/\/ponteseditores.com.br\/loja3\/?post_type=product&#038;p=27953"},"modified":"2025-07-24T16:24:27","modified_gmt":"2025-07-24T19:24:27","slug":"estudos-de-linguagem-transferencia-de-conhecimento-e-popularizacao-da-linguistica-colecao-estudos-de-linguagem-volume-5","status":"publish","type":"product","link":"https:\/\/ponteseditores.com.br\/loja3\/pontes-editores-home-2__trashed\/linguagem\/estudos-de-linguagem-transferencia-de-conhecimento-e-popularizacao-da-linguistica-colecao-estudos-de-linguagem-volume-5\/","title":{"rendered":"Estudos de linguagem : transfer\u00eancia de conhecimento e populariza\u00e7\u00e3o da lingu\u00edstica &#8211; Cole\u00e7\u00e3o Estudos de Linguagem, volume 5"},"content":{"rendered":"<p>Este livro, <em>Estudos de linguagem: transfer\u00eancia de conhecimento e populariza\u00e7\u00e3o da lingu\u00edstica<\/em>, surge como uma resposta \u00e0 dist\u00e2ncia do grande p\u00fablico, buscando explorar como os estudos de linguagem podem ser beneficiados pela populariza\u00e7\u00e3o de seus saberes, ao mesmo tempo em que reflete sobre os desafios e as oportunidades que essa tarefa envolve. Os cap\u00edtulos que comp\u00f5em este livro refletem essa preocupa\u00e7\u00e3o com a transfer\u00eancia de conhecimento e a populariza\u00e7\u00e3o da lingu\u00edstica, a partir de perspectivas te\u00f3ricas que dialogam com as tr\u00eas linhas de pesquisa do Programa de P\u00f3s-gradua\u00e7\u00e3o em Estudos de Linguagem (Posling-UFF); a saber: Teoria e an\u00e1lise lingu\u00edstica (linha 1), Teorias do texto, do discurso e da tradu\u00e7\u00e3o (linha 2), Hist\u00f3ria, pol\u00edtica e contato lingu\u00edstico (linha 3).<\/p>\n<p>Cada uma dessas linhas, no livro, ser\u00e1 consubstanciada num bloco de tr\u00eas textos, abordando temas que v\u00e3o desde a aplica\u00e7\u00e3o de metodologias ativas no ensino de lingu\u00edstica at\u00e9 a reflex\u00e3o sobre o papel da ciberviol\u00eancia na divulga\u00e7\u00e3o cient\u00edfica. Cada texto, \u00e0 sua maneira, contribui para a constru\u00e7\u00e3o de uma lingu\u00edstica mais engajada e socialmente relevante. Ao dialogar com a sociedade, a lingu\u00edstica pode contribuir para a constru\u00e7\u00e3o de um mundo mais justo e inclusivo, onde a diversidade lingu\u00edstica seja valorizada e o preconceito lingu\u00edstico seja combatido.<\/p>\n<p>Este livro \u00e9, portanto, um convite para que todos n\u00f3s, linguistas ou n\u00e3o, nos engajemos nessa tarefa, reconhecendo que a linguagem \u00e9, antes de tudo, uma pr\u00e1tica social e pol\u00edtica.<\/p>\n","protected":false},"excerpt":{"rendered":"<p>Este livro, Estudos de linguagem: transfer\u00eancia de conhecimento e populariza\u00e7\u00e3o da lingu\u00edstica, surge como uma resposta \u00e0 dist\u00e2ncia do grande p\u00fablico, buscando explorar como os estudos de linguagem podem ser beneficiados pela populariza\u00e7\u00e3o de seus saberes, ao mesmo tempo em que reflete sobre os desafios e as oportunidades que essa tarefa envolve. Os cap\u00edtulos que [&hellip;]<\/p>\n","protected":false},"featured_media":27954,"comment_status":"open","ping_status":"closed","template":"","meta":{"_joinchat":[]},"product_brand":[],"product_cat":[167,53,290],"product_tag":[],"class_list":{"0":"post-27953","1":"product","2":"type-product","3":"status-publish","4":"has-post-thumbnail","6":"product_cat-lancamento","7":"product_cat-linguagem","8":"product_cat-linguagem-e-linguas","10":"first","11":"instock","12":"shipping-taxable","13":"purchasable","14":"product-type-simple"},"yoast_head":"<!-- This site is optimized with the Yoast SEO plugin v27.3 - https:\/\/yoast.com\/product\/yoast-seo-wordpress\/ -->\n<title>Estudos de linguagem : transfer\u00eancia de conhecimento e populariza\u00e7\u00e3o da lingu\u00edstica - Cole\u00e7\u00e3o Estudos de Linguagem, volume 5 - Pontes Editores<\/title>\n<meta name=\"robots\" content=\"index, follow, max-snippet:-1, max-image-preview:large, max-video-preview:-1\" \/>\n<link rel=\"canonical\" href=\"https:\/\/ponteseditores.com.br\/loja3\/pontes-editores-home-2__trashed\/linguagem\/estudos-de-linguagem-transferencia-de-conhecimento-e-popularizacao-da-linguistica-colecao-estudos-de-linguagem-volume-5\/\" \/>\n<meta property=\"og:locale\" content=\"pt_BR\" \/>\n<meta property=\"og:type\" content=\"article\" \/>\n<meta property=\"og:title\" content=\"Estudos de linguagem : transfer\u00eancia de conhecimento e populariza\u00e7\u00e3o da lingu\u00edstica - Cole\u00e7\u00e3o Estudos de Linguagem, volume 5 - Pontes Editores\" \/>\n<meta property=\"og:description\" content=\"Este livro, Estudos de linguagem: transfer\u00eancia de conhecimento e populariza\u00e7\u00e3o da lingu\u00edstica, surge como uma resposta \u00e0 dist\u00e2ncia do grande p\u00fablico, buscando explorar como os estudos de linguagem podem ser beneficiados pela populariza\u00e7\u00e3o de seus saberes, ao mesmo tempo em que reflete sobre os desafios e as oportunidades que essa tarefa envolve. Os cap\u00edtulos que [&hellip;]\" \/>\n<meta property=\"og:url\" content=\"https:\/\/ponteseditores.com.br\/loja3\/pontes-editores-home-2__trashed\/linguagem\/estudos-de-linguagem-transferencia-de-conhecimento-e-popularizacao-da-linguistica-colecao-estudos-de-linguagem-volume-5\/\" \/>\n<meta property=\"og:site_name\" content=\"Pontes Editores\" \/>\n<meta property=\"og:image\" content=\"https:\/\/ponteseditores.com.br\/loja3\/wp-content\/uploads\/2025\/07\/Capa_Estudos-de-Linguagem.webp\" \/>\n\t<meta property=\"og:image:width\" content=\"800\" \/>\n\t<meta property=\"og:image:height\" content=\"1159\" \/>\n\t<meta property=\"og:image:type\" content=\"image\/webp\" \/>\n<meta name=\"twitter:card\" content=\"summary_large_image\" \/>\n<meta name=\"twitter:label1\" content=\"Est. tempo de leitura\" \/>\n\t<meta name=\"twitter:data1\" content=\"2 minutos\" \/>\n<script type=\"application\/ld+json\" class=\"yoast-schema-graph\">{\"@context\":\"https:\\\/\\\/schema.org\",\"@graph\":[{\"@type\":\"WebPage\",\"@id\":\"https:\\\/\\\/ponteseditores.com.br\\\/loja3\\\/pontes-editores-home-2__trashed\\\/linguagem\\\/estudos-de-linguagem-transferencia-de-conhecimento-e-popularizacao-da-linguistica-colecao-estudos-de-linguagem-volume-5\\\/\",\"url\":\"https:\\\/\\\/ponteseditores.com.br\\\/loja3\\\/pontes-editores-home-2__trashed\\\/linguagem\\\/estudos-de-linguagem-transferencia-de-conhecimento-e-popularizacao-da-linguistica-colecao-estudos-de-linguagem-volume-5\\\/\",\"name\":\"Estudos de linguagem : transfer\u00eancia de conhecimento e populariza\u00e7\u00e3o da lingu\u00edstica - Cole\u00e7\u00e3o Estudos de Linguagem, volume 5 - Pontes Editores\",\"isPartOf\":{\"@id\":\"https:\\\/\\\/ponteseditores.com.br\\\/loja3\\\/#website\"},\"primaryImageOfPage\":{\"@id\":\"https:\\\/\\\/ponteseditores.com.br\\\/loja3\\\/pontes-editores-home-2__trashed\\\/linguagem\\\/estudos-de-linguagem-transferencia-de-conhecimento-e-popularizacao-da-linguistica-colecao-estudos-de-linguagem-volume-5\\\/#primaryimage\"},\"image\":{\"@id\":\"https:\\\/\\\/ponteseditores.com.br\\\/loja3\\\/pontes-editores-home-2__trashed\\\/linguagem\\\/estudos-de-linguagem-transferencia-de-conhecimento-e-popularizacao-da-linguistica-colecao-estudos-de-linguagem-volume-5\\\/#primaryimage\"},\"thumbnailUrl\":\"https:\\\/\\\/ponteseditores.com.br\\\/loja3\\\/wp-content\\\/uploads\\\/2025\\\/07\\\/Capa_Estudos-de-Linguagem.webp\",\"datePublished\":\"2025-07-24T19:24:27+00:00\",\"breadcrumb\":{\"@id\":\"https:\\\/\\\/ponteseditores.com.br\\\/loja3\\\/pontes-editores-home-2__trashed\\\/linguagem\\\/estudos-de-linguagem-transferencia-de-conhecimento-e-popularizacao-da-linguistica-colecao-estudos-de-linguagem-volume-5\\\/#breadcrumb\"},\"inLanguage\":\"pt-BR\",\"potentialAction\":[{\"@type\":\"ReadAction\",\"target\":[\"https:\\\/\\\/ponteseditores.com.br\\\/loja3\\\/pontes-editores-home-2__trashed\\\/linguagem\\\/estudos-de-linguagem-transferencia-de-conhecimento-e-popularizacao-da-linguistica-colecao-estudos-de-linguagem-volume-5\\\/\"]}]},{\"@type\":\"ImageObject\",\"inLanguage\":\"pt-BR\",\"@id\":\"https:\\\/\\\/ponteseditores.com.br\\\/loja3\\\/pontes-editores-home-2__trashed\\\/linguagem\\\/estudos-de-linguagem-transferencia-de-conhecimento-e-popularizacao-da-linguistica-colecao-estudos-de-linguagem-volume-5\\\/#primaryimage\",\"url\":\"https:\\\/\\\/ponteseditores.com.br\\\/loja3\\\/wp-content\\\/uploads\\\/2025\\\/07\\\/Capa_Estudos-de-Linguagem.webp\",\"contentUrl\":\"https:\\\/\\\/ponteseditores.com.br\\\/loja3\\\/wp-content\\\/uploads\\\/2025\\\/07\\\/Capa_Estudos-de-Linguagem.webp\",\"width\":800,\"height\":1159},{\"@type\":\"BreadcrumbList\",\"@id\":\"https:\\\/\\\/ponteseditores.com.br\\\/loja3\\\/pontes-editores-home-2__trashed\\\/linguagem\\\/estudos-de-linguagem-transferencia-de-conhecimento-e-popularizacao-da-linguistica-colecao-estudos-de-linguagem-volume-5\\\/#breadcrumb\",\"itemListElement\":[{\"@type\":\"ListItem\",\"position\":1,\"name\":\"Home\",\"item\":\"https:\\\/\\\/ponteseditores.com.br\\\/loja3\\\/\"},{\"@type\":\"ListItem\",\"position\":2,\"name\":\"loja\",\"item\":\"https:\\\/\\\/ponteseditores.com.br\\\/loja3\\\/loja\\\/\"},{\"@type\":\"ListItem\",\"position\":3,\"name\":\"Estudos de linguagem : transfer\u00eancia de conhecimento e populariza\u00e7\u00e3o da lingu\u00edstica &#8211; Cole\u00e7\u00e3o Estudos de Linguagem, volume 5\"}]},{\"@type\":\"WebSite\",\"@id\":\"https:\\\/\\\/ponteseditores.com.br\\\/loja3\\\/#website\",\"url\":\"https:\\\/\\\/ponteseditores.com.br\\\/loja3\\\/\",\"name\":\"Pontes Editores\",\"description\":\"Pontes Editores\",\"publisher\":{\"@id\":\"https:\\\/\\\/ponteseditores.com.br\\\/loja3\\\/#organization\"},\"potentialAction\":[{\"@type\":\"SearchAction\",\"target\":{\"@type\":\"EntryPoint\",\"urlTemplate\":\"https:\\\/\\\/ponteseditores.com.br\\\/loja3\\\/?s={search_term_string}\"},\"query-input\":{\"@type\":\"PropertyValueSpecification\",\"valueRequired\":true,\"valueName\":\"search_term_string\"}}],\"inLanguage\":\"pt-BR\"},{\"@type\":\"Organization\",\"@id\":\"https:\\\/\\\/ponteseditores.com.br\\\/loja3\\\/#organization\",\"name\":\"Pontes Editores\",\"url\":\"https:\\\/\\\/ponteseditores.com.br\\\/loja3\\\/\",\"logo\":{\"@type\":\"ImageObject\",\"inLanguage\":\"pt-BR\",\"@id\":\"https:\\\/\\\/ponteseditores.com.br\\\/loja3\\\/#\\\/schema\\\/logo\\\/image\\\/\",\"url\":\"https:\\\/\\\/ponteseditores.com.br\\\/loja3\\\/wp-content\\\/uploads\\\/2023\\\/12\\\/logo-pontes-editores-v2.png\",\"contentUrl\":\"https:\\\/\\\/ponteseditores.com.br\\\/loja3\\\/wp-content\\\/uploads\\\/2023\\\/12\\\/logo-pontes-editores-v2.png\",\"width\":258,\"height\":100,\"caption\":\"Pontes Editores\"},\"image\":{\"@id\":\"https:\\\/\\\/ponteseditores.com.br\\\/loja3\\\/#\\\/schema\\\/logo\\\/image\\\/\"}}]}<\/script>\n<!-- \/ Yoast SEO plugin. -->","yoast_head_json":{"title":"Estudos de linguagem : transfer\u00eancia de conhecimento e populariza\u00e7\u00e3o da lingu\u00edstica - Cole\u00e7\u00e3o Estudos de Linguagem, volume 5 - Pontes Editores","robots":{"index":"index","follow":"follow","max-snippet":"max-snippet:-1","max-image-preview":"max-image-preview:large","max-video-preview":"max-video-preview:-1"},"canonical":"https:\/\/ponteseditores.com.br\/loja3\/pontes-editores-home-2__trashed\/linguagem\/estudos-de-linguagem-transferencia-de-conhecimento-e-popularizacao-da-linguistica-colecao-estudos-de-linguagem-volume-5\/","og_locale":"pt_BR","og_type":"article","og_title":"Estudos de linguagem : transfer\u00eancia de conhecimento e populariza\u00e7\u00e3o da lingu\u00edstica - Cole\u00e7\u00e3o Estudos de Linguagem, volume 5 - Pontes Editores","og_description":"Este livro, Estudos de linguagem: transfer\u00eancia de conhecimento e populariza\u00e7\u00e3o da lingu\u00edstica, surge como uma resposta \u00e0 dist\u00e2ncia do grande p\u00fablico, buscando explorar como os estudos de linguagem podem ser beneficiados pela populariza\u00e7\u00e3o de seus saberes, ao mesmo tempo em que reflete sobre os desafios e as oportunidades que essa tarefa envolve. Os cap\u00edtulos que [&hellip;]","og_url":"https:\/\/ponteseditores.com.br\/loja3\/pontes-editores-home-2__trashed\/linguagem\/estudos-de-linguagem-transferencia-de-conhecimento-e-popularizacao-da-linguistica-colecao-estudos-de-linguagem-volume-5\/","og_site_name":"Pontes Editores","og_image":[{"width":800,"height":1159,"url":"https:\/\/ponteseditores.com.br\/loja3\/wp-content\/uploads\/2025\/07\/Capa_Estudos-de-Linguagem.webp","type":"image\/webp"}],"twitter_card":"summary_large_image","twitter_misc":{"Est. tempo de leitura":"2 minutos"},"schema":{"@context":"https:\/\/schema.org","@graph":[{"@type":"WebPage","@id":"https:\/\/ponteseditores.com.br\/loja3\/pontes-editores-home-2__trashed\/linguagem\/estudos-de-linguagem-transferencia-de-conhecimento-e-popularizacao-da-linguistica-colecao-estudos-de-linguagem-volume-5\/","url":"https:\/\/ponteseditores.com.br\/loja3\/pontes-editores-home-2__trashed\/linguagem\/estudos-de-linguagem-transferencia-de-conhecimento-e-popularizacao-da-linguistica-colecao-estudos-de-linguagem-volume-5\/","name":"Estudos de linguagem : transfer\u00eancia de conhecimento e populariza\u00e7\u00e3o da lingu\u00edstica - Cole\u00e7\u00e3o Estudos de Linguagem, volume 5 - Pontes Editores","isPartOf":{"@id":"https:\/\/ponteseditores.com.br\/loja3\/#website"},"primaryImageOfPage":{"@id":"https:\/\/ponteseditores.com.br\/loja3\/pontes-editores-home-2__trashed\/linguagem\/estudos-de-linguagem-transferencia-de-conhecimento-e-popularizacao-da-linguistica-colecao-estudos-de-linguagem-volume-5\/#primaryimage"},"image":{"@id":"https:\/\/ponteseditores.com.br\/loja3\/pontes-editores-home-2__trashed\/linguagem\/estudos-de-linguagem-transferencia-de-conhecimento-e-popularizacao-da-linguistica-colecao-estudos-de-linguagem-volume-5\/#primaryimage"},"thumbnailUrl":"https:\/\/ponteseditores.com.br\/loja3\/wp-content\/uploads\/2025\/07\/Capa_Estudos-de-Linguagem.webp","datePublished":"2025-07-24T19:24:27+00:00","breadcrumb":{"@id":"https:\/\/ponteseditores.com.br\/loja3\/pontes-editores-home-2__trashed\/linguagem\/estudos-de-linguagem-transferencia-de-conhecimento-e-popularizacao-da-linguistica-colecao-estudos-de-linguagem-volume-5\/#breadcrumb"},"inLanguage":"pt-BR","potentialAction":[{"@type":"ReadAction","target":["https:\/\/ponteseditores.com.br\/loja3\/pontes-editores-home-2__trashed\/linguagem\/estudos-de-linguagem-transferencia-de-conhecimento-e-popularizacao-da-linguistica-colecao-estudos-de-linguagem-volume-5\/"]}]},{"@type":"ImageObject","inLanguage":"pt-BR","@id":"https:\/\/ponteseditores.com.br\/loja3\/pontes-editores-home-2__trashed\/linguagem\/estudos-de-linguagem-transferencia-de-conhecimento-e-popularizacao-da-linguistica-colecao-estudos-de-linguagem-volume-5\/#primaryimage","url":"https:\/\/ponteseditores.com.br\/loja3\/wp-content\/uploads\/2025\/07\/Capa_Estudos-de-Linguagem.webp","contentUrl":"https:\/\/ponteseditores.com.br\/loja3\/wp-content\/uploads\/2025\/07\/Capa_Estudos-de-Linguagem.webp","width":800,"height":1159},{"@type":"BreadcrumbList","@id":"https:\/\/ponteseditores.com.br\/loja3\/pontes-editores-home-2__trashed\/linguagem\/estudos-de-linguagem-transferencia-de-conhecimento-e-popularizacao-da-linguistica-colecao-estudos-de-linguagem-volume-5\/#breadcrumb","itemListElement":[{"@type":"ListItem","position":1,"name":"Home","item":"https:\/\/ponteseditores.com.br\/loja3\/"},{"@type":"ListItem","position":2,"name":"loja","item":"https:\/\/ponteseditores.com.br\/loja3\/loja\/"},{"@type":"ListItem","position":3,"name":"Estudos de linguagem : transfer\u00eancia de conhecimento e populariza\u00e7\u00e3o da lingu\u00edstica &#8211; Cole\u00e7\u00e3o Estudos de Linguagem, volume 5"}]},{"@type":"WebSite","@id":"https:\/\/ponteseditores.com.br\/loja3\/#website","url":"https:\/\/ponteseditores.com.br\/loja3\/","name":"Pontes Editores","description":"Pontes Editores","publisher":{"@id":"https:\/\/ponteseditores.com.br\/loja3\/#organization"},"potentialAction":[{"@type":"SearchAction","target":{"@type":"EntryPoint","urlTemplate":"https:\/\/ponteseditores.com.br\/loja3\/?s={search_term_string}"},"query-input":{"@type":"PropertyValueSpecification","valueRequired":true,"valueName":"search_term_string"}}],"inLanguage":"pt-BR"},{"@type":"Organization","@id":"https:\/\/ponteseditores.com.br\/loja3\/#organization","name":"Pontes Editores","url":"https:\/\/ponteseditores.com.br\/loja3\/","logo":{"@type":"ImageObject","inLanguage":"pt-BR","@id":"https:\/\/ponteseditores.com.br\/loja3\/#\/schema\/logo\/image\/","url":"https:\/\/ponteseditores.com.br\/loja3\/wp-content\/uploads\/2023\/12\/logo-pontes-editores-v2.png","contentUrl":"https:\/\/ponteseditores.com.br\/loja3\/wp-content\/uploads\/2023\/12\/logo-pontes-editores-v2.png","width":258,"height":100,"caption":"Pontes Editores"},"image":{"@id":"https:\/\/ponteseditores.com.br\/loja3\/#\/schema\/logo\/image\/"}}]}},"_links":{"self":[{"href":"https:\/\/ponteseditores.com.br\/loja3\/wp-json\/wp\/v2\/product\/27953","targetHints":{"allow":["GET"]}}],"collection":[{"href":"https:\/\/ponteseditores.com.br\/loja3\/wp-json\/wp\/v2\/product"}],"about":[{"href":"https:\/\/ponteseditores.com.br\/loja3\/wp-json\/wp\/v2\/types\/product"}],"replies":[{"embeddable":true,"href":"https:\/\/ponteseditores.com.br\/loja3\/wp-json\/wp\/v2\/comments?post=27953"}],"version-history":[{"count":1,"href":"https:\/\/ponteseditores.com.br\/loja3\/wp-json\/wp\/v2\/product\/27953\/revisions"}],"predecessor-version":[{"id":27955,"href":"https:\/\/ponteseditores.com.br\/loja3\/wp-json\/wp\/v2\/product\/27953\/revisions\/27955"}],"wp:featuredmedia":[{"embeddable":true,"href":"https:\/\/ponteseditores.com.br\/loja3\/wp-json\/wp\/v2\/media\/27954"}],"wp:attachment":[{"href":"https:\/\/ponteseditores.com.br\/loja3\/wp-json\/wp\/v2\/media?parent=27953"}],"wp:term":[{"taxonomy":"product_brand","embeddable":true,"href":"https:\/\/ponteseditores.com.br\/loja3\/wp-json\/wp\/v2\/product_brand?post=27953"},{"taxonomy":"product_cat","embeddable":true,"href":"https:\/\/ponteseditores.com.br\/loja3\/wp-json\/wp\/v2\/product_cat?post=27953"},{"taxonomy":"product_tag","embeddable":true,"href":"https:\/\/ponteseditores.com.br\/loja3\/wp-json\/wp\/v2\/product_tag?post=27953"}],"curies":[{"name":"wp","href":"https:\/\/api.w.org\/{rel}","templated":true}]}}