{"id":27822,"date":"2025-07-21T11:09:02","date_gmt":"2025-07-21T14:09:02","guid":{"rendered":"https:\/\/ponteseditores.com.br\/loja3\/?post_type=product&#038;p=27822"},"modified":"2025-07-23T10:24:12","modified_gmt":"2025-07-23T13:24:12","slug":"praticas-de-linguagem-abordagens-em-leitura-escrita-e-oralidade-na-educacao-basica","status":"publish","type":"product","link":"https:\/\/ponteseditores.com.br\/loja3\/pontes-editores-home-2__trashed\/ebook\/lancamento-e-book\/praticas-de-linguagem-abordagens-em-leitura-escrita-e-oralidade-na-educacao-basica\/","title":{"rendered":"Pr\u00e1ticas de linguagem: abordagens em leitura, escrita e oralidade na Educa\u00e7\u00e3o B\u00e1sica"},"content":{"rendered":"<p>O livro apresenta 7 entrevistas com professores de diferentes institui\u00e7\u00f5es que abordam temas como educa\u00e7\u00e3o lingu\u00edstica cr\u00edtica, multiletramentos, pr\u00e1ticas e decolonialidade na l\u00edngua portuguesa com foco na Educa\u00e7\u00e3o \u2018B\u00e1sica. Destacam-se reflex\u00f5es sobre o racismo nas escolas, a valoriza\u00e7\u00e3o das trajet\u00f3rias lingu\u00edsticas dos alunos, a import\u00e2ncia dos g\u00eaneros discursivos, e o papel das tecnologias e da IA na forma\u00e7\u00e3o docente, dentre outros.<\/p>\n<p>O livro fortalece o compromisso \u00e9tico-pol\u00edtico com a inclus\u00e3o, a justi\u00e7a social e a valoriza\u00e7\u00e3o da diversidade nas pr\u00e1ticas educacionais direcionadas \u00e0 Linguagem.<\/p>\n<p>&nbsp;<\/p>\n","protected":false},"excerpt":{"rendered":"<p>O livro apresenta 7 entrevistas com professores de diferentes institui\u00e7\u00f5es que abordam temas como educa\u00e7\u00e3o lingu\u00edstica cr\u00edtica, multiletramentos, pr\u00e1ticas e decolonialidade na l\u00edngua portuguesa com foco na Educa\u00e7\u00e3o \u2018B\u00e1sica. Destacam-se reflex\u00f5es sobre o racismo nas escolas, a valoriza\u00e7\u00e3o das trajet\u00f3rias lingu\u00edsticas dos alunos, a import\u00e2ncia dos g\u00eaneros discursivos, e o papel das tecnologias e da [&hellip;]<\/p>\n","protected":false},"featured_media":27824,"comment_status":"open","ping_status":"closed","template":"","meta":{"_joinchat":[]},"product_brand":[],"product_cat":[165,386],"product_tag":[],"class_list":{"0":"post-27822","1":"product","2":"type-product","3":"status-publish","4":"has-post-thumbnail","6":"product_cat-ebook","7":"product_cat-lancamento-e-book","9":"first","10":"instock","11":"downloadable","12":"virtual","13":"purchasable","14":"product-type-simple"},"yoast_head":"<!-- This site is optimized with the Yoast SEO plugin v27.4 - https:\/\/yoast.com\/product\/yoast-seo-wordpress\/ -->\n<title>Pr\u00e1ticas de linguagem: abordagens em leitura, escrita e oralidade na Educa\u00e7\u00e3o B\u00e1sica - Pontes Editores<\/title>\n<meta name=\"robots\" content=\"index, follow, max-snippet:-1, max-image-preview:large, max-video-preview:-1\" \/>\n<link rel=\"canonical\" href=\"https:\/\/ponteseditores.com.br\/loja3\/pontes-editores-home-2__trashed\/ebook\/lancamento-e-book\/praticas-de-linguagem-abordagens-em-leitura-escrita-e-oralidade-na-educacao-basica\/\" \/>\n<meta property=\"og:locale\" content=\"pt_BR\" \/>\n<meta property=\"og:type\" content=\"article\" \/>\n<meta property=\"og:title\" content=\"Pr\u00e1ticas de linguagem: abordagens em leitura, escrita e oralidade na Educa\u00e7\u00e3o B\u00e1sica - Pontes Editores\" \/>\n<meta property=\"og:description\" content=\"O livro apresenta 7 entrevistas com professores de diferentes institui\u00e7\u00f5es que abordam temas como educa\u00e7\u00e3o lingu\u00edstica cr\u00edtica, multiletramentos, pr\u00e1ticas e decolonialidade na l\u00edngua portuguesa com foco na Educa\u00e7\u00e3o \u2018B\u00e1sica. Destacam-se reflex\u00f5es sobre o racismo nas escolas, a valoriza\u00e7\u00e3o das trajet\u00f3rias lingu\u00edsticas dos alunos, a import\u00e2ncia dos g\u00eaneros discursivos, e o papel das tecnologias e da [&hellip;]\" \/>\n<meta property=\"og:url\" content=\"https:\/\/ponteseditores.com.br\/loja3\/pontes-editores-home-2__trashed\/ebook\/lancamento-e-book\/praticas-de-linguagem-abordagens-em-leitura-escrita-e-oralidade-na-educacao-basica\/\" \/>\n<meta property=\"og:site_name\" content=\"Pontes Editores\" \/>\n<meta property=\"article:modified_time\" content=\"2025-07-23T13:24:12+00:00\" \/>\n<meta property=\"og:image\" content=\"https:\/\/ponteseditores.com.br\/loja3\/wp-content\/uploads\/2025\/07\/Capa_Praticas-de-Linguagem.webp\" \/>\n\t<meta property=\"og:image:width\" content=\"800\" \/>\n\t<meta property=\"og:image:height\" content=\"1159\" \/>\n\t<meta property=\"og:image:type\" content=\"image\/webp\" \/>\n<meta name=\"twitter:card\" content=\"summary_large_image\" \/>\n<meta name=\"twitter:label1\" content=\"Est. tempo de leitura\" \/>\n\t<meta name=\"twitter:data1\" content=\"1 minuto\" \/>\n<script type=\"application\/ld+json\" class=\"yoast-schema-graph\">{\"@context\":\"https:\\\/\\\/schema.org\",\"@graph\":[{\"@type\":\"WebPage\",\"@id\":\"https:\\\/\\\/ponteseditores.com.br\\\/loja3\\\/pontes-editores-home-2__trashed\\\/ebook\\\/lancamento-e-book\\\/praticas-de-linguagem-abordagens-em-leitura-escrita-e-oralidade-na-educacao-basica\\\/\",\"url\":\"https:\\\/\\\/ponteseditores.com.br\\\/loja3\\\/pontes-editores-home-2__trashed\\\/ebook\\\/lancamento-e-book\\\/praticas-de-linguagem-abordagens-em-leitura-escrita-e-oralidade-na-educacao-basica\\\/\",\"name\":\"Pr\u00e1ticas de linguagem: abordagens em leitura, escrita e oralidade na Educa\u00e7\u00e3o B\u00e1sica - Pontes Editores\",\"isPartOf\":{\"@id\":\"https:\\\/\\\/ponteseditores.com.br\\\/loja3\\\/#website\"},\"primaryImageOfPage\":{\"@id\":\"https:\\\/\\\/ponteseditores.com.br\\\/loja3\\\/pontes-editores-home-2__trashed\\\/ebook\\\/lancamento-e-book\\\/praticas-de-linguagem-abordagens-em-leitura-escrita-e-oralidade-na-educacao-basica\\\/#primaryimage\"},\"image\":{\"@id\":\"https:\\\/\\\/ponteseditores.com.br\\\/loja3\\\/pontes-editores-home-2__trashed\\\/ebook\\\/lancamento-e-book\\\/praticas-de-linguagem-abordagens-em-leitura-escrita-e-oralidade-na-educacao-basica\\\/#primaryimage\"},\"thumbnailUrl\":\"https:\\\/\\\/ponteseditores.com.br\\\/loja3\\\/wp-content\\\/uploads\\\/2025\\\/07\\\/Capa_Praticas-de-Linguagem.webp\",\"datePublished\":\"2025-07-21T14:09:02+00:00\",\"dateModified\":\"2025-07-23T13:24:12+00:00\",\"breadcrumb\":{\"@id\":\"https:\\\/\\\/ponteseditores.com.br\\\/loja3\\\/pontes-editores-home-2__trashed\\\/ebook\\\/lancamento-e-book\\\/praticas-de-linguagem-abordagens-em-leitura-escrita-e-oralidade-na-educacao-basica\\\/#breadcrumb\"},\"inLanguage\":\"pt-BR\",\"potentialAction\":[{\"@type\":\"ReadAction\",\"target\":[\"https:\\\/\\\/ponteseditores.com.br\\\/loja3\\\/pontes-editores-home-2__trashed\\\/ebook\\\/lancamento-e-book\\\/praticas-de-linguagem-abordagens-em-leitura-escrita-e-oralidade-na-educacao-basica\\\/\"]}]},{\"@type\":\"ImageObject\",\"inLanguage\":\"pt-BR\",\"@id\":\"https:\\\/\\\/ponteseditores.com.br\\\/loja3\\\/pontes-editores-home-2__trashed\\\/ebook\\\/lancamento-e-book\\\/praticas-de-linguagem-abordagens-em-leitura-escrita-e-oralidade-na-educacao-basica\\\/#primaryimage\",\"url\":\"https:\\\/\\\/ponteseditores.com.br\\\/loja3\\\/wp-content\\\/uploads\\\/2025\\\/07\\\/Capa_Praticas-de-Linguagem.webp\",\"contentUrl\":\"https:\\\/\\\/ponteseditores.com.br\\\/loja3\\\/wp-content\\\/uploads\\\/2025\\\/07\\\/Capa_Praticas-de-Linguagem.webp\",\"width\":800,\"height\":1159},{\"@type\":\"BreadcrumbList\",\"@id\":\"https:\\\/\\\/ponteseditores.com.br\\\/loja3\\\/pontes-editores-home-2__trashed\\\/ebook\\\/lancamento-e-book\\\/praticas-de-linguagem-abordagens-em-leitura-escrita-e-oralidade-na-educacao-basica\\\/#breadcrumb\",\"itemListElement\":[{\"@type\":\"ListItem\",\"position\":1,\"name\":\"Home\",\"item\":\"https:\\\/\\\/ponteseditores.com.br\\\/loja3\\\/\"},{\"@type\":\"ListItem\",\"position\":2,\"name\":\"loja\",\"item\":\"https:\\\/\\\/ponteseditores.com.br\\\/loja3\\\/loja\\\/\"},{\"@type\":\"ListItem\",\"position\":3,\"name\":\"Pr\u00e1ticas de linguagem: abordagens em leitura, escrita e oralidade na Educa\u00e7\u00e3o B\u00e1sica\"}]},{\"@type\":\"WebSite\",\"@id\":\"https:\\\/\\\/ponteseditores.com.br\\\/loja3\\\/#website\",\"url\":\"https:\\\/\\\/ponteseditores.com.br\\\/loja3\\\/\",\"name\":\"Pontes Editores\",\"description\":\"Pontes Editores\",\"publisher\":{\"@id\":\"https:\\\/\\\/ponteseditores.com.br\\\/loja3\\\/#organization\"},\"potentialAction\":[{\"@type\":\"SearchAction\",\"target\":{\"@type\":\"EntryPoint\",\"urlTemplate\":\"https:\\\/\\\/ponteseditores.com.br\\\/loja3\\\/?s={search_term_string}\"},\"query-input\":{\"@type\":\"PropertyValueSpecification\",\"valueRequired\":true,\"valueName\":\"search_term_string\"}}],\"inLanguage\":\"pt-BR\"},{\"@type\":\"Organization\",\"@id\":\"https:\\\/\\\/ponteseditores.com.br\\\/loja3\\\/#organization\",\"name\":\"Pontes Editores\",\"url\":\"https:\\\/\\\/ponteseditores.com.br\\\/loja3\\\/\",\"logo\":{\"@type\":\"ImageObject\",\"inLanguage\":\"pt-BR\",\"@id\":\"https:\\\/\\\/ponteseditores.com.br\\\/loja3\\\/#\\\/schema\\\/logo\\\/image\\\/\",\"url\":\"https:\\\/\\\/ponteseditores.com.br\\\/loja3\\\/wp-content\\\/uploads\\\/2023\\\/12\\\/logo-pontes-editores-v2.png\",\"contentUrl\":\"https:\\\/\\\/ponteseditores.com.br\\\/loja3\\\/wp-content\\\/uploads\\\/2023\\\/12\\\/logo-pontes-editores-v2.png\",\"width\":258,\"height\":100,\"caption\":\"Pontes Editores\"},\"image\":{\"@id\":\"https:\\\/\\\/ponteseditores.com.br\\\/loja3\\\/#\\\/schema\\\/logo\\\/image\\\/\"}}]}<\/script>\n<!-- \/ Yoast SEO plugin. -->","yoast_head_json":{"title":"Pr\u00e1ticas de linguagem: abordagens em leitura, escrita e oralidade na Educa\u00e7\u00e3o B\u00e1sica - Pontes Editores","robots":{"index":"index","follow":"follow","max-snippet":"max-snippet:-1","max-image-preview":"max-image-preview:large","max-video-preview":"max-video-preview:-1"},"canonical":"https:\/\/ponteseditores.com.br\/loja3\/pontes-editores-home-2__trashed\/ebook\/lancamento-e-book\/praticas-de-linguagem-abordagens-em-leitura-escrita-e-oralidade-na-educacao-basica\/","og_locale":"pt_BR","og_type":"article","og_title":"Pr\u00e1ticas de linguagem: abordagens em leitura, escrita e oralidade na Educa\u00e7\u00e3o B\u00e1sica - Pontes Editores","og_description":"O livro apresenta 7 entrevistas com professores de diferentes institui\u00e7\u00f5es que abordam temas como educa\u00e7\u00e3o lingu\u00edstica cr\u00edtica, multiletramentos, pr\u00e1ticas e decolonialidade na l\u00edngua portuguesa com foco na Educa\u00e7\u00e3o \u2018B\u00e1sica. Destacam-se reflex\u00f5es sobre o racismo nas escolas, a valoriza\u00e7\u00e3o das trajet\u00f3rias lingu\u00edsticas dos alunos, a import\u00e2ncia dos g\u00eaneros discursivos, e o papel das tecnologias e da [&hellip;]","og_url":"https:\/\/ponteseditores.com.br\/loja3\/pontes-editores-home-2__trashed\/ebook\/lancamento-e-book\/praticas-de-linguagem-abordagens-em-leitura-escrita-e-oralidade-na-educacao-basica\/","og_site_name":"Pontes Editores","article_modified_time":"2025-07-23T13:24:12+00:00","og_image":[{"width":800,"height":1159,"url":"https:\/\/ponteseditores.com.br\/loja3\/wp-content\/uploads\/2025\/07\/Capa_Praticas-de-Linguagem.webp","type":"image\/webp"}],"twitter_card":"summary_large_image","twitter_misc":{"Est. tempo de leitura":"1 minuto"},"schema":{"@context":"https:\/\/schema.org","@graph":[{"@type":"WebPage","@id":"https:\/\/ponteseditores.com.br\/loja3\/pontes-editores-home-2__trashed\/ebook\/lancamento-e-book\/praticas-de-linguagem-abordagens-em-leitura-escrita-e-oralidade-na-educacao-basica\/","url":"https:\/\/ponteseditores.com.br\/loja3\/pontes-editores-home-2__trashed\/ebook\/lancamento-e-book\/praticas-de-linguagem-abordagens-em-leitura-escrita-e-oralidade-na-educacao-basica\/","name":"Pr\u00e1ticas de linguagem: abordagens em leitura, escrita e oralidade na Educa\u00e7\u00e3o B\u00e1sica - Pontes Editores","isPartOf":{"@id":"https:\/\/ponteseditores.com.br\/loja3\/#website"},"primaryImageOfPage":{"@id":"https:\/\/ponteseditores.com.br\/loja3\/pontes-editores-home-2__trashed\/ebook\/lancamento-e-book\/praticas-de-linguagem-abordagens-em-leitura-escrita-e-oralidade-na-educacao-basica\/#primaryimage"},"image":{"@id":"https:\/\/ponteseditores.com.br\/loja3\/pontes-editores-home-2__trashed\/ebook\/lancamento-e-book\/praticas-de-linguagem-abordagens-em-leitura-escrita-e-oralidade-na-educacao-basica\/#primaryimage"},"thumbnailUrl":"https:\/\/ponteseditores.com.br\/loja3\/wp-content\/uploads\/2025\/07\/Capa_Praticas-de-Linguagem.webp","datePublished":"2025-07-21T14:09:02+00:00","dateModified":"2025-07-23T13:24:12+00:00","breadcrumb":{"@id":"https:\/\/ponteseditores.com.br\/loja3\/pontes-editores-home-2__trashed\/ebook\/lancamento-e-book\/praticas-de-linguagem-abordagens-em-leitura-escrita-e-oralidade-na-educacao-basica\/#breadcrumb"},"inLanguage":"pt-BR","potentialAction":[{"@type":"ReadAction","target":["https:\/\/ponteseditores.com.br\/loja3\/pontes-editores-home-2__trashed\/ebook\/lancamento-e-book\/praticas-de-linguagem-abordagens-em-leitura-escrita-e-oralidade-na-educacao-basica\/"]}]},{"@type":"ImageObject","inLanguage":"pt-BR","@id":"https:\/\/ponteseditores.com.br\/loja3\/pontes-editores-home-2__trashed\/ebook\/lancamento-e-book\/praticas-de-linguagem-abordagens-em-leitura-escrita-e-oralidade-na-educacao-basica\/#primaryimage","url":"https:\/\/ponteseditores.com.br\/loja3\/wp-content\/uploads\/2025\/07\/Capa_Praticas-de-Linguagem.webp","contentUrl":"https:\/\/ponteseditores.com.br\/loja3\/wp-content\/uploads\/2025\/07\/Capa_Praticas-de-Linguagem.webp","width":800,"height":1159},{"@type":"BreadcrumbList","@id":"https:\/\/ponteseditores.com.br\/loja3\/pontes-editores-home-2__trashed\/ebook\/lancamento-e-book\/praticas-de-linguagem-abordagens-em-leitura-escrita-e-oralidade-na-educacao-basica\/#breadcrumb","itemListElement":[{"@type":"ListItem","position":1,"name":"Home","item":"https:\/\/ponteseditores.com.br\/loja3\/"},{"@type":"ListItem","position":2,"name":"loja","item":"https:\/\/ponteseditores.com.br\/loja3\/loja\/"},{"@type":"ListItem","position":3,"name":"Pr\u00e1ticas de linguagem: abordagens em leitura, escrita e oralidade na Educa\u00e7\u00e3o B\u00e1sica"}]},{"@type":"WebSite","@id":"https:\/\/ponteseditores.com.br\/loja3\/#website","url":"https:\/\/ponteseditores.com.br\/loja3\/","name":"Pontes Editores","description":"Pontes Editores","publisher":{"@id":"https:\/\/ponteseditores.com.br\/loja3\/#organization"},"potentialAction":[{"@type":"SearchAction","target":{"@type":"EntryPoint","urlTemplate":"https:\/\/ponteseditores.com.br\/loja3\/?s={search_term_string}"},"query-input":{"@type":"PropertyValueSpecification","valueRequired":true,"valueName":"search_term_string"}}],"inLanguage":"pt-BR"},{"@type":"Organization","@id":"https:\/\/ponteseditores.com.br\/loja3\/#organization","name":"Pontes Editores","url":"https:\/\/ponteseditores.com.br\/loja3\/","logo":{"@type":"ImageObject","inLanguage":"pt-BR","@id":"https:\/\/ponteseditores.com.br\/loja3\/#\/schema\/logo\/image\/","url":"https:\/\/ponteseditores.com.br\/loja3\/wp-content\/uploads\/2023\/12\/logo-pontes-editores-v2.png","contentUrl":"https:\/\/ponteseditores.com.br\/loja3\/wp-content\/uploads\/2023\/12\/logo-pontes-editores-v2.png","width":258,"height":100,"caption":"Pontes Editores"},"image":{"@id":"https:\/\/ponteseditores.com.br\/loja3\/#\/schema\/logo\/image\/"}}]}},"_links":{"self":[{"href":"https:\/\/ponteseditores.com.br\/loja3\/wp-json\/wp\/v2\/product\/27822","targetHints":{"allow":["GET"]}}],"collection":[{"href":"https:\/\/ponteseditores.com.br\/loja3\/wp-json\/wp\/v2\/product"}],"about":[{"href":"https:\/\/ponteseditores.com.br\/loja3\/wp-json\/wp\/v2\/types\/product"}],"replies":[{"embeddable":true,"href":"https:\/\/ponteseditores.com.br\/loja3\/wp-json\/wp\/v2\/comments?post=27822"}],"version-history":[{"count":1,"href":"https:\/\/ponteseditores.com.br\/loja3\/wp-json\/wp\/v2\/product\/27822\/revisions"}],"predecessor-version":[{"id":27825,"href":"https:\/\/ponteseditores.com.br\/loja3\/wp-json\/wp\/v2\/product\/27822\/revisions\/27825"}],"wp:featuredmedia":[{"embeddable":true,"href":"https:\/\/ponteseditores.com.br\/loja3\/wp-json\/wp\/v2\/media\/27824"}],"wp:attachment":[{"href":"https:\/\/ponteseditores.com.br\/loja3\/wp-json\/wp\/v2\/media?parent=27822"}],"wp:term":[{"taxonomy":"product_brand","embeddable":true,"href":"https:\/\/ponteseditores.com.br\/loja3\/wp-json\/wp\/v2\/product_brand?post=27822"},{"taxonomy":"product_cat","embeddable":true,"href":"https:\/\/ponteseditores.com.br\/loja3\/wp-json\/wp\/v2\/product_cat?post=27822"},{"taxonomy":"product_tag","embeddable":true,"href":"https:\/\/ponteseditores.com.br\/loja3\/wp-json\/wp\/v2\/product_tag?post=27822"}],"curies":[{"name":"wp","href":"https:\/\/api.w.org\/{rel}","templated":true}]}}