{"id":27728,"date":"2025-07-16T18:13:54","date_gmt":"2025-07-16T21:13:54","guid":{"rendered":"https:\/\/ponteseditores.com.br\/loja3\/?post_type=product&#038;p=27728"},"modified":"2025-07-23T10:24:37","modified_gmt":"2025-07-23T13:24:37","slug":"identidade-experiencia-e-discurso-semiotica-e-critica-da-cultura-2","status":"publish","type":"product","link":"https:\/\/ponteseditores.com.br\/loja3\/pontes-editores-home-2__trashed\/ebook\/lancamento-e-book\/identidade-experiencia-e-discurso-semiotica-e-critica-da-cultura-2\/","title":{"rendered":"Identidade, experi\u00eancia e discurso: semi\u00f3tica e cr\u00edtica da cultura"},"content":{"rendered":"<p>A identidade \u00e9 um conceito central para a circula\u00e7\u00e3o e reprodu\u00e7\u00e3o da cultura, bem como para o reconhecimento dos diferentes n\u00edveis de articula\u00e7\u00e3o da significa\u00e7\u00e3o e para o tratamento do sentido na enuncia\u00e7\u00e3o em ato \u2014 independentemente da configura\u00e7\u00e3o que ela assume, da modalidade lingu\u00edstica envolvida ou dos suportes empregados. Nesse contexto, a semi\u00f3tica busca reconhecer os imbricamentos entre a dimens\u00e3o propriamente linguageira, as dimens\u00f5es s\u00f3cio-hist\u00f3ricas e as condi\u00e7\u00f5es de produ\u00e7\u00e3o. Seu objetivo consiste em estabelecer procedimentos que descrevem como se engendram as formas do conte\u00fado e da express\u00e3o nos fatos e objetos culturais propondo uma perspectiva anal\u00edtica a partir dos n\u00edveis de pertin\u00eancia e da articula\u00e7\u00e3o desses fen\u00f4menos.<\/p>\n<p>Nesse sentido, o estudo da identidade, sob a \u00f3tica da semi\u00f3tica do discurso, permite n\u00e3o apenas entender seus desdobramentos conceituais, mas tamb\u00e9m suas atualiza\u00e7\u00f5es no campo de uma semi\u00f3tica da experi\u00eancia. Reflex\u00f5es contempor\u00e2neas sobre identidade demandam uma abordagem interseccional que considere as m\u00faltiplas camadas presentes nas din\u00e2micas sociais. Este livro aceita, ent\u00e3o, o desafio de enfrentar temas-chave do debate contempor\u00e2neo, como formas de exclus\u00e3o \u2014 marcadas por rela\u00e7\u00f5es de pol\u00edtica, pobreza e g\u00eanero \u2014, que se articulam \u00e0s formas pelas quais sujeitos se constroem nas tecnologias e nas culturas digitais, dando origem a identidades em rede que desafiam estruturas tradicionais de pertencimento. Ao mesmo tempo, as disputas discursivas em torno da ci\u00eancia, da justi\u00e7a e das crises ecol\u00f3gicas evidenciam os embates ideol\u00f3gicos que atravessam a constru\u00e7\u00e3o do conhecimento e a sustentabilidade do planeta. Esses tensionamentos assumem materialidade nas cidades, onde imagens, espa\u00e7os e identidades urbanas se entrela\u00e7am na narratividade visual e no discurso da rua, e a paisagem urbana se torna campo de express\u00e3o e contesta\u00e7\u00e3o simb\u00f3lica.<\/p>\n<p>Tais pr\u00e1ticas exigem uma aten\u00e7\u00e3o renovada diante dos desafios contempor\u00e2neos de interpreta\u00e7\u00e3o e atua\u00e7\u00e3o no mundo.<\/p>\n","protected":false},"excerpt":{"rendered":"<p>A identidade \u00e9 um conceito central para a circula\u00e7\u00e3o e reprodu\u00e7\u00e3o da cultura, bem como para o reconhecimento dos diferentes n\u00edveis de articula\u00e7\u00e3o da significa\u00e7\u00e3o e para o tratamento do sentido na enuncia\u00e7\u00e3o em ato \u2014 independentemente da configura\u00e7\u00e3o que ela assume, da modalidade lingu\u00edstica envolvida ou dos suportes empregados. Nesse contexto, a semi\u00f3tica busca [&hellip;]<\/p>\n","protected":false},"featured_media":27360,"comment_status":"open","ping_status":"closed","template":"","meta":{"_joinchat":[]},"product_brand":[],"product_cat":[165,386],"product_tag":[],"class_list":{"0":"post-27728","1":"product","2":"type-product","3":"status-publish","4":"has-post-thumbnail","6":"product_cat-ebook","7":"product_cat-lancamento-e-book","9":"first","10":"instock","11":"downloadable","12":"virtual","13":"purchasable","14":"product-type-simple"},"yoast_head":"<!-- This site is optimized with the Yoast SEO plugin v27.4 - https:\/\/yoast.com\/product\/yoast-seo-wordpress\/ -->\n<title>Identidade, experi\u00eancia e discurso: semi\u00f3tica e cr\u00edtica da cultura - Pontes Editores<\/title>\n<meta name=\"robots\" content=\"index, follow, max-snippet:-1, max-image-preview:large, max-video-preview:-1\" \/>\n<link rel=\"canonical\" href=\"https:\/\/ponteseditores.com.br\/loja3\/pontes-editores-home-2__trashed\/ebook\/lancamento-e-book\/identidade-experiencia-e-discurso-semiotica-e-critica-da-cultura-2\/\" \/>\n<meta property=\"og:locale\" content=\"pt_BR\" \/>\n<meta property=\"og:type\" content=\"article\" \/>\n<meta property=\"og:title\" content=\"Identidade, experi\u00eancia e discurso: semi\u00f3tica e cr\u00edtica da cultura - Pontes Editores\" \/>\n<meta property=\"og:description\" content=\"A identidade \u00e9 um conceito central para a circula\u00e7\u00e3o e reprodu\u00e7\u00e3o da cultura, bem como para o reconhecimento dos diferentes n\u00edveis de articula\u00e7\u00e3o da significa\u00e7\u00e3o e para o tratamento do sentido na enuncia\u00e7\u00e3o em ato \u2014 independentemente da configura\u00e7\u00e3o que ela assume, da modalidade lingu\u00edstica envolvida ou dos suportes empregados. Nesse contexto, a semi\u00f3tica busca [&hellip;]\" \/>\n<meta property=\"og:url\" content=\"https:\/\/ponteseditores.com.br\/loja3\/pontes-editores-home-2__trashed\/ebook\/lancamento-e-book\/identidade-experiencia-e-discurso-semiotica-e-critica-da-cultura-2\/\" \/>\n<meta property=\"og:site_name\" content=\"Pontes Editores\" \/>\n<meta property=\"article:modified_time\" content=\"2025-07-23T13:24:37+00:00\" \/>\n<meta property=\"og:image\" content=\"https:\/\/ponteseditores.com.br\/loja3\/wp-content\/uploads\/2025\/07\/Capa_Identidade_Experiencia.webp\" \/>\n\t<meta property=\"og:image:width\" content=\"800\" \/>\n\t<meta property=\"og:image:height\" content=\"1159\" \/>\n\t<meta property=\"og:image:type\" content=\"image\/webp\" \/>\n<meta name=\"twitter:card\" content=\"summary_large_image\" \/>\n<meta name=\"twitter:label1\" content=\"Est. tempo de leitura\" \/>\n\t<meta name=\"twitter:data1\" content=\"2 minutos\" \/>\n<script type=\"application\/ld+json\" class=\"yoast-schema-graph\">{\"@context\":\"https:\\\/\\\/schema.org\",\"@graph\":[{\"@type\":\"WebPage\",\"@id\":\"https:\\\/\\\/ponteseditores.com.br\\\/loja3\\\/pontes-editores-home-2__trashed\\\/ebook\\\/lancamento-e-book\\\/identidade-experiencia-e-discurso-semiotica-e-critica-da-cultura-2\\\/\",\"url\":\"https:\\\/\\\/ponteseditores.com.br\\\/loja3\\\/pontes-editores-home-2__trashed\\\/ebook\\\/lancamento-e-book\\\/identidade-experiencia-e-discurso-semiotica-e-critica-da-cultura-2\\\/\",\"name\":\"Identidade, experi\u00eancia e discurso: semi\u00f3tica e cr\u00edtica da cultura - Pontes Editores\",\"isPartOf\":{\"@id\":\"https:\\\/\\\/ponteseditores.com.br\\\/loja3\\\/#website\"},\"primaryImageOfPage\":{\"@id\":\"https:\\\/\\\/ponteseditores.com.br\\\/loja3\\\/pontes-editores-home-2__trashed\\\/ebook\\\/lancamento-e-book\\\/identidade-experiencia-e-discurso-semiotica-e-critica-da-cultura-2\\\/#primaryimage\"},\"image\":{\"@id\":\"https:\\\/\\\/ponteseditores.com.br\\\/loja3\\\/pontes-editores-home-2__trashed\\\/ebook\\\/lancamento-e-book\\\/identidade-experiencia-e-discurso-semiotica-e-critica-da-cultura-2\\\/#primaryimage\"},\"thumbnailUrl\":\"https:\\\/\\\/ponteseditores.com.br\\\/loja3\\\/wp-content\\\/uploads\\\/2025\\\/07\\\/Capa_Identidade_Experiencia.webp\",\"datePublished\":\"2025-07-16T21:13:54+00:00\",\"dateModified\":\"2025-07-23T13:24:37+00:00\",\"breadcrumb\":{\"@id\":\"https:\\\/\\\/ponteseditores.com.br\\\/loja3\\\/pontes-editores-home-2__trashed\\\/ebook\\\/lancamento-e-book\\\/identidade-experiencia-e-discurso-semiotica-e-critica-da-cultura-2\\\/#breadcrumb\"},\"inLanguage\":\"pt-BR\",\"potentialAction\":[{\"@type\":\"ReadAction\",\"target\":[\"https:\\\/\\\/ponteseditores.com.br\\\/loja3\\\/pontes-editores-home-2__trashed\\\/ebook\\\/lancamento-e-book\\\/identidade-experiencia-e-discurso-semiotica-e-critica-da-cultura-2\\\/\"]}]},{\"@type\":\"ImageObject\",\"inLanguage\":\"pt-BR\",\"@id\":\"https:\\\/\\\/ponteseditores.com.br\\\/loja3\\\/pontes-editores-home-2__trashed\\\/ebook\\\/lancamento-e-book\\\/identidade-experiencia-e-discurso-semiotica-e-critica-da-cultura-2\\\/#primaryimage\",\"url\":\"https:\\\/\\\/ponteseditores.com.br\\\/loja3\\\/wp-content\\\/uploads\\\/2025\\\/07\\\/Capa_Identidade_Experiencia.webp\",\"contentUrl\":\"https:\\\/\\\/ponteseditores.com.br\\\/loja3\\\/wp-content\\\/uploads\\\/2025\\\/07\\\/Capa_Identidade_Experiencia.webp\",\"width\":800,\"height\":1159},{\"@type\":\"BreadcrumbList\",\"@id\":\"https:\\\/\\\/ponteseditores.com.br\\\/loja3\\\/pontes-editores-home-2__trashed\\\/ebook\\\/lancamento-e-book\\\/identidade-experiencia-e-discurso-semiotica-e-critica-da-cultura-2\\\/#breadcrumb\",\"itemListElement\":[{\"@type\":\"ListItem\",\"position\":1,\"name\":\"Home\",\"item\":\"https:\\\/\\\/ponteseditores.com.br\\\/loja3\\\/\"},{\"@type\":\"ListItem\",\"position\":2,\"name\":\"loja\",\"item\":\"https:\\\/\\\/ponteseditores.com.br\\\/loja3\\\/loja\\\/\"},{\"@type\":\"ListItem\",\"position\":3,\"name\":\"Identidade, experi\u00eancia e discurso: semi\u00f3tica e cr\u00edtica da cultura\"}]},{\"@type\":\"WebSite\",\"@id\":\"https:\\\/\\\/ponteseditores.com.br\\\/loja3\\\/#website\",\"url\":\"https:\\\/\\\/ponteseditores.com.br\\\/loja3\\\/\",\"name\":\"Pontes Editores\",\"description\":\"Pontes Editores\",\"publisher\":{\"@id\":\"https:\\\/\\\/ponteseditores.com.br\\\/loja3\\\/#organization\"},\"potentialAction\":[{\"@type\":\"SearchAction\",\"target\":{\"@type\":\"EntryPoint\",\"urlTemplate\":\"https:\\\/\\\/ponteseditores.com.br\\\/loja3\\\/?s={search_term_string}\"},\"query-input\":{\"@type\":\"PropertyValueSpecification\",\"valueRequired\":true,\"valueName\":\"search_term_string\"}}],\"inLanguage\":\"pt-BR\"},{\"@type\":\"Organization\",\"@id\":\"https:\\\/\\\/ponteseditores.com.br\\\/loja3\\\/#organization\",\"name\":\"Pontes Editores\",\"url\":\"https:\\\/\\\/ponteseditores.com.br\\\/loja3\\\/\",\"logo\":{\"@type\":\"ImageObject\",\"inLanguage\":\"pt-BR\",\"@id\":\"https:\\\/\\\/ponteseditores.com.br\\\/loja3\\\/#\\\/schema\\\/logo\\\/image\\\/\",\"url\":\"https:\\\/\\\/ponteseditores.com.br\\\/loja3\\\/wp-content\\\/uploads\\\/2023\\\/12\\\/logo-pontes-editores-v2.png\",\"contentUrl\":\"https:\\\/\\\/ponteseditores.com.br\\\/loja3\\\/wp-content\\\/uploads\\\/2023\\\/12\\\/logo-pontes-editores-v2.png\",\"width\":258,\"height\":100,\"caption\":\"Pontes Editores\"},\"image\":{\"@id\":\"https:\\\/\\\/ponteseditores.com.br\\\/loja3\\\/#\\\/schema\\\/logo\\\/image\\\/\"}}]}<\/script>\n<!-- \/ Yoast SEO plugin. -->","yoast_head_json":{"title":"Identidade, experi\u00eancia e discurso: semi\u00f3tica e cr\u00edtica da cultura - Pontes Editores","robots":{"index":"index","follow":"follow","max-snippet":"max-snippet:-1","max-image-preview":"max-image-preview:large","max-video-preview":"max-video-preview:-1"},"canonical":"https:\/\/ponteseditores.com.br\/loja3\/pontes-editores-home-2__trashed\/ebook\/lancamento-e-book\/identidade-experiencia-e-discurso-semiotica-e-critica-da-cultura-2\/","og_locale":"pt_BR","og_type":"article","og_title":"Identidade, experi\u00eancia e discurso: semi\u00f3tica e cr\u00edtica da cultura - Pontes Editores","og_description":"A identidade \u00e9 um conceito central para a circula\u00e7\u00e3o e reprodu\u00e7\u00e3o da cultura, bem como para o reconhecimento dos diferentes n\u00edveis de articula\u00e7\u00e3o da significa\u00e7\u00e3o e para o tratamento do sentido na enuncia\u00e7\u00e3o em ato \u2014 independentemente da configura\u00e7\u00e3o que ela assume, da modalidade lingu\u00edstica envolvida ou dos suportes empregados. Nesse contexto, a semi\u00f3tica busca [&hellip;]","og_url":"https:\/\/ponteseditores.com.br\/loja3\/pontes-editores-home-2__trashed\/ebook\/lancamento-e-book\/identidade-experiencia-e-discurso-semiotica-e-critica-da-cultura-2\/","og_site_name":"Pontes Editores","article_modified_time":"2025-07-23T13:24:37+00:00","og_image":[{"width":800,"height":1159,"url":"https:\/\/ponteseditores.com.br\/loja3\/wp-content\/uploads\/2025\/07\/Capa_Identidade_Experiencia.webp","type":"image\/webp"}],"twitter_card":"summary_large_image","twitter_misc":{"Est. tempo de leitura":"2 minutos"},"schema":{"@context":"https:\/\/schema.org","@graph":[{"@type":"WebPage","@id":"https:\/\/ponteseditores.com.br\/loja3\/pontes-editores-home-2__trashed\/ebook\/lancamento-e-book\/identidade-experiencia-e-discurso-semiotica-e-critica-da-cultura-2\/","url":"https:\/\/ponteseditores.com.br\/loja3\/pontes-editores-home-2__trashed\/ebook\/lancamento-e-book\/identidade-experiencia-e-discurso-semiotica-e-critica-da-cultura-2\/","name":"Identidade, experi\u00eancia e discurso: semi\u00f3tica e cr\u00edtica da cultura - Pontes Editores","isPartOf":{"@id":"https:\/\/ponteseditores.com.br\/loja3\/#website"},"primaryImageOfPage":{"@id":"https:\/\/ponteseditores.com.br\/loja3\/pontes-editores-home-2__trashed\/ebook\/lancamento-e-book\/identidade-experiencia-e-discurso-semiotica-e-critica-da-cultura-2\/#primaryimage"},"image":{"@id":"https:\/\/ponteseditores.com.br\/loja3\/pontes-editores-home-2__trashed\/ebook\/lancamento-e-book\/identidade-experiencia-e-discurso-semiotica-e-critica-da-cultura-2\/#primaryimage"},"thumbnailUrl":"https:\/\/ponteseditores.com.br\/loja3\/wp-content\/uploads\/2025\/07\/Capa_Identidade_Experiencia.webp","datePublished":"2025-07-16T21:13:54+00:00","dateModified":"2025-07-23T13:24:37+00:00","breadcrumb":{"@id":"https:\/\/ponteseditores.com.br\/loja3\/pontes-editores-home-2__trashed\/ebook\/lancamento-e-book\/identidade-experiencia-e-discurso-semiotica-e-critica-da-cultura-2\/#breadcrumb"},"inLanguage":"pt-BR","potentialAction":[{"@type":"ReadAction","target":["https:\/\/ponteseditores.com.br\/loja3\/pontes-editores-home-2__trashed\/ebook\/lancamento-e-book\/identidade-experiencia-e-discurso-semiotica-e-critica-da-cultura-2\/"]}]},{"@type":"ImageObject","inLanguage":"pt-BR","@id":"https:\/\/ponteseditores.com.br\/loja3\/pontes-editores-home-2__trashed\/ebook\/lancamento-e-book\/identidade-experiencia-e-discurso-semiotica-e-critica-da-cultura-2\/#primaryimage","url":"https:\/\/ponteseditores.com.br\/loja3\/wp-content\/uploads\/2025\/07\/Capa_Identidade_Experiencia.webp","contentUrl":"https:\/\/ponteseditores.com.br\/loja3\/wp-content\/uploads\/2025\/07\/Capa_Identidade_Experiencia.webp","width":800,"height":1159},{"@type":"BreadcrumbList","@id":"https:\/\/ponteseditores.com.br\/loja3\/pontes-editores-home-2__trashed\/ebook\/lancamento-e-book\/identidade-experiencia-e-discurso-semiotica-e-critica-da-cultura-2\/#breadcrumb","itemListElement":[{"@type":"ListItem","position":1,"name":"Home","item":"https:\/\/ponteseditores.com.br\/loja3\/"},{"@type":"ListItem","position":2,"name":"loja","item":"https:\/\/ponteseditores.com.br\/loja3\/loja\/"},{"@type":"ListItem","position":3,"name":"Identidade, experi\u00eancia e discurso: semi\u00f3tica e cr\u00edtica da cultura"}]},{"@type":"WebSite","@id":"https:\/\/ponteseditores.com.br\/loja3\/#website","url":"https:\/\/ponteseditores.com.br\/loja3\/","name":"Pontes Editores","description":"Pontes Editores","publisher":{"@id":"https:\/\/ponteseditores.com.br\/loja3\/#organization"},"potentialAction":[{"@type":"SearchAction","target":{"@type":"EntryPoint","urlTemplate":"https:\/\/ponteseditores.com.br\/loja3\/?s={search_term_string}"},"query-input":{"@type":"PropertyValueSpecification","valueRequired":true,"valueName":"search_term_string"}}],"inLanguage":"pt-BR"},{"@type":"Organization","@id":"https:\/\/ponteseditores.com.br\/loja3\/#organization","name":"Pontes Editores","url":"https:\/\/ponteseditores.com.br\/loja3\/","logo":{"@type":"ImageObject","inLanguage":"pt-BR","@id":"https:\/\/ponteseditores.com.br\/loja3\/#\/schema\/logo\/image\/","url":"https:\/\/ponteseditores.com.br\/loja3\/wp-content\/uploads\/2023\/12\/logo-pontes-editores-v2.png","contentUrl":"https:\/\/ponteseditores.com.br\/loja3\/wp-content\/uploads\/2023\/12\/logo-pontes-editores-v2.png","width":258,"height":100,"caption":"Pontes Editores"},"image":{"@id":"https:\/\/ponteseditores.com.br\/loja3\/#\/schema\/logo\/image\/"}}]}},"_links":{"self":[{"href":"https:\/\/ponteseditores.com.br\/loja3\/wp-json\/wp\/v2\/product\/27728","targetHints":{"allow":["GET"]}}],"collection":[{"href":"https:\/\/ponteseditores.com.br\/loja3\/wp-json\/wp\/v2\/product"}],"about":[{"href":"https:\/\/ponteseditores.com.br\/loja3\/wp-json\/wp\/v2\/types\/product"}],"replies":[{"embeddable":true,"href":"https:\/\/ponteseditores.com.br\/loja3\/wp-json\/wp\/v2\/comments?post=27728"}],"version-history":[{"count":2,"href":"https:\/\/ponteseditores.com.br\/loja3\/wp-json\/wp\/v2\/product\/27728\/revisions"}],"predecessor-version":[{"id":27897,"href":"https:\/\/ponteseditores.com.br\/loja3\/wp-json\/wp\/v2\/product\/27728\/revisions\/27897"}],"wp:featuredmedia":[{"embeddable":true,"href":"https:\/\/ponteseditores.com.br\/loja3\/wp-json\/wp\/v2\/media\/27360"}],"wp:attachment":[{"href":"https:\/\/ponteseditores.com.br\/loja3\/wp-json\/wp\/v2\/media?parent=27728"}],"wp:term":[{"taxonomy":"product_brand","embeddable":true,"href":"https:\/\/ponteseditores.com.br\/loja3\/wp-json\/wp\/v2\/product_brand?post=27728"},{"taxonomy":"product_cat","embeddable":true,"href":"https:\/\/ponteseditores.com.br\/loja3\/wp-json\/wp\/v2\/product_cat?post=27728"},{"taxonomy":"product_tag","embeddable":true,"href":"https:\/\/ponteseditores.com.br\/loja3\/wp-json\/wp\/v2\/product_tag?post=27728"}],"curies":[{"name":"wp","href":"https:\/\/api.w.org\/{rel}","templated":true}]}}