{"id":27597,"date":"2025-07-11T10:46:53","date_gmt":"2025-07-11T13:46:53","guid":{"rendered":"https:\/\/ponteseditores.com.br\/loja3\/?post_type=product&#038;p=27597"},"modified":"2025-07-11T10:48:42","modified_gmt":"2025-07-11T13:48:42","slug":"formacao-de-professores-de-linguas-conectando-reflexoes-e-contextos-diversos","status":"publish","type":"product","link":"https:\/\/ponteseditores.com.br\/loja3\/pontes-editores-home-2__trashed\/educacao\/formacao-de-professores-de-linguas-conectando-reflexoes-e-contextos-diversos\/","title":{"rendered":"Forma\u00e7\u00e3o de Professores de L\u00ednguas: conectando reflex\u00f5es e contextos diversos"},"content":{"rendered":"<p>O presente volume organiza-se em quatro se\u00e7\u00f5es, que agrupam, respectivamente, estudos realizados por pesquisadores que atuam na forma\u00e7\u00e3o de professores de l\u00edngua espanhola, l\u00edngua francesa, l\u00edngua inglesa e Libras. Al\u00e9m disso, as tr\u00eas primeiras se\u00e7\u00f5es s\u00e3o abertas por um artigo escrito na l\u00edngua estrangeira alvo. Acreditamos que a organiza\u00e7\u00e3o dos artigos por l\u00edngua reflete o compromisso com uma abordagem multilingu\u00edstica e intercultural, e ajuda tamb\u00e9m a p\u00f4r em evid\u00eancia a pluralidade de perspectivas na forma\u00e7\u00e3o do professor de l\u00ednguas, ampliando as possibilidades de di\u00e1logo e coopera\u00e7\u00e3o entre os diferentes contextos educacionais. Sem exce\u00e7\u00e3o, os artigos apresentados pelas colaboradoras e pelos colaboradores desta obra estimulam a pesquisa e a reflex\u00e3o cr\u00edtica como pilares da forma\u00e7\u00e3o, e contribuem de forma significativa para o debate e o avan\u00e7o te\u00f3rico-pr\u00e1tico neste campo.<\/p>\n","protected":false},"excerpt":{"rendered":"<p>O presente volume organiza-se em quatro se\u00e7\u00f5es, que agrupam, respectivamente, estudos realizados por pesquisadores que atuam na forma\u00e7\u00e3o de professores de l\u00edngua espanhola, l\u00edngua francesa, l\u00edngua inglesa e Libras. Al\u00e9m disso, as tr\u00eas primeiras se\u00e7\u00f5es s\u00e3o abertas por um artigo escrito na l\u00edngua estrangeira alvo. Acreditamos que a organiza\u00e7\u00e3o dos artigos por l\u00edngua reflete o [&hellip;]<\/p>\n","protected":false},"featured_media":27598,"comment_status":"open","ping_status":"closed","template":"","meta":{"_joinchat":[]},"product_brand":[],"product_cat":[97,108,167],"product_tag":[],"class_list":{"0":"post-27597","1":"product","2":"type-product","3":"status-publish","4":"has-post-thumbnail","6":"product_cat-educacao","7":"product_cat-formacao-de-professores","8":"product_cat-lancamento","10":"first","11":"instock","12":"shipping-taxable","13":"purchasable","14":"product-type-simple"},"yoast_head":"<!-- This site is optimized with the Yoast SEO plugin v27.4 - https:\/\/yoast.com\/product\/yoast-seo-wordpress\/ -->\n<title>Forma\u00e7\u00e3o de Professores de L\u00ednguas: conectando reflex\u00f5es e contextos diversos - Pontes Editores<\/title>\n<meta name=\"robots\" content=\"index, follow, max-snippet:-1, max-image-preview:large, max-video-preview:-1\" \/>\n<link rel=\"canonical\" href=\"https:\/\/ponteseditores.com.br\/loja3\/pontes-editores-home-2__trashed\/educacao\/formacao-de-professores-de-linguas-conectando-reflexoes-e-contextos-diversos\/\" \/>\n<meta property=\"og:locale\" content=\"pt_BR\" \/>\n<meta property=\"og:type\" content=\"article\" \/>\n<meta property=\"og:title\" content=\"Forma\u00e7\u00e3o de Professores de L\u00ednguas: conectando reflex\u00f5es e contextos diversos - Pontes Editores\" \/>\n<meta property=\"og:description\" content=\"O presente volume organiza-se em quatro se\u00e7\u00f5es, que agrupam, respectivamente, estudos realizados por pesquisadores que atuam na forma\u00e7\u00e3o de professores de l\u00edngua espanhola, l\u00edngua francesa, l\u00edngua inglesa e Libras. Al\u00e9m disso, as tr\u00eas primeiras se\u00e7\u00f5es s\u00e3o abertas por um artigo escrito na l\u00edngua estrangeira alvo. Acreditamos que a organiza\u00e7\u00e3o dos artigos por l\u00edngua reflete o [&hellip;]\" \/>\n<meta property=\"og:url\" content=\"https:\/\/ponteseditores.com.br\/loja3\/pontes-editores-home-2__trashed\/educacao\/formacao-de-professores-de-linguas-conectando-reflexoes-e-contextos-diversos\/\" \/>\n<meta property=\"og:site_name\" content=\"Pontes Editores\" \/>\n<meta property=\"article:modified_time\" content=\"2025-07-11T13:48:42+00:00\" \/>\n<meta property=\"og:image\" content=\"https:\/\/ponteseditores.com.br\/loja3\/wp-content\/uploads\/2025\/07\/Capa_Formacao-de-Professores.jpg\" \/>\n\t<meta property=\"og:image:width\" content=\"800\" \/>\n\t<meta property=\"og:image:height\" content=\"1159\" \/>\n\t<meta property=\"og:image:type\" content=\"image\/jpeg\" \/>\n<meta name=\"twitter:card\" content=\"summary_large_image\" \/>\n<meta name=\"twitter:label1\" content=\"Est. tempo de leitura\" \/>\n\t<meta name=\"twitter:data1\" content=\"1 minuto\" \/>\n<script type=\"application\/ld+json\" class=\"yoast-schema-graph\">{\"@context\":\"https:\\\/\\\/schema.org\",\"@graph\":[{\"@type\":\"WebPage\",\"@id\":\"https:\\\/\\\/ponteseditores.com.br\\\/loja3\\\/pontes-editores-home-2__trashed\\\/educacao\\\/formacao-de-professores-de-linguas-conectando-reflexoes-e-contextos-diversos\\\/\",\"url\":\"https:\\\/\\\/ponteseditores.com.br\\\/loja3\\\/pontes-editores-home-2__trashed\\\/educacao\\\/formacao-de-professores-de-linguas-conectando-reflexoes-e-contextos-diversos\\\/\",\"name\":\"Forma\u00e7\u00e3o de Professores de L\u00ednguas: conectando reflex\u00f5es e contextos diversos - Pontes Editores\",\"isPartOf\":{\"@id\":\"https:\\\/\\\/ponteseditores.com.br\\\/loja3\\\/#website\"},\"primaryImageOfPage\":{\"@id\":\"https:\\\/\\\/ponteseditores.com.br\\\/loja3\\\/pontes-editores-home-2__trashed\\\/educacao\\\/formacao-de-professores-de-linguas-conectando-reflexoes-e-contextos-diversos\\\/#primaryimage\"},\"image\":{\"@id\":\"https:\\\/\\\/ponteseditores.com.br\\\/loja3\\\/pontes-editores-home-2__trashed\\\/educacao\\\/formacao-de-professores-de-linguas-conectando-reflexoes-e-contextos-diversos\\\/#primaryimage\"},\"thumbnailUrl\":\"https:\\\/\\\/ponteseditores.com.br\\\/loja3\\\/wp-content\\\/uploads\\\/2025\\\/07\\\/Capa_Formacao-de-Professores.jpg\",\"datePublished\":\"2025-07-11T13:46:53+00:00\",\"dateModified\":\"2025-07-11T13:48:42+00:00\",\"breadcrumb\":{\"@id\":\"https:\\\/\\\/ponteseditores.com.br\\\/loja3\\\/pontes-editores-home-2__trashed\\\/educacao\\\/formacao-de-professores-de-linguas-conectando-reflexoes-e-contextos-diversos\\\/#breadcrumb\"},\"inLanguage\":\"pt-BR\",\"potentialAction\":[{\"@type\":\"ReadAction\",\"target\":[\"https:\\\/\\\/ponteseditores.com.br\\\/loja3\\\/pontes-editores-home-2__trashed\\\/educacao\\\/formacao-de-professores-de-linguas-conectando-reflexoes-e-contextos-diversos\\\/\"]}]},{\"@type\":\"ImageObject\",\"inLanguage\":\"pt-BR\",\"@id\":\"https:\\\/\\\/ponteseditores.com.br\\\/loja3\\\/pontes-editores-home-2__trashed\\\/educacao\\\/formacao-de-professores-de-linguas-conectando-reflexoes-e-contextos-diversos\\\/#primaryimage\",\"url\":\"https:\\\/\\\/ponteseditores.com.br\\\/loja3\\\/wp-content\\\/uploads\\\/2025\\\/07\\\/Capa_Formacao-de-Professores.jpg\",\"contentUrl\":\"https:\\\/\\\/ponteseditores.com.br\\\/loja3\\\/wp-content\\\/uploads\\\/2025\\\/07\\\/Capa_Formacao-de-Professores.jpg\",\"width\":800,\"height\":1159},{\"@type\":\"BreadcrumbList\",\"@id\":\"https:\\\/\\\/ponteseditores.com.br\\\/loja3\\\/pontes-editores-home-2__trashed\\\/educacao\\\/formacao-de-professores-de-linguas-conectando-reflexoes-e-contextos-diversos\\\/#breadcrumb\",\"itemListElement\":[{\"@type\":\"ListItem\",\"position\":1,\"name\":\"Home\",\"item\":\"https:\\\/\\\/ponteseditores.com.br\\\/loja3\\\/\"},{\"@type\":\"ListItem\",\"position\":2,\"name\":\"loja\",\"item\":\"https:\\\/\\\/ponteseditores.com.br\\\/loja3\\\/loja\\\/\"},{\"@type\":\"ListItem\",\"position\":3,\"name\":\"Forma\u00e7\u00e3o de Professores de L\u00ednguas: conectando reflex\u00f5es e contextos diversos\"}]},{\"@type\":\"WebSite\",\"@id\":\"https:\\\/\\\/ponteseditores.com.br\\\/loja3\\\/#website\",\"url\":\"https:\\\/\\\/ponteseditores.com.br\\\/loja3\\\/\",\"name\":\"Pontes Editores\",\"description\":\"Pontes Editores\",\"publisher\":{\"@id\":\"https:\\\/\\\/ponteseditores.com.br\\\/loja3\\\/#organization\"},\"potentialAction\":[{\"@type\":\"SearchAction\",\"target\":{\"@type\":\"EntryPoint\",\"urlTemplate\":\"https:\\\/\\\/ponteseditores.com.br\\\/loja3\\\/?s={search_term_string}\"},\"query-input\":{\"@type\":\"PropertyValueSpecification\",\"valueRequired\":true,\"valueName\":\"search_term_string\"}}],\"inLanguage\":\"pt-BR\"},{\"@type\":\"Organization\",\"@id\":\"https:\\\/\\\/ponteseditores.com.br\\\/loja3\\\/#organization\",\"name\":\"Pontes Editores\",\"url\":\"https:\\\/\\\/ponteseditores.com.br\\\/loja3\\\/\",\"logo\":{\"@type\":\"ImageObject\",\"inLanguage\":\"pt-BR\",\"@id\":\"https:\\\/\\\/ponteseditores.com.br\\\/loja3\\\/#\\\/schema\\\/logo\\\/image\\\/\",\"url\":\"https:\\\/\\\/ponteseditores.com.br\\\/loja3\\\/wp-content\\\/uploads\\\/2023\\\/12\\\/logo-pontes-editores-v2.png\",\"contentUrl\":\"https:\\\/\\\/ponteseditores.com.br\\\/loja3\\\/wp-content\\\/uploads\\\/2023\\\/12\\\/logo-pontes-editores-v2.png\",\"width\":258,\"height\":100,\"caption\":\"Pontes Editores\"},\"image\":{\"@id\":\"https:\\\/\\\/ponteseditores.com.br\\\/loja3\\\/#\\\/schema\\\/logo\\\/image\\\/\"}}]}<\/script>\n<!-- \/ Yoast SEO plugin. -->","yoast_head_json":{"title":"Forma\u00e7\u00e3o de Professores de L\u00ednguas: conectando reflex\u00f5es e contextos diversos - Pontes Editores","robots":{"index":"index","follow":"follow","max-snippet":"max-snippet:-1","max-image-preview":"max-image-preview:large","max-video-preview":"max-video-preview:-1"},"canonical":"https:\/\/ponteseditores.com.br\/loja3\/pontes-editores-home-2__trashed\/educacao\/formacao-de-professores-de-linguas-conectando-reflexoes-e-contextos-diversos\/","og_locale":"pt_BR","og_type":"article","og_title":"Forma\u00e7\u00e3o de Professores de L\u00ednguas: conectando reflex\u00f5es e contextos diversos - Pontes Editores","og_description":"O presente volume organiza-se em quatro se\u00e7\u00f5es, que agrupam, respectivamente, estudos realizados por pesquisadores que atuam na forma\u00e7\u00e3o de professores de l\u00edngua espanhola, l\u00edngua francesa, l\u00edngua inglesa e Libras. Al\u00e9m disso, as tr\u00eas primeiras se\u00e7\u00f5es s\u00e3o abertas por um artigo escrito na l\u00edngua estrangeira alvo. Acreditamos que a organiza\u00e7\u00e3o dos artigos por l\u00edngua reflete o [&hellip;]","og_url":"https:\/\/ponteseditores.com.br\/loja3\/pontes-editores-home-2__trashed\/educacao\/formacao-de-professores-de-linguas-conectando-reflexoes-e-contextos-diversos\/","og_site_name":"Pontes Editores","article_modified_time":"2025-07-11T13:48:42+00:00","og_image":[{"width":800,"height":1159,"url":"https:\/\/ponteseditores.com.br\/loja3\/wp-content\/uploads\/2025\/07\/Capa_Formacao-de-Professores.jpg","type":"image\/jpeg"}],"twitter_card":"summary_large_image","twitter_misc":{"Est. tempo de leitura":"1 minuto"},"schema":{"@context":"https:\/\/schema.org","@graph":[{"@type":"WebPage","@id":"https:\/\/ponteseditores.com.br\/loja3\/pontes-editores-home-2__trashed\/educacao\/formacao-de-professores-de-linguas-conectando-reflexoes-e-contextos-diversos\/","url":"https:\/\/ponteseditores.com.br\/loja3\/pontes-editores-home-2__trashed\/educacao\/formacao-de-professores-de-linguas-conectando-reflexoes-e-contextos-diversos\/","name":"Forma\u00e7\u00e3o de Professores de L\u00ednguas: conectando reflex\u00f5es e contextos diversos - Pontes Editores","isPartOf":{"@id":"https:\/\/ponteseditores.com.br\/loja3\/#website"},"primaryImageOfPage":{"@id":"https:\/\/ponteseditores.com.br\/loja3\/pontes-editores-home-2__trashed\/educacao\/formacao-de-professores-de-linguas-conectando-reflexoes-e-contextos-diversos\/#primaryimage"},"image":{"@id":"https:\/\/ponteseditores.com.br\/loja3\/pontes-editores-home-2__trashed\/educacao\/formacao-de-professores-de-linguas-conectando-reflexoes-e-contextos-diversos\/#primaryimage"},"thumbnailUrl":"https:\/\/ponteseditores.com.br\/loja3\/wp-content\/uploads\/2025\/07\/Capa_Formacao-de-Professores.jpg","datePublished":"2025-07-11T13:46:53+00:00","dateModified":"2025-07-11T13:48:42+00:00","breadcrumb":{"@id":"https:\/\/ponteseditores.com.br\/loja3\/pontes-editores-home-2__trashed\/educacao\/formacao-de-professores-de-linguas-conectando-reflexoes-e-contextos-diversos\/#breadcrumb"},"inLanguage":"pt-BR","potentialAction":[{"@type":"ReadAction","target":["https:\/\/ponteseditores.com.br\/loja3\/pontes-editores-home-2__trashed\/educacao\/formacao-de-professores-de-linguas-conectando-reflexoes-e-contextos-diversos\/"]}]},{"@type":"ImageObject","inLanguage":"pt-BR","@id":"https:\/\/ponteseditores.com.br\/loja3\/pontes-editores-home-2__trashed\/educacao\/formacao-de-professores-de-linguas-conectando-reflexoes-e-contextos-diversos\/#primaryimage","url":"https:\/\/ponteseditores.com.br\/loja3\/wp-content\/uploads\/2025\/07\/Capa_Formacao-de-Professores.jpg","contentUrl":"https:\/\/ponteseditores.com.br\/loja3\/wp-content\/uploads\/2025\/07\/Capa_Formacao-de-Professores.jpg","width":800,"height":1159},{"@type":"BreadcrumbList","@id":"https:\/\/ponteseditores.com.br\/loja3\/pontes-editores-home-2__trashed\/educacao\/formacao-de-professores-de-linguas-conectando-reflexoes-e-contextos-diversos\/#breadcrumb","itemListElement":[{"@type":"ListItem","position":1,"name":"Home","item":"https:\/\/ponteseditores.com.br\/loja3\/"},{"@type":"ListItem","position":2,"name":"loja","item":"https:\/\/ponteseditores.com.br\/loja3\/loja\/"},{"@type":"ListItem","position":3,"name":"Forma\u00e7\u00e3o de Professores de L\u00ednguas: conectando reflex\u00f5es e contextos diversos"}]},{"@type":"WebSite","@id":"https:\/\/ponteseditores.com.br\/loja3\/#website","url":"https:\/\/ponteseditores.com.br\/loja3\/","name":"Pontes Editores","description":"Pontes Editores","publisher":{"@id":"https:\/\/ponteseditores.com.br\/loja3\/#organization"},"potentialAction":[{"@type":"SearchAction","target":{"@type":"EntryPoint","urlTemplate":"https:\/\/ponteseditores.com.br\/loja3\/?s={search_term_string}"},"query-input":{"@type":"PropertyValueSpecification","valueRequired":true,"valueName":"search_term_string"}}],"inLanguage":"pt-BR"},{"@type":"Organization","@id":"https:\/\/ponteseditores.com.br\/loja3\/#organization","name":"Pontes Editores","url":"https:\/\/ponteseditores.com.br\/loja3\/","logo":{"@type":"ImageObject","inLanguage":"pt-BR","@id":"https:\/\/ponteseditores.com.br\/loja3\/#\/schema\/logo\/image\/","url":"https:\/\/ponteseditores.com.br\/loja3\/wp-content\/uploads\/2023\/12\/logo-pontes-editores-v2.png","contentUrl":"https:\/\/ponteseditores.com.br\/loja3\/wp-content\/uploads\/2023\/12\/logo-pontes-editores-v2.png","width":258,"height":100,"caption":"Pontes Editores"},"image":{"@id":"https:\/\/ponteseditores.com.br\/loja3\/#\/schema\/logo\/image\/"}}]}},"_links":{"self":[{"href":"https:\/\/ponteseditores.com.br\/loja3\/wp-json\/wp\/v2\/product\/27597","targetHints":{"allow":["GET"]}}],"collection":[{"href":"https:\/\/ponteseditores.com.br\/loja3\/wp-json\/wp\/v2\/product"}],"about":[{"href":"https:\/\/ponteseditores.com.br\/loja3\/wp-json\/wp\/v2\/types\/product"}],"replies":[{"embeddable":true,"href":"https:\/\/ponteseditores.com.br\/loja3\/wp-json\/wp\/v2\/comments?post=27597"}],"version-history":[{"count":1,"href":"https:\/\/ponteseditores.com.br\/loja3\/wp-json\/wp\/v2\/product\/27597\/revisions"}],"predecessor-version":[{"id":27599,"href":"https:\/\/ponteseditores.com.br\/loja3\/wp-json\/wp\/v2\/product\/27597\/revisions\/27599"}],"wp:featuredmedia":[{"embeddable":true,"href":"https:\/\/ponteseditores.com.br\/loja3\/wp-json\/wp\/v2\/media\/27598"}],"wp:attachment":[{"href":"https:\/\/ponteseditores.com.br\/loja3\/wp-json\/wp\/v2\/media?parent=27597"}],"wp:term":[{"taxonomy":"product_brand","embeddable":true,"href":"https:\/\/ponteseditores.com.br\/loja3\/wp-json\/wp\/v2\/product_brand?post=27597"},{"taxonomy":"product_cat","embeddable":true,"href":"https:\/\/ponteseditores.com.br\/loja3\/wp-json\/wp\/v2\/product_cat?post=27597"},{"taxonomy":"product_tag","embeddable":true,"href":"https:\/\/ponteseditores.com.br\/loja3\/wp-json\/wp\/v2\/product_tag?post=27597"}],"curies":[{"name":"wp","href":"https:\/\/api.w.org\/{rel}","templated":true}]}}