{"id":27349,"date":"2025-07-03T15:42:59","date_gmt":"2025-07-03T18:42:59","guid":{"rendered":"https:\/\/ponteseditores.com.br\/loja3\/?post_type=product&#038;p=27349"},"modified":"2025-07-03T15:43:00","modified_gmt":"2025-07-03T18:43:00","slug":"acao-extensionista-e-a-pessoa-idosa-desafios-e-caminhos-possiveis-para-a-universi-dade","status":"publish","type":"product","link":"https:\/\/ponteseditores.com.br\/loja3\/pontes-editores-home-2__trashed\/educacao\/acao-extensionista-e-a-pessoa-idosa-desafios-e-caminhos-possiveis-para-a-universi-dade\/","title":{"rendered":"A\u00e7\u00e3o extensionista e a pessoa idosa: desafios e caminhos poss\u00edveis para a universi-dade"},"content":{"rendered":"<p>Esta obra [&#8230;] trata da quest\u00e3o do envelhecimento e da extens\u00e3o universit\u00e1ria, a partir de uma experi\u00eancia pioneira no Paran\u00e1: os condom\u00ednios voltados \u00e0s pessoas idosas. As demandas do envelhecer, especialmente quando falamos da classe trabalhadora, envolvem aten\u00e7\u00e3o e cuidados de sa\u00fade, presta\u00e7\u00e3o de servi\u00e7os socioassistenciais, educacionais entre outros, bem como a promo\u00e7\u00e3o, prote\u00e7\u00e3o e defesa de direitos preconizados pelo Estatuto da Pessoa Idosa, dentre os quais o direito \u00e0 habita\u00e7\u00e3o e ao conv\u00edvio familiar e comunit\u00e1rio.<\/p>\n<p>[&#8230;]<\/p>\n<p>O livro trata, teoricamente, de quest\u00f5es pertinentes ao estudo do envelhecimento, focando na primeira parte na abordagem conceitual e reflexiva sobre: os direitos das pessoas idosas, pauta urgente dos nossos tempos, a pol\u00edtica habitacional estadual para as pessoas idosas, destacando a trajet\u00f3ria do Programa Aurora desenvolvido nos condom\u00ednios implementados pelo Programa Casa F\u00e1cil\/PR \u2013 modalidade Viver Mais, a Extens\u00e3o Universit\u00e1ria e as pol\u00edticas p\u00fablicas de atendimento \u00e0 pessoa idosa, relacionando com a a\u00e7\u00e3o extensionista desenvolvida pela Universidade Estadual do Norte do Paran\u00e1 (UENP), campus Corn\u00e9lio Proc\u00f3pio. Na segunda parte, relata a riqueza de experi\u00eancias e resultados das a\u00e7\u00f5es extensionistas realizadas junto \u00e0s pessoas idosas residentes no Condom\u00ednio Residencial Zulmira Machado Badar\u00f3, no munic\u00edpio de Corn\u00e9lio Proc\u00f3pio, pelos docentes, discentes e colaboradores que atuaram nos subprojetos do Programa Aurora \u2013 UENP\/CCP [&#8230;] articulando de forma interdisciplinar a\u00e7\u00f5es das \u00e1reas de Letras (com educa\u00e7\u00e3o liter\u00e1ria), Pedagogia (com alfabetiza\u00e7\u00e3o e letramento digital), Ci\u00eancias Biol\u00f3gicas (por meio da educa\u00e7\u00e3o ambiental) e Enfermagem (viabilizando atendimento \u00e0 sa\u00fade).<\/p>\n<p>Demonstra-se, assim, a gama de possibilidades e facetas de a\u00e7\u00f5es que contribuem para o bem-estar das pessoas idosas.<\/p>\n<p>&nbsp;<\/p>\n<p>Maria Iolanda de Oliveira, Ros\u00e2ngela Bujokas de Siqueira<\/p>\n","protected":false},"excerpt":{"rendered":"<p>Esta obra [&#8230;] trata da quest\u00e3o do envelhecimento e da extens\u00e3o universit\u00e1ria, a partir de uma experi\u00eancia pioneira no Paran\u00e1: os condom\u00ednios voltados \u00e0s pessoas idosas. As demandas do envelhecer, especialmente quando falamos da classe trabalhadora, envolvem aten\u00e7\u00e3o e cuidados de sa\u00fade, presta\u00e7\u00e3o de servi\u00e7os socioassistenciais, educacionais entre outros, bem como a promo\u00e7\u00e3o, prote\u00e7\u00e3o e [&hellip;]<\/p>\n","protected":false},"featured_media":27350,"comment_status":"open","ping_status":"closed","template":"","meta":{"_joinchat":[]},"product_brand":[],"product_cat":[97,167],"product_tag":[],"class_list":{"0":"post-27349","1":"product","2":"type-product","3":"status-publish","4":"has-post-thumbnail","6":"product_cat-educacao","7":"product_cat-lancamento","9":"first","10":"instock","11":"shipping-taxable","12":"purchasable","13":"product-type-simple"},"yoast_head":"<!-- This site is optimized with the Yoast SEO plugin v27.4 - https:\/\/yoast.com\/product\/yoast-seo-wordpress\/ -->\n<title>A\u00e7\u00e3o extensionista e a pessoa idosa: desafios e caminhos poss\u00edveis para a universi-dade - Pontes Editores<\/title>\n<meta name=\"robots\" content=\"index, follow, max-snippet:-1, max-image-preview:large, max-video-preview:-1\" \/>\n<link rel=\"canonical\" href=\"https:\/\/ponteseditores.com.br\/loja3\/pontes-editores-home-2__trashed\/educacao\/acao-extensionista-e-a-pessoa-idosa-desafios-e-caminhos-possiveis-para-a-universi-dade\/\" \/>\n<meta property=\"og:locale\" content=\"pt_BR\" \/>\n<meta property=\"og:type\" content=\"article\" \/>\n<meta property=\"og:title\" content=\"A\u00e7\u00e3o extensionista e a pessoa idosa: desafios e caminhos poss\u00edveis para a universi-dade - Pontes Editores\" \/>\n<meta property=\"og:description\" content=\"Esta obra [&#8230;] trata da quest\u00e3o do envelhecimento e da extens\u00e3o universit\u00e1ria, a partir de uma experi\u00eancia pioneira no Paran\u00e1: os condom\u00ednios voltados \u00e0s pessoas idosas. As demandas do envelhecer, especialmente quando falamos da classe trabalhadora, envolvem aten\u00e7\u00e3o e cuidados de sa\u00fade, presta\u00e7\u00e3o de servi\u00e7os socioassistenciais, educacionais entre outros, bem como a promo\u00e7\u00e3o, prote\u00e7\u00e3o e [&hellip;]\" \/>\n<meta property=\"og:url\" content=\"https:\/\/ponteseditores.com.br\/loja3\/pontes-editores-home-2__trashed\/educacao\/acao-extensionista-e-a-pessoa-idosa-desafios-e-caminhos-possiveis-para-a-universi-dade\/\" \/>\n<meta property=\"og:site_name\" content=\"Pontes Editores\" \/>\n<meta property=\"article:modified_time\" content=\"2025-07-03T18:43:00+00:00\" \/>\n<meta property=\"og:image\" content=\"https:\/\/ponteseditores.com.br\/loja3\/wp-content\/uploads\/2025\/07\/Capa_Acao_Extensionista.webp\" \/>\n\t<meta property=\"og:image:width\" content=\"800\" \/>\n\t<meta property=\"og:image:height\" content=\"1159\" \/>\n\t<meta property=\"og:image:type\" content=\"image\/webp\" \/>\n<meta name=\"twitter:card\" content=\"summary_large_image\" \/>\n<meta name=\"twitter:label1\" content=\"Est. tempo de leitura\" \/>\n\t<meta name=\"twitter:data1\" content=\"2 minutos\" \/>\n<script type=\"application\/ld+json\" class=\"yoast-schema-graph\">{\"@context\":\"https:\\\/\\\/schema.org\",\"@graph\":[{\"@type\":\"WebPage\",\"@id\":\"https:\\\/\\\/ponteseditores.com.br\\\/loja3\\\/pontes-editores-home-2__trashed\\\/educacao\\\/acao-extensionista-e-a-pessoa-idosa-desafios-e-caminhos-possiveis-para-a-universi-dade\\\/\",\"url\":\"https:\\\/\\\/ponteseditores.com.br\\\/loja3\\\/pontes-editores-home-2__trashed\\\/educacao\\\/acao-extensionista-e-a-pessoa-idosa-desafios-e-caminhos-possiveis-para-a-universi-dade\\\/\",\"name\":\"A\u00e7\u00e3o extensionista e a pessoa idosa: desafios e caminhos poss\u00edveis para a universi-dade - Pontes Editores\",\"isPartOf\":{\"@id\":\"https:\\\/\\\/ponteseditores.com.br\\\/loja3\\\/#website\"},\"primaryImageOfPage\":{\"@id\":\"https:\\\/\\\/ponteseditores.com.br\\\/loja3\\\/pontes-editores-home-2__trashed\\\/educacao\\\/acao-extensionista-e-a-pessoa-idosa-desafios-e-caminhos-possiveis-para-a-universi-dade\\\/#primaryimage\"},\"image\":{\"@id\":\"https:\\\/\\\/ponteseditores.com.br\\\/loja3\\\/pontes-editores-home-2__trashed\\\/educacao\\\/acao-extensionista-e-a-pessoa-idosa-desafios-e-caminhos-possiveis-para-a-universi-dade\\\/#primaryimage\"},\"thumbnailUrl\":\"https:\\\/\\\/ponteseditores.com.br\\\/loja3\\\/wp-content\\\/uploads\\\/2025\\\/07\\\/Capa_Acao_Extensionista.webp\",\"datePublished\":\"2025-07-03T18:42:59+00:00\",\"dateModified\":\"2025-07-03T18:43:00+00:00\",\"breadcrumb\":{\"@id\":\"https:\\\/\\\/ponteseditores.com.br\\\/loja3\\\/pontes-editores-home-2__trashed\\\/educacao\\\/acao-extensionista-e-a-pessoa-idosa-desafios-e-caminhos-possiveis-para-a-universi-dade\\\/#breadcrumb\"},\"inLanguage\":\"pt-BR\",\"potentialAction\":[{\"@type\":\"ReadAction\",\"target\":[\"https:\\\/\\\/ponteseditores.com.br\\\/loja3\\\/pontes-editores-home-2__trashed\\\/educacao\\\/acao-extensionista-e-a-pessoa-idosa-desafios-e-caminhos-possiveis-para-a-universi-dade\\\/\"]}]},{\"@type\":\"ImageObject\",\"inLanguage\":\"pt-BR\",\"@id\":\"https:\\\/\\\/ponteseditores.com.br\\\/loja3\\\/pontes-editores-home-2__trashed\\\/educacao\\\/acao-extensionista-e-a-pessoa-idosa-desafios-e-caminhos-possiveis-para-a-universi-dade\\\/#primaryimage\",\"url\":\"https:\\\/\\\/ponteseditores.com.br\\\/loja3\\\/wp-content\\\/uploads\\\/2025\\\/07\\\/Capa_Acao_Extensionista.webp\",\"contentUrl\":\"https:\\\/\\\/ponteseditores.com.br\\\/loja3\\\/wp-content\\\/uploads\\\/2025\\\/07\\\/Capa_Acao_Extensionista.webp\",\"width\":800,\"height\":1159},{\"@type\":\"BreadcrumbList\",\"@id\":\"https:\\\/\\\/ponteseditores.com.br\\\/loja3\\\/pontes-editores-home-2__trashed\\\/educacao\\\/acao-extensionista-e-a-pessoa-idosa-desafios-e-caminhos-possiveis-para-a-universi-dade\\\/#breadcrumb\",\"itemListElement\":[{\"@type\":\"ListItem\",\"position\":1,\"name\":\"Home\",\"item\":\"https:\\\/\\\/ponteseditores.com.br\\\/loja3\\\/\"},{\"@type\":\"ListItem\",\"position\":2,\"name\":\"loja\",\"item\":\"https:\\\/\\\/ponteseditores.com.br\\\/loja3\\\/loja\\\/\"},{\"@type\":\"ListItem\",\"position\":3,\"name\":\"A\u00e7\u00e3o extensionista e a pessoa idosa: desafios e caminhos poss\u00edveis para a universi-dade\"}]},{\"@type\":\"WebSite\",\"@id\":\"https:\\\/\\\/ponteseditores.com.br\\\/loja3\\\/#website\",\"url\":\"https:\\\/\\\/ponteseditores.com.br\\\/loja3\\\/\",\"name\":\"Pontes Editores\",\"description\":\"Pontes Editores\",\"publisher\":{\"@id\":\"https:\\\/\\\/ponteseditores.com.br\\\/loja3\\\/#organization\"},\"potentialAction\":[{\"@type\":\"SearchAction\",\"target\":{\"@type\":\"EntryPoint\",\"urlTemplate\":\"https:\\\/\\\/ponteseditores.com.br\\\/loja3\\\/?s={search_term_string}\"},\"query-input\":{\"@type\":\"PropertyValueSpecification\",\"valueRequired\":true,\"valueName\":\"search_term_string\"}}],\"inLanguage\":\"pt-BR\"},{\"@type\":\"Organization\",\"@id\":\"https:\\\/\\\/ponteseditores.com.br\\\/loja3\\\/#organization\",\"name\":\"Pontes Editores\",\"url\":\"https:\\\/\\\/ponteseditores.com.br\\\/loja3\\\/\",\"logo\":{\"@type\":\"ImageObject\",\"inLanguage\":\"pt-BR\",\"@id\":\"https:\\\/\\\/ponteseditores.com.br\\\/loja3\\\/#\\\/schema\\\/logo\\\/image\\\/\",\"url\":\"https:\\\/\\\/ponteseditores.com.br\\\/loja3\\\/wp-content\\\/uploads\\\/2023\\\/12\\\/logo-pontes-editores-v2.png\",\"contentUrl\":\"https:\\\/\\\/ponteseditores.com.br\\\/loja3\\\/wp-content\\\/uploads\\\/2023\\\/12\\\/logo-pontes-editores-v2.png\",\"width\":258,\"height\":100,\"caption\":\"Pontes Editores\"},\"image\":{\"@id\":\"https:\\\/\\\/ponteseditores.com.br\\\/loja3\\\/#\\\/schema\\\/logo\\\/image\\\/\"}}]}<\/script>\n<!-- \/ Yoast SEO plugin. -->","yoast_head_json":{"title":"A\u00e7\u00e3o extensionista e a pessoa idosa: desafios e caminhos poss\u00edveis para a universi-dade - Pontes Editores","robots":{"index":"index","follow":"follow","max-snippet":"max-snippet:-1","max-image-preview":"max-image-preview:large","max-video-preview":"max-video-preview:-1"},"canonical":"https:\/\/ponteseditores.com.br\/loja3\/pontes-editores-home-2__trashed\/educacao\/acao-extensionista-e-a-pessoa-idosa-desafios-e-caminhos-possiveis-para-a-universi-dade\/","og_locale":"pt_BR","og_type":"article","og_title":"A\u00e7\u00e3o extensionista e a pessoa idosa: desafios e caminhos poss\u00edveis para a universi-dade - Pontes Editores","og_description":"Esta obra [&#8230;] trata da quest\u00e3o do envelhecimento e da extens\u00e3o universit\u00e1ria, a partir de uma experi\u00eancia pioneira no Paran\u00e1: os condom\u00ednios voltados \u00e0s pessoas idosas. As demandas do envelhecer, especialmente quando falamos da classe trabalhadora, envolvem aten\u00e7\u00e3o e cuidados de sa\u00fade, presta\u00e7\u00e3o de servi\u00e7os socioassistenciais, educacionais entre outros, bem como a promo\u00e7\u00e3o, prote\u00e7\u00e3o e [&hellip;]","og_url":"https:\/\/ponteseditores.com.br\/loja3\/pontes-editores-home-2__trashed\/educacao\/acao-extensionista-e-a-pessoa-idosa-desafios-e-caminhos-possiveis-para-a-universi-dade\/","og_site_name":"Pontes Editores","article_modified_time":"2025-07-03T18:43:00+00:00","og_image":[{"width":800,"height":1159,"url":"https:\/\/ponteseditores.com.br\/loja3\/wp-content\/uploads\/2025\/07\/Capa_Acao_Extensionista.webp","type":"image\/webp"}],"twitter_card":"summary_large_image","twitter_misc":{"Est. tempo de leitura":"2 minutos"},"schema":{"@context":"https:\/\/schema.org","@graph":[{"@type":"WebPage","@id":"https:\/\/ponteseditores.com.br\/loja3\/pontes-editores-home-2__trashed\/educacao\/acao-extensionista-e-a-pessoa-idosa-desafios-e-caminhos-possiveis-para-a-universi-dade\/","url":"https:\/\/ponteseditores.com.br\/loja3\/pontes-editores-home-2__trashed\/educacao\/acao-extensionista-e-a-pessoa-idosa-desafios-e-caminhos-possiveis-para-a-universi-dade\/","name":"A\u00e7\u00e3o extensionista e a pessoa idosa: desafios e caminhos poss\u00edveis para a universi-dade - Pontes Editores","isPartOf":{"@id":"https:\/\/ponteseditores.com.br\/loja3\/#website"},"primaryImageOfPage":{"@id":"https:\/\/ponteseditores.com.br\/loja3\/pontes-editores-home-2__trashed\/educacao\/acao-extensionista-e-a-pessoa-idosa-desafios-e-caminhos-possiveis-para-a-universi-dade\/#primaryimage"},"image":{"@id":"https:\/\/ponteseditores.com.br\/loja3\/pontes-editores-home-2__trashed\/educacao\/acao-extensionista-e-a-pessoa-idosa-desafios-e-caminhos-possiveis-para-a-universi-dade\/#primaryimage"},"thumbnailUrl":"https:\/\/ponteseditores.com.br\/loja3\/wp-content\/uploads\/2025\/07\/Capa_Acao_Extensionista.webp","datePublished":"2025-07-03T18:42:59+00:00","dateModified":"2025-07-03T18:43:00+00:00","breadcrumb":{"@id":"https:\/\/ponteseditores.com.br\/loja3\/pontes-editores-home-2__trashed\/educacao\/acao-extensionista-e-a-pessoa-idosa-desafios-e-caminhos-possiveis-para-a-universi-dade\/#breadcrumb"},"inLanguage":"pt-BR","potentialAction":[{"@type":"ReadAction","target":["https:\/\/ponteseditores.com.br\/loja3\/pontes-editores-home-2__trashed\/educacao\/acao-extensionista-e-a-pessoa-idosa-desafios-e-caminhos-possiveis-para-a-universi-dade\/"]}]},{"@type":"ImageObject","inLanguage":"pt-BR","@id":"https:\/\/ponteseditores.com.br\/loja3\/pontes-editores-home-2__trashed\/educacao\/acao-extensionista-e-a-pessoa-idosa-desafios-e-caminhos-possiveis-para-a-universi-dade\/#primaryimage","url":"https:\/\/ponteseditores.com.br\/loja3\/wp-content\/uploads\/2025\/07\/Capa_Acao_Extensionista.webp","contentUrl":"https:\/\/ponteseditores.com.br\/loja3\/wp-content\/uploads\/2025\/07\/Capa_Acao_Extensionista.webp","width":800,"height":1159},{"@type":"BreadcrumbList","@id":"https:\/\/ponteseditores.com.br\/loja3\/pontes-editores-home-2__trashed\/educacao\/acao-extensionista-e-a-pessoa-idosa-desafios-e-caminhos-possiveis-para-a-universi-dade\/#breadcrumb","itemListElement":[{"@type":"ListItem","position":1,"name":"Home","item":"https:\/\/ponteseditores.com.br\/loja3\/"},{"@type":"ListItem","position":2,"name":"loja","item":"https:\/\/ponteseditores.com.br\/loja3\/loja\/"},{"@type":"ListItem","position":3,"name":"A\u00e7\u00e3o extensionista e a pessoa idosa: desafios e caminhos poss\u00edveis para a universi-dade"}]},{"@type":"WebSite","@id":"https:\/\/ponteseditores.com.br\/loja3\/#website","url":"https:\/\/ponteseditores.com.br\/loja3\/","name":"Pontes Editores","description":"Pontes Editores","publisher":{"@id":"https:\/\/ponteseditores.com.br\/loja3\/#organization"},"potentialAction":[{"@type":"SearchAction","target":{"@type":"EntryPoint","urlTemplate":"https:\/\/ponteseditores.com.br\/loja3\/?s={search_term_string}"},"query-input":{"@type":"PropertyValueSpecification","valueRequired":true,"valueName":"search_term_string"}}],"inLanguage":"pt-BR"},{"@type":"Organization","@id":"https:\/\/ponteseditores.com.br\/loja3\/#organization","name":"Pontes Editores","url":"https:\/\/ponteseditores.com.br\/loja3\/","logo":{"@type":"ImageObject","inLanguage":"pt-BR","@id":"https:\/\/ponteseditores.com.br\/loja3\/#\/schema\/logo\/image\/","url":"https:\/\/ponteseditores.com.br\/loja3\/wp-content\/uploads\/2023\/12\/logo-pontes-editores-v2.png","contentUrl":"https:\/\/ponteseditores.com.br\/loja3\/wp-content\/uploads\/2023\/12\/logo-pontes-editores-v2.png","width":258,"height":100,"caption":"Pontes Editores"},"image":{"@id":"https:\/\/ponteseditores.com.br\/loja3\/#\/schema\/logo\/image\/"}}]}},"_links":{"self":[{"href":"https:\/\/ponteseditores.com.br\/loja3\/wp-json\/wp\/v2\/product\/27349","targetHints":{"allow":["GET"]}}],"collection":[{"href":"https:\/\/ponteseditores.com.br\/loja3\/wp-json\/wp\/v2\/product"}],"about":[{"href":"https:\/\/ponteseditores.com.br\/loja3\/wp-json\/wp\/v2\/types\/product"}],"replies":[{"embeddable":true,"href":"https:\/\/ponteseditores.com.br\/loja3\/wp-json\/wp\/v2\/comments?post=27349"}],"version-history":[{"count":1,"href":"https:\/\/ponteseditores.com.br\/loja3\/wp-json\/wp\/v2\/product\/27349\/revisions"}],"predecessor-version":[{"id":27351,"href":"https:\/\/ponteseditores.com.br\/loja3\/wp-json\/wp\/v2\/product\/27349\/revisions\/27351"}],"wp:featuredmedia":[{"embeddable":true,"href":"https:\/\/ponteseditores.com.br\/loja3\/wp-json\/wp\/v2\/media\/27350"}],"wp:attachment":[{"href":"https:\/\/ponteseditores.com.br\/loja3\/wp-json\/wp\/v2\/media?parent=27349"}],"wp:term":[{"taxonomy":"product_brand","embeddable":true,"href":"https:\/\/ponteseditores.com.br\/loja3\/wp-json\/wp\/v2\/product_brand?post=27349"},{"taxonomy":"product_cat","embeddable":true,"href":"https:\/\/ponteseditores.com.br\/loja3\/wp-json\/wp\/v2\/product_cat?post=27349"},{"taxonomy":"product_tag","embeddable":true,"href":"https:\/\/ponteseditores.com.br\/loja3\/wp-json\/wp\/v2\/product_tag?post=27349"}],"curies":[{"name":"wp","href":"https:\/\/api.w.org\/{rel}","templated":true}]}}