{"id":26001,"date":"2025-05-22T14:17:09","date_gmt":"2025-05-22T17:17:09","guid":{"rendered":"https:\/\/ponteseditores.com.br\/loja3\/?post_type=product&#038;p=26001"},"modified":"2025-07-14T13:33:56","modified_gmt":"2025-07-14T16:33:56","slug":"literatura-portuguesa-a-perspectiva-colonial-e-os-impasses-da-atualidade-colecao-pplin-presente","status":"publish","type":"product","link":"https:\/\/ponteseditores.com.br\/loja3\/pontes-editores-home-2__trashed\/ebook\/lancamento-e-book\/literatura-portuguesa-a-perspectiva-colonial-e-os-impasses-da-atualidade-colecao-pplin-presente\/","title":{"rendered":"Literatura Portuguesa: a perspectiva colonial e os impasses da atualidade (Cole\u00e7\u00e3o PPLIN Presente)"},"content":{"rendered":"<p><em>Literatura portuguesa: a perspectiva p\u00f3s-colonial e os impasses na atualidade<\/em>, livro organizado por Madalena Vaz Pinto e Cl\u00e1udia Amorim, professoras da UERJ, constitui uma importante contribui\u00e7\u00e3o para os estudos sobre Literatura Portuguesa contempor\u00e2nea. O livro re\u00fane um conjunto, convergente embora diverso, de exerc\u00edcios cr\u00edticos que se apoiam em conceitos te\u00f3ricos pertinentes e refer\u00eancias bibliogr\u00e1ficas atualizadas para refletir sobre como as obras liter\u00e1rias produzidas hoje tratam as contradi\u00e7\u00f5es, a aporia, e as poss\u00edveis sa\u00eddas para os impasses da cena portuguesa contempor\u00e2nea, levando em conta as trocas simb\u00f3licas com os diversos atores que nelas interagem al\u00e9m das mudan\u00e7as intr\u00ednsecas ao pr\u00f3prio fazer liter\u00e1rio permeado pela mistura de g\u00eaneros e a pr\u00e1tica da cita\u00e7\u00e3o.<\/p>\n<p>Para refletir sobre tais aspectos, a proposta foi a de reunir ensaios que oferecem ao leitor interessado uma esp\u00e9cie de vis\u00e3o em panorama da Literatura Portuguesa que, desde os meados e o final do s\u00e9culo XX at\u00e9 o momento atual, de alguma forma problematizou a condi\u00e7\u00e3o colonialista de Portugal, o cen\u00e1rio pol\u00edtico nacional e ocidental e os impasses da atualidade.<\/p>\n","protected":false},"excerpt":{"rendered":"<p>Literatura portuguesa: a perspectiva p\u00f3s-colonial e os impasses na atualidade, livro organizado por Madalena Vaz Pinto e Cl\u00e1udia Amorim, professoras da UERJ, constitui uma importante contribui\u00e7\u00e3o para os estudos sobre Literatura Portuguesa contempor\u00e2nea. O livro re\u00fane um conjunto, convergente embora diverso, de exerc\u00edcios cr\u00edticos que se apoiam em conceitos te\u00f3ricos pertinentes e refer\u00eancias bibliogr\u00e1ficas atualizadas [&hellip;]<\/p>\n","protected":false},"featured_media":26003,"comment_status":"open","ping_status":"closed","template":"","meta":{"_joinchat":[]},"product_brand":[],"product_cat":[165,386],"product_tag":[],"class_list":{"0":"post-26001","1":"product","2":"type-product","3":"status-publish","4":"has-post-thumbnail","6":"product_cat-ebook","7":"product_cat-lancamento-e-book","9":"first","10":"instock","11":"downloadable","12":"virtual","13":"purchasable","14":"product-type-simple"},"yoast_head":"<!-- This site is optimized with the Yoast SEO plugin v27.4 - https:\/\/yoast.com\/product\/yoast-seo-wordpress\/ -->\n<title>Literatura Portuguesa: a perspectiva colonial e os impasses da atualidade (Cole\u00e7\u00e3o PPLIN Presente) - Pontes Editores<\/title>\n<meta name=\"robots\" content=\"index, follow, max-snippet:-1, max-image-preview:large, max-video-preview:-1\" \/>\n<link rel=\"canonical\" href=\"https:\/\/ponteseditores.com.br\/loja3\/pontes-editores-home-2__trashed\/ebook\/lancamento-e-book\/literatura-portuguesa-a-perspectiva-colonial-e-os-impasses-da-atualidade-colecao-pplin-presente\/\" \/>\n<meta property=\"og:locale\" content=\"pt_BR\" \/>\n<meta property=\"og:type\" content=\"article\" \/>\n<meta property=\"og:title\" content=\"Literatura Portuguesa: a perspectiva colonial e os impasses da atualidade (Cole\u00e7\u00e3o PPLIN Presente) - Pontes Editores\" \/>\n<meta property=\"og:description\" content=\"Literatura portuguesa: a perspectiva p\u00f3s-colonial e os impasses na atualidade, livro organizado por Madalena Vaz Pinto e Cl\u00e1udia Amorim, professoras da UERJ, constitui uma importante contribui\u00e7\u00e3o para os estudos sobre Literatura Portuguesa contempor\u00e2nea. O livro re\u00fane um conjunto, convergente embora diverso, de exerc\u00edcios cr\u00edticos que se apoiam em conceitos te\u00f3ricos pertinentes e refer\u00eancias bibliogr\u00e1ficas atualizadas [&hellip;]\" \/>\n<meta property=\"og:url\" content=\"https:\/\/ponteseditores.com.br\/loja3\/pontes-editores-home-2__trashed\/ebook\/lancamento-e-book\/literatura-portuguesa-a-perspectiva-colonial-e-os-impasses-da-atualidade-colecao-pplin-presente\/\" \/>\n<meta property=\"og:site_name\" content=\"Pontes Editores\" \/>\n<meta property=\"article:modified_time\" content=\"2025-07-14T16:33:56+00:00\" \/>\n<meta property=\"og:image\" content=\"https:\/\/ponteseditores.com.br\/loja3\/wp-content\/uploads\/2025\/05\/Capa_Literatura-Portuguesa.jpg\" \/>\n\t<meta property=\"og:image:width\" content=\"800\" \/>\n\t<meta property=\"og:image:height\" content=\"1159\" \/>\n\t<meta property=\"og:image:type\" content=\"image\/jpeg\" \/>\n<meta name=\"twitter:card\" content=\"summary_large_image\" \/>\n<meta name=\"twitter:label1\" content=\"Est. tempo de leitura\" \/>\n\t<meta name=\"twitter:data1\" content=\"2 minutos\" \/>\n<script type=\"application\/ld+json\" class=\"yoast-schema-graph\">{\"@context\":\"https:\\\/\\\/schema.org\",\"@graph\":[{\"@type\":\"WebPage\",\"@id\":\"https:\\\/\\\/ponteseditores.com.br\\\/loja3\\\/pontes-editores-home-2__trashed\\\/ebook\\\/lancamento-e-book\\\/literatura-portuguesa-a-perspectiva-colonial-e-os-impasses-da-atualidade-colecao-pplin-presente\\\/\",\"url\":\"https:\\\/\\\/ponteseditores.com.br\\\/loja3\\\/pontes-editores-home-2__trashed\\\/ebook\\\/lancamento-e-book\\\/literatura-portuguesa-a-perspectiva-colonial-e-os-impasses-da-atualidade-colecao-pplin-presente\\\/\",\"name\":\"Literatura Portuguesa: a perspectiva colonial e os impasses da atualidade (Cole\u00e7\u00e3o PPLIN Presente) - Pontes Editores\",\"isPartOf\":{\"@id\":\"https:\\\/\\\/ponteseditores.com.br\\\/loja3\\\/#website\"},\"primaryImageOfPage\":{\"@id\":\"https:\\\/\\\/ponteseditores.com.br\\\/loja3\\\/pontes-editores-home-2__trashed\\\/ebook\\\/lancamento-e-book\\\/literatura-portuguesa-a-perspectiva-colonial-e-os-impasses-da-atualidade-colecao-pplin-presente\\\/#primaryimage\"},\"image\":{\"@id\":\"https:\\\/\\\/ponteseditores.com.br\\\/loja3\\\/pontes-editores-home-2__trashed\\\/ebook\\\/lancamento-e-book\\\/literatura-portuguesa-a-perspectiva-colonial-e-os-impasses-da-atualidade-colecao-pplin-presente\\\/#primaryimage\"},\"thumbnailUrl\":\"https:\\\/\\\/ponteseditores.com.br\\\/loja3\\\/wp-content\\\/uploads\\\/2025\\\/05\\\/Capa_Literatura-Portuguesa.jpg\",\"datePublished\":\"2025-05-22T17:17:09+00:00\",\"dateModified\":\"2025-07-14T16:33:56+00:00\",\"breadcrumb\":{\"@id\":\"https:\\\/\\\/ponteseditores.com.br\\\/loja3\\\/pontes-editores-home-2__trashed\\\/ebook\\\/lancamento-e-book\\\/literatura-portuguesa-a-perspectiva-colonial-e-os-impasses-da-atualidade-colecao-pplin-presente\\\/#breadcrumb\"},\"inLanguage\":\"pt-BR\",\"potentialAction\":[{\"@type\":\"ReadAction\",\"target\":[\"https:\\\/\\\/ponteseditores.com.br\\\/loja3\\\/pontes-editores-home-2__trashed\\\/ebook\\\/lancamento-e-book\\\/literatura-portuguesa-a-perspectiva-colonial-e-os-impasses-da-atualidade-colecao-pplin-presente\\\/\"]}]},{\"@type\":\"ImageObject\",\"inLanguage\":\"pt-BR\",\"@id\":\"https:\\\/\\\/ponteseditores.com.br\\\/loja3\\\/pontes-editores-home-2__trashed\\\/ebook\\\/lancamento-e-book\\\/literatura-portuguesa-a-perspectiva-colonial-e-os-impasses-da-atualidade-colecao-pplin-presente\\\/#primaryimage\",\"url\":\"https:\\\/\\\/ponteseditores.com.br\\\/loja3\\\/wp-content\\\/uploads\\\/2025\\\/05\\\/Capa_Literatura-Portuguesa.jpg\",\"contentUrl\":\"https:\\\/\\\/ponteseditores.com.br\\\/loja3\\\/wp-content\\\/uploads\\\/2025\\\/05\\\/Capa_Literatura-Portuguesa.jpg\",\"width\":800,\"height\":1159},{\"@type\":\"BreadcrumbList\",\"@id\":\"https:\\\/\\\/ponteseditores.com.br\\\/loja3\\\/pontes-editores-home-2__trashed\\\/ebook\\\/lancamento-e-book\\\/literatura-portuguesa-a-perspectiva-colonial-e-os-impasses-da-atualidade-colecao-pplin-presente\\\/#breadcrumb\",\"itemListElement\":[{\"@type\":\"ListItem\",\"position\":1,\"name\":\"Home\",\"item\":\"https:\\\/\\\/ponteseditores.com.br\\\/loja3\\\/\"},{\"@type\":\"ListItem\",\"position\":2,\"name\":\"loja\",\"item\":\"https:\\\/\\\/ponteseditores.com.br\\\/loja3\\\/loja\\\/\"},{\"@type\":\"ListItem\",\"position\":3,\"name\":\"Literatura Portuguesa: a perspectiva colonial e os impasses da atualidade (Cole\u00e7\u00e3o PPLIN Presente)\"}]},{\"@type\":\"WebSite\",\"@id\":\"https:\\\/\\\/ponteseditores.com.br\\\/loja3\\\/#website\",\"url\":\"https:\\\/\\\/ponteseditores.com.br\\\/loja3\\\/\",\"name\":\"Pontes Editores\",\"description\":\"Pontes Editores\",\"publisher\":{\"@id\":\"https:\\\/\\\/ponteseditores.com.br\\\/loja3\\\/#organization\"},\"potentialAction\":[{\"@type\":\"SearchAction\",\"target\":{\"@type\":\"EntryPoint\",\"urlTemplate\":\"https:\\\/\\\/ponteseditores.com.br\\\/loja3\\\/?s={search_term_string}\"},\"query-input\":{\"@type\":\"PropertyValueSpecification\",\"valueRequired\":true,\"valueName\":\"search_term_string\"}}],\"inLanguage\":\"pt-BR\"},{\"@type\":\"Organization\",\"@id\":\"https:\\\/\\\/ponteseditores.com.br\\\/loja3\\\/#organization\",\"name\":\"Pontes Editores\",\"url\":\"https:\\\/\\\/ponteseditores.com.br\\\/loja3\\\/\",\"logo\":{\"@type\":\"ImageObject\",\"inLanguage\":\"pt-BR\",\"@id\":\"https:\\\/\\\/ponteseditores.com.br\\\/loja3\\\/#\\\/schema\\\/logo\\\/image\\\/\",\"url\":\"https:\\\/\\\/ponteseditores.com.br\\\/loja3\\\/wp-content\\\/uploads\\\/2023\\\/12\\\/logo-pontes-editores-v2.png\",\"contentUrl\":\"https:\\\/\\\/ponteseditores.com.br\\\/loja3\\\/wp-content\\\/uploads\\\/2023\\\/12\\\/logo-pontes-editores-v2.png\",\"width\":258,\"height\":100,\"caption\":\"Pontes Editores\"},\"image\":{\"@id\":\"https:\\\/\\\/ponteseditores.com.br\\\/loja3\\\/#\\\/schema\\\/logo\\\/image\\\/\"}}]}<\/script>\n<!-- \/ Yoast SEO plugin. -->","yoast_head_json":{"title":"Literatura Portuguesa: a perspectiva colonial e os impasses da atualidade (Cole\u00e7\u00e3o PPLIN Presente) - Pontes Editores","robots":{"index":"index","follow":"follow","max-snippet":"max-snippet:-1","max-image-preview":"max-image-preview:large","max-video-preview":"max-video-preview:-1"},"canonical":"https:\/\/ponteseditores.com.br\/loja3\/pontes-editores-home-2__trashed\/ebook\/lancamento-e-book\/literatura-portuguesa-a-perspectiva-colonial-e-os-impasses-da-atualidade-colecao-pplin-presente\/","og_locale":"pt_BR","og_type":"article","og_title":"Literatura Portuguesa: a perspectiva colonial e os impasses da atualidade (Cole\u00e7\u00e3o PPLIN Presente) - Pontes Editores","og_description":"Literatura portuguesa: a perspectiva p\u00f3s-colonial e os impasses na atualidade, livro organizado por Madalena Vaz Pinto e Cl\u00e1udia Amorim, professoras da UERJ, constitui uma importante contribui\u00e7\u00e3o para os estudos sobre Literatura Portuguesa contempor\u00e2nea. O livro re\u00fane um conjunto, convergente embora diverso, de exerc\u00edcios cr\u00edticos que se apoiam em conceitos te\u00f3ricos pertinentes e refer\u00eancias bibliogr\u00e1ficas atualizadas [&hellip;]","og_url":"https:\/\/ponteseditores.com.br\/loja3\/pontes-editores-home-2__trashed\/ebook\/lancamento-e-book\/literatura-portuguesa-a-perspectiva-colonial-e-os-impasses-da-atualidade-colecao-pplin-presente\/","og_site_name":"Pontes Editores","article_modified_time":"2025-07-14T16:33:56+00:00","og_image":[{"width":800,"height":1159,"url":"https:\/\/ponteseditores.com.br\/loja3\/wp-content\/uploads\/2025\/05\/Capa_Literatura-Portuguesa.jpg","type":"image\/jpeg"}],"twitter_card":"summary_large_image","twitter_misc":{"Est. tempo de leitura":"2 minutos"},"schema":{"@context":"https:\/\/schema.org","@graph":[{"@type":"WebPage","@id":"https:\/\/ponteseditores.com.br\/loja3\/pontes-editores-home-2__trashed\/ebook\/lancamento-e-book\/literatura-portuguesa-a-perspectiva-colonial-e-os-impasses-da-atualidade-colecao-pplin-presente\/","url":"https:\/\/ponteseditores.com.br\/loja3\/pontes-editores-home-2__trashed\/ebook\/lancamento-e-book\/literatura-portuguesa-a-perspectiva-colonial-e-os-impasses-da-atualidade-colecao-pplin-presente\/","name":"Literatura Portuguesa: a perspectiva colonial e os impasses da atualidade (Cole\u00e7\u00e3o PPLIN Presente) - Pontes Editores","isPartOf":{"@id":"https:\/\/ponteseditores.com.br\/loja3\/#website"},"primaryImageOfPage":{"@id":"https:\/\/ponteseditores.com.br\/loja3\/pontes-editores-home-2__trashed\/ebook\/lancamento-e-book\/literatura-portuguesa-a-perspectiva-colonial-e-os-impasses-da-atualidade-colecao-pplin-presente\/#primaryimage"},"image":{"@id":"https:\/\/ponteseditores.com.br\/loja3\/pontes-editores-home-2__trashed\/ebook\/lancamento-e-book\/literatura-portuguesa-a-perspectiva-colonial-e-os-impasses-da-atualidade-colecao-pplin-presente\/#primaryimage"},"thumbnailUrl":"https:\/\/ponteseditores.com.br\/loja3\/wp-content\/uploads\/2025\/05\/Capa_Literatura-Portuguesa.jpg","datePublished":"2025-05-22T17:17:09+00:00","dateModified":"2025-07-14T16:33:56+00:00","breadcrumb":{"@id":"https:\/\/ponteseditores.com.br\/loja3\/pontes-editores-home-2__trashed\/ebook\/lancamento-e-book\/literatura-portuguesa-a-perspectiva-colonial-e-os-impasses-da-atualidade-colecao-pplin-presente\/#breadcrumb"},"inLanguage":"pt-BR","potentialAction":[{"@type":"ReadAction","target":["https:\/\/ponteseditores.com.br\/loja3\/pontes-editores-home-2__trashed\/ebook\/lancamento-e-book\/literatura-portuguesa-a-perspectiva-colonial-e-os-impasses-da-atualidade-colecao-pplin-presente\/"]}]},{"@type":"ImageObject","inLanguage":"pt-BR","@id":"https:\/\/ponteseditores.com.br\/loja3\/pontes-editores-home-2__trashed\/ebook\/lancamento-e-book\/literatura-portuguesa-a-perspectiva-colonial-e-os-impasses-da-atualidade-colecao-pplin-presente\/#primaryimage","url":"https:\/\/ponteseditores.com.br\/loja3\/wp-content\/uploads\/2025\/05\/Capa_Literatura-Portuguesa.jpg","contentUrl":"https:\/\/ponteseditores.com.br\/loja3\/wp-content\/uploads\/2025\/05\/Capa_Literatura-Portuguesa.jpg","width":800,"height":1159},{"@type":"BreadcrumbList","@id":"https:\/\/ponteseditores.com.br\/loja3\/pontes-editores-home-2__trashed\/ebook\/lancamento-e-book\/literatura-portuguesa-a-perspectiva-colonial-e-os-impasses-da-atualidade-colecao-pplin-presente\/#breadcrumb","itemListElement":[{"@type":"ListItem","position":1,"name":"Home","item":"https:\/\/ponteseditores.com.br\/loja3\/"},{"@type":"ListItem","position":2,"name":"loja","item":"https:\/\/ponteseditores.com.br\/loja3\/loja\/"},{"@type":"ListItem","position":3,"name":"Literatura Portuguesa: a perspectiva colonial e os impasses da atualidade (Cole\u00e7\u00e3o PPLIN Presente)"}]},{"@type":"WebSite","@id":"https:\/\/ponteseditores.com.br\/loja3\/#website","url":"https:\/\/ponteseditores.com.br\/loja3\/","name":"Pontes Editores","description":"Pontes Editores","publisher":{"@id":"https:\/\/ponteseditores.com.br\/loja3\/#organization"},"potentialAction":[{"@type":"SearchAction","target":{"@type":"EntryPoint","urlTemplate":"https:\/\/ponteseditores.com.br\/loja3\/?s={search_term_string}"},"query-input":{"@type":"PropertyValueSpecification","valueRequired":true,"valueName":"search_term_string"}}],"inLanguage":"pt-BR"},{"@type":"Organization","@id":"https:\/\/ponteseditores.com.br\/loja3\/#organization","name":"Pontes Editores","url":"https:\/\/ponteseditores.com.br\/loja3\/","logo":{"@type":"ImageObject","inLanguage":"pt-BR","@id":"https:\/\/ponteseditores.com.br\/loja3\/#\/schema\/logo\/image\/","url":"https:\/\/ponteseditores.com.br\/loja3\/wp-content\/uploads\/2023\/12\/logo-pontes-editores-v2.png","contentUrl":"https:\/\/ponteseditores.com.br\/loja3\/wp-content\/uploads\/2023\/12\/logo-pontes-editores-v2.png","width":258,"height":100,"caption":"Pontes Editores"},"image":{"@id":"https:\/\/ponteseditores.com.br\/loja3\/#\/schema\/logo\/image\/"}}]}},"_links":{"self":[{"href":"https:\/\/ponteseditores.com.br\/loja3\/wp-json\/wp\/v2\/product\/26001","targetHints":{"allow":["GET"]}}],"collection":[{"href":"https:\/\/ponteseditores.com.br\/loja3\/wp-json\/wp\/v2\/product"}],"about":[{"href":"https:\/\/ponteseditores.com.br\/loja3\/wp-json\/wp\/v2\/types\/product"}],"replies":[{"embeddable":true,"href":"https:\/\/ponteseditores.com.br\/loja3\/wp-json\/wp\/v2\/comments?post=26001"}],"version-history":[{"count":2,"href":"https:\/\/ponteseditores.com.br\/loja3\/wp-json\/wp\/v2\/product\/26001\/revisions"}],"predecessor-version":[{"id":26005,"href":"https:\/\/ponteseditores.com.br\/loja3\/wp-json\/wp\/v2\/product\/26001\/revisions\/26005"}],"wp:featuredmedia":[{"embeddable":true,"href":"https:\/\/ponteseditores.com.br\/loja3\/wp-json\/wp\/v2\/media\/26003"}],"wp:attachment":[{"href":"https:\/\/ponteseditores.com.br\/loja3\/wp-json\/wp\/v2\/media?parent=26001"}],"wp:term":[{"taxonomy":"product_brand","embeddable":true,"href":"https:\/\/ponteseditores.com.br\/loja3\/wp-json\/wp\/v2\/product_brand?post=26001"},{"taxonomy":"product_cat","embeddable":true,"href":"https:\/\/ponteseditores.com.br\/loja3\/wp-json\/wp\/v2\/product_cat?post=26001"},{"taxonomy":"product_tag","embeddable":true,"href":"https:\/\/ponteseditores.com.br\/loja3\/wp-json\/wp\/v2\/product_tag?post=26001"}],"curies":[{"name":"wp","href":"https:\/\/api.w.org\/{rel}","templated":true}]}}