{"id":25992,"date":"2025-05-22T12:29:28","date_gmt":"2025-05-22T15:29:28","guid":{"rendered":"https:\/\/ponteseditores.com.br\/loja3\/?post_type=product&#038;p=25992"},"modified":"2025-05-22T12:29:28","modified_gmt":"2025-05-22T15:29:28","slug":"universidade-movimentos-sociais-e-educacao-2","status":"publish","type":"product","link":"https:\/\/ponteseditores.com.br\/loja3\/pontes-editores-home-2__trashed\/ebook\/lancamento-e-book\/universidade-movimentos-sociais-e-educacao-2\/","title":{"rendered":"Universidade, Movimentos Sociais e Educa\u00e7\u00e3o"},"content":{"rendered":"<p>A obra UNIVERSIDADE, MOVIMENTOS SOCIAIS E EDUCA\u00c7\u00c3O, organizada pelas professoras Cecilia Maria Mour\u00e3o Carvalho, Hel\u00e2nia Thomazine Porto, Luzeni Ferraz de Oliveira Carvalho, que \u00e9 composta por 18 textos, produzidos por professores\/as doutores\/as atuantes na Educa\u00e7\u00e3o em geral e, em especial, na Educa\u00e7\u00e3o do Campo do Estado da Bahia, nos traz uma enorme li\u00e7\u00e3o. \u00c9 na luta concreta por direitos e conquistas hist\u00f3ricas que a rela\u00e7\u00e3o Universidade e Movimentos Sociais educa e \u00e9 educada, ora com tend\u00eancia para a aliena\u00e7\u00e3o, ora para a emancipa\u00e7\u00e3o humana, dependendo da correla\u00e7\u00e3o das for\u00e7as antag\u00f4nicas; as for\u00e7as destrutivas do capital ou as for\u00e7as humanizadoras da classe trabalhadora organizada na cidade e no campo. Ler esta obra nos coloca desafios enormes que temos que ter a coragem de enfrentar frente ao dilema que est\u00e1 posto \u00e0 humanidade \u2013 barb\u00e1rie ou socialismo. E mais, ela n\u00e3o diz dos caminhos. Sinaliza que os caminhos se fazem no caminhar coletivo. (Celi Nelza Zulke Taffarel)<\/p>\n<p>O conjunto de textos que comp\u00f5em esta colet\u00e2nea nos traz elementos importantes para refletir sobre a rela\u00e7\u00e3o entre a universidade e os movimentos sociais. A maior parte deles analisa experi\u00eancias realizadas a partir Universidade do Estado da Bahia \u2013 UNEB, localizada em diversos Territ\u00f3rios de Identidade. Nesse contexto, enfatizam e exemplificam a extens\u00e3o universit\u00e1ria como espa\u00e7o de resist\u00eancia e diversidade, aspectos inerentes \u00e0 natureza dos movimentos sociais na busca por uma nova sociabilidade oposta \u00e0 l\u00f3gica capitalista de promo\u00e7\u00e3o das desigualdades.<\/p>\n<p>No mesmo sentido, os textos que se referem a metodologias, modalidades de ensino e seus fundamentos te\u00f3ricos, reafirmam a educa\u00e7\u00e3o como um ato pol\u00edtico e, em articula\u00e7\u00e3o com os movimentos sociais, seu car\u00e1ter contra-hegem\u00f4nico. (Ronalda Barreto Silva)<\/p>\n","protected":false},"excerpt":{"rendered":"<p>A obra UNIVERSIDADE, MOVIMENTOS SOCIAIS E EDUCA\u00c7\u00c3O, organizada pelas professoras Cecilia Maria Mour\u00e3o Carvalho, Hel\u00e2nia Thomazine Porto, Luzeni Ferraz de Oliveira Carvalho, que \u00e9 composta por 18 textos, produzidos por professores\/as doutores\/as atuantes na Educa\u00e7\u00e3o em geral e, em especial, na Educa\u00e7\u00e3o do Campo do Estado da Bahia, nos traz uma enorme li\u00e7\u00e3o. \u00c9 na [&hellip;]<\/p>\n","protected":false},"featured_media":25842,"comment_status":"open","ping_status":"closed","template":"","meta":{"_joinchat":[]},"product_brand":[],"product_cat":[165,386],"product_tag":[],"class_list":{"0":"post-25992","1":"product","2":"type-product","3":"status-publish","4":"has-post-thumbnail","6":"product_cat-ebook","7":"product_cat-lancamento-e-book","9":"first","10":"instock","11":"downloadable","12":"virtual","13":"purchasable","14":"product-type-simple"},"yoast_head":"<!-- This site is optimized with the Yoast SEO plugin v27.4 - https:\/\/yoast.com\/product\/yoast-seo-wordpress\/ -->\n<title>Universidade, Movimentos Sociais e Educa\u00e7\u00e3o - Pontes Editores<\/title>\n<meta name=\"robots\" content=\"index, follow, max-snippet:-1, max-image-preview:large, max-video-preview:-1\" \/>\n<link rel=\"canonical\" href=\"https:\/\/ponteseditores.com.br\/loja3\/pontes-editores-home-2__trashed\/ebook\/lancamento-e-book\/universidade-movimentos-sociais-e-educacao-2\/\" \/>\n<meta property=\"og:locale\" content=\"pt_BR\" \/>\n<meta property=\"og:type\" content=\"article\" \/>\n<meta property=\"og:title\" content=\"Universidade, Movimentos Sociais e Educa\u00e7\u00e3o - Pontes Editores\" \/>\n<meta property=\"og:description\" content=\"A obra UNIVERSIDADE, MOVIMENTOS SOCIAIS E EDUCA\u00c7\u00c3O, organizada pelas professoras Cecilia Maria Mour\u00e3o Carvalho, Hel\u00e2nia Thomazine Porto, Luzeni Ferraz de Oliveira Carvalho, que \u00e9 composta por 18 textos, produzidos por professores\/as doutores\/as atuantes na Educa\u00e7\u00e3o em geral e, em especial, na Educa\u00e7\u00e3o do Campo do Estado da Bahia, nos traz uma enorme li\u00e7\u00e3o. \u00c9 na [&hellip;]\" \/>\n<meta property=\"og:url\" content=\"https:\/\/ponteseditores.com.br\/loja3\/pontes-editores-home-2__trashed\/ebook\/lancamento-e-book\/universidade-movimentos-sociais-e-educacao-2\/\" \/>\n<meta property=\"og:site_name\" content=\"Pontes Editores\" \/>\n<meta property=\"og:image\" content=\"https:\/\/ponteseditores.com.br\/loja3\/wp-content\/uploads\/2025\/05\/Capa_Universidade_Movimentos-scaled.jpg\" \/>\n\t<meta property=\"og:image:width\" content=\"1767\" \/>\n\t<meta property=\"og:image:height\" content=\"2560\" \/>\n\t<meta property=\"og:image:type\" content=\"image\/jpeg\" \/>\n<meta name=\"twitter:card\" content=\"summary_large_image\" \/>\n<meta name=\"twitter:label1\" content=\"Est. tempo de leitura\" \/>\n\t<meta name=\"twitter:data1\" content=\"2 minutos\" \/>\n<script type=\"application\/ld+json\" class=\"yoast-schema-graph\">{\"@context\":\"https:\\\/\\\/schema.org\",\"@graph\":[{\"@type\":\"WebPage\",\"@id\":\"https:\\\/\\\/ponteseditores.com.br\\\/loja3\\\/pontes-editores-home-2__trashed\\\/ebook\\\/lancamento-e-book\\\/universidade-movimentos-sociais-e-educacao-2\\\/\",\"url\":\"https:\\\/\\\/ponteseditores.com.br\\\/loja3\\\/pontes-editores-home-2__trashed\\\/ebook\\\/lancamento-e-book\\\/universidade-movimentos-sociais-e-educacao-2\\\/\",\"name\":\"Universidade, Movimentos Sociais e Educa\u00e7\u00e3o - Pontes Editores\",\"isPartOf\":{\"@id\":\"https:\\\/\\\/ponteseditores.com.br\\\/loja3\\\/#website\"},\"primaryImageOfPage\":{\"@id\":\"https:\\\/\\\/ponteseditores.com.br\\\/loja3\\\/pontes-editores-home-2__trashed\\\/ebook\\\/lancamento-e-book\\\/universidade-movimentos-sociais-e-educacao-2\\\/#primaryimage\"},\"image\":{\"@id\":\"https:\\\/\\\/ponteseditores.com.br\\\/loja3\\\/pontes-editores-home-2__trashed\\\/ebook\\\/lancamento-e-book\\\/universidade-movimentos-sociais-e-educacao-2\\\/#primaryimage\"},\"thumbnailUrl\":\"https:\\\/\\\/ponteseditores.com.br\\\/loja3\\\/wp-content\\\/uploads\\\/2025\\\/05\\\/Capa_Universidade_Movimentos-scaled.jpg\",\"datePublished\":\"2025-05-22T15:29:28+00:00\",\"breadcrumb\":{\"@id\":\"https:\\\/\\\/ponteseditores.com.br\\\/loja3\\\/pontes-editores-home-2__trashed\\\/ebook\\\/lancamento-e-book\\\/universidade-movimentos-sociais-e-educacao-2\\\/#breadcrumb\"},\"inLanguage\":\"pt-BR\",\"potentialAction\":[{\"@type\":\"ReadAction\",\"target\":[\"https:\\\/\\\/ponteseditores.com.br\\\/loja3\\\/pontes-editores-home-2__trashed\\\/ebook\\\/lancamento-e-book\\\/universidade-movimentos-sociais-e-educacao-2\\\/\"]}]},{\"@type\":\"ImageObject\",\"inLanguage\":\"pt-BR\",\"@id\":\"https:\\\/\\\/ponteseditores.com.br\\\/loja3\\\/pontes-editores-home-2__trashed\\\/ebook\\\/lancamento-e-book\\\/universidade-movimentos-sociais-e-educacao-2\\\/#primaryimage\",\"url\":\"https:\\\/\\\/ponteseditores.com.br\\\/loja3\\\/wp-content\\\/uploads\\\/2025\\\/05\\\/Capa_Universidade_Movimentos-scaled.jpg\",\"contentUrl\":\"https:\\\/\\\/ponteseditores.com.br\\\/loja3\\\/wp-content\\\/uploads\\\/2025\\\/05\\\/Capa_Universidade_Movimentos-scaled.jpg\",\"width\":1767,\"height\":2560},{\"@type\":\"BreadcrumbList\",\"@id\":\"https:\\\/\\\/ponteseditores.com.br\\\/loja3\\\/pontes-editores-home-2__trashed\\\/ebook\\\/lancamento-e-book\\\/universidade-movimentos-sociais-e-educacao-2\\\/#breadcrumb\",\"itemListElement\":[{\"@type\":\"ListItem\",\"position\":1,\"name\":\"Home\",\"item\":\"https:\\\/\\\/ponteseditores.com.br\\\/loja3\\\/\"},{\"@type\":\"ListItem\",\"position\":2,\"name\":\"loja\",\"item\":\"https:\\\/\\\/ponteseditores.com.br\\\/loja3\\\/loja\\\/\"},{\"@type\":\"ListItem\",\"position\":3,\"name\":\"Universidade, Movimentos Sociais e Educa\u00e7\u00e3o\"}]},{\"@type\":\"WebSite\",\"@id\":\"https:\\\/\\\/ponteseditores.com.br\\\/loja3\\\/#website\",\"url\":\"https:\\\/\\\/ponteseditores.com.br\\\/loja3\\\/\",\"name\":\"Pontes Editores\",\"description\":\"Pontes Editores\",\"publisher\":{\"@id\":\"https:\\\/\\\/ponteseditores.com.br\\\/loja3\\\/#organization\"},\"potentialAction\":[{\"@type\":\"SearchAction\",\"target\":{\"@type\":\"EntryPoint\",\"urlTemplate\":\"https:\\\/\\\/ponteseditores.com.br\\\/loja3\\\/?s={search_term_string}\"},\"query-input\":{\"@type\":\"PropertyValueSpecification\",\"valueRequired\":true,\"valueName\":\"search_term_string\"}}],\"inLanguage\":\"pt-BR\"},{\"@type\":\"Organization\",\"@id\":\"https:\\\/\\\/ponteseditores.com.br\\\/loja3\\\/#organization\",\"name\":\"Pontes Editores\",\"url\":\"https:\\\/\\\/ponteseditores.com.br\\\/loja3\\\/\",\"logo\":{\"@type\":\"ImageObject\",\"inLanguage\":\"pt-BR\",\"@id\":\"https:\\\/\\\/ponteseditores.com.br\\\/loja3\\\/#\\\/schema\\\/logo\\\/image\\\/\",\"url\":\"https:\\\/\\\/ponteseditores.com.br\\\/loja3\\\/wp-content\\\/uploads\\\/2023\\\/12\\\/logo-pontes-editores-v2.png\",\"contentUrl\":\"https:\\\/\\\/ponteseditores.com.br\\\/loja3\\\/wp-content\\\/uploads\\\/2023\\\/12\\\/logo-pontes-editores-v2.png\",\"width\":258,\"height\":100,\"caption\":\"Pontes Editores\"},\"image\":{\"@id\":\"https:\\\/\\\/ponteseditores.com.br\\\/loja3\\\/#\\\/schema\\\/logo\\\/image\\\/\"}}]}<\/script>\n<!-- \/ Yoast SEO plugin. -->","yoast_head_json":{"title":"Universidade, Movimentos Sociais e Educa\u00e7\u00e3o - Pontes Editores","robots":{"index":"index","follow":"follow","max-snippet":"max-snippet:-1","max-image-preview":"max-image-preview:large","max-video-preview":"max-video-preview:-1"},"canonical":"https:\/\/ponteseditores.com.br\/loja3\/pontes-editores-home-2__trashed\/ebook\/lancamento-e-book\/universidade-movimentos-sociais-e-educacao-2\/","og_locale":"pt_BR","og_type":"article","og_title":"Universidade, Movimentos Sociais e Educa\u00e7\u00e3o - Pontes Editores","og_description":"A obra UNIVERSIDADE, MOVIMENTOS SOCIAIS E EDUCA\u00c7\u00c3O, organizada pelas professoras Cecilia Maria Mour\u00e3o Carvalho, Hel\u00e2nia Thomazine Porto, Luzeni Ferraz de Oliveira Carvalho, que \u00e9 composta por 18 textos, produzidos por professores\/as doutores\/as atuantes na Educa\u00e7\u00e3o em geral e, em especial, na Educa\u00e7\u00e3o do Campo do Estado da Bahia, nos traz uma enorme li\u00e7\u00e3o. \u00c9 na [&hellip;]","og_url":"https:\/\/ponteseditores.com.br\/loja3\/pontes-editores-home-2__trashed\/ebook\/lancamento-e-book\/universidade-movimentos-sociais-e-educacao-2\/","og_site_name":"Pontes Editores","og_image":[{"width":1767,"height":2560,"url":"https:\/\/ponteseditores.com.br\/loja3\/wp-content\/uploads\/2025\/05\/Capa_Universidade_Movimentos-scaled.jpg","type":"image\/jpeg"}],"twitter_card":"summary_large_image","twitter_misc":{"Est. tempo de leitura":"2 minutos"},"schema":{"@context":"https:\/\/schema.org","@graph":[{"@type":"WebPage","@id":"https:\/\/ponteseditores.com.br\/loja3\/pontes-editores-home-2__trashed\/ebook\/lancamento-e-book\/universidade-movimentos-sociais-e-educacao-2\/","url":"https:\/\/ponteseditores.com.br\/loja3\/pontes-editores-home-2__trashed\/ebook\/lancamento-e-book\/universidade-movimentos-sociais-e-educacao-2\/","name":"Universidade, Movimentos Sociais e Educa\u00e7\u00e3o - Pontes Editores","isPartOf":{"@id":"https:\/\/ponteseditores.com.br\/loja3\/#website"},"primaryImageOfPage":{"@id":"https:\/\/ponteseditores.com.br\/loja3\/pontes-editores-home-2__trashed\/ebook\/lancamento-e-book\/universidade-movimentos-sociais-e-educacao-2\/#primaryimage"},"image":{"@id":"https:\/\/ponteseditores.com.br\/loja3\/pontes-editores-home-2__trashed\/ebook\/lancamento-e-book\/universidade-movimentos-sociais-e-educacao-2\/#primaryimage"},"thumbnailUrl":"https:\/\/ponteseditores.com.br\/loja3\/wp-content\/uploads\/2025\/05\/Capa_Universidade_Movimentos-scaled.jpg","datePublished":"2025-05-22T15:29:28+00:00","breadcrumb":{"@id":"https:\/\/ponteseditores.com.br\/loja3\/pontes-editores-home-2__trashed\/ebook\/lancamento-e-book\/universidade-movimentos-sociais-e-educacao-2\/#breadcrumb"},"inLanguage":"pt-BR","potentialAction":[{"@type":"ReadAction","target":["https:\/\/ponteseditores.com.br\/loja3\/pontes-editores-home-2__trashed\/ebook\/lancamento-e-book\/universidade-movimentos-sociais-e-educacao-2\/"]}]},{"@type":"ImageObject","inLanguage":"pt-BR","@id":"https:\/\/ponteseditores.com.br\/loja3\/pontes-editores-home-2__trashed\/ebook\/lancamento-e-book\/universidade-movimentos-sociais-e-educacao-2\/#primaryimage","url":"https:\/\/ponteseditores.com.br\/loja3\/wp-content\/uploads\/2025\/05\/Capa_Universidade_Movimentos-scaled.jpg","contentUrl":"https:\/\/ponteseditores.com.br\/loja3\/wp-content\/uploads\/2025\/05\/Capa_Universidade_Movimentos-scaled.jpg","width":1767,"height":2560},{"@type":"BreadcrumbList","@id":"https:\/\/ponteseditores.com.br\/loja3\/pontes-editores-home-2__trashed\/ebook\/lancamento-e-book\/universidade-movimentos-sociais-e-educacao-2\/#breadcrumb","itemListElement":[{"@type":"ListItem","position":1,"name":"Home","item":"https:\/\/ponteseditores.com.br\/loja3\/"},{"@type":"ListItem","position":2,"name":"loja","item":"https:\/\/ponteseditores.com.br\/loja3\/loja\/"},{"@type":"ListItem","position":3,"name":"Universidade, Movimentos Sociais e Educa\u00e7\u00e3o"}]},{"@type":"WebSite","@id":"https:\/\/ponteseditores.com.br\/loja3\/#website","url":"https:\/\/ponteseditores.com.br\/loja3\/","name":"Pontes Editores","description":"Pontes Editores","publisher":{"@id":"https:\/\/ponteseditores.com.br\/loja3\/#organization"},"potentialAction":[{"@type":"SearchAction","target":{"@type":"EntryPoint","urlTemplate":"https:\/\/ponteseditores.com.br\/loja3\/?s={search_term_string}"},"query-input":{"@type":"PropertyValueSpecification","valueRequired":true,"valueName":"search_term_string"}}],"inLanguage":"pt-BR"},{"@type":"Organization","@id":"https:\/\/ponteseditores.com.br\/loja3\/#organization","name":"Pontes Editores","url":"https:\/\/ponteseditores.com.br\/loja3\/","logo":{"@type":"ImageObject","inLanguage":"pt-BR","@id":"https:\/\/ponteseditores.com.br\/loja3\/#\/schema\/logo\/image\/","url":"https:\/\/ponteseditores.com.br\/loja3\/wp-content\/uploads\/2023\/12\/logo-pontes-editores-v2.png","contentUrl":"https:\/\/ponteseditores.com.br\/loja3\/wp-content\/uploads\/2023\/12\/logo-pontes-editores-v2.png","width":258,"height":100,"caption":"Pontes Editores"},"image":{"@id":"https:\/\/ponteseditores.com.br\/loja3\/#\/schema\/logo\/image\/"}}]}},"_links":{"self":[{"href":"https:\/\/ponteseditores.com.br\/loja3\/wp-json\/wp\/v2\/product\/25992","targetHints":{"allow":["GET"]}}],"collection":[{"href":"https:\/\/ponteseditores.com.br\/loja3\/wp-json\/wp\/v2\/product"}],"about":[{"href":"https:\/\/ponteseditores.com.br\/loja3\/wp-json\/wp\/v2\/types\/product"}],"replies":[{"embeddable":true,"href":"https:\/\/ponteseditores.com.br\/loja3\/wp-json\/wp\/v2\/comments?post=25992"}],"version-history":[{"count":1,"href":"https:\/\/ponteseditores.com.br\/loja3\/wp-json\/wp\/v2\/product\/25992\/revisions"}],"predecessor-version":[{"id":25994,"href":"https:\/\/ponteseditores.com.br\/loja3\/wp-json\/wp\/v2\/product\/25992\/revisions\/25994"}],"wp:featuredmedia":[{"embeddable":true,"href":"https:\/\/ponteseditores.com.br\/loja3\/wp-json\/wp\/v2\/media\/25842"}],"wp:attachment":[{"href":"https:\/\/ponteseditores.com.br\/loja3\/wp-json\/wp\/v2\/media?parent=25992"}],"wp:term":[{"taxonomy":"product_brand","embeddable":true,"href":"https:\/\/ponteseditores.com.br\/loja3\/wp-json\/wp\/v2\/product_brand?post=25992"},{"taxonomy":"product_cat","embeddable":true,"href":"https:\/\/ponteseditores.com.br\/loja3\/wp-json\/wp\/v2\/product_cat?post=25992"},{"taxonomy":"product_tag","embeddable":true,"href":"https:\/\/ponteseditores.com.br\/loja3\/wp-json\/wp\/v2\/product_tag?post=25992"}],"curies":[{"name":"wp","href":"https:\/\/api.w.org\/{rel}","templated":true}]}}