{"id":25844,"date":"2025-05-16T15:57:00","date_gmt":"2025-05-16T18:57:00","guid":{"rendered":"https:\/\/ponteseditores.com.br\/loja3\/?post_type=product&#038;p=25844"},"modified":"2025-05-16T15:57:00","modified_gmt":"2025-05-16T18:57:00","slug":"argumentacao-pratica-teoria-metodo-e-analise","status":"publish","type":"product","link":"https:\/\/ponteseditores.com.br\/loja3\/pontes-editores-home-2__trashed\/linguistica\/argumentacao-pratica-teoria-metodo-e-analise\/","title":{"rendered":"Argumenta\u00e7\u00e3o pr\u00e1tica: teoria, m\u00e9todo e an\u00e1lise"},"content":{"rendered":"<p>Como podemos pensar a argumenta\u00e7\u00e3o a partir de uma perspectiva integradora, que busca articular, de forma coerente, os aspectos l\u00f3gicos, ret\u00f3ricos, dial\u00e9ticos e sociossemi\u00f3ticos que caracterizam essa atividade? De que maneira podemos descrever, interpretar e explicar a argumenta\u00e7\u00e3o (de racionalidade) pr\u00e1tica, orientada ao bin\u00f4mio fazer\/decidir? Quais s\u00e3o os esquemas argumentativos t\u00edpicos do racioc\u00ednio argumentativo pr\u00e1tico e de que forma podemos depreend\u00ea-los, utiliz\u00e1-los e critic\u00e1-los? Como podemos compreender e analisar controv\u00e9rsias nucleadas por quest\u00f5es argumentativas pr\u00e1ticas?<\/p>\n<p>Neste livro, o professor Paulo Roberto Gon\u00e7alves-Segundo, da Universidade de S\u00e3o Paulo (USP), responde a esses questionamentos a partir de uma proposta te\u00f3rico-metodol\u00f3gica inovadora, gestada a partir de um olhar multidisciplinar para o argumentar.<\/p>\n<p>Obra voltada a estudantes, professores e pesquisadores interessados nos Estudos da Argumenta\u00e7\u00e3o.<\/p>\n","protected":false},"excerpt":{"rendered":"<p>Como podemos pensar a argumenta\u00e7\u00e3o a partir de uma perspectiva integradora, que busca articular, de forma coerente, os aspectos l\u00f3gicos, ret\u00f3ricos, dial\u00e9ticos e sociossemi\u00f3ticos que caracterizam essa atividade? De que maneira podemos descrever, interpretar e explicar a argumenta\u00e7\u00e3o (de racionalidade) pr\u00e1tica, orientada ao bin\u00f4mio fazer\/decidir? Quais s\u00e3o os esquemas argumentativos t\u00edpicos do racioc\u00ednio argumentativo pr\u00e1tico [&hellip;]<\/p>\n","protected":false},"featured_media":25845,"comment_status":"open","ping_status":"closed","template":"","meta":{"_joinchat":[]},"product_brand":[],"product_cat":[167,31],"product_tag":[],"class_list":{"0":"post-25844","1":"product","2":"type-product","3":"status-publish","4":"has-post-thumbnail","6":"product_cat-lancamento","7":"product_cat-linguistica","9":"first","10":"instock","11":"shipping-taxable","12":"purchasable","13":"product-type-simple"},"yoast_head":"<!-- This site is optimized with the Yoast SEO plugin v27.4 - https:\/\/yoast.com\/product\/yoast-seo-wordpress\/ -->\n<title>Argumenta\u00e7\u00e3o pr\u00e1tica: teoria, m\u00e9todo e an\u00e1lise - Pontes Editores<\/title>\n<meta name=\"robots\" content=\"index, follow, max-snippet:-1, max-image-preview:large, max-video-preview:-1\" \/>\n<link rel=\"canonical\" href=\"https:\/\/ponteseditores.com.br\/loja3\/pontes-editores-home-2__trashed\/linguistica\/argumentacao-pratica-teoria-metodo-e-analise\/\" \/>\n<meta property=\"og:locale\" content=\"pt_BR\" \/>\n<meta property=\"og:type\" content=\"article\" \/>\n<meta property=\"og:title\" content=\"Argumenta\u00e7\u00e3o pr\u00e1tica: teoria, m\u00e9todo e an\u00e1lise - Pontes Editores\" \/>\n<meta property=\"og:description\" content=\"Como podemos pensar a argumenta\u00e7\u00e3o a partir de uma perspectiva integradora, que busca articular, de forma coerente, os aspectos l\u00f3gicos, ret\u00f3ricos, dial\u00e9ticos e sociossemi\u00f3ticos que caracterizam essa atividade? De que maneira podemos descrever, interpretar e explicar a argumenta\u00e7\u00e3o (de racionalidade) pr\u00e1tica, orientada ao bin\u00f4mio fazer\/decidir? Quais s\u00e3o os esquemas argumentativos t\u00edpicos do racioc\u00ednio argumentativo pr\u00e1tico [&hellip;]\" \/>\n<meta property=\"og:url\" content=\"https:\/\/ponteseditores.com.br\/loja3\/pontes-editores-home-2__trashed\/linguistica\/argumentacao-pratica-teoria-metodo-e-analise\/\" \/>\n<meta property=\"og:site_name\" content=\"Pontes Editores\" \/>\n<meta property=\"og:image\" content=\"https:\/\/ponteseditores.com.br\/loja3\/wp-content\/uploads\/2025\/05\/Capa_Argumentacao_teorica_pratica-scaled.jpg\" \/>\n\t<meta property=\"og:image:width\" content=\"1767\" \/>\n\t<meta property=\"og:image:height\" content=\"2560\" \/>\n\t<meta property=\"og:image:type\" content=\"image\/jpeg\" \/>\n<meta name=\"twitter:card\" content=\"summary_large_image\" \/>\n<meta name=\"twitter:label1\" content=\"Est. tempo de leitura\" \/>\n\t<meta name=\"twitter:data1\" content=\"1 minuto\" \/>\n<script type=\"application\/ld+json\" class=\"yoast-schema-graph\">{\"@context\":\"https:\\\/\\\/schema.org\",\"@graph\":[{\"@type\":\"WebPage\",\"@id\":\"https:\\\/\\\/ponteseditores.com.br\\\/loja3\\\/pontes-editores-home-2__trashed\\\/linguistica\\\/argumentacao-pratica-teoria-metodo-e-analise\\\/\",\"url\":\"https:\\\/\\\/ponteseditores.com.br\\\/loja3\\\/pontes-editores-home-2__trashed\\\/linguistica\\\/argumentacao-pratica-teoria-metodo-e-analise\\\/\",\"name\":\"Argumenta\u00e7\u00e3o pr\u00e1tica: teoria, m\u00e9todo e an\u00e1lise - Pontes Editores\",\"isPartOf\":{\"@id\":\"https:\\\/\\\/ponteseditores.com.br\\\/loja3\\\/#website\"},\"primaryImageOfPage\":{\"@id\":\"https:\\\/\\\/ponteseditores.com.br\\\/loja3\\\/pontes-editores-home-2__trashed\\\/linguistica\\\/argumentacao-pratica-teoria-metodo-e-analise\\\/#primaryimage\"},\"image\":{\"@id\":\"https:\\\/\\\/ponteseditores.com.br\\\/loja3\\\/pontes-editores-home-2__trashed\\\/linguistica\\\/argumentacao-pratica-teoria-metodo-e-analise\\\/#primaryimage\"},\"thumbnailUrl\":\"https:\\\/\\\/ponteseditores.com.br\\\/loja3\\\/wp-content\\\/uploads\\\/2025\\\/05\\\/Capa_Argumentacao_teorica_pratica-scaled.jpg\",\"datePublished\":\"2025-05-16T18:57:00+00:00\",\"breadcrumb\":{\"@id\":\"https:\\\/\\\/ponteseditores.com.br\\\/loja3\\\/pontes-editores-home-2__trashed\\\/linguistica\\\/argumentacao-pratica-teoria-metodo-e-analise\\\/#breadcrumb\"},\"inLanguage\":\"pt-BR\",\"potentialAction\":[{\"@type\":\"ReadAction\",\"target\":[\"https:\\\/\\\/ponteseditores.com.br\\\/loja3\\\/pontes-editores-home-2__trashed\\\/linguistica\\\/argumentacao-pratica-teoria-metodo-e-analise\\\/\"]}]},{\"@type\":\"ImageObject\",\"inLanguage\":\"pt-BR\",\"@id\":\"https:\\\/\\\/ponteseditores.com.br\\\/loja3\\\/pontes-editores-home-2__trashed\\\/linguistica\\\/argumentacao-pratica-teoria-metodo-e-analise\\\/#primaryimage\",\"url\":\"https:\\\/\\\/ponteseditores.com.br\\\/loja3\\\/wp-content\\\/uploads\\\/2025\\\/05\\\/Capa_Argumentacao_teorica_pratica-scaled.jpg\",\"contentUrl\":\"https:\\\/\\\/ponteseditores.com.br\\\/loja3\\\/wp-content\\\/uploads\\\/2025\\\/05\\\/Capa_Argumentacao_teorica_pratica-scaled.jpg\",\"width\":1767,\"height\":2560},{\"@type\":\"BreadcrumbList\",\"@id\":\"https:\\\/\\\/ponteseditores.com.br\\\/loja3\\\/pontes-editores-home-2__trashed\\\/linguistica\\\/argumentacao-pratica-teoria-metodo-e-analise\\\/#breadcrumb\",\"itemListElement\":[{\"@type\":\"ListItem\",\"position\":1,\"name\":\"Home\",\"item\":\"https:\\\/\\\/ponteseditores.com.br\\\/loja3\\\/\"},{\"@type\":\"ListItem\",\"position\":2,\"name\":\"loja\",\"item\":\"https:\\\/\\\/ponteseditores.com.br\\\/loja3\\\/loja\\\/\"},{\"@type\":\"ListItem\",\"position\":3,\"name\":\"Argumenta\u00e7\u00e3o pr\u00e1tica: teoria, m\u00e9todo e an\u00e1lise\"}]},{\"@type\":\"WebSite\",\"@id\":\"https:\\\/\\\/ponteseditores.com.br\\\/loja3\\\/#website\",\"url\":\"https:\\\/\\\/ponteseditores.com.br\\\/loja3\\\/\",\"name\":\"Pontes Editores\",\"description\":\"Pontes Editores\",\"publisher\":{\"@id\":\"https:\\\/\\\/ponteseditores.com.br\\\/loja3\\\/#organization\"},\"potentialAction\":[{\"@type\":\"SearchAction\",\"target\":{\"@type\":\"EntryPoint\",\"urlTemplate\":\"https:\\\/\\\/ponteseditores.com.br\\\/loja3\\\/?s={search_term_string}\"},\"query-input\":{\"@type\":\"PropertyValueSpecification\",\"valueRequired\":true,\"valueName\":\"search_term_string\"}}],\"inLanguage\":\"pt-BR\"},{\"@type\":\"Organization\",\"@id\":\"https:\\\/\\\/ponteseditores.com.br\\\/loja3\\\/#organization\",\"name\":\"Pontes Editores\",\"url\":\"https:\\\/\\\/ponteseditores.com.br\\\/loja3\\\/\",\"logo\":{\"@type\":\"ImageObject\",\"inLanguage\":\"pt-BR\",\"@id\":\"https:\\\/\\\/ponteseditores.com.br\\\/loja3\\\/#\\\/schema\\\/logo\\\/image\\\/\",\"url\":\"https:\\\/\\\/ponteseditores.com.br\\\/loja3\\\/wp-content\\\/uploads\\\/2023\\\/12\\\/logo-pontes-editores-v2.png\",\"contentUrl\":\"https:\\\/\\\/ponteseditores.com.br\\\/loja3\\\/wp-content\\\/uploads\\\/2023\\\/12\\\/logo-pontes-editores-v2.png\",\"width\":258,\"height\":100,\"caption\":\"Pontes Editores\"},\"image\":{\"@id\":\"https:\\\/\\\/ponteseditores.com.br\\\/loja3\\\/#\\\/schema\\\/logo\\\/image\\\/\"}}]}<\/script>\n<!-- \/ Yoast SEO plugin. -->","yoast_head_json":{"title":"Argumenta\u00e7\u00e3o pr\u00e1tica: teoria, m\u00e9todo e an\u00e1lise - Pontes Editores","robots":{"index":"index","follow":"follow","max-snippet":"max-snippet:-1","max-image-preview":"max-image-preview:large","max-video-preview":"max-video-preview:-1"},"canonical":"https:\/\/ponteseditores.com.br\/loja3\/pontes-editores-home-2__trashed\/linguistica\/argumentacao-pratica-teoria-metodo-e-analise\/","og_locale":"pt_BR","og_type":"article","og_title":"Argumenta\u00e7\u00e3o pr\u00e1tica: teoria, m\u00e9todo e an\u00e1lise - Pontes Editores","og_description":"Como podemos pensar a argumenta\u00e7\u00e3o a partir de uma perspectiva integradora, que busca articular, de forma coerente, os aspectos l\u00f3gicos, ret\u00f3ricos, dial\u00e9ticos e sociossemi\u00f3ticos que caracterizam essa atividade? De que maneira podemos descrever, interpretar e explicar a argumenta\u00e7\u00e3o (de racionalidade) pr\u00e1tica, orientada ao bin\u00f4mio fazer\/decidir? Quais s\u00e3o os esquemas argumentativos t\u00edpicos do racioc\u00ednio argumentativo pr\u00e1tico [&hellip;]","og_url":"https:\/\/ponteseditores.com.br\/loja3\/pontes-editores-home-2__trashed\/linguistica\/argumentacao-pratica-teoria-metodo-e-analise\/","og_site_name":"Pontes Editores","og_image":[{"width":1767,"height":2560,"url":"https:\/\/ponteseditores.com.br\/loja3\/wp-content\/uploads\/2025\/05\/Capa_Argumentacao_teorica_pratica-scaled.jpg","type":"image\/jpeg"}],"twitter_card":"summary_large_image","twitter_misc":{"Est. tempo de leitura":"1 minuto"},"schema":{"@context":"https:\/\/schema.org","@graph":[{"@type":"WebPage","@id":"https:\/\/ponteseditores.com.br\/loja3\/pontes-editores-home-2__trashed\/linguistica\/argumentacao-pratica-teoria-metodo-e-analise\/","url":"https:\/\/ponteseditores.com.br\/loja3\/pontes-editores-home-2__trashed\/linguistica\/argumentacao-pratica-teoria-metodo-e-analise\/","name":"Argumenta\u00e7\u00e3o pr\u00e1tica: teoria, m\u00e9todo e an\u00e1lise - Pontes Editores","isPartOf":{"@id":"https:\/\/ponteseditores.com.br\/loja3\/#website"},"primaryImageOfPage":{"@id":"https:\/\/ponteseditores.com.br\/loja3\/pontes-editores-home-2__trashed\/linguistica\/argumentacao-pratica-teoria-metodo-e-analise\/#primaryimage"},"image":{"@id":"https:\/\/ponteseditores.com.br\/loja3\/pontes-editores-home-2__trashed\/linguistica\/argumentacao-pratica-teoria-metodo-e-analise\/#primaryimage"},"thumbnailUrl":"https:\/\/ponteseditores.com.br\/loja3\/wp-content\/uploads\/2025\/05\/Capa_Argumentacao_teorica_pratica-scaled.jpg","datePublished":"2025-05-16T18:57:00+00:00","breadcrumb":{"@id":"https:\/\/ponteseditores.com.br\/loja3\/pontes-editores-home-2__trashed\/linguistica\/argumentacao-pratica-teoria-metodo-e-analise\/#breadcrumb"},"inLanguage":"pt-BR","potentialAction":[{"@type":"ReadAction","target":["https:\/\/ponteseditores.com.br\/loja3\/pontes-editores-home-2__trashed\/linguistica\/argumentacao-pratica-teoria-metodo-e-analise\/"]}]},{"@type":"ImageObject","inLanguage":"pt-BR","@id":"https:\/\/ponteseditores.com.br\/loja3\/pontes-editores-home-2__trashed\/linguistica\/argumentacao-pratica-teoria-metodo-e-analise\/#primaryimage","url":"https:\/\/ponteseditores.com.br\/loja3\/wp-content\/uploads\/2025\/05\/Capa_Argumentacao_teorica_pratica-scaled.jpg","contentUrl":"https:\/\/ponteseditores.com.br\/loja3\/wp-content\/uploads\/2025\/05\/Capa_Argumentacao_teorica_pratica-scaled.jpg","width":1767,"height":2560},{"@type":"BreadcrumbList","@id":"https:\/\/ponteseditores.com.br\/loja3\/pontes-editores-home-2__trashed\/linguistica\/argumentacao-pratica-teoria-metodo-e-analise\/#breadcrumb","itemListElement":[{"@type":"ListItem","position":1,"name":"Home","item":"https:\/\/ponteseditores.com.br\/loja3\/"},{"@type":"ListItem","position":2,"name":"loja","item":"https:\/\/ponteseditores.com.br\/loja3\/loja\/"},{"@type":"ListItem","position":3,"name":"Argumenta\u00e7\u00e3o pr\u00e1tica: teoria, m\u00e9todo e an\u00e1lise"}]},{"@type":"WebSite","@id":"https:\/\/ponteseditores.com.br\/loja3\/#website","url":"https:\/\/ponteseditores.com.br\/loja3\/","name":"Pontes Editores","description":"Pontes Editores","publisher":{"@id":"https:\/\/ponteseditores.com.br\/loja3\/#organization"},"potentialAction":[{"@type":"SearchAction","target":{"@type":"EntryPoint","urlTemplate":"https:\/\/ponteseditores.com.br\/loja3\/?s={search_term_string}"},"query-input":{"@type":"PropertyValueSpecification","valueRequired":true,"valueName":"search_term_string"}}],"inLanguage":"pt-BR"},{"@type":"Organization","@id":"https:\/\/ponteseditores.com.br\/loja3\/#organization","name":"Pontes Editores","url":"https:\/\/ponteseditores.com.br\/loja3\/","logo":{"@type":"ImageObject","inLanguage":"pt-BR","@id":"https:\/\/ponteseditores.com.br\/loja3\/#\/schema\/logo\/image\/","url":"https:\/\/ponteseditores.com.br\/loja3\/wp-content\/uploads\/2023\/12\/logo-pontes-editores-v2.png","contentUrl":"https:\/\/ponteseditores.com.br\/loja3\/wp-content\/uploads\/2023\/12\/logo-pontes-editores-v2.png","width":258,"height":100,"caption":"Pontes Editores"},"image":{"@id":"https:\/\/ponteseditores.com.br\/loja3\/#\/schema\/logo\/image\/"}}]}},"_links":{"self":[{"href":"https:\/\/ponteseditores.com.br\/loja3\/wp-json\/wp\/v2\/product\/25844","targetHints":{"allow":["GET"]}}],"collection":[{"href":"https:\/\/ponteseditores.com.br\/loja3\/wp-json\/wp\/v2\/product"}],"about":[{"href":"https:\/\/ponteseditores.com.br\/loja3\/wp-json\/wp\/v2\/types\/product"}],"replies":[{"embeddable":true,"href":"https:\/\/ponteseditores.com.br\/loja3\/wp-json\/wp\/v2\/comments?post=25844"}],"version-history":[{"count":1,"href":"https:\/\/ponteseditores.com.br\/loja3\/wp-json\/wp\/v2\/product\/25844\/revisions"}],"predecessor-version":[{"id":25846,"href":"https:\/\/ponteseditores.com.br\/loja3\/wp-json\/wp\/v2\/product\/25844\/revisions\/25846"}],"wp:featuredmedia":[{"embeddable":true,"href":"https:\/\/ponteseditores.com.br\/loja3\/wp-json\/wp\/v2\/media\/25845"}],"wp:attachment":[{"href":"https:\/\/ponteseditores.com.br\/loja3\/wp-json\/wp\/v2\/media?parent=25844"}],"wp:term":[{"taxonomy":"product_brand","embeddable":true,"href":"https:\/\/ponteseditores.com.br\/loja3\/wp-json\/wp\/v2\/product_brand?post=25844"},{"taxonomy":"product_cat","embeddable":true,"href":"https:\/\/ponteseditores.com.br\/loja3\/wp-json\/wp\/v2\/product_cat?post=25844"},{"taxonomy":"product_tag","embeddable":true,"href":"https:\/\/ponteseditores.com.br\/loja3\/wp-json\/wp\/v2\/product_tag?post=25844"}],"curies":[{"name":"wp","href":"https:\/\/api.w.org\/{rel}","templated":true}]}}